{"id":1008,"date":"2020-07-23T10:14:28","date_gmt":"2020-07-23T08:14:28","guid":{"rendered":"https:\/\/mekruphy.com\/de\/?page_id=1008"},"modified":"2026-03-31T16:27:49","modified_gmt":"2026-03-31T14:27:49","slug":"experimentiersatz-chemie-radioaktivitaet-1","status":"publish","type":"page","link":"https:\/\/mekruphy.com\/de\/produkte\/chemie\/experimentiersatz-chemie-radioaktivitaet-1\/","title":{"rendered":"Experimentiersatz CHEMIE 6: RADIOAKTIVIT\u00c4T"},"content":{"rendered":"<div class=\"yoast-breadcrumbs breadcrumbs-indented\"><span><span><a href=\"https:\/\/mekruphy.com\/de\/\">Startseite<\/a><\/span> \u00bb <span><a href=\"https:\/\/mekruphy.com\/de\/produkte\/\">Produkte<\/a><\/span> \u00bb <span><a href=\"https:\/\/mekruphy.com\/de\/produkte\/chemie\/\">Chemie<\/a><\/span> \u00bb <span class=\"breadcrumb_last\" aria-current=\"page\">Experimentiersatz CHEMIE 6: RADIOAKTIVIT\u00c4T<\/span><\/span><\/div>\n\n\n<div class=\"wp-block-advgb-adv-tabs advgb-tabs-wrapper advgb-tab-horz-desktop advgb-tab-vert-tablet advgb-tab-stack-mobile advgb-tabs-d4d695c6-8368-42b5-aa21-51b912cf8f0c\" data-tab-active=\"0\"><ul class=\"advgb-tabs-panel\" role=\"tablist\"><li class=\"advgb-tab advgb-tab-active\" role=\"presentation\" style=\"background-color:#e0e0e0;border-style:solid;border-width:1px;border-radius:10px\"><button class=\"advgb-tab-button\" id=\"advgb-tab-_d695c6-83-0\" aria-controls=\"advgb-tab-panel-_d695c6-83-0\" role=\"tab\" aria-selected=\"true\" tabindex=\"0\" style=\"color:#fff;background:none;border:none;width:100%;text-align:inherit;cursor:pointer;padding:8px 16px;font:inherit\"><span>Beschreibung<\/span><\/button><\/li><li class=\"advgb-tab \" role=\"presentation\" style=\"background-color:#e0e0e0;border-style:solid;border-width:1px;border-radius:10px\"><button class=\"advgb-tab-button\" id=\"advgb-tab-_d695c6-83-1\" aria-controls=\"advgb-tab-panel-_d695c6-83-1\" role=\"tab\" aria-selected=\"false\" tabindex=\"0\" style=\"color:#fff;background:none;border:none;width:100%;text-align:inherit;cursor:pointer;padding:8px 16px;font:inherit\"><span>Lieferumfang<\/span><\/button><\/li><li class=\"advgb-tab \" role=\"presentation\" style=\"background-color:#e0e0e0;border-style:solid;border-width:1px;border-radius:10px\"><button class=\"advgb-tab-button\" id=\"advgb-tab-_d695c6-83-2\" aria-controls=\"advgb-tab-panel-_d695c6-83-2\" role=\"tab\" aria-selected=\"false\" tabindex=\"0\" style=\"color:#fff;background:none;border:none;width:100%;text-align:inherit;cursor:pointer;padding:8px 16px;font:inherit\"><span>Experimente<\/span><\/button><\/li><li class=\"advgb-tab \" role=\"presentation\" style=\"background-color:#e0e0e0;border-style:solid;border-width:1px;border-radius:10px\"><button class=\"advgb-tab-button\" id=\"advgb-tab-_d695c6-83-3\" aria-controls=\"advgb-tab-panel-_d695c6-83-3\" role=\"tab\" aria-selected=\"false\" tabindex=\"0\" style=\"color:#fff;background:none;border:none;width:100%;text-align:inherit;cursor:pointer;padding:8px 16px;font:inherit\"><span>Bilder<\/span><\/button><\/li><\/ul><div class=\"advgb-tab-body-wrapper\" style=\"border-style:solid;border-width:1px;border-radius:10px\">\n<div class=\"wp-block-advgb-tab advgb-tab-body-container\"><div class=\"advgb-tab-body-header advgb-tab-class- header-active\" id=\"advgb-tab-panel-_2a6a64-ce-0\" role=\"tabpanel\" aria-labelledby=\"advgb-tab-_2a6a64-ce-0\" tabindex=\"0\"><span>Beschreibung<\/span><\/div><div class=\"advgb-tab-_2a6a64-ce advgb-tab-body\" aria-labelledby=\"advgb-tab-panel-_2a6a64-ce-0\" style=\"display:block\">\n<h2 class=\"wp-block-heading\" id=\"effektiv-gefahrlos-und-faszinierend\">Effektiv, gefahrlos und faszinierend&nbsp;<\/h2>\n\n\n\n<p>Mit dem Experimentiersatz CHEMIE 6 lassen sich alle Messungen zur Radioaktivit\u00e4t im Unterricht allein mit Proben aus dem Alltag durchf\u00fchren. Dadurch entfallen die Anschaffung, die aufw\u00e4ndige Registrierung und die Aufbewahrung kostspieliger radioaktiver Pr\u00e4parate.&nbsp;Somit k\u00f6nnen Sch\u00fclerinnen und Sch\u00fcler die wichtigsten Gesetzm\u00e4\u00dfigkeiten der Radioaktivit\u00e4t gefahrlos in Sch\u00fclerexperimenten selbst entdecken. Das dabei erworbene Wissen hilft ihnen, die Chancen und Risiken der Radioaktivit\u00e4t richtig einzusch\u00e4tzen und ideologiefrei zu beurteilen. Faszinierend sind&nbsp;dabei die Resultate beim Nachweis<\/p>\n\n\n\n<ul class=\"wp-block-list\"><li>der Radioaktivit\u00e4t in der Luft und im Leitungswasser&nbsp;<\/li><li>und&nbsp;auch bei der magnetischen Ablenkung<\/li><li>sowie beim Abstandsgesetz.<\/li><\/ul>\n\n\n\n<h3 class=\"wp-block-heading\" id=\"ohne-genehmigungspflichtige-praparate\">Ohne genehmigungspflichtige Pr\u00e4parate<\/h3>\n\n\n\n<p>Alle Messungen zur Radioaktivit\u00e4t lassen sich mit diesem Experimentiersatz allein mit Pro\u00adben aus dem Alltag durchf\u00fchren. Damit ent\u00adfallen die Anschaffung, die auf\u00adw\u00e4ndige Regist\u00adrierung und die Aufbewah\u00adrung kostspieliger radioaktiver Pr\u00e4parate. Geradezu sensationell sind die Resultate beim Nachweis der Radio\u00adaktivit\u00e4t in der Luft und im Leitungswasser, aber auch bei der magnetischen Ablenkung sowie bei Abstands- und Absorptionsgesetz. Die verwendeten Proben sind zus\u00e4tzlich in Kunststoffdosen eingeschwei\u00dft, so dass eine direkte Ber\u00fchrung ausgeschlossen ist. Die \u00c4quivalentdosisleistung des Auer\u00adnetzes in Dose liegt in 0,1 m Abstand un\u00adter 0,9 \u00b5Sv\/h, seine Akti\u00advit\u00e4t deutlich unter 2000 Bq. Beide Werte befinden sich also weit un\u00adterhalb der Freigrenzen.<\/p>\n\n\n\n<h3 class=\"wp-block-heading\" id=\"hochempfindliches-strahlungsmessgerat\"><strong>Hochempfindliches Strahlungsmessger\u00e4t<\/strong><\/h3>\n\n\n\n<p>Herzst\u00fcck des Experimentiersatzes CHEMIE 6 ist ein Endfenster-Z\u00e4hlrohr mit extrem hoher Nachweisempfindlichkeit zur Messung von Alpha-, Beta- und <a href=\"https:\/\/www.leifiphysik.de\/optik\/elektromagnetisches-spektrum\/grundwissen\/gammastrahlung\" target=\"_blank\" rel=\"noreferrer noopener\">Gammastrahlung<\/a> sowie zur \u00c4quivalentdosis. Das Messger\u00e4t besitzt einen USB-Ausgang f\u00fcr die Datenspeicherung bei Langzeitexperimenten.\u00a0<\/p>\n\n\n\n<h3 class=\"wp-block-heading\" id=\"h-begleitmaterialien\">Begleitmaterialien<\/h3>\n\n\n\n<p>Passend zum Experimentiersatz CHEMIE 6 sind auch ein <a href=\"https:\/\/mekruphy.com\/de\/produkte\/chemie\/chemie-arbeitshefte\/\">Sch\u00fclerheft<\/a> und ein <a href=\"https:\/\/mekruphy.com\/de\/produkte\/chemie\/chemie-arbeitshefte\/\">Lehrerheft<\/a> mit didaktischen Anweisungen und L\u00f6sungen in analoger Form erh\u00e4ltlich. Das Sch\u00fclerheft ist auch in digitaler Form erwerbbar.<\/p>\n<\/div><\/div>\n\n\n\n<div class=\"wp-block-advgb-tab advgb-tab-body-container\"><div class=\"advgb-tab-body-header advgb-tab-class- \" id=\"advgb-tab-panel-_2a6a64-ce-1\" role=\"tabpanel\" aria-labelledby=\"advgb-tab-_2a6a64-ce-1\" tabindex=\"0\"><span>Lieferumfang<\/span><\/div><div class=\"advgb-tab-_2a6a64-ce advgb-tab-body\" aria-labelledby=\"advgb-tab-panel-_2a6a64-ce-1\" style=\"display:none\">\n<figure class=\"wp-block-table table-product-contents\"><table><tbody><tr><td>01.01.10<\/td><td>Aufbewahrungskasten<\/td><\/tr><tr><td>13.02.00<\/td><td>Ger\u00e4tegeformter Einsatz RA<\/td><\/tr><tr><td>13.03.00<\/td><td>PVC-Platte<\/td><\/tr><tr><td>01.04.00<\/td><td>Kunststoffbecher 250 ml<\/td><\/tr><tr><td>13.05.00<\/td><td>U-Magnet<\/td><\/tr><tr><td>13.06.00<\/td><td>Magnethalter<\/td><\/tr><tr><td>13.07.00<\/td><td>Leerdose<\/td><\/tr><tr><td>13.08.00<\/td><td>Auernetz in Dose (nicht als Gl\u00fchstrumpf verwendbar)<\/td><\/tr><tr><td>20.08.00<\/td><td>Pinzette gerade stumpf<\/td><\/tr><tr><td>13.09.00<\/td><td>Kaliumchlorid in Dose<\/td><\/tr><tr><td>13.10.00<\/td><td>Kunstd\u00fcnger in Dose<\/td><\/tr><tr><td>13.11.00<\/td><td>B\u00fcchnertrichter<\/td><\/tr><tr><td>13.12.00<\/td><td>10 Glasfaserfilterscheiben in Dose<\/td><\/tr><tr><td>13.13.00<\/td><td>Wolltuch in Dose<\/td><\/tr><tr><td>13.14.00<\/td><td>Stahlplatte<\/td><\/tr><tr><td>13.15.00<\/td><td>Aluminiumplatte RA<\/td><\/tr><tr><td>13.16.00<\/td><td>Kunststoffplatte RA<\/td><\/tr><tr><td>13.17.00<\/td><td>Holzplatte RA<\/td><\/tr><tr><td>13.18.00<\/td><td>Glasplatte RA<\/td><\/tr><tr><td>01.19.00<\/td><td>Ma\u00dfband 2 m<\/td><\/tr><tr><td>13.20.00<\/td><td>Strahlungsmessger\u00e4t<\/td><\/tr><tr><td>13.21.00<\/td><td>Messger\u00e4thalter<\/td><\/tr><tr><td>13.22.00<\/td><td>Probenhalter<\/td><\/tr><tr><td>13.24.00<\/td><td>Messzylinder 100 ml<\/td><\/tr><tr><td>13.25.00<\/td><td>Presspapierplatte (8 St\u00fcck)<\/td><\/tr><tr><td>13.26.00<\/td><td>Plattenhalter RA<\/td><\/tr><\/tbody><\/table><\/figure>\n<\/div><\/div>\n\n\n\n<div class=\"wp-block-advgb-tab advgb-tab-body-container\"><div class=\"advgb-tab-body-header advgb-tab-class- \" id=\"advgb-tab-panel-_2a6a64-ce-2\" role=\"tabpanel\" aria-labelledby=\"advgb-tab-_2a6a64-ce-2\" tabindex=\"0\"><span>Experimente<\/span><\/div><div class=\"advgb-tab-_2a6a64-ce advgb-tab-body\" aria-labelledby=\"advgb-tab-panel-_2a6a64-ce-2\" style=\"display:none\">\n<p><\/p>\n\n\n\n<figure class=\"wp-block-table table-product-experiments\"><table><tbody><tr><td>RA-1<\/td><td>Nulleffekt und Nullrate<\/td><\/tr><tr><td>RA-2<\/td><td>Statistische Streuung<\/td><\/tr><tr><td>RA-3<\/td><td>Radioaktive Stoffe<\/td><\/tr><tr><td>RA-4<\/td><td>Das Abstandsgesetz<\/td><\/tr><tr><td>RA-5<\/td><td>Absorption 1<\/td><\/tr><tr><td>RA-6<\/td><td>Absorption 2<\/td><\/tr><tr><td>RA-7<\/td><td>Strahlungscharakteristik<\/td><\/tr><tr><td>RA-8<\/td><td>Ablenkung im Magnetfeld<\/td><\/tr><tr><td>RA-9<\/td><td>Die Halbwertszeit<\/td><\/tr><tr><td>RA-10<\/td><td>Radioaktivit\u00e4t im Leitungswasser<\/td><\/tr><tr><td>RA-11<\/td><td>Radioaktivit\u00e4t in der Luft<\/td><\/tr><tr><td>RA-12<\/td><td>Die \u00c4quivalentdosis<\/td><\/tr><\/tbody><\/table><\/figure>\n<\/div><\/div>\n\n\n\n<div class=\"wp-block-advgb-tab advgb-tab-body-container\"><div class=\"advgb-tab-body-header advgb-tab-class-undefined \" id=\"advgb-tab-panel-_2a6a64-ce-3\" role=\"tabpanel\" aria-labelledby=\"advgb-tab-_2a6a64-ce-3\" tabindex=\"0\"><span>Bilder<\/span><\/div><div class=\"advgb-tab-_2a6a64-ce advgb-tab-body\" aria-labelledby=\"advgb-tab-panel-_2a6a64-ce-3\" style=\"display:none\"><div class=\"wp-block-image\">\n<figure class=\"aligncenter size-large is-resized\"><img loading=\"lazy\" decoding=\"async\" width=\"650\" height=\"620\" src=\"https:\/\/mekruphy.com\/de\/wp-content\/uploads\/2021\/03\/RA_1.jpg\" alt=\"Sch\u00fclerexperiment Radioaktivit\u00e4t\" class=\"wp-image-3034\" style=\"width:510px;height:487px\" srcset=\"https:\/\/mekruphy.com\/de\/wp-content\/uploads\/2021\/03\/RA_1.jpg 650w, https:\/\/mekruphy.com\/de\/wp-content\/uploads\/2021\/03\/RA_1-300x286.jpg 300w\" sizes=\"auto, (max-width: 650px) 100vw, 650px\" \/><\/figure>\n<\/div>\n\n\n<p>&nbsp;<\/p>\n\n\n<div class=\"wp-block-image\">\n<figure class=\"aligncenter size-large is-resized\"><img loading=\"lazy\" decoding=\"async\" width=\"863\" height=\"563\" src=\"https:\/\/mekruphy.com\/de\/wp-content\/uploads\/2021\/03\/RA_2.jpg\" alt=\"Auswertung der Messergebnisse\" class=\"wp-image-3035\" style=\"width:751px;height:489px\" srcset=\"https:\/\/mekruphy.com\/de\/wp-content\/uploads\/2021\/03\/RA_2.jpg 863w, https:\/\/mekruphy.com\/de\/wp-content\/uploads\/2021\/03\/RA_2-300x196.jpg 300w, https:\/\/mekruphy.com\/de\/wp-content\/uploads\/2021\/03\/RA_2-768x501.jpg 768w\" sizes=\"auto, (max-width: 863px) 100vw, 863px\" \/><\/figure>\n<\/div><\/div><\/div>\n<\/div><\/div>\n<style class=\"advgb-styles-renderer\">.advgb-tabs-d4d695c6-8368-42b5-aa21-51b912cf8f0c ul.advgb-tabs-panel li.advgb-tab.advgb-tab-active {background-color:#5954d6 !important;color:#fff !important;}#advgb-tabs-d4d695c6-8368-42b5-aa21-51b912cf8f0c .advgb-tab-body-header.header-active, .advgb-tabs-d4d695c6-8368-42b5-aa21-51b912cf8f0c .advgb-tab-body-header.header-active{background-color:#5954d6 !important;color:#fff !important;}<\/style>","protected":false},"excerpt":{"rendered":"","protected":false},"author":1,"featured_media":1725,"parent":627,"menu_order":0,"comment_status":"closed","ping_status":"closed","template":"templates\/product.php","meta":{"_acf_changed":false,"_coblocks_attr":"","_coblocks_dimensions":"","_coblocks_responsive_height":"","_coblocks_accordion_ie_support":"","_eb_attr":"","advgb_blocks_editor_width":"","advgb_blocks_columns_visual_guide":"","footnotes":""},"class_list":["post-1008","page","type-page","status-publish","has-post-thumbnail","hentry"],"acf":[],"yoast_head":"<!-- This site is optimized with the Yoast SEO plugin v27.4 - https:\/\/yoast.com\/product\/yoast-seo-wordpress\/ -->\n<title>Experimentiersatz CHEMIE 6: RADIOAKTIVIT\u00c4T - MEKRUPHY GmbH<\/title>\n<meta name=\"description\" content=\"Mit diesem Experimentiersatz lassen sich alle Messungen zur Radioaktivit\u00e4t im Unterricht allein mit Proben aus dem Alltag durchf\u00fchren.\" \/>\n<meta name=\"robots\" content=\"index, follow, max-snippet:-1, max-image-preview:large, max-video-preview:-1\" \/>\n<link rel=\"canonical\" href=\"https:\/\/mekruphy.com\/de\/produkte\/chemie\/experimentiersatz-chemie-radioaktivitaet-1\/\" \/>\n<meta property=\"og:locale\" content=\"de_DE\" \/>\n<meta property=\"og:type\" content=\"article\" \/>\n<meta property=\"og:title\" content=\"Experimentiersatz CHEMIE 6: RADIOAKTIVIT\u00c4T - MEKRUPHY GmbH\" \/>\n<meta property=\"og:description\" content=\"Mit diesem Experimentiersatz lassen sich alle Messungen zur Radioaktivit\u00e4t im Unterricht allein mit Proben aus dem Alltag durchf\u00fchren.\" \/>\n<meta property=\"og:url\" content=\"https:\/\/mekruphy.com\/de\/produkte\/chemie\/experimentiersatz-chemie-radioaktivitaet-1\/\" \/>\n<meta property=\"og:site_name\" content=\"MEKRUPHY GmbH\" \/>\n<meta property=\"article:modified_time\" content=\"2026-03-31T14:27:49+00:00\" \/>\n<meta property=\"og:image\" content=\"https:\/\/mekruphy.com\/de\/wp-content\/uploads\/2020\/07\/Kasten-Physik-RADIOAKTIVIT\u00c4T-1.jpg\" \/>\n\t<meta property=\"og:image:width\" content=\"1800\" \/>\n\t<meta property=\"og:image:height\" content=\"1385\" \/>\n\t<meta property=\"og:image:type\" content=\"image\/jpeg\" \/>\n<meta name=\"twitter:card\" content=\"summary_large_image\" \/>\n<meta name=\"twitter:label1\" content=\"Gesch\u00e4tzte Lesezeit\" \/>\n\t<meta name=\"twitter:data1\" content=\"3\u00a0Minuten\" \/>\n<script type=\"application\/ld+json\" class=\"yoast-schema-graph\">{\"@context\":\"https:\\\/\\\/schema.org\",\"@graph\":[{\"@type\":\"WebPage\",\"@id\":\"https:\\\/\\\/mekruphy.com\\\/de\\\/produkte\\\/chemie\\\/experimentiersatz-chemie-radioaktivitaet-1\\\/\",\"url\":\"https:\\\/\\\/mekruphy.com\\\/de\\\/produkte\\\/chemie\\\/experimentiersatz-chemie-radioaktivitaet-1\\\/\",\"name\":\"Experimentiersatz CHEMIE 6: RADIOAKTIVIT\u00c4T - MEKRUPHY GmbH\",\"isPartOf\":{\"@id\":\"https:\\\/\\\/mekruphy.com\\\/de\\\/#website\"},\"primaryImageOfPage\":{\"@id\":\"https:\\\/\\\/mekruphy.com\\\/de\\\/produkte\\\/chemie\\\/experimentiersatz-chemie-radioaktivitaet-1\\\/#primaryimage\"},\"image\":{\"@id\":\"https:\\\/\\\/mekruphy.com\\\/de\\\/produkte\\\/chemie\\\/experimentiersatz-chemie-radioaktivitaet-1\\\/#primaryimage\"},\"thumbnailUrl\":\"https:\\\/\\\/mekruphy.com\\\/de\\\/wp-content\\\/uploads\\\/2020\\\/07\\\/Kasten-Physik-RADIOAKTIVIT\u00c4T-1.jpg\",\"datePublished\":\"2020-07-23T08:14:28+00:00\",\"dateModified\":\"2026-03-31T14:27:49+00:00\",\"description\":\"Mit diesem Experimentiersatz lassen sich alle Messungen zur Radioaktivit\u00e4t im Unterricht allein mit Proben aus dem Alltag durchf\u00fchren.\",\"breadcrumb\":{\"@id\":\"https:\\\/\\\/mekruphy.com\\\/de\\\/produkte\\\/chemie\\\/experimentiersatz-chemie-radioaktivitaet-1\\\/#breadcrumb\"},\"inLanguage\":\"de\",\"potentialAction\":[{\"@type\":\"ReadAction\",\"target\":[\"https:\\\/\\\/mekruphy.com\\\/de\\\/produkte\\\/chemie\\\/experimentiersatz-chemie-radioaktivitaet-1\\\/\"]}]},{\"@type\":\"ImageObject\",\"inLanguage\":\"de\",\"@id\":\"https:\\\/\\\/mekruphy.com\\\/de\\\/produkte\\\/chemie\\\/experimentiersatz-chemie-radioaktivitaet-1\\\/#primaryimage\",\"url\":\"https:\\\/\\\/mekruphy.com\\\/de\\\/wp-content\\\/uploads\\\/2020\\\/07\\\/Kasten-Physik-RADIOAKTIVIT\u00c4T-1.jpg\",\"contentUrl\":\"https:\\\/\\\/mekruphy.com\\\/de\\\/wp-content\\\/uploads\\\/2020\\\/07\\\/Kasten-Physik-RADIOAKTIVIT\u00c4T-1.jpg\",\"width\":1800,\"height\":1385},{\"@type\":\"BreadcrumbList\",\"@id\":\"https:\\\/\\\/mekruphy.com\\\/de\\\/produkte\\\/chemie\\\/experimentiersatz-chemie-radioaktivitaet-1\\\/#breadcrumb\",\"itemListElement\":[{\"@type\":\"ListItem\",\"position\":1,\"name\":\"Startseite\",\"item\":\"https:\\\/\\\/mekruphy.com\\\/de\\\/\"},{\"@type\":\"ListItem\",\"position\":2,\"name\":\"Produkte\",\"item\":\"https:\\\/\\\/mekruphy.com\\\/de\\\/produkte\\\/\"},{\"@type\":\"ListItem\",\"position\":3,\"name\":\"Chemie\",\"item\":\"https:\\\/\\\/mekruphy.com\\\/de\\\/produkte\\\/chemie\\\/\"},{\"@type\":\"ListItem\",\"position\":4,\"name\":\"Experimentiersatz CHEMIE 6: RADIOAKTIVIT\u00c4T\"}]},{\"@type\":\"WebSite\",\"@id\":\"https:\\\/\\\/mekruphy.com\\\/de\\\/#website\",\"url\":\"https:\\\/\\\/mekruphy.com\\\/de\\\/\",\"name\":\"MEKRUPHY GmbH\",\"description\":\"Sch\u00fcler-Experimentierk\u00e4sten f\u00fcr den MINT-Unterricht\",\"potentialAction\":[{\"@type\":\"SearchAction\",\"target\":{\"@type\":\"EntryPoint\",\"urlTemplate\":\"https:\\\/\\\/mekruphy.com\\\/de\\\/?s={search_term_string}\"},\"query-input\":{\"@type\":\"PropertyValueSpecification\",\"valueRequired\":true,\"valueName\":\"search_term_string\"}}],\"inLanguage\":\"de\"}]}<\/script>\n<!-- \/ Yoast SEO plugin. -->","yoast_head_json":{"title":"Experimentiersatz CHEMIE 6: RADIOAKTIVIT\u00c4T - MEKRUPHY GmbH","description":"Mit diesem Experimentiersatz lassen sich alle Messungen zur Radioaktivit\u00e4t im Unterricht allein mit Proben aus dem Alltag durchf\u00fchren.","robots":{"index":"index","follow":"follow","max-snippet":"max-snippet:-1","max-image-preview":"max-image-preview:large","max-video-preview":"max-video-preview:-1"},"canonical":"https:\/\/mekruphy.com\/de\/produkte\/chemie\/experimentiersatz-chemie-radioaktivitaet-1\/","og_locale":"de_DE","og_type":"article","og_title":"Experimentiersatz CHEMIE 6: RADIOAKTIVIT\u00c4T - MEKRUPHY GmbH","og_description":"Mit diesem Experimentiersatz lassen sich alle Messungen zur Radioaktivit\u00e4t im Unterricht allein mit Proben aus dem Alltag durchf\u00fchren.","og_url":"https:\/\/mekruphy.com\/de\/produkte\/chemie\/experimentiersatz-chemie-radioaktivitaet-1\/","og_site_name":"MEKRUPHY GmbH","article_modified_time":"2026-03-31T14:27:49+00:00","og_image":[{"width":1800,"height":1385,"url":"https:\/\/mekruphy.com\/de\/wp-content\/uploads\/2020\/07\/Kasten-Physik-RADIOAKTIVIT\u00c4T-1.jpg","type":"image\/jpeg"}],"twitter_card":"summary_large_image","twitter_misc":{"Gesch\u00e4tzte Lesezeit":"3\u00a0Minuten"},"schema":{"@context":"https:\/\/schema.org","@graph":[{"@type":"WebPage","@id":"https:\/\/mekruphy.com\/de\/produkte\/chemie\/experimentiersatz-chemie-radioaktivitaet-1\/","url":"https:\/\/mekruphy.com\/de\/produkte\/chemie\/experimentiersatz-chemie-radioaktivitaet-1\/","name":"Experimentiersatz CHEMIE 6: RADIOAKTIVIT\u00c4T - MEKRUPHY GmbH","isPartOf":{"@id":"https:\/\/mekruphy.com\/de\/#website"},"primaryImageOfPage":{"@id":"https:\/\/mekruphy.com\/de\/produkte\/chemie\/experimentiersatz-chemie-radioaktivitaet-1\/#primaryimage"},"image":{"@id":"https:\/\/mekruphy.com\/de\/produkte\/chemie\/experimentiersatz-chemie-radioaktivitaet-1\/#primaryimage"},"thumbnailUrl":"https:\/\/mekruphy.com\/de\/wp-content\/uploads\/2020\/07\/Kasten-Physik-RADIOAKTIVIT\u00c4T-1.jpg","datePublished":"2020-07-23T08:14:28+00:00","dateModified":"2026-03-31T14:27:49+00:00","description":"Mit diesem Experimentiersatz lassen sich alle Messungen zur Radioaktivit\u00e4t im Unterricht allein mit Proben aus dem Alltag durchf\u00fchren.","breadcrumb":{"@id":"https:\/\/mekruphy.com\/de\/produkte\/chemie\/experimentiersatz-chemie-radioaktivitaet-1\/#breadcrumb"},"inLanguage":"de","potentialAction":[{"@type":"ReadAction","target":["https:\/\/mekruphy.com\/de\/produkte\/chemie\/experimentiersatz-chemie-radioaktivitaet-1\/"]}]},{"@type":"ImageObject","inLanguage":"de","@id":"https:\/\/mekruphy.com\/de\/produkte\/chemie\/experimentiersatz-chemie-radioaktivitaet-1\/#primaryimage","url":"https:\/\/mekruphy.com\/de\/wp-content\/uploads\/2020\/07\/Kasten-Physik-RADIOAKTIVIT\u00c4T-1.jpg","contentUrl":"https:\/\/mekruphy.com\/de\/wp-content\/uploads\/2020\/07\/Kasten-Physik-RADIOAKTIVIT\u00c4T-1.jpg","width":1800,"height":1385},{"@type":"BreadcrumbList","@id":"https:\/\/mekruphy.com\/de\/produkte\/chemie\/experimentiersatz-chemie-radioaktivitaet-1\/#breadcrumb","itemListElement":[{"@type":"ListItem","position":1,"name":"Startseite","item":"https:\/\/mekruphy.com\/de\/"},{"@type":"ListItem","position":2,"name":"Produkte","item":"https:\/\/mekruphy.com\/de\/produkte\/"},{"@type":"ListItem","position":3,"name":"Chemie","item":"https:\/\/mekruphy.com\/de\/produkte\/chemie\/"},{"@type":"ListItem","position":4,"name":"Experimentiersatz CHEMIE 6: RADIOAKTIVIT\u00c4T"}]},{"@type":"WebSite","@id":"https:\/\/mekruphy.com\/de\/#website","url":"https:\/\/mekruphy.com\/de\/","name":"MEKRUPHY GmbH","description":"Sch\u00fcler-Experimentierk\u00e4sten f\u00fcr den MINT-Unterricht","potentialAction":[{"@type":"SearchAction","target":{"@type":"EntryPoint","urlTemplate":"https:\/\/mekruphy.com\/de\/?s={search_term_string}"},"query-input":{"@type":"PropertyValueSpecification","valueRequired":true,"valueName":"search_term_string"}}],"inLanguage":"de"}]}},"coauthors":[],"author_meta":{"author_link":"https:\/\/mekruphy.com\/de\/author\/mwbsca\/","display_name":"mwbscA"},"relative_dates":{"created":"Ver\u00f6ffentlicht 6\u00a0Jahren vor","modified":"Aktualisiert 1\u00a0Monat vor"},"absolute_dates":{"created":"Ver\u00f6ffentlicht am 23. Juli 2020","modified":"Aktualisiert am 31. M\u00e4rz 2026"},"absolute_dates_time":{"created":"Ver\u00f6ffentlicht am 23. Juli 2020 10:14","modified":"Aktualisiert am 31. M\u00e4rz 2026 16:27"},"featured_img_caption":"","featured_img":"https:\/\/mekruphy.com\/de\/wp-content\/uploads\/2020\/07\/Kasten-Physik-RADIOAKTIVIT\u00c4T-1.jpg","series_order":"","_links":{"self":[{"href":"https:\/\/mekruphy.com\/de\/wp-json\/wp\/v2\/pages\/1008","targetHints":{"allow":["GET"]}}],"collection":[{"href":"https:\/\/mekruphy.com\/de\/wp-json\/wp\/v2\/pages"}],"about":[{"href":"https:\/\/mekruphy.com\/de\/wp-json\/wp\/v2\/types\/page"}],"author":[{"embeddable":true,"href":"https:\/\/mekruphy.com\/de\/wp-json\/wp\/v2\/users\/1"}],"replies":[{"embeddable":true,"href":"https:\/\/mekruphy.com\/de\/wp-json\/wp\/v2\/comments?post=1008"}],"version-history":[{"count":17,"href":"https:\/\/mekruphy.com\/de\/wp-json\/wp\/v2\/pages\/1008\/revisions"}],"predecessor-version":[{"id":9392,"href":"https:\/\/mekruphy.com\/de\/wp-json\/wp\/v2\/pages\/1008\/revisions\/9392"}],"up":[{"embeddable":true,"href":"https:\/\/mekruphy.com\/de\/wp-json\/wp\/v2\/pages\/627"}],"wp:featuredmedia":[{"embeddable":true,"href":"https:\/\/mekruphy.com\/de\/wp-json\/wp\/v2\/media\/1725"}],"wp:attachment":[{"href":"https:\/\/mekruphy.com\/de\/wp-json\/wp\/v2\/media?parent=1008"}],"curies":[{"name":"wp","href":"https:\/\/api.w.org\/{rel}","templated":true}]}}