{"id":1119,"date":"2020-07-24T08:06:43","date_gmt":"2020-07-24T06:06:43","guid":{"rendered":"https:\/\/mekruphy.com\/de\/?page_id=1119"},"modified":"2023-06-07T13:05:03","modified_gmt":"2023-06-07T11:05:03","slug":"physik-arbeitshefte","status":"publish","type":"page","link":"https:\/\/mekruphy.com\/de\/produkte\/physik\/physik-arbeitshefte\/","title":{"rendered":"PHYSIK Sch\u00fclerhefte \/ Lehrerhefte"},"content":{"rendered":"<div class=\"yoast-breadcrumbs breadcrumbs\"><span><span><a href=\"https:\/\/mekruphy.com\/de\/\">Startseite<\/a><\/span> \u00bb <span><a href=\"https:\/\/mekruphy.com\/de\/produkte\/\">Produkte<\/a><\/span> \u00bb <span><a href=\"https:\/\/mekruphy.com\/de\/produkte\/physik\/\">Physik<\/a><\/span> \u00bb <span class=\"breadcrumb_last\" aria-current=\"page\">PHYSIK Sch\u00fclerhefte \/ Lehrerhefte<\/span><\/span><\/div>\n\n\n<h2 class=\"wp-block-heading advgb-dyn-822d0674\" id=\"h-lehr-und-lernmaterialien\">Lehr- und Lernmaterialien<\/h2>\n\n\n\n<p>Die MEKRUPHY-Sch\u00fcler- und Lehrerhefte wurden von erfahrenen Physiklehrkr\u00e4ften verfasst. Die Hefte werden \u00fcber viele Jahre an zahlreichen Schulen erprobt und immer wieder verbessert. Mit diesen Anleitungen k\u00f6nnen die Sch\u00fclergruppen im Unterricht v\u00f6llig selbstst\u00e4ndig arbeiten und so die Lehrkraft effektiv entlasten.<\/p>\n\n\n\n<div style=\"height:16px\" aria-hidden=\"true\" class=\"wp-block-spacer\"><\/div>\n\n\n\n<p>F\u00fcr den bilingualen Unterricht gibt es die Sch\u00fcler- und Lehrerhefte auch in Englisch.<\/p>\n\n\n\n<div style=\"height:16px\" aria-hidden=\"true\" class=\"wp-block-spacer\"><\/div>\n\n\n\n<p>Unsere Sch\u00fclerhefte k\u00f6nnen auch als Downloadlizenz erworben werden. Falls die Bestellung durch die Verwaltung oder Schulleitung aufgegeben wird, muss unbedingt die Dienst-E-Mail-Adresse der Fachlehrkraft angegeben werden, die auf den Download zugreifen soll.<\/p>\n\n\n\n<div style=\"height:16px\" aria-hidden=\"true\" class=\"wp-block-spacer\"><\/div>\n\n\n\n<p>Alle Hefte k\u00f6nnen Sie direkt \u00fcber unseren <a href=\"https:\/\/shop.mekruphy.com\/artikeluebersicht\/PHYSIK-Schuelerhefte---Lehrerhefte.aspx\">Webshop<\/a> bestellen. <\/p>\n\n\n\n<h3 class=\"wp-block-heading\"><strong>Sch\u00fclerhefte<\/strong><\/h3>\n\n\n\n<p>Die Texte der Physik-Sch\u00fclerhefte sind leicht verst\u00e4ndlich, klar gegliedert, \u00fcbersichtlich dargestellt und methodisch geschickt aufgebaut. Die Sch\u00fclerexperimente sind so angeordnet, dass die Sch\u00fclerinnen und Sch\u00fcler mit fortschreitendem Experimentieren immer mehr Eigeninitiative und Kreativit\u00e4t einbringen k\u00f6nnen. Auf diese Weise wird nicht nur die experimentelle Fertigkeit, sondern auch der sichere Umgang mit den Gesetzen und Methoden der Physik Schritt f\u00fcr Schritt gef\u00f6rdert.<\/p>\n\n\n\n<p>Jeder Bestellung von <a href=\"https:\/\/mekruphy.com\/de\/produkte\/physik\/\">Experimentierk\u00e4sten<\/a> liegt unabh\u00e4ngig von der Anzahl ein passendes, gedrucktes Freiexemplar bei. <\/p>\n\n\n\n<h3 class=\"wp-block-heading advgb-dyn-27ef620c\" id=\"h-lehrerhefte\"><strong>Lehrerhefte<\/strong><\/h3>\n\n\n\n<p>Passend zu den Physik-Sch\u00fclerheften gibt es begleitende Lehrerhefte in Printform. Sie enthalten zu jedem Experiment Hintergrundinformationen und praktische Hinweise zur Durchf\u00fchrung. Au\u00dferdem nat\u00fcrlich Antworten und L\u00f6sungen f\u00fcr die im Arbeitsheft gestellten Fragen und Aufgaben sowie die zu erwartenden Messergebnisse.<\/p>\n\n\n\n<p><\/p>\n\n\n\n<p><\/p>\n","protected":false},"excerpt":{"rendered":"<p>Lehr- und Lernmaterialien Die MEKRUPHY-Sch\u00fcler- und Lehrerhefte wurden von erfahrenen Physiklehrkr\u00e4ften verfasst. Die Hefte werden \u00fcber viele Jahre an zahlreichen Schulen erprobt und immer wieder verbessert. Mit diesen Anleitungen k\u00f6nnen die Sch\u00fclergruppen im Unterricht v\u00f6llig selbstst\u00e4ndig arbeiten und so die Lehrkraft effektiv entlasten. F\u00fcr den bilingualen Unterricht gibt es die Sch\u00fcler- und Lehrerhefte auch in [&hellip;]<\/p>\n","protected":false},"author":1,"featured_media":5416,"parent":612,"menu_order":0,"comment_status":"closed","ping_status":"closed","template":"templates\/product.php","meta":{"_acf_changed":false,"_coblocks_attr":"","_coblocks_dimensions":"","_coblocks_responsive_height":"","_coblocks_accordion_ie_support":"","_eb_attr":"","advgb_blocks_editor_width":"","advgb_blocks_columns_visual_guide":"","footnotes":""},"class_list":["post-1119","page","type-page","status-publish","has-post-thumbnail","hentry"],"acf":[],"yoast_head":"<!-- This site is optimized with the Yoast SEO plugin v27.3 - https:\/\/yoast.com\/product\/yoast-seo-wordpress\/ -->\n<title>PHYSIK Sch\u00fclerhefte \/ Lehrerhefte - MEKRUPHY GmbH<\/title>\n<meta name=\"description\" content=\"Passend zu den Experimentiers\u00e4tzen bieten wir auch Sch\u00fcler- und Lehrerhefte an, die von erfahrenen Physiklehrkr\u00e4ften verfasst wurden.\" \/>\n<meta name=\"robots\" content=\"index, follow, max-snippet:-1, max-image-preview:large, max-video-preview:-1\" \/>\n<link rel=\"canonical\" href=\"https:\/\/mekruphy.com\/de\/produkte\/physik\/physik-arbeitshefte\/\" \/>\n<meta property=\"og:locale\" content=\"de_DE\" \/>\n<meta property=\"og:type\" content=\"article\" \/>\n<meta property=\"og:title\" content=\"PHYSIK Sch\u00fclerhefte \/ Lehrerhefte - MEKRUPHY GmbH\" \/>\n<meta property=\"og:description\" content=\"Passend zu den Experimentiers\u00e4tzen bieten wir auch Sch\u00fcler- und Lehrerhefte an, die von erfahrenen Physiklehrkr\u00e4ften verfasst wurden.\" \/>\n<meta property=\"og:url\" content=\"https:\/\/mekruphy.com\/de\/produkte\/physik\/physik-arbeitshefte\/\" \/>\n<meta property=\"og:site_name\" content=\"MEKRUPHY GmbH\" \/>\n<meta property=\"article:modified_time\" content=\"2023-06-07T11:05:03+00:00\" \/>\n<meta property=\"og:image\" content=\"https:\/\/mekruphy.com\/de\/wp-content\/uploads\/2022\/02\/Physikheft.png\" \/>\n\t<meta property=\"og:image:width\" content=\"1600\" \/>\n\t<meta property=\"og:image:height\" content=\"1000\" \/>\n\t<meta property=\"og:image:type\" content=\"image\/png\" \/>\n<meta name=\"twitter:card\" content=\"summary_large_image\" \/>\n<meta name=\"twitter:label1\" content=\"Gesch\u00e4tzte Lesezeit\" \/>\n\t<meta name=\"twitter:data1\" content=\"2\u00a0Minuten\" \/>\n<script type=\"application\/ld+json\" class=\"yoast-schema-graph\">{\"@context\":\"https:\\\/\\\/schema.org\",\"@graph\":[{\"@type\":\"WebPage\",\"@id\":\"https:\\\/\\\/mekruphy.com\\\/de\\\/produkte\\\/physik\\\/physik-arbeitshefte\\\/\",\"url\":\"https:\\\/\\\/mekruphy.com\\\/de\\\/produkte\\\/physik\\\/physik-arbeitshefte\\\/\",\"name\":\"PHYSIK Sch\u00fclerhefte \\\/ Lehrerhefte - MEKRUPHY GmbH\",\"isPartOf\":{\"@id\":\"https:\\\/\\\/mekruphy.com\\\/de\\\/#website\"},\"primaryImageOfPage\":{\"@id\":\"https:\\\/\\\/mekruphy.com\\\/de\\\/produkte\\\/physik\\\/physik-arbeitshefte\\\/#primaryimage\"},\"image\":{\"@id\":\"https:\\\/\\\/mekruphy.com\\\/de\\\/produkte\\\/physik\\\/physik-arbeitshefte\\\/#primaryimage\"},\"thumbnailUrl\":\"https:\\\/\\\/mekruphy.com\\\/de\\\/wp-content\\\/uploads\\\/2022\\\/02\\\/Physikheft.png\",\"datePublished\":\"2020-07-24T06:06:43+00:00\",\"dateModified\":\"2023-06-07T11:05:03+00:00\",\"description\":\"Passend zu den Experimentiers\u00e4tzen bieten wir auch Sch\u00fcler- und Lehrerhefte an, die von erfahrenen Physiklehrkr\u00e4ften verfasst wurden.\",\"breadcrumb\":{\"@id\":\"https:\\\/\\\/mekruphy.com\\\/de\\\/produkte\\\/physik\\\/physik-arbeitshefte\\\/#breadcrumb\"},\"inLanguage\":\"de\",\"potentialAction\":[{\"@type\":\"ReadAction\",\"target\":[\"https:\\\/\\\/mekruphy.com\\\/de\\\/produkte\\\/physik\\\/physik-arbeitshefte\\\/\"]}]},{\"@type\":\"ImageObject\",\"inLanguage\":\"de\",\"@id\":\"https:\\\/\\\/mekruphy.com\\\/de\\\/produkte\\\/physik\\\/physik-arbeitshefte\\\/#primaryimage\",\"url\":\"https:\\\/\\\/mekruphy.com\\\/de\\\/wp-content\\\/uploads\\\/2022\\\/02\\\/Physikheft.png\",\"contentUrl\":\"https:\\\/\\\/mekruphy.com\\\/de\\\/wp-content\\\/uploads\\\/2022\\\/02\\\/Physikheft.png\",\"width\":1600,\"height\":1000,\"caption\":\"Physik Sch\u00fclerheft MEKRUPHY\"},{\"@type\":\"BreadcrumbList\",\"@id\":\"https:\\\/\\\/mekruphy.com\\\/de\\\/produkte\\\/physik\\\/physik-arbeitshefte\\\/#breadcrumb\",\"itemListElement\":[{\"@type\":\"ListItem\",\"position\":1,\"name\":\"Startseite\",\"item\":\"https:\\\/\\\/mekruphy.com\\\/de\\\/\"},{\"@type\":\"ListItem\",\"position\":2,\"name\":\"Produkte\",\"item\":\"https:\\\/\\\/mekruphy.com\\\/de\\\/produkte\\\/\"},{\"@type\":\"ListItem\",\"position\":3,\"name\":\"Physik\",\"item\":\"https:\\\/\\\/mekruphy.com\\\/de\\\/produkte\\\/physik\\\/\"},{\"@type\":\"ListItem\",\"position\":4,\"name\":\"PHYSIK Sch\u00fclerhefte \\\/ Lehrerhefte\"}]},{\"@type\":\"WebSite\",\"@id\":\"https:\\\/\\\/mekruphy.com\\\/de\\\/#website\",\"url\":\"https:\\\/\\\/mekruphy.com\\\/de\\\/\",\"name\":\"MEKRUPHY GmbH\",\"description\":\"Sch\u00fcler-Experimentierk\u00e4sten f\u00fcr den MINT-Unterricht\",\"potentialAction\":[{\"@type\":\"SearchAction\",\"target\":{\"@type\":\"EntryPoint\",\"urlTemplate\":\"https:\\\/\\\/mekruphy.com\\\/de\\\/?s={search_term_string}\"},\"query-input\":{\"@type\":\"PropertyValueSpecification\",\"valueRequired\":true,\"valueName\":\"search_term_string\"}}],\"inLanguage\":\"de\"}]}<\/script>\n<!-- \/ Yoast SEO plugin. -->","yoast_head_json":{"title":"PHYSIK Sch\u00fclerhefte \/ Lehrerhefte - MEKRUPHY GmbH","description":"Passend zu den Experimentiers\u00e4tzen bieten wir auch Sch\u00fcler- und Lehrerhefte an, die von erfahrenen Physiklehrkr\u00e4ften verfasst wurden.","robots":{"index":"index","follow":"follow","max-snippet":"max-snippet:-1","max-image-preview":"max-image-preview:large","max-video-preview":"max-video-preview:-1"},"canonical":"https:\/\/mekruphy.com\/de\/produkte\/physik\/physik-arbeitshefte\/","og_locale":"de_DE","og_type":"article","og_title":"PHYSIK Sch\u00fclerhefte \/ Lehrerhefte - MEKRUPHY GmbH","og_description":"Passend zu den Experimentiers\u00e4tzen bieten wir auch Sch\u00fcler- und Lehrerhefte an, die von erfahrenen Physiklehrkr\u00e4ften verfasst wurden.","og_url":"https:\/\/mekruphy.com\/de\/produkte\/physik\/physik-arbeitshefte\/","og_site_name":"MEKRUPHY GmbH","article_modified_time":"2023-06-07T11:05:03+00:00","og_image":[{"width":1600,"height":1000,"url":"https:\/\/mekruphy.com\/de\/wp-content\/uploads\/2022\/02\/Physikheft.png","type":"image\/png"}],"twitter_card":"summary_large_image","twitter_misc":{"Gesch\u00e4tzte Lesezeit":"2\u00a0Minuten"},"schema":{"@context":"https:\/\/schema.org","@graph":[{"@type":"WebPage","@id":"https:\/\/mekruphy.com\/de\/produkte\/physik\/physik-arbeitshefte\/","url":"https:\/\/mekruphy.com\/de\/produkte\/physik\/physik-arbeitshefte\/","name":"PHYSIK Sch\u00fclerhefte \/ Lehrerhefte - MEKRUPHY GmbH","isPartOf":{"@id":"https:\/\/mekruphy.com\/de\/#website"},"primaryImageOfPage":{"@id":"https:\/\/mekruphy.com\/de\/produkte\/physik\/physik-arbeitshefte\/#primaryimage"},"image":{"@id":"https:\/\/mekruphy.com\/de\/produkte\/physik\/physik-arbeitshefte\/#primaryimage"},"thumbnailUrl":"https:\/\/mekruphy.com\/de\/wp-content\/uploads\/2022\/02\/Physikheft.png","datePublished":"2020-07-24T06:06:43+00:00","dateModified":"2023-06-07T11:05:03+00:00","description":"Passend zu den Experimentiers\u00e4tzen bieten wir auch Sch\u00fcler- und Lehrerhefte an, die von erfahrenen Physiklehrkr\u00e4ften verfasst wurden.","breadcrumb":{"@id":"https:\/\/mekruphy.com\/de\/produkte\/physik\/physik-arbeitshefte\/#breadcrumb"},"inLanguage":"de","potentialAction":[{"@type":"ReadAction","target":["https:\/\/mekruphy.com\/de\/produkte\/physik\/physik-arbeitshefte\/"]}]},{"@type":"ImageObject","inLanguage":"de","@id":"https:\/\/mekruphy.com\/de\/produkte\/physik\/physik-arbeitshefte\/#primaryimage","url":"https:\/\/mekruphy.com\/de\/wp-content\/uploads\/2022\/02\/Physikheft.png","contentUrl":"https:\/\/mekruphy.com\/de\/wp-content\/uploads\/2022\/02\/Physikheft.png","width":1600,"height":1000,"caption":"Physik Sch\u00fclerheft MEKRUPHY"},{"@type":"BreadcrumbList","@id":"https:\/\/mekruphy.com\/de\/produkte\/physik\/physik-arbeitshefte\/#breadcrumb","itemListElement":[{"@type":"ListItem","position":1,"name":"Startseite","item":"https:\/\/mekruphy.com\/de\/"},{"@type":"ListItem","position":2,"name":"Produkte","item":"https:\/\/mekruphy.com\/de\/produkte\/"},{"@type":"ListItem","position":3,"name":"Physik","item":"https:\/\/mekruphy.com\/de\/produkte\/physik\/"},{"@type":"ListItem","position":4,"name":"PHYSIK Sch\u00fclerhefte \/ Lehrerhefte"}]},{"@type":"WebSite","@id":"https:\/\/mekruphy.com\/de\/#website","url":"https:\/\/mekruphy.com\/de\/","name":"MEKRUPHY GmbH","description":"Sch\u00fcler-Experimentierk\u00e4sten f\u00fcr den MINT-Unterricht","potentialAction":[{"@type":"SearchAction","target":{"@type":"EntryPoint","urlTemplate":"https:\/\/mekruphy.com\/de\/?s={search_term_string}"},"query-input":{"@type":"PropertyValueSpecification","valueRequired":true,"valueName":"search_term_string"}}],"inLanguage":"de"}]}},"coauthors":[],"author_meta":{"author_link":"https:\/\/mekruphy.com\/de\/author\/mwbsca\/","display_name":"mwbscA"},"relative_dates":{"created":"Posted 6\u00a0Jahren ago","modified":"Updated 3\u00a0Jahren ago"},"absolute_dates":{"created":"Posted on 24. Juli 2020","modified":"Updated on 7. Juni 2023"},"absolute_dates_time":{"created":"Posted on 24. Juli 2020 8:06","modified":"Updated on 7. Juni 2023 13:05"},"featured_img_caption":"","featured_img":"https:\/\/mekruphy.com\/de\/wp-content\/uploads\/2022\/02\/Physikheft.png","series_order":"","_links":{"self":[{"href":"https:\/\/mekruphy.com\/de\/wp-json\/wp\/v2\/pages\/1119","targetHints":{"allow":["GET"]}}],"collection":[{"href":"https:\/\/mekruphy.com\/de\/wp-json\/wp\/v2\/pages"}],"about":[{"href":"https:\/\/mekruphy.com\/de\/wp-json\/wp\/v2\/types\/page"}],"author":[{"embeddable":true,"href":"https:\/\/mekruphy.com\/de\/wp-json\/wp\/v2\/users\/1"}],"replies":[{"embeddable":true,"href":"https:\/\/mekruphy.com\/de\/wp-json\/wp\/v2\/comments?post=1119"}],"version-history":[{"count":43,"href":"https:\/\/mekruphy.com\/de\/wp-json\/wp\/v2\/pages\/1119\/revisions"}],"predecessor-version":[{"id":7414,"href":"https:\/\/mekruphy.com\/de\/wp-json\/wp\/v2\/pages\/1119\/revisions\/7414"}],"up":[{"embeddable":true,"href":"https:\/\/mekruphy.com\/de\/wp-json\/wp\/v2\/pages\/612"}],"wp:featuredmedia":[{"embeddable":true,"href":"https:\/\/mekruphy.com\/de\/wp-json\/wp\/v2\/media\/5416"}],"wp:attachment":[{"href":"https:\/\/mekruphy.com\/de\/wp-json\/wp\/v2\/media?parent=1119"}],"curies":[{"name":"wp","href":"https:\/\/api.w.org\/{rel}","templated":true}]}}