{"id":1174,"date":"2020-07-24T10:52:23","date_gmt":"2020-07-24T08:52:23","guid":{"rendered":"https:\/\/mekruphy.com\/de\/?page_id=1174"},"modified":"2025-03-26T09:52:17","modified_gmt":"2025-03-26T08:52:17","slug":"physik-spannungsversorgung","status":"publish","type":"page","link":"https:\/\/mekruphy.com\/de\/produkte\/physik\/physik-spannungsversorgung\/","title":{"rendered":"Spannungsversorgung"},"content":{"rendered":"<div class=\"yoast-breadcrumbs breadcrumbs\"><span><span><a href=\"https:\/\/mekruphy.com\/de\/\">Startseite<\/a><\/span> \u00bb <span><a href=\"https:\/\/mekruphy.com\/de\/produkte\/\">Produkte<\/a><\/span> \u00bb <span><a href=\"https:\/\/mekruphy.com\/de\/produkte\/physik\/\">Physik<\/a><\/span> \u00bb <span class=\"breadcrumb_last\" aria-current=\"page\">Spannungsversorgung<\/span><\/span><\/div>\n\n\n<h2 class=\"wp-block-heading\" id=\"warum-ein-eigenes-schulernetzgerat\">Warum ein eigenes Sch\u00fclernetzger\u00e4t?<\/h2>\n\n\n\n<p>Oftmals werden Sch\u00fclerexperimente, bei denen elektrische Spannungen ben\u00f6tigt werden, noch in der Form durchgef\u00fchrt, dass die Lehrkraft die entsprechenden Spannungen am Lehrertisch einspeist und die Sch\u00fclergruppe sie an ihrem Arbeitstisch abnimmt. Demgegen\u00fcber hat ein eigenes Sch\u00fclernetzger\u00e4t folgende Vorteile:<\/p>\n\n\n\n<ul class=\"wp-block-list\">\n<li>Es stehen jeweils definierte Ausgangsspannungen zur Verf\u00fcgung, d.h.<br>es gibt keinen Spannungsabfall unter Last<\/li>\n\n\n\n<li>An jedem Arbeitsplatz ist individuelles Arbeiten m\u00f6glich.<br>Dies ist insbesondere bei Messreihen sehr vorteilhaft<\/li>\n\n\n\n<li>Der Sch\u00fclertisch ben\u00f6tigt au\u00dfer einem 230 V-Anschluss<br>keine weitere Verkabelung<\/li>\n\n\n\n<li>Das Netzger\u00e4t kann besonders sch\u00fclergerecht<br>ausgestattet werden.<\/li>\n<\/ul>\n\n\n\n<p>Selbstverst\u00e4ndlich sind alle unsere Sch\u00fcler-Netzger\u00e4te <a href=\"https:\/\/www.kmk.org\/service\/servicebereich-schule\/sicherheit-im-unterricht.html\" target=\"_blank\" rel=\"noreferrer noopener\">RISU<\/a>-konform.<\/p>\n\n\n\n<div class=\"wp-block-advgb-columns advgb-columns-wrapper\" id=\"advgb-cols-3db9b414-fb3c-4ad6-8f12-24fcfbd99183\"><div class=\"advgb-columns-container\"><div class=\"advgb-columns advgb-columns-row advgb-is-mobile advgb-columns-2 layout-23-13 mbl-layout-stacked vgutter-10\">\n<div class=\"wp-block-advgb-column advgb-column advgb-is-two-thirds-tablet advgb-is-full-mobile\" id=\"advgb-col-6495a18a-3384-4268-a22b-53b42bf01d2a\"><div class=\"advgb-column-inner\" style=\"border-style:none;border-width:1px\">\n<h2 class=\"wp-block-heading\" id=\"kleinspannungsnetzgerat-mks-3-1\">Kleinspannungsnetzger\u00e4t MKS 3.1<\/h2>\n\n\n\n<p>Dieses handliche Kleinspannungsnetzger\u00e4t l\u00e4sst sich \u00fcberall dort leicht einsetzen, wo eine stufenlos regelbare Gleichspannung von 0 bis 12 V ben\u00f6tigt wird. Bei Wechselspannung liefert es feste Werte von 2 V, 4 V, 6 V und 12 V. Die maximale Gesamtbelastung betr\u00e4gt 3 A.<\/p>\n\n\n\n<p>Zum Lieferumfang geh\u00f6rt bei beiden Netzger\u00e4ten ein 1,5 m langes Netzkabel.<\/p>\n\n\n\n<h3 class=\"wp-block-heading\" id=\"technische-daten-zum-mks-3-1\">Technische Daten zum MKS 3.1<\/h3>\n\n\n\n<p>Netzspannung: 230 V + 6% \u2013 10%; 50\/60 Hz<br>Leistungsaufnahme:&nbsp;max. 110 W<br>Schutzma\u00dfnahme: Galvanische Trennung vom Netz durch Sicherheitstransformator, beide Ausg\u00e4nge sind mit<br>Multifuses elektronisch gegen Kurzschluss und<br>\u00dcberlastung gesichert<br>Gleichspannung: stabilisiert, 0-12 V stufenlos, max. 3 A<br>Restwelligkeit: &lt; 100 mV<br>Wechselspannung: 2-4-6-12-V in Stufen, max. 3 A<br>Abmessungen: 203 x 205 x 117 mm<br>Masse: 3,2 kg<\/p>\n<\/div><\/div>\n\n\n\n<div class=\"wp-block-advgb-column advgb-column advgb-is-one-third-tablet advgb-is-full-mobile\" id=\"advgb-col-9fe77435-38d3-487b-8c05-cf40e9b18994\"><div class=\"advgb-column-inner\" style=\"border-style:none;border-width:1px\">\n<figure class=\"wp-block-image size-full is-resized\"><img loading=\"lazy\" decoding=\"async\" width=\"391\" height=\"294\" src=\"https:\/\/mekruphy.com\/de\/wp-content\/uploads\/2025\/03\/MKS3.1_neu.jpg\" alt=\"\" class=\"wp-image-8538\" style=\"width:220px;height:132px\" srcset=\"https:\/\/mekruphy.com\/de\/wp-content\/uploads\/2025\/03\/MKS3.1_neu.jpg 391w, https:\/\/mekruphy.com\/de\/wp-content\/uploads\/2025\/03\/MKS3.1_neu-300x226.jpg 300w\" sizes=\"auto, (max-width: 391px) 100vw, 391px\" \/><\/figure>\n<\/div><\/div>\n<\/div><\/div><\/div>\n\n\n\n<div class=\"wp-block-advgb-columns advgb-columns-wrapper\" id=\"advgb-cols-883197ca-ef1c-4855-9cb1-28508e365269\"><div class=\"advgb-columns-container\"><div class=\"advgb-columns advgb-columns-row advgb-is-mobile advgb-columns-2 layout-23-13 mbl-layout-stacked vgutter-10\">\n<div class=\"wp-block-advgb-column advgb-column advgb-is-two-thirds-tablet advgb-is-full-mobile\" id=\"advgb-col-d4dc41aa-4846-4808-9fd4-881186338c83\"><div class=\"advgb-column-inner\" style=\"border-style:none;border-width:1px\">\n<h2 class=\"wp-block-heading\" id=\"kleinspannungsnetzgerat-mks-2-4\">Kleinspannungsnetzger\u00e4t MKS 2.4<\/h2>\n\n\n\n<p>Mit seinem Kleinspannungsnetzger\u00e4t MKS 2.4 setzt das MEKRUPHY-System auch auf dem Gebiet der Stromversorgungsger\u00e4te neue Ma\u00dfst\u00e4be. Das Ger\u00e4t liefert sowohl stabilisierte Wechselspannung mit idealer Sinusform wie auch stabilisierte, optimal gegl\u00e4ttete Gleichspannung, jeweils stufenlos von 0 bis 12 Volt. Leuchtdioden zeigen die gew\u00e4hlte Spannungsart an.<\/p>\n\n\n\n<h3 class=\"wp-block-heading\" id=\"technische-daten-des-mks-2-4\">Technische Daten des MKS 2.4<\/h3>\n\n\n\n<p>Netzspannung: 230 V + 6% \u2013 10%; 50\/60 Hz<br>Leistungsaufnahme:&nbsp;&nbsp; max. 75 W<br>Schutzma\u00dfnahme: Galvanische Trennung vom Netz durch Sicherheitstransformator, beide Ausg\u00e4nge sind mit einem SIAutomaten sowie elektronisch gegen Kurzschluss und \u00dcberlastung gesichert<br>Gleichspannung: stabilisiert, 0-12 V stufenlos, max. 2 A<br>Restwelligkeit: &lt; 2 mV<br>Wechselspannung: stabilisiert, 0-12 V stufenlos, max. 2 A<br>Abmessungen: 225 x 199 x 73 mm<br>Masse: 1,7 kg<\/p>\n<\/div><\/div>\n\n\n\n<div class=\"wp-block-advgb-column advgb-column advgb-is-one-third-tablet advgb-is-full-mobile\" id=\"advgb-col-5f27854a-04e4-4c77-859d-43457f296365\"><div class=\"advgb-column-inner\" style=\"border-style:none;border-width:1px\">\n<figure class=\"wp-block-image size-large\"><img loading=\"lazy\" decoding=\"async\" width=\"220\" height=\"100\" src=\"https:\/\/mekruphy.com\/de\/wp-content\/uploads\/2020\/07\/MKS2.4.jpg\" alt=\"Kleinspannungsnetzger\u00e4t MKS 2.4\" class=\"wp-image-1380\"\/><\/figure>\n<\/div><\/div>\n<\/div><\/div><\/div>\n<style class=\"advgb-styles-renderer\">#advgb-col-6495a18a-3384-4268-a22b-53b42bf01d2a>.advgb-column-inner{}@media screen and (max-width: 1023px) {#advgb-col-6495a18a-3384-4268-a22b-53b42bf01d2a>.advgb-column-inner{}}@media screen and (max-width: 767px) {#advgb-col-6495a18a-3384-4268-a22b-53b42bf01d2a>.advgb-column-inner{}}#advgb-col-9fe77435-38d3-487b-8c05-cf40e9b18994>.advgb-column-inner{}@media screen and (max-width: 1023px) {#advgb-col-9fe77435-38d3-487b-8c05-cf40e9b18994>.advgb-column-inner{}}@media screen and (max-width: 767px) {#advgb-col-9fe77435-38d3-487b-8c05-cf40e9b18994>.advgb-column-inner{}}#advgb-cols-3db9b414-fb3c-4ad6-8f12-24fcfbd99183{}@media screen and (max-width: 1023px) {#advgb-cols-3db9b414-fb3c-4ad6-8f12-24fcfbd99183{}}@media screen and (max-width: 767px) {#advgb-cols-3db9b414-fb3c-4ad6-8f12-24fcfbd99183{}}#advgb-col-6495a18a-3384-4268-a22b-53b42bf01d2a>.advgb-column-inner{}@media screen and (max-width: 1023px) {#advgb-col-6495a18a-3384-4268-a22b-53b42bf01d2a>.advgb-column-inner{}}@media screen and (max-width: 767px) {#advgb-col-6495a18a-3384-4268-a22b-53b42bf01d2a>.advgb-column-inner{}}#advgb-col-9fe77435-38d3-487b-8c05-cf40e9b18994>.advgb-column-inner{}@media screen and (max-width: 1023px) {#advgb-col-9fe77435-38d3-487b-8c05-cf40e9b18994>.advgb-column-inner{}}@media screen and (max-width: 767px) {#advgb-col-9fe77435-38d3-487b-8c05-cf40e9b18994>.advgb-column-inner{}}#advgb-col-d4dc41aa-4846-4808-9fd4-881186338c83>.advgb-column-inner{}@media screen and (max-width: 1023px) {#advgb-col-d4dc41aa-4846-4808-9fd4-881186338c83>.advgb-column-inner{}}@media screen and (max-width: 767px) {#advgb-col-d4dc41aa-4846-4808-9fd4-881186338c83>.advgb-column-inner{}}#advgb-col-5f27854a-04e4-4c77-859d-43457f296365>.advgb-column-inner{}@media screen and (max-width: 1023px) {#advgb-col-5f27854a-04e4-4c77-859d-43457f296365>.advgb-column-inner{}}@media screen and (max-width: 767px) {#advgb-col-5f27854a-04e4-4c77-859d-43457f296365>.advgb-column-inner{}}#advgb-cols-883197ca-ef1c-4855-9cb1-28508e365269{}@media screen and (max-width: 1023px) {#advgb-cols-883197ca-ef1c-4855-9cb1-28508e365269{}}@media screen and (max-width: 767px) {#advgb-cols-883197ca-ef1c-4855-9cb1-28508e365269{}}#advgb-col-d4dc41aa-4846-4808-9fd4-881186338c83>.advgb-column-inner{}@media screen and (max-width: 1023px) {#advgb-col-d4dc41aa-4846-4808-9fd4-881186338c83>.advgb-column-inner{}}@media screen and (max-width: 767px) {#advgb-col-d4dc41aa-4846-4808-9fd4-881186338c83>.advgb-column-inner{}}#advgb-col-5f27854a-04e4-4c77-859d-43457f296365>.advgb-column-inner{}@media screen and (max-width: 1023px) {#advgb-col-5f27854a-04e4-4c77-859d-43457f296365>.advgb-column-inner{}}@media screen and (max-width: 767px) {#advgb-col-5f27854a-04e4-4c77-859d-43457f296365>.advgb-column-inner{}}<\/style>","protected":false},"excerpt":{"rendered":"","protected":false},"author":1,"featured_media":0,"parent":612,"menu_order":0,"comment_status":"closed","ping_status":"closed","template":"templates\/product.php","meta":{"_acf_changed":false,"_coblocks_attr":"","_coblocks_dimensions":"","_coblocks_responsive_height":"","_coblocks_accordion_ie_support":"","_eb_attr":"","advgb_blocks_editor_width":"","advgb_blocks_columns_visual_guide":"","footnotes":""},"class_list":["post-1174","page","type-page","status-publish","hentry"],"acf":[],"yoast_head":"<!-- This site is optimized with the Yoast SEO plugin v27.3 - https:\/\/yoast.com\/product\/yoast-seo-wordpress\/ -->\n<title>Spannungsversorgung - MEKRUPHY GmbH<\/title>\n<meta name=\"description\" content=\"Die Kleinspannungsnetzger\u00e4te MKS 2.4 und MKS 3.1 eignen sich hervorragend f\u00fcr Sch\u00fclerexperimente im Physikunterricht.\" \/>\n<meta name=\"robots\" content=\"index, follow, max-snippet:-1, max-image-preview:large, max-video-preview:-1\" \/>\n<link rel=\"canonical\" href=\"https:\/\/mekruphy.com\/de\/produkte\/physik\/physik-spannungsversorgung\/\" \/>\n<meta property=\"og:locale\" content=\"de_DE\" \/>\n<meta property=\"og:type\" content=\"article\" \/>\n<meta property=\"og:title\" content=\"Spannungsversorgung - MEKRUPHY GmbH\" \/>\n<meta property=\"og:description\" content=\"Die Kleinspannungsnetzger\u00e4te MKS 2.4 und MKS 3.1 eignen sich hervorragend f\u00fcr Sch\u00fclerexperimente im Physikunterricht.\" \/>\n<meta property=\"og:url\" content=\"https:\/\/mekruphy.com\/de\/produkte\/physik\/physik-spannungsversorgung\/\" \/>\n<meta property=\"og:site_name\" content=\"MEKRUPHY GmbH\" \/>\n<meta property=\"article:modified_time\" content=\"2025-03-26T08:52:17+00:00\" \/>\n<meta name=\"twitter:card\" content=\"summary_large_image\" \/>\n<meta name=\"twitter:label1\" content=\"Gesch\u00e4tzte Lesezeit\" \/>\n\t<meta name=\"twitter:data1\" content=\"3\u00a0Minuten\" \/>\n<script type=\"application\/ld+json\" class=\"yoast-schema-graph\">{\"@context\":\"https:\\\/\\\/schema.org\",\"@graph\":[{\"@type\":\"WebPage\",\"@id\":\"https:\\\/\\\/mekruphy.com\\\/de\\\/produkte\\\/physik\\\/physik-spannungsversorgung\\\/\",\"url\":\"https:\\\/\\\/mekruphy.com\\\/de\\\/produkte\\\/physik\\\/physik-spannungsversorgung\\\/\",\"name\":\"Spannungsversorgung - MEKRUPHY GmbH\",\"isPartOf\":{\"@id\":\"https:\\\/\\\/mekruphy.com\\\/de\\\/#website\"},\"datePublished\":\"2020-07-24T08:52:23+00:00\",\"dateModified\":\"2025-03-26T08:52:17+00:00\",\"description\":\"Die Kleinspannungsnetzger\u00e4te MKS 2.4 und MKS 3.1 eignen sich hervorragend f\u00fcr Sch\u00fclerexperimente im Physikunterricht.\",\"breadcrumb\":{\"@id\":\"https:\\\/\\\/mekruphy.com\\\/de\\\/produkte\\\/physik\\\/physik-spannungsversorgung\\\/#breadcrumb\"},\"inLanguage\":\"de\",\"potentialAction\":[{\"@type\":\"ReadAction\",\"target\":[\"https:\\\/\\\/mekruphy.com\\\/de\\\/produkte\\\/physik\\\/physik-spannungsversorgung\\\/\"]}]},{\"@type\":\"BreadcrumbList\",\"@id\":\"https:\\\/\\\/mekruphy.com\\\/de\\\/produkte\\\/physik\\\/physik-spannungsversorgung\\\/#breadcrumb\",\"itemListElement\":[{\"@type\":\"ListItem\",\"position\":1,\"name\":\"Startseite\",\"item\":\"https:\\\/\\\/mekruphy.com\\\/de\\\/\"},{\"@type\":\"ListItem\",\"position\":2,\"name\":\"Produkte\",\"item\":\"https:\\\/\\\/mekruphy.com\\\/de\\\/produkte\\\/\"},{\"@type\":\"ListItem\",\"position\":3,\"name\":\"Physik\",\"item\":\"https:\\\/\\\/mekruphy.com\\\/de\\\/produkte\\\/physik\\\/\"},{\"@type\":\"ListItem\",\"position\":4,\"name\":\"Spannungsversorgung\"}]},{\"@type\":\"WebSite\",\"@id\":\"https:\\\/\\\/mekruphy.com\\\/de\\\/#website\",\"url\":\"https:\\\/\\\/mekruphy.com\\\/de\\\/\",\"name\":\"MEKRUPHY GmbH\",\"description\":\"Sch\u00fcler-Experimentierk\u00e4sten f\u00fcr den MINT-Unterricht\",\"potentialAction\":[{\"@type\":\"SearchAction\",\"target\":{\"@type\":\"EntryPoint\",\"urlTemplate\":\"https:\\\/\\\/mekruphy.com\\\/de\\\/?s={search_term_string}\"},\"query-input\":{\"@type\":\"PropertyValueSpecification\",\"valueRequired\":true,\"valueName\":\"search_term_string\"}}],\"inLanguage\":\"de\"}]}<\/script>\n<!-- \/ Yoast SEO plugin. -->","yoast_head_json":{"title":"Spannungsversorgung - MEKRUPHY GmbH","description":"Die Kleinspannungsnetzger\u00e4te MKS 2.4 und MKS 3.1 eignen sich hervorragend f\u00fcr Sch\u00fclerexperimente im Physikunterricht.","robots":{"index":"index","follow":"follow","max-snippet":"max-snippet:-1","max-image-preview":"max-image-preview:large","max-video-preview":"max-video-preview:-1"},"canonical":"https:\/\/mekruphy.com\/de\/produkte\/physik\/physik-spannungsversorgung\/","og_locale":"de_DE","og_type":"article","og_title":"Spannungsversorgung - MEKRUPHY GmbH","og_description":"Die Kleinspannungsnetzger\u00e4te MKS 2.4 und MKS 3.1 eignen sich hervorragend f\u00fcr Sch\u00fclerexperimente im Physikunterricht.","og_url":"https:\/\/mekruphy.com\/de\/produkte\/physik\/physik-spannungsversorgung\/","og_site_name":"MEKRUPHY GmbH","article_modified_time":"2025-03-26T08:52:17+00:00","twitter_card":"summary_large_image","twitter_misc":{"Gesch\u00e4tzte Lesezeit":"3\u00a0Minuten"},"schema":{"@context":"https:\/\/schema.org","@graph":[{"@type":"WebPage","@id":"https:\/\/mekruphy.com\/de\/produkte\/physik\/physik-spannungsversorgung\/","url":"https:\/\/mekruphy.com\/de\/produkte\/physik\/physik-spannungsversorgung\/","name":"Spannungsversorgung - MEKRUPHY GmbH","isPartOf":{"@id":"https:\/\/mekruphy.com\/de\/#website"},"datePublished":"2020-07-24T08:52:23+00:00","dateModified":"2025-03-26T08:52:17+00:00","description":"Die Kleinspannungsnetzger\u00e4te MKS 2.4 und MKS 3.1 eignen sich hervorragend f\u00fcr Sch\u00fclerexperimente im Physikunterricht.","breadcrumb":{"@id":"https:\/\/mekruphy.com\/de\/produkte\/physik\/physik-spannungsversorgung\/#breadcrumb"},"inLanguage":"de","potentialAction":[{"@type":"ReadAction","target":["https:\/\/mekruphy.com\/de\/produkte\/physik\/physik-spannungsversorgung\/"]}]},{"@type":"BreadcrumbList","@id":"https:\/\/mekruphy.com\/de\/produkte\/physik\/physik-spannungsversorgung\/#breadcrumb","itemListElement":[{"@type":"ListItem","position":1,"name":"Startseite","item":"https:\/\/mekruphy.com\/de\/"},{"@type":"ListItem","position":2,"name":"Produkte","item":"https:\/\/mekruphy.com\/de\/produkte\/"},{"@type":"ListItem","position":3,"name":"Physik","item":"https:\/\/mekruphy.com\/de\/produkte\/physik\/"},{"@type":"ListItem","position":4,"name":"Spannungsversorgung"}]},{"@type":"WebSite","@id":"https:\/\/mekruphy.com\/de\/#website","url":"https:\/\/mekruphy.com\/de\/","name":"MEKRUPHY GmbH","description":"Sch\u00fcler-Experimentierk\u00e4sten f\u00fcr den MINT-Unterricht","potentialAction":[{"@type":"SearchAction","target":{"@type":"EntryPoint","urlTemplate":"https:\/\/mekruphy.com\/de\/?s={search_term_string}"},"query-input":{"@type":"PropertyValueSpecification","valueRequired":true,"valueName":"search_term_string"}}],"inLanguage":"de"}]}},"coauthors":[],"author_meta":{"author_link":"https:\/\/mekruphy.com\/de\/author\/mwbsca\/","display_name":"mwbscA"},"relative_dates":{"created":"Ver\u00f6ffentlicht 6\u00a0Jahren vor","modified":"Aktualisiert 1\u00a0Jahr vor"},"absolute_dates":{"created":"Ver\u00f6ffentlicht am 24. Juli 2020","modified":"Aktualisiert am 26. M\u00e4rz 2025"},"absolute_dates_time":{"created":"Ver\u00f6ffentlicht am 24. Juli 2020 10:52","modified":"Aktualisiert am 26. M\u00e4rz 2025 9:52"},"featured_img_caption":"","featured_img":false,"series_order":"","_links":{"self":[{"href":"https:\/\/mekruphy.com\/de\/wp-json\/wp\/v2\/pages\/1174","targetHints":{"allow":["GET"]}}],"collection":[{"href":"https:\/\/mekruphy.com\/de\/wp-json\/wp\/v2\/pages"}],"about":[{"href":"https:\/\/mekruphy.com\/de\/wp-json\/wp\/v2\/types\/page"}],"author":[{"embeddable":true,"href":"https:\/\/mekruphy.com\/de\/wp-json\/wp\/v2\/users\/1"}],"replies":[{"embeddable":true,"href":"https:\/\/mekruphy.com\/de\/wp-json\/wp\/v2\/comments?post=1174"}],"version-history":[{"count":11,"href":"https:\/\/mekruphy.com\/de\/wp-json\/wp\/v2\/pages\/1174\/revisions"}],"predecessor-version":[{"id":8542,"href":"https:\/\/mekruphy.com\/de\/wp-json\/wp\/v2\/pages\/1174\/revisions\/8542"}],"up":[{"embeddable":true,"href":"https:\/\/mekruphy.com\/de\/wp-json\/wp\/v2\/pages\/612"}],"wp:attachment":[{"href":"https:\/\/mekruphy.com\/de\/wp-json\/wp\/v2\/media?parent=1174"}],"curies":[{"name":"wp","href":"https:\/\/api.w.org\/{rel}","templated":true}]}}