{"id":1176,"date":"2020-07-24T10:54:37","date_gmt":"2020-07-24T08:54:37","guid":{"rendered":"https:\/\/mekruphy.com\/de\/?page_id=1176"},"modified":"2022-01-25T11:27:22","modified_gmt":"2022-01-25T10:27:22","slug":"physik-vielfachmessgerat","status":"publish","type":"page","link":"https:\/\/mekruphy.com\/de\/produkte\/physik\/physik-vielfachmessgerat\/","title":{"rendered":"Vielfachmessger\u00e4t"},"content":{"rendered":"\n<h2 class=\"wp-block-heading\" id=\"vielfachmessgerat-amm-3000\">Vielfachmessger\u00e4t AMM 3000<\/h2>\n\n\n\n<div class=\"wp-block-advgb-columns advgb-columns-wrapper\" id=\"advgb-cols-c316c1c9-1f9e-4c19-9fd4-e19cb0582511\"><div class=\"advgb-columns-container\"><div class=\"advgb-columns advgb-columns-row advgb-is-mobile advgb-columns-2 layout-23-13 mbl-layout-stacked gutter-20 vgutter-10\">\n<div class=\"wp-block-advgb-column advgb-column advgb-is-two-thirds-tablet advgb-is-full-mobile\" id=\"advgb-col-4ffe48c5-39de-48c5-a783-437d9238e3be\"><div class=\"advgb-column-inner\" style=\"border-style:none;border-width:1px\">\n<p>Das Vielfachmessger\u00e4t AMM 3000 ist eine MEKRUPHY-Entwicklung f\u00fcr den <a style=\"font-size: revert;\" href=\"https:\/\/mekruphy.com\/de\/produkte\/physik\/\">Physikunterricht<\/a><span style=\"font-size: revert; color: initial;\">, die h\u00f6chsten An\u00adspr\u00fcchen gerecht wird, und eine konsequente Fortsetzung des Modells AMM 2000.<\/span><\/p>\n\n\n\n<h3 class=\"wp-block-heading\" id=\"analog-statt-digital\">Analog statt Digital<\/h3>\n\n\n\n<ul class=\"wp-block-list\"><li>Sch\u00fclerinnen und Sch\u00fcler, die eine Analoganzeige ablesen k\u00f6nnen, verm\u00f6gen auch eine Digitalanzeige abzulesen. Umgekehrt ist dies nicht der Fall.<\/li><li>Ein Zeiger teilt eine Skala in Teilbereiche ein und macht<br>Verh\u00e4ltnisse und Bezugspunkte sichtbar.<\/li><\/ul>\n\n\n\n<h3 class=\"wp-block-heading\" id=\"amm-3000-zwei-gerate-in-einem\">AMM 3000: Zwei Ger\u00e4te in einem<\/h3>\n\n\n\n<p>Das MEKRUPHY-Vielfachmessger\u00e4t AMM 3000 vereinigt in sich ein Nullpunkt-Links- und ein Nullpunkt- Mitte-Instrument. Durch einfaches Umschalten kann der Zeiger auf die jeweilige Ausgangsposition gebracht werden.<\/p>\n\n\n\n<h3 class=\"wp-block-heading\" id=\"amm-3000-einheitliche-skala\">AMM 3000: Einheitliche Skala<\/h3>\n\n\n\n<p>Nach dem Grundsatz \u201eWeniger ist mehr\u201c tr\u00e4gt die gro\u00dfe Weitwinkel-Spiegelskala nur zwei \u00fcbersichtliche, farblich getrennte Skalen: eine einzige lineare Skala f\u00fcr Wechsel- und Gleichspannung bzw. Wechsel- und Gleichstrom und ebenso eine einzige lineare Skala f\u00fcr diese Bereiche mit Nullpunkt Mitte.<\/p>\n\n\n\n<h3 class=\"wp-block-heading\" id=\"technische-daten-zum-amm-3000\">Technische Daten zum AMM 3000<\/h3>\n\n\n\n<ul class=\"wp-block-list\"><li>Messwerk: Drehspulmesswerk Kl. 2,5<\/li><li>Genauigkeit: 2,50%<\/li><li>Eingangswiderstand: 10 M\u03a9<\/li><li>\u00dcberlastschutz: In allen Spannungsbereichen elektronisch, in allen Strombereichen durch Leistungsdioden und eine Schmelzsicherung, die gegebenenfalls schnell gewechselt werden kann.<\/li><li>Batterie: 9V-Block<\/li><li>Abmessungen: 139 x 100 x 36 mm<\/li><li>Masse: 266 g<\/li><\/ul>\n<\/div><\/div>\n\n\n\n<div class=\"wp-block-advgb-column advgb-column advgb-is-one-third-tablet advgb-is-full-mobile\" id=\"advgb-col-10fd0a53-73f0-4767-b1a5-9e2affedc0e9\"><div class=\"advgb-column-inner\" style=\"border-style:none;border-width:1px\">\n<figure class=\"wp-block-image size-large is-resized is-style-default\"><img loading=\"lazy\" decoding=\"async\" src=\"https:\/\/mekruphy.com\/de\/wp-content\/uploads\/2020\/07\/amm3000.jpg\" alt=\"AMM 3000\" class=\"wp-image-1403\" width=\"220\" height=\"260\"\/><\/figure>\n<\/div><\/div>\n<\/div><\/div><\/div>\n\n\n\n<h2 class=\"wp-block-heading\" id=\"aufbewahrungskasten\">Aufbewahrungskasten<\/h2>\n\n\n\n<div class=\"wp-block-advgb-columns advgb-columns-wrapper\" id=\"advgb-cols-8fdbcbd0-0121-47d6-9acf-76ca9a3edddc\"><div class=\"advgb-columns-container\"><div class=\"advgb-columns advgb-columns-row advgb-is-mobile advgb-columns-2 layout-23-13 mbl-layout-stacked gutter-20 vgutter-10\">\n<div class=\"wp-block-advgb-column advgb-column advgb-is-two-thirds-tablet advgb-is-full-mobile\" id=\"advgb-col-3c9da94e-d974-4234-827f-2c8cbcb66471\"><div class=\"advgb-column-inner\" style=\"border-style:none;border-width:1px\">\n<p>Zum AMM 3000 gibt es einen stabilen, aber dennoch leichten Auf\u00adbe\u00adwahrungs\u00adkasten, der bis zu 10 Messger\u00e4te aufnehmen kann.<\/p>\n<\/div><\/div>\n\n\n\n<div class=\"wp-block-advgb-column advgb-column advgb-is-one-third-tablet advgb-is-full-mobile\" id=\"advgb-col-94dd8929-2e9c-4d61-ae07-a21c3b6946d7\"><div class=\"advgb-column-inner\" style=\"border-style:none;border-width:1px\">\n<figure class=\"wp-block-image size-large\"><img loading=\"lazy\" decoding=\"async\" width=\"220\" height=\"92\" src=\"https:\/\/mekruphy.com\/de\/wp-content\/uploads\/2020\/07\/aufmacher.jpg\" alt=\"Aufbewahrungskasten f\u00fcr Vielfachmessger\u00e4te\" class=\"wp-image-1404\"\/><\/figure>\n<\/div><\/div>\n<\/div><\/div><\/div>\n<style class=\"advgb-styles-renderer\">#advgb-col-4ffe48c5-39de-48c5-a783-437d9238e3be>.advgb-column-inner{}@media screen and (max-width: 1023px) {#advgb-col-4ffe48c5-39de-48c5-a783-437d9238e3be>.advgb-column-inner{}}@media screen and (max-width: 767px) {#advgb-col-4ffe48c5-39de-48c5-a783-437d9238e3be>.advgb-column-inner{}}#advgb-col-10fd0a53-73f0-4767-b1a5-9e2affedc0e9>.advgb-column-inner{}@media screen and (max-width: 1023px) {#advgb-col-10fd0a53-73f0-4767-b1a5-9e2affedc0e9>.advgb-column-inner{}}@media screen and (max-width: 767px) {#advgb-col-10fd0a53-73f0-4767-b1a5-9e2affedc0e9>.advgb-column-inner{}}#advgb-cols-c316c1c9-1f9e-4c19-9fd4-e19cb0582511{}@media screen and (max-width: 1023px) {#advgb-cols-c316c1c9-1f9e-4c19-9fd4-e19cb0582511{}}@media screen and (max-width: 767px) {#advgb-cols-c316c1c9-1f9e-4c19-9fd4-e19cb0582511{}}#advgb-col-4ffe48c5-39de-48c5-a783-437d9238e3be>.advgb-column-inner{}@media screen and (max-width: 1023px) {#advgb-col-4ffe48c5-39de-48c5-a783-437d9238e3be>.advgb-column-inner{}}@media screen and (max-width: 767px) {#advgb-col-4ffe48c5-39de-48c5-a783-437d9238e3be>.advgb-column-inner{}}#advgb-col-10fd0a53-73f0-4767-b1a5-9e2affedc0e9>.advgb-column-inner{}@media screen and (max-width: 1023px) {#advgb-col-10fd0a53-73f0-4767-b1a5-9e2affedc0e9>.advgb-column-inner{}}@media screen and (max-width: 767px) {#advgb-col-10fd0a53-73f0-4767-b1a5-9e2affedc0e9>.advgb-column-inner{}}#advgb-col-3c9da94e-d974-4234-827f-2c8cbcb66471>.advgb-column-inner{}@media screen and (max-width: 1023px) {#advgb-col-3c9da94e-d974-4234-827f-2c8cbcb66471>.advgb-column-inner{}}@media screen and (max-width: 767px) {#advgb-col-3c9da94e-d974-4234-827f-2c8cbcb66471>.advgb-column-inner{}}#advgb-col-94dd8929-2e9c-4d61-ae07-a21c3b6946d7>.advgb-column-inner{}@media screen and (max-width: 1023px) {#advgb-col-94dd8929-2e9c-4d61-ae07-a21c3b6946d7>.advgb-column-inner{}}@media screen and (max-width: 767px) {#advgb-col-94dd8929-2e9c-4d61-ae07-a21c3b6946d7>.advgb-column-inner{}}#advgb-cols-8fdbcbd0-0121-47d6-9acf-76ca9a3edddc{}@media screen and (max-width: 1023px) {#advgb-cols-8fdbcbd0-0121-47d6-9acf-76ca9a3edddc{}}@media screen and (max-width: 767px) {#advgb-cols-8fdbcbd0-0121-47d6-9acf-76ca9a3edddc{}}#advgb-col-3c9da94e-d974-4234-827f-2c8cbcb66471>.advgb-column-inner{}@media screen and (max-width: 1023px) {#advgb-col-3c9da94e-d974-4234-827f-2c8cbcb66471>.advgb-column-inner{}}@media screen and (max-width: 767px) {#advgb-col-3c9da94e-d974-4234-827f-2c8cbcb66471>.advgb-column-inner{}}#advgb-col-94dd8929-2e9c-4d61-ae07-a21c3b6946d7>.advgb-column-inner{}@media screen and (max-width: 1023px) {#advgb-col-94dd8929-2e9c-4d61-ae07-a21c3b6946d7>.advgb-column-inner{}}@media screen and (max-width: 767px) {#advgb-col-94dd8929-2e9c-4d61-ae07-a21c3b6946d7>.advgb-column-inner{}}<\/style>","protected":false},"excerpt":{"rendered":"","protected":false},"author":1,"featured_media":0,"parent":612,"menu_order":0,"comment_status":"closed","ping_status":"closed","template":"templates\/product.php","meta":{"_acf_changed":false,"_coblocks_attr":"","_coblocks_dimensions":"","_coblocks_responsive_height":"","_coblocks_accordion_ie_support":"","_eb_attr":"","advgb_blocks_editor_width":"","advgb_blocks_columns_visual_guide":"","footnotes":""},"class_list":["post-1176","page","type-page","status-publish","hentry"],"acf":[],"yoast_head":"<!-- This site is optimized with the Yoast SEO plugin v27.5 - https:\/\/yoast.com\/product\/yoast-seo-wordpress\/ -->\n<title>Vielfachmessger\u00e4t - MEKRUPHY GmbH<\/title>\n<meta name=\"description\" content=\"Das Vielfachmessger\u00e4t AMM 3000 ist eine MEKRUPHY-Entwicklung, die h\u00f6chsten An\u00adspr\u00fcchen f\u00fcr den Physikunterricht gerecht wird.\" \/>\n<meta name=\"robots\" content=\"index, follow, max-snippet:-1, max-image-preview:large, max-video-preview:-1\" \/>\n<link rel=\"canonical\" href=\"https:\/\/mekruphy.com\/de\/produkte\/physik\/physik-vielfachmessgerat\/\" \/>\n<meta property=\"og:locale\" content=\"de_DE\" \/>\n<meta property=\"og:type\" content=\"article\" \/>\n<meta property=\"og:title\" content=\"Vielfachmessger\u00e4t - MEKRUPHY GmbH\" \/>\n<meta property=\"og:description\" content=\"Das Vielfachmessger\u00e4t AMM 3000 ist eine MEKRUPHY-Entwicklung, die h\u00f6chsten An\u00adspr\u00fcchen f\u00fcr den Physikunterricht gerecht wird.\" \/>\n<meta property=\"og:url\" content=\"https:\/\/mekruphy.com\/de\/produkte\/physik\/physik-vielfachmessgerat\/\" \/>\n<meta property=\"og:site_name\" content=\"MEKRUPHY GmbH\" \/>\n<meta property=\"article:modified_time\" content=\"2022-01-25T10:27:22+00:00\" \/>\n<meta name=\"twitter:card\" content=\"summary_large_image\" \/>\n<script type=\"application\/ld+json\" class=\"yoast-schema-graph\">{\"@context\":\"https:\\\/\\\/schema.org\",\"@graph\":[{\"@type\":\"WebPage\",\"@id\":\"https:\\\/\\\/mekruphy.com\\\/de\\\/produkte\\\/physik\\\/physik-vielfachmessgerat\\\/\",\"url\":\"https:\\\/\\\/mekruphy.com\\\/de\\\/produkte\\\/physik\\\/physik-vielfachmessgerat\\\/\",\"name\":\"Vielfachmessger\u00e4t - MEKRUPHY GmbH\",\"isPartOf\":{\"@id\":\"https:\\\/\\\/mekruphy.com\\\/de\\\/#website\"},\"datePublished\":\"2020-07-24T08:54:37+00:00\",\"dateModified\":\"2022-01-25T10:27:22+00:00\",\"description\":\"Das Vielfachmessger\u00e4t AMM 3000 ist eine MEKRUPHY-Entwicklung, die h\u00f6chsten An\u00adspr\u00fcchen f\u00fcr den Physikunterricht gerecht wird.\",\"breadcrumb\":{\"@id\":\"https:\\\/\\\/mekruphy.com\\\/de\\\/produkte\\\/physik\\\/physik-vielfachmessgerat\\\/#breadcrumb\"},\"inLanguage\":\"de\",\"potentialAction\":[{\"@type\":\"ReadAction\",\"target\":[\"https:\\\/\\\/mekruphy.com\\\/de\\\/produkte\\\/physik\\\/physik-vielfachmessgerat\\\/\"]}]},{\"@type\":\"BreadcrumbList\",\"@id\":\"https:\\\/\\\/mekruphy.com\\\/de\\\/produkte\\\/physik\\\/physik-vielfachmessgerat\\\/#breadcrumb\",\"itemListElement\":[{\"@type\":\"ListItem\",\"position\":1,\"name\":\"Startseite\",\"item\":\"https:\\\/\\\/mekruphy.com\\\/de\\\/\"},{\"@type\":\"ListItem\",\"position\":2,\"name\":\"Produkte\",\"item\":\"https:\\\/\\\/mekruphy.com\\\/de\\\/produkte\\\/\"},{\"@type\":\"ListItem\",\"position\":3,\"name\":\"Physik\",\"item\":\"https:\\\/\\\/mekruphy.com\\\/de\\\/produkte\\\/physik\\\/\"},{\"@type\":\"ListItem\",\"position\":4,\"name\":\"Vielfachmessger\u00e4t\"}]},{\"@type\":\"WebSite\",\"@id\":\"https:\\\/\\\/mekruphy.com\\\/de\\\/#website\",\"url\":\"https:\\\/\\\/mekruphy.com\\\/de\\\/\",\"name\":\"MEKRUPHY GmbH\",\"description\":\"Sch\u00fcler-Experimentierk\u00e4sten f\u00fcr den MINT-Unterricht\",\"potentialAction\":[{\"@type\":\"SearchAction\",\"target\":{\"@type\":\"EntryPoint\",\"urlTemplate\":\"https:\\\/\\\/mekruphy.com\\\/de\\\/?s={search_term_string}\"},\"query-input\":{\"@type\":\"PropertyValueSpecification\",\"valueRequired\":true,\"valueName\":\"search_term_string\"}}],\"inLanguage\":\"de\"}]}<\/script>\n<!-- \/ Yoast SEO plugin. -->","yoast_head_json":{"title":"Vielfachmessger\u00e4t - MEKRUPHY GmbH","description":"Das Vielfachmessger\u00e4t AMM 3000 ist eine MEKRUPHY-Entwicklung, die h\u00f6chsten An\u00adspr\u00fcchen f\u00fcr den Physikunterricht gerecht wird.","robots":{"index":"index","follow":"follow","max-snippet":"max-snippet:-1","max-image-preview":"max-image-preview:large","max-video-preview":"max-video-preview:-1"},"canonical":"https:\/\/mekruphy.com\/de\/produkte\/physik\/physik-vielfachmessgerat\/","og_locale":"de_DE","og_type":"article","og_title":"Vielfachmessger\u00e4t - MEKRUPHY GmbH","og_description":"Das Vielfachmessger\u00e4t AMM 3000 ist eine MEKRUPHY-Entwicklung, die h\u00f6chsten An\u00adspr\u00fcchen f\u00fcr den Physikunterricht gerecht wird.","og_url":"https:\/\/mekruphy.com\/de\/produkte\/physik\/physik-vielfachmessgerat\/","og_site_name":"MEKRUPHY GmbH","article_modified_time":"2022-01-25T10:27:22+00:00","twitter_card":"summary_large_image","schema":{"@context":"https:\/\/schema.org","@graph":[{"@type":"WebPage","@id":"https:\/\/mekruphy.com\/de\/produkte\/physik\/physik-vielfachmessgerat\/","url":"https:\/\/mekruphy.com\/de\/produkte\/physik\/physik-vielfachmessgerat\/","name":"Vielfachmessger\u00e4t - MEKRUPHY GmbH","isPartOf":{"@id":"https:\/\/mekruphy.com\/de\/#website"},"datePublished":"2020-07-24T08:54:37+00:00","dateModified":"2022-01-25T10:27:22+00:00","description":"Das Vielfachmessger\u00e4t AMM 3000 ist eine MEKRUPHY-Entwicklung, die h\u00f6chsten An\u00adspr\u00fcchen f\u00fcr den Physikunterricht gerecht wird.","breadcrumb":{"@id":"https:\/\/mekruphy.com\/de\/produkte\/physik\/physik-vielfachmessgerat\/#breadcrumb"},"inLanguage":"de","potentialAction":[{"@type":"ReadAction","target":["https:\/\/mekruphy.com\/de\/produkte\/physik\/physik-vielfachmessgerat\/"]}]},{"@type":"BreadcrumbList","@id":"https:\/\/mekruphy.com\/de\/produkte\/physik\/physik-vielfachmessgerat\/#breadcrumb","itemListElement":[{"@type":"ListItem","position":1,"name":"Startseite","item":"https:\/\/mekruphy.com\/de\/"},{"@type":"ListItem","position":2,"name":"Produkte","item":"https:\/\/mekruphy.com\/de\/produkte\/"},{"@type":"ListItem","position":3,"name":"Physik","item":"https:\/\/mekruphy.com\/de\/produkte\/physik\/"},{"@type":"ListItem","position":4,"name":"Vielfachmessger\u00e4t"}]},{"@type":"WebSite","@id":"https:\/\/mekruphy.com\/de\/#website","url":"https:\/\/mekruphy.com\/de\/","name":"MEKRUPHY GmbH","description":"Sch\u00fcler-Experimentierk\u00e4sten f\u00fcr den MINT-Unterricht","potentialAction":[{"@type":"SearchAction","target":{"@type":"EntryPoint","urlTemplate":"https:\/\/mekruphy.com\/de\/?s={search_term_string}"},"query-input":{"@type":"PropertyValueSpecification","valueRequired":true,"valueName":"search_term_string"}}],"inLanguage":"de"}]}},"coauthors":[],"author_meta":{"author_link":"https:\/\/mekruphy.com\/de\/author\/mwbsca\/","display_name":"mwbscA"},"relative_dates":{"created":"Ver\u00f6ffentlicht 6\u00a0Jahren vor","modified":"Aktualisiert 4\u00a0Jahren vor"},"absolute_dates":{"created":"Ver\u00f6ffentlicht am 24. Juli 2020","modified":"Aktualisiert am 25. Januar 2022"},"absolute_dates_time":{"created":"Ver\u00f6ffentlicht am 24. Juli 2020 10:54","modified":"Aktualisiert am 25. Januar 2022 11:27"},"featured_img_caption":"","featured_img":false,"series_order":"","_links":{"self":[{"href":"https:\/\/mekruphy.com\/de\/wp-json\/wp\/v2\/pages\/1176","targetHints":{"allow":["GET"]}}],"collection":[{"href":"https:\/\/mekruphy.com\/de\/wp-json\/wp\/v2\/pages"}],"about":[{"href":"https:\/\/mekruphy.com\/de\/wp-json\/wp\/v2\/types\/page"}],"author":[{"embeddable":true,"href":"https:\/\/mekruphy.com\/de\/wp-json\/wp\/v2\/users\/1"}],"replies":[{"embeddable":true,"href":"https:\/\/mekruphy.com\/de\/wp-json\/wp\/v2\/comments?post=1176"}],"version-history":[{"count":7,"href":"https:\/\/mekruphy.com\/de\/wp-json\/wp\/v2\/pages\/1176\/revisions"}],"predecessor-version":[{"id":2540,"href":"https:\/\/mekruphy.com\/de\/wp-json\/wp\/v2\/pages\/1176\/revisions\/2540"}],"up":[{"embeddable":true,"href":"https:\/\/mekruphy.com\/de\/wp-json\/wp\/v2\/pages\/612"}],"wp:attachment":[{"href":"https:\/\/mekruphy.com\/de\/wp-json\/wp\/v2\/media?parent=1176"}],"curies":[{"name":"wp","href":"https:\/\/api.w.org\/{rel}","templated":true}]}}