{"id":1187,"date":"2020-07-24T12:10:43","date_gmt":"2020-07-24T10:10:43","guid":{"rendered":"https:\/\/mekruphy.com\/de\/?page_id=1187"},"modified":"2026-03-26T15:29:47","modified_gmt":"2026-03-26T14:29:47","slug":"experimentiersatz-waerme-3-addestation-wireless","status":"publish","type":"page","link":"https:\/\/mekruphy.com\/de\/produkte\/addestation\/experimentiersatz-waerme-3-addestation-wireless\/","title":{"rendered":"Experimentiersatz W\u00c4RME 3 ADDESTATION wireless"},"content":{"rendered":"<div class=\"yoast-breadcrumbs\"><span><span><a href=\"https:\/\/mekruphy.com\/de\/\">Startseite<\/a><\/span> \u00bb <span><a href=\"https:\/\/mekruphy.com\/de\/produkte\/\">Produkte<\/a><\/span> \u00bb <span><a href=\"https:\/\/mekruphy.com\/de\/produkte\/addestation\/\">ADDESTATION<\/a><\/span> \u00bb <span class=\"breadcrumb_last\" aria-current=\"page\">Experimentiersatz W\u00c4RME 3 ADDESTATION wireless<\/span><\/span><\/div>\n\n\n<div class=\"wp-block-advgb-adv-tabs advgb-tabs-wrapper advgb-tab-horz-desktop advgb-tab-vert-tablet advgb-tab-stack-mobile advgb-tabs-90c72fbc-0f1f-48ef-bcba-67acf649ff49\" data-tab-active=\"0\"><ul class=\"advgb-tabs-panel\" role=\"tablist\"><li class=\"advgb-tab advgb-tab-active\" role=\"presentation\" style=\"background-color:#e0e0e0;border-style:solid;border-width:1px;border-radius:10px\"><button class=\"advgb-tab-button\" id=\"advgb-tab-_c72fbc-0f-0\" aria-controls=\"advgb-tab-panel-_c72fbc-0f-0\" role=\"tab\" aria-selected=\"true\" tabindex=\"0\" style=\"color:#fff;background:none;border:none;width:100%;text-align:inherit;cursor:pointer;padding:8px 16px;font:inherit\"><span>Beschreibung<\/span><\/button><\/li><li class=\"advgb-tab \" role=\"presentation\" style=\"background-color:#e0e0e0;border-style:solid;border-width:1px;border-radius:10px\"><button class=\"advgb-tab-button\" id=\"advgb-tab-_c72fbc-0f-1\" aria-controls=\"advgb-tab-panel-_c72fbc-0f-1\" role=\"tab\" aria-selected=\"false\" tabindex=\"0\" style=\"color:#fff;background:none;border:none;width:100%;text-align:inherit;cursor:pointer;padding:8px 16px;font:inherit\"><span>Lieferumfang<\/span><\/button><\/li><li class=\"advgb-tab \" role=\"presentation\" style=\"background-color:#e0e0e0;border-style:solid;border-width:1px;border-radius:10px\"><button class=\"advgb-tab-button\" id=\"advgb-tab-_c72fbc-0f-2\" aria-controls=\"advgb-tab-panel-_c72fbc-0f-2\" role=\"tab\" aria-selected=\"false\" tabindex=\"0\" style=\"color:#fff;background:none;border:none;width:100%;text-align:inherit;cursor:pointer;padding:8px 16px;font:inherit\"><span>Experimente<\/span><\/button><\/li><li class=\"advgb-tab \" role=\"presentation\" style=\"background-color:#e0e0e0;border-style:solid;border-width:1px;border-radius:10px\"><button class=\"advgb-tab-button\" id=\"advgb-tab-_c72fbc-0f-3\" aria-controls=\"advgb-tab-panel-_c72fbc-0f-3\" role=\"tab\" aria-selected=\"false\" tabindex=\"0\" style=\"color:#fff;background:none;border:none;width:100%;text-align:inherit;cursor:pointer;padding:8px 16px;font:inherit\"><span>Bilder<\/span><\/button><\/li><\/ul><div class=\"advgb-tab-body-wrapper\" style=\"border-style:solid;border-width:1px;border-radius:10px\">\n<div class=\"wp-block-advgb-tab advgb-tab-body-container\"><div class=\"advgb-tab-body-header advgb-tab-class- header-active\" id=\"advgb-tab-panel-_c72fbc-0f-0\" role=\"tabpanel\" aria-labelledby=\"advgb-tab-_c72fbc-0f-0\" tabindex=\"0\"><span>Beschreibung<\/span><\/div><div class=\"advgb-tab-_c72fbc-0f advgb-tab-body\" aria-labelledby=\"advgb-tab-panel-_c72fbc-0f-0\" style=\"display:block\">\n<h2 class=\"wp-block-heading\" id=\"innere-vorgange-sichtbar-machen\">Ein ganz besonderer Experimentiersatz<\/h2>\n\n\n\n<p>Der Experimentiersatz W\u00c4RME 3 erweitert das Themengebiet <a href=\"https:\/\/mekruphy.com\/de\/produkte\/physik\/waerme-energie-radioaktivitaet\/experimentiersatz-energie\/\">ENERGIE<\/a> \u00fcber den klassischen Lehrplan hinaus und beantwortet spannende Grundsatzfragen zum Verst\u00e4ndnis der W\u00e4rmelehre: Hier stehen das Zukunftsthema Energie mit W\u00e4rme- und K\u00e4ltetechnik im Fokus.<\/p>\n\n\n\n<h3 class=\"wp-block-heading\">Innere Vorg\u00e4nge sichtbar machen<\/h3>\n\n\n\n<p>Dank speziell gefertigter Vorrichtungen und Gef\u00e4\u00dfe aus hochwertigem Acrylglas lassen sich mithilfe der Temperatursensoren innere Vorg\u00e4nge sichtbar machen, die mit den herk\u00f6mmlichen Messmethoden bisher nicht dargestellt werden konnten. <br> \u00a0<\/p>\n\n\n\n<p>Beispiele:<\/p>\n\n\n\n<ul class=\"wp-block-list\">\n<li>Bringt man hei\u00dfes und kaltes Wasser in Ber\u00fchrung zueinander, so h\u00e4ngt der Temperaturausgleich davon ab, welche der beiden Fl\u00fcssigkeiten sich innen und welche sich au\u00dfen befindet.<br> <\/li>\n\n\n\n<li>Die Ger\u00e4teausstattung dieses Experimentiersatzes erm\u00f6glicht es, die beg\u00fcnstigenden Faktoren f\u00fcr die Verdunstung zu untersuchen und nachzuweisen, dass die Verdunstung ne\u00adben der W\u00e4r\u00admeleitung, W\u00e4rmestr\u00f6mung und W\u00e4r\u00admestrahlung mit Abstand den h\u00f6chsten Anteil am Abk\u00fchlungs\u00adprozess hat.<br> <\/li>\n\n\n\n<li>Zudem erlaubt es der Experimentiersatz, nicht nur die Schmelzkurve von Eis und die Erstarrungskurve von Wasser aufzunehmen, sondern auch das Ph\u00e4nomen des <a href=\"https:\/\/de.wikipedia.org\/wiki\/Unterk%C3%BChlung_(Thermodynamik)\" target=\"_blank\" rel=\"noreferrer noopener\">Super-Coolings<\/a> nachzuweisen. Dabei bleibt Wasser bis zu einer Temperatur von etwa -5 \u00b0C fl\u00fcssig.<\/li>\n<\/ul>\n\n\n\n<h3 class=\"wp-block-heading\">Enthaltene Sensoren<\/h3>\n\n\n\n<ul class=\"wp-block-list\">\n<li>2-Kanal-Temperatur-Sensor<\/li>\n<\/ul>\n\n\n\n<h3 class=\"wp-block-heading\" id=\"weiteres-zubehor-erforderlich\">Zus\u00e4tzlich erforderlich<\/h3>\n\n\n\n<ul class=\"wp-block-list\">\n<li>Experimentiersatz <a href=\"https:\/\/mekruphy.com\/de\/produkte\/physik\/waerme-energie-radioaktivitaet\/experimentiersatz-waerme-2\/\">W\u00c4RME 2<\/a><\/li>\n<\/ul>\n\n\n\n<h3 class=\"wp-block-heading\">Vom Ph\u00e4nomen zum Quantitativen: Hinweis auf weitere Experimentiers\u00e4tze zum Thema<\/h3>\n\n\n\n<p>Mehr f\u00fcr die Unterstufe konzipiert ist unser Experimentiersatz <a href=\"https:\/\/mekruphy.com\/de\/produkte\/physik\/waerme-energie-radioaktivitaet\/experimentiersatz-waerme-1\/\">W\u00c4RME 1<\/a>, dessen einzige W\u00e4rmequelle ein Teelicht ist. F\u00fcr die Mittelstufe gedacht ist die <a href=\"https:\/\/mekruphy.com\/de\/produkte\/physik\/waerme-energie-radioaktivitaet\/experimentiersatz-waerme-2\/\">W\u00c4RME 2<\/a> mit einem Elektrow\u00e4rmer, der die ber\u00fchrungssichere Erhitzung von Wasser erm\u00f6glicht. Die hier enthaltenen beiden Digitalthermometer k\u00f6nnen bei Bedarf durch die Temperatursensoren aus W\u00c4RME 3 ersetzt werden, wobei das Experiment zum RTC-Widerstand das Grundprinzip der Funktionsweise digitaler Thermometer kl\u00e4rt (Sensorik). Der Experimentiersatz <a href=\"https:\/\/mekruphy.com\/de\/produkte\/physik\/waerme-energie-radioaktivitaet\/experimentiersatz-energie\/\">ENERGIE<\/a> verfolgt ein umfassenderes Konzept mit verschiedensten Energieformen, zu denen auch die W\u00e4rme (innere Energie) geh\u00f6rt, und stellt diese in einen gr\u00f6\u00dferen Kontext, u.a. mit dem Peltier-Modul als Heiz- und K\u00fchlungselement.<\/p>\n\n\n\n<h3 class=\"wp-block-heading\" id=\"h-begleitmaterialien\">Begleitmaterialien<\/h3>\n\n\n\n<p>Passend zum Experimentiersatz W\u00c4RME 3 ADDESTATION wireless sind auch ein <a href=\"https:\/\/mekruphy.com\/de\/produkte\/addestation\/addestation-arbeitshefte\/\">Sch\u00fclerheft<\/a> und ein <a href=\"https:\/\/mekruphy.com\/de\/produkte\/addestation\/addestation-arbeitshefte\/\">Lehrerheft<\/a> mit didaktischen Anweisungen und L\u00f6sungen in analoger Form erh\u00e4ltlich. Das Sch\u00fclerheft ist auch in digitaler Form erwerbbar.<\/p>\n<\/div><\/div>\n\n\n\n<div class=\"wp-block-advgb-tab advgb-tab-body-container\"><div class=\"advgb-tab-body-header advgb-tab-class- \" id=\"advgb-tab-panel-_c72fbc-0f-1\" role=\"tabpanel\" aria-labelledby=\"advgb-tab-_c72fbc-0f-1\" tabindex=\"0\"><span>Lieferumfang<\/span><\/div><div class=\"advgb-tab-_c72fbc-0f advgb-tab-body\" aria-labelledby=\"advgb-tab-panel-_c72fbc-0f-1\" style=\"display:none\">\n<figure class=\"wp-block-table table-product-contents\"><table><tbody><tr><td>01.01.10<\/td><td>Aufbewahrungskasten<\/td><\/tr><tr><td>53.02.00<\/td><td>Ger\u00e4tegeformter Einsatz W3<\/td><\/tr><tr><td>53.03.00<\/td><td>Glasfl\u00e4schchen mit Kugeln (2 St\u00fcck)<\/td><\/tr><tr><td>23.04.*<\/td><td>2-Kanal-Temperatur-Sensor<\/td><\/tr><tr><td>53.05.10<\/td><td>Stahlzylinder W3<\/td><\/tr><tr><td>53.05.20<\/td><td>Kupferzylinder W3<\/td><\/tr><tr><td>53.05.30<\/td><td>Holzzylinder<\/td><\/tr><tr><td>53.05.40<\/td><td>Kunststoffzylinder<\/td><\/tr><tr><td>53.06.00<\/td><td>Acrylglasbeh\u00e4lter<\/td><\/tr><tr><td>53.07.00<\/td><td>Au\u00dfendeckel<\/td><\/tr><tr><td>53.08.00<\/td><td>Innendeckel<\/td><\/tr><tr><td>11.09.00<\/td><td>Strahler 12 V \/ 20 W<\/td><\/tr><tr><td>11.10.00<\/td><td>Glasplatte EN<\/td><\/tr><tr><td>31.11.00<\/td><td>Chemikalienl\u00f6ffel<\/td><\/tr><tr><td>33.11.40<\/td><td>Spritze 10 ml mit Lockansatz<\/td><\/tr><tr><td>53.12.00<\/td><td>Gefrierset<\/td><\/tr><tr><td>53.13.00<\/td><td>Deckel f\u00fcr Metallbecher (2 St\u00fcck)<\/td><\/tr><tr><td>13.14.00<\/td><td>Stahlplatte<\/td><\/tr><tr><td>53.15.00<\/td><td>Metallr\u00f6hrchen silberfarbig<\/td><\/tr><tr><td>53.16.00<\/td><td>Metallr\u00f6hrchen schwarz<\/td><\/tr><tr><td>53.17.00<\/td><td>Temperatursensorhalter<\/td><\/tr><tr><td>53.18.00<\/td><td>Temperatursensorh\u00fclle (2 St\u00fcck)<\/td><\/tr><tr><td>53.19.00<\/td><td>Wollmanschette<\/td><\/tr><tr><td>53.20.00<\/td><td>Ventilator<\/td><\/tr><tr><td>53.21.00<\/td><td>Metallbecher blank (2 St\u00fcck)<\/td><\/tr><tr><td>53.22.00<\/td><td>Metallbecher schwarz<\/td><\/tr><tr><td>53.23.00<\/td><td>Glasstab W3<\/td><\/tr><tr><td>06.24.20<\/td><td>Experimentierkabel 25 cm (2 St\u00fcck)<\/td><\/tr><tr><td>53.25.00<\/td><td>Kunststoffdose W3<\/td><\/tr><tr><td>53.26.00<\/td><td>Isolierplatte<\/td><\/tr><tr><td>53.27.00<\/td><td>Silikonschlauch W3<\/td><\/tr><tr><td>53.28.00<\/td><td>Probestab mit Verstellschraube<\/td><\/tr><\/tbody><\/table><\/figure>\n\n\n\n<h3 class=\"wp-block-heading\" id=\"zusatzlich-erforderlich\">Zus\u00e4tzlich erforderlich:<\/h3>\n\n\n\n<figure class=\"wp-block-table table-product-contents\"><table><tbody><tr><td>10.00.00<\/td><td><a href=\"https:\/\/mekruphy.com\/de\/produkte\/physik\/waerme-energie-radioaktivitaet\/experimentiersatz-waerme-2\/\">Experimentiersatz W\u00e4rme 2<\/a><\/td><\/tr><\/tbody><\/table><\/figure>\n\n\n\n<p><\/p>\n<\/div><\/div>\n\n\n\n<div class=\"wp-block-advgb-tab advgb-tab-body-container\"><div class=\"advgb-tab-body-header advgb-tab-class- \" id=\"advgb-tab-panel-_c72fbc-0f-2\" role=\"tabpanel\" aria-labelledby=\"advgb-tab-_c72fbc-0f-2\" tabindex=\"0\"><span>Experimente<\/span><\/div><div class=\"advgb-tab-_c72fbc-0f advgb-tab-body\" aria-labelledby=\"advgb-tab-panel-_c72fbc-0f-2\" style=\"display:none\">\n<figure class=\"wp-block-table table-product-experiments\"><table><tbody><tr><td>W3-1<\/td><td>Bewegungsenergie und Temperatur<\/td><\/tr><tr><td>W3-2<\/td><td>W\u00e4rmeleitung<\/td><\/tr><tr><td>W3-3<\/td><td>W\u00e4rmefluss 1<\/td><\/tr><tr><td>W3-4<\/td><td>W\u00e4rmefluss 2<\/td><\/tr><tr><td>W3-5<\/td><td>W\u00e4rmeabsorption<\/td><\/tr><tr><td>W3-6<\/td><td>W\u00e4rmeabstrahlung<\/td><\/tr><tr><td>W3-7<\/td><td>W\u00e4rmed\u00e4mmung<\/td><\/tr><tr><td>W3-8<\/td><td>Verdunstungsk\u00e4lte 1<\/td><\/tr><tr><td>W3-9<\/td><td>Verdunstungsk\u00e4lte 2<\/td><\/tr><tr><td>W3-10<\/td><td>Erstarrungskurve von Wasser<\/td><\/tr><tr><td>W3-11<\/td><td>Schmelzkurve von Eis<\/td><\/tr><tr><td>W3-12<\/td><td>Super-Cooling<\/td><\/tr><tr><td>W3-13<\/td><td>Hauptanteil am Abk\u00fchlungsprozess<\/td><\/tr><\/tbody><\/table><\/figure>\n\n\n\n<p><\/p>\n<\/div><\/div>\n\n\n\n<div class=\"wp-block-advgb-tab advgb-tab-body-container\"><div class=\"advgb-tab-body-header advgb-tab-class-undefined \" id=\"advgb-tab-panel-_c72fbc-0f-3\" role=\"tabpanel\" aria-labelledby=\"advgb-tab-_c72fbc-0f-3\" tabindex=\"0\"><span>Bilder<\/span><\/div><div class=\"advgb-tab-_c72fbc-0f advgb-tab-body\" aria-labelledby=\"advgb-tab-panel-_c72fbc-0f-3\" style=\"display:none\">\n<p><\/p>\n\n\n\n<p> &nbsp; <\/p>\n\n\n<div class=\"wp-block-image\">\n<figure class=\"aligncenter size-full is-resized\"><img loading=\"lazy\" decoding=\"async\" width=\"363\" height=\"482\" src=\"https:\/\/mekruphy.com\/de\/wp-content\/uploads\/2021\/03\/W3_2.png\" alt=\"MGA Display\" class=\"wp-image-3013\" style=\"width:272px;height:362px\" srcset=\"https:\/\/mekruphy.com\/de\/wp-content\/uploads\/2021\/03\/W3_2.png 363w, https:\/\/mekruphy.com\/de\/wp-content\/uploads\/2021\/03\/W3_2-226x300.png 226w\" sizes=\"auto, (max-width: 363px) 100vw, 363px\" \/><\/figure>\n<\/div>\n\n\n<p> &nbsp; <\/p>\n\n\n<div class=\"wp-block-image\">\n<figure class=\"aligncenter size-full\"><img loading=\"lazy\" decoding=\"async\" width=\"754\" height=\"460\" src=\"https:\/\/mekruphy.com\/de\/wp-content\/uploads\/2021\/03\/W3_9.jpg\" alt=\"Addestation W\u00e4rme 3\" class=\"wp-image-3020\" srcset=\"https:\/\/mekruphy.com\/de\/wp-content\/uploads\/2021\/03\/W3_9.jpg 754w, https:\/\/mekruphy.com\/de\/wp-content\/uploads\/2021\/03\/W3_9-300x183.jpg 300w\" sizes=\"auto, (max-width: 754px) 100vw, 754px\" \/><\/figure>\n<\/div><\/div><\/div>\n<\/div><\/div>\n\n\n\n<p><\/p>\n<style class=\"advgb-styles-renderer\">.advgb-tabs-90c72fbc-0f1f-48ef-bcba-67acf649ff49 ul.advgb-tabs-panel li.advgb-tab.advgb-tab-active {background-color:#5954d6 !important;color:#fff !important;}#advgb-tabs-90c72fbc-0f1f-48ef-bcba-67acf649ff49 .advgb-tab-body-header.header-active, .advgb-tabs-90c72fbc-0f1f-48ef-bcba-67acf649ff49 .advgb-tab-body-header.header-active{background-color:#5954d6 !important;color:#fff !important;}<\/style>","protected":false},"excerpt":{"rendered":"","protected":false},"author":1,"featured_media":1821,"parent":620,"menu_order":0,"comment_status":"closed","ping_status":"closed","template":"templates\/product.php","meta":{"_acf_changed":false,"_coblocks_attr":"","_coblocks_dimensions":"","_coblocks_responsive_height":"","_coblocks_accordion_ie_support":"","_eb_attr":"","advgb_blocks_editor_width":"","advgb_blocks_columns_visual_guide":"","footnotes":""},"class_list":["post-1187","page","type-page","status-publish","has-post-thumbnail","hentry"],"acf":[],"yoast_head":"<!-- This site is optimized with the Yoast SEO plugin v27.3 - https:\/\/yoast.com\/product\/yoast-seo-wordpress\/ -->\n<title>Experimentiersatz W\u00c4RME 3 ADDESTATION wireless - MEKRUPHY GmbH<\/title>\n<meta name=\"description\" content=\"Mit den hochempfindlichen Temperatur-Sensoren lassen sich zusammen mit unserer Messwerterfassungssoftware innere Vorg\u00e4nge sichtbar machen.\" \/>\n<meta name=\"robots\" content=\"index, follow, max-snippet:-1, max-image-preview:large, max-video-preview:-1\" \/>\n<link rel=\"canonical\" href=\"https:\/\/mekruphy.com\/de\/produkte\/addestation\/experimentiersatz-waerme-3-addestation-wireless\/\" \/>\n<meta property=\"og:locale\" content=\"de_DE\" \/>\n<meta property=\"og:type\" content=\"article\" \/>\n<meta property=\"og:title\" content=\"Experimentiersatz W\u00c4RME 3 ADDESTATION wireless - MEKRUPHY GmbH\" \/>\n<meta property=\"og:description\" content=\"Mit den hochempfindlichen Temperatur-Sensoren lassen sich zusammen mit unserer Messwerterfassungssoftware innere Vorg\u00e4nge sichtbar machen.\" \/>\n<meta property=\"og:url\" content=\"https:\/\/mekruphy.com\/de\/produkte\/addestation\/experimentiersatz-waerme-3-addestation-wireless\/\" \/>\n<meta property=\"og:site_name\" content=\"MEKRUPHY GmbH\" \/>\n<meta property=\"article:modified_time\" content=\"2026-03-26T14:29:47+00:00\" \/>\n<meta property=\"og:image\" content=\"https:\/\/mekruphy.com\/de\/wp-content\/uploads\/2020\/07\/Kasten-Physik-W\u00c4RME-3.jpg\" \/>\n\t<meta property=\"og:image:width\" content=\"1800\" \/>\n\t<meta property=\"og:image:height\" content=\"1382\" \/>\n\t<meta property=\"og:image:type\" content=\"image\/jpeg\" \/>\n<meta name=\"twitter:card\" content=\"summary_large_image\" \/>\n<meta name=\"twitter:label1\" content=\"Gesch\u00e4tzte Lesezeit\" \/>\n\t<meta name=\"twitter:data1\" content=\"3\u00a0Minuten\" \/>\n<script type=\"application\/ld+json\" class=\"yoast-schema-graph\">{\"@context\":\"https:\\\/\\\/schema.org\",\"@graph\":[{\"@type\":\"WebPage\",\"@id\":\"https:\\\/\\\/mekruphy.com\\\/de\\\/produkte\\\/addestation\\\/experimentiersatz-waerme-3-addestation-wireless\\\/\",\"url\":\"https:\\\/\\\/mekruphy.com\\\/de\\\/produkte\\\/addestation\\\/experimentiersatz-waerme-3-addestation-wireless\\\/\",\"name\":\"Experimentiersatz W\u00c4RME 3 ADDESTATION wireless - MEKRUPHY GmbH\",\"isPartOf\":{\"@id\":\"https:\\\/\\\/mekruphy.com\\\/de\\\/#website\"},\"primaryImageOfPage\":{\"@id\":\"https:\\\/\\\/mekruphy.com\\\/de\\\/produkte\\\/addestation\\\/experimentiersatz-waerme-3-addestation-wireless\\\/#primaryimage\"},\"image\":{\"@id\":\"https:\\\/\\\/mekruphy.com\\\/de\\\/produkte\\\/addestation\\\/experimentiersatz-waerme-3-addestation-wireless\\\/#primaryimage\"},\"thumbnailUrl\":\"https:\\\/\\\/mekruphy.com\\\/de\\\/wp-content\\\/uploads\\\/2020\\\/07\\\/Kasten-Physik-W\u00c4RME-3.jpg\",\"datePublished\":\"2020-07-24T10:10:43+00:00\",\"dateModified\":\"2026-03-26T14:29:47+00:00\",\"description\":\"Mit den hochempfindlichen Temperatur-Sensoren lassen sich zusammen mit unserer Messwerterfassungssoftware innere Vorg\u00e4nge sichtbar machen.\",\"breadcrumb\":{\"@id\":\"https:\\\/\\\/mekruphy.com\\\/de\\\/produkte\\\/addestation\\\/experimentiersatz-waerme-3-addestation-wireless\\\/#breadcrumb\"},\"inLanguage\":\"de\",\"potentialAction\":[{\"@type\":\"ReadAction\",\"target\":[\"https:\\\/\\\/mekruphy.com\\\/de\\\/produkte\\\/addestation\\\/experimentiersatz-waerme-3-addestation-wireless\\\/\"]}]},{\"@type\":\"ImageObject\",\"inLanguage\":\"de\",\"@id\":\"https:\\\/\\\/mekruphy.com\\\/de\\\/produkte\\\/addestation\\\/experimentiersatz-waerme-3-addestation-wireless\\\/#primaryimage\",\"url\":\"https:\\\/\\\/mekruphy.com\\\/de\\\/wp-content\\\/uploads\\\/2020\\\/07\\\/Kasten-Physik-W\u00c4RME-3.jpg\",\"contentUrl\":\"https:\\\/\\\/mekruphy.com\\\/de\\\/wp-content\\\/uploads\\\/2020\\\/07\\\/Kasten-Physik-W\u00c4RME-3.jpg\",\"width\":1800,\"height\":1382},{\"@type\":\"BreadcrumbList\",\"@id\":\"https:\\\/\\\/mekruphy.com\\\/de\\\/produkte\\\/addestation\\\/experimentiersatz-waerme-3-addestation-wireless\\\/#breadcrumb\",\"itemListElement\":[{\"@type\":\"ListItem\",\"position\":1,\"name\":\"Startseite\",\"item\":\"https:\\\/\\\/mekruphy.com\\\/de\\\/\"},{\"@type\":\"ListItem\",\"position\":2,\"name\":\"Produkte\",\"item\":\"https:\\\/\\\/mekruphy.com\\\/de\\\/produkte\\\/\"},{\"@type\":\"ListItem\",\"position\":3,\"name\":\"ADDESTATION\",\"item\":\"https:\\\/\\\/mekruphy.com\\\/de\\\/produkte\\\/addestation\\\/\"},{\"@type\":\"ListItem\",\"position\":4,\"name\":\"Experimentiersatz W\u00c4RME 3 ADDESTATION wireless\"}]},{\"@type\":\"WebSite\",\"@id\":\"https:\\\/\\\/mekruphy.com\\\/de\\\/#website\",\"url\":\"https:\\\/\\\/mekruphy.com\\\/de\\\/\",\"name\":\"MEKRUPHY GmbH\",\"description\":\"Sch\u00fcler-Experimentierk\u00e4sten f\u00fcr den MINT-Unterricht\",\"potentialAction\":[{\"@type\":\"SearchAction\",\"target\":{\"@type\":\"EntryPoint\",\"urlTemplate\":\"https:\\\/\\\/mekruphy.com\\\/de\\\/?s={search_term_string}\"},\"query-input\":{\"@type\":\"PropertyValueSpecification\",\"valueRequired\":true,\"valueName\":\"search_term_string\"}}],\"inLanguage\":\"de\"}]}<\/script>\n<!-- \/ Yoast SEO plugin. -->","yoast_head_json":{"title":"Experimentiersatz W\u00c4RME 3 ADDESTATION wireless - MEKRUPHY GmbH","description":"Mit den hochempfindlichen Temperatur-Sensoren lassen sich zusammen mit unserer Messwerterfassungssoftware innere Vorg\u00e4nge sichtbar machen.","robots":{"index":"index","follow":"follow","max-snippet":"max-snippet:-1","max-image-preview":"max-image-preview:large","max-video-preview":"max-video-preview:-1"},"canonical":"https:\/\/mekruphy.com\/de\/produkte\/addestation\/experimentiersatz-waerme-3-addestation-wireless\/","og_locale":"de_DE","og_type":"article","og_title":"Experimentiersatz W\u00c4RME 3 ADDESTATION wireless - MEKRUPHY GmbH","og_description":"Mit den hochempfindlichen Temperatur-Sensoren lassen sich zusammen mit unserer Messwerterfassungssoftware innere Vorg\u00e4nge sichtbar machen.","og_url":"https:\/\/mekruphy.com\/de\/produkte\/addestation\/experimentiersatz-waerme-3-addestation-wireless\/","og_site_name":"MEKRUPHY GmbH","article_modified_time":"2026-03-26T14:29:47+00:00","og_image":[{"width":1800,"height":1382,"url":"https:\/\/mekruphy.com\/de\/wp-content\/uploads\/2020\/07\/Kasten-Physik-W\u00c4RME-3.jpg","type":"image\/jpeg"}],"twitter_card":"summary_large_image","twitter_misc":{"Gesch\u00e4tzte Lesezeit":"3\u00a0Minuten"},"schema":{"@context":"https:\/\/schema.org","@graph":[{"@type":"WebPage","@id":"https:\/\/mekruphy.com\/de\/produkte\/addestation\/experimentiersatz-waerme-3-addestation-wireless\/","url":"https:\/\/mekruphy.com\/de\/produkte\/addestation\/experimentiersatz-waerme-3-addestation-wireless\/","name":"Experimentiersatz W\u00c4RME 3 ADDESTATION wireless - MEKRUPHY GmbH","isPartOf":{"@id":"https:\/\/mekruphy.com\/de\/#website"},"primaryImageOfPage":{"@id":"https:\/\/mekruphy.com\/de\/produkte\/addestation\/experimentiersatz-waerme-3-addestation-wireless\/#primaryimage"},"image":{"@id":"https:\/\/mekruphy.com\/de\/produkte\/addestation\/experimentiersatz-waerme-3-addestation-wireless\/#primaryimage"},"thumbnailUrl":"https:\/\/mekruphy.com\/de\/wp-content\/uploads\/2020\/07\/Kasten-Physik-W\u00c4RME-3.jpg","datePublished":"2020-07-24T10:10:43+00:00","dateModified":"2026-03-26T14:29:47+00:00","description":"Mit den hochempfindlichen Temperatur-Sensoren lassen sich zusammen mit unserer Messwerterfassungssoftware innere Vorg\u00e4nge sichtbar machen.","breadcrumb":{"@id":"https:\/\/mekruphy.com\/de\/produkte\/addestation\/experimentiersatz-waerme-3-addestation-wireless\/#breadcrumb"},"inLanguage":"de","potentialAction":[{"@type":"ReadAction","target":["https:\/\/mekruphy.com\/de\/produkte\/addestation\/experimentiersatz-waerme-3-addestation-wireless\/"]}]},{"@type":"ImageObject","inLanguage":"de","@id":"https:\/\/mekruphy.com\/de\/produkte\/addestation\/experimentiersatz-waerme-3-addestation-wireless\/#primaryimage","url":"https:\/\/mekruphy.com\/de\/wp-content\/uploads\/2020\/07\/Kasten-Physik-W\u00c4RME-3.jpg","contentUrl":"https:\/\/mekruphy.com\/de\/wp-content\/uploads\/2020\/07\/Kasten-Physik-W\u00c4RME-3.jpg","width":1800,"height":1382},{"@type":"BreadcrumbList","@id":"https:\/\/mekruphy.com\/de\/produkte\/addestation\/experimentiersatz-waerme-3-addestation-wireless\/#breadcrumb","itemListElement":[{"@type":"ListItem","position":1,"name":"Startseite","item":"https:\/\/mekruphy.com\/de\/"},{"@type":"ListItem","position":2,"name":"Produkte","item":"https:\/\/mekruphy.com\/de\/produkte\/"},{"@type":"ListItem","position":3,"name":"ADDESTATION","item":"https:\/\/mekruphy.com\/de\/produkte\/addestation\/"},{"@type":"ListItem","position":4,"name":"Experimentiersatz W\u00c4RME 3 ADDESTATION wireless"}]},{"@type":"WebSite","@id":"https:\/\/mekruphy.com\/de\/#website","url":"https:\/\/mekruphy.com\/de\/","name":"MEKRUPHY GmbH","description":"Sch\u00fcler-Experimentierk\u00e4sten f\u00fcr den MINT-Unterricht","potentialAction":[{"@type":"SearchAction","target":{"@type":"EntryPoint","urlTemplate":"https:\/\/mekruphy.com\/de\/?s={search_term_string}"},"query-input":{"@type":"PropertyValueSpecification","valueRequired":true,"valueName":"search_term_string"}}],"inLanguage":"de"}]}},"coauthors":[],"author_meta":{"author_link":"https:\/\/mekruphy.com\/de\/author\/mwbsca\/","display_name":"mwbscA"},"relative_dates":{"created":"Ver\u00f6ffentlicht 6\u00a0Jahren vor","modified":"Aktualisiert 3\u00a0Wochen vor"},"absolute_dates":{"created":"Ver\u00f6ffentlicht am 24. Juli 2020","modified":"Aktualisiert am 26. M\u00e4rz 2026"},"absolute_dates_time":{"created":"Ver\u00f6ffentlicht am 24. Juli 2020 12:10","modified":"Aktualisiert am 26. M\u00e4rz 2026 15:29"},"featured_img_caption":"","featured_img":"https:\/\/mekruphy.com\/de\/wp-content\/uploads\/2020\/07\/Kasten-Physik-W\u00c4RME-3.jpg","series_order":"","_links":{"self":[{"href":"https:\/\/mekruphy.com\/de\/wp-json\/wp\/v2\/pages\/1187","targetHints":{"allow":["GET"]}}],"collection":[{"href":"https:\/\/mekruphy.com\/de\/wp-json\/wp\/v2\/pages"}],"about":[{"href":"https:\/\/mekruphy.com\/de\/wp-json\/wp\/v2\/types\/page"}],"author":[{"embeddable":true,"href":"https:\/\/mekruphy.com\/de\/wp-json\/wp\/v2\/users\/1"}],"replies":[{"embeddable":true,"href":"https:\/\/mekruphy.com\/de\/wp-json\/wp\/v2\/comments?post=1187"}],"version-history":[{"count":24,"href":"https:\/\/mekruphy.com\/de\/wp-json\/wp\/v2\/pages\/1187\/revisions"}],"predecessor-version":[{"id":9115,"href":"https:\/\/mekruphy.com\/de\/wp-json\/wp\/v2\/pages\/1187\/revisions\/9115"}],"up":[{"embeddable":true,"href":"https:\/\/mekruphy.com\/de\/wp-json\/wp\/v2\/pages\/620"}],"wp:featuredmedia":[{"embeddable":true,"href":"https:\/\/mekruphy.com\/de\/wp-json\/wp\/v2\/media\/1821"}],"wp:attachment":[{"href":"https:\/\/mekruphy.com\/de\/wp-json\/wp\/v2\/media?parent=1187"}],"curies":[{"name":"wp","href":"https:\/\/api.w.org\/{rel}","templated":true}]}}