{"id":1189,"date":"2020-07-24T12:13:14","date_gmt":"2020-07-24T10:13:14","guid":{"rendered":"https:\/\/mekruphy.com\/de\/?page_id=1189"},"modified":"2026-03-27T09:46:28","modified_gmt":"2026-03-27T08:46:28","slug":"experimentiersatz-akustik-2-addestation","status":"publish","type":"page","link":"https:\/\/mekruphy.com\/de\/produkte\/addestation\/experimentiersatz-akustik-2-addestation\/","title":{"rendered":"Experimentiersatz AKUSTIK 2 ADDESTATION"},"content":{"rendered":"<div class=\"yoast-breadcrumbs\"><span><span><a href=\"https:\/\/mekruphy.com\/de\/\">Startseite<\/a><\/span> \u00bb <span><a href=\"https:\/\/mekruphy.com\/de\/produkte\/\">Produkte<\/a><\/span> \u00bb <span><a href=\"https:\/\/mekruphy.com\/de\/produkte\/addestation\/\">ADDESTATION<\/a><\/span> \u00bb <span class=\"breadcrumb_last\" aria-current=\"page\">Experimentiersatz AKUSTIK 2 ADDESTATION<\/span><\/span><\/div>\n\n\n<div class=\"wp-block-advgb-adv-tabs advgb-tabs-wrapper advgb-tab-horz-desktop advgb-tab-vert-tablet advgb-tab-stack-mobile advgb-tabs-4c18ec8d-30ef-43ee-a91e-180e801452b8\" data-tab-active=\"0\"><ul class=\"advgb-tabs-panel\" role=\"tablist\"><li class=\"advgb-tab advgb-tab-active\" role=\"presentation\" style=\"background-color:#e0e0e0;border-style:solid;border-width:1px;border-radius:10px\"><button class=\"advgb-tab-button\" id=\"advgb-tab-_18ec8d-30-0\" aria-controls=\"advgb-tab-panel-_18ec8d-30-0\" role=\"tab\" aria-selected=\"true\" tabindex=\"0\" style=\"color:#fff;background:none;border:none;width:100%;text-align:inherit;cursor:pointer;padding:8px 16px;font:inherit\"><span>Beschreibung<\/span><\/button><\/li><li class=\"advgb-tab \" role=\"presentation\" style=\"background-color:#e0e0e0;border-style:solid;border-width:1px;border-radius:10px\"><button class=\"advgb-tab-button\" id=\"advgb-tab-_18ec8d-30-1\" aria-controls=\"advgb-tab-panel-_18ec8d-30-1\" role=\"tab\" aria-selected=\"false\" tabindex=\"0\" style=\"color:#fff;background:none;border:none;width:100%;text-align:inherit;cursor:pointer;padding:8px 16px;font:inherit\"><span>Lieferumfang<\/span><\/button><\/li><li class=\"advgb-tab \" role=\"presentation\" style=\"background-color:#e0e0e0;border-style:solid;border-width:1px;border-radius:10px\"><button class=\"advgb-tab-button\" id=\"advgb-tab-_18ec8d-30-2\" aria-controls=\"advgb-tab-panel-_18ec8d-30-2\" role=\"tab\" aria-selected=\"false\" tabindex=\"0\" style=\"color:#fff;background:none;border:none;width:100%;text-align:inherit;cursor:pointer;padding:8px 16px;font:inherit\"><span>Experimente<\/span><\/button><\/li><li class=\"advgb-tab \" role=\"presentation\" style=\"background-color:#e0e0e0;border-style:solid;border-width:1px;border-radius:10px\"><button class=\"advgb-tab-button\" id=\"advgb-tab-_18ec8d-30-3\" aria-controls=\"advgb-tab-panel-_18ec8d-30-3\" role=\"tab\" aria-selected=\"false\" tabindex=\"0\" style=\"color:#fff;background:none;border:none;width:100%;text-align:inherit;cursor:pointer;padding:8px 16px;font:inherit\"><span>Bilder<\/span><\/button><\/li><\/ul><div class=\"advgb-tab-body-wrapper\" style=\"border-style:solid;border-width:1px;border-radius:10px\">\n<div class=\"wp-block-advgb-tab advgb-tab-body-container\"><div class=\"advgb-tab-body-header advgb-tab-class- header-active\" id=\"advgb-tab-panel-_031c9f-29-0\" role=\"tabpanel\" aria-labelledby=\"advgb-tab-_031c9f-29-0\" tabindex=\"0\"><span>Beschreibung<\/span><\/div><div class=\"advgb-tab-_031c9f-29 advgb-tab-body\" aria-labelledby=\"advgb-tab-panel-_031c9f-29-0\" style=\"display:block\">\n<h2 class=\"wp-block-heading\" id=\"tonfrequenzgenerator-und-oszilloskop-in-einem-gerat\">Tonfrequenzgenerator und Oszilloskop<\/h2>\n\n\n\n<p>Aufbauend auf dem alltagsnahen, mehr ph\u00e4nomenologisch orientierten <a href=\"https:\/\/mekruphy.com\/de\/produkte\/physik\/akustik\/experimentiersatz-akustik-1\/\">Experimentiersatz AKUSTIK 1<\/a> f\u00fcr die Unter- und Mittelstufe bietet die AKUSTIK 2 anspruchsvolle und eindrucksvolle fach\u00fcbergreifende Experimentierm\u00f6glichkeiten im Grenzbereich zwischen Biologie, Musik und Physik \u2013 und das mit minimalem experimentellem Aufwand!<\/p>\n\n\n\n<p>Wozu fr\u00fcher ein <a href=\"https:\/\/de.wikipedia.org\/wiki\/Oszilloskop\" target=\"_blank\" rel=\"noreferrer noopener\">Oszilloskop<\/a> gebraucht wurde, das l\u00e4sst sich heute auch mit Tablet (iOS\/Android) durchf\u00fchren, wenn die grundlegenden Experimentierger\u00e4te bereitstehen. Anhand der graphischen Darstellung erfahren die Sch\u00fclerinnen und Sch\u00fcler, wie sie die Begriffe Ton, Klang und Ger\u00e4usch klar definieren, anschaulich darstellen und leicht auseinanderhalten k\u00f6nnen. Die Visualisierung von Schallph\u00e4nomenen tr\u00e4gt dabei ma\u00dfgeblich zum Verst\u00e4ndnis bei.<\/p>\n\n\n\n<h3 class=\"wp-block-heading\" id=\"eindrucksvolle-experimente\"><strong>Attraktive Themen der Biophysik<\/strong><\/h3>\n\n\n\n<p>Auf diese Weise k\u00f6nnen die Empfindlichkeit und der Frequenzumfang des menschlichen Geh\u00f6rs sowie die Wirkung eines Geh\u00f6rschutzes untersucht oder aber auch die Jagdmethoden der Fledermaus mit Ultraschallwellen (Doppler-Effekt) verst\u00e4ndlich dargestellt werden. Die Schallgeschwindigkeit in Luft l\u00e4sst sich einfach und exakt bestimmen.<\/p>\n\n\n\n<h3 class=\"wp-block-heading\">Physik und Musik<\/h3>\n\n\n\n<p>Artikulation und Stimmbildung, Klangfarbe und Obert\u00f6ne sind wichtige Grundlagen der praktischen Musikaus\u00fcbung. So l\u00e4sst sich viel besser nachvollziehen, was da eigentlich genau beim Stimmen eines Streichinstruments vor sich geht. Wer Schwebungen als Graphen visualisiert gesehen und experimentell minimiert hat, versteht viel besser, wie er die diffus wahrgenommenen Schwebungen durch das Drehen am Feinstimmer der Geigensaiten systematisch minimiert. Und sieht, wozu der \u201e<a href=\"https:\/\/www.dwds.de\/wb\/Resonanzboden\" target=\"_blank\" rel=\"noreferrer noopener\">Resonanzboden<\/a>\u201c des Instrumentes dient.<\/p>\n\n\n\n<h3 class=\"wp-block-heading\">Oszilloskop und Synthesizer<\/h3>\n\n\n\n<p>Mit wenigen Touch-Gesten verwandelt sich das Tablet (iOS\/Android) in ein Oszilloskop und sogar in einen Synthesizer, mit dem Obert\u00f6ne gemischt und kombiniert werden, um verschiedene Klangfarben zu erzeugen.<\/p>\n\n\n\n<h3 class=\"wp-block-heading\">Enthaltene Sensoren<\/h3>\n\n\n\n<ul class=\"wp-block-list\">\n<li>Schallsensor auf Sockel<\/li>\n<\/ul>\n\n\n\n<h3 class=\"wp-block-heading\">Zus\u00e4tzlich erforderlich<\/h3>\n\n\n\n<ul class=\"wp-block-list\">\n<li>kurzes und langes Schallrohr<\/li>\n<\/ul>\n\n\n\n<h3 class=\"wp-block-heading\" id=\"h-begleitmaterialien\">Begleitmaterialien<\/h3>\n\n\n\n<p>Passend zum Experimentiersatz ADDESTATION AKUSTIK 2 sind auch ein <a href=\"https:\/\/mekruphy.com\/de\/produkte\/addestation\/addestation-arbeitshefte\/\">Sch\u00fclerheft<\/a> und ein <a href=\"https:\/\/mekruphy.com\/de\/produkte\/addestation\/addestation-arbeitshefte\/\">Lehrerheft<\/a> mit didaktischen Anweisungen und L\u00f6sungen in analoger Form erh\u00e4ltlich. Das Sch\u00fclerheft ist auch in digitaler Form erwerbbar.<\/p>\n<\/div><\/div>\n\n\n\n<div class=\"wp-block-advgb-tab advgb-tab-body-container\"><div class=\"advgb-tab-body-header advgb-tab-class- \" id=\"advgb-tab-panel-_031c9f-29-1\" role=\"tabpanel\" aria-labelledby=\"advgb-tab-_031c9f-29-1\" tabindex=\"0\"><span>Lieferumfang<\/span><\/div><div class=\"advgb-tab-_031c9f-29 advgb-tab-body\" aria-labelledby=\"advgb-tab-panel-_031c9f-29-1\" style=\"display:none\">\n<figure class=\"wp-block-table table-product-contents\"><table><tbody><tr><td>01.01.10<\/td><td>Aufbewahrungskasten<\/td><\/tr><tr><td>15.02.00<\/td><td>Ger\u00e4tegeformter Einsatz A2<\/td><\/tr><tr><td>16.03.40<\/td><td>H\u00e4mmerchen<\/td><\/tr><tr><td>15.04.00<\/td><td>Schallsensor auf St\u00e4nder<\/td><\/tr><tr><td>15.05.10<\/td><td>Lautsprecher<\/td><\/tr><tr><td>16.05.10<\/td><td>Glockenspielplatte C<\/td><\/tr><tr><td>16.05.20<\/td><td>Glockenspielplatte E<\/td><\/tr><tr><td>15.06.00<\/td><td>Schallrohrst\u00e4nder (2 St\u00fcck)<\/td><\/tr><tr><td>15.07.00<\/td><td>Stimmgabel 384 Hz<\/td><\/tr><tr><td>15.08.00<\/td><td>Resonanzk\u00f6rper A2<\/td><\/tr><tr><td>15.09.00<\/td><td>Reflektorplatte A2<\/td><\/tr><tr><td>15.10.00<\/td><td>2 Batterien in Dose<\/td><\/tr><tr><td>15.11.00<\/td><td>Y-Adapterkabel<\/td><\/tr><tr><td>15.11.50<\/td><td>USB-C\/Audio-Adapter<\/td><\/tr><tr><td>63.13.00<\/td><td>Plattenhalter K3<\/td><\/tr><tr><td>01.19.00<\/td><td>Ma\u00dfband 2 m<\/td><\/tr><tr><td>07.20.00<\/td><td>Wolltuch<\/td><\/tr><\/tbody><\/table><\/figure>\n\n\n\n<h3 class=\"wp-block-heading\" id=\"zusatzlich-erforderlich\">Zus\u00e4tzlich erforderlich:<\/h3>\n\n\n\n<figure class=\"wp-block-table table-product-contents\"><table><tbody><tr><td>15.12.00<\/td><td><a href=\"https:\/\/mekruphy.com\/de\/produkte\/physik\/physik-zubehor#schallrohr\">Schallrohr lang<\/a><\/td><\/tr><tr><td>15.13.00<\/td><td><a href=\"https:\/\/mekruphy.com\/de\/produkte\/physik\/physik-zubehor#schallrohr\">Schallrohr kurz<\/a><\/td><\/tr><\/tbody><\/table><\/figure>\n\n\n\n<p><\/p>\n<\/div><\/div>\n\n\n\n<div class=\"wp-block-advgb-tab advgb-tab-body-container\"><div class=\"advgb-tab-body-header advgb-tab-class- \" id=\"advgb-tab-panel-_031c9f-29-2\" role=\"tabpanel\" aria-labelledby=\"advgb-tab-_031c9f-29-2\" tabindex=\"0\"><span>Experimente<\/span><\/div><div class=\"advgb-tab-_031c9f-29 advgb-tab-body\" aria-labelledby=\"advgb-tab-panel-_031c9f-29-2\" style=\"display:none\">\n<figure class=\"wp-block-table table-product-experiments\"><table class=\"has-fixed-layout\"><tbody><tr><td>A2-1<\/td><td>Einteilung der Schallempfindungen<\/td><\/tr><tr><td>A2-2<\/td><td>Die Lautst\u00e4rke und Schalld\u00e4mmung<\/td><\/tr><tr><td>A2-3<\/td><td>Die Tonh\u00f6he<\/td><\/tr><tr><td>A2-4<\/td><td>Empfindlichkeit des menschlichen Geh\u00f6rs<\/td><\/tr><tr><td>A2-5<\/td><td>Tiefste h\u00f6rbare Frequenz<\/td><\/tr><tr><td>A2-6<\/td><td>Klangfarbe und Obert\u00f6ne<\/td><\/tr><tr><td>A2-7<\/td><td>Stimmhafte und stimmlose Laute<\/td><\/tr><tr><td>A2-8<\/td><td>Reflexionen und Echos<\/td><\/tr><tr><td>A2-9<\/td><td>Bestimmung der Schallgeschwindigkeit<\/td><\/tr><tr><td>A2-10<\/td><td>Schall-Radar<\/td><\/tr><tr><td>A2-11<\/td><td>Schwebungen<\/td><\/tr><tr><td>A2-12<\/td><td>Resonanz<\/td><\/tr><tr><td>A2-13<\/td><td>Stehende Schallwellen<\/td><\/tr><tr><td>A2-14<\/td><td>Doppler-Effekt<\/td><\/tr><\/tbody><\/table><\/figure>\n<\/div><\/div>\n\n\n\n<div class=\"wp-block-advgb-tab advgb-tab-body-container\"><div class=\"advgb-tab-body-header advgb-tab-class-undefined \" id=\"advgb-tab-panel-_031c9f-29-3\" role=\"tabpanel\" aria-labelledby=\"advgb-tab-_031c9f-29-3\" tabindex=\"0\"><span>Bilder<\/span><\/div><div class=\"advgb-tab-_031c9f-29 advgb-tab-body\" aria-labelledby=\"advgb-tab-panel-_031c9f-29-3\" style=\"display:none\">\n<p>&nbsp;<\/p>\n\n\n\n<div class=\"wp-block-essential-blocks-image-gallery  root-eb-image-gallery-7j5r7\"><div class=\"eb-parent-wrapper eb-parent-eb-image-gallery-7j5r7 \"><div class=\"eb-gallery-img-wrapper eb-image-gallery-7j5r7 default v2 grid null no-isotope   overlay-bottom caption-style-0  \" data-id=\"eb-image-gallery-7j5r7\" data-default-filter=\"*\" data-searchfilter=\"false\"><a href=\"javascript:void(0)\" rel=\"noopener\" class=\"eb-gallery-img-content  eb-filter-img-\"><span class=\"eb-gallery-link-wrapper\"><img decoding=\"async\" class=\"eb-gallery-img\" src=\"https:\/\/mekruphy.com\/de\/wp-content\/uploads\/2026\/03\/A2_wireless_1269x988.webp\" image-index=\"0\" alt=\"\"\/><span class=\"eb-img-gallery-content center bottom\"><\/span><\/span><\/a><\/div><\/div><\/div>\n\n\n\n<p>&nbsp;<\/p>\n<\/div><\/div>\n<\/div><\/div>\n<style class=\"advgb-styles-renderer\">.advgb-tabs-4c18ec8d-30ef-43ee-a91e-180e801452b8 ul.advgb-tabs-panel li.advgb-tab.advgb-tab-active {background-color:#5954d6 !important;color:#fff !important;}#advgb-tabs-4c18ec8d-30ef-43ee-a91e-180e801452b8 .advgb-tab-body-header.header-active, .advgb-tabs-4c18ec8d-30ef-43ee-a91e-180e801452b8 .advgb-tab-body-header.header-active{background-color:#5954d6 !important;color:#fff !important;}<\/style>","protected":false},"excerpt":{"rendered":"","protected":false},"author":1,"featured_media":9038,"parent":620,"menu_order":0,"comment_status":"closed","ping_status":"closed","template":"templates\/product.php","meta":{"_acf_changed":false,"_coblocks_attr":"","_coblocks_dimensions":"","_coblocks_responsive_height":"","_coblocks_accordion_ie_support":"","_eb_attr":"","advgb_blocks_editor_width":"","advgb_blocks_columns_visual_guide":"","footnotes":""},"class_list":["post-1189","page","type-page","status-publish","has-post-thumbnail","hentry"],"acf":[],"yoast_head":"<!-- This site is optimized with the Yoast SEO plugin v27.3 - https:\/\/yoast.com\/product\/yoast-seo-wordpress\/ -->\n<title>Experimentiersatz AKUSTIK 2 ADDESTATION - MEKRUPHY GmbH<\/title>\n<meta name=\"description\" content=\"Unser digitales Messwerterfassungssystem erm\u00f6glicht mit dem Kasten AKUSTIK 2 wireless quantitative Experiment zur Akustik am Tablet.\" \/>\n<meta name=\"robots\" content=\"index, follow, max-snippet:-1, max-image-preview:large, max-video-preview:-1\" \/>\n<link rel=\"canonical\" href=\"https:\/\/mekruphy.com\/de\/produkte\/addestation\/experimentiersatz-akustik-2-addestation\/\" \/>\n<meta property=\"og:locale\" content=\"de_DE\" \/>\n<meta property=\"og:type\" content=\"article\" \/>\n<meta property=\"og:title\" content=\"Experimentiersatz AKUSTIK 2 ADDESTATION - MEKRUPHY GmbH\" \/>\n<meta property=\"og:description\" content=\"Unser digitales Messwerterfassungssystem erm\u00f6glicht mit dem Kasten AKUSTIK 2 wireless quantitative Experiment zur Akustik am Tablet.\" \/>\n<meta property=\"og:url\" content=\"https:\/\/mekruphy.com\/de\/produkte\/addestation\/experimentiersatz-akustik-2-addestation\/\" \/>\n<meta property=\"og:site_name\" content=\"MEKRUPHY GmbH\" \/>\n<meta property=\"article:modified_time\" content=\"2026-03-27T08:46:28+00:00\" \/>\n<meta property=\"og:image\" content=\"https:\/\/mekruphy.com\/de\/wp-content\/uploads\/2026\/03\/A2_wireless_1269x988.webp\" \/>\n\t<meta property=\"og:image:width\" content=\"1269\" \/>\n\t<meta property=\"og:image:height\" content=\"988\" \/>\n\t<meta property=\"og:image:type\" content=\"image\/webp\" \/>\n<meta name=\"twitter:card\" content=\"summary_large_image\" \/>\n<meta name=\"twitter:label1\" content=\"Gesch\u00e4tzte Lesezeit\" \/>\n\t<meta name=\"twitter:data1\" content=\"2\u00a0Minuten\" \/>\n<script type=\"application\/ld+json\" class=\"yoast-schema-graph\">{\"@context\":\"https:\\\/\\\/schema.org\",\"@graph\":[{\"@type\":\"WebPage\",\"@id\":\"https:\\\/\\\/mekruphy.com\\\/de\\\/produkte\\\/addestation\\\/experimentiersatz-akustik-2-addestation\\\/\",\"url\":\"https:\\\/\\\/mekruphy.com\\\/de\\\/produkte\\\/addestation\\\/experimentiersatz-akustik-2-addestation\\\/\",\"name\":\"Experimentiersatz AKUSTIK 2 ADDESTATION - MEKRUPHY GmbH\",\"isPartOf\":{\"@id\":\"https:\\\/\\\/mekruphy.com\\\/de\\\/#website\"},\"primaryImageOfPage\":{\"@id\":\"https:\\\/\\\/mekruphy.com\\\/de\\\/produkte\\\/addestation\\\/experimentiersatz-akustik-2-addestation\\\/#primaryimage\"},\"image\":{\"@id\":\"https:\\\/\\\/mekruphy.com\\\/de\\\/produkte\\\/addestation\\\/experimentiersatz-akustik-2-addestation\\\/#primaryimage\"},\"thumbnailUrl\":\"https:\\\/\\\/mekruphy.com\\\/de\\\/wp-content\\\/uploads\\\/2026\\\/03\\\/A2_wireless_1269x988.webp\",\"datePublished\":\"2020-07-24T10:13:14+00:00\",\"dateModified\":\"2026-03-27T08:46:28+00:00\",\"description\":\"Unser digitales Messwerterfassungssystem erm\u00f6glicht mit dem Kasten AKUSTIK 2 wireless quantitative Experiment zur Akustik am Tablet.\",\"breadcrumb\":{\"@id\":\"https:\\\/\\\/mekruphy.com\\\/de\\\/produkte\\\/addestation\\\/experimentiersatz-akustik-2-addestation\\\/#breadcrumb\"},\"inLanguage\":\"de\",\"potentialAction\":[{\"@type\":\"ReadAction\",\"target\":[\"https:\\\/\\\/mekruphy.com\\\/de\\\/produkte\\\/addestation\\\/experimentiersatz-akustik-2-addestation\\\/\"]}]},{\"@type\":\"ImageObject\",\"inLanguage\":\"de\",\"@id\":\"https:\\\/\\\/mekruphy.com\\\/de\\\/produkte\\\/addestation\\\/experimentiersatz-akustik-2-addestation\\\/#primaryimage\",\"url\":\"https:\\\/\\\/mekruphy.com\\\/de\\\/wp-content\\\/uploads\\\/2026\\\/03\\\/A2_wireless_1269x988.webp\",\"contentUrl\":\"https:\\\/\\\/mekruphy.com\\\/de\\\/wp-content\\\/uploads\\\/2026\\\/03\\\/A2_wireless_1269x988.webp\",\"width\":1269,\"height\":988},{\"@type\":\"BreadcrumbList\",\"@id\":\"https:\\\/\\\/mekruphy.com\\\/de\\\/produkte\\\/addestation\\\/experimentiersatz-akustik-2-addestation\\\/#breadcrumb\",\"itemListElement\":[{\"@type\":\"ListItem\",\"position\":1,\"name\":\"Startseite\",\"item\":\"https:\\\/\\\/mekruphy.com\\\/de\\\/\"},{\"@type\":\"ListItem\",\"position\":2,\"name\":\"Produkte\",\"item\":\"https:\\\/\\\/mekruphy.com\\\/de\\\/produkte\\\/\"},{\"@type\":\"ListItem\",\"position\":3,\"name\":\"ADDESTATION\",\"item\":\"https:\\\/\\\/mekruphy.com\\\/de\\\/produkte\\\/addestation\\\/\"},{\"@type\":\"ListItem\",\"position\":4,\"name\":\"Experimentiersatz AKUSTIK 2 ADDESTATION\"}]},{\"@type\":\"WebSite\",\"@id\":\"https:\\\/\\\/mekruphy.com\\\/de\\\/#website\",\"url\":\"https:\\\/\\\/mekruphy.com\\\/de\\\/\",\"name\":\"MEKRUPHY GmbH\",\"description\":\"Sch\u00fcler-Experimentierk\u00e4sten f\u00fcr den MINT-Unterricht\",\"potentialAction\":[{\"@type\":\"SearchAction\",\"target\":{\"@type\":\"EntryPoint\",\"urlTemplate\":\"https:\\\/\\\/mekruphy.com\\\/de\\\/?s={search_term_string}\"},\"query-input\":{\"@type\":\"PropertyValueSpecification\",\"valueRequired\":true,\"valueName\":\"search_term_string\"}}],\"inLanguage\":\"de\"}]}<\/script>\n<!-- \/ Yoast SEO plugin. -->","yoast_head_json":{"title":"Experimentiersatz AKUSTIK 2 ADDESTATION - MEKRUPHY GmbH","description":"Unser digitales Messwerterfassungssystem erm\u00f6glicht mit dem Kasten AKUSTIK 2 wireless quantitative Experiment zur Akustik am Tablet.","robots":{"index":"index","follow":"follow","max-snippet":"max-snippet:-1","max-image-preview":"max-image-preview:large","max-video-preview":"max-video-preview:-1"},"canonical":"https:\/\/mekruphy.com\/de\/produkte\/addestation\/experimentiersatz-akustik-2-addestation\/","og_locale":"de_DE","og_type":"article","og_title":"Experimentiersatz AKUSTIK 2 ADDESTATION - MEKRUPHY GmbH","og_description":"Unser digitales Messwerterfassungssystem erm\u00f6glicht mit dem Kasten AKUSTIK 2 wireless quantitative Experiment zur Akustik am Tablet.","og_url":"https:\/\/mekruphy.com\/de\/produkte\/addestation\/experimentiersatz-akustik-2-addestation\/","og_site_name":"MEKRUPHY GmbH","article_modified_time":"2026-03-27T08:46:28+00:00","og_image":[{"width":1269,"height":988,"url":"https:\/\/mekruphy.com\/de\/wp-content\/uploads\/2026\/03\/A2_wireless_1269x988.webp","type":"image\/webp"}],"twitter_card":"summary_large_image","twitter_misc":{"Gesch\u00e4tzte Lesezeit":"2\u00a0Minuten"},"schema":{"@context":"https:\/\/schema.org","@graph":[{"@type":"WebPage","@id":"https:\/\/mekruphy.com\/de\/produkte\/addestation\/experimentiersatz-akustik-2-addestation\/","url":"https:\/\/mekruphy.com\/de\/produkte\/addestation\/experimentiersatz-akustik-2-addestation\/","name":"Experimentiersatz AKUSTIK 2 ADDESTATION - MEKRUPHY GmbH","isPartOf":{"@id":"https:\/\/mekruphy.com\/de\/#website"},"primaryImageOfPage":{"@id":"https:\/\/mekruphy.com\/de\/produkte\/addestation\/experimentiersatz-akustik-2-addestation\/#primaryimage"},"image":{"@id":"https:\/\/mekruphy.com\/de\/produkte\/addestation\/experimentiersatz-akustik-2-addestation\/#primaryimage"},"thumbnailUrl":"https:\/\/mekruphy.com\/de\/wp-content\/uploads\/2026\/03\/A2_wireless_1269x988.webp","datePublished":"2020-07-24T10:13:14+00:00","dateModified":"2026-03-27T08:46:28+00:00","description":"Unser digitales Messwerterfassungssystem erm\u00f6glicht mit dem Kasten AKUSTIK 2 wireless quantitative Experiment zur Akustik am Tablet.","breadcrumb":{"@id":"https:\/\/mekruphy.com\/de\/produkte\/addestation\/experimentiersatz-akustik-2-addestation\/#breadcrumb"},"inLanguage":"de","potentialAction":[{"@type":"ReadAction","target":["https:\/\/mekruphy.com\/de\/produkte\/addestation\/experimentiersatz-akustik-2-addestation\/"]}]},{"@type":"ImageObject","inLanguage":"de","@id":"https:\/\/mekruphy.com\/de\/produkte\/addestation\/experimentiersatz-akustik-2-addestation\/#primaryimage","url":"https:\/\/mekruphy.com\/de\/wp-content\/uploads\/2026\/03\/A2_wireless_1269x988.webp","contentUrl":"https:\/\/mekruphy.com\/de\/wp-content\/uploads\/2026\/03\/A2_wireless_1269x988.webp","width":1269,"height":988},{"@type":"BreadcrumbList","@id":"https:\/\/mekruphy.com\/de\/produkte\/addestation\/experimentiersatz-akustik-2-addestation\/#breadcrumb","itemListElement":[{"@type":"ListItem","position":1,"name":"Startseite","item":"https:\/\/mekruphy.com\/de\/"},{"@type":"ListItem","position":2,"name":"Produkte","item":"https:\/\/mekruphy.com\/de\/produkte\/"},{"@type":"ListItem","position":3,"name":"ADDESTATION","item":"https:\/\/mekruphy.com\/de\/produkte\/addestation\/"},{"@type":"ListItem","position":4,"name":"Experimentiersatz AKUSTIK 2 ADDESTATION"}]},{"@type":"WebSite","@id":"https:\/\/mekruphy.com\/de\/#website","url":"https:\/\/mekruphy.com\/de\/","name":"MEKRUPHY GmbH","description":"Sch\u00fcler-Experimentierk\u00e4sten f\u00fcr den MINT-Unterricht","potentialAction":[{"@type":"SearchAction","target":{"@type":"EntryPoint","urlTemplate":"https:\/\/mekruphy.com\/de\/?s={search_term_string}"},"query-input":{"@type":"PropertyValueSpecification","valueRequired":true,"valueName":"search_term_string"}}],"inLanguage":"de"}]}},"coauthors":[],"author_meta":{"author_link":"https:\/\/mekruphy.com\/de\/author\/mwbsca\/","display_name":"mwbscA"},"relative_dates":{"created":"Ver\u00f6ffentlicht 6\u00a0Jahren vor","modified":"Aktualisiert 3\u00a0Wochen vor"},"absolute_dates":{"created":"Ver\u00f6ffentlicht am 24. Juli 2020","modified":"Aktualisiert am 27. M\u00e4rz 2026"},"absolute_dates_time":{"created":"Ver\u00f6ffentlicht am 24. Juli 2020 12:13","modified":"Aktualisiert am 27. M\u00e4rz 2026 9:46"},"featured_img_caption":"","featured_img":"https:\/\/mekruphy.com\/de\/wp-content\/uploads\/2026\/03\/A2_wireless_1269x988.webp","series_order":"","_links":{"self":[{"href":"https:\/\/mekruphy.com\/de\/wp-json\/wp\/v2\/pages\/1189","targetHints":{"allow":["GET"]}}],"collection":[{"href":"https:\/\/mekruphy.com\/de\/wp-json\/wp\/v2\/pages"}],"about":[{"href":"https:\/\/mekruphy.com\/de\/wp-json\/wp\/v2\/types\/page"}],"author":[{"embeddable":true,"href":"https:\/\/mekruphy.com\/de\/wp-json\/wp\/v2\/users\/1"}],"replies":[{"embeddable":true,"href":"https:\/\/mekruphy.com\/de\/wp-json\/wp\/v2\/comments?post=1189"}],"version-history":[{"count":24,"href":"https:\/\/mekruphy.com\/de\/wp-json\/wp\/v2\/pages\/1189\/revisions"}],"predecessor-version":[{"id":9146,"href":"https:\/\/mekruphy.com\/de\/wp-json\/wp\/v2\/pages\/1189\/revisions\/9146"}],"up":[{"embeddable":true,"href":"https:\/\/mekruphy.com\/de\/wp-json\/wp\/v2\/pages\/620"}],"wp:featuredmedia":[{"embeddable":true,"href":"https:\/\/mekruphy.com\/de\/wp-json\/wp\/v2\/media\/9038"}],"wp:attachment":[{"href":"https:\/\/mekruphy.com\/de\/wp-json\/wp\/v2\/media?parent=1189"}],"curies":[{"name":"wp","href":"https:\/\/api.w.org\/{rel}","templated":true}]}}