{"id":1224,"date":"2020-07-24T13:23:51","date_gmt":"2020-07-24T11:23:51","guid":{"rendered":"https:\/\/mekruphy.com\/de\/?page_id=1224"},"modified":"2026-04-08T16:40:37","modified_gmt":"2026-04-08T14:40:37","slug":"chemie-arbeitshefte","status":"publish","type":"page","link":"https:\/\/mekruphy.com\/de\/produkte\/chemie\/chemie-arbeitshefte\/","title":{"rendered":"CHEMIE Sch\u00fclerhefte \/ Lehrerhefte"},"content":{"rendered":"<div class=\"yoast-breadcrumbs breadcrumbs\"><span><span><a href=\"https:\/\/mekruphy.com\/de\/\">Startseite<\/a><\/span> \u00bb <span><a href=\"https:\/\/mekruphy.com\/de\/produkte\/\">Produkte<\/a><\/span> \u00bb <span><a href=\"https:\/\/mekruphy.com\/de\/produkte\/chemie\/\">Chemie<\/a><\/span> \u00bb <span class=\"breadcrumb_last\" aria-current=\"page\">CHEMIE Sch\u00fclerhefte \/ Lehrerhefte<\/span><\/span><\/div>\n\n\n<h2 class=\"wp-block-heading\" id=\"h-lehr-und-lernmaterialien\">Lehr- und Lernmaterialien<\/h2>\n\n\n\n<p>Die MEKRUPHY Sch\u00fcler- und Lehrerhefte wurden von erfahrenen Chemielehrkr\u00e4ften verfasst, die Sch\u00fclerhefte \u00fcber viele Jahre an zahlreichen Schulen erprobt und immer wieder verbessert.&nbsp;Mit diesen Anleitungen k\u00f6nnen Sch\u00fclergruppen im Chemieunterricht v\u00f6llig selbstst\u00e4ndig arbeiten und so die Lehrkraft effektiv entlasten.<\/p>\n\n\n\n<div style=\"height:16px\" aria-hidden=\"true\" class=\"wp-block-spacer\"><\/div>\n\n\n\n<p>F\u00fcr den bilingualen Unterricht gibt es die Sch\u00fcler- und Lehrerhefte auch in Englisch. Au\u00dferdem sind die Sch\u00fclerhefte auch als Downloadlizenz erh\u00e4ltlich. Falls die Bestellung durch die Verwaltung oder Schulleitung aufgegeben wird, muss unbedingt die Dienst-E-Mail-Adresse der Fachlehrkraft angegeben werden, die auf den Download zugreifen soll.<\/p>\n\n\n\n<div style=\"height:16px\" aria-hidden=\"true\" class=\"wp-block-spacer\"><\/div>\n\n\n\n<p>In der Chemie bieten wir zus\u00e4tzlich zu den Heften, die als Begleitmaterial mit den K\u00e4sten kommen, auch Themenhefte an, f\u00fcr die man keinen speziellen Experimentiersatz ben\u00f6tigt.<\/p>\n\n\n\n<ul class=\"wp-block-list\">\n<li>Chemie 0: Sicheres Experimentieren<\/li>\n\n\n\n<li>Chemie 1: Physikalische Stoffeigenschaften<\/li>\n\n\n\n<li>Chemie 2: Chemische Stoffeigenschaften<\/li>\n\n\n\n<li>Chemie 8: Wasser<\/li>\n\n\n\n<li>Chemie 9: Trennverfahren<\/li>\n\n\n\n<li>Chemie 10: S\u00e4uren und Laugen<\/li>\n<\/ul>\n\n\n\n<div style=\"height:20px\" aria-hidden=\"true\" class=\"wp-block-spacer\"><\/div>\n\n\n\n<p>Alle Hefte k\u00f6nnen Sie direkt \u00fcber unseren <a href=\"https:\/\/shop.mekruphy.com\/artikeluebersicht\/chemistry-manuals.aspx\" target=\"_blank\" rel=\"noreferrer noopener\">Webshop<\/a> bestellen &#8211; in gedruckter Form oder als Download.<\/p>\n\n\n\n<p><\/p>\n\n\n\n<h3 class=\"wp-block-heading\">Sch\u00fclerhefte<\/h3>\n\n\n\n<p>Die Sch\u00fclerexperimente sind so angeordnet, dass die Sch\u00fclerinnen und Sch\u00fcler mit fortschreitendem Experimentieren immer mehr Eigeninitiative und Kreativit\u00e4t einbringen k\u00f6nnen.&nbsp;Auf diese Weise werden nicht nur die experimentelle Fertigkeit, sondern auch der sichere Umgang mit den Gesetzen und Methoden der Chemie Schritt f\u00fcr Schritt gef\u00f6rdert. <\/p>\n\n\n\n<div style=\"height:16px\" aria-hidden=\"true\" class=\"wp-block-spacer\"><\/div>\n\n\n\n<p>Die Texte der Sch\u00fclerhefte sind&nbsp;<\/p>\n\n\n\n<ul class=\"wp-block-list\">\n<li>leicht verst\u00e4ndlich&nbsp;<\/li>\n\n\n\n<li>klar gegliedert&nbsp;<\/li>\n\n\n\n<li>\u00fcbersichtlich dargestellt und&nbsp;&nbsp;<\/li>\n\n\n\n<li>methodisch geschickt aufgebaut&nbsp;<\/li>\n<\/ul>\n\n\n\n<p>Jeder Bestellung von <a href=\"https:\/\/shop.mekruphy.com\/artikeluebersicht\/chemistry.aspx\" target=\"_blank\" rel=\"noreferrer noopener\">Chemie-Experimentierk\u00e4sten<\/a> liegt unabh\u00e4ngig von der Anzahl ein passendes, gedrucktes Freiexemplar bei.  <\/p>\n\n\n\n<p><\/p>\n\n\n\n<h3 class=\"wp-block-heading\" id=\"h-lehrerhefte\">Lehrerhefte&nbsp;<\/h3>\n\n\n\n<p>Zu den&nbsp;Sch\u00fclerheften gibt es begleitende Lehrerhefte in Printform. Sie enthalten zu jedem Experiment Hintergrundinformationen, praktische Hinweise zur Durchf\u00fchrung, Antworten und L\u00f6sungen f\u00fcr die im&nbsp;Arbeitsheft&nbsp;gestellten Fragen und Aufgaben sowie die zu erwartenden Messergebnisse.<\/p>\n\n\n\n<p><\/p>\n\n\n\n<hr class=\"wp-block-separator has-text-color has-css-opacity has-background\" style=\"background-color:#ffffff;color:#ffffff\"\/>\n","protected":false},"excerpt":{"rendered":"<p>Lehr- und Lernmaterialien Die MEKRUPHY Sch\u00fcler- und Lehrerhefte wurden von erfahrenen Chemielehrkr\u00e4ften verfasst, die Sch\u00fclerhefte \u00fcber viele Jahre an zahlreichen Schulen erprobt und immer wieder verbessert.&nbsp;Mit diesen Anleitungen k\u00f6nnen Sch\u00fclergruppen im Chemieunterricht v\u00f6llig selbstst\u00e4ndig arbeiten und so die Lehrkraft effektiv entlasten. F\u00fcr den bilingualen Unterricht gibt es die Sch\u00fcler- und Lehrerhefte auch in Englisch. Au\u00dferdem [&hellip;]<\/p>\n","protected":false},"author":1,"featured_media":5394,"parent":627,"menu_order":0,"comment_status":"closed","ping_status":"closed","template":"templates\/productcategory.php","meta":{"_acf_changed":false,"_coblocks_attr":"","_coblocks_dimensions":"","_coblocks_responsive_height":"","_coblocks_accordion_ie_support":"","_eb_attr":"","advgb_blocks_editor_width":"","advgb_blocks_columns_visual_guide":"","footnotes":""},"class_list":["post-1224","page","type-page","status-publish","has-post-thumbnail","hentry"],"acf":[],"yoast_head":"<!-- This site is optimized with the Yoast SEO plugin v27.3 - https:\/\/yoast.com\/product\/yoast-seo-wordpress\/ -->\n<title>CHEMIE Sch\u00fclerhefte \/ Lehrerhefte - MEKRUPHY GmbH<\/title>\n<meta name=\"description\" content=\"Zu jedem MEKRUPHY-Experimentiersatz gibt es ein eigenes Sch\u00fclerheft mit detaillierten Informationen zu den Experimenten.\" \/>\n<meta name=\"robots\" content=\"index, follow, max-snippet:-1, max-image-preview:large, max-video-preview:-1\" \/>\n<link rel=\"canonical\" href=\"https:\/\/mekruphy.com\/de\/produkte\/chemie\/chemie-arbeitshefte\/\" \/>\n<meta property=\"og:locale\" content=\"de_DE\" \/>\n<meta property=\"og:type\" content=\"article\" \/>\n<meta property=\"og:title\" content=\"CHEMIE Sch\u00fclerhefte \/ Lehrerhefte - MEKRUPHY GmbH\" \/>\n<meta property=\"og:description\" content=\"Zu jedem MEKRUPHY-Experimentiersatz gibt es ein eigenes Sch\u00fclerheft mit detaillierten Informationen zu den Experimenten.\" \/>\n<meta property=\"og:url\" content=\"https:\/\/mekruphy.com\/de\/produkte\/chemie\/chemie-arbeitshefte\/\" \/>\n<meta property=\"og:site_name\" content=\"MEKRUPHY GmbH\" \/>\n<meta property=\"article:modified_time\" content=\"2026-04-08T14:40:37+00:00\" \/>\n<meta property=\"og:image\" content=\"https:\/\/mekruphy.com\/de\/wp-content\/uploads\/2022\/02\/Chemieheft.png\" \/>\n\t<meta property=\"og:image:width\" content=\"1600\" \/>\n\t<meta property=\"og:image:height\" content=\"1000\" \/>\n\t<meta property=\"og:image:type\" content=\"image\/png\" \/>\n<meta name=\"twitter:card\" content=\"summary_large_image\" \/>\n<meta name=\"twitter:label1\" content=\"Gesch\u00e4tzte Lesezeit\" \/>\n\t<meta name=\"twitter:data1\" content=\"2\u00a0Minuten\" \/>\n<script type=\"application\/ld+json\" class=\"yoast-schema-graph\">{\"@context\":\"https:\\\/\\\/schema.org\",\"@graph\":[{\"@type\":\"WebPage\",\"@id\":\"https:\\\/\\\/mekruphy.com\\\/de\\\/produkte\\\/chemie\\\/chemie-arbeitshefte\\\/\",\"url\":\"https:\\\/\\\/mekruphy.com\\\/de\\\/produkte\\\/chemie\\\/chemie-arbeitshefte\\\/\",\"name\":\"CHEMIE Sch\u00fclerhefte \\\/ Lehrerhefte - MEKRUPHY GmbH\",\"isPartOf\":{\"@id\":\"https:\\\/\\\/mekruphy.com\\\/de\\\/#website\"},\"primaryImageOfPage\":{\"@id\":\"https:\\\/\\\/mekruphy.com\\\/de\\\/produkte\\\/chemie\\\/chemie-arbeitshefte\\\/#primaryimage\"},\"image\":{\"@id\":\"https:\\\/\\\/mekruphy.com\\\/de\\\/produkte\\\/chemie\\\/chemie-arbeitshefte\\\/#primaryimage\"},\"thumbnailUrl\":\"https:\\\/\\\/mekruphy.com\\\/de\\\/wp-content\\\/uploads\\\/2022\\\/02\\\/Chemieheft.png\",\"datePublished\":\"2020-07-24T11:23:51+00:00\",\"dateModified\":\"2026-04-08T14:40:37+00:00\",\"description\":\"Zu jedem MEKRUPHY-Experimentiersatz gibt es ein eigenes Sch\u00fclerheft mit detaillierten Informationen zu den Experimenten.\",\"breadcrumb\":{\"@id\":\"https:\\\/\\\/mekruphy.com\\\/de\\\/produkte\\\/chemie\\\/chemie-arbeitshefte\\\/#breadcrumb\"},\"inLanguage\":\"de\",\"potentialAction\":[{\"@type\":\"ReadAction\",\"target\":[\"https:\\\/\\\/mekruphy.com\\\/de\\\/produkte\\\/chemie\\\/chemie-arbeitshefte\\\/\"]}]},{\"@type\":\"ImageObject\",\"inLanguage\":\"de\",\"@id\":\"https:\\\/\\\/mekruphy.com\\\/de\\\/produkte\\\/chemie\\\/chemie-arbeitshefte\\\/#primaryimage\",\"url\":\"https:\\\/\\\/mekruphy.com\\\/de\\\/wp-content\\\/uploads\\\/2022\\\/02\\\/Chemieheft.png\",\"contentUrl\":\"https:\\\/\\\/mekruphy.com\\\/de\\\/wp-content\\\/uploads\\\/2022\\\/02\\\/Chemieheft.png\",\"width\":1600,\"height\":1000,\"caption\":\"Chemie Sch\u00fclerheft\"},{\"@type\":\"BreadcrumbList\",\"@id\":\"https:\\\/\\\/mekruphy.com\\\/de\\\/produkte\\\/chemie\\\/chemie-arbeitshefte\\\/#breadcrumb\",\"itemListElement\":[{\"@type\":\"ListItem\",\"position\":1,\"name\":\"Startseite\",\"item\":\"https:\\\/\\\/mekruphy.com\\\/de\\\/\"},{\"@type\":\"ListItem\",\"position\":2,\"name\":\"Produkte\",\"item\":\"https:\\\/\\\/mekruphy.com\\\/de\\\/produkte\\\/\"},{\"@type\":\"ListItem\",\"position\":3,\"name\":\"Chemie\",\"item\":\"https:\\\/\\\/mekruphy.com\\\/de\\\/produkte\\\/chemie\\\/\"},{\"@type\":\"ListItem\",\"position\":4,\"name\":\"CHEMIE Sch\u00fclerhefte \\\/ Lehrerhefte\"}]},{\"@type\":\"WebSite\",\"@id\":\"https:\\\/\\\/mekruphy.com\\\/de\\\/#website\",\"url\":\"https:\\\/\\\/mekruphy.com\\\/de\\\/\",\"name\":\"MEKRUPHY GmbH\",\"description\":\"Sch\u00fcler-Experimentierk\u00e4sten f\u00fcr den MINT-Unterricht\",\"potentialAction\":[{\"@type\":\"SearchAction\",\"target\":{\"@type\":\"EntryPoint\",\"urlTemplate\":\"https:\\\/\\\/mekruphy.com\\\/de\\\/?s={search_term_string}\"},\"query-input\":{\"@type\":\"PropertyValueSpecification\",\"valueRequired\":true,\"valueName\":\"search_term_string\"}}],\"inLanguage\":\"de\"}]}<\/script>\n<!-- \/ Yoast SEO plugin. -->","yoast_head_json":{"title":"CHEMIE Sch\u00fclerhefte \/ Lehrerhefte - MEKRUPHY GmbH","description":"Zu jedem MEKRUPHY-Experimentiersatz gibt es ein eigenes Sch\u00fclerheft mit detaillierten Informationen zu den Experimenten.","robots":{"index":"index","follow":"follow","max-snippet":"max-snippet:-1","max-image-preview":"max-image-preview:large","max-video-preview":"max-video-preview:-1"},"canonical":"https:\/\/mekruphy.com\/de\/produkte\/chemie\/chemie-arbeitshefte\/","og_locale":"de_DE","og_type":"article","og_title":"CHEMIE Sch\u00fclerhefte \/ Lehrerhefte - MEKRUPHY GmbH","og_description":"Zu jedem MEKRUPHY-Experimentiersatz gibt es ein eigenes Sch\u00fclerheft mit detaillierten Informationen zu den Experimenten.","og_url":"https:\/\/mekruphy.com\/de\/produkte\/chemie\/chemie-arbeitshefte\/","og_site_name":"MEKRUPHY GmbH","article_modified_time":"2026-04-08T14:40:37+00:00","og_image":[{"width":1600,"height":1000,"url":"https:\/\/mekruphy.com\/de\/wp-content\/uploads\/2022\/02\/Chemieheft.png","type":"image\/png"}],"twitter_card":"summary_large_image","twitter_misc":{"Gesch\u00e4tzte Lesezeit":"2\u00a0Minuten"},"schema":{"@context":"https:\/\/schema.org","@graph":[{"@type":"WebPage","@id":"https:\/\/mekruphy.com\/de\/produkte\/chemie\/chemie-arbeitshefte\/","url":"https:\/\/mekruphy.com\/de\/produkte\/chemie\/chemie-arbeitshefte\/","name":"CHEMIE Sch\u00fclerhefte \/ Lehrerhefte - MEKRUPHY GmbH","isPartOf":{"@id":"https:\/\/mekruphy.com\/de\/#website"},"primaryImageOfPage":{"@id":"https:\/\/mekruphy.com\/de\/produkte\/chemie\/chemie-arbeitshefte\/#primaryimage"},"image":{"@id":"https:\/\/mekruphy.com\/de\/produkte\/chemie\/chemie-arbeitshefte\/#primaryimage"},"thumbnailUrl":"https:\/\/mekruphy.com\/de\/wp-content\/uploads\/2022\/02\/Chemieheft.png","datePublished":"2020-07-24T11:23:51+00:00","dateModified":"2026-04-08T14:40:37+00:00","description":"Zu jedem MEKRUPHY-Experimentiersatz gibt es ein eigenes Sch\u00fclerheft mit detaillierten Informationen zu den Experimenten.","breadcrumb":{"@id":"https:\/\/mekruphy.com\/de\/produkte\/chemie\/chemie-arbeitshefte\/#breadcrumb"},"inLanguage":"de","potentialAction":[{"@type":"ReadAction","target":["https:\/\/mekruphy.com\/de\/produkte\/chemie\/chemie-arbeitshefte\/"]}]},{"@type":"ImageObject","inLanguage":"de","@id":"https:\/\/mekruphy.com\/de\/produkte\/chemie\/chemie-arbeitshefte\/#primaryimage","url":"https:\/\/mekruphy.com\/de\/wp-content\/uploads\/2022\/02\/Chemieheft.png","contentUrl":"https:\/\/mekruphy.com\/de\/wp-content\/uploads\/2022\/02\/Chemieheft.png","width":1600,"height":1000,"caption":"Chemie Sch\u00fclerheft"},{"@type":"BreadcrumbList","@id":"https:\/\/mekruphy.com\/de\/produkte\/chemie\/chemie-arbeitshefte\/#breadcrumb","itemListElement":[{"@type":"ListItem","position":1,"name":"Startseite","item":"https:\/\/mekruphy.com\/de\/"},{"@type":"ListItem","position":2,"name":"Produkte","item":"https:\/\/mekruphy.com\/de\/produkte\/"},{"@type":"ListItem","position":3,"name":"Chemie","item":"https:\/\/mekruphy.com\/de\/produkte\/chemie\/"},{"@type":"ListItem","position":4,"name":"CHEMIE Sch\u00fclerhefte \/ Lehrerhefte"}]},{"@type":"WebSite","@id":"https:\/\/mekruphy.com\/de\/#website","url":"https:\/\/mekruphy.com\/de\/","name":"MEKRUPHY GmbH","description":"Sch\u00fcler-Experimentierk\u00e4sten f\u00fcr den MINT-Unterricht","potentialAction":[{"@type":"SearchAction","target":{"@type":"EntryPoint","urlTemplate":"https:\/\/mekruphy.com\/de\/?s={search_term_string}"},"query-input":{"@type":"PropertyValueSpecification","valueRequired":true,"valueName":"search_term_string"}}],"inLanguage":"de"}]}},"coauthors":[],"author_meta":{"author_link":"https:\/\/mekruphy.com\/de\/author\/mwbsca\/","display_name":"mwbscA"},"relative_dates":{"created":"Ver\u00f6ffentlicht 6\u00a0Jahren vor","modified":"Aktualisiert 6\u00a0Tagen vor"},"absolute_dates":{"created":"Ver\u00f6ffentlicht am 24. Juli 2020","modified":"Aktualisiert am 8. April 2026"},"absolute_dates_time":{"created":"Ver\u00f6ffentlicht am 24. Juli 2020 13:23","modified":"Aktualisiert am 8. April 2026 16:40"},"featured_img_caption":"","featured_img":"https:\/\/mekruphy.com\/de\/wp-content\/uploads\/2022\/02\/Chemieheft.png","series_order":"","_links":{"self":[{"href":"https:\/\/mekruphy.com\/de\/wp-json\/wp\/v2\/pages\/1224","targetHints":{"allow":["GET"]}}],"collection":[{"href":"https:\/\/mekruphy.com\/de\/wp-json\/wp\/v2\/pages"}],"about":[{"href":"https:\/\/mekruphy.com\/de\/wp-json\/wp\/v2\/types\/page"}],"author":[{"embeddable":true,"href":"https:\/\/mekruphy.com\/de\/wp-json\/wp\/v2\/users\/1"}],"replies":[{"embeddable":true,"href":"https:\/\/mekruphy.com\/de\/wp-json\/wp\/v2\/comments?post=1224"}],"version-history":[{"count":25,"href":"https:\/\/mekruphy.com\/de\/wp-json\/wp\/v2\/pages\/1224\/revisions"}],"predecessor-version":[{"id":9762,"href":"https:\/\/mekruphy.com\/de\/wp-json\/wp\/v2\/pages\/1224\/revisions\/9762"}],"up":[{"embeddable":true,"href":"https:\/\/mekruphy.com\/de\/wp-json\/wp\/v2\/pages\/627"}],"wp:featuredmedia":[{"embeddable":true,"href":"https:\/\/mekruphy.com\/de\/wp-json\/wp\/v2\/media\/5394"}],"wp:attachment":[{"href":"https:\/\/mekruphy.com\/de\/wp-json\/wp\/v2\/media?parent=1224"}],"curies":[{"name":"wp","href":"https:\/\/api.w.org\/{rel}","templated":true}]}}