{"id":1225,"date":"2020-07-24T13:25:33","date_gmt":"2020-07-24T11:25:33","guid":{"rendered":"https:\/\/mekruphy.com\/de\/?page_id=1225"},"modified":"2022-01-31T10:05:24","modified_gmt":"2022-01-31T09:05:24","slug":"chemie-laborkittel","status":"publish","type":"page","link":"https:\/\/mekruphy.com\/de\/produkte\/chemie\/chemie-laborkittel\/","title":{"rendered":"Chemie Laborkittel"},"content":{"rendered":"<div class=\"yoast-breadcrumbs breadcrumbs\"><span><span><a href=\"https:\/\/mekruphy.com\/de\/\">Startseite<\/a><\/span> \u00bb <span><a href=\"https:\/\/mekruphy.com\/de\/produkte\/\">Produkte<\/a><\/span> \u00bb <span><a href=\"https:\/\/mekruphy.com\/de\/produkte\/chemie\/\">Chemie<\/a><\/span> \u00bb <span class=\"breadcrumb_last\" aria-current=\"page\">Chemie Laborkittel<\/span><\/span><\/div>\n\n\n<h2 class=\"wp-block-heading\" id=\"h-laborkittel\">Laborkittel&nbsp;<\/h2>\n\n\n\n<div class=\"wp-block-advgb-columns advgb-columns-wrapper\" id=\"advgb-cols-9588fba7-d332-459c-a981-54aeca9fbe4f\"><div class=\"advgb-columns-container\"><div class=\"advgb-columns advgb-columns-row advgb-is-mobile advgb-columns-2 layout-23-13 mbl-layout-stacked gutter-20 vgutter-10\">\n<div class=\"wp-block-advgb-column advgb-column advgb-is-two-thirds-tablet advgb-is-full-mobile\" id=\"advgb-col-5abf8ea5-a942-42e6-94da-f7af0a6f93cd\"><div class=\"advgb-column-inner\" style=\"border-style:none;border-width:1px\">\n<p>Was Turnschuhe und Turnhose f\u00fcr den Sportunterricht, sind&nbsp;Laborkittel&nbsp;und Schutzbrille f\u00fcr den experimentellen Chemieunterricht. Sie sollten zur individuellen Ausr\u00fcstung jeder Sch\u00fclerin und jedes Sch\u00fclers geh\u00f6ren.&nbsp;&nbsp;<\/p>\n\n\n\n<p>Beide machen \u00fcber ihre Schutzfunktion hinaus&nbsp;deutlich, dass hier besondere Spielregeln und Verhaltensvorschriften eingehalten werden m\u00fcssen. Auch f\u00fcr die Eltern, die in der Regel f\u00fcr die Anschaffung zust\u00e4ndig sind, wird auf diese Weise deutlich, welches Gewicht der moderne Unterricht dem selbstst\u00e4ndigen Experimentieren in den Naturwissenschaften beimisst.&nbsp;<\/p>\n\n\n\n<h3 class=\"wp-block-heading\" id=\"h-reine-baumwolle\">Reine Baumwolle&nbsp;<\/h3>\n\n\n\n<p>Die strapazierf\u00e4higen, kochfesten Sch\u00fcler-Laborkittel\u00a0bestehen zu 100% aus Baumwolle und sind mit einer Brust- sowie\u00a0zwei Seitentaschen versehen. Folgende <a href=\"https:\/\/de.wikipedia.org\/wiki\/Konfektionsgr%C3%B6%C3%9Fe\" target=\"_blank\" rel=\"noreferrer noopener\">Konfektionsgr\u00f6\u00dfen<\/a> sind lieferbar:\u00a0<\/p>\n\n\n\n<ul class=\"wp-block-list\"><li>Kindergr\u00f6\u00dfen: 122, 124, 128, 134, 140, 146, 152, 158&nbsp;<\/li><li>Damengr\u00f6\u00dfen:&nbsp;36, 38, 40, 42, 44, 46&nbsp;<\/li><li>Herrengr\u00f6\u00dfen: 46, 48, 50, 52, 54, 56&nbsp;<\/li><\/ul>\n<\/div><\/div>\n\n\n\n<div class=\"wp-block-advgb-column advgb-column advgb-is-one-third-tablet advgb-is-full-mobile\" id=\"advgb-col-5c264e08-8ef1-4479-9620-51200c217e66\"><div class=\"advgb-column-inner\" style=\"border-style:none;border-width:1px\">\n<figure class=\"wp-block-image size-large\"><img loading=\"lazy\" decoding=\"async\" width=\"220\" height=\"264\" src=\"https:\/\/mekruphy.com\/de\/wp-content\/uploads\/2020\/07\/Laborkittel2.jpg\" alt=\"Sch\u00fclerinnen mit Laborkittel\" class=\"wp-image-1552\"\/><\/figure>\n<\/div><\/div>\n<\/div><\/div><\/div>\n<style class=\"advgb-styles-renderer\">#advgb-col-5abf8ea5-a942-42e6-94da-f7af0a6f93cd>.advgb-column-inner{}@media screen and (max-width: 1023px) {#advgb-col-5abf8ea5-a942-42e6-94da-f7af0a6f93cd>.advgb-column-inner{}}@media screen and (max-width: 767px) {#advgb-col-5abf8ea5-a942-42e6-94da-f7af0a6f93cd>.advgb-column-inner{}}#advgb-col-5c264e08-8ef1-4479-9620-51200c217e66>.advgb-column-inner{}@media screen and (max-width: 1023px) {#advgb-col-5c264e08-8ef1-4479-9620-51200c217e66>.advgb-column-inner{}}@media screen and (max-width: 767px) {#advgb-col-5c264e08-8ef1-4479-9620-51200c217e66>.advgb-column-inner{}}#advgb-cols-9588fba7-d332-459c-a981-54aeca9fbe4f{}@media screen and (max-width: 1023px) {#advgb-cols-9588fba7-d332-459c-a981-54aeca9fbe4f{}}@media screen and (max-width: 767px) {#advgb-cols-9588fba7-d332-459c-a981-54aeca9fbe4f{}}#advgb-col-5abf8ea5-a942-42e6-94da-f7af0a6f93cd>.advgb-column-inner{}@media screen and (max-width: 1023px) {#advgb-col-5abf8ea5-a942-42e6-94da-f7af0a6f93cd>.advgb-column-inner{}}@media screen and (max-width: 767px) {#advgb-col-5abf8ea5-a942-42e6-94da-f7af0a6f93cd>.advgb-column-inner{}}#advgb-col-5c264e08-8ef1-4479-9620-51200c217e66>.advgb-column-inner{}@media screen and (max-width: 1023px) {#advgb-col-5c264e08-8ef1-4479-9620-51200c217e66>.advgb-column-inner{}}@media screen and (max-width: 767px) {#advgb-col-5c264e08-8ef1-4479-9620-51200c217e66>.advgb-column-inner{}}<\/style>","protected":false},"excerpt":{"rendered":"<p>Laborkittel&nbsp;<\/p>\n","protected":false},"author":1,"featured_media":1552,"parent":627,"menu_order":0,"comment_status":"closed","ping_status":"closed","template":"templates\/productcategory.php","meta":{"_acf_changed":false,"_coblocks_attr":"","_coblocks_dimensions":"","_coblocks_responsive_height":"","_coblocks_accordion_ie_support":"","_eb_attr":"","advgb_blocks_editor_width":"","advgb_blocks_columns_visual_guide":"","footnotes":""},"class_list":["post-1225","page","type-page","status-publish","has-post-thumbnail","hentry"],"acf":[],"yoast_head":"<!-- This site is optimized with the Yoast SEO plugin v27.3 - https:\/\/yoast.com\/product\/yoast-seo-wordpress\/ -->\n<title>Chemie Laborkittel - MEKRUPHY GmbH<\/title>\n<meta name=\"description\" content=\"Laborkittel und Schutzbrille sind die Ausr\u00fcstung f\u00fcr den experimentellen Chemieunterricht, die jede_r Sch\u00fcler_in ben\u00f6tigt.\" \/>\n<meta name=\"robots\" content=\"index, follow, max-snippet:-1, max-image-preview:large, max-video-preview:-1\" \/>\n<link rel=\"canonical\" href=\"https:\/\/mekruphy.com\/de\/produkte\/chemie\/chemie-laborkittel\/\" \/>\n<meta property=\"og:locale\" content=\"de_DE\" \/>\n<meta property=\"og:type\" content=\"article\" \/>\n<meta property=\"og:title\" content=\"Chemie Laborkittel - MEKRUPHY GmbH\" \/>\n<meta property=\"og:description\" content=\"Laborkittel und Schutzbrille sind die Ausr\u00fcstung f\u00fcr den experimentellen Chemieunterricht, die jede_r Sch\u00fcler_in ben\u00f6tigt.\" \/>\n<meta property=\"og:url\" content=\"https:\/\/mekruphy.com\/de\/produkte\/chemie\/chemie-laborkittel\/\" \/>\n<meta property=\"og:site_name\" content=\"MEKRUPHY GmbH\" \/>\n<meta property=\"article:modified_time\" content=\"2022-01-31T09:05:24+00:00\" \/>\n<meta property=\"og:image\" content=\"https:\/\/mekruphy.com\/de\/wp-content\/uploads\/2020\/07\/Laborkittel2.jpg\" \/>\n\t<meta property=\"og:image:width\" content=\"220\" \/>\n\t<meta property=\"og:image:height\" content=\"264\" \/>\n\t<meta property=\"og:image:type\" content=\"image\/jpeg\" \/>\n<meta name=\"twitter:card\" content=\"summary_large_image\" \/>\n<meta name=\"twitter:label1\" content=\"Gesch\u00e4tzte Lesezeit\" \/>\n\t<meta name=\"twitter:data1\" content=\"1\u00a0Minute\" \/>\n<script type=\"application\/ld+json\" class=\"yoast-schema-graph\">{\"@context\":\"https:\\\/\\\/schema.org\",\"@graph\":[{\"@type\":\"WebPage\",\"@id\":\"https:\\\/\\\/mekruphy.com\\\/de\\\/produkte\\\/chemie\\\/chemie-laborkittel\\\/\",\"url\":\"https:\\\/\\\/mekruphy.com\\\/de\\\/produkte\\\/chemie\\\/chemie-laborkittel\\\/\",\"name\":\"Chemie Laborkittel - MEKRUPHY GmbH\",\"isPartOf\":{\"@id\":\"https:\\\/\\\/mekruphy.com\\\/de\\\/#website\"},\"primaryImageOfPage\":{\"@id\":\"https:\\\/\\\/mekruphy.com\\\/de\\\/produkte\\\/chemie\\\/chemie-laborkittel\\\/#primaryimage\"},\"image\":{\"@id\":\"https:\\\/\\\/mekruphy.com\\\/de\\\/produkte\\\/chemie\\\/chemie-laborkittel\\\/#primaryimage\"},\"thumbnailUrl\":\"https:\\\/\\\/mekruphy.com\\\/de\\\/wp-content\\\/uploads\\\/2020\\\/07\\\/Laborkittel2.jpg\",\"datePublished\":\"2020-07-24T11:25:33+00:00\",\"dateModified\":\"2022-01-31T09:05:24+00:00\",\"description\":\"Laborkittel und Schutzbrille sind die Ausr\u00fcstung f\u00fcr den experimentellen Chemieunterricht, die jede_r Sch\u00fcler_in ben\u00f6tigt.\",\"breadcrumb\":{\"@id\":\"https:\\\/\\\/mekruphy.com\\\/de\\\/produkte\\\/chemie\\\/chemie-laborkittel\\\/#breadcrumb\"},\"inLanguage\":\"de\",\"potentialAction\":[{\"@type\":\"ReadAction\",\"target\":[\"https:\\\/\\\/mekruphy.com\\\/de\\\/produkte\\\/chemie\\\/chemie-laborkittel\\\/\"]}]},{\"@type\":\"ImageObject\",\"inLanguage\":\"de\",\"@id\":\"https:\\\/\\\/mekruphy.com\\\/de\\\/produkte\\\/chemie\\\/chemie-laborkittel\\\/#primaryimage\",\"url\":\"https:\\\/\\\/mekruphy.com\\\/de\\\/wp-content\\\/uploads\\\/2020\\\/07\\\/Laborkittel2.jpg\",\"contentUrl\":\"https:\\\/\\\/mekruphy.com\\\/de\\\/wp-content\\\/uploads\\\/2020\\\/07\\\/Laborkittel2.jpg\",\"width\":220,\"height\":264},{\"@type\":\"BreadcrumbList\",\"@id\":\"https:\\\/\\\/mekruphy.com\\\/de\\\/produkte\\\/chemie\\\/chemie-laborkittel\\\/#breadcrumb\",\"itemListElement\":[{\"@type\":\"ListItem\",\"position\":1,\"name\":\"Startseite\",\"item\":\"https:\\\/\\\/mekruphy.com\\\/de\\\/\"},{\"@type\":\"ListItem\",\"position\":2,\"name\":\"Produkte\",\"item\":\"https:\\\/\\\/mekruphy.com\\\/de\\\/produkte\\\/\"},{\"@type\":\"ListItem\",\"position\":3,\"name\":\"Chemie\",\"item\":\"https:\\\/\\\/mekruphy.com\\\/de\\\/produkte\\\/chemie\\\/\"},{\"@type\":\"ListItem\",\"position\":4,\"name\":\"Chemie Laborkittel\"}]},{\"@type\":\"WebSite\",\"@id\":\"https:\\\/\\\/mekruphy.com\\\/de\\\/#website\",\"url\":\"https:\\\/\\\/mekruphy.com\\\/de\\\/\",\"name\":\"MEKRUPHY GmbH\",\"description\":\"Sch\u00fcler-Experimentierk\u00e4sten f\u00fcr den MINT-Unterricht\",\"potentialAction\":[{\"@type\":\"SearchAction\",\"target\":{\"@type\":\"EntryPoint\",\"urlTemplate\":\"https:\\\/\\\/mekruphy.com\\\/de\\\/?s={search_term_string}\"},\"query-input\":{\"@type\":\"PropertyValueSpecification\",\"valueRequired\":true,\"valueName\":\"search_term_string\"}}],\"inLanguage\":\"de\"}]}<\/script>\n<!-- \/ Yoast SEO plugin. -->","yoast_head_json":{"title":"Chemie Laborkittel - MEKRUPHY GmbH","description":"Laborkittel und Schutzbrille sind die Ausr\u00fcstung f\u00fcr den experimentellen Chemieunterricht, die jede_r Sch\u00fcler_in ben\u00f6tigt.","robots":{"index":"index","follow":"follow","max-snippet":"max-snippet:-1","max-image-preview":"max-image-preview:large","max-video-preview":"max-video-preview:-1"},"canonical":"https:\/\/mekruphy.com\/de\/produkte\/chemie\/chemie-laborkittel\/","og_locale":"de_DE","og_type":"article","og_title":"Chemie Laborkittel - MEKRUPHY GmbH","og_description":"Laborkittel und Schutzbrille sind die Ausr\u00fcstung f\u00fcr den experimentellen Chemieunterricht, die jede_r Sch\u00fcler_in ben\u00f6tigt.","og_url":"https:\/\/mekruphy.com\/de\/produkte\/chemie\/chemie-laborkittel\/","og_site_name":"MEKRUPHY GmbH","article_modified_time":"2022-01-31T09:05:24+00:00","og_image":[{"width":220,"height":264,"url":"https:\/\/mekruphy.com\/de\/wp-content\/uploads\/2020\/07\/Laborkittel2.jpg","type":"image\/jpeg"}],"twitter_card":"summary_large_image","twitter_misc":{"Gesch\u00e4tzte Lesezeit":"1\u00a0Minute"},"schema":{"@context":"https:\/\/schema.org","@graph":[{"@type":"WebPage","@id":"https:\/\/mekruphy.com\/de\/produkte\/chemie\/chemie-laborkittel\/","url":"https:\/\/mekruphy.com\/de\/produkte\/chemie\/chemie-laborkittel\/","name":"Chemie Laborkittel - MEKRUPHY GmbH","isPartOf":{"@id":"https:\/\/mekruphy.com\/de\/#website"},"primaryImageOfPage":{"@id":"https:\/\/mekruphy.com\/de\/produkte\/chemie\/chemie-laborkittel\/#primaryimage"},"image":{"@id":"https:\/\/mekruphy.com\/de\/produkte\/chemie\/chemie-laborkittel\/#primaryimage"},"thumbnailUrl":"https:\/\/mekruphy.com\/de\/wp-content\/uploads\/2020\/07\/Laborkittel2.jpg","datePublished":"2020-07-24T11:25:33+00:00","dateModified":"2022-01-31T09:05:24+00:00","description":"Laborkittel und Schutzbrille sind die Ausr\u00fcstung f\u00fcr den experimentellen Chemieunterricht, die jede_r Sch\u00fcler_in ben\u00f6tigt.","breadcrumb":{"@id":"https:\/\/mekruphy.com\/de\/produkte\/chemie\/chemie-laborkittel\/#breadcrumb"},"inLanguage":"de","potentialAction":[{"@type":"ReadAction","target":["https:\/\/mekruphy.com\/de\/produkte\/chemie\/chemie-laborkittel\/"]}]},{"@type":"ImageObject","inLanguage":"de","@id":"https:\/\/mekruphy.com\/de\/produkte\/chemie\/chemie-laborkittel\/#primaryimage","url":"https:\/\/mekruphy.com\/de\/wp-content\/uploads\/2020\/07\/Laborkittel2.jpg","contentUrl":"https:\/\/mekruphy.com\/de\/wp-content\/uploads\/2020\/07\/Laborkittel2.jpg","width":220,"height":264},{"@type":"BreadcrumbList","@id":"https:\/\/mekruphy.com\/de\/produkte\/chemie\/chemie-laborkittel\/#breadcrumb","itemListElement":[{"@type":"ListItem","position":1,"name":"Startseite","item":"https:\/\/mekruphy.com\/de\/"},{"@type":"ListItem","position":2,"name":"Produkte","item":"https:\/\/mekruphy.com\/de\/produkte\/"},{"@type":"ListItem","position":3,"name":"Chemie","item":"https:\/\/mekruphy.com\/de\/produkte\/chemie\/"},{"@type":"ListItem","position":4,"name":"Chemie Laborkittel"}]},{"@type":"WebSite","@id":"https:\/\/mekruphy.com\/de\/#website","url":"https:\/\/mekruphy.com\/de\/","name":"MEKRUPHY GmbH","description":"Sch\u00fcler-Experimentierk\u00e4sten f\u00fcr den MINT-Unterricht","potentialAction":[{"@type":"SearchAction","target":{"@type":"EntryPoint","urlTemplate":"https:\/\/mekruphy.com\/de\/?s={search_term_string}"},"query-input":{"@type":"PropertyValueSpecification","valueRequired":true,"valueName":"search_term_string"}}],"inLanguage":"de"}]}},"coauthors":[],"author_meta":{"author_link":"https:\/\/mekruphy.com\/de\/author\/mwbsca\/","display_name":"mwbscA"},"relative_dates":{"created":"Ver\u00f6ffentlicht 6\u00a0Jahren vor","modified":"Aktualisiert 4\u00a0Jahren vor"},"absolute_dates":{"created":"Ver\u00f6ffentlicht am 24. Juli 2020","modified":"Aktualisiert am 31. Januar 2022"},"absolute_dates_time":{"created":"Ver\u00f6ffentlicht am 24. Juli 2020 13:25","modified":"Aktualisiert am 31. Januar 2022 10:05"},"featured_img_caption":"","featured_img":"https:\/\/mekruphy.com\/de\/wp-content\/uploads\/2020\/07\/Laborkittel2.jpg","series_order":"","_links":{"self":[{"href":"https:\/\/mekruphy.com\/de\/wp-json\/wp\/v2\/pages\/1225","targetHints":{"allow":["GET"]}}],"collection":[{"href":"https:\/\/mekruphy.com\/de\/wp-json\/wp\/v2\/pages"}],"about":[{"href":"https:\/\/mekruphy.com\/de\/wp-json\/wp\/v2\/types\/page"}],"author":[{"embeddable":true,"href":"https:\/\/mekruphy.com\/de\/wp-json\/wp\/v2\/users\/1"}],"replies":[{"embeddable":true,"href":"https:\/\/mekruphy.com\/de\/wp-json\/wp\/v2\/comments?post=1225"}],"version-history":[{"count":12,"href":"https:\/\/mekruphy.com\/de\/wp-json\/wp\/v2\/pages\/1225\/revisions"}],"predecessor-version":[{"id":5189,"href":"https:\/\/mekruphy.com\/de\/wp-json\/wp\/v2\/pages\/1225\/revisions\/5189"}],"up":[{"embeddable":true,"href":"https:\/\/mekruphy.com\/de\/wp-json\/wp\/v2\/pages\/627"}],"wp:featuredmedia":[{"embeddable":true,"href":"https:\/\/mekruphy.com\/de\/wp-json\/wp\/v2\/media\/1552"}],"wp:attachment":[{"href":"https:\/\/mekruphy.com\/de\/wp-json\/wp\/v2\/media?parent=1225"}],"curies":[{"name":"wp","href":"https:\/\/api.w.org\/{rel}","templated":true}]}}