{"id":1226,"date":"2020-07-24T13:27:13","date_gmt":"2020-07-24T11:27:13","guid":{"rendered":"https:\/\/mekruphy.com\/de\/?page_id=1226"},"modified":"2022-01-31T10:13:13","modified_gmt":"2022-01-31T09:13:13","slug":"chemie-schutzbrillen","status":"publish","type":"page","link":"https:\/\/mekruphy.com\/de\/produkte\/chemie\/chemie-schutzbrillen\/","title":{"rendered":"Chemie Schutzbrillen"},"content":{"rendered":"<div class=\"yoast-breadcrumbs breadcrumbs\"><span><span><a href=\"https:\/\/mekruphy.com\/de\/\">Startseite<\/a><\/span> \u00bb <span><a href=\"https:\/\/mekruphy.com\/de\/produkte\/\">Produkte<\/a><\/span> \u00bb <span><a href=\"https:\/\/mekruphy.com\/de\/produkte\/chemie\/\">Chemie<\/a><\/span> \u00bb <span class=\"breadcrumb_last\" aria-current=\"page\">Chemie Schutzbrillen<\/span><\/span><\/div>\n\n\n<h2 class=\"wp-block-heading\" id=\"h-schutzbrillen\">Schutzbrillen<\/h2>\n\n\n\n<div class=\"wp-block-advgb-columns advgb-columns-wrapper\" id=\"advgb-cols-e877a17c-4019-49d6-bbd6-e170f06032f7\"><div class=\"advgb-columns-container\"><div class=\"advgb-columns advgb-columns-row advgb-is-mobile advgb-columns-2 layout-34-14 mbl-layout-stacked gutter-30 vgutter-10\">\n<div class=\"wp-block-advgb-column advgb-column advgb-is-three-quarters-tablet advgb-is-full-mobile\" id=\"advgb-col-df7133f4-703f-419c-85ac-0777a631ad3b\"><div class=\"advgb-column-inner\" style=\"border-style:none;border-width:1px\">\n<p>Erg\u00e4nzend zum <a href=\"https:\/\/mekruphy.com\/de\/produkte\/chemie\/chemie-laborkittel\/\">Laborkittel<\/a> geh\u00f6ren\u00a0Schutzbrillen zum Standard-Equipment im Chemieunterricht.\u00a0Der Griff zu\u00a0Laborkittel\u00a0und\u00a0Schutzbrille\u00a0sollte\u00a0also\u00a0zum Reflex werden, wenn Sch\u00fclerexperimente anstehen.\u00a0<\/p>\n<\/div><\/div>\n\n\n\n<div class=\"wp-block-advgb-column advgb-column advgb-is-one-quarter-tablet advgb-is-full-mobile\" id=\"advgb-col-a04f8cbd-fb92-425f-89da-e81059fd5045\"><div class=\"advgb-column-inner\" style=\"border-style:none;border-width:1px\">\n<figure class=\"wp-block-image size-large\"><img loading=\"lazy\" decoding=\"async\" width=\"220\" height=\"202\" src=\"https:\/\/mekruphy.com\/de\/wp-content\/uploads\/2020\/07\/Brille01.jpg\" alt=\"Schutzbrille f\u00fcr Chemie\" class=\"wp-image-1560\"\/><\/figure>\n<\/div><\/div>\n<\/div><\/div><\/div>\n\n\n\n<h3 class=\"wp-block-heading\" id=\"h-einscheiben-schutzbrille-nach-din-en-166\">Einscheiben-Schutzbrille&nbsp;nach DIN EN 166&nbsp;<\/h3>\n\n\n\n<div class=\"wp-block-advgb-columns advgb-columns-wrapper\" id=\"advgb-cols-c5d02256-0ed9-4713-9c13-4de2c64c0e9d\"><div class=\"advgb-columns-container\"><div class=\"advgb-columns advgb-columns-row advgb-is-mobile advgb-columns-2 layout-34-14 mbl-layout-stacked gutter-30 vgutter-10\">\n<div class=\"wp-block-advgb-column advgb-column advgb-is-three-quarters-tablet advgb-is-full-mobile\" id=\"advgb-col-009ebbdd-ffe0-4f1c-9de6-ce4eeb8026ee\"><div class=\"advgb-column-inner\" style=\"border-style:none;border-width:1px\">\n<p>Dieses Modell bietet hervorragenden weit bis zu den Schl\u00e4fenbereichen ragenden Seitenschutz. Die Schutzscheibe besteht aus kratzfestem Polykarbonat. Die gut einrastende Winkelverstellung und die L\u00e4ngsverstellung der Seitenb\u00fcgel erlauben eine Anpassung an jede Kopfform. Der Tragekomfort wird durch die an den Enden der Seitenb\u00fcgel aufgebrachten Softgummizonen optimiert.&nbsp;<\/p>\n<\/div><\/div>\n\n\n\n<div class=\"wp-block-advgb-column advgb-column advgb-is-one-quarter-tablet advgb-is-full-mobile\" id=\"advgb-col-68cece9c-0a50-466a-9c1c-1a8b9dfbf275\"><div class=\"advgb-column-inner\" style=\"border-style:none;border-width:1px\">\n<figure class=\"wp-block-image size-large\"><img loading=\"lazy\" decoding=\"async\" width=\"220\" height=\"135\" src=\"https:\/\/mekruphy.com\/de\/wp-content\/uploads\/2020\/07\/Seitenbuegel.jpg\" alt=\"Brillenb\u00fcgel\" class=\"wp-image-1564\"\/><\/figure>\n<\/div><\/div>\n<\/div><\/div><\/div>\n\n\n\n<h3 class=\"wp-block-heading\" id=\"h-schutzbrille-mit-farbigen-seitenbugeln\">Schutzbrille&nbsp;mit farbigen Seitenb\u00fcgeln&nbsp;<\/h3>\n\n\n\n<div class=\"wp-block-advgb-columns advgb-columns-wrapper\" id=\"advgb-cols-6b1bb53d-2584-43af-bc51-12da37ce2094\"><div class=\"advgb-columns-container\"><div class=\"advgb-columns advgb-columns-row advgb-is-mobile advgb-columns-2 layout-34-14 mbl-layout-stacked gutter-30 vgutter-10\">\n<div class=\"wp-block-advgb-column advgb-column advgb-is-three-quarters-tablet advgb-is-full-mobile\" id=\"advgb-col-a99f841f-fd74-4379-b38a-8e9543492235\"><div class=\"advgb-column-inner\" style=\"border-style:none;border-width:1px\">\n<p>Diese extrem leichte\u00a0Schutzbrille\u00a0nach <a href=\"https:\/\/www.din.de\/de\/mitwirken\/normenausschuesse\/nafuo\/veroeffentlichungen\/wdc-beuth:din21:42221820\" target=\"_blank\" rel=\"noreferrer noopener\">DIN EN 166<\/a> bietet neben\u00a0Tragekomfort einen au\u00dfergew\u00f6hnlich guten Augenbrauenschutz durch weit nach innen ragende obere Soft-Gummiauflagen. Die Seitenb\u00fcgel lassen sich 6-fach in der Winkelstellung und 4-fach in der L\u00e4ngsstellung sehr gut an die Kopfform anpassen. Sie sind in den Farben Mint und Orange lieferbar.\u00a0<\/p>\n\n\n\n<h3 class=\"wp-block-heading\" id=\"h-ersatzbrille\">Ersatzbrille&nbsp;<\/h3>\n\n\n\n<p>Die im Basiskasten C2 enthaltenen, mit&nbsp;Kopfband&nbsp;individuell einstellbaren Vollschutzbrillen, die auch f\u00fcr Brillentr\u00e4ger geeignet sind, dienen als Ersatz. Hat ein Sch\u00fcler oder eine Sch\u00fclerin die eigene Brille vergessen, k\u00f6nnen sie trotzdem mitexperimentieren.<\/p>\n<\/div><\/div>\n\n\n\n<div class=\"wp-block-advgb-column advgb-column advgb-is-one-quarter-tablet advgb-is-full-mobile\" id=\"advgb-col-af902c3b-656f-4535-bc57-e7962ce813b4\"><div class=\"advgb-column-inner\" style=\"border-style:none;border-width:1px\">\n<figure class=\"wp-block-image size-large\"><img loading=\"lazy\" decoding=\"async\" width=\"220\" height=\"293\" src=\"https:\/\/mekruphy.com\/de\/wp-content\/uploads\/2020\/07\/Brille02.jpg\" alt=\"Sch\u00fclerin mit Schutzbrille\" class=\"wp-image-1561\"\/><\/figure>\n<\/div><\/div>\n<\/div><\/div><\/div>\n<style class=\"advgb-styles-renderer\">#advgb-col-df7133f4-703f-419c-85ac-0777a631ad3b>.advgb-column-inner{}@media screen and (max-width: 1023px) {#advgb-col-df7133f4-703f-419c-85ac-0777a631ad3b>.advgb-column-inner{}}@media screen and (max-width: 767px) {#advgb-col-df7133f4-703f-419c-85ac-0777a631ad3b>.advgb-column-inner{}}#advgb-col-a04f8cbd-fb92-425f-89da-e81059fd5045>.advgb-column-inner{}@media screen and (max-width: 1023px) {#advgb-col-a04f8cbd-fb92-425f-89da-e81059fd5045>.advgb-column-inner{}}@media screen and (max-width: 767px) {#advgb-col-a04f8cbd-fb92-425f-89da-e81059fd5045>.advgb-column-inner{}}#advgb-cols-e877a17c-4019-49d6-bbd6-e170f06032f7{}@media screen and (max-width: 1023px) {#advgb-cols-e877a17c-4019-49d6-bbd6-e170f06032f7{}}@media screen and (max-width: 767px) {#advgb-cols-e877a17c-4019-49d6-bbd6-e170f06032f7{}}#advgb-col-df7133f4-703f-419c-85ac-0777a631ad3b>.advgb-column-inner{}@media screen and (max-width: 1023px) {#advgb-col-df7133f4-703f-419c-85ac-0777a631ad3b>.advgb-column-inner{}}@media screen and (max-width: 767px) {#advgb-col-df7133f4-703f-419c-85ac-0777a631ad3b>.advgb-column-inner{}}#advgb-col-a04f8cbd-fb92-425f-89da-e81059fd5045>.advgb-column-inner{}@media screen and (max-width: 1023px) {#advgb-col-a04f8cbd-fb92-425f-89da-e81059fd5045>.advgb-column-inner{}}@media screen and (max-width: 767px) {#advgb-col-a04f8cbd-fb92-425f-89da-e81059fd5045>.advgb-column-inner{}}#advgb-col-009ebbdd-ffe0-4f1c-9de6-ce4eeb8026ee>.advgb-column-inner{}@media screen and (max-width: 1023px) {#advgb-col-009ebbdd-ffe0-4f1c-9de6-ce4eeb8026ee>.advgb-column-inner{}}@media screen and (max-width: 767px) {#advgb-col-009ebbdd-ffe0-4f1c-9de6-ce4eeb8026ee>.advgb-column-inner{}}#advgb-col-68cece9c-0a50-466a-9c1c-1a8b9dfbf275>.advgb-column-inner{}@media screen and (max-width: 1023px) {#advgb-col-68cece9c-0a50-466a-9c1c-1a8b9dfbf275>.advgb-column-inner{}}@media screen and (max-width: 767px) {#advgb-col-68cece9c-0a50-466a-9c1c-1a8b9dfbf275>.advgb-column-inner{}}#advgb-cols-c5d02256-0ed9-4713-9c13-4de2c64c0e9d{}@media screen and (max-width: 1023px) {#advgb-cols-c5d02256-0ed9-4713-9c13-4de2c64c0e9d{}}@media screen and (max-width: 767px) {#advgb-cols-c5d02256-0ed9-4713-9c13-4de2c64c0e9d{}}#advgb-col-009ebbdd-ffe0-4f1c-9de6-ce4eeb8026ee>.advgb-column-inner{}@media screen and (max-width: 1023px) {#advgb-col-009ebbdd-ffe0-4f1c-9de6-ce4eeb8026ee>.advgb-column-inner{}}@media screen and (max-width: 767px) {#advgb-col-009ebbdd-ffe0-4f1c-9de6-ce4eeb8026ee>.advgb-column-inner{}}#advgb-col-68cece9c-0a50-466a-9c1c-1a8b9dfbf275>.advgb-column-inner{}@media screen and (max-width: 1023px) {#advgb-col-68cece9c-0a50-466a-9c1c-1a8b9dfbf275>.advgb-column-inner{}}@media screen and (max-width: 767px) {#advgb-col-68cece9c-0a50-466a-9c1c-1a8b9dfbf275>.advgb-column-inner{}}#advgb-col-a99f841f-fd74-4379-b38a-8e9543492235>.advgb-column-inner{}@media screen and (max-width: 1023px) {#advgb-col-a99f841f-fd74-4379-b38a-8e9543492235>.advgb-column-inner{}}@media screen and (max-width: 767px) {#advgb-col-a99f841f-fd74-4379-b38a-8e9543492235>.advgb-column-inner{}}#advgb-col-af902c3b-656f-4535-bc57-e7962ce813b4>.advgb-column-inner{}@media screen and (max-width: 1023px) {#advgb-col-af902c3b-656f-4535-bc57-e7962ce813b4>.advgb-column-inner{}}@media screen and (max-width: 767px) {#advgb-col-af902c3b-656f-4535-bc57-e7962ce813b4>.advgb-column-inner{}}#advgb-cols-6b1bb53d-2584-43af-bc51-12da37ce2094{}@media screen and (max-width: 1023px) {#advgb-cols-6b1bb53d-2584-43af-bc51-12da37ce2094{}}@media screen and (max-width: 767px) {#advgb-cols-6b1bb53d-2584-43af-bc51-12da37ce2094{}}#advgb-col-a99f841f-fd74-4379-b38a-8e9543492235>.advgb-column-inner{}@media screen and (max-width: 1023px) {#advgb-col-a99f841f-fd74-4379-b38a-8e9543492235>.advgb-column-inner{}}@media screen and (max-width: 767px) {#advgb-col-a99f841f-fd74-4379-b38a-8e9543492235>.advgb-column-inner{}}#advgb-col-af902c3b-656f-4535-bc57-e7962ce813b4>.advgb-column-inner{}@media screen and (max-width: 1023px) {#advgb-col-af902c3b-656f-4535-bc57-e7962ce813b4>.advgb-column-inner{}}@media screen and (max-width: 767px) {#advgb-col-af902c3b-656f-4535-bc57-e7962ce813b4>.advgb-column-inner{}}<\/style>","protected":false},"excerpt":{"rendered":"<p>Schutzbrillen Einscheiben-Schutzbrille&nbsp;nach DIN EN 166&nbsp; Schutzbrille&nbsp;mit farbigen Seitenb\u00fcgeln&nbsp;<\/p>\n","protected":false},"author":1,"featured_media":0,"parent":627,"menu_order":0,"comment_status":"closed","ping_status":"closed","template":"templates\/productcategory.php","meta":{"_acf_changed":false,"_coblocks_attr":"","_coblocks_dimensions":"","_coblocks_responsive_height":"","_coblocks_accordion_ie_support":"","_eb_attr":"","advgb_blocks_editor_width":"","advgb_blocks_columns_visual_guide":"","footnotes":""},"class_list":["post-1226","page","type-page","status-publish","hentry"],"acf":[],"yoast_head":"<!-- This site is optimized with the Yoast SEO plugin v27.4 - https:\/\/yoast.com\/product\/yoast-seo-wordpress\/ -->\n<title>Chemie Schutzbrillen - MEKRUPHY GmbH<\/title>\n<meta name=\"description\" content=\"Erg\u00e4nzend zum Kittel geh\u00f6ren Schutzbrillen zum Standard-Equipment im Chemieunterricht, um die Sicherheitsvorschriften zu erf\u00fcllen.\" \/>\n<meta name=\"robots\" content=\"index, follow, max-snippet:-1, max-image-preview:large, max-video-preview:-1\" \/>\n<link rel=\"canonical\" href=\"https:\/\/mekruphy.com\/de\/produkte\/chemie\/chemie-schutzbrillen\/\" \/>\n<meta property=\"og:locale\" content=\"de_DE\" \/>\n<meta property=\"og:type\" content=\"article\" \/>\n<meta property=\"og:title\" content=\"Chemie Schutzbrillen - MEKRUPHY GmbH\" \/>\n<meta property=\"og:description\" content=\"Erg\u00e4nzend zum Kittel geh\u00f6ren Schutzbrillen zum Standard-Equipment im Chemieunterricht, um die Sicherheitsvorschriften zu erf\u00fcllen.\" \/>\n<meta property=\"og:url\" content=\"https:\/\/mekruphy.com\/de\/produkte\/chemie\/chemie-schutzbrillen\/\" \/>\n<meta property=\"og:site_name\" content=\"MEKRUPHY GmbH\" \/>\n<meta property=\"article:modified_time\" content=\"2022-01-31T09:13:13+00:00\" \/>\n<meta property=\"og:image\" content=\"https:\/\/mekruphy.com\/de\/wp-content\/uploads\/2020\/07\/Brille01.jpg\" \/>\n<meta name=\"twitter:card\" content=\"summary_large_image\" \/>\n<meta name=\"twitter:label1\" content=\"Gesch\u00e4tzte Lesezeit\" \/>\n\t<meta name=\"twitter:data1\" content=\"2\u00a0Minuten\" \/>\n<script type=\"application\/ld+json\" class=\"yoast-schema-graph\">{\"@context\":\"https:\\\/\\\/schema.org\",\"@graph\":[{\"@type\":\"WebPage\",\"@id\":\"https:\\\/\\\/mekruphy.com\\\/de\\\/produkte\\\/chemie\\\/chemie-schutzbrillen\\\/\",\"url\":\"https:\\\/\\\/mekruphy.com\\\/de\\\/produkte\\\/chemie\\\/chemie-schutzbrillen\\\/\",\"name\":\"Chemie Schutzbrillen - MEKRUPHY GmbH\",\"isPartOf\":{\"@id\":\"https:\\\/\\\/mekruphy.com\\\/de\\\/#website\"},\"primaryImageOfPage\":{\"@id\":\"https:\\\/\\\/mekruphy.com\\\/de\\\/produkte\\\/chemie\\\/chemie-schutzbrillen\\\/#primaryimage\"},\"image\":{\"@id\":\"https:\\\/\\\/mekruphy.com\\\/de\\\/produkte\\\/chemie\\\/chemie-schutzbrillen\\\/#primaryimage\"},\"thumbnailUrl\":\"https:\\\/\\\/mekruphy.com\\\/de\\\/wp-content\\\/uploads\\\/2020\\\/07\\\/Brille01.jpg\",\"datePublished\":\"2020-07-24T11:27:13+00:00\",\"dateModified\":\"2022-01-31T09:13:13+00:00\",\"description\":\"Erg\u00e4nzend zum Kittel geh\u00f6ren Schutzbrillen zum Standard-Equipment im Chemieunterricht, um die Sicherheitsvorschriften zu erf\u00fcllen.\",\"breadcrumb\":{\"@id\":\"https:\\\/\\\/mekruphy.com\\\/de\\\/produkte\\\/chemie\\\/chemie-schutzbrillen\\\/#breadcrumb\"},\"inLanguage\":\"de\",\"potentialAction\":[{\"@type\":\"ReadAction\",\"target\":[\"https:\\\/\\\/mekruphy.com\\\/de\\\/produkte\\\/chemie\\\/chemie-schutzbrillen\\\/\"]}]},{\"@type\":\"ImageObject\",\"inLanguage\":\"de\",\"@id\":\"https:\\\/\\\/mekruphy.com\\\/de\\\/produkte\\\/chemie\\\/chemie-schutzbrillen\\\/#primaryimage\",\"url\":\"https:\\\/\\\/mekruphy.com\\\/de\\\/wp-content\\\/uploads\\\/2020\\\/07\\\/Brille01.jpg\",\"contentUrl\":\"https:\\\/\\\/mekruphy.com\\\/de\\\/wp-content\\\/uploads\\\/2020\\\/07\\\/Brille01.jpg\",\"width\":220,\"height\":202},{\"@type\":\"BreadcrumbList\",\"@id\":\"https:\\\/\\\/mekruphy.com\\\/de\\\/produkte\\\/chemie\\\/chemie-schutzbrillen\\\/#breadcrumb\",\"itemListElement\":[{\"@type\":\"ListItem\",\"position\":1,\"name\":\"Startseite\",\"item\":\"https:\\\/\\\/mekruphy.com\\\/de\\\/\"},{\"@type\":\"ListItem\",\"position\":2,\"name\":\"Produkte\",\"item\":\"https:\\\/\\\/mekruphy.com\\\/de\\\/produkte\\\/\"},{\"@type\":\"ListItem\",\"position\":3,\"name\":\"Chemie\",\"item\":\"https:\\\/\\\/mekruphy.com\\\/de\\\/produkte\\\/chemie\\\/\"},{\"@type\":\"ListItem\",\"position\":4,\"name\":\"Chemie Schutzbrillen\"}]},{\"@type\":\"WebSite\",\"@id\":\"https:\\\/\\\/mekruphy.com\\\/de\\\/#website\",\"url\":\"https:\\\/\\\/mekruphy.com\\\/de\\\/\",\"name\":\"MEKRUPHY GmbH\",\"description\":\"Sch\u00fcler-Experimentierk\u00e4sten f\u00fcr den MINT-Unterricht\",\"potentialAction\":[{\"@type\":\"SearchAction\",\"target\":{\"@type\":\"EntryPoint\",\"urlTemplate\":\"https:\\\/\\\/mekruphy.com\\\/de\\\/?s={search_term_string}\"},\"query-input\":{\"@type\":\"PropertyValueSpecification\",\"valueRequired\":true,\"valueName\":\"search_term_string\"}}],\"inLanguage\":\"de\"}]}<\/script>\n<!-- \/ Yoast SEO plugin. -->","yoast_head_json":{"title":"Chemie Schutzbrillen - MEKRUPHY GmbH","description":"Erg\u00e4nzend zum Kittel geh\u00f6ren Schutzbrillen zum Standard-Equipment im Chemieunterricht, um die Sicherheitsvorschriften zu erf\u00fcllen.","robots":{"index":"index","follow":"follow","max-snippet":"max-snippet:-1","max-image-preview":"max-image-preview:large","max-video-preview":"max-video-preview:-1"},"canonical":"https:\/\/mekruphy.com\/de\/produkte\/chemie\/chemie-schutzbrillen\/","og_locale":"de_DE","og_type":"article","og_title":"Chemie Schutzbrillen - MEKRUPHY GmbH","og_description":"Erg\u00e4nzend zum Kittel geh\u00f6ren Schutzbrillen zum Standard-Equipment im Chemieunterricht, um die Sicherheitsvorschriften zu erf\u00fcllen.","og_url":"https:\/\/mekruphy.com\/de\/produkte\/chemie\/chemie-schutzbrillen\/","og_site_name":"MEKRUPHY GmbH","article_modified_time":"2022-01-31T09:13:13+00:00","og_image":[{"url":"https:\/\/mekruphy.com\/de\/wp-content\/uploads\/2020\/07\/Brille01.jpg","type":"","width":"","height":""}],"twitter_card":"summary_large_image","twitter_misc":{"Gesch\u00e4tzte Lesezeit":"2\u00a0Minuten"},"schema":{"@context":"https:\/\/schema.org","@graph":[{"@type":"WebPage","@id":"https:\/\/mekruphy.com\/de\/produkte\/chemie\/chemie-schutzbrillen\/","url":"https:\/\/mekruphy.com\/de\/produkte\/chemie\/chemie-schutzbrillen\/","name":"Chemie Schutzbrillen - MEKRUPHY GmbH","isPartOf":{"@id":"https:\/\/mekruphy.com\/de\/#website"},"primaryImageOfPage":{"@id":"https:\/\/mekruphy.com\/de\/produkte\/chemie\/chemie-schutzbrillen\/#primaryimage"},"image":{"@id":"https:\/\/mekruphy.com\/de\/produkte\/chemie\/chemie-schutzbrillen\/#primaryimage"},"thumbnailUrl":"https:\/\/mekruphy.com\/de\/wp-content\/uploads\/2020\/07\/Brille01.jpg","datePublished":"2020-07-24T11:27:13+00:00","dateModified":"2022-01-31T09:13:13+00:00","description":"Erg\u00e4nzend zum Kittel geh\u00f6ren Schutzbrillen zum Standard-Equipment im Chemieunterricht, um die Sicherheitsvorschriften zu erf\u00fcllen.","breadcrumb":{"@id":"https:\/\/mekruphy.com\/de\/produkte\/chemie\/chemie-schutzbrillen\/#breadcrumb"},"inLanguage":"de","potentialAction":[{"@type":"ReadAction","target":["https:\/\/mekruphy.com\/de\/produkte\/chemie\/chemie-schutzbrillen\/"]}]},{"@type":"ImageObject","inLanguage":"de","@id":"https:\/\/mekruphy.com\/de\/produkte\/chemie\/chemie-schutzbrillen\/#primaryimage","url":"https:\/\/mekruphy.com\/de\/wp-content\/uploads\/2020\/07\/Brille01.jpg","contentUrl":"https:\/\/mekruphy.com\/de\/wp-content\/uploads\/2020\/07\/Brille01.jpg","width":220,"height":202},{"@type":"BreadcrumbList","@id":"https:\/\/mekruphy.com\/de\/produkte\/chemie\/chemie-schutzbrillen\/#breadcrumb","itemListElement":[{"@type":"ListItem","position":1,"name":"Startseite","item":"https:\/\/mekruphy.com\/de\/"},{"@type":"ListItem","position":2,"name":"Produkte","item":"https:\/\/mekruphy.com\/de\/produkte\/"},{"@type":"ListItem","position":3,"name":"Chemie","item":"https:\/\/mekruphy.com\/de\/produkte\/chemie\/"},{"@type":"ListItem","position":4,"name":"Chemie Schutzbrillen"}]},{"@type":"WebSite","@id":"https:\/\/mekruphy.com\/de\/#website","url":"https:\/\/mekruphy.com\/de\/","name":"MEKRUPHY GmbH","description":"Sch\u00fcler-Experimentierk\u00e4sten f\u00fcr den MINT-Unterricht","potentialAction":[{"@type":"SearchAction","target":{"@type":"EntryPoint","urlTemplate":"https:\/\/mekruphy.com\/de\/?s={search_term_string}"},"query-input":{"@type":"PropertyValueSpecification","valueRequired":true,"valueName":"search_term_string"}}],"inLanguage":"de"}]}},"coauthors":[],"author_meta":{"author_link":"https:\/\/mekruphy.com\/de\/author\/mwbsca\/","display_name":"mwbscA"},"relative_dates":{"created":"Ver\u00f6ffentlicht 6\u00a0Jahren vor","modified":"Aktualisiert 4\u00a0Jahren vor"},"absolute_dates":{"created":"Ver\u00f6ffentlicht am 24. Juli 2020","modified":"Aktualisiert am 31. Januar 2022"},"absolute_dates_time":{"created":"Ver\u00f6ffentlicht am 24. Juli 2020 13:27","modified":"Aktualisiert am 31. Januar 2022 10:13"},"featured_img_caption":"","featured_img":false,"series_order":"","_links":{"self":[{"href":"https:\/\/mekruphy.com\/de\/wp-json\/wp\/v2\/pages\/1226","targetHints":{"allow":["GET"]}}],"collection":[{"href":"https:\/\/mekruphy.com\/de\/wp-json\/wp\/v2\/pages"}],"about":[{"href":"https:\/\/mekruphy.com\/de\/wp-json\/wp\/v2\/types\/page"}],"author":[{"embeddable":true,"href":"https:\/\/mekruphy.com\/de\/wp-json\/wp\/v2\/users\/1"}],"replies":[{"embeddable":true,"href":"https:\/\/mekruphy.com\/de\/wp-json\/wp\/v2\/comments?post=1226"}],"version-history":[{"count":11,"href":"https:\/\/mekruphy.com\/de\/wp-json\/wp\/v2\/pages\/1226\/revisions"}],"predecessor-version":[{"id":5193,"href":"https:\/\/mekruphy.com\/de\/wp-json\/wp\/v2\/pages\/1226\/revisions\/5193"}],"up":[{"embeddable":true,"href":"https:\/\/mekruphy.com\/de\/wp-json\/wp\/v2\/pages\/627"}],"wp:attachment":[{"href":"https:\/\/mekruphy.com\/de\/wp-json\/wp\/v2\/media?parent=1226"}],"curies":[{"name":"wp","href":"https:\/\/api.w.org\/{rel}","templated":true}]}}