{"id":1243,"date":"2020-07-24T14:13:13","date_gmt":"2020-07-24T12:13:13","guid":{"rendered":"https:\/\/mekruphy.com\/de\/?page_id=1243"},"modified":"2022-01-31T09:44:28","modified_gmt":"2022-01-31T08:44:28","slug":"chemie-basisausruestung","status":"publish","type":"page","link":"https:\/\/mekruphy.com\/de\/produkte\/chemie\/chemie-basisausruestung\/","title":{"rendered":"Chemie Basisausr\u00fcstung"},"content":{"rendered":"<div class=\"yoast-breadcrumbs breadcrumbs\"><span><span><a href=\"https:\/\/mekruphy.com\/de\/\">Startseite<\/a><\/span> \u00bb <span><a href=\"https:\/\/mekruphy.com\/de\/produkte\/\">Produkte<\/a><\/span> \u00bb <span><a href=\"https:\/\/mekruphy.com\/de\/produkte\/chemie\/\">Chemie<\/a><\/span> \u00bb <span class=\"breadcrumb_last\" aria-current=\"page\">Chemie Basisausr\u00fcstung<\/span><\/span><\/div>\n\n\n<h2 class=\"wp-block-heading\" id=\"h-experimente-fur-den-naturlichen-forschungsdrang\">Experimente f\u00fcr den nat\u00fcrlichen Forschungsdrang&nbsp;<\/h2>\n\n\n\n<p>Von den vielen M\u00f6glichkeiten, Kinder und Jugendliche f\u00fcr das Fach Chemie zu begeistern, ist diejenige am effektivsten, bei der&nbsp;junge&nbsp;Menschen selbst experimentieren k\u00f6nnen. Die Frage ist nur, ob dies ohne Mehraufwand an Arbeit und Zeit f\u00fcr die Lehrkraft m\u00f6glich ist.&nbsp;&nbsp;<\/p>\n\n\n\n<p>Mit unseren Experimentierk\u00e4sten l\u00e4sst sich der Aufwand daf\u00fcr nicht nur wesentlich reduzieren, sondern sogar kompensieren. Grund&nbsp;daf\u00fcr ist die Effizienz unserer Systeme, die auf&nbsp;vier Faktoren beruht:&nbsp;<\/p>\n\n\n\n<ul class=\"wp-block-list\"><li>hohe Qualit\u00e4t der Ger\u00e4teausstattung&nbsp;<\/li><li>feste Arbeitsgruppe&nbsp;<\/li><li>ausgereifte Experimentierliteratur&nbsp;<\/li><li>Produktion in Deutschland&nbsp;<\/li><\/ul>\n\n\n\n<p>Die Ausstattung besteht zun\u00e4chst aus zwei Basisk\u00e4sten, <a href=\"https:\/\/mekruphy.com\/de\/produkte\/chemie\/chemie-basisausruestung\/basisausruestung-chemie-kasten-c1\/\">CHEMIE Kasten C1<\/a> und <a href=\"https:\/\/mekruphy.com\/de\/produkte\/chemie\/chemie-basisausruestung\/basisausruestung-chemie-kasten-c2\/\">CHEMIE Kasten C2<\/a>, in denen alle Ger\u00e4te\u00a0f\u00fcr die meisten Sch\u00fclerexperimente\u00a0bereitgestellt werden.<\/p>\n","protected":false},"excerpt":{"rendered":"<p>Experimente f\u00fcr den nat\u00fcrlichen Forschungsdrang&nbsp; Von den vielen M\u00f6glichkeiten, Kinder und Jugendliche f\u00fcr das Fach Chemie zu begeistern, ist diejenige am effektivsten, bei der&nbsp;junge&nbsp;Menschen selbst experimentieren k\u00f6nnen. Die Frage ist nur, ob dies ohne Mehraufwand an Arbeit und Zeit f\u00fcr die Lehrkraft m\u00f6glich ist.&nbsp;&nbsp; Mit unseren Experimentierk\u00e4sten l\u00e4sst sich der Aufwand daf\u00fcr nicht nur wesentlich [&hellip;]<\/p>\n","protected":false},"author":1,"featured_media":0,"parent":627,"menu_order":0,"comment_status":"closed","ping_status":"closed","template":"templates\/productcategory.php","meta":{"_acf_changed":false,"_coblocks_attr":"","_coblocks_dimensions":"","_coblocks_responsive_height":"","_coblocks_accordion_ie_support":"","_eb_attr":"","advgb_blocks_editor_width":"","advgb_blocks_columns_visual_guide":"","footnotes":""},"class_list":["post-1243","page","type-page","status-publish","hentry"],"acf":[],"yoast_head":"<!-- This site is optimized with the Yoast SEO plugin v27.3 - https:\/\/yoast.com\/product\/yoast-seo-wordpress\/ -->\n<title>Chemie Basisausr\u00fcstung - MEKRUPHY GmbH<\/title>\n<meta name=\"robots\" content=\"index, follow, max-snippet:-1, max-image-preview:large, max-video-preview:-1\" \/>\n<link rel=\"canonical\" href=\"https:\/\/mekruphy.com\/de\/produkte\/chemie\/chemie-basisausruestung\/\" \/>\n<meta property=\"og:locale\" content=\"de_DE\" \/>\n<meta property=\"og:type\" content=\"article\" \/>\n<meta property=\"og:title\" content=\"Chemie Basisausr\u00fcstung - MEKRUPHY GmbH\" \/>\n<meta property=\"og:description\" content=\"Experimente f\u00fcr den nat\u00fcrlichen Forschungsdrang&nbsp; Von den vielen M\u00f6glichkeiten, Kinder und Jugendliche f\u00fcr das Fach Chemie zu begeistern, ist diejenige am effektivsten, bei der&nbsp;junge&nbsp;Menschen selbst experimentieren k\u00f6nnen. Die Frage ist nur, ob dies ohne Mehraufwand an Arbeit und Zeit f\u00fcr die Lehrkraft m\u00f6glich ist.&nbsp;&nbsp; Mit unseren Experimentierk\u00e4sten l\u00e4sst sich der Aufwand daf\u00fcr nicht nur wesentlich [&hellip;]\" \/>\n<meta property=\"og:url\" content=\"https:\/\/mekruphy.com\/de\/produkte\/chemie\/chemie-basisausruestung\/\" \/>\n<meta property=\"og:site_name\" content=\"MEKRUPHY GmbH\" \/>\n<meta property=\"article:modified_time\" content=\"2022-01-31T08:44:28+00:00\" \/>\n<meta name=\"twitter:card\" content=\"summary_large_image\" \/>\n<meta name=\"twitter:label1\" content=\"Gesch\u00e4tzte Lesezeit\" \/>\n\t<meta name=\"twitter:data1\" content=\"1\u00a0Minute\" \/>\n<script type=\"application\/ld+json\" class=\"yoast-schema-graph\">{\"@context\":\"https:\\\/\\\/schema.org\",\"@graph\":[{\"@type\":\"WebPage\",\"@id\":\"https:\\\/\\\/mekruphy.com\\\/de\\\/produkte\\\/chemie\\\/chemie-basisausruestung\\\/\",\"url\":\"https:\\\/\\\/mekruphy.com\\\/de\\\/produkte\\\/chemie\\\/chemie-basisausruestung\\\/\",\"name\":\"Chemie Basisausr\u00fcstung - MEKRUPHY GmbH\",\"isPartOf\":{\"@id\":\"https:\\\/\\\/mekruphy.com\\\/de\\\/#website\"},\"datePublished\":\"2020-07-24T12:13:13+00:00\",\"dateModified\":\"2022-01-31T08:44:28+00:00\",\"breadcrumb\":{\"@id\":\"https:\\\/\\\/mekruphy.com\\\/de\\\/produkte\\\/chemie\\\/chemie-basisausruestung\\\/#breadcrumb\"},\"inLanguage\":\"de\",\"potentialAction\":[{\"@type\":\"ReadAction\",\"target\":[\"https:\\\/\\\/mekruphy.com\\\/de\\\/produkte\\\/chemie\\\/chemie-basisausruestung\\\/\"]}]},{\"@type\":\"BreadcrumbList\",\"@id\":\"https:\\\/\\\/mekruphy.com\\\/de\\\/produkte\\\/chemie\\\/chemie-basisausruestung\\\/#breadcrumb\",\"itemListElement\":[{\"@type\":\"ListItem\",\"position\":1,\"name\":\"Startseite\",\"item\":\"https:\\\/\\\/mekruphy.com\\\/de\\\/\"},{\"@type\":\"ListItem\",\"position\":2,\"name\":\"Produkte\",\"item\":\"https:\\\/\\\/mekruphy.com\\\/de\\\/produkte\\\/\"},{\"@type\":\"ListItem\",\"position\":3,\"name\":\"Chemie\",\"item\":\"https:\\\/\\\/mekruphy.com\\\/de\\\/produkte\\\/chemie\\\/\"},{\"@type\":\"ListItem\",\"position\":4,\"name\":\"Chemie Basisausr\u00fcstung\"}]},{\"@type\":\"WebSite\",\"@id\":\"https:\\\/\\\/mekruphy.com\\\/de\\\/#website\",\"url\":\"https:\\\/\\\/mekruphy.com\\\/de\\\/\",\"name\":\"MEKRUPHY GmbH\",\"description\":\"Sch\u00fcler-Experimentierk\u00e4sten f\u00fcr den MINT-Unterricht\",\"potentialAction\":[{\"@type\":\"SearchAction\",\"target\":{\"@type\":\"EntryPoint\",\"urlTemplate\":\"https:\\\/\\\/mekruphy.com\\\/de\\\/?s={search_term_string}\"},\"query-input\":{\"@type\":\"PropertyValueSpecification\",\"valueRequired\":true,\"valueName\":\"search_term_string\"}}],\"inLanguage\":\"de\"}]}<\/script>\n<!-- \/ Yoast SEO plugin. -->","yoast_head_json":{"title":"Chemie Basisausr\u00fcstung - MEKRUPHY GmbH","robots":{"index":"index","follow":"follow","max-snippet":"max-snippet:-1","max-image-preview":"max-image-preview:large","max-video-preview":"max-video-preview:-1"},"canonical":"https:\/\/mekruphy.com\/de\/produkte\/chemie\/chemie-basisausruestung\/","og_locale":"de_DE","og_type":"article","og_title":"Chemie Basisausr\u00fcstung - MEKRUPHY GmbH","og_description":"Experimente f\u00fcr den nat\u00fcrlichen Forschungsdrang&nbsp; Von den vielen M\u00f6glichkeiten, Kinder und Jugendliche f\u00fcr das Fach Chemie zu begeistern, ist diejenige am effektivsten, bei der&nbsp;junge&nbsp;Menschen selbst experimentieren k\u00f6nnen. Die Frage ist nur, ob dies ohne Mehraufwand an Arbeit und Zeit f\u00fcr die Lehrkraft m\u00f6glich ist.&nbsp;&nbsp; Mit unseren Experimentierk\u00e4sten l\u00e4sst sich der Aufwand daf\u00fcr nicht nur wesentlich [&hellip;]","og_url":"https:\/\/mekruphy.com\/de\/produkte\/chemie\/chemie-basisausruestung\/","og_site_name":"MEKRUPHY GmbH","article_modified_time":"2022-01-31T08:44:28+00:00","twitter_card":"summary_large_image","twitter_misc":{"Gesch\u00e4tzte Lesezeit":"1\u00a0Minute"},"schema":{"@context":"https:\/\/schema.org","@graph":[{"@type":"WebPage","@id":"https:\/\/mekruphy.com\/de\/produkte\/chemie\/chemie-basisausruestung\/","url":"https:\/\/mekruphy.com\/de\/produkte\/chemie\/chemie-basisausruestung\/","name":"Chemie Basisausr\u00fcstung - MEKRUPHY GmbH","isPartOf":{"@id":"https:\/\/mekruphy.com\/de\/#website"},"datePublished":"2020-07-24T12:13:13+00:00","dateModified":"2022-01-31T08:44:28+00:00","breadcrumb":{"@id":"https:\/\/mekruphy.com\/de\/produkte\/chemie\/chemie-basisausruestung\/#breadcrumb"},"inLanguage":"de","potentialAction":[{"@type":"ReadAction","target":["https:\/\/mekruphy.com\/de\/produkte\/chemie\/chemie-basisausruestung\/"]}]},{"@type":"BreadcrumbList","@id":"https:\/\/mekruphy.com\/de\/produkte\/chemie\/chemie-basisausruestung\/#breadcrumb","itemListElement":[{"@type":"ListItem","position":1,"name":"Startseite","item":"https:\/\/mekruphy.com\/de\/"},{"@type":"ListItem","position":2,"name":"Produkte","item":"https:\/\/mekruphy.com\/de\/produkte\/"},{"@type":"ListItem","position":3,"name":"Chemie","item":"https:\/\/mekruphy.com\/de\/produkte\/chemie\/"},{"@type":"ListItem","position":4,"name":"Chemie Basisausr\u00fcstung"}]},{"@type":"WebSite","@id":"https:\/\/mekruphy.com\/de\/#website","url":"https:\/\/mekruphy.com\/de\/","name":"MEKRUPHY GmbH","description":"Sch\u00fcler-Experimentierk\u00e4sten f\u00fcr den MINT-Unterricht","potentialAction":[{"@type":"SearchAction","target":{"@type":"EntryPoint","urlTemplate":"https:\/\/mekruphy.com\/de\/?s={search_term_string}"},"query-input":{"@type":"PropertyValueSpecification","valueRequired":true,"valueName":"search_term_string"}}],"inLanguage":"de"}]}},"coauthors":[],"author_meta":{"author_link":"https:\/\/mekruphy.com\/de\/author\/mwbsca\/","display_name":"mwbscA"},"relative_dates":{"created":"Ver\u00f6ffentlicht 6\u00a0Jahren vor","modified":"Aktualisiert 4\u00a0Jahren vor"},"absolute_dates":{"created":"Ver\u00f6ffentlicht am 24. Juli 2020","modified":"Aktualisiert am 31. Januar 2022"},"absolute_dates_time":{"created":"Ver\u00f6ffentlicht am 24. Juli 2020 14:13","modified":"Aktualisiert am 31. Januar 2022 9:44"},"featured_img_caption":"","featured_img":false,"series_order":"","_links":{"self":[{"href":"https:\/\/mekruphy.com\/de\/wp-json\/wp\/v2\/pages\/1243","targetHints":{"allow":["GET"]}}],"collection":[{"href":"https:\/\/mekruphy.com\/de\/wp-json\/wp\/v2\/pages"}],"about":[{"href":"https:\/\/mekruphy.com\/de\/wp-json\/wp\/v2\/types\/page"}],"author":[{"embeddable":true,"href":"https:\/\/mekruphy.com\/de\/wp-json\/wp\/v2\/users\/1"}],"replies":[{"embeddable":true,"href":"https:\/\/mekruphy.com\/de\/wp-json\/wp\/v2\/comments?post=1243"}],"version-history":[{"count":7,"href":"https:\/\/mekruphy.com\/de\/wp-json\/wp\/v2\/pages\/1243\/revisions"}],"predecessor-version":[{"id":5182,"href":"https:\/\/mekruphy.com\/de\/wp-json\/wp\/v2\/pages\/1243\/revisions\/5182"}],"up":[{"embeddable":true,"href":"https:\/\/mekruphy.com\/de\/wp-json\/wp\/v2\/pages\/627"}],"wp:attachment":[{"href":"https:\/\/mekruphy.com\/de\/wp-json\/wp\/v2\/media?parent=1243"}],"curies":[{"name":"wp","href":"https:\/\/api.w.org\/{rel}","templated":true}]}}