{"id":1248,"date":"2020-07-24T14:16:08","date_gmt":"2020-07-24T12:16:08","guid":{"rendered":"https:\/\/mekruphy.com\/de\/?page_id=1248"},"modified":"2022-02-18T12:52:17","modified_gmt":"2022-02-18T11:52:17","slug":"elektrochemie","status":"publish","type":"page","link":"https:\/\/mekruphy.com\/de\/produkte\/chemie\/elektrochemie\/","title":{"rendered":"Elektrochemie"},"content":{"rendered":"<div class=\"yoast-breadcrumbs breadcrumbs\"><span><span><a href=\"https:\/\/mekruphy.com\/de\/\">Startseite<\/a><\/span> \u00bb <span><a href=\"https:\/\/mekruphy.com\/de\/produkte\/\">Produkte<\/a><\/span> \u00bb <span><a href=\"https:\/\/mekruphy.com\/de\/produkte\/chemie\/\">Chemie<\/a><\/span> \u00bb <span class=\"breadcrumb_last\" aria-current=\"page\">Elektrochemie<\/span><\/span><\/div>\n\n\n<h2 class=\"wp-block-heading\" id=\"h-elektrochemie\">Elektrochemie<\/h2>\n\n\n\n<div class=\"wp-block-coblocks-row coblocks-row-110163649108\" data-columns=\"2\" data-layout=\"66-33\"><div class=\"wp-block-coblocks-row__inner has-padding has-margin is-stacked-on-mobile has-medium-gutter\">\n<div class=\"wp-block-coblocks-column coblocks-column-110163652524\" style=\"width:66%\"><div class=\"wp-block-coblocks-column__inner has-no-padding has-no-margin\">\n<p>Mit dem f\u00fcr die Sekundarstufe 1 konzipierten Experimentierkasten <a href=\"https:\/\/mekruphy.com\/de\/produkte\/chemie\/elektrochemie\/experimentiersatz-chemie-4-elektrochemie-1\/\">CHEMIE 4<\/a> (Elektrochemie 1) lassen sich die Grundlagen der Elektrochemie unkompliziert und z\u00fcgig erarbeiten. F\u00fcr die meisten Experimente wurden spezielle Ger\u00e4te entwickelt und optimal aufeinander abgestimmt. Dadurch sind die Experimente schnell auf- und abgebaut und gelingen mit gro\u00dfer Sicherheit und Genauigkeit.<\/p>\n\n\n\n<p> &nbsp; <\/p>\n\n\n\n<p>Mit\u00a0dem Experimentierkasten <a href=\"https:\/\/mekruphy.com\/de\/produkte\/chemie\/elektrochemie\/experimentiersatz-chemie-5-elektrochemie-2\/\">CHEMIE 5<\/a> (Elektrochemie\u00a02) gibt es endlich die M\u00f6glichkeit, altersgem\u00e4\u00dfe Sch\u00fclerexperimente der Sekundarstufe 2 durchzuf\u00fchren. Er greift Themen der\u00a0<a href=\"https:\/\/mekruphy.com\/de\/produkte\/chemie\/elektrochemie\/experimentiersatz-chemie-4-elektrochemie-1\/\">Elektrochemie 1<\/a>\u00a0auf und setzt sie in weiterf\u00fchrenden Experimenten fort.<\/p>\n<\/div><\/div>\n\n\n\n<div class=\"wp-block-coblocks-column coblocks-column-110163652526\" style=\"width:33%\"><div class=\"wp-block-coblocks-column__inner has-no-padding has-no-margin\">\n<figure class=\"wp-block-image size-full\"><img loading=\"lazy\" decoding=\"async\" width=\"499\" height=\"586\" src=\"https:\/\/mekruphy.com\/de\/wp-content\/uploads\/2021\/03\/C4_1.png\" alt=\"Hoffmanscher Wasserzersetzungsapparat - Elektrochemie\" class=\"wp-image-3170\" srcset=\"https:\/\/mekruphy.com\/de\/wp-content\/uploads\/2021\/03\/C4_1.png 499w, https:\/\/mekruphy.com\/de\/wp-content\/uploads\/2021\/03\/C4_1-255x300.png 255w\" sizes=\"auto, (max-width: 499px) 100vw, 499px\" \/><\/figure>\n<\/div><\/div>\n<\/div><\/div>\n","protected":false},"excerpt":{"rendered":"<p>Elektrochemie<\/p>\n","protected":false},"author":1,"featured_media":0,"parent":627,"menu_order":0,"comment_status":"closed","ping_status":"closed","template":"templates\/productcategory.php","meta":{"_acf_changed":false,"_coblocks_attr":"","_coblocks_dimensions":"{\"coblocks-row-110163649108\":{\"padding\":{},\"margin\":{}}}","_coblocks_responsive_height":"","_coblocks_accordion_ie_support":"","_eb_attr":"","advgb_blocks_editor_width":"","advgb_blocks_columns_visual_guide":"","footnotes":""},"class_list":["post-1248","page","type-page","status-publish","hentry"],"acf":[],"yoast_head":"<!-- This site is optimized with the Yoast SEO plugin v27.3 - https:\/\/yoast.com\/product\/yoast-seo-wordpress\/ -->\n<title>Elektrochemie - MEKRUPHY GmbH<\/title>\n<meta name=\"description\" content=\"Mit f\u00fcr die Sekundarstufe 1 konzipierten Experimentierk\u00e4sten lassen sich die Grundlagen der Elektrochemie unkompliziert und z\u00fcgig erarbeiten.\" \/>\n<meta name=\"robots\" content=\"index, follow, max-snippet:-1, max-image-preview:large, max-video-preview:-1\" \/>\n<link rel=\"canonical\" href=\"https:\/\/mekruphy.com\/de\/produkte\/chemie\/elektrochemie\/\" \/>\n<meta property=\"og:locale\" content=\"de_DE\" \/>\n<meta property=\"og:type\" content=\"article\" \/>\n<meta property=\"og:title\" content=\"Elektrochemie - MEKRUPHY GmbH\" \/>\n<meta property=\"og:description\" content=\"Mit f\u00fcr die Sekundarstufe 1 konzipierten Experimentierk\u00e4sten lassen sich die Grundlagen der Elektrochemie unkompliziert und z\u00fcgig erarbeiten.\" \/>\n<meta property=\"og:url\" content=\"https:\/\/mekruphy.com\/de\/produkte\/chemie\/elektrochemie\/\" \/>\n<meta property=\"og:site_name\" content=\"MEKRUPHY GmbH\" \/>\n<meta property=\"article:modified_time\" content=\"2022-02-18T11:52:17+00:00\" \/>\n<meta property=\"og:image\" content=\"https:\/\/mekruphy.com\/de\/wp-content\/uploads\/2021\/03\/C4_1.png\" \/>\n<meta name=\"twitter:card\" content=\"summary_large_image\" \/>\n<meta name=\"twitter:label1\" content=\"Gesch\u00e4tzte Lesezeit\" \/>\n\t<meta name=\"twitter:data1\" content=\"1\u00a0Minute\" \/>\n<script type=\"application\/ld+json\" class=\"yoast-schema-graph\">{\"@context\":\"https:\\\/\\\/schema.org\",\"@graph\":[{\"@type\":\"WebPage\",\"@id\":\"https:\\\/\\\/mekruphy.com\\\/de\\\/produkte\\\/chemie\\\/elektrochemie\\\/\",\"url\":\"https:\\\/\\\/mekruphy.com\\\/de\\\/produkte\\\/chemie\\\/elektrochemie\\\/\",\"name\":\"Elektrochemie - MEKRUPHY GmbH\",\"isPartOf\":{\"@id\":\"https:\\\/\\\/mekruphy.com\\\/de\\\/#website\"},\"primaryImageOfPage\":{\"@id\":\"https:\\\/\\\/mekruphy.com\\\/de\\\/produkte\\\/chemie\\\/elektrochemie\\\/#primaryimage\"},\"image\":{\"@id\":\"https:\\\/\\\/mekruphy.com\\\/de\\\/produkte\\\/chemie\\\/elektrochemie\\\/#primaryimage\"},\"thumbnailUrl\":\"https:\\\/\\\/mekruphy.com\\\/de\\\/wp-content\\\/uploads\\\/2021\\\/03\\\/C4_1.png\",\"datePublished\":\"2020-07-24T12:16:08+00:00\",\"dateModified\":\"2022-02-18T11:52:17+00:00\",\"description\":\"Mit f\u00fcr die Sekundarstufe 1 konzipierten Experimentierk\u00e4sten lassen sich die Grundlagen der Elektrochemie unkompliziert und z\u00fcgig erarbeiten.\",\"breadcrumb\":{\"@id\":\"https:\\\/\\\/mekruphy.com\\\/de\\\/produkte\\\/chemie\\\/elektrochemie\\\/#breadcrumb\"},\"inLanguage\":\"de\",\"potentialAction\":[{\"@type\":\"ReadAction\",\"target\":[\"https:\\\/\\\/mekruphy.com\\\/de\\\/produkte\\\/chemie\\\/elektrochemie\\\/\"]}]},{\"@type\":\"ImageObject\",\"inLanguage\":\"de\",\"@id\":\"https:\\\/\\\/mekruphy.com\\\/de\\\/produkte\\\/chemie\\\/elektrochemie\\\/#primaryimage\",\"url\":\"https:\\\/\\\/mekruphy.com\\\/de\\\/wp-content\\\/uploads\\\/2021\\\/03\\\/C4_1.png\",\"contentUrl\":\"https:\\\/\\\/mekruphy.com\\\/de\\\/wp-content\\\/uploads\\\/2021\\\/03\\\/C4_1.png\",\"width\":499,\"height\":586,\"caption\":\"Hoffmanscher Wasserzersetzungsapparat\"},{\"@type\":\"BreadcrumbList\",\"@id\":\"https:\\\/\\\/mekruphy.com\\\/de\\\/produkte\\\/chemie\\\/elektrochemie\\\/#breadcrumb\",\"itemListElement\":[{\"@type\":\"ListItem\",\"position\":1,\"name\":\"Startseite\",\"item\":\"https:\\\/\\\/mekruphy.com\\\/de\\\/\"},{\"@type\":\"ListItem\",\"position\":2,\"name\":\"Produkte\",\"item\":\"https:\\\/\\\/mekruphy.com\\\/de\\\/produkte\\\/\"},{\"@type\":\"ListItem\",\"position\":3,\"name\":\"Chemie\",\"item\":\"https:\\\/\\\/mekruphy.com\\\/de\\\/produkte\\\/chemie\\\/\"},{\"@type\":\"ListItem\",\"position\":4,\"name\":\"Elektrochemie\"}]},{\"@type\":\"WebSite\",\"@id\":\"https:\\\/\\\/mekruphy.com\\\/de\\\/#website\",\"url\":\"https:\\\/\\\/mekruphy.com\\\/de\\\/\",\"name\":\"MEKRUPHY GmbH\",\"description\":\"Sch\u00fcler-Experimentierk\u00e4sten f\u00fcr den MINT-Unterricht\",\"potentialAction\":[{\"@type\":\"SearchAction\",\"target\":{\"@type\":\"EntryPoint\",\"urlTemplate\":\"https:\\\/\\\/mekruphy.com\\\/de\\\/?s={search_term_string}\"},\"query-input\":{\"@type\":\"PropertyValueSpecification\",\"valueRequired\":true,\"valueName\":\"search_term_string\"}}],\"inLanguage\":\"de\"}]}<\/script>\n<!-- \/ Yoast SEO plugin. -->","yoast_head_json":{"title":"Elektrochemie - MEKRUPHY GmbH","description":"Mit f\u00fcr die Sekundarstufe 1 konzipierten Experimentierk\u00e4sten lassen sich die Grundlagen der Elektrochemie unkompliziert und z\u00fcgig erarbeiten.","robots":{"index":"index","follow":"follow","max-snippet":"max-snippet:-1","max-image-preview":"max-image-preview:large","max-video-preview":"max-video-preview:-1"},"canonical":"https:\/\/mekruphy.com\/de\/produkte\/chemie\/elektrochemie\/","og_locale":"de_DE","og_type":"article","og_title":"Elektrochemie - MEKRUPHY GmbH","og_description":"Mit f\u00fcr die Sekundarstufe 1 konzipierten Experimentierk\u00e4sten lassen sich die Grundlagen der Elektrochemie unkompliziert und z\u00fcgig erarbeiten.","og_url":"https:\/\/mekruphy.com\/de\/produkte\/chemie\/elektrochemie\/","og_site_name":"MEKRUPHY GmbH","article_modified_time":"2022-02-18T11:52:17+00:00","og_image":[{"url":"https:\/\/mekruphy.com\/de\/wp-content\/uploads\/2021\/03\/C4_1.png","type":"","width":"","height":""}],"twitter_card":"summary_large_image","twitter_misc":{"Gesch\u00e4tzte Lesezeit":"1\u00a0Minute"},"schema":{"@context":"https:\/\/schema.org","@graph":[{"@type":"WebPage","@id":"https:\/\/mekruphy.com\/de\/produkte\/chemie\/elektrochemie\/","url":"https:\/\/mekruphy.com\/de\/produkte\/chemie\/elektrochemie\/","name":"Elektrochemie - MEKRUPHY GmbH","isPartOf":{"@id":"https:\/\/mekruphy.com\/de\/#website"},"primaryImageOfPage":{"@id":"https:\/\/mekruphy.com\/de\/produkte\/chemie\/elektrochemie\/#primaryimage"},"image":{"@id":"https:\/\/mekruphy.com\/de\/produkte\/chemie\/elektrochemie\/#primaryimage"},"thumbnailUrl":"https:\/\/mekruphy.com\/de\/wp-content\/uploads\/2021\/03\/C4_1.png","datePublished":"2020-07-24T12:16:08+00:00","dateModified":"2022-02-18T11:52:17+00:00","description":"Mit f\u00fcr die Sekundarstufe 1 konzipierten Experimentierk\u00e4sten lassen sich die Grundlagen der Elektrochemie unkompliziert und z\u00fcgig erarbeiten.","breadcrumb":{"@id":"https:\/\/mekruphy.com\/de\/produkte\/chemie\/elektrochemie\/#breadcrumb"},"inLanguage":"de","potentialAction":[{"@type":"ReadAction","target":["https:\/\/mekruphy.com\/de\/produkte\/chemie\/elektrochemie\/"]}]},{"@type":"ImageObject","inLanguage":"de","@id":"https:\/\/mekruphy.com\/de\/produkte\/chemie\/elektrochemie\/#primaryimage","url":"https:\/\/mekruphy.com\/de\/wp-content\/uploads\/2021\/03\/C4_1.png","contentUrl":"https:\/\/mekruphy.com\/de\/wp-content\/uploads\/2021\/03\/C4_1.png","width":499,"height":586,"caption":"Hoffmanscher Wasserzersetzungsapparat"},{"@type":"BreadcrumbList","@id":"https:\/\/mekruphy.com\/de\/produkte\/chemie\/elektrochemie\/#breadcrumb","itemListElement":[{"@type":"ListItem","position":1,"name":"Startseite","item":"https:\/\/mekruphy.com\/de\/"},{"@type":"ListItem","position":2,"name":"Produkte","item":"https:\/\/mekruphy.com\/de\/produkte\/"},{"@type":"ListItem","position":3,"name":"Chemie","item":"https:\/\/mekruphy.com\/de\/produkte\/chemie\/"},{"@type":"ListItem","position":4,"name":"Elektrochemie"}]},{"@type":"WebSite","@id":"https:\/\/mekruphy.com\/de\/#website","url":"https:\/\/mekruphy.com\/de\/","name":"MEKRUPHY GmbH","description":"Sch\u00fcler-Experimentierk\u00e4sten f\u00fcr den MINT-Unterricht","potentialAction":[{"@type":"SearchAction","target":{"@type":"EntryPoint","urlTemplate":"https:\/\/mekruphy.com\/de\/?s={search_term_string}"},"query-input":{"@type":"PropertyValueSpecification","valueRequired":true,"valueName":"search_term_string"}}],"inLanguage":"de"}]}},"coauthors":[],"author_meta":{"author_link":"https:\/\/mekruphy.com\/de\/author\/mwbsca\/","display_name":"mwbscA"},"relative_dates":{"created":"Ver\u00f6ffentlicht 6\u00a0Jahren vor","modified":"Aktualisiert 4\u00a0Jahren vor"},"absolute_dates":{"created":"Ver\u00f6ffentlicht am 24. Juli 2020","modified":"Aktualisiert am 18. Februar 2022"},"absolute_dates_time":{"created":"Ver\u00f6ffentlicht am 24. Juli 2020 14:16","modified":"Aktualisiert am 18. Februar 2022 12:52"},"featured_img_caption":"","featured_img":false,"series_order":"","_links":{"self":[{"href":"https:\/\/mekruphy.com\/de\/wp-json\/wp\/v2\/pages\/1248","targetHints":{"allow":["GET"]}}],"collection":[{"href":"https:\/\/mekruphy.com\/de\/wp-json\/wp\/v2\/pages"}],"about":[{"href":"https:\/\/mekruphy.com\/de\/wp-json\/wp\/v2\/types\/page"}],"author":[{"embeddable":true,"href":"https:\/\/mekruphy.com\/de\/wp-json\/wp\/v2\/users\/1"}],"replies":[{"embeddable":true,"href":"https:\/\/mekruphy.com\/de\/wp-json\/wp\/v2\/comments?post=1248"}],"version-history":[{"count":18,"href":"https:\/\/mekruphy.com\/de\/wp-json\/wp\/v2\/pages\/1248\/revisions"}],"predecessor-version":[{"id":6230,"href":"https:\/\/mekruphy.com\/de\/wp-json\/wp\/v2\/pages\/1248\/revisions\/6230"}],"up":[{"embeddable":true,"href":"https:\/\/mekruphy.com\/de\/wp-json\/wp\/v2\/pages\/627"}],"wp:attachment":[{"href":"https:\/\/mekruphy.com\/de\/wp-json\/wp\/v2\/media?parent=1248"}],"curies":[{"name":"wp","href":"https:\/\/api.w.org\/{rel}","templated":true}]}}