{"id":1251,"date":"2020-07-24T14:25:09","date_gmt":"2020-07-24T12:25:09","guid":{"rendered":"https:\/\/mekruphy.com\/de\/?page_id=1251"},"modified":"2022-02-18T12:42:14","modified_gmt":"2022-02-18T11:42:14","slug":"biologie-zubehoer","status":"publish","type":"page","link":"https:\/\/mekruphy.com\/de\/produkte\/biologie\/biologie-zubehoer\/","title":{"rendered":"BIOLOGIE Zubeh\u00f6r"},"content":{"rendered":"<div class=\"yoast-breadcrumbs breadcrumbs\"><span><span><a href=\"https:\/\/mekruphy.com\/de\/\">Startseite<\/a><\/span> \u00bb <span><a href=\"https:\/\/mekruphy.com\/de\/produkte\/\">Produkte<\/a><\/span> \u00bb <span><a href=\"https:\/\/mekruphy.com\/de\/produkte\/biologie\/\">Biologie<\/a><\/span> \u00bb <span class=\"breadcrumb_last\" aria-current=\"page\">BIOLOGIE Zubeh\u00f6r<\/span><\/span><\/div>\n\n\n<h2 class=\"wp-block-heading\" id=\"universalstativ\">Universalstativ&nbsp;<\/h2>\n\n\n\n<div class=\"wp-block-advgb-columns advgb-columns-wrapper\" id=\"advgb-cols-bf51424a-ec2d-4b23-9f84-10f52aa0122d\"><div class=\"advgb-columns-container\"><div class=\"advgb-columns advgb-columns-row advgb-is-mobile advgb-columns-2 layout-34-14 mbl-layout-stacked gutter-30 vgutter-10\">\n<div class=\"wp-block-advgb-column advgb-column advgb-is-three-quarters-tablet advgb-is-full-mobile\" id=\"advgb-col-f8904311-8263-4bbb-936c-ba5c914857c5\"><div class=\"advgb-column-inner\" style=\"border-style:none;border-width:1px\">\n<p>Das&nbsp;MEKRUPHY-Universalstativ ist gleichzeitig Dreifu\u00df und Stativ. Es ist zerlegbar und in verschiedenen Variationen zu verwenden. In der Regel steht es zusammengebaut im Schrank, kann notfalls aber auch auf kleinstem Raum untergebracht werden.&nbsp;<\/p>\n\n\n\n<p>Die 8 mm starke Bodenplatte aus Stahl gew\u00e4hrleistet einen sicheren Stand, auch bei extrem asymmetrischen Aufbauten. Sie tr\u00e4gt eine Gewindebohrung, in die eine Stativstange eingeschraubt werden kann, die sich nach Bedarf um eine weitere Stativstange verl\u00e4ngern l\u00e4sst. Der Stativring mit dem Keramikschutznetz kann mit Hilfe der Doppelmuffe auf jede gew\u00fcnschte H\u00f6he eingestellt werden.<\/p>\n\n\n\n<p> &nbsp; <\/p>\n\n\n\n<figure class=\"wp-block-table\"><table><tbody><tr><td>00.23.10<\/td><td>Stativplatte&nbsp;Stahl pulverbeschichtet&nbsp;<\/td><\/tr><tr><td>00.23.20<\/td><td>Stativring&nbsp;\u00d8 110 mm&nbsp;<\/td><\/tr><tr><td>00.23.30<\/td><td>Drahtnetz&nbsp;mit&nbsp;Keramikeinpressung&nbsp;<\/td><\/tr><tr><td>00.23.40   &nbsp; <\/td><td>Doppelmuffe&nbsp;(3 St\u00fcck)&nbsp;<\/td><\/tr><tr><td>01.18.00<\/td><td>Stativstange&nbsp;29 cm<\/td><\/tr><tr><td>43.17.00<\/td><td>Stativstange&nbsp;G3<\/td><\/tr><\/tbody><\/table><\/figure>\n\n\n\n<p> &nbsp; <\/p>\n<\/div><\/div>\n\n\n\n<div class=\"wp-block-advgb-column advgb-column advgb-is-one-quarter-tablet advgb-is-full-mobile\" id=\"advgb-col-b032902b-5acc-49b8-8d11-4afa1ae2ecf5\"><div class=\"advgb-column-inner\" style=\"border-style:none;border-width:1px\">\n<figure class=\"wp-block-image size-large\"><img loading=\"lazy\" decoding=\"async\" width=\"220\" height=\"303\" src=\"https:\/\/mekruphy.com\/de\/wp-content\/uploads\/2020\/07\/Universalstativ2.jpg\" alt=\"Universalstativ\" class=\"wp-image-1570\" srcset=\"https:\/\/mekruphy.com\/de\/wp-content\/uploads\/2020\/07\/Universalstativ2.jpg 220w, https:\/\/mekruphy.com\/de\/wp-content\/uploads\/2020\/07\/Universalstativ2-218x300.jpg 218w\" sizes=\"auto, (max-width: 220px) 100vw, 220px\" \/><\/figure>\n<\/div><\/div>\n<\/div><\/div><\/div>\n\n\n\n<p>Das Universalstativ wird u. a. f\u00fcr die Experimentierk\u00e4sten <a href=\"https:\/\/mekruphy.com\/de\/produkte\/chemie\/elektrochemie\/experimentiersatz-chemie-4-elektrochemie-1\/\">CHEMIE 4<\/a> und <a href=\"https:\/\/mekruphy.com\/de\/produkte\/chemie\/experimentiersatz-chemie-7-addestation-mga\/\">CHEMIE 7<\/a> ben\u00f6tigt.<\/p>\n\n\n\n<p><\/p>\n\n\n\n<h2 class=\"wp-block-heading\" id=\"digitalwaage\">Digitalwaage&nbsp;Precision&nbsp;500&nbsp;<\/h2>\n\n\n\n<div class=\"wp-block-advgb-columns advgb-columns-wrapper\" id=\"advgb-cols-c1100b2b-d8ed-445f-bc84-348349878659\"><div class=\"advgb-columns-container\"><div class=\"advgb-columns advgb-columns-row advgb-is-mobile advgb-columns-2 layout-45-15 mbl-layout-stacked gutter-30 vgutter-10\">\n<div class=\"wp-block-advgb-column advgb-column advgb-is-four-fifths-tablet advgb-is-full-mobile\" id=\"advgb-col-6a8ed146-b70f-49bd-9285-f5a103dc0476\"><div class=\"advgb-column-inner\" style=\"border-style:none;border-width:1px\">\n<p>Die&nbsp;Precision 500 erm\u00f6glicht mit ihrer elektronischen Sensor-Wiegetechnik das Abwiegen von Stoffmengen bis 500 g bei einer Genauigkeit von 0,1 g. Die Waage hat eine Tara-Funktion und schaltet nach 60 Sekunden automatisch ab. Eine AA-Batterie ist im Lieferumfang enthalten.&nbsp;<\/p>\n\n\n\n<ul class=\"wp-block-list\"><li>Abmessungen (geschlossen): 127x87x21 mm&nbsp;<\/li><li>Wiegeteller:&nbsp;63&#215;41 mm&nbsp;<\/li><\/ul>\n<\/div><\/div>\n\n\n\n<div class=\"wp-block-advgb-column advgb-column advgb-is-one-fifth-tablet advgb-is-full-mobile\" id=\"advgb-col-4de1bbd0-ddd5-4993-8174-61a771d5509b\"><div class=\"advgb-column-inner\" style=\"border-style:none;border-width:1px\">\n<figure class=\"wp-block-image size-large\"><img loading=\"lazy\" decoding=\"async\" width=\"220\" height=\"278\" src=\"https:\/\/mekruphy.com\/de\/wp-content\/uploads\/2020\/07\/Digitalwaage2.jpg\" alt=\"Digitalwaage\" class=\"wp-image-1573\"\/><\/figure>\n\n\n\n<p><\/p>\n<\/div><\/div>\n<\/div><\/div><\/div>\n\n\n\n<h2 class=\"wp-block-heading\" id=\"kartuschen-teclubrenner\">Kartuschen-Teclubrenner&nbsp;<\/h2>\n\n\n\n<div class=\"wp-block-advgb-columns advgb-columns-wrapper\" id=\"advgb-cols-a5993f88-0074-4570-9ef3-f33a1f31c7bf\"><div class=\"advgb-columns-container\"><div class=\"advgb-columns advgb-columns-row advgb-is-mobile advgb-columns-2 layout-45-15 mbl-layout-stacked gutter-30 vgutter-10\">\n<div class=\"wp-block-advgb-column advgb-column advgb-is-four-fifths-tablet advgb-is-full-mobile\" id=\"advgb-col-cfe54ec3-b33f-4853-b29b-e9d3bf6077fd\"><div class=\"advgb-column-inner\" style=\"border-style:none;border-width:1px\">\n<p>Dieser mobile, handliche, leicht und sicher zu bedienende&nbsp;Teclubrenner&nbsp;l\u00e4sst in Verbindung mit der zugeh\u00f6rigen Gaskartusche keine W\u00fcnsche offen. In dieser Kombination werden die Sicherheitsvorschriften der DIN-Norm 30665 voll erf\u00fcllt (DIN-DVGW-Reg.-Nr. NG-2511 ASO473).&nbsp;<\/p>\n\n\n\n<p><strong>F\u00fcr den Ersteinsatz:&nbsp;<\/strong><\/p>\n\n\n\n<ul class=\"wp-block-list\"><li>Einfach Ventilschutzkappe der Kartusche entfernen.&nbsp;<\/li><li>Absperrventil des Brenners durch Rechtsdrehung schlie\u00dfen.&nbsp;<\/li><li>Brenner senkrecht auf die Kartusche aufsetzen.&nbsp;<\/li><li>Einfach Brenner durch Rechtsdrehung aufschrauben.&nbsp;<\/li><li>Die Luftregulierung durch Linksdrehung bis zum Anschlag schlie\u00dfen.&nbsp;<\/li><li>Absperrventil durch leichte Linksdrehung \u00f6ffnen.&nbsp;<\/li><li>Brenner z\u00fcnden.&nbsp;<\/li><li>Einfach die Luft regulieren.<\/li><\/ul>\n\n\n\n<p><strong>Zur Demontage:<\/strong><\/p>\n\n\n\n<p>Einfach nach Schlie\u00dfen des Absperrventils und Abk\u00fchlung des Brenners diesen durch Linksdrehen abschrauben. Das Sicherheitsventil der Kartusche schlie\u00dft automatisch.&nbsp;<\/p>\n<\/div><\/div>\n\n\n\n<div class=\"wp-block-advgb-column advgb-column advgb-is-one-fifth-tablet advgb-is-full-mobile\" id=\"advgb-col-d3fedd0d-4f8e-4efe-afa8-b4fc2b3c121c\"><div class=\"advgb-column-inner\" style=\"border-style:none;border-width:1px\">\n<figure class=\"wp-block-image size-large\"><img loading=\"lazy\" decoding=\"async\" width=\"220\" height=\"330\" src=\"https:\/\/mekruphy.com\/de\/wp-content\/uploads\/2020\/07\/Kartuschen_Teclubrenner.jpg\" alt=\"Kartuschen-Teclubrenner\" class=\"wp-image-1574\" srcset=\"https:\/\/mekruphy.com\/de\/wp-content\/uploads\/2020\/07\/Kartuschen_Teclubrenner.jpg 220w, https:\/\/mekruphy.com\/de\/wp-content\/uploads\/2020\/07\/Kartuschen_Teclubrenner-200x300.jpg 200w\" sizes=\"auto, (max-width: 220px) 100vw, 220px\" \/><\/figure>\n<\/div><\/div>\n<\/div><\/div><\/div>\n\n\n\n<h2 class=\"wp-block-heading\" id=\"ersatzkartusche\">Ersatzkartusche&nbsp;<\/h2>\n\n\n\n<div class=\"wp-block-advgb-columns advgb-columns-wrapper\" id=\"advgb-cols-833ec22c-a1b7-4641-94bb-df80037dbabd\"><div class=\"advgb-columns-container\"><div class=\"advgb-columns advgb-columns-row advgb-is-mobile advgb-columns-2 layout-45-15 mbl-layout-stacked gutter-30 vgutter-10\">\n<div class=\"wp-block-advgb-column advgb-column advgb-is-four-fifths-tablet advgb-is-full-mobile\" id=\"advgb-col-65681958-ac4d-4426-8834-3f7d29d5a94f\"><div class=\"advgb-column-inner\" style=\"border-style:none;border-width:1px\">\n<p>Die Gaskartuschen f\u00fcr den&nbsp;Teclubrenner&nbsp;sind nicht wieder auff\u00fcllbar. Dagegen ist eine leicht auszutauschende Ersatzkartusche lieferbar. Sie verf\u00fcgt \u00fcber ein absolut zuverl\u00e4ssiges Sicherheitsventil.&nbsp;&nbsp;<\/p>\n\n\n\n<ul class=\"wp-block-list\"><li>Brenndauer bei Voll-Last:&nbsp;3 Stunden&nbsp;<\/li><li>Maximale Temperatur:&nbsp;1400\u00b0C&nbsp;<\/li><\/ul>\n<\/div><\/div>\n\n\n\n<div class=\"wp-block-advgb-column advgb-column advgb-is-one-fifth-tablet advgb-is-full-mobile\" id=\"advgb-col-4fb64b31-c027-4d31-86df-b7da891cb6f5\"><div class=\"advgb-column-inner\" style=\"border-style:none;border-width:1px\">\n<figure class=\"wp-block-image size-large\"><img loading=\"lazy\" decoding=\"async\" width=\"220\" height=\"178\" src=\"https:\/\/mekruphy.com\/de\/wp-content\/uploads\/2020\/07\/Ersatzkartusche.jpg\" alt=\"Gaskartusche\" class=\"wp-image-1581\"\/><\/figure>\n<\/div><\/div>\n<\/div><\/div><\/div>\n\n\n\n<h2 class=\"wp-block-heading\" id=\"elektrowarmer\">Elektrow\u00e4rmer<\/h2>\n\n\n\n<div class=\"wp-block-advgb-columns advgb-columns-wrapper\" id=\"advgb-cols-2d38cdba-e88a-4cf4-a0ae-41c9c5295bfc\"><div class=\"advgb-columns-container\"><div class=\"advgb-columns advgb-columns-row advgb-is-mobile advgb-columns-2 layout-45-15 mbl-layout-stacked gutter-30 vgutter-10\">\n<div class=\"wp-block-advgb-column advgb-column advgb-is-four-fifths-tablet advgb-is-full-mobile\" id=\"advgb-col-b1d6156a-785f-4ce5-bed5-cd41ef3923cc\"><div class=\"advgb-column-inner\" style=\"border-style:none;border-width:1px\">\n<p>Der handliche Elektrow\u00e4rmer erhitzt 300 g Wasser in 10 Minuten von 20\u00b0C auf 70\u00b0C und erw\u00e4rmt sich dabei au\u00dfen nur unmerklich. Er besitzt eine Thermostatregelung und kann gefahrlos seitlich ausgeleert werden.<\/p>\n<\/div><\/div>\n\n\n\n<div class=\"wp-block-advgb-column advgb-column advgb-is-one-fifth-tablet advgb-is-full-mobile\" id=\"advgb-col-0bcb1be8-a0fb-49d1-abd9-2278f91d08c2\"><div class=\"advgb-column-inner\" style=\"border-style:none;border-width:1px\">\n<figure class=\"wp-block-image size-large\"><img loading=\"lazy\" decoding=\"async\" width=\"220\" height=\"179\" src=\"https:\/\/mekruphy.com\/de\/wp-content\/uploads\/2020\/07\/elektrowaermer.jpg\" alt=\"\" class=\"wp-image-2013\"\/><\/figure>\n<\/div><\/div>\n<\/div><\/div><\/div>\n<style class=\"advgb-styles-renderer\">#advgb-col-f8904311-8263-4bbb-936c-ba5c914857c5>.advgb-column-inner{}@media screen and (max-width: 1023px) {#advgb-col-f8904311-8263-4bbb-936c-ba5c914857c5>.advgb-column-inner{}}@media screen and (max-width: 767px) {#advgb-col-f8904311-8263-4bbb-936c-ba5c914857c5>.advgb-column-inner{}}#advgb-col-b032902b-5acc-49b8-8d11-4afa1ae2ecf5>.advgb-column-inner{}@media screen and (max-width: 1023px) {#advgb-col-b032902b-5acc-49b8-8d11-4afa1ae2ecf5>.advgb-column-inner{}}@media screen and (max-width: 767px) {#advgb-col-b032902b-5acc-49b8-8d11-4afa1ae2ecf5>.advgb-column-inner{}}#advgb-cols-bf51424a-ec2d-4b23-9f84-10f52aa0122d{}@media screen and (max-width: 1023px) {#advgb-cols-bf51424a-ec2d-4b23-9f84-10f52aa0122d{}}@media screen and (max-width: 767px) {#advgb-cols-bf51424a-ec2d-4b23-9f84-10f52aa0122d{}}#advgb-col-f8904311-8263-4bbb-936c-ba5c914857c5>.advgb-column-inner{}@media screen and (max-width: 1023px) {#advgb-col-f8904311-8263-4bbb-936c-ba5c914857c5>.advgb-column-inner{}}@media screen and (max-width: 767px) {#advgb-col-f8904311-8263-4bbb-936c-ba5c914857c5>.advgb-column-inner{}}#advgb-col-b032902b-5acc-49b8-8d11-4afa1ae2ecf5>.advgb-column-inner{}@media screen and (max-width: 1023px) {#advgb-col-b032902b-5acc-49b8-8d11-4afa1ae2ecf5>.advgb-column-inner{}}@media screen and (max-width: 767px) {#advgb-col-b032902b-5acc-49b8-8d11-4afa1ae2ecf5>.advgb-column-inner{}}#advgb-col-6a8ed146-b70f-49bd-9285-f5a103dc0476>.advgb-column-inner{}@media screen and (max-width: 1023px) {#advgb-col-6a8ed146-b70f-49bd-9285-f5a103dc0476>.advgb-column-inner{}}@media screen and (max-width: 767px) {#advgb-col-6a8ed146-b70f-49bd-9285-f5a103dc0476>.advgb-column-inner{}}#advgb-col-4de1bbd0-ddd5-4993-8174-61a771d5509b>.advgb-column-inner{}@media screen and (max-width: 1023px) {#advgb-col-4de1bbd0-ddd5-4993-8174-61a771d5509b>.advgb-column-inner{}}@media screen and (max-width: 767px) {#advgb-col-4de1bbd0-ddd5-4993-8174-61a771d5509b>.advgb-column-inner{}}#advgb-cols-c1100b2b-d8ed-445f-bc84-348349878659{}@media screen and (max-width: 1023px) {#advgb-cols-c1100b2b-d8ed-445f-bc84-348349878659{}}@media screen and (max-width: 767px) {#advgb-cols-c1100b2b-d8ed-445f-bc84-348349878659{}}#advgb-col-6a8ed146-b70f-49bd-9285-f5a103dc0476>.advgb-column-inner{}@media screen and (max-width: 1023px) {#advgb-col-6a8ed146-b70f-49bd-9285-f5a103dc0476>.advgb-column-inner{}}@media screen and (max-width: 767px) {#advgb-col-6a8ed146-b70f-49bd-9285-f5a103dc0476>.advgb-column-inner{}}#advgb-col-4de1bbd0-ddd5-4993-8174-61a771d5509b>.advgb-column-inner{}@media screen and (max-width: 1023px) {#advgb-col-4de1bbd0-ddd5-4993-8174-61a771d5509b>.advgb-column-inner{}}@media screen and (max-width: 767px) {#advgb-col-4de1bbd0-ddd5-4993-8174-61a771d5509b>.advgb-column-inner{}}#advgb-col-cfe54ec3-b33f-4853-b29b-e9d3bf6077fd>.advgb-column-inner{}@media screen and (max-width: 1023px) {#advgb-col-cfe54ec3-b33f-4853-b29b-e9d3bf6077fd>.advgb-column-inner{}}@media screen and (max-width: 767px) {#advgb-col-cfe54ec3-b33f-4853-b29b-e9d3bf6077fd>.advgb-column-inner{}}#advgb-col-d3fedd0d-4f8e-4efe-afa8-b4fc2b3c121c>.advgb-column-inner{}@media screen and (max-width: 1023px) {#advgb-col-d3fedd0d-4f8e-4efe-afa8-b4fc2b3c121c>.advgb-column-inner{}}@media screen and (max-width: 767px) {#advgb-col-d3fedd0d-4f8e-4efe-afa8-b4fc2b3c121c>.advgb-column-inner{}}#advgb-cols-a5993f88-0074-4570-9ef3-f33a1f31c7bf{}@media screen and (max-width: 1023px) {#advgb-cols-a5993f88-0074-4570-9ef3-f33a1f31c7bf{}}@media screen and (max-width: 767px) {#advgb-cols-a5993f88-0074-4570-9ef3-f33a1f31c7bf{}}#advgb-col-cfe54ec3-b33f-4853-b29b-e9d3bf6077fd>.advgb-column-inner{}@media screen and (max-width: 1023px) {#advgb-col-cfe54ec3-b33f-4853-b29b-e9d3bf6077fd>.advgb-column-inner{}}@media screen and (max-width: 767px) {#advgb-col-cfe54ec3-b33f-4853-b29b-e9d3bf6077fd>.advgb-column-inner{}}#advgb-col-d3fedd0d-4f8e-4efe-afa8-b4fc2b3c121c>.advgb-column-inner{}@media screen and (max-width: 1023px) {#advgb-col-d3fedd0d-4f8e-4efe-afa8-b4fc2b3c121c>.advgb-column-inner{}}@media screen and (max-width: 767px) {#advgb-col-d3fedd0d-4f8e-4efe-afa8-b4fc2b3c121c>.advgb-column-inner{}}#advgb-col-65681958-ac4d-4426-8834-3f7d29d5a94f>.advgb-column-inner{}@media screen and (max-width: 1023px) {#advgb-col-65681958-ac4d-4426-8834-3f7d29d5a94f>.advgb-column-inner{}}@media screen and (max-width: 767px) {#advgb-col-65681958-ac4d-4426-8834-3f7d29d5a94f>.advgb-column-inner{}}#advgb-col-4fb64b31-c027-4d31-86df-b7da891cb6f5>.advgb-column-inner{}@media screen and (max-width: 1023px) {#advgb-col-4fb64b31-c027-4d31-86df-b7da891cb6f5>.advgb-column-inner{}}@media screen and (max-width: 767px) {#advgb-col-4fb64b31-c027-4d31-86df-b7da891cb6f5>.advgb-column-inner{}}#advgb-cols-833ec22c-a1b7-4641-94bb-df80037dbabd{}@media screen and (max-width: 1023px) {#advgb-cols-833ec22c-a1b7-4641-94bb-df80037dbabd{}}@media screen and (max-width: 767px) {#advgb-cols-833ec22c-a1b7-4641-94bb-df80037dbabd{}}#advgb-col-65681958-ac4d-4426-8834-3f7d29d5a94f>.advgb-column-inner{}@media screen and (max-width: 1023px) {#advgb-col-65681958-ac4d-4426-8834-3f7d29d5a94f>.advgb-column-inner{}}@media screen and (max-width: 767px) {#advgb-col-65681958-ac4d-4426-8834-3f7d29d5a94f>.advgb-column-inner{}}#advgb-col-4fb64b31-c027-4d31-86df-b7da891cb6f5>.advgb-column-inner{}@media screen and (max-width: 1023px) {#advgb-col-4fb64b31-c027-4d31-86df-b7da891cb6f5>.advgb-column-inner{}}@media screen and (max-width: 767px) {#advgb-col-4fb64b31-c027-4d31-86df-b7da891cb6f5>.advgb-column-inner{}}#advgb-col-b1d6156a-785f-4ce5-bed5-cd41ef3923cc>.advgb-column-inner{}@media screen and (max-width: 1023px) {#advgb-col-b1d6156a-785f-4ce5-bed5-cd41ef3923cc>.advgb-column-inner{}}@media screen and (max-width: 767px) {#advgb-col-b1d6156a-785f-4ce5-bed5-cd41ef3923cc>.advgb-column-inner{}}#advgb-col-0bcb1be8-a0fb-49d1-abd9-2278f91d08c2>.advgb-column-inner{}@media screen and (max-width: 1023px) {#advgb-col-0bcb1be8-a0fb-49d1-abd9-2278f91d08c2>.advgb-column-inner{}}@media screen and (max-width: 767px) {#advgb-col-0bcb1be8-a0fb-49d1-abd9-2278f91d08c2>.advgb-column-inner{}}#advgb-cols-2d38cdba-e88a-4cf4-a0ae-41c9c5295bfc{}@media screen and (max-width: 1023px) {#advgb-cols-2d38cdba-e88a-4cf4-a0ae-41c9c5295bfc{}}@media screen and (max-width: 767px) {#advgb-cols-2d38cdba-e88a-4cf4-a0ae-41c9c5295bfc{}}#advgb-col-b1d6156a-785f-4ce5-bed5-cd41ef3923cc>.advgb-column-inner{}@media screen and (max-width: 1023px) {#advgb-col-b1d6156a-785f-4ce5-bed5-cd41ef3923cc>.advgb-column-inner{}}@media screen and (max-width: 767px) {#advgb-col-b1d6156a-785f-4ce5-bed5-cd41ef3923cc>.advgb-column-inner{}}#advgb-col-0bcb1be8-a0fb-49d1-abd9-2278f91d08c2>.advgb-column-inner{}@media screen and (max-width: 1023px) {#advgb-col-0bcb1be8-a0fb-49d1-abd9-2278f91d08c2>.advgb-column-inner{}}@media screen and (max-width: 767px) {#advgb-col-0bcb1be8-a0fb-49d1-abd9-2278f91d08c2>.advgb-column-inner{}}<\/style>","protected":false},"excerpt":{"rendered":"","protected":false},"author":1,"featured_media":0,"parent":625,"menu_order":0,"comment_status":"closed","ping_status":"closed","template":"templates\/productcategory.php","meta":{"_acf_changed":false,"_coblocks_attr":"","_coblocks_dimensions":"","_coblocks_responsive_height":"","_coblocks_accordion_ie_support":"","_eb_attr":"","advgb_blocks_editor_width":"","advgb_blocks_columns_visual_guide":"","footnotes":""},"class_list":["post-1251","page","type-page","status-publish","hentry"],"acf":[],"yoast_head":"<!-- This site is optimized with the Yoast SEO plugin v27.3 - https:\/\/yoast.com\/product\/yoast-seo-wordpress\/ -->\n<title>BIOLOGIE Zubeh\u00f6r - MEKRUPHY GmbH<\/title>\n<meta name=\"description\" content=\"Hier finden Sie alles Biologie-Zubeh\u00f6r, das f\u00fcr alle MEKRUPHY Experimentiers\u00e4tze universell verwendet werden kann.\" \/>\n<meta name=\"robots\" content=\"index, follow, max-snippet:-1, max-image-preview:large, max-video-preview:-1\" \/>\n<link rel=\"canonical\" href=\"https:\/\/mekruphy.com\/de\/produkte\/biologie\/biologie-zubehoer\/\" \/>\n<meta property=\"og:locale\" content=\"de_DE\" \/>\n<meta property=\"og:type\" content=\"article\" \/>\n<meta property=\"og:title\" content=\"BIOLOGIE Zubeh\u00f6r - MEKRUPHY GmbH\" \/>\n<meta property=\"og:description\" content=\"Hier finden Sie alles Biologie-Zubeh\u00f6r, das f\u00fcr alle MEKRUPHY Experimentiers\u00e4tze universell verwendet werden kann.\" \/>\n<meta property=\"og:url\" content=\"https:\/\/mekruphy.com\/de\/produkte\/biologie\/biologie-zubehoer\/\" \/>\n<meta property=\"og:site_name\" content=\"MEKRUPHY GmbH\" \/>\n<meta property=\"article:modified_time\" content=\"2022-02-18T11:42:14+00:00\" \/>\n<meta name=\"twitter:card\" content=\"summary_large_image\" \/>\n<script type=\"application\/ld+json\" class=\"yoast-schema-graph\">{\"@context\":\"https:\\\/\\\/schema.org\",\"@graph\":[{\"@type\":\"WebPage\",\"@id\":\"https:\\\/\\\/mekruphy.com\\\/de\\\/produkte\\\/biologie\\\/biologie-zubehoer\\\/\",\"url\":\"https:\\\/\\\/mekruphy.com\\\/de\\\/produkte\\\/biologie\\\/biologie-zubehoer\\\/\",\"name\":\"BIOLOGIE Zubeh\u00f6r - MEKRUPHY GmbH\",\"isPartOf\":{\"@id\":\"https:\\\/\\\/mekruphy.com\\\/de\\\/#website\"},\"datePublished\":\"2020-07-24T12:25:09+00:00\",\"dateModified\":\"2022-02-18T11:42:14+00:00\",\"description\":\"Hier finden Sie alles Biologie-Zubeh\u00f6r, das f\u00fcr alle MEKRUPHY Experimentiers\u00e4tze universell verwendet werden kann.\",\"breadcrumb\":{\"@id\":\"https:\\\/\\\/mekruphy.com\\\/de\\\/produkte\\\/biologie\\\/biologie-zubehoer\\\/#breadcrumb\"},\"inLanguage\":\"de\",\"potentialAction\":[{\"@type\":\"ReadAction\",\"target\":[\"https:\\\/\\\/mekruphy.com\\\/de\\\/produkte\\\/biologie\\\/biologie-zubehoer\\\/\"]}]},{\"@type\":\"BreadcrumbList\",\"@id\":\"https:\\\/\\\/mekruphy.com\\\/de\\\/produkte\\\/biologie\\\/biologie-zubehoer\\\/#breadcrumb\",\"itemListElement\":[{\"@type\":\"ListItem\",\"position\":1,\"name\":\"Startseite\",\"item\":\"https:\\\/\\\/mekruphy.com\\\/de\\\/\"},{\"@type\":\"ListItem\",\"position\":2,\"name\":\"Produkte\",\"item\":\"https:\\\/\\\/mekruphy.com\\\/de\\\/produkte\\\/\"},{\"@type\":\"ListItem\",\"position\":3,\"name\":\"Biologie\",\"item\":\"https:\\\/\\\/mekruphy.com\\\/de\\\/produkte\\\/biologie\\\/\"},{\"@type\":\"ListItem\",\"position\":4,\"name\":\"BIOLOGIE Zubeh\u00f6r\"}]},{\"@type\":\"WebSite\",\"@id\":\"https:\\\/\\\/mekruphy.com\\\/de\\\/#website\",\"url\":\"https:\\\/\\\/mekruphy.com\\\/de\\\/\",\"name\":\"MEKRUPHY GmbH\",\"description\":\"Sch\u00fcler-Experimentierk\u00e4sten f\u00fcr den MINT-Unterricht\",\"potentialAction\":[{\"@type\":\"SearchAction\",\"target\":{\"@type\":\"EntryPoint\",\"urlTemplate\":\"https:\\\/\\\/mekruphy.com\\\/de\\\/?s={search_term_string}\"},\"query-input\":{\"@type\":\"PropertyValueSpecification\",\"valueRequired\":true,\"valueName\":\"search_term_string\"}}],\"inLanguage\":\"de\"}]}<\/script>\n<!-- \/ Yoast SEO plugin. -->","yoast_head_json":{"title":"BIOLOGIE Zubeh\u00f6r - MEKRUPHY GmbH","description":"Hier finden Sie alles Biologie-Zubeh\u00f6r, das f\u00fcr alle MEKRUPHY Experimentiers\u00e4tze universell verwendet werden kann.","robots":{"index":"index","follow":"follow","max-snippet":"max-snippet:-1","max-image-preview":"max-image-preview:large","max-video-preview":"max-video-preview:-1"},"canonical":"https:\/\/mekruphy.com\/de\/produkte\/biologie\/biologie-zubehoer\/","og_locale":"de_DE","og_type":"article","og_title":"BIOLOGIE Zubeh\u00f6r - MEKRUPHY GmbH","og_description":"Hier finden Sie alles Biologie-Zubeh\u00f6r, das f\u00fcr alle MEKRUPHY Experimentiers\u00e4tze universell verwendet werden kann.","og_url":"https:\/\/mekruphy.com\/de\/produkte\/biologie\/biologie-zubehoer\/","og_site_name":"MEKRUPHY GmbH","article_modified_time":"2022-02-18T11:42:14+00:00","twitter_card":"summary_large_image","schema":{"@context":"https:\/\/schema.org","@graph":[{"@type":"WebPage","@id":"https:\/\/mekruphy.com\/de\/produkte\/biologie\/biologie-zubehoer\/","url":"https:\/\/mekruphy.com\/de\/produkte\/biologie\/biologie-zubehoer\/","name":"BIOLOGIE Zubeh\u00f6r - MEKRUPHY GmbH","isPartOf":{"@id":"https:\/\/mekruphy.com\/de\/#website"},"datePublished":"2020-07-24T12:25:09+00:00","dateModified":"2022-02-18T11:42:14+00:00","description":"Hier finden Sie alles Biologie-Zubeh\u00f6r, das f\u00fcr alle MEKRUPHY Experimentiers\u00e4tze universell verwendet werden kann.","breadcrumb":{"@id":"https:\/\/mekruphy.com\/de\/produkte\/biologie\/biologie-zubehoer\/#breadcrumb"},"inLanguage":"de","potentialAction":[{"@type":"ReadAction","target":["https:\/\/mekruphy.com\/de\/produkte\/biologie\/biologie-zubehoer\/"]}]},{"@type":"BreadcrumbList","@id":"https:\/\/mekruphy.com\/de\/produkte\/biologie\/biologie-zubehoer\/#breadcrumb","itemListElement":[{"@type":"ListItem","position":1,"name":"Startseite","item":"https:\/\/mekruphy.com\/de\/"},{"@type":"ListItem","position":2,"name":"Produkte","item":"https:\/\/mekruphy.com\/de\/produkte\/"},{"@type":"ListItem","position":3,"name":"Biologie","item":"https:\/\/mekruphy.com\/de\/produkte\/biologie\/"},{"@type":"ListItem","position":4,"name":"BIOLOGIE Zubeh\u00f6r"}]},{"@type":"WebSite","@id":"https:\/\/mekruphy.com\/de\/#website","url":"https:\/\/mekruphy.com\/de\/","name":"MEKRUPHY GmbH","description":"Sch\u00fcler-Experimentierk\u00e4sten f\u00fcr den MINT-Unterricht","potentialAction":[{"@type":"SearchAction","target":{"@type":"EntryPoint","urlTemplate":"https:\/\/mekruphy.com\/de\/?s={search_term_string}"},"query-input":{"@type":"PropertyValueSpecification","valueRequired":true,"valueName":"search_term_string"}}],"inLanguage":"de"}]}},"coauthors":[],"author_meta":{"author_link":"https:\/\/mekruphy.com\/de\/author\/mwbsca\/","display_name":"mwbscA"},"relative_dates":{"created":"Ver\u00f6ffentlicht 6\u00a0Jahren vor","modified":"Aktualisiert 4\u00a0Jahren vor"},"absolute_dates":{"created":"Ver\u00f6ffentlicht am 24. Juli 2020","modified":"Aktualisiert am 18. Februar 2022"},"absolute_dates_time":{"created":"Ver\u00f6ffentlicht am 24. Juli 2020 14:25","modified":"Aktualisiert am 18. Februar 2022 12:42"},"featured_img_caption":"","featured_img":false,"series_order":"","_links":{"self":[{"href":"https:\/\/mekruphy.com\/de\/wp-json\/wp\/v2\/pages\/1251","targetHints":{"allow":["GET"]}}],"collection":[{"href":"https:\/\/mekruphy.com\/de\/wp-json\/wp\/v2\/pages"}],"about":[{"href":"https:\/\/mekruphy.com\/de\/wp-json\/wp\/v2\/types\/page"}],"author":[{"embeddable":true,"href":"https:\/\/mekruphy.com\/de\/wp-json\/wp\/v2\/users\/1"}],"replies":[{"embeddable":true,"href":"https:\/\/mekruphy.com\/de\/wp-json\/wp\/v2\/comments?post=1251"}],"version-history":[{"count":5,"href":"https:\/\/mekruphy.com\/de\/wp-json\/wp\/v2\/pages\/1251\/revisions"}],"predecessor-version":[{"id":5384,"href":"https:\/\/mekruphy.com\/de\/wp-json\/wp\/v2\/pages\/1251\/revisions\/5384"}],"up":[{"embeddable":true,"href":"https:\/\/mekruphy.com\/de\/wp-json\/wp\/v2\/pages\/625"}],"wp:attachment":[{"href":"https:\/\/mekruphy.com\/de\/wp-json\/wp\/v2\/media?parent=1251"}],"curies":[{"name":"wp","href":"https:\/\/api.w.org\/{rel}","templated":true}]}}