{"id":1262,"date":"2020-07-24T14:43:57","date_gmt":"2020-07-24T12:43:57","guid":{"rendered":"https:\/\/mekruphy.com\/de\/?page_id=1262"},"modified":"2022-03-07T16:27:28","modified_gmt":"2022-03-07T15:27:28","slug":"elektrik-elektronik","status":"publish","type":"page","link":"https:\/\/mekruphy.com\/de\/produkte\/physik\/elektrik-elektronik\/","title":{"rendered":"Elektrik \/ Elektronik"},"content":{"rendered":"<div class=\"yoast-breadcrumbs breadcrumbs\"><span><span><a href=\"https:\/\/mekruphy.com\/de\/\">Startseite<\/a><\/span> \u00bb <span><a href=\"https:\/\/mekruphy.com\/de\/produkte\/\">Produkte<\/a><\/span> \u00bb <span><a href=\"https:\/\/mekruphy.com\/de\/produkte\/physik\/\">Physik<\/a><\/span> \u00bb <span class=\"breadcrumb_last\" aria-current=\"page\">Elektrik \/ Elektronik<\/span><\/span><\/div>\n\n\n<h2 class=\"wp-block-heading\" id=\"h-elektrik-in-acht-unabhangigen-experimentiersatzen\"><strong>Elektrik<\/strong> &#8211; in acht unabh\u00e4ngigen Experimentiers\u00e4tzen<\/h2>\n\n\n\n<div class=\"wp-block-coblocks-row coblocks-row-010173443300\" data-columns=\"2\" data-layout=\"66-33\"><div class=\"wp-block-coblocks-row__inner has-no-padding has-no-margin is-stacked-on-mobile has-medium-gutter\">\n<div class=\"wp-block-coblocks-column coblocks-column-010173449566\" style=\"width:66%\"><div class=\"wp-block-coblocks-column__inner has-no-padding has-no-margin\">\n<p>Ein Basis-Set <a href=\"https:\/\/mekruphy.com\/de\/produkte\/grundschule\/experimentiersatz-grundschule-2-elektrik-und-magnetismus\/\">Elektrik-Magnetismus<\/a> in der Grundschule und acht verschiedene Experimentierk\u00e4sten von der Unterstufe bis zum Abitur behandeln umfassend das Thema Elektrizit\u00e4tslehre.<br>Lediglich die Bewegung geladener Teilchen im elektrischen und magnetischen Feld sowie die <a href=\"https:\/\/www.leifiphysik.de\/atomphysik\/roentgen-strahlung\/grundwissen\/erzeugung-von-roentgen-strahlung\" target=\"_blank\" rel=\"noreferrer noopener\">R\u00f6ntgenstrahlung<\/a> k\u00f6nnen die Sch\u00fclerinnen und Sch\u00fcler nicht im Experiment erarbeiten. Die elektromagnetischen Wellenerscheinungen finden sich aus Kostengr\u00fcnden in analogen Experimenten mit <a href=\"https:\/\/www.weltderphysik.de\/thema\/hinter-den-dingen\/ultraschall\" target=\"_blank\" rel=\"noreferrer noopener\">Ultraschall<\/a> im Experimentiersatz <a href=\"https:\/\/mekruphy.com\/de\/produkte\/physik\/akustik\/experimentiersatz-wellen\/\" target=\"_blank\" rel=\"noreferrer noopener\">WELLEN<\/a>.<\/p>\n\n\n\n<p><\/p>\n\n\n\n<h3 class=\"wp-block-heading\">Zwei Zug\u00e4nge zum Thema: Stromkreis und Ladungen\/Magnetismus\/Induktion<\/h3>\n\n\n\n<p>Der MEKRUPHY-Experimentierkasten <a href=\"https:\/\/mekruphy.com\/de\/produkte\/physik\/elektrik-elektronik\/experimentiersatz-elektrik-1\/\">ELEKTRIK 1<\/a> (E1) f\u00fchrt \u00fcber einen transparenten Stromkreis an das Verst\u00e4ndnis der Elektrizit\u00e4tslehre heran. Dagegen umfasst <a href=\"https:\/\/mekruphy.com\/de\/produkte\/physik\/elektrik-elektronik\/experimentiersatz-elektrik-2\/\">E2<\/a> faszinierende, \u00fcberwiegend Kurz-Experimente zu den Themen Magnetismus, Ladung, Induktion, Elektro-Generator, Elektro-Motor und Transformatorengesetze. Der Kasten <a href=\"https:\/\/mekruphy.com\/de\/produkte\/physik\/elektrik-elektronik\/experimentiersatz-elektrik-2-plus\/\">E2+<\/a> enth\u00e4lt einige Experimente zus\u00e4tzlich zu E2.<\/p>\n\n\n\n<p><\/p>\n\n\n\n<h3 class=\"wp-block-heading\">Spezifische Widerst\u00e4nde und Lorentz-Kraft im Fokus<\/h3>\n\n\n\n<p><a href=\"https:\/\/mekruphy.com\/de\/produkte\/physik\/elektrik-elektronik\/experimentiersatz-elektrik-3\/\">ELEKTRIK 3<\/a> untersucht den spezifischen elektrischen Widerstand verschiedener Materialien bis hin zu Wheatstone-Br\u00fccke und Vier-Leiter-Messmethode im Sch\u00fclerversuch. Im Zentrum des MEKRUPHY-Experimentiersatzes <a href=\"https:\/\/mekruphy.com\/de\/produkte\/physik\/elektrik-elektronik\/experimentiersatz-elektrik-4\/\">ELEKTRIK 4<\/a> stehen die verschiedenen Parameter der Lorentz-Kraft und deren Zusammenspiel.<\/p>\n\n\n\n<h3 class=\"wp-block-heading\">Messwerterfassung statt klassischem Oszilloskop<\/h3>\n\n\n\n<p>Zusammen mit dem Datalogger-Handger\u00e4t MGA erm\u00f6glicht der Experimentiersatz <a href=\"https:\/\/mekruphy.com\/de\/produkte\/physik\/elektrik-elektronik\/experimentiersatz-elektrik-5-addestation-mga\/\">E5<\/a> die Visualisierung auf dem Display in farblich getrennten Graphen und die Messwert-Aufnahme in Tabellen.<\/p>\n\n\n\n<h3 class=\"wp-block-heading\">Elektrische Felder \u2013 Erfassung der \u00c4quipotentiallinien<\/h3>\n\n\n\n<p>In einer wasserdichten Wanne mit aufgedrucktem Koordinatensystem untersuchen die Sch\u00fclerinnen und Sch\u00fcler die Felder verschiedener Elektrodenkombinationen (<a href=\"https:\/\/mekruphy.com\/de\/produkte\/physik\/elektrik-elektronik\/experimentiersatz-elektrik-6\/\">ELEKTRIK 6<\/a>).<\/p>\n\n\n\n<h3 class=\"wp-block-heading\">Zwei Sch\u00fcler-Experimentiers\u00e4tze zur Elektronik<\/h3>\n\n\n\n<p>Der MEKRUPHY-Experimentierkasten <a href=\"https:\/\/mekruphy.com\/de\/produkte\/physik\/elektrik-elektronik\/experimentiersatz-elektrik-7\/\">E7<\/a> erforscht die Grundlagen der Elektronik auf einer transparenten Grundplatte. <a href=\"https:\/\/mekruphy.com\/de\/produkte\/physik\/elektrik-elektronik\/experimentiersatz-elektrik-8\/\">ELEKTRIK 8<\/a> erweitert die experimentellen M\u00f6glichkeiten mit verschiedenen Platinen im Gleich- und Wechselstromkreis bis hin zur Mei\u00dfner-Schaltung.<\/p>\n\n\n\n<h3 class=\"wp-block-heading\">Messger\u00e4te und Spannungsversorgung: Analog-Multimeter AMM 3000 und Kleinspannungsnetzger\u00e4te<\/h3>\n\n\n\n<p>Speziell f\u00fcr die MEKRUPHY-Sch\u00fclerexperimente zur Elektronik und Elektronik haben wir <a href=\"https:\/\/www.kmk.org\/service\/servicebereich-schule\/sicherheit-im-unterricht.html\" target=\"_blank\" rel=\"noreferrer noopener\">RISU<\/a>-konforme, sch\u00fclergerechte <a href=\"https:\/\/mekruphy.com\/de\/produkte\/physik\/physik-spannungsversorgung\/\">Kleinspannungsnetzger\u00e4te<\/a> und ein einfach zu bedienendes analoges <a href=\"https:\/\/mekruphy.com\/de\/produkte\/physik\/physik-vielfachmessgerat\/\">Vielfachmessger\u00e4t<\/a> entwickelt.<\/p>\n\n\n\n<p><\/p>\n<\/div><\/div>\n\n\n\n<div class=\"wp-block-coblocks-column coblocks-column-010173449568\" style=\"width:33%\"><div class=\"wp-block-coblocks-column__inner has-no-padding has-no-margin\">\n<figure class=\"wp-block-image size-large is-resized is-style-default\"><img loading=\"lazy\" decoding=\"async\" src=\"https:\/\/mekruphy.com\/de\/wp-content\/uploads\/2022\/01\/stromleitungen-1024x921.jpg\" alt=\"Elektrik in Stromleitungen\" class=\"wp-image-4084\" width=\"256\" height=\"230\" srcset=\"https:\/\/mekruphy.com\/de\/wp-content\/uploads\/2022\/01\/stromleitungen-1024x921.jpg 1024w, https:\/\/mekruphy.com\/de\/wp-content\/uploads\/2022\/01\/stromleitungen-300x270.jpg 300w, https:\/\/mekruphy.com\/de\/wp-content\/uploads\/2022\/01\/stromleitungen-768x691.jpg 768w, https:\/\/mekruphy.com\/de\/wp-content\/uploads\/2022\/01\/stromleitungen.jpg 1423w\" sizes=\"auto, (max-width: 256px) 100vw, 256px\" \/><\/figure>\n<\/div><\/div>\n<\/div><\/div>\n","protected":false},"excerpt":{"rendered":"<p>Elektrik &#8211; in acht unabh\u00e4ngigen Experimentiers\u00e4tzen<\/p>\n","protected":false},"author":1,"featured_media":0,"parent":612,"menu_order":0,"comment_status":"closed","ping_status":"closed","template":"templates\/productcategory.php","meta":{"_acf_changed":false,"_coblocks_attr":"","_coblocks_dimensions":"","_coblocks_responsive_height":"","_coblocks_accordion_ie_support":"","_eb_attr":"","advgb_blocks_editor_width":"","advgb_blocks_columns_visual_guide":"","footnotes":""},"class_list":["post-1262","page","type-page","status-publish","hentry"],"acf":[],"yoast_head":"<!-- This site is optimized with the Yoast SEO plugin v27.4 - https:\/\/yoast.com\/product\/yoast-seo-wordpress\/ -->\n<title>Elektrik \/ Elektronik - MEKRUPHY GmbH<\/title>\n<meta name=\"description\" content=\"Die MEKRUPHY-Experimentierk\u00e4sten zur Elektrik behandeln alle relevanten Teilgebiete der Elektrizit\u00e4tslehre von der Unterstufe bis zum Abitur.\" \/>\n<meta name=\"robots\" content=\"index, follow, max-snippet:-1, max-image-preview:large, max-video-preview:-1\" \/>\n<link rel=\"canonical\" href=\"https:\/\/mekruphy.com\/de\/produkte\/physik\/elektrik-elektronik\/\" \/>\n<meta property=\"og:locale\" content=\"de_DE\" \/>\n<meta property=\"og:type\" content=\"article\" \/>\n<meta property=\"og:title\" content=\"Elektrik \/ Elektronik - MEKRUPHY GmbH\" \/>\n<meta property=\"og:description\" content=\"Die MEKRUPHY-Experimentierk\u00e4sten zur Elektrik behandeln alle relevanten Teilgebiete der Elektrizit\u00e4tslehre von der Unterstufe bis zum Abitur.\" \/>\n<meta property=\"og:url\" content=\"https:\/\/mekruphy.com\/de\/produkte\/physik\/elektrik-elektronik\/\" \/>\n<meta property=\"og:site_name\" content=\"MEKRUPHY GmbH\" \/>\n<meta property=\"article:modified_time\" content=\"2022-03-07T15:27:28+00:00\" \/>\n<meta property=\"og:image\" content=\"https:\/\/mekruphy.com\/de\/wp-content\/uploads\/2022\/01\/stromleitungen-1024x921.jpg\" \/>\n<meta name=\"twitter:card\" content=\"summary_large_image\" \/>\n<meta name=\"twitter:label1\" content=\"Gesch\u00e4tzte Lesezeit\" \/>\n\t<meta name=\"twitter:data1\" content=\"2\u00a0Minuten\" \/>\n<script type=\"application\/ld+json\" class=\"yoast-schema-graph\">{\"@context\":\"https:\\\/\\\/schema.org\",\"@graph\":[{\"@type\":\"WebPage\",\"@id\":\"https:\\\/\\\/mekruphy.com\\\/de\\\/produkte\\\/physik\\\/elektrik-elektronik\\\/\",\"url\":\"https:\\\/\\\/mekruphy.com\\\/de\\\/produkte\\\/physik\\\/elektrik-elektronik\\\/\",\"name\":\"Elektrik \\\/ Elektronik - MEKRUPHY GmbH\",\"isPartOf\":{\"@id\":\"https:\\\/\\\/mekruphy.com\\\/de\\\/#website\"},\"primaryImageOfPage\":{\"@id\":\"https:\\\/\\\/mekruphy.com\\\/de\\\/produkte\\\/physik\\\/elektrik-elektronik\\\/#primaryimage\"},\"image\":{\"@id\":\"https:\\\/\\\/mekruphy.com\\\/de\\\/produkte\\\/physik\\\/elektrik-elektronik\\\/#primaryimage\"},\"thumbnailUrl\":\"https:\\\/\\\/mekruphy.com\\\/de\\\/wp-content\\\/uploads\\\/2022\\\/01\\\/stromleitungen-1024x921.jpg\",\"datePublished\":\"2020-07-24T12:43:57+00:00\",\"dateModified\":\"2022-03-07T15:27:28+00:00\",\"description\":\"Die MEKRUPHY-Experimentierk\u00e4sten zur Elektrik behandeln alle relevanten Teilgebiete der Elektrizit\u00e4tslehre von der Unterstufe bis zum Abitur.\",\"breadcrumb\":{\"@id\":\"https:\\\/\\\/mekruphy.com\\\/de\\\/produkte\\\/physik\\\/elektrik-elektronik\\\/#breadcrumb\"},\"inLanguage\":\"de\",\"potentialAction\":[{\"@type\":\"ReadAction\",\"target\":[\"https:\\\/\\\/mekruphy.com\\\/de\\\/produkte\\\/physik\\\/elektrik-elektronik\\\/\"]}]},{\"@type\":\"ImageObject\",\"inLanguage\":\"de\",\"@id\":\"https:\\\/\\\/mekruphy.com\\\/de\\\/produkte\\\/physik\\\/elektrik-elektronik\\\/#primaryimage\",\"url\":\"https:\\\/\\\/mekruphy.com\\\/de\\\/wp-content\\\/uploads\\\/2022\\\/01\\\/stromleitungen.jpg\",\"contentUrl\":\"https:\\\/\\\/mekruphy.com\\\/de\\\/wp-content\\\/uploads\\\/2022\\\/01\\\/stromleitungen.jpg\",\"width\":1423,\"height\":1280},{\"@type\":\"BreadcrumbList\",\"@id\":\"https:\\\/\\\/mekruphy.com\\\/de\\\/produkte\\\/physik\\\/elektrik-elektronik\\\/#breadcrumb\",\"itemListElement\":[{\"@type\":\"ListItem\",\"position\":1,\"name\":\"Startseite\",\"item\":\"https:\\\/\\\/mekruphy.com\\\/de\\\/\"},{\"@type\":\"ListItem\",\"position\":2,\"name\":\"Produkte\",\"item\":\"https:\\\/\\\/mekruphy.com\\\/de\\\/produkte\\\/\"},{\"@type\":\"ListItem\",\"position\":3,\"name\":\"Physik\",\"item\":\"https:\\\/\\\/mekruphy.com\\\/de\\\/produkte\\\/physik\\\/\"},{\"@type\":\"ListItem\",\"position\":4,\"name\":\"Elektrik \\\/ Elektronik\"}]},{\"@type\":\"WebSite\",\"@id\":\"https:\\\/\\\/mekruphy.com\\\/de\\\/#website\",\"url\":\"https:\\\/\\\/mekruphy.com\\\/de\\\/\",\"name\":\"MEKRUPHY GmbH\",\"description\":\"Sch\u00fcler-Experimentierk\u00e4sten f\u00fcr den MINT-Unterricht\",\"potentialAction\":[{\"@type\":\"SearchAction\",\"target\":{\"@type\":\"EntryPoint\",\"urlTemplate\":\"https:\\\/\\\/mekruphy.com\\\/de\\\/?s={search_term_string}\"},\"query-input\":{\"@type\":\"PropertyValueSpecification\",\"valueRequired\":true,\"valueName\":\"search_term_string\"}}],\"inLanguage\":\"de\"}]}<\/script>\n<!-- \/ Yoast SEO plugin. -->","yoast_head_json":{"title":"Elektrik \/ Elektronik - MEKRUPHY GmbH","description":"Die MEKRUPHY-Experimentierk\u00e4sten zur Elektrik behandeln alle relevanten Teilgebiete der Elektrizit\u00e4tslehre von der Unterstufe bis zum Abitur.","robots":{"index":"index","follow":"follow","max-snippet":"max-snippet:-1","max-image-preview":"max-image-preview:large","max-video-preview":"max-video-preview:-1"},"canonical":"https:\/\/mekruphy.com\/de\/produkte\/physik\/elektrik-elektronik\/","og_locale":"de_DE","og_type":"article","og_title":"Elektrik \/ Elektronik - MEKRUPHY GmbH","og_description":"Die MEKRUPHY-Experimentierk\u00e4sten zur Elektrik behandeln alle relevanten Teilgebiete der Elektrizit\u00e4tslehre von der Unterstufe bis zum Abitur.","og_url":"https:\/\/mekruphy.com\/de\/produkte\/physik\/elektrik-elektronik\/","og_site_name":"MEKRUPHY GmbH","article_modified_time":"2022-03-07T15:27:28+00:00","og_image":[{"url":"https:\/\/mekruphy.com\/de\/wp-content\/uploads\/2022\/01\/stromleitungen-1024x921.jpg","type":"","width":"","height":""}],"twitter_card":"summary_large_image","twitter_misc":{"Gesch\u00e4tzte Lesezeit":"2\u00a0Minuten"},"schema":{"@context":"https:\/\/schema.org","@graph":[{"@type":"WebPage","@id":"https:\/\/mekruphy.com\/de\/produkte\/physik\/elektrik-elektronik\/","url":"https:\/\/mekruphy.com\/de\/produkte\/physik\/elektrik-elektronik\/","name":"Elektrik \/ Elektronik - MEKRUPHY GmbH","isPartOf":{"@id":"https:\/\/mekruphy.com\/de\/#website"},"primaryImageOfPage":{"@id":"https:\/\/mekruphy.com\/de\/produkte\/physik\/elektrik-elektronik\/#primaryimage"},"image":{"@id":"https:\/\/mekruphy.com\/de\/produkte\/physik\/elektrik-elektronik\/#primaryimage"},"thumbnailUrl":"https:\/\/mekruphy.com\/de\/wp-content\/uploads\/2022\/01\/stromleitungen-1024x921.jpg","datePublished":"2020-07-24T12:43:57+00:00","dateModified":"2022-03-07T15:27:28+00:00","description":"Die MEKRUPHY-Experimentierk\u00e4sten zur Elektrik behandeln alle relevanten Teilgebiete der Elektrizit\u00e4tslehre von der Unterstufe bis zum Abitur.","breadcrumb":{"@id":"https:\/\/mekruphy.com\/de\/produkte\/physik\/elektrik-elektronik\/#breadcrumb"},"inLanguage":"de","potentialAction":[{"@type":"ReadAction","target":["https:\/\/mekruphy.com\/de\/produkte\/physik\/elektrik-elektronik\/"]}]},{"@type":"ImageObject","inLanguage":"de","@id":"https:\/\/mekruphy.com\/de\/produkte\/physik\/elektrik-elektronik\/#primaryimage","url":"https:\/\/mekruphy.com\/de\/wp-content\/uploads\/2022\/01\/stromleitungen.jpg","contentUrl":"https:\/\/mekruphy.com\/de\/wp-content\/uploads\/2022\/01\/stromleitungen.jpg","width":1423,"height":1280},{"@type":"BreadcrumbList","@id":"https:\/\/mekruphy.com\/de\/produkte\/physik\/elektrik-elektronik\/#breadcrumb","itemListElement":[{"@type":"ListItem","position":1,"name":"Startseite","item":"https:\/\/mekruphy.com\/de\/"},{"@type":"ListItem","position":2,"name":"Produkte","item":"https:\/\/mekruphy.com\/de\/produkte\/"},{"@type":"ListItem","position":3,"name":"Physik","item":"https:\/\/mekruphy.com\/de\/produkte\/physik\/"},{"@type":"ListItem","position":4,"name":"Elektrik \/ Elektronik"}]},{"@type":"WebSite","@id":"https:\/\/mekruphy.com\/de\/#website","url":"https:\/\/mekruphy.com\/de\/","name":"MEKRUPHY GmbH","description":"Sch\u00fcler-Experimentierk\u00e4sten f\u00fcr den MINT-Unterricht","potentialAction":[{"@type":"SearchAction","target":{"@type":"EntryPoint","urlTemplate":"https:\/\/mekruphy.com\/de\/?s={search_term_string}"},"query-input":{"@type":"PropertyValueSpecification","valueRequired":true,"valueName":"search_term_string"}}],"inLanguage":"de"}]}},"coauthors":[],"author_meta":{"author_link":"https:\/\/mekruphy.com\/de\/author\/mwbsca\/","display_name":"mwbscA"},"relative_dates":{"created":"Ver\u00f6ffentlicht 6\u00a0Jahren vor","modified":"Aktualisiert 4\u00a0Jahren vor"},"absolute_dates":{"created":"Ver\u00f6ffentlicht am 24. Juli 2020","modified":"Aktualisiert am 7. M\u00e4rz 2022"},"absolute_dates_time":{"created":"Ver\u00f6ffentlicht am 24. Juli 2020 14:43","modified":"Aktualisiert am 7. M\u00e4rz 2022 16:27"},"featured_img_caption":"","featured_img":false,"series_order":"","_links":{"self":[{"href":"https:\/\/mekruphy.com\/de\/wp-json\/wp\/v2\/pages\/1262","targetHints":{"allow":["GET"]}}],"collection":[{"href":"https:\/\/mekruphy.com\/de\/wp-json\/wp\/v2\/pages"}],"about":[{"href":"https:\/\/mekruphy.com\/de\/wp-json\/wp\/v2\/types\/page"}],"author":[{"embeddable":true,"href":"https:\/\/mekruphy.com\/de\/wp-json\/wp\/v2\/users\/1"}],"replies":[{"embeddable":true,"href":"https:\/\/mekruphy.com\/de\/wp-json\/wp\/v2\/comments?post=1262"}],"version-history":[{"count":38,"href":"https:\/\/mekruphy.com\/de\/wp-json\/wp\/v2\/pages\/1262\/revisions"}],"predecessor-version":[{"id":6369,"href":"https:\/\/mekruphy.com\/de\/wp-json\/wp\/v2\/pages\/1262\/revisions\/6369"}],"up":[{"embeddable":true,"href":"https:\/\/mekruphy.com\/de\/wp-json\/wp\/v2\/pages\/612"}],"wp:attachment":[{"href":"https:\/\/mekruphy.com\/de\/wp-json\/wp\/v2\/media?parent=1262"}],"curies":[{"name":"wp","href":"https:\/\/api.w.org\/{rel}","templated":true}]}}