{"id":1283,"date":"2020-07-27T07:18:05","date_gmt":"2020-07-27T05:18:05","guid":{"rendered":"https:\/\/mekruphy.com\/de\/?page_id=1283"},"modified":"2023-06-07T14:54:20","modified_gmt":"2023-06-07T12:54:20","slug":"addestation-arbeitshefte","status":"publish","type":"page","link":"https:\/\/mekruphy.com\/de\/produkte\/addestation\/addestation-arbeitshefte\/","title":{"rendered":"ADDESTATION Sch\u00fclerhefte"},"content":{"rendered":"<div class=\"yoast-breadcrumbs breadcrumbs\"><span><span><a href=\"https:\/\/mekruphy.com\/de\/\">Startseite<\/a><\/span> \u00bb <span><a href=\"https:\/\/mekruphy.com\/de\/produkte\/\">Produkte<\/a><\/span> \u00bb <span><a href=\"https:\/\/mekruphy.com\/de\/produkte\/addestation\/\">ADDESTATION<\/a><\/span> \u00bb <span class=\"breadcrumb_last\" aria-current=\"page\">ADDESTATION Sch\u00fclerhefte<\/span><\/span><\/div>\n\n\n<h2 class=\"wp-block-heading advgb-dyn-822d0674\" id=\"h-lehr-und-lernmaterialien\">Lehr- und Lernmaterialien<\/h2>\n\n\n\n<p>Die\u00a0MEKRUPHY-Sch\u00fcler- und Lehrerhefte wurden von erfahrenen Lehrkr\u00e4ften verfasst. Diese werden \u00fcber viele Jahre an zahlreichen Schulen erprobt und immer wieder verbessert. Mit diesen Anleitungen k\u00f6nnen die Sch\u00fclergruppen im Unterricht v\u00f6llig selbstst\u00e4ndig arbeiten und so die Lehrkraft effektiv entlasten.\u00a0<\/p>\n\n\n\n<div style=\"height:16px\" aria-hidden=\"true\" class=\"wp-block-spacer\"><\/div>\n\n\n\n<p>F\u00fcr den bilingualen Unterricht gibt es&nbsp;einen Teil der&nbsp;Sch\u00fcler- und Lehrerhefte auch in Englisch.<\/p>\n\n\n\n<div style=\"height:16px\" aria-hidden=\"true\" class=\"wp-block-spacer\"><\/div>\n\n\n\n<p>Unsere Sch\u00fclerhefte k\u00f6nnen auch als Downloadlizenz erworben werden. Falls die Bestellung durch die Verwaltung oder Schulleitung aufgegeben wird, muss unbedingt die Dienst-E-Mail-Adresse der Fachlehrkraft angegeben werden, die auf den Download zugreifen soll.<\/p>\n\n\n\n<div style=\"height:16px\" aria-hidden=\"true\" class=\"wp-block-spacer\"><\/div>\n\n\n\n<p>Alle Hefte k\u00f6nnen Sie direkt online \u00fcber unseren <a href=\"https:\/\/shop.mekruphy.com\/artikeluebersicht\/all-subjects.aspx\" target=\"_blank\" rel=\"noreferrer noopener\">Webshop<\/a> bestellen.<\/p>\n\n\n\n<h3 class=\"wp-block-heading advgb-dyn-a10525aa\" id=\"h-schulerhefte\">Sch\u00fclerhefte<\/h3>\n\n\n\n<p>Die Texte der Sch\u00fclerhefte sind\u00a0<\/p>\n\n\n\n<ul class=\"wp-block-list\">\n<li>leicht verst\u00e4ndlich&nbsp;<\/li>\n\n\n\n<li>klar gegliedert&nbsp;<\/li>\n\n\n\n<li>\u00fcbersichtlich dargestellt und&nbsp;&nbsp;<\/li>\n\n\n\n<li>methodisch geschickt aufgebaut&nbsp;<\/li>\n<\/ul>\n\n\n\n<div style=\"height:16px\" aria-hidden=\"true\" class=\"wp-block-spacer\"><\/div>\n\n\n\n<p>Die Experimente sind so angeordnet, dass die Sch\u00fclerinnen und Sch\u00fcler von Experiment zu Experiment immer tiefer in die naturwissenschaftlichen Inhalte eindringen, aber auch die M\u00f6glichkeiten der vielf\u00e4ltigen Software kennen und beherrschen lernen sowie Eigeninitiative und Kreativit\u00e4t einbringen k\u00f6nnen. Auf diese Weise werden&nbsp;<\/p>\n\n\n\n<ul class=\"wp-block-list\">\n<li>sowohl die Bedienung des <a href=\"https:\/\/mekruphy.com\/de\/produkte\/addestation\/\">MGA<\/a> und die experimentelle Fertigkeit&nbsp;&nbsp;<\/li>\n\n\n\n<li>als auch der sichere Umgang mit den Gesetzen und Methoden des&nbsp;betreffenden Fachs sukzessive weiterentwickelt.&nbsp;<\/li>\n<\/ul>\n\n\n\n<div style=\"height:16px\" aria-hidden=\"true\" class=\"wp-block-spacer\"><\/div>\n\n\n\n<p>Jeder Bestellung von <a href=\"https:\/\/mekruphy.com\/de\/produkte\/addestation\/\">Experimentierk\u00e4sten<\/a> liegt unabh\u00e4ngig von der Anzahl ein passendes, gedrucktes Freiexemplar bei.<\/p>\n\n\n\n<h3 class=\"wp-block-heading advgb-dyn-43ab6dd2\" id=\"h-lehrerhefte\">Lehrerhefte&nbsp;<\/h3>\n\n\n\n<p>Passend zu den Sch\u00fclerhefte gibt es begleitende Lehrerhefte. Sie enthalten Hintergrundinformationen zu jedem Sch\u00fclerexperiment, praktische Hinweise zur Durchf\u00fchrung, Antworten und L\u00f6sungen f\u00fcr die im Sch\u00fclerhefte gestellten Fragen und Aufgaben sowie die zu erwartenden Messergebnisse.<\/p>\n\n\n\n<p><\/p>\n","protected":false},"excerpt":{"rendered":"<p>Lehr- und Lernmaterialien Die\u00a0MEKRUPHY-Sch\u00fcler- und Lehrerhefte wurden von erfahrenen Lehrkr\u00e4ften verfasst. Diese werden \u00fcber viele Jahre an zahlreichen Schulen erprobt und immer wieder verbessert. Mit diesen Anleitungen k\u00f6nnen die Sch\u00fclergruppen im Unterricht v\u00f6llig selbstst\u00e4ndig arbeiten und so die Lehrkraft effektiv entlasten.\u00a0 F\u00fcr den bilingualen Unterricht gibt es&nbsp;einen Teil der&nbsp;Sch\u00fcler- und Lehrerhefte auch in Englisch. Unsere [&hellip;]<\/p>\n","protected":false},"author":1,"featured_media":5414,"parent":620,"menu_order":0,"comment_status":"closed","ping_status":"closed","template":"templates\/productcategory.php","meta":{"_acf_changed":false,"_coblocks_attr":"","_coblocks_dimensions":"","_coblocks_responsive_height":"","_coblocks_accordion_ie_support":"","_eb_attr":"","advgb_blocks_editor_width":"","advgb_blocks_columns_visual_guide":"","footnotes":""},"class_list":["post-1283","page","type-page","status-publish","has-post-thumbnail","hentry"],"acf":[],"yoast_head":"<!-- This site is optimized with the Yoast SEO plugin v27.3 - https:\/\/yoast.com\/product\/yoast-seo-wordpress\/ -->\n<title>ADDESTATION Sch\u00fclerhefte - MEKRUPHY GmbH<\/title>\n<meta name=\"description\" content=\"Mit den MEKRUPHY-Arbeitsheften k\u00f6nnen die Sch\u00fclergruppen v\u00f6llig selbstst\u00e4ndig arbeiten und so die Lehrkraft im Unterricht effektiv entlasten.\" \/>\n<meta name=\"robots\" content=\"index, follow, max-snippet:-1, max-image-preview:large, max-video-preview:-1\" \/>\n<link rel=\"canonical\" href=\"https:\/\/mekruphy.com\/de\/produkte\/addestation\/addestation-arbeitshefte\/\" \/>\n<meta property=\"og:locale\" content=\"de_DE\" \/>\n<meta property=\"og:type\" content=\"article\" \/>\n<meta property=\"og:title\" content=\"ADDESTATION Sch\u00fclerhefte - MEKRUPHY GmbH\" \/>\n<meta property=\"og:description\" content=\"Mit den MEKRUPHY-Arbeitsheften k\u00f6nnen die Sch\u00fclergruppen v\u00f6llig selbstst\u00e4ndig arbeiten und so die Lehrkraft im Unterricht effektiv entlasten.\" \/>\n<meta property=\"og:url\" content=\"https:\/\/mekruphy.com\/de\/produkte\/addestation\/addestation-arbeitshefte\/\" \/>\n<meta property=\"og:site_name\" content=\"MEKRUPHY GmbH\" \/>\n<meta property=\"article:modified_time\" content=\"2023-06-07T12:54:20+00:00\" \/>\n<meta property=\"og:image\" content=\"https:\/\/mekruphy.com\/de\/wp-content\/uploads\/2022\/02\/AddestationHeft.png\" \/>\n\t<meta property=\"og:image:width\" content=\"1600\" \/>\n\t<meta property=\"og:image:height\" content=\"1000\" \/>\n\t<meta property=\"og:image:type\" content=\"image\/png\" \/>\n<meta name=\"twitter:card\" content=\"summary_large_image\" \/>\n<meta name=\"twitter:label1\" content=\"Gesch\u00e4tzte Lesezeit\" \/>\n\t<meta name=\"twitter:data1\" content=\"2\u00a0Minuten\" \/>\n<script type=\"application\/ld+json\" class=\"yoast-schema-graph\">{\"@context\":\"https:\\\/\\\/schema.org\",\"@graph\":[{\"@type\":\"WebPage\",\"@id\":\"https:\\\/\\\/mekruphy.com\\\/de\\\/produkte\\\/addestation\\\/addestation-arbeitshefte\\\/\",\"url\":\"https:\\\/\\\/mekruphy.com\\\/de\\\/produkte\\\/addestation\\\/addestation-arbeitshefte\\\/\",\"name\":\"ADDESTATION Sch\u00fclerhefte - MEKRUPHY GmbH\",\"isPartOf\":{\"@id\":\"https:\\\/\\\/mekruphy.com\\\/de\\\/#website\"},\"primaryImageOfPage\":{\"@id\":\"https:\\\/\\\/mekruphy.com\\\/de\\\/produkte\\\/addestation\\\/addestation-arbeitshefte\\\/#primaryimage\"},\"image\":{\"@id\":\"https:\\\/\\\/mekruphy.com\\\/de\\\/produkte\\\/addestation\\\/addestation-arbeitshefte\\\/#primaryimage\"},\"thumbnailUrl\":\"https:\\\/\\\/mekruphy.com\\\/de\\\/wp-content\\\/uploads\\\/2022\\\/02\\\/AddestationHeft.png\",\"datePublished\":\"2020-07-27T05:18:05+00:00\",\"dateModified\":\"2023-06-07T12:54:20+00:00\",\"description\":\"Mit den MEKRUPHY-Arbeitsheften k\u00f6nnen die Sch\u00fclergruppen v\u00f6llig selbstst\u00e4ndig arbeiten und so die Lehrkraft im Unterricht effektiv entlasten.\",\"breadcrumb\":{\"@id\":\"https:\\\/\\\/mekruphy.com\\\/de\\\/produkte\\\/addestation\\\/addestation-arbeitshefte\\\/#breadcrumb\"},\"inLanguage\":\"de\",\"potentialAction\":[{\"@type\":\"ReadAction\",\"target\":[\"https:\\\/\\\/mekruphy.com\\\/de\\\/produkte\\\/addestation\\\/addestation-arbeitshefte\\\/\"]}]},{\"@type\":\"ImageObject\",\"inLanguage\":\"de\",\"@id\":\"https:\\\/\\\/mekruphy.com\\\/de\\\/produkte\\\/addestation\\\/addestation-arbeitshefte\\\/#primaryimage\",\"url\":\"https:\\\/\\\/mekruphy.com\\\/de\\\/wp-content\\\/uploads\\\/2022\\\/02\\\/AddestationHeft.png\",\"contentUrl\":\"https:\\\/\\\/mekruphy.com\\\/de\\\/wp-content\\\/uploads\\\/2022\\\/02\\\/AddestationHeft.png\",\"width\":1600,\"height\":1000,\"caption\":\"Addestation Heft\"},{\"@type\":\"BreadcrumbList\",\"@id\":\"https:\\\/\\\/mekruphy.com\\\/de\\\/produkte\\\/addestation\\\/addestation-arbeitshefte\\\/#breadcrumb\",\"itemListElement\":[{\"@type\":\"ListItem\",\"position\":1,\"name\":\"Startseite\",\"item\":\"https:\\\/\\\/mekruphy.com\\\/de\\\/\"},{\"@type\":\"ListItem\",\"position\":2,\"name\":\"Produkte\",\"item\":\"https:\\\/\\\/mekruphy.com\\\/de\\\/produkte\\\/\"},{\"@type\":\"ListItem\",\"position\":3,\"name\":\"ADDESTATION\",\"item\":\"https:\\\/\\\/mekruphy.com\\\/de\\\/produkte\\\/addestation\\\/\"},{\"@type\":\"ListItem\",\"position\":4,\"name\":\"ADDESTATION Sch\u00fclerhefte\"}]},{\"@type\":\"WebSite\",\"@id\":\"https:\\\/\\\/mekruphy.com\\\/de\\\/#website\",\"url\":\"https:\\\/\\\/mekruphy.com\\\/de\\\/\",\"name\":\"MEKRUPHY GmbH\",\"description\":\"Sch\u00fcler-Experimentierk\u00e4sten f\u00fcr den MINT-Unterricht\",\"potentialAction\":[{\"@type\":\"SearchAction\",\"target\":{\"@type\":\"EntryPoint\",\"urlTemplate\":\"https:\\\/\\\/mekruphy.com\\\/de\\\/?s={search_term_string}\"},\"query-input\":{\"@type\":\"PropertyValueSpecification\",\"valueRequired\":true,\"valueName\":\"search_term_string\"}}],\"inLanguage\":\"de\"}]}<\/script>\n<!-- \/ Yoast SEO plugin. -->","yoast_head_json":{"title":"ADDESTATION Sch\u00fclerhefte - MEKRUPHY GmbH","description":"Mit den MEKRUPHY-Arbeitsheften k\u00f6nnen die Sch\u00fclergruppen v\u00f6llig selbstst\u00e4ndig arbeiten und so die Lehrkraft im Unterricht effektiv entlasten.","robots":{"index":"index","follow":"follow","max-snippet":"max-snippet:-1","max-image-preview":"max-image-preview:large","max-video-preview":"max-video-preview:-1"},"canonical":"https:\/\/mekruphy.com\/de\/produkte\/addestation\/addestation-arbeitshefte\/","og_locale":"de_DE","og_type":"article","og_title":"ADDESTATION Sch\u00fclerhefte - MEKRUPHY GmbH","og_description":"Mit den MEKRUPHY-Arbeitsheften k\u00f6nnen die Sch\u00fclergruppen v\u00f6llig selbstst\u00e4ndig arbeiten und so die Lehrkraft im Unterricht effektiv entlasten.","og_url":"https:\/\/mekruphy.com\/de\/produkte\/addestation\/addestation-arbeitshefte\/","og_site_name":"MEKRUPHY GmbH","article_modified_time":"2023-06-07T12:54:20+00:00","og_image":[{"width":1600,"height":1000,"url":"https:\/\/mekruphy.com\/de\/wp-content\/uploads\/2022\/02\/AddestationHeft.png","type":"image\/png"}],"twitter_card":"summary_large_image","twitter_misc":{"Gesch\u00e4tzte Lesezeit":"2\u00a0Minuten"},"schema":{"@context":"https:\/\/schema.org","@graph":[{"@type":"WebPage","@id":"https:\/\/mekruphy.com\/de\/produkte\/addestation\/addestation-arbeitshefte\/","url":"https:\/\/mekruphy.com\/de\/produkte\/addestation\/addestation-arbeitshefte\/","name":"ADDESTATION Sch\u00fclerhefte - MEKRUPHY GmbH","isPartOf":{"@id":"https:\/\/mekruphy.com\/de\/#website"},"primaryImageOfPage":{"@id":"https:\/\/mekruphy.com\/de\/produkte\/addestation\/addestation-arbeitshefte\/#primaryimage"},"image":{"@id":"https:\/\/mekruphy.com\/de\/produkte\/addestation\/addestation-arbeitshefte\/#primaryimage"},"thumbnailUrl":"https:\/\/mekruphy.com\/de\/wp-content\/uploads\/2022\/02\/AddestationHeft.png","datePublished":"2020-07-27T05:18:05+00:00","dateModified":"2023-06-07T12:54:20+00:00","description":"Mit den MEKRUPHY-Arbeitsheften k\u00f6nnen die Sch\u00fclergruppen v\u00f6llig selbstst\u00e4ndig arbeiten und so die Lehrkraft im Unterricht effektiv entlasten.","breadcrumb":{"@id":"https:\/\/mekruphy.com\/de\/produkte\/addestation\/addestation-arbeitshefte\/#breadcrumb"},"inLanguage":"de","potentialAction":[{"@type":"ReadAction","target":["https:\/\/mekruphy.com\/de\/produkte\/addestation\/addestation-arbeitshefte\/"]}]},{"@type":"ImageObject","inLanguage":"de","@id":"https:\/\/mekruphy.com\/de\/produkte\/addestation\/addestation-arbeitshefte\/#primaryimage","url":"https:\/\/mekruphy.com\/de\/wp-content\/uploads\/2022\/02\/AddestationHeft.png","contentUrl":"https:\/\/mekruphy.com\/de\/wp-content\/uploads\/2022\/02\/AddestationHeft.png","width":1600,"height":1000,"caption":"Addestation Heft"},{"@type":"BreadcrumbList","@id":"https:\/\/mekruphy.com\/de\/produkte\/addestation\/addestation-arbeitshefte\/#breadcrumb","itemListElement":[{"@type":"ListItem","position":1,"name":"Startseite","item":"https:\/\/mekruphy.com\/de\/"},{"@type":"ListItem","position":2,"name":"Produkte","item":"https:\/\/mekruphy.com\/de\/produkte\/"},{"@type":"ListItem","position":3,"name":"ADDESTATION","item":"https:\/\/mekruphy.com\/de\/produkte\/addestation\/"},{"@type":"ListItem","position":4,"name":"ADDESTATION Sch\u00fclerhefte"}]},{"@type":"WebSite","@id":"https:\/\/mekruphy.com\/de\/#website","url":"https:\/\/mekruphy.com\/de\/","name":"MEKRUPHY GmbH","description":"Sch\u00fcler-Experimentierk\u00e4sten f\u00fcr den MINT-Unterricht","potentialAction":[{"@type":"SearchAction","target":{"@type":"EntryPoint","urlTemplate":"https:\/\/mekruphy.com\/de\/?s={search_term_string}"},"query-input":{"@type":"PropertyValueSpecification","valueRequired":true,"valueName":"search_term_string"}}],"inLanguage":"de"}]}},"coauthors":[],"author_meta":{"author_link":"https:\/\/mekruphy.com\/de\/author\/mwbsca\/","display_name":"mwbscA"},"relative_dates":{"created":"Ver\u00f6ffentlicht 6\u00a0Jahren vor","modified":"Aktualisiert 3\u00a0Jahren vor"},"absolute_dates":{"created":"Ver\u00f6ffentlicht am 27. Juli 2020","modified":"Aktualisiert am 7. Juni 2023"},"absolute_dates_time":{"created":"Ver\u00f6ffentlicht am 27. Juli 2020 7:18","modified":"Aktualisiert am 7. Juni 2023 14:54"},"featured_img_caption":"","featured_img":"https:\/\/mekruphy.com\/de\/wp-content\/uploads\/2022\/02\/AddestationHeft.png","series_order":"","_links":{"self":[{"href":"https:\/\/mekruphy.com\/de\/wp-json\/wp\/v2\/pages\/1283","targetHints":{"allow":["GET"]}}],"collection":[{"href":"https:\/\/mekruphy.com\/de\/wp-json\/wp\/v2\/pages"}],"about":[{"href":"https:\/\/mekruphy.com\/de\/wp-json\/wp\/v2\/types\/page"}],"author":[{"embeddable":true,"href":"https:\/\/mekruphy.com\/de\/wp-json\/wp\/v2\/users\/1"}],"replies":[{"embeddable":true,"href":"https:\/\/mekruphy.com\/de\/wp-json\/wp\/v2\/comments?post=1283"}],"version-history":[{"count":19,"href":"https:\/\/mekruphy.com\/de\/wp-json\/wp\/v2\/pages\/1283\/revisions"}],"predecessor-version":[{"id":7424,"href":"https:\/\/mekruphy.com\/de\/wp-json\/wp\/v2\/pages\/1283\/revisions\/7424"}],"up":[{"embeddable":true,"href":"https:\/\/mekruphy.com\/de\/wp-json\/wp\/v2\/pages\/620"}],"wp:featuredmedia":[{"embeddable":true,"href":"https:\/\/mekruphy.com\/de\/wp-json\/wp\/v2\/media\/5414"}],"wp:attachment":[{"href":"https:\/\/mekruphy.com\/de\/wp-json\/wp\/v2\/media?parent=1283"}],"curies":[{"name":"wp","href":"https:\/\/api.w.org\/{rel}","templated":true}]}}