{"id":1289,"date":"2020-07-27T07:38:53","date_gmt":"2020-07-27T05:38:53","guid":{"rendered":"https:\/\/mekruphy.com\/de\/?page_id=1289"},"modified":"2022-02-10T14:38:34","modified_gmt":"2022-02-10T13:38:34","slug":"addestation-zubehoer","status":"publish","type":"page","link":"https:\/\/mekruphy.com\/de\/produkte\/addestation\/addestation-zubehoer\/","title":{"rendered":"ADDESTATION Zubeh\u00f6r"},"content":{"rendered":"<div class=\"yoast-breadcrumbs breadcrumbs\"><span><span><a href=\"https:\/\/mekruphy.com\/de\/\">Startseite<\/a><\/span> \u00bb <span><a href=\"https:\/\/mekruphy.com\/de\/produkte\/\">Produkte<\/a><\/span> \u00bb <span><a href=\"https:\/\/mekruphy.com\/de\/produkte\/addestation\/\">ADDESTATION<\/a><\/span> \u00bb <span class=\"breadcrumb_last\" aria-current=\"page\">ADDESTATION Zubeh\u00f6r<\/span><\/span><\/div>\n\n\n<h2 class=\"wp-block-heading\" id=\"universalschiene\">Universalschiene<\/h2>\n\n\n\n<div class=\"wp-block-advgb-columns advgb-columns-wrapper\" id=\"advgb-cols-4489c336-778e-41d2-a5fc-f0ef8614cbec\"><div class=\"advgb-columns-container\"><div class=\"advgb-columns advgb-columns-row advgb-is-mobile advgb-columns-2 layout-23-13 mbl-layout-stacked gutter-20 vgutter-10\">\n<div class=\"wp-block-advgb-column advgb-column advgb-is-two-thirds-tablet advgb-is-full-mobile\" id=\"advgb-col-6e0b8072-87da-4075-95f5-9a50449a3aa3\"><div class=\"advgb-column-inner\" style=\"border-style:none;border-width:1px\">\n<p>Unsere Universalschiene ist eine schwarz eloxierte Aluminium-Profilschiene und vielseitig einsetzbar. Sie dient als Fahrbahn f\u00fcr die Bewegungsversuche wie als optische Bank f\u00fcr die Abbildungs- und Beugungsexperimente. Dar\u00fcber hinaus ist sie aber auch als schiefe Ebene, als Unterlage f\u00fcr die Reibungsversuche und als Stativ bei Experimenten in der MECHANIK und ENERGIE verwendbar. Die Millimeterskala in kratzfestem wei\u00dfem Siebdruck erlaubt ein sehr genaues Experimentieren. Dabei ist die Nullmarke um etwa 15 cm einger\u00fcckt, damit sich die Herleitungen der Abbildungs- und Bewegungsgleichungen einfacher gestalten: In der OPTIK befindet sich der Abbildungsgegenstand direkt \u00fcber der Marke \u201e0\u201c, w\u00e4hrend in der MECHANIK an dieser Stelle die erste Lichtschranke positioniert wird.<\/p>\n\n\n\n<ul class=\"wp-block-list\"><li>L\u00e4nge: 1000 mm<\/li><li>Masse: 1750 g<\/li><\/ul>\n<\/div><\/div>\n\n\n\n<div class=\"wp-block-advgb-column advgb-column advgb-is-one-third-tablet advgb-is-full-mobile\" id=\"advgb-col-3f4d8ad1-a36c-4d53-a4aa-e9f0f34d0b8e\"><div class=\"advgb-column-inner\" style=\"border-style:none;border-width:1px\">\n<div class=\"wp-block-image\"><figure class=\"alignleft size-large is-resized\"><img loading=\"lazy\" decoding=\"async\" src=\"https:\/\/mekruphy.com\/de\/wp-content\/uploads\/2020\/07\/Universalschiene.jpg\" alt=\"Universalschiene\" class=\"wp-image-1389\" width=\"220\" height=\"79\"\/><\/figure><\/div>\n\n\n\n<p><\/p>\n<\/div><\/div>\n<\/div><\/div><\/div>\n\n\n\n<h2 class=\"wp-block-heading\" id=\"wandtrager-fur-universalschienen\">Wandtr\u00e4ger f\u00fcr Universalschienen<\/h2>\n\n\n\n<div class=\"wp-block-advgb-columns advgb-columns-wrapper\" id=\"advgb-cols-7faa9103-a885-4396-8e7b-601984fa89c2\"><div class=\"advgb-columns-container\"><div class=\"advgb-columns advgb-columns-row advgb-is-mobile advgb-columns-2 layout-23-13 mbl-layout-stacked gutter-20 vgutter-10\">\n<div class=\"wp-block-advgb-column advgb-column advgb-is-two-thirds-tablet advgb-is-full-mobile\" id=\"advgb-col-f24f1240-52c3-47fe-af17-d7e4655eebe2\"><div class=\"advgb-column-inner\" style=\"border-style:none;border-width:1px\">\n<p>Die Universalschienen werden zweckm\u00e4\u00dfig entweder so in einem Schrank gelagert, dass sie gestapelt mit ihrer ganzen L\u00e4nge auf dem Fachboden aufliegen, oder platzsparend an einem Wandtr\u00e4ger aufgeh\u00e4ngt. Dieser besteht aus einer 50 cm langen Aluminium- Profilschiene mit 5 Tragelementen, von denen jedes bis zu 5 Universalschienen aufnehmen kann.<\/p>\n<\/div><\/div>\n\n\n\n<div class=\"wp-block-advgb-column advgb-column advgb-is-one-third-tablet advgb-is-full-mobile\" id=\"advgb-col-611a037e-1025-47eb-9875-dbda20025f23\"><div class=\"advgb-column-inner\" style=\"border-style:none;border-width:1px\">\n<div class=\"wp-block-image\"><figure class=\"alignleft size-large is-resized\"><img loading=\"lazy\" decoding=\"async\" src=\"https:\/\/mekruphy.com\/de\/wp-content\/uploads\/2020\/07\/Wandtraeger.jpg\" alt=\"\" class=\"wp-image-1392\" width=\"220\" height=\"171\"\/><\/figure><\/div>\n<\/div><\/div>\n<\/div><\/div><\/div>\n\n\n\n<h2 class=\"wp-block-heading\" id=\"schallrohr\">Schallrohre<\/h2>\n\n\n\n<p>Bei den Experimenten zur AKUSTIK 2, insbesondere f\u00fcr die Bestimmung der Schallgeschwindigkeit und beim Schall-Radar, werden zwei Rohre unterschiedlicher L\u00e4nge bei gleichem Durchmesser ben\u00f6tigt.<\/p>\n\n\n\n<ul class=\"wp-block-list\"><li>L\u00e4ngen: 630 und 730 mm<\/li><li>Durchmesser: 47 mm<\/li><\/ul>\n\n\n\n<p><\/p>\n\n\n\n<h2 class=\"wp-block-heading\" id=\"universalstativ\">Universalstativ&nbsp;<\/h2>\n\n\n\n<div class=\"wp-block-advgb-columns advgb-columns-wrapper\" id=\"advgb-cols-bf51424a-ec2d-4b23-9f84-10f52aa0122d\"><div class=\"advgb-columns-container\"><div class=\"advgb-columns advgb-columns-row advgb-is-mobile advgb-columns-2 layout-34-14 mbl-layout-stacked gutter-30 vgutter-10\">\n<div class=\"wp-block-advgb-column advgb-column advgb-is-three-quarters-tablet advgb-is-full-mobile\" id=\"advgb-col-f8904311-8263-4bbb-936c-ba5c914857c5\"><div class=\"advgb-column-inner\" style=\"border-style:none;border-width:1px\">\n<p>Das&nbsp;MEKRUPHY-Universalstativ ist gleichzeitig Dreifu\u00df und Stativ. Es ist zerlegbar und in verschiedenen Variationen zu verwenden. In der Regel steht es zusammengebaut im Schrank, kann notfalls aber auch auf kleinstem Raum untergebracht werden.&nbsp;<\/p>\n\n\n\n<p>Die 8 mm starke Bodenplatte aus Stahl gew\u00e4hrleistet einen sicheren Stand, auch bei extrem asymmetrischen Aufbauten. Sie tr\u00e4gt eine Gewindebohrung, in die eine Stativstange eingeschraubt werden kann, die sich nach Bedarf um eine weitere Stativstange verl\u00e4ngern l\u00e4sst. Der Stativring mit dem Keramikschutznetz kann mit Hilfe der Doppelmuffe auf jede gew\u00fcnschte H\u00f6he eingestellt werden.<\/p>\n\n\n\n<p> &nbsp; <\/p>\n\n\n\n<figure class=\"wp-block-table\"><table><tbody><tr><td>00.23.10<\/td><td>Stativplatte&nbsp;Stahl pulverbeschichtet&nbsp;<\/td><\/tr><tr><td>00.23.20<\/td><td>Stativring&nbsp;\u00d8 110 mm&nbsp;<\/td><\/tr><tr><td>00.23.30<\/td><td>Drahtnetz&nbsp;mit&nbsp;Keramikeinpressung&nbsp;<\/td><\/tr><tr><td>00.23.40   &nbsp; <\/td><td>Doppelmuffe&nbsp;(3 St\u00fcck)&nbsp;<\/td><\/tr><tr><td>01.18.00<\/td><td>Stativstange&nbsp;29 cm<\/td><\/tr><tr><td>43.17.00<\/td><td>Stativstange&nbsp;G3<\/td><\/tr><\/tbody><\/table><\/figure>\n\n\n\n<p> &nbsp; <\/p>\n<\/div><\/div>\n\n\n\n<div class=\"wp-block-advgb-column advgb-column advgb-is-one-quarter-tablet advgb-is-full-mobile\" id=\"advgb-col-b032902b-5acc-49b8-8d11-4afa1ae2ecf5\"><div class=\"advgb-column-inner\" style=\"border-style:none;border-width:1px\">\n<figure class=\"wp-block-image size-large\"><img loading=\"lazy\" decoding=\"async\" width=\"220\" height=\"303\" src=\"https:\/\/mekruphy.com\/de\/wp-content\/uploads\/2020\/07\/Universalstativ2.jpg\" alt=\"Universalstativ\" class=\"wp-image-1570\" srcset=\"https:\/\/mekruphy.com\/de\/wp-content\/uploads\/2020\/07\/Universalstativ2.jpg 220w, https:\/\/mekruphy.com\/de\/wp-content\/uploads\/2020\/07\/Universalstativ2-218x300.jpg 218w\" sizes=\"auto, (max-width: 220px) 100vw, 220px\" \/><\/figure>\n<\/div><\/div>\n<\/div><\/div><\/div>\n\n\n\n<p>Das Universalstativ wird u. a. f\u00fcr die Experimentierk\u00e4sten <a href=\"https:\/\/mekruphy.com\/de\/produkte\/chemie\/elektrochemie\/experimentiersatz-chemie-4-elektrochemie-1\/\">CHEMIE 4<\/a> und <a href=\"https:\/\/mekruphy.com\/de\/produkte\/chemie\/experimentiersatz-chemie-7-addestation-mga\/\">CHEMIE 7<\/a> ben\u00f6tigt.<\/p>\n\n\n\n<p><\/p>\n\n\n\n<h2 class=\"wp-block-heading\" id=\"digitalwaage\">Digitalwaage&nbsp;Precision&nbsp;500&nbsp;<\/h2>\n\n\n\n<div class=\"wp-block-advgb-columns advgb-columns-wrapper\" id=\"advgb-cols-c1100b2b-d8ed-445f-bc84-348349878659\"><div class=\"advgb-columns-container\"><div class=\"advgb-columns advgb-columns-row advgb-is-mobile advgb-columns-2 layout-45-15 mbl-layout-stacked gutter-30 vgutter-10\">\n<div class=\"wp-block-advgb-column advgb-column advgb-is-four-fifths-tablet advgb-is-full-mobile\" id=\"advgb-col-6a8ed146-b70f-49bd-9285-f5a103dc0476\"><div class=\"advgb-column-inner\" style=\"border-style:none;border-width:1px\">\n<p>Die&nbsp;Precision 500 erm\u00f6glicht mit ihrer elektronischen Sensor-Wiegetechnik das Abwiegen von Stoffmengen bis 500 g bei einer Genauigkeit von 0,1 g. Die Waage hat eine Tara-Funktion und schaltet nach 60 Sekunden automatisch ab. Eine AA-Batterie ist im Lieferumfang enthalten.&nbsp;<\/p>\n\n\n\n<ul class=\"wp-block-list\"><li>Abmessungen (geschlossen): 127x87x21 mm&nbsp;<\/li><li>Wiegeteller:&nbsp;63&#215;41 mm&nbsp;<\/li><\/ul>\n<\/div><\/div>\n\n\n\n<div class=\"wp-block-advgb-column advgb-column advgb-is-one-fifth-tablet advgb-is-full-mobile\" id=\"advgb-col-4de1bbd0-ddd5-4993-8174-61a771d5509b\"><div class=\"advgb-column-inner\" style=\"border-style:none;border-width:1px\">\n<figure class=\"wp-block-image size-large\"><img loading=\"lazy\" decoding=\"async\" width=\"220\" height=\"278\" src=\"https:\/\/mekruphy.com\/de\/wp-content\/uploads\/2020\/07\/Digitalwaage2.jpg\" alt=\"Digitalwaage\" class=\"wp-image-1573\"\/><\/figure>\n\n\n\n<p><\/p>\n<\/div><\/div>\n<\/div><\/div><\/div>\n\n\n\n<h2 class=\"wp-block-heading\" id=\"aufbewahrungslosung\">Aufbewahrungsl\u00f6sung<\/h2>\n\n\n\n<div class=\"wp-block-advgb-columns advgb-columns-wrapper\" id=\"advgb-cols-7b509142-8b58-4388-ad42-dfa99df3eaca\"><div class=\"advgb-columns-container\"><div class=\"advgb-columns advgb-columns-row advgb-is-mobile advgb-columns-2 layout-45-15 mbl-layout-stacked gutter-30 vgutter-10\">\n<div class=\"wp-block-advgb-column advgb-column advgb-is-four-fifths-tablet advgb-is-full-mobile\" id=\"advgb-col-647db52c-2102-42b9-add2-8c20a606a7d6\"><div class=\"advgb-column-inner\" style=\"border-style:none;border-width:1px\">\n<p>Der pH-Sensor wird mit einem Fl\u00e4schchen mit Aufbewahrungsl\u00f6sung f\u00fcr die Elektrode geliefert. Zum Nachf\u00fcllen wird eine Flasche mit 500 ml Aufbewahrungsl\u00f6sung angeboten.<\/p>\n<\/div><\/div>\n\n\n\n<div class=\"wp-block-advgb-column advgb-column advgb-is-one-fifth-tablet advgb-is-full-mobile\" id=\"advgb-col-5b6f58e7-ef6d-48d6-80c2-26e29d9a8c42\"><div class=\"advgb-column-inner\" style=\"border-style:none;border-width:1px\">\n<figure class=\"wp-block-image size-large\"><img loading=\"lazy\" decoding=\"async\" width=\"220\" height=\"342\" src=\"https:\/\/mekruphy.com\/de\/wp-content\/uploads\/2020\/07\/aufbewahrungsloesung.jpg\" alt=\"Aufbewahrungsl\u00f6sung\" class=\"wp-image-1577\" srcset=\"https:\/\/mekruphy.com\/de\/wp-content\/uploads\/2020\/07\/aufbewahrungsloesung.jpg 220w, https:\/\/mekruphy.com\/de\/wp-content\/uploads\/2020\/07\/aufbewahrungsloesung-193x300.jpg 193w\" sizes=\"auto, (max-width: 220px) 100vw, 220px\" \/><\/figure>\n\n\n\n<p><\/p>\n<\/div><\/div>\n<\/div><\/div><\/div>\n\n\n\n<p><\/p>\n<style class=\"advgb-styles-renderer\">#advgb-col-6e0b8072-87da-4075-95f5-9a50449a3aa3>.advgb-column-inner{}@media screen and (max-width: 1023px) {#advgb-col-6e0b8072-87da-4075-95f5-9a50449a3aa3>.advgb-column-inner{}}@media screen and (max-width: 767px) {#advgb-col-6e0b8072-87da-4075-95f5-9a50449a3aa3>.advgb-column-inner{}}#advgb-col-3f4d8ad1-a36c-4d53-a4aa-e9f0f34d0b8e>.advgb-column-inner{}@media screen and (max-width: 1023px) {#advgb-col-3f4d8ad1-a36c-4d53-a4aa-e9f0f34d0b8e>.advgb-column-inner{}}@media screen and (max-width: 767px) {#advgb-col-3f4d8ad1-a36c-4d53-a4aa-e9f0f34d0b8e>.advgb-column-inner{}}#advgb-cols-4489c336-778e-41d2-a5fc-f0ef8614cbec{}@media screen and (max-width: 1023px) {#advgb-cols-4489c336-778e-41d2-a5fc-f0ef8614cbec{}}@media screen and (max-width: 767px) {#advgb-cols-4489c336-778e-41d2-a5fc-f0ef8614cbec{}}#advgb-col-6e0b8072-87da-4075-95f5-9a50449a3aa3>.advgb-column-inner{}@media screen and (max-width: 1023px) {#advgb-col-6e0b8072-87da-4075-95f5-9a50449a3aa3>.advgb-column-inner{}}@media screen and (max-width: 767px) {#advgb-col-6e0b8072-87da-4075-95f5-9a50449a3aa3>.advgb-column-inner{}}#advgb-col-3f4d8ad1-a36c-4d53-a4aa-e9f0f34d0b8e>.advgb-column-inner{}@media screen and (max-width: 1023px) {#advgb-col-3f4d8ad1-a36c-4d53-a4aa-e9f0f34d0b8e>.advgb-column-inner{}}@media screen and (max-width: 767px) {#advgb-col-3f4d8ad1-a36c-4d53-a4aa-e9f0f34d0b8e>.advgb-column-inner{}}#advgb-col-f24f1240-52c3-47fe-af17-d7e4655eebe2>.advgb-column-inner{}@media screen and (max-width: 1023px) {#advgb-col-f24f1240-52c3-47fe-af17-d7e4655eebe2>.advgb-column-inner{}}@media screen and (max-width: 767px) {#advgb-col-f24f1240-52c3-47fe-af17-d7e4655eebe2>.advgb-column-inner{}}#advgb-col-611a037e-1025-47eb-9875-dbda20025f23>.advgb-column-inner{}@media screen and (max-width: 1023px) {#advgb-col-611a037e-1025-47eb-9875-dbda20025f23>.advgb-column-inner{}}@media screen and (max-width: 767px) {#advgb-col-611a037e-1025-47eb-9875-dbda20025f23>.advgb-column-inner{}}#advgb-cols-7faa9103-a885-4396-8e7b-601984fa89c2{}@media screen and (max-width: 1023px) {#advgb-cols-7faa9103-a885-4396-8e7b-601984fa89c2{}}@media screen and (max-width: 767px) {#advgb-cols-7faa9103-a885-4396-8e7b-601984fa89c2{}}#advgb-col-f24f1240-52c3-47fe-af17-d7e4655eebe2>.advgb-column-inner{}@media screen and (max-width: 1023px) {#advgb-col-f24f1240-52c3-47fe-af17-d7e4655eebe2>.advgb-column-inner{}}@media screen and (max-width: 767px) {#advgb-col-f24f1240-52c3-47fe-af17-d7e4655eebe2>.advgb-column-inner{}}#advgb-col-611a037e-1025-47eb-9875-dbda20025f23>.advgb-column-inner{}@media screen and (max-width: 1023px) {#advgb-col-611a037e-1025-47eb-9875-dbda20025f23>.advgb-column-inner{}}@media screen and (max-width: 767px) {#advgb-col-611a037e-1025-47eb-9875-dbda20025f23>.advgb-column-inner{}}#advgb-col-f8904311-8263-4bbb-936c-ba5c914857c5>.advgb-column-inner{}@media screen and (max-width: 1023px) {#advgb-col-f8904311-8263-4bbb-936c-ba5c914857c5>.advgb-column-inner{}}@media screen and (max-width: 767px) {#advgb-col-f8904311-8263-4bbb-936c-ba5c914857c5>.advgb-column-inner{}}#advgb-col-b032902b-5acc-49b8-8d11-4afa1ae2ecf5>.advgb-column-inner{}@media screen and (max-width: 1023px) {#advgb-col-b032902b-5acc-49b8-8d11-4afa1ae2ecf5>.advgb-column-inner{}}@media screen and (max-width: 767px) {#advgb-col-b032902b-5acc-49b8-8d11-4afa1ae2ecf5>.advgb-column-inner{}}#advgb-cols-bf51424a-ec2d-4b23-9f84-10f52aa0122d{}@media screen and (max-width: 1023px) {#advgb-cols-bf51424a-ec2d-4b23-9f84-10f52aa0122d{}}@media screen and (max-width: 767px) {#advgb-cols-bf51424a-ec2d-4b23-9f84-10f52aa0122d{}}#advgb-col-f8904311-8263-4bbb-936c-ba5c914857c5>.advgb-column-inner{}@media screen and (max-width: 1023px) {#advgb-col-f8904311-8263-4bbb-936c-ba5c914857c5>.advgb-column-inner{}}@media screen and (max-width: 767px) {#advgb-col-f8904311-8263-4bbb-936c-ba5c914857c5>.advgb-column-inner{}}#advgb-col-b032902b-5acc-49b8-8d11-4afa1ae2ecf5>.advgb-column-inner{}@media screen and (max-width: 1023px) {#advgb-col-b032902b-5acc-49b8-8d11-4afa1ae2ecf5>.advgb-column-inner{}}@media screen and (max-width: 767px) {#advgb-col-b032902b-5acc-49b8-8d11-4afa1ae2ecf5>.advgb-column-inner{}}#advgb-col-6a8ed146-b70f-49bd-9285-f5a103dc0476>.advgb-column-inner{}@media screen and (max-width: 1023px) {#advgb-col-6a8ed146-b70f-49bd-9285-f5a103dc0476>.advgb-column-inner{}}@media screen and (max-width: 767px) {#advgb-col-6a8ed146-b70f-49bd-9285-f5a103dc0476>.advgb-column-inner{}}#advgb-col-4de1bbd0-ddd5-4993-8174-61a771d5509b>.advgb-column-inner{}@media screen and (max-width: 1023px) {#advgb-col-4de1bbd0-ddd5-4993-8174-61a771d5509b>.advgb-column-inner{}}@media screen and (max-width: 767px) {#advgb-col-4de1bbd0-ddd5-4993-8174-61a771d5509b>.advgb-column-inner{}}#advgb-cols-c1100b2b-d8ed-445f-bc84-348349878659{}@media screen and (max-width: 1023px) {#advgb-cols-c1100b2b-d8ed-445f-bc84-348349878659{}}@media screen and (max-width: 767px) {#advgb-cols-c1100b2b-d8ed-445f-bc84-348349878659{}}#advgb-col-6a8ed146-b70f-49bd-9285-f5a103dc0476>.advgb-column-inner{}@media screen and (max-width: 1023px) {#advgb-col-6a8ed146-b70f-49bd-9285-f5a103dc0476>.advgb-column-inner{}}@media screen and (max-width: 767px) {#advgb-col-6a8ed146-b70f-49bd-9285-f5a103dc0476>.advgb-column-inner{}}#advgb-col-4de1bbd0-ddd5-4993-8174-61a771d5509b>.advgb-column-inner{}@media screen and (max-width: 1023px) {#advgb-col-4de1bbd0-ddd5-4993-8174-61a771d5509b>.advgb-column-inner{}}@media screen and (max-width: 767px) {#advgb-col-4de1bbd0-ddd5-4993-8174-61a771d5509b>.advgb-column-inner{}}#advgb-col-647db52c-2102-42b9-add2-8c20a606a7d6>.advgb-column-inner{}@media screen and (max-width: 1023px) {#advgb-col-647db52c-2102-42b9-add2-8c20a606a7d6>.advgb-column-inner{}}@media screen and (max-width: 767px) {#advgb-col-647db52c-2102-42b9-add2-8c20a606a7d6>.advgb-column-inner{}}#advgb-col-5b6f58e7-ef6d-48d6-80c2-26e29d9a8c42>.advgb-column-inner{}@media screen and (max-width: 1023px) {#advgb-col-5b6f58e7-ef6d-48d6-80c2-26e29d9a8c42>.advgb-column-inner{}}@media screen and (max-width: 767px) {#advgb-col-5b6f58e7-ef6d-48d6-80c2-26e29d9a8c42>.advgb-column-inner{}}#advgb-cols-7b509142-8b58-4388-ad42-dfa99df3eaca{}@media screen and (max-width: 1023px) {#advgb-cols-7b509142-8b58-4388-ad42-dfa99df3eaca{}}@media screen and (max-width: 767px) {#advgb-cols-7b509142-8b58-4388-ad42-dfa99df3eaca{}}#advgb-col-647db52c-2102-42b9-add2-8c20a606a7d6>.advgb-column-inner{}@media screen and (max-width: 1023px) {#advgb-col-647db52c-2102-42b9-add2-8c20a606a7d6>.advgb-column-inner{}}@media screen and (max-width: 767px) {#advgb-col-647db52c-2102-42b9-add2-8c20a606a7d6>.advgb-column-inner{}}#advgb-col-5b6f58e7-ef6d-48d6-80c2-26e29d9a8c42>.advgb-column-inner{}@media screen and (max-width: 1023px) {#advgb-col-5b6f58e7-ef6d-48d6-80c2-26e29d9a8c42>.advgb-column-inner{}}@media screen and (max-width: 767px) {#advgb-col-5b6f58e7-ef6d-48d6-80c2-26e29d9a8c42>.advgb-column-inner{}}<\/style>","protected":false},"excerpt":{"rendered":"","protected":false},"author":1,"featured_media":0,"parent":620,"menu_order":0,"comment_status":"closed","ping_status":"closed","template":"templates\/productcategory.php","meta":{"_acf_changed":false,"_coblocks_attr":"","_coblocks_dimensions":"","_coblocks_responsive_height":"","_coblocks_accordion_ie_support":"","_eb_attr":"","advgb_blocks_editor_width":"","advgb_blocks_columns_visual_guide":"","footnotes":""},"class_list":["post-1289","page","type-page","status-publish","hentry"],"acf":[],"yoast_head":"<!-- This site is optimized with the Yoast SEO plugin v27.3 - https:\/\/yoast.com\/product\/yoast-seo-wordpress\/ -->\n<title>ADDESTATION Zubeh\u00f6r - MEKRUPHY GmbH<\/title>\n<meta name=\"description\" content=\"Hier finden Sie das Zubeh\u00f6r, das f\u00fcr die Arbeit mit einigen der ADDESTATION Experimentierk\u00e4sten ben\u00f6tigt wird.\" \/>\n<meta name=\"robots\" content=\"index, follow, max-snippet:-1, max-image-preview:large, max-video-preview:-1\" \/>\n<link rel=\"canonical\" href=\"https:\/\/mekruphy.com\/de\/produkte\/addestation\/addestation-zubehoer\/\" \/>\n<meta property=\"og:locale\" content=\"de_DE\" \/>\n<meta property=\"og:type\" content=\"article\" \/>\n<meta property=\"og:title\" content=\"ADDESTATION Zubeh\u00f6r - MEKRUPHY GmbH\" \/>\n<meta property=\"og:description\" content=\"Hier finden Sie das Zubeh\u00f6r, das f\u00fcr die Arbeit mit einigen der ADDESTATION Experimentierk\u00e4sten ben\u00f6tigt wird.\" \/>\n<meta property=\"og:url\" content=\"https:\/\/mekruphy.com\/de\/produkte\/addestation\/addestation-zubehoer\/\" \/>\n<meta property=\"og:site_name\" content=\"MEKRUPHY GmbH\" \/>\n<meta property=\"article:modified_time\" content=\"2022-02-10T13:38:34+00:00\" \/>\n<meta name=\"twitter:card\" content=\"summary_large_image\" \/>\n<script type=\"application\/ld+json\" class=\"yoast-schema-graph\">{\"@context\":\"https:\\\/\\\/schema.org\",\"@graph\":[{\"@type\":\"WebPage\",\"@id\":\"https:\\\/\\\/mekruphy.com\\\/de\\\/produkte\\\/addestation\\\/addestation-zubehoer\\\/\",\"url\":\"https:\\\/\\\/mekruphy.com\\\/de\\\/produkte\\\/addestation\\\/addestation-zubehoer\\\/\",\"name\":\"ADDESTATION Zubeh\u00f6r - MEKRUPHY GmbH\",\"isPartOf\":{\"@id\":\"https:\\\/\\\/mekruphy.com\\\/de\\\/#website\"},\"datePublished\":\"2020-07-27T05:38:53+00:00\",\"dateModified\":\"2022-02-10T13:38:34+00:00\",\"description\":\"Hier finden Sie das Zubeh\u00f6r, das f\u00fcr die Arbeit mit einigen der ADDESTATION Experimentierk\u00e4sten ben\u00f6tigt wird.\",\"breadcrumb\":{\"@id\":\"https:\\\/\\\/mekruphy.com\\\/de\\\/produkte\\\/addestation\\\/addestation-zubehoer\\\/#breadcrumb\"},\"inLanguage\":\"de\",\"potentialAction\":[{\"@type\":\"ReadAction\",\"target\":[\"https:\\\/\\\/mekruphy.com\\\/de\\\/produkte\\\/addestation\\\/addestation-zubehoer\\\/\"]}]},{\"@type\":\"BreadcrumbList\",\"@id\":\"https:\\\/\\\/mekruphy.com\\\/de\\\/produkte\\\/addestation\\\/addestation-zubehoer\\\/#breadcrumb\",\"itemListElement\":[{\"@type\":\"ListItem\",\"position\":1,\"name\":\"Startseite\",\"item\":\"https:\\\/\\\/mekruphy.com\\\/de\\\/\"},{\"@type\":\"ListItem\",\"position\":2,\"name\":\"Produkte\",\"item\":\"https:\\\/\\\/mekruphy.com\\\/de\\\/produkte\\\/\"},{\"@type\":\"ListItem\",\"position\":3,\"name\":\"ADDESTATION\",\"item\":\"https:\\\/\\\/mekruphy.com\\\/de\\\/produkte\\\/addestation\\\/\"},{\"@type\":\"ListItem\",\"position\":4,\"name\":\"ADDESTATION Zubeh\u00f6r\"}]},{\"@type\":\"WebSite\",\"@id\":\"https:\\\/\\\/mekruphy.com\\\/de\\\/#website\",\"url\":\"https:\\\/\\\/mekruphy.com\\\/de\\\/\",\"name\":\"MEKRUPHY GmbH\",\"description\":\"Sch\u00fcler-Experimentierk\u00e4sten f\u00fcr den MINT-Unterricht\",\"potentialAction\":[{\"@type\":\"SearchAction\",\"target\":{\"@type\":\"EntryPoint\",\"urlTemplate\":\"https:\\\/\\\/mekruphy.com\\\/de\\\/?s={search_term_string}\"},\"query-input\":{\"@type\":\"PropertyValueSpecification\",\"valueRequired\":true,\"valueName\":\"search_term_string\"}}],\"inLanguage\":\"de\"}]}<\/script>\n<!-- \/ Yoast SEO plugin. -->","yoast_head_json":{"title":"ADDESTATION Zubeh\u00f6r - MEKRUPHY GmbH","description":"Hier finden Sie das Zubeh\u00f6r, das f\u00fcr die Arbeit mit einigen der ADDESTATION Experimentierk\u00e4sten ben\u00f6tigt wird.","robots":{"index":"index","follow":"follow","max-snippet":"max-snippet:-1","max-image-preview":"max-image-preview:large","max-video-preview":"max-video-preview:-1"},"canonical":"https:\/\/mekruphy.com\/de\/produkte\/addestation\/addestation-zubehoer\/","og_locale":"de_DE","og_type":"article","og_title":"ADDESTATION Zubeh\u00f6r - MEKRUPHY GmbH","og_description":"Hier finden Sie das Zubeh\u00f6r, das f\u00fcr die Arbeit mit einigen der ADDESTATION Experimentierk\u00e4sten ben\u00f6tigt wird.","og_url":"https:\/\/mekruphy.com\/de\/produkte\/addestation\/addestation-zubehoer\/","og_site_name":"MEKRUPHY GmbH","article_modified_time":"2022-02-10T13:38:34+00:00","twitter_card":"summary_large_image","schema":{"@context":"https:\/\/schema.org","@graph":[{"@type":"WebPage","@id":"https:\/\/mekruphy.com\/de\/produkte\/addestation\/addestation-zubehoer\/","url":"https:\/\/mekruphy.com\/de\/produkte\/addestation\/addestation-zubehoer\/","name":"ADDESTATION Zubeh\u00f6r - MEKRUPHY GmbH","isPartOf":{"@id":"https:\/\/mekruphy.com\/de\/#website"},"datePublished":"2020-07-27T05:38:53+00:00","dateModified":"2022-02-10T13:38:34+00:00","description":"Hier finden Sie das Zubeh\u00f6r, das f\u00fcr die Arbeit mit einigen der ADDESTATION Experimentierk\u00e4sten ben\u00f6tigt wird.","breadcrumb":{"@id":"https:\/\/mekruphy.com\/de\/produkte\/addestation\/addestation-zubehoer\/#breadcrumb"},"inLanguage":"de","potentialAction":[{"@type":"ReadAction","target":["https:\/\/mekruphy.com\/de\/produkte\/addestation\/addestation-zubehoer\/"]}]},{"@type":"BreadcrumbList","@id":"https:\/\/mekruphy.com\/de\/produkte\/addestation\/addestation-zubehoer\/#breadcrumb","itemListElement":[{"@type":"ListItem","position":1,"name":"Startseite","item":"https:\/\/mekruphy.com\/de\/"},{"@type":"ListItem","position":2,"name":"Produkte","item":"https:\/\/mekruphy.com\/de\/produkte\/"},{"@type":"ListItem","position":3,"name":"ADDESTATION","item":"https:\/\/mekruphy.com\/de\/produkte\/addestation\/"},{"@type":"ListItem","position":4,"name":"ADDESTATION Zubeh\u00f6r"}]},{"@type":"WebSite","@id":"https:\/\/mekruphy.com\/de\/#website","url":"https:\/\/mekruphy.com\/de\/","name":"MEKRUPHY GmbH","description":"Sch\u00fcler-Experimentierk\u00e4sten f\u00fcr den MINT-Unterricht","potentialAction":[{"@type":"SearchAction","target":{"@type":"EntryPoint","urlTemplate":"https:\/\/mekruphy.com\/de\/?s={search_term_string}"},"query-input":{"@type":"PropertyValueSpecification","valueRequired":true,"valueName":"search_term_string"}}],"inLanguage":"de"}]}},"coauthors":[],"author_meta":{"author_link":"https:\/\/mekruphy.com\/de\/author\/mwbsca\/","display_name":"mwbscA"},"relative_dates":{"created":"Ver\u00f6ffentlicht 6\u00a0Jahren vor","modified":"Aktualisiert 4\u00a0Jahren vor"},"absolute_dates":{"created":"Ver\u00f6ffentlicht am 27. Juli 2020","modified":"Aktualisiert am 10. Februar 2022"},"absolute_dates_time":{"created":"Ver\u00f6ffentlicht am 27. Juli 2020 7:38","modified":"Aktualisiert am 10. Februar 2022 14:38"},"featured_img_caption":"","featured_img":false,"series_order":"","_links":{"self":[{"href":"https:\/\/mekruphy.com\/de\/wp-json\/wp\/v2\/pages\/1289","targetHints":{"allow":["GET"]}}],"collection":[{"href":"https:\/\/mekruphy.com\/de\/wp-json\/wp\/v2\/pages"}],"about":[{"href":"https:\/\/mekruphy.com\/de\/wp-json\/wp\/v2\/types\/page"}],"author":[{"embeddable":true,"href":"https:\/\/mekruphy.com\/de\/wp-json\/wp\/v2\/users\/1"}],"replies":[{"embeddable":true,"href":"https:\/\/mekruphy.com\/de\/wp-json\/wp\/v2\/comments?post=1289"}],"version-history":[{"count":7,"href":"https:\/\/mekruphy.com\/de\/wp-json\/wp\/v2\/pages\/1289\/revisions"}],"predecessor-version":[{"id":6030,"href":"https:\/\/mekruphy.com\/de\/wp-json\/wp\/v2\/pages\/1289\/revisions\/6030"}],"up":[{"embeddable":true,"href":"https:\/\/mekruphy.com\/de\/wp-json\/wp\/v2\/pages\/620"}],"wp:attachment":[{"href":"https:\/\/mekruphy.com\/de\/wp-json\/wp\/v2\/media?parent=1289"}],"curies":[{"name":"wp","href":"https:\/\/api.w.org\/{rel}","templated":true}]}}