{"id":1298,"date":"2020-07-27T08:54:43","date_gmt":"2020-07-27T06:54:43","guid":{"rendered":"https:\/\/mekruphy.com\/de\/?page_id=1298"},"modified":"2023-06-07T14:59:52","modified_gmt":"2023-06-07T12:59:52","slug":"natur-und-technik-arbeitshefte","status":"publish","type":"page","link":"https:\/\/mekruphy.com\/de\/produkte\/natur-und-technik-5-6\/natur-und-technik-arbeitshefte\/","title":{"rendered":"NATUR UND TECHNIK Arbeitshefte"},"content":{"rendered":"<div class=\"yoast-breadcrumbs breadcrumbs\"><span><span><a href=\"https:\/\/mekruphy.com\/de\/\">Startseite<\/a><\/span> \u00bb <span><a href=\"https:\/\/mekruphy.com\/de\/produkte\/\">Produkte<\/a><\/span> \u00bb <span><a href=\"https:\/\/mekruphy.com\/de\/produkte\/natur-und-technik-5-6\/\">Natur und Technik 5-6<\/a><\/span> \u00bb <span class=\"breadcrumb_last\" aria-current=\"page\">NATUR UND TECHNIK Arbeitshefte<\/span><\/span><\/div>\n\n\n<h2 class=\"wp-block-heading advgb-dyn-822d0674\" id=\"h-lehr-und-lernmaterialien\">Lehr- und Lernmaterialien<\/h2>\n\n\n\n<p>Alle\u00a0MEKRUPHY-Sch\u00fcler- und Lehrerhefte werden von erfahrenen P\u00e4dagogen verfasst, \u00fcber viele Jahre an zahlreichen Schulen erprobt und immer wieder verbessert. Mit diesen Anleitungen k\u00f6nnen die Sch\u00fclergruppen v\u00f6llig selbstst\u00e4ndig arbeiten und so die Lehrkraft effektiv entlasten. Dies ist vor allem auch f\u00fcr fachfremd unterrichtende Lehrkr\u00e4fte eine enorme Hilfe.\u00a0<\/p>\n\n\n\n<div style=\"height:16px\" aria-hidden=\"true\" class=\"wp-block-spacer\"><\/div>\n\n\n\n<p>F\u00fcr den bilingualen Unterricht gibt es die Sch\u00fcler- und Lehrerhefte auch in Englisch.<\/p>\n\n\n\n<div style=\"height:16px\" aria-hidden=\"true\" class=\"wp-block-spacer\"><\/div>\n\n\n\n<p>Unsere Sch\u00fclerhefte k\u00f6nnen auch als Downloadlizenz erworben werden. Falls die Bestellung durch die Verwaltung oder Schulleitung aufgegeben wird, muss unbedingt die Dienst-E-Mail-Adresse der Fachlehrkraft angegeben werden, die auf den Download zugreifen soll.<\/p>\n\n\n\n<div style=\"height:16px\" aria-hidden=\"true\" class=\"wp-block-spacer\"><\/div>\n\n\n\n<p>Alle Hefte k\u00f6nnen Sie direkt online \u00fcber unseren <a href=\"https:\/\/shop.mekruphy.com\/artikeluebersicht\/all-subjects.aspx\" target=\"_blank\" rel=\"noreferrer noopener\">We<\/a><a href=\"https:\/\/shop.mekruphy.com\/artikeluebersicht\/nut-manuals.aspx\" target=\"_blank\" rel=\"noreferrer noopener\">b<\/a><a href=\"https:\/\/shop.mekruphy.com\/artikeluebersicht\/all-subjects.aspx\" target=\"_blank\" rel=\"noreferrer noopener\">shop<\/a> bestellen.<\/p>\n\n\n\n<h3 class=\"wp-block-heading advgb-dyn-90b622d1\" id=\"h-schulerhefte\">Sch\u00fclerhefte\u00a0\u00a0<\/h3>\n\n\n\n<p>Im Idealfall suchen die Sch\u00fclerinnen und Sch\u00fcler die experimentellen L\u00f6sungen unter Aufsicht der Lehrkraft ohne fremde Anleitung. Dies ist jedoch schon aus Zeitgr\u00fcnden nicht immer m\u00f6glich. In solchen F\u00e4llen stellen die sorgf\u00e4ltig ausgearbeiteten Experimentieranleitungen der\u00a0MEKRUPHY-Sch\u00fclerhefte eine wertvolle Hilfe dar.\u00a0<\/p>\n\n\n\n<div style=\"height:16px\" aria-hidden=\"true\" class=\"wp-block-spacer\"><\/div>\n\n\n\n<p>Die Experimente sind so angeordnet, dass die Sch\u00fclerinnen und Sch\u00fcler mit fortschreitendem Experimentieren immer mehr Eigeninitiative und Kreativit\u00e4t einbringen k\u00f6nnen. Auf diese Weise wird nicht nur die experimentelle Fertigkeit, sondern auch der sichere Umgang mit den naturwissenschaftlichen Gesetzen und Methoden Schritt f\u00fcr Schritt gef\u00f6rdert.\u00a0<\/p>\n\n\n\n<div style=\"height:16px\" aria-hidden=\"true\" class=\"wp-block-spacer\"><\/div>\n\n\n\n<p>Die\u00a0Texte\u00a0sind\u00a0\u00a0<\/p>\n\n\n\n<ul class=\"wp-block-list\">\n<li>leicht verst\u00e4ndlich&nbsp;<\/li>\n\n\n\n<li>klar gegliedert&nbsp;<\/li>\n\n\n\n<li>\u00fcbersichtlich dargestellt und&nbsp;&nbsp;<\/li>\n\n\n\n<li>methodisch geschickt aufgebaut&nbsp;<\/li>\n<\/ul>\n\n\n\n<div style=\"height:16px\" aria-hidden=\"true\" class=\"wp-block-spacer\"><\/div>\n\n\n\n<p>Beim Kauf einer Klassenausr\u00fcstung eines <a href=\"https:\/\/shop.mekruphy.com\/artikeluebersicht\/nut.aspx\" target=\"_blank\" rel=\"noreferrer noopener\">NuT-Experimentiersatzes<\/a> wird ein Exemplar des zugeh\u00f6rigen Sch\u00fclerhefts kostenlos mitgeliefert. Es ist als Kopiervorlage f\u00fcr den Gebrauch innerhalb der Schule freigegeben. Zweckm\u00e4\u00dfiger und bequemer ist es allerdings, wenn sich die Sch\u00fclerinnen und Sch\u00fcler die Sch\u00fclerhefte selbst k\u00e4uflich erwerben, um ihre Eintr\u00e4ge dort direkt vorzunehmen.\u00a0<\/p>\n\n\n\n<p><\/p>\n\n\n\n<h2 class=\"wp-block-heading advgb-dyn-4dfc43c1\" id=\"h-lehrerhefte\">Lehrerhefte&nbsp;<\/h2>\n\n\n\n<p>Zu den Sch\u00fclerheften gibt es begleitende Lehrerhefte in Printform. Sie enthalten zu jedem Experiment Hintergrundinformationen, praktische Hinweise zur Durchf\u00fchrung, Antworten und L\u00f6sungen f\u00fcr die im Arbeitsheft gestellten Fragen und Aufgaben sowie die zu erwartenden Messergebnisse.<\/p>\n","protected":false},"excerpt":{"rendered":"<p>Lehr- und Lernmaterialien Alle\u00a0MEKRUPHY-Sch\u00fcler- und Lehrerhefte werden von erfahrenen P\u00e4dagogen verfasst, \u00fcber viele Jahre an zahlreichen Schulen erprobt und immer wieder verbessert. Mit diesen Anleitungen k\u00f6nnen die Sch\u00fclergruppen v\u00f6llig selbstst\u00e4ndig arbeiten und so die Lehrkraft effektiv entlasten. Dies ist vor allem auch f\u00fcr fachfremd unterrichtende Lehrkr\u00e4fte eine enorme Hilfe.\u00a0 F\u00fcr den bilingualen Unterricht gibt es [&hellip;]<\/p>\n","protected":false},"author":1,"featured_media":5405,"parent":637,"menu_order":0,"comment_status":"closed","ping_status":"closed","template":"templates\/productcategory.php","meta":{"_acf_changed":false,"_coblocks_attr":"","_coblocks_dimensions":"","_coblocks_responsive_height":"","_coblocks_accordion_ie_support":"","_eb_attr":"","advgb_blocks_editor_width":"","advgb_blocks_columns_visual_guide":"","footnotes":""},"class_list":["post-1298","page","type-page","status-publish","has-post-thumbnail","hentry"],"acf":[],"yoast_head":"<!-- This site is optimized with the Yoast SEO plugin v27.3 - https:\/\/yoast.com\/product\/yoast-seo-wordpress\/ -->\n<title>NATUR UND TECHNIK Arbeitshefte - MEKRUPHY GmbH<\/title>\n<meta name=\"description\" content=\"Mit MEKRUPHY-Arbeitsheften k\u00f6nnen die Sch\u00fclergruppen im Unterricht v\u00f6llig selbstst\u00e4ndig arbeiten und so die Lehrkraft effektiv entlasten.\" \/>\n<meta name=\"robots\" content=\"index, follow, max-snippet:-1, max-image-preview:large, max-video-preview:-1\" \/>\n<link rel=\"canonical\" href=\"https:\/\/mekruphy.com\/de\/produkte\/natur-und-technik-5-6\/natur-und-technik-arbeitshefte\/\" \/>\n<meta property=\"og:locale\" content=\"de_DE\" \/>\n<meta property=\"og:type\" content=\"article\" \/>\n<meta property=\"og:title\" content=\"NATUR UND TECHNIK Arbeitshefte - MEKRUPHY GmbH\" \/>\n<meta property=\"og:description\" content=\"Mit MEKRUPHY-Arbeitsheften k\u00f6nnen die Sch\u00fclergruppen im Unterricht v\u00f6llig selbstst\u00e4ndig arbeiten und so die Lehrkraft effektiv entlasten.\" \/>\n<meta property=\"og:url\" content=\"https:\/\/mekruphy.com\/de\/produkte\/natur-und-technik-5-6\/natur-und-technik-arbeitshefte\/\" \/>\n<meta property=\"og:site_name\" content=\"MEKRUPHY GmbH\" \/>\n<meta property=\"article:modified_time\" content=\"2023-06-07T12:59:52+00:00\" \/>\n<meta property=\"og:image\" content=\"https:\/\/mekruphy.com\/de\/wp-content\/uploads\/2022\/02\/NuT.png\" \/>\n\t<meta property=\"og:image:width\" content=\"1600\" \/>\n\t<meta property=\"og:image:height\" content=\"1000\" \/>\n\t<meta property=\"og:image:type\" content=\"image\/png\" \/>\n<meta name=\"twitter:card\" content=\"summary_large_image\" \/>\n<meta name=\"twitter:label1\" content=\"Gesch\u00e4tzte Lesezeit\" \/>\n\t<meta name=\"twitter:data1\" content=\"2\u00a0Minuten\" \/>\n<script type=\"application\/ld+json\" class=\"yoast-schema-graph\">{\"@context\":\"https:\\\/\\\/schema.org\",\"@graph\":[{\"@type\":\"WebPage\",\"@id\":\"https:\\\/\\\/mekruphy.com\\\/de\\\/produkte\\\/natur-und-technik-5-6\\\/natur-und-technik-arbeitshefte\\\/\",\"url\":\"https:\\\/\\\/mekruphy.com\\\/de\\\/produkte\\\/natur-und-technik-5-6\\\/natur-und-technik-arbeitshefte\\\/\",\"name\":\"NATUR UND TECHNIK Arbeitshefte - MEKRUPHY GmbH\",\"isPartOf\":{\"@id\":\"https:\\\/\\\/mekruphy.com\\\/de\\\/#website\"},\"primaryImageOfPage\":{\"@id\":\"https:\\\/\\\/mekruphy.com\\\/de\\\/produkte\\\/natur-und-technik-5-6\\\/natur-und-technik-arbeitshefte\\\/#primaryimage\"},\"image\":{\"@id\":\"https:\\\/\\\/mekruphy.com\\\/de\\\/produkte\\\/natur-und-technik-5-6\\\/natur-und-technik-arbeitshefte\\\/#primaryimage\"},\"thumbnailUrl\":\"https:\\\/\\\/mekruphy.com\\\/de\\\/wp-content\\\/uploads\\\/2022\\\/02\\\/NuT.png\",\"datePublished\":\"2020-07-27T06:54:43+00:00\",\"dateModified\":\"2023-06-07T12:59:52+00:00\",\"description\":\"Mit MEKRUPHY-Arbeitsheften k\u00f6nnen die Sch\u00fclergruppen im Unterricht v\u00f6llig selbstst\u00e4ndig arbeiten und so die Lehrkraft effektiv entlasten.\",\"breadcrumb\":{\"@id\":\"https:\\\/\\\/mekruphy.com\\\/de\\\/produkte\\\/natur-und-technik-5-6\\\/natur-und-technik-arbeitshefte\\\/#breadcrumb\"},\"inLanguage\":\"de\",\"potentialAction\":[{\"@type\":\"ReadAction\",\"target\":[\"https:\\\/\\\/mekruphy.com\\\/de\\\/produkte\\\/natur-und-technik-5-6\\\/natur-und-technik-arbeitshefte\\\/\"]}]},{\"@type\":\"ImageObject\",\"inLanguage\":\"de\",\"@id\":\"https:\\\/\\\/mekruphy.com\\\/de\\\/produkte\\\/natur-und-technik-5-6\\\/natur-und-technik-arbeitshefte\\\/#primaryimage\",\"url\":\"https:\\\/\\\/mekruphy.com\\\/de\\\/wp-content\\\/uploads\\\/2022\\\/02\\\/NuT.png\",\"contentUrl\":\"https:\\\/\\\/mekruphy.com\\\/de\\\/wp-content\\\/uploads\\\/2022\\\/02\\\/NuT.png\",\"width\":1600,\"height\":1000,\"caption\":\"Natur und Technik Heft\"},{\"@type\":\"BreadcrumbList\",\"@id\":\"https:\\\/\\\/mekruphy.com\\\/de\\\/produkte\\\/natur-und-technik-5-6\\\/natur-und-technik-arbeitshefte\\\/#breadcrumb\",\"itemListElement\":[{\"@type\":\"ListItem\",\"position\":1,\"name\":\"Startseite\",\"item\":\"https:\\\/\\\/mekruphy.com\\\/de\\\/\"},{\"@type\":\"ListItem\",\"position\":2,\"name\":\"Produkte\",\"item\":\"https:\\\/\\\/mekruphy.com\\\/de\\\/produkte\\\/\"},{\"@type\":\"ListItem\",\"position\":3,\"name\":\"Natur und Technik 5-6\",\"item\":\"https:\\\/\\\/mekruphy.com\\\/de\\\/produkte\\\/natur-und-technik-5-6\\\/\"},{\"@type\":\"ListItem\",\"position\":4,\"name\":\"NATUR UND TECHNIK Arbeitshefte\"}]},{\"@type\":\"WebSite\",\"@id\":\"https:\\\/\\\/mekruphy.com\\\/de\\\/#website\",\"url\":\"https:\\\/\\\/mekruphy.com\\\/de\\\/\",\"name\":\"MEKRUPHY GmbH\",\"description\":\"Sch\u00fcler-Experimentierk\u00e4sten f\u00fcr den MINT-Unterricht\",\"potentialAction\":[{\"@type\":\"SearchAction\",\"target\":{\"@type\":\"EntryPoint\",\"urlTemplate\":\"https:\\\/\\\/mekruphy.com\\\/de\\\/?s={search_term_string}\"},\"query-input\":{\"@type\":\"PropertyValueSpecification\",\"valueRequired\":true,\"valueName\":\"search_term_string\"}}],\"inLanguage\":\"de\"}]}<\/script>\n<!-- \/ Yoast SEO plugin. -->","yoast_head_json":{"title":"NATUR UND TECHNIK Arbeitshefte - MEKRUPHY GmbH","description":"Mit MEKRUPHY-Arbeitsheften k\u00f6nnen die Sch\u00fclergruppen im Unterricht v\u00f6llig selbstst\u00e4ndig arbeiten und so die Lehrkraft effektiv entlasten.","robots":{"index":"index","follow":"follow","max-snippet":"max-snippet:-1","max-image-preview":"max-image-preview:large","max-video-preview":"max-video-preview:-1"},"canonical":"https:\/\/mekruphy.com\/de\/produkte\/natur-und-technik-5-6\/natur-und-technik-arbeitshefte\/","og_locale":"de_DE","og_type":"article","og_title":"NATUR UND TECHNIK Arbeitshefte - MEKRUPHY GmbH","og_description":"Mit MEKRUPHY-Arbeitsheften k\u00f6nnen die Sch\u00fclergruppen im Unterricht v\u00f6llig selbstst\u00e4ndig arbeiten und so die Lehrkraft effektiv entlasten.","og_url":"https:\/\/mekruphy.com\/de\/produkte\/natur-und-technik-5-6\/natur-und-technik-arbeitshefte\/","og_site_name":"MEKRUPHY GmbH","article_modified_time":"2023-06-07T12:59:52+00:00","og_image":[{"width":1600,"height":1000,"url":"https:\/\/mekruphy.com\/de\/wp-content\/uploads\/2022\/02\/NuT.png","type":"image\/png"}],"twitter_card":"summary_large_image","twitter_misc":{"Gesch\u00e4tzte Lesezeit":"2\u00a0Minuten"},"schema":{"@context":"https:\/\/schema.org","@graph":[{"@type":"WebPage","@id":"https:\/\/mekruphy.com\/de\/produkte\/natur-und-technik-5-6\/natur-und-technik-arbeitshefte\/","url":"https:\/\/mekruphy.com\/de\/produkte\/natur-und-technik-5-6\/natur-und-technik-arbeitshefte\/","name":"NATUR UND TECHNIK Arbeitshefte - MEKRUPHY GmbH","isPartOf":{"@id":"https:\/\/mekruphy.com\/de\/#website"},"primaryImageOfPage":{"@id":"https:\/\/mekruphy.com\/de\/produkte\/natur-und-technik-5-6\/natur-und-technik-arbeitshefte\/#primaryimage"},"image":{"@id":"https:\/\/mekruphy.com\/de\/produkte\/natur-und-technik-5-6\/natur-und-technik-arbeitshefte\/#primaryimage"},"thumbnailUrl":"https:\/\/mekruphy.com\/de\/wp-content\/uploads\/2022\/02\/NuT.png","datePublished":"2020-07-27T06:54:43+00:00","dateModified":"2023-06-07T12:59:52+00:00","description":"Mit MEKRUPHY-Arbeitsheften k\u00f6nnen die Sch\u00fclergruppen im Unterricht v\u00f6llig selbstst\u00e4ndig arbeiten und so die Lehrkraft effektiv entlasten.","breadcrumb":{"@id":"https:\/\/mekruphy.com\/de\/produkte\/natur-und-technik-5-6\/natur-und-technik-arbeitshefte\/#breadcrumb"},"inLanguage":"de","potentialAction":[{"@type":"ReadAction","target":["https:\/\/mekruphy.com\/de\/produkte\/natur-und-technik-5-6\/natur-und-technik-arbeitshefte\/"]}]},{"@type":"ImageObject","inLanguage":"de","@id":"https:\/\/mekruphy.com\/de\/produkte\/natur-und-technik-5-6\/natur-und-technik-arbeitshefte\/#primaryimage","url":"https:\/\/mekruphy.com\/de\/wp-content\/uploads\/2022\/02\/NuT.png","contentUrl":"https:\/\/mekruphy.com\/de\/wp-content\/uploads\/2022\/02\/NuT.png","width":1600,"height":1000,"caption":"Natur und Technik Heft"},{"@type":"BreadcrumbList","@id":"https:\/\/mekruphy.com\/de\/produkte\/natur-und-technik-5-6\/natur-und-technik-arbeitshefte\/#breadcrumb","itemListElement":[{"@type":"ListItem","position":1,"name":"Startseite","item":"https:\/\/mekruphy.com\/de\/"},{"@type":"ListItem","position":2,"name":"Produkte","item":"https:\/\/mekruphy.com\/de\/produkte\/"},{"@type":"ListItem","position":3,"name":"Natur und Technik 5-6","item":"https:\/\/mekruphy.com\/de\/produkte\/natur-und-technik-5-6\/"},{"@type":"ListItem","position":4,"name":"NATUR UND TECHNIK Arbeitshefte"}]},{"@type":"WebSite","@id":"https:\/\/mekruphy.com\/de\/#website","url":"https:\/\/mekruphy.com\/de\/","name":"MEKRUPHY GmbH","description":"Sch\u00fcler-Experimentierk\u00e4sten f\u00fcr den MINT-Unterricht","potentialAction":[{"@type":"SearchAction","target":{"@type":"EntryPoint","urlTemplate":"https:\/\/mekruphy.com\/de\/?s={search_term_string}"},"query-input":{"@type":"PropertyValueSpecification","valueRequired":true,"valueName":"search_term_string"}}],"inLanguage":"de"}]}},"coauthors":[],"author_meta":{"author_link":"https:\/\/mekruphy.com\/de\/author\/mwbsca\/","display_name":"mwbscA"},"relative_dates":{"created":"Ver\u00f6ffentlicht 6\u00a0Jahren vor","modified":"Aktualisiert 3\u00a0Jahren vor"},"absolute_dates":{"created":"Ver\u00f6ffentlicht am 27. Juli 2020","modified":"Aktualisiert am 7. Juni 2023"},"absolute_dates_time":{"created":"Ver\u00f6ffentlicht am 27. Juli 2020 8:54","modified":"Aktualisiert am 7. Juni 2023 14:59"},"featured_img_caption":"","featured_img":"https:\/\/mekruphy.com\/de\/wp-content\/uploads\/2022\/02\/NuT.png","series_order":"","_links":{"self":[{"href":"https:\/\/mekruphy.com\/de\/wp-json\/wp\/v2\/pages\/1298","targetHints":{"allow":["GET"]}}],"collection":[{"href":"https:\/\/mekruphy.com\/de\/wp-json\/wp\/v2\/pages"}],"about":[{"href":"https:\/\/mekruphy.com\/de\/wp-json\/wp\/v2\/types\/page"}],"author":[{"embeddable":true,"href":"https:\/\/mekruphy.com\/de\/wp-json\/wp\/v2\/users\/1"}],"replies":[{"embeddable":true,"href":"https:\/\/mekruphy.com\/de\/wp-json\/wp\/v2\/comments?post=1298"}],"version-history":[{"count":17,"href":"https:\/\/mekruphy.com\/de\/wp-json\/wp\/v2\/pages\/1298\/revisions"}],"predecessor-version":[{"id":7429,"href":"https:\/\/mekruphy.com\/de\/wp-json\/wp\/v2\/pages\/1298\/revisions\/7429"}],"up":[{"embeddable":true,"href":"https:\/\/mekruphy.com\/de\/wp-json\/wp\/v2\/pages\/637"}],"wp:featuredmedia":[{"embeddable":true,"href":"https:\/\/mekruphy.com\/de\/wp-json\/wp\/v2\/media\/5405"}],"wp:attachment":[{"href":"https:\/\/mekruphy.com\/de\/wp-json\/wp\/v2\/media?parent=1298"}],"curies":[{"name":"wp","href":"https:\/\/api.w.org\/{rel}","templated":true}]}}