{"id":1307,"date":"2020-07-27T09:14:03","date_gmt":"2020-07-27T07:14:03","guid":{"rendered":"https:\/\/mekruphy.com\/de\/?page_id=1307"},"modified":"2022-02-04T16:21:47","modified_gmt":"2022-02-04T15:21:47","slug":"experimentiersatz-natur-und-technik-waerme-1","status":"publish","type":"page","link":"https:\/\/mekruphy.com\/de\/produkte\/natur-und-technik-5-6\/experimentiersatz-natur-und-technik-waerme-1\/","title":{"rendered":"Experimentiersatz NATUR UND TECHNIK W\u00e4rme 1"},"content":{"rendered":"<div class=\"yoast-breadcrumbs breadcrumbs-indented\"><span><span><a href=\"https:\/\/mekruphy.com\/de\/\">Startseite<\/a><\/span> \u00bb <span><a href=\"https:\/\/mekruphy.com\/de\/produkte\/\">Produkte<\/a><\/span> \u00bb <span><a href=\"https:\/\/mekruphy.com\/de\/produkte\/natur-und-technik-5-6\/\">Natur und Technik 5-6<\/a><\/span> \u00bb <span class=\"breadcrumb_last\" aria-current=\"page\">Experimentiersatz NATUR UND TECHNIK W\u00e4rme 1<\/span><\/span><\/div>\n\n\n<div class=\"wp-block-advgb-adv-tabs advgb-tabs-wrapper advgb-tab-horz-desktop advgb-tab-vert-tablet advgb-tab-stack-mobile advgb-tabs-2cfb4630-14f5-4365-9dda-1e62bd8dc00e\" data-tab-active=\"0\"><ul class=\"advgb-tabs-panel\"><li class=\"advgb-tab\" style=\"background-color:#e0e0e0;border-style:solid;border-width:1px;border-radius:10px\"><a href=\"#advgb-tabs-tab0\" style=\"color:#fff\"><span>Beschreibung<\/span><\/a><\/li><li class=\"advgb-tab\" style=\"background-color:#e0e0e0;border-style:solid;border-width:1px;border-radius:10px\"><a href=\"#advgb-tabs-tab1\" style=\"color:#fff\"><span>Lieferumfang<\/span><\/a><\/li><li class=\"advgb-tab\" style=\"background-color:#e0e0e0;border-style:solid;border-width:1px;border-radius:10px\"><a href=\"#advgb-tabs-tab2\" style=\"color:#fff\"><span>Experimente<\/span><\/a><\/li><li class=\"advgb-tab\" style=\"background-color:#e0e0e0;border-style:solid;border-width:1px;border-radius:10px\"><a href=\"#advgb-tabs-tab3\" style=\"color:#fff\"><span>Bilder<\/span><\/a><\/li><\/ul><div class=\"advgb-tab-body-wrapper\" style=\"border-style:solid;border-width:1px;border-radius:10px\">\n<div class=\"wp-block-advgb-tab advgb-tab-body-container\"><div class=\"advgb-tab-body-header\">Beschreibung<\/div><div class=\"advgb-tab-_3cdf82-1c advgb-tab-body\" aria-labelledby=\"advgb-tabs-tab0\">\n<h2 class=\"wp-block-heading\">Einf\u00fchrung in die W\u00e4rmelehre und in die Welt des Messens<\/h2>\n\n\n\n<p>Der Experimentiersatz W\u00c4RME 1 ist besonders f\u00fcr den Anfangsunterricht geeignet, weil er nur Themen behandelt, bei denen mathematische Zusammenh\u00e4nge in den Hintergrund treten.<\/p>\n\n\n\n<p> &nbsp;<\/p>\n\n\n\n<p>In einfachen und spannenden Experimenten lernen die Sch\u00fclerinnen und Sch\u00fcller<\/p>\n\n\n\n<ul class=\"wp-block-list\"><li>gute und schlechte W\u00e4rmeleiter kennen<\/li><li>den Vorteil von Kleidung aus Wolle<\/li><li>auf welche Arten W\u00e4rme transportiert wird<\/li><li>warum wei\u00dfe und schwarze K\u00f6rper ein unterschiedliches W\u00e4rmeverhalten haben<\/li><li>warum die W\u00e4rmed\u00e4mmung von Geb\u00e4uden n\u00f6tig ist<\/li><\/ul>\n\n\n\n<p>Beeindruckt von der Unzuverl\u00e4ssigkeit des menschlichen W\u00e4rmeempfindens machen sich die Sch\u00fclerinnen und Sch\u00fcler mit dem Kasten W\u00c4RME 1 auf die experimentelle Suche nach einem zweckm\u00e4\u00dfigen Ger\u00e4t und einer geeigneten Einheit f\u00fcr die Temperaturmessung.<\/p>\n\n\n\n<h2 class=\"wp-block-heading\">Sicherheit<\/h2>\n\n\n\n<p>Als W\u00e4rmequellen dienen f\u00fcr den Experimentiersatz W\u00c4RME 1 hei\u00dfes Leitungswasser und das Teelicht. Beim Experimentieren mit dem Teelicht wird eine feuerfeste Unterlage verwendet, die im Lieferumfang enthalten ist. So sind Sch\u00fclerexperimente zur W\u00e4rme weitgehend gefahrlos m\u00f6glich.<\/p>\n\n\n\n<p><\/p>\n\n\n\n<h3 class=\"wp-block-heading\" id=\"h-begleitmaterialien\">Begleitmaterialien<\/h3>\n\n\n\n<p>Passend zum Experimentiersatz W\u00c4RME 1 sind auch ein <a href=\"https:\/\/mekruphy.com\/de\/produkte\/natur-und-technik-5-6\/natur-und-technik-arbeitshefte\/\">Sch\u00fclerheft<\/a> und ein <a href=\"https:\/\/mekruphy.com\/de\/produkte\/natur-und-technik-5-6\/natur-und-technik-arbeitshefte\/\">Lehrerheft<\/a> mit didaktischen Anweisungen und L\u00f6sungen in analoger Form erh\u00e4ltlich. Das Sch\u00fclerheft ist auch in digitaler Form erwerbbar.<\/p>\n<\/div><\/div>\n\n\n\n<div class=\"wp-block-advgb-tab advgb-tab-body-container\"><div class=\"advgb-tab-body-header\">Lieferumfang<\/div><div class=\"advgb-tab-_a1505c-0d advgb-tab-body\" aria-labelledby=\"advgb-tabs-tab1\">\n<figure class=\"wp-block-table table-product-contents\"><table><tbody><tr><td>01.01.10<\/td><td>Aufbewahrungskasten<\/td><\/tr><tr><td>44.02.00<\/td><td>Ger\u00e4tegeformter Einsatz W1<\/td><\/tr><tr><td>11.03.00<\/td><td>Digitalthermometer EN (-40\u00b0\/+70\u00b0C) (2 St\u00fcck)<\/td><\/tr><tr><td>01.04.00<\/td><td>Kunststoffbecher 250 ml<\/td><\/tr><tr><td>43.06.00<\/td><td>Kunststoffbecher 100 ml (2 St\u00fcck)<\/td><\/tr><tr><td>43.07.00<\/td><td>Vierkantmuffe P3<\/td><\/tr><tr><td>44.08.10<\/td><td>Lagerblock<\/td><\/tr><tr><td>44.08.20<\/td><td>Auflagerblock<\/td><\/tr><tr><td>44.08.30<\/td><td>Aluminiumstab lang<\/td><\/tr><tr><td>44.08.40<\/td><td>Zeiger<\/td><\/tr><tr><td>44.09.00<\/td><td>Bimetallstreifen<\/td><\/tr><tr><td>44.10.00<\/td><td>Thermometer ohne Skala<\/td><\/tr><tr><td>44.11.10<\/td><td>Erlenmeyerkolben W1<\/td><\/tr><tr><td>44.11.20<\/td><td>Gummistopfen mit Bohrung<\/td><\/tr><tr><td>44.11.30<\/td><td>Schlauchverbinder<\/td><\/tr><tr><td>44.11.40<\/td><td>Silikonschlauch \u00d8 7 x 500 mm<\/td><\/tr><tr><td>44.12.10<\/td><td>Kupferstab<\/td><\/tr><tr><td>44.12.20<\/td><td>Aluminiumstab<\/td><\/tr><tr><td>44.12.30<\/td><td>Kunststoffstab<\/td><\/tr><tr><td>44.13.00<\/td><td>W\u00e4rmestr\u00f6mungsrohr<\/td><\/tr><tr><td>44.14.00<\/td><td>Isolierbox W1<\/td><\/tr><tr><td>11.14.40<\/td><td>Deckel f\u00fcr Isolierbox<\/td><\/tr><tr><td>44.15.00<\/td><td>Teelicht<\/td><\/tr><tr><td>43.17.00<\/td><td>Stativstange P3<\/td><\/tr><tr><td>44.18.00<\/td><td>Feuerfeste Unterlage<\/td><\/tr><tr><td>17.19.00<\/td><td>Stativklemme<\/td><\/tr><tr><td>07.20.00<\/td><td>Wolltuch<\/td><\/tr><tr><td>44.21.10<\/td><td>Aluminiumw\u00fcrfel wei\u00df<\/td><\/tr><tr><td>44.21.20<\/td><td>Aluminiumw\u00fcrfel schwarz<\/td><\/tr><tr><td>11.25.10<\/td><td>Aluminiumw\u00fcrfel (2 St\u00fcck)<\/td><\/tr><\/tbody><\/table><\/figure>\n\n\n\n<p><\/p>\n<\/div><\/div>\n\n\n\n<div class=\"wp-block-advgb-tab advgb-tab-body-container\"><div class=\"advgb-tab-body-header\">Experimente<\/div><div class=\"advgb-tab-_37cd3f-e4 advgb-tab-body\" aria-labelledby=\"advgb-tabs-tab2\">\n<p><\/p>\n\n\n\n<figure class=\"wp-block-table table-product-experiments\"><table><tbody><tr><td>W1-1<\/td><td>Subjektives W\u00e4rmeempfinden<\/td><\/tr><tr><td>W1-2<\/td><td>Ausdehnung von Fl\u00fcssigkeiten<\/td><\/tr><tr><td>W1-3<\/td><td>Kalibrierung eines Fl\u00fcssigkeitsthermometers<\/td><\/tr><tr><td>W1-4<\/td><td>Ausdehnung von Luft<\/td><\/tr><tr><td>W1-5<\/td><td>Ausdehnung von festen Stoffen<\/td><\/tr><tr><td>W1-6<\/td><td>Wie funktioniert ein Bimetall?<\/td><\/tr><tr><td>W1-7<\/td><td>Wie wandert W\u00e4rme?<\/td><\/tr><tr><td>W1-8<\/td><td>W\u00e4rmeleitung<\/td><\/tr><tr><td>W1-9<\/td><td>W\u00e4rmestr\u00f6mung<\/td><\/tr><tr><td>W1-10<\/td><td>Schwarze und wei\u00dfe K\u00f6rper<\/td><\/tr><tr><td>W1-11<\/td><td>W\u00e4rmed\u00e4mmung 1<\/td><\/tr><tr><td>W1-12<\/td><td>W\u00e4rmed\u00e4mmung 2<\/td><\/tr><tr><td>W1-13<\/td><td>Was macht das Salz mit dem Eis?<\/td><\/tr><tr><td>W1-14<\/td><td>Aufbau einer Flamme<\/td><\/tr><tr><td>W1-15<\/td><td>Brownsche Molekularbewegung<\/td><\/tr><\/tbody><\/table><\/figure>\n<\/div><\/div>\n\n\n\n<div class=\"wp-block-advgb-tab advgb-tab-body-container\"><div class=\"advgb-tab-body-header\">Bilder<\/div><div class=\"advgb-tab-_cb1aec-74 advgb-tab-body\" aria-labelledby=\"advgb-tabs-tab3\">\n<div class=\"wp-block-image\"><figure class=\"aligncenter size-large is-resized\"><img loading=\"lazy\" decoding=\"async\" src=\"https:\/\/mekruphy.com\/de\/wp-content\/uploads\/2021\/03\/W1_1.jpg\" alt=\"Sch\u00fclerinnen beim Experimentieren\" class=\"wp-image-3001\" width=\"510\" height=\"526\" srcset=\"https:\/\/mekruphy.com\/de\/wp-content\/uploads\/2021\/03\/W1_1.jpg 464w, https:\/\/mekruphy.com\/de\/wp-content\/uploads\/2021\/03\/W1_1-291x300.jpg 291w\" sizes=\"auto, (max-width: 510px) 100vw, 510px\" \/><\/figure><\/div>\n\n\n\n<p>&nbsp;<\/p>\n\n\n\n<div class=\"wp-block-image\"><figure class=\"aligncenter size-large is-resized\"><img loading=\"lazy\" decoding=\"async\" src=\"https:\/\/mekruphy.com\/de\/wp-content\/uploads\/2021\/03\/W1_2.png\" alt=\"Sch\u00fclerexperiment W\u00e4rme\" class=\"wp-image-3002\" width=\"510\" height=\"548\" srcset=\"https:\/\/mekruphy.com\/de\/wp-content\/uploads\/2021\/03\/W1_2.png 351w, https:\/\/mekruphy.com\/de\/wp-content\/uploads\/2021\/03\/W1_2-279x300.png 279w\" sizes=\"auto, (max-width: 510px) 100vw, 510px\" \/><\/figure><\/div>\n\n\n\n<p>&nbsp;<\/p>\n\n\n\n<div class=\"wp-block-image\"><figure class=\"aligncenter size-large is-resized\"><img loading=\"lazy\" decoding=\"async\" src=\"https:\/\/mekruphy.com\/de\/wp-content\/uploads\/2021\/03\/W1_3.png\" alt=\"Versuchsaufbau W\u00e4rme Natur und Technik\" class=\"wp-image-3003\" width=\"654\" height=\"435\" srcset=\"https:\/\/mekruphy.com\/de\/wp-content\/uploads\/2021\/03\/W1_3.png 506w, https:\/\/mekruphy.com\/de\/wp-content\/uploads\/2021\/03\/W1_3-300x200.png 300w\" sizes=\"auto, (max-width: 654px) 100vw, 654px\" \/><\/figure><\/div>\n<\/div><\/div>\n<\/div><\/div>\n<style class=\"advgb-styles-renderer\">.advgb-tabs-2cfb4630-14f5-4365-9dda-1e62bd8dc00e ul.advgb-tabs-panel li.advgb-tab.advgb-tab-active {background-color:#5954d6 !important;color:#fff !important;}#advgb-tabs-2cfb4630-14f5-4365-9dda-1e62bd8dc00e .advgb-tab-body-header.header-active, .advgb-tabs-2cfb4630-14f5-4365-9dda-1e62bd8dc00e .advgb-tab-body-header.header-active{background-color:#5954d6 !important;color:#fff !important;}<\/style>","protected":false},"excerpt":{"rendered":"","protected":false},"author":1,"featured_media":3566,"parent":637,"menu_order":0,"comment_status":"closed","ping_status":"closed","template":"templates\/product.php","meta":{"_acf_changed":false,"_coblocks_attr":"","_coblocks_dimensions":"","_coblocks_responsive_height":"","_coblocks_accordion_ie_support":"","_eb_attr":"","advgb_blocks_editor_width":"","advgb_blocks_columns_visual_guide":"","footnotes":""},"class_list":["post-1307","page","type-page","status-publish","has-post-thumbnail","hentry"],"acf":[],"yoast_head":"<!-- This site is optimized with the Yoast SEO plugin v27.4 - https:\/\/yoast.com\/product\/yoast-seo-wordpress\/ -->\n<title>Experimentiersatz NATUR UND TECHNIK W\u00e4rme 1 - MEKRUPHY GmbH<\/title>\n<meta name=\"description\" content=\"Der Kasten W\u00c4RME 1 ist besonders f\u00fcr den Anfangsunterricht geeignet, da hier mathematische Zusammenh\u00e4nge in den Hintergrund treten.\" \/>\n<meta name=\"robots\" content=\"index, follow, max-snippet:-1, max-image-preview:large, max-video-preview:-1\" \/>\n<link rel=\"canonical\" href=\"https:\/\/mekruphy.com\/de\/produkte\/natur-und-technik-5-6\/experimentiersatz-natur-und-technik-waerme-1\/\" \/>\n<meta property=\"og:locale\" content=\"de_DE\" \/>\n<meta property=\"og:type\" content=\"article\" \/>\n<meta property=\"og:title\" content=\"Experimentiersatz NATUR UND TECHNIK W\u00e4rme 1 - MEKRUPHY GmbH\" \/>\n<meta property=\"og:description\" content=\"Der Kasten W\u00c4RME 1 ist besonders f\u00fcr den Anfangsunterricht geeignet, da hier mathematische Zusammenh\u00e4nge in den Hintergrund treten.\" \/>\n<meta property=\"og:url\" content=\"https:\/\/mekruphy.com\/de\/produkte\/natur-und-technik-5-6\/experimentiersatz-natur-und-technik-waerme-1\/\" \/>\n<meta property=\"og:site_name\" content=\"MEKRUPHY GmbH\" \/>\n<meta property=\"article:modified_time\" content=\"2022-02-04T15:21:47+00:00\" \/>\n<meta property=\"og:image\" content=\"https:\/\/mekruphy.com\/de\/wp-content\/uploads\/2021\/05\/W1-scaled-e1620122807351.jpg\" \/>\n\t<meta property=\"og:image:width\" content=\"2560\" \/>\n\t<meta property=\"og:image:height\" content=\"1976\" \/>\n\t<meta property=\"og:image:type\" content=\"image\/jpeg\" \/>\n<meta name=\"twitter:card\" content=\"summary_large_image\" \/>\n<meta name=\"twitter:label1\" content=\"Gesch\u00e4tzte Lesezeit\" \/>\n\t<meta name=\"twitter:data1\" content=\"1\u00a0Minute\" \/>\n<script type=\"application\/ld+json\" class=\"yoast-schema-graph\">{\"@context\":\"https:\\\/\\\/schema.org\",\"@graph\":[{\"@type\":\"WebPage\",\"@id\":\"https:\\\/\\\/mekruphy.com\\\/de\\\/produkte\\\/natur-und-technik-5-6\\\/experimentiersatz-natur-und-technik-waerme-1\\\/\",\"url\":\"https:\\\/\\\/mekruphy.com\\\/de\\\/produkte\\\/natur-und-technik-5-6\\\/experimentiersatz-natur-und-technik-waerme-1\\\/\",\"name\":\"Experimentiersatz NATUR UND TECHNIK W\u00e4rme 1 - MEKRUPHY GmbH\",\"isPartOf\":{\"@id\":\"https:\\\/\\\/mekruphy.com\\\/de\\\/#website\"},\"primaryImageOfPage\":{\"@id\":\"https:\\\/\\\/mekruphy.com\\\/de\\\/produkte\\\/natur-und-technik-5-6\\\/experimentiersatz-natur-und-technik-waerme-1\\\/#primaryimage\"},\"image\":{\"@id\":\"https:\\\/\\\/mekruphy.com\\\/de\\\/produkte\\\/natur-und-technik-5-6\\\/experimentiersatz-natur-und-technik-waerme-1\\\/#primaryimage\"},\"thumbnailUrl\":\"https:\\\/\\\/mekruphy.com\\\/de\\\/wp-content\\\/uploads\\\/2021\\\/05\\\/W1-scaled-e1620122807351.jpg\",\"datePublished\":\"2020-07-27T07:14:03+00:00\",\"dateModified\":\"2022-02-04T15:21:47+00:00\",\"description\":\"Der Kasten W\u00c4RME 1 ist besonders f\u00fcr den Anfangsunterricht geeignet, da hier mathematische Zusammenh\u00e4nge in den Hintergrund treten.\",\"breadcrumb\":{\"@id\":\"https:\\\/\\\/mekruphy.com\\\/de\\\/produkte\\\/natur-und-technik-5-6\\\/experimentiersatz-natur-und-technik-waerme-1\\\/#breadcrumb\"},\"inLanguage\":\"de\",\"potentialAction\":[{\"@type\":\"ReadAction\",\"target\":[\"https:\\\/\\\/mekruphy.com\\\/de\\\/produkte\\\/natur-und-technik-5-6\\\/experimentiersatz-natur-und-technik-waerme-1\\\/\"]}]},{\"@type\":\"ImageObject\",\"inLanguage\":\"de\",\"@id\":\"https:\\\/\\\/mekruphy.com\\\/de\\\/produkte\\\/natur-und-technik-5-6\\\/experimentiersatz-natur-und-technik-waerme-1\\\/#primaryimage\",\"url\":\"https:\\\/\\\/mekruphy.com\\\/de\\\/wp-content\\\/uploads\\\/2021\\\/05\\\/W1-scaled-e1620122807351.jpg\",\"contentUrl\":\"https:\\\/\\\/mekruphy.com\\\/de\\\/wp-content\\\/uploads\\\/2021\\\/05\\\/W1-scaled-e1620122807351.jpg\",\"width\":2560,\"height\":1976},{\"@type\":\"BreadcrumbList\",\"@id\":\"https:\\\/\\\/mekruphy.com\\\/de\\\/produkte\\\/natur-und-technik-5-6\\\/experimentiersatz-natur-und-technik-waerme-1\\\/#breadcrumb\",\"itemListElement\":[{\"@type\":\"ListItem\",\"position\":1,\"name\":\"Startseite\",\"item\":\"https:\\\/\\\/mekruphy.com\\\/de\\\/\"},{\"@type\":\"ListItem\",\"position\":2,\"name\":\"Produkte\",\"item\":\"https:\\\/\\\/mekruphy.com\\\/de\\\/produkte\\\/\"},{\"@type\":\"ListItem\",\"position\":3,\"name\":\"Natur und Technik 5-6\",\"item\":\"https:\\\/\\\/mekruphy.com\\\/de\\\/produkte\\\/natur-und-technik-5-6\\\/\"},{\"@type\":\"ListItem\",\"position\":4,\"name\":\"Experimentiersatz NATUR UND TECHNIK W\u00e4rme 1\"}]},{\"@type\":\"WebSite\",\"@id\":\"https:\\\/\\\/mekruphy.com\\\/de\\\/#website\",\"url\":\"https:\\\/\\\/mekruphy.com\\\/de\\\/\",\"name\":\"MEKRUPHY GmbH\",\"description\":\"Sch\u00fcler-Experimentierk\u00e4sten f\u00fcr den MINT-Unterricht\",\"potentialAction\":[{\"@type\":\"SearchAction\",\"target\":{\"@type\":\"EntryPoint\",\"urlTemplate\":\"https:\\\/\\\/mekruphy.com\\\/de\\\/?s={search_term_string}\"},\"query-input\":{\"@type\":\"PropertyValueSpecification\",\"valueRequired\":true,\"valueName\":\"search_term_string\"}}],\"inLanguage\":\"de\"}]}<\/script>\n<!-- \/ Yoast SEO plugin. -->","yoast_head_json":{"title":"Experimentiersatz NATUR UND TECHNIK W\u00e4rme 1 - MEKRUPHY GmbH","description":"Der Kasten W\u00c4RME 1 ist besonders f\u00fcr den Anfangsunterricht geeignet, da hier mathematische Zusammenh\u00e4nge in den Hintergrund treten.","robots":{"index":"index","follow":"follow","max-snippet":"max-snippet:-1","max-image-preview":"max-image-preview:large","max-video-preview":"max-video-preview:-1"},"canonical":"https:\/\/mekruphy.com\/de\/produkte\/natur-und-technik-5-6\/experimentiersatz-natur-und-technik-waerme-1\/","og_locale":"de_DE","og_type":"article","og_title":"Experimentiersatz NATUR UND TECHNIK W\u00e4rme 1 - MEKRUPHY GmbH","og_description":"Der Kasten W\u00c4RME 1 ist besonders f\u00fcr den Anfangsunterricht geeignet, da hier mathematische Zusammenh\u00e4nge in den Hintergrund treten.","og_url":"https:\/\/mekruphy.com\/de\/produkte\/natur-und-technik-5-6\/experimentiersatz-natur-und-technik-waerme-1\/","og_site_name":"MEKRUPHY GmbH","article_modified_time":"2022-02-04T15:21:47+00:00","og_image":[{"width":2560,"height":1976,"url":"https:\/\/mekruphy.com\/de\/wp-content\/uploads\/2021\/05\/W1-scaled-e1620122807351.jpg","type":"image\/jpeg"}],"twitter_card":"summary_large_image","twitter_misc":{"Gesch\u00e4tzte Lesezeit":"1\u00a0Minute"},"schema":{"@context":"https:\/\/schema.org","@graph":[{"@type":"WebPage","@id":"https:\/\/mekruphy.com\/de\/produkte\/natur-und-technik-5-6\/experimentiersatz-natur-und-technik-waerme-1\/","url":"https:\/\/mekruphy.com\/de\/produkte\/natur-und-technik-5-6\/experimentiersatz-natur-und-technik-waerme-1\/","name":"Experimentiersatz NATUR UND TECHNIK W\u00e4rme 1 - MEKRUPHY GmbH","isPartOf":{"@id":"https:\/\/mekruphy.com\/de\/#website"},"primaryImageOfPage":{"@id":"https:\/\/mekruphy.com\/de\/produkte\/natur-und-technik-5-6\/experimentiersatz-natur-und-technik-waerme-1\/#primaryimage"},"image":{"@id":"https:\/\/mekruphy.com\/de\/produkte\/natur-und-technik-5-6\/experimentiersatz-natur-und-technik-waerme-1\/#primaryimage"},"thumbnailUrl":"https:\/\/mekruphy.com\/de\/wp-content\/uploads\/2021\/05\/W1-scaled-e1620122807351.jpg","datePublished":"2020-07-27T07:14:03+00:00","dateModified":"2022-02-04T15:21:47+00:00","description":"Der Kasten W\u00c4RME 1 ist besonders f\u00fcr den Anfangsunterricht geeignet, da hier mathematische Zusammenh\u00e4nge in den Hintergrund treten.","breadcrumb":{"@id":"https:\/\/mekruphy.com\/de\/produkte\/natur-und-technik-5-6\/experimentiersatz-natur-und-technik-waerme-1\/#breadcrumb"},"inLanguage":"de","potentialAction":[{"@type":"ReadAction","target":["https:\/\/mekruphy.com\/de\/produkte\/natur-und-technik-5-6\/experimentiersatz-natur-und-technik-waerme-1\/"]}]},{"@type":"ImageObject","inLanguage":"de","@id":"https:\/\/mekruphy.com\/de\/produkte\/natur-und-technik-5-6\/experimentiersatz-natur-und-technik-waerme-1\/#primaryimage","url":"https:\/\/mekruphy.com\/de\/wp-content\/uploads\/2021\/05\/W1-scaled-e1620122807351.jpg","contentUrl":"https:\/\/mekruphy.com\/de\/wp-content\/uploads\/2021\/05\/W1-scaled-e1620122807351.jpg","width":2560,"height":1976},{"@type":"BreadcrumbList","@id":"https:\/\/mekruphy.com\/de\/produkte\/natur-und-technik-5-6\/experimentiersatz-natur-und-technik-waerme-1\/#breadcrumb","itemListElement":[{"@type":"ListItem","position":1,"name":"Startseite","item":"https:\/\/mekruphy.com\/de\/"},{"@type":"ListItem","position":2,"name":"Produkte","item":"https:\/\/mekruphy.com\/de\/produkte\/"},{"@type":"ListItem","position":3,"name":"Natur und Technik 5-6","item":"https:\/\/mekruphy.com\/de\/produkte\/natur-und-technik-5-6\/"},{"@type":"ListItem","position":4,"name":"Experimentiersatz NATUR UND TECHNIK W\u00e4rme 1"}]},{"@type":"WebSite","@id":"https:\/\/mekruphy.com\/de\/#website","url":"https:\/\/mekruphy.com\/de\/","name":"MEKRUPHY GmbH","description":"Sch\u00fcler-Experimentierk\u00e4sten f\u00fcr den MINT-Unterricht","potentialAction":[{"@type":"SearchAction","target":{"@type":"EntryPoint","urlTemplate":"https:\/\/mekruphy.com\/de\/?s={search_term_string}"},"query-input":{"@type":"PropertyValueSpecification","valueRequired":true,"valueName":"search_term_string"}}],"inLanguage":"de"}]}},"coauthors":[],"author_meta":{"author_link":"https:\/\/mekruphy.com\/de\/author\/mwbsca\/","display_name":"mwbscA"},"relative_dates":{"created":"Ver\u00f6ffentlicht 6\u00a0Jahren vor","modified":"Aktualisiert 4\u00a0Jahren vor"},"absolute_dates":{"created":"Ver\u00f6ffentlicht am 27. Juli 2020","modified":"Aktualisiert am 4. Februar 2022"},"absolute_dates_time":{"created":"Ver\u00f6ffentlicht am 27. Juli 2020 9:14","modified":"Aktualisiert am 4. Februar 2022 16:21"},"featured_img_caption":"","featured_img":"https:\/\/mekruphy.com\/de\/wp-content\/uploads\/2021\/05\/W1-scaled-e1620122807351.jpg","series_order":"","_links":{"self":[{"href":"https:\/\/mekruphy.com\/de\/wp-json\/wp\/v2\/pages\/1307","targetHints":{"allow":["GET"]}}],"collection":[{"href":"https:\/\/mekruphy.com\/de\/wp-json\/wp\/v2\/pages"}],"about":[{"href":"https:\/\/mekruphy.com\/de\/wp-json\/wp\/v2\/types\/page"}],"author":[{"embeddable":true,"href":"https:\/\/mekruphy.com\/de\/wp-json\/wp\/v2\/users\/1"}],"replies":[{"embeddable":true,"href":"https:\/\/mekruphy.com\/de\/wp-json\/wp\/v2\/comments?post=1307"}],"version-history":[{"count":11,"href":"https:\/\/mekruphy.com\/de\/wp-json\/wp\/v2\/pages\/1307\/revisions"}],"predecessor-version":[{"id":5693,"href":"https:\/\/mekruphy.com\/de\/wp-json\/wp\/v2\/pages\/1307\/revisions\/5693"}],"up":[{"embeddable":true,"href":"https:\/\/mekruphy.com\/de\/wp-json\/wp\/v2\/pages\/637"}],"wp:featuredmedia":[{"embeddable":true,"href":"https:\/\/mekruphy.com\/de\/wp-json\/wp\/v2\/media\/3566"}],"wp:attachment":[{"href":"https:\/\/mekruphy.com\/de\/wp-json\/wp\/v2\/media?parent=1307"}],"curies":[{"name":"wp","href":"https:\/\/api.w.org\/{rel}","templated":true}]}}