{"id":1316,"date":"2020-07-27T10:29:35","date_gmt":"2020-07-27T08:29:35","guid":{"rendered":"https:\/\/mekruphy.com\/de\/?page_id=1316"},"modified":"2022-01-31T12:20:15","modified_gmt":"2022-01-31T11:20:15","slug":"natur-und-technik-aufbewahrung","status":"publish","type":"page","link":"https:\/\/mekruphy.com\/de\/produkte\/natur-und-technik-5-6\/natur-und-technik-aufbewahrung\/","title":{"rendered":"NATUR UND TECHNIK Aufbewahrung"},"content":{"rendered":"<div class=\"yoast-breadcrumbs breadcrumbs\"><span><span><a href=\"https:\/\/mekruphy.com\/de\/\">Startseite<\/a><\/span> \u00bb <span><a href=\"https:\/\/mekruphy.com\/de\/produkte\/\">Produkte<\/a><\/span> \u00bb <span><a href=\"https:\/\/mekruphy.com\/de\/produkte\/natur-und-technik-5-6\/\">Natur und Technik 5-6<\/a><\/span> \u00bb <span class=\"breadcrumb_last\" aria-current=\"page\">NATUR UND TECHNIK Aufbewahrung<\/span><\/span><\/div>\n\n\n<h2 class=\"wp-block-heading\" id=\"aufbewahrung-der-natur-und-technik-experimentierkasten\">Aufbewahrung der NATUR UND TECHNIK Experimentierk\u00e4sten<\/h2>\n\n\n\n<h3 class=\"wp-block-heading\" id=\"h-einzeln-verfugbar\">Einzeln verf\u00fcgbar<\/h3>\n\n\n\n<p>Um ein schnelles Austeilen und ein ebenso rasches und kontrolliertes Aufr\u00e4umen der Experimentiers\u00e4tze zu gew\u00e4hrleisten, ist es nicht zweckm\u00e4\u00dfig, die K\u00e4sten gestapelt aufzubewahren. Sie sollten vielmehr einzeln verf\u00fcgbar bereitstehen. Dazu ist eine entsprechende Anzahl von Fachb\u00f6den in den Auf\u00adbe\u00adwahrungs\u00adschr\u00e4nken n\u00f6tig.<\/p>\n\n\n\n<h3 class=\"wp-block-heading\" id=\"h-geringe-schranktiefe\">Geringe Schranktiefe<\/h3>\n\n\n\n<p>Die MEKRUPHY-Experimentierk\u00e4sten sind 35 cm lang, 27 cm breit und 11 cm hoch. Dadurch finden sie auch in Schr\u00e4nken mit nur 40 cm Tiefe bequem Platz. Bei einer \u00fcblichen Schrankbreite von 120 cm k\u00f6nnen auf diese Weise vier K\u00e4sten nebeneinander aufbewahrt werden. Folglich k\u00f6nnen bei einer normalen Schrankh\u00f6he von 197 cm und 9 Zwischenb\u00f6den bis zu 40 Experimentierk\u00e4sten in einem Schrank untergebracht werden.<\/p>\n\n\n\n<h2 class=\"wp-block-heading\" id=\"h-glasturenschrank\">Glast\u00fcrenschrank<\/h2>\n\n\n\n<div class=\"wp-block-advgb-columns advgb-columns-wrapper\" id=\"advgb-cols-41149f9e-5733-476b-9b45-3f6a2786f4f6\"><div class=\"advgb-columns-container\"><div class=\"advgb-columns advgb-columns-row advgb-is-mobile advgb-columns-2 layout-23-13 mbl-layout-stacked gutter-20 vgutter-10\">\n<div class=\"wp-block-advgb-column advgb-column advgb-is-two-thirds-tablet advgb-is-full-mobile\" id=\"advgb-col-b33c6c66-ec2b-4a8a-a472-732cc74eacbb\"><div class=\"advgb-column-inner\" style=\"border-style:none;border-width:1px\">\n<p>Au\u00dfenma\u00dfe: 120 x 197 x 44,5 cm (BxHxT)<\/p>\n\n\n\n<p>Die abgebildeten Experimentierk\u00e4sten sind nicht im Lieferumfang des Schranks enthalten.<\/p>\n\n\n\n<p>Der Schrank besteht aus einem robusten Korpus aus LIGNOpal mit 2 voll verglasten Glasrahment\u00fcren, eine davon mit Metallb\u00fcgelgriff und Schloss. Dar\u00fcber hinaus lassen sich die T\u00fcren bis auf 270\u00b0 \u00f6ffnen. Der Schrank ist mit 9  Zwischenb\u00f6den lieferbar und wird vor Ort aufgebaut.<\/p>\n<\/div><\/div>\n\n\n\n<div class=\"wp-block-advgb-column advgb-column advgb-is-one-third-tablet advgb-is-full-mobile\" id=\"advgb-col-26f744f4-7884-4454-9278-f12fddc1ae75\"><div class=\"advgb-column-inner\" style=\"border-style:none;border-width:1px\">\n<figure class=\"wp-block-image size-large is-resized\"><img loading=\"lazy\" decoding=\"async\" src=\"https:\/\/mekruphy.com\/de\/wp-content\/uploads\/2021\/02\/Glastuerenschrank-1024x825.jpg\" alt=\"Glast\u00fcrenschrank\" class=\"wp-image-2863\" width=\"529\" height=\"426\" srcset=\"https:\/\/mekruphy.com\/de\/wp-content\/uploads\/2021\/02\/Glastuerenschrank-1024x825.jpg 1024w, https:\/\/mekruphy.com\/de\/wp-content\/uploads\/2021\/02\/Glastuerenschrank-300x242.jpg 300w, https:\/\/mekruphy.com\/de\/wp-content\/uploads\/2021\/02\/Glastuerenschrank-768x619.jpg 768w, https:\/\/mekruphy.com\/de\/wp-content\/uploads\/2021\/02\/Glastuerenschrank.jpg 1287w\" sizes=\"auto, (max-width: 529px) 100vw, 529px\" \/><\/figure>\n<\/div><\/div>\n<\/div><\/div><\/div>\n\n\n\n<h2 class=\"wp-block-heading\" id=\"h-fahrschrank\">Fahrschrank<\/h2>\n\n\n\n<div class=\"wp-block-advgb-columns advgb-columns-wrapper\" id=\"advgb-cols-12a44147-81f7-4395-95b7-df56de6b0b61\"><div class=\"advgb-columns-container\"><div class=\"advgb-columns advgb-columns-row advgb-is-mobile advgb-columns-2 layout-23-13 mbl-layout-stacked gutter-20 vgutter-10\">\n<div class=\"wp-block-advgb-column advgb-column advgb-is-two-thirds-tablet advgb-is-full-mobile\" id=\"advgb-col-a35cf7f8-1721-43a5-82da-e788c50c8b55\"><div class=\"advgb-column-inner\" style=\"border-style:none;border-width:1px\">\n<p>Mit diesem verschlie\u00dfbaren, fahrbaren Stahlschrank lassen sich die MEKRUPHY-Experimentiers\u00e4tze und das entsprechende Zubeh\u00f6r nicht nur optimal aufbewahren, sondern auch leicht von einem Raum zum anderen transportieren. Hierbei sorgen die leichtg\u00e4ngigen Technikrollen f\u00fcr ersch\u00fctterungsfreies Fahren. Der Schrank besteht aus einem robusten Stahlrohrgestell und einem 3-seitig geschlossenen Korpus aus Lochblech. Au\u00dferdem besitzt er zwei T\u00fcren aus LIGNOpal, eine davon mit Metallgriff und Schloss, 4 Technikrollen \u00d8 = 10 cm, einem Oberboden aus LIGNOpal und einem Unterboden aus Stahlblech.<\/p>\n\n\n\n<p>Der Fahrschrank ist mit 4 oder 5 Zwischenb\u00f6den erh\u00e4ltlich und kann bis zu 24 Experimentierk\u00e4sten aufnehmen. Er wird komplett montiert geliefert.<\/p>\n\n\n\n<p>Au\u00dfenma\u00dfe: 125 x 128 x 48 cm (BxHxT)<\/p>\n<\/div><\/div>\n\n\n\n<div class=\"wp-block-advgb-column advgb-column advgb-is-one-third-tablet advgb-is-full-mobile\" id=\"advgb-col-a0978ab4-231d-4d9c-b467-81389f162011\"><div class=\"advgb-column-inner\" style=\"border-style:none;border-width:1px\">\n<figure class=\"wp-block-image size-large\"><img loading=\"lazy\" decoding=\"async\" width=\"1024\" height=\"797\" src=\"https:\/\/mekruphy.com\/de\/wp-content\/uploads\/2021\/02\/Fahrschrank_Biologie-1024x797.jpg\" alt=\"Aufbewahrung im Fahrschrank\" class=\"wp-image-2864\" srcset=\"https:\/\/mekruphy.com\/de\/wp-content\/uploads\/2021\/02\/Fahrschrank_Biologie-1024x797.jpg 1024w, https:\/\/mekruphy.com\/de\/wp-content\/uploads\/2021\/02\/Fahrschrank_Biologie-300x233.jpg 300w, https:\/\/mekruphy.com\/de\/wp-content\/uploads\/2021\/02\/Fahrschrank_Biologie-768x598.jpg 768w, https:\/\/mekruphy.com\/de\/wp-content\/uploads\/2021\/02\/Fahrschrank_Biologie.jpg 1339w\" sizes=\"auto, (max-width: 1024px) 100vw, 1024px\" \/><\/figure>\n<\/div><\/div>\n<\/div><\/div><\/div>\n\n\n\n<p><\/p>\n<style class=\"advgb-styles-renderer\">#advgb-col-b33c6c66-ec2b-4a8a-a472-732cc74eacbb>.advgb-column-inner{}@media screen and (max-width: 1023px) {#advgb-col-b33c6c66-ec2b-4a8a-a472-732cc74eacbb>.advgb-column-inner{}}@media screen and (max-width: 767px) {#advgb-col-b33c6c66-ec2b-4a8a-a472-732cc74eacbb>.advgb-column-inner{}}#advgb-col-26f744f4-7884-4454-9278-f12fddc1ae75>.advgb-column-inner{}@media screen and (max-width: 1023px) {#advgb-col-26f744f4-7884-4454-9278-f12fddc1ae75>.advgb-column-inner{}}@media screen and (max-width: 767px) {#advgb-col-26f744f4-7884-4454-9278-f12fddc1ae75>.advgb-column-inner{}}#advgb-cols-41149f9e-5733-476b-9b45-3f6a2786f4f6{}@media screen and (max-width: 1023px) {#advgb-cols-41149f9e-5733-476b-9b45-3f6a2786f4f6{}}@media screen and (max-width: 767px) {#advgb-cols-41149f9e-5733-476b-9b45-3f6a2786f4f6{}}#advgb-col-b33c6c66-ec2b-4a8a-a472-732cc74eacbb>.advgb-column-inner{}@media screen and (max-width: 1023px) {#advgb-col-b33c6c66-ec2b-4a8a-a472-732cc74eacbb>.advgb-column-inner{}}@media screen and (max-width: 767px) {#advgb-col-b33c6c66-ec2b-4a8a-a472-732cc74eacbb>.advgb-column-inner{}}#advgb-col-26f744f4-7884-4454-9278-f12fddc1ae75>.advgb-column-inner{}@media screen and (max-width: 1023px) {#advgb-col-26f744f4-7884-4454-9278-f12fddc1ae75>.advgb-column-inner{}}@media screen and (max-width: 767px) {#advgb-col-26f744f4-7884-4454-9278-f12fddc1ae75>.advgb-column-inner{}}#advgb-col-a35cf7f8-1721-43a5-82da-e788c50c8b55>.advgb-column-inner{}@media screen and (max-width: 1023px) {#advgb-col-a35cf7f8-1721-43a5-82da-e788c50c8b55>.advgb-column-inner{}}@media screen and (max-width: 767px) {#advgb-col-a35cf7f8-1721-43a5-82da-e788c50c8b55>.advgb-column-inner{}}#advgb-col-a0978ab4-231d-4d9c-b467-81389f162011>.advgb-column-inner{}@media screen and (max-width: 1023px) {#advgb-col-a0978ab4-231d-4d9c-b467-81389f162011>.advgb-column-inner{}}@media screen and (max-width: 767px) {#advgb-col-a0978ab4-231d-4d9c-b467-81389f162011>.advgb-column-inner{}}#advgb-cols-12a44147-81f7-4395-95b7-df56de6b0b61{}@media screen and (max-width: 1023px) {#advgb-cols-12a44147-81f7-4395-95b7-df56de6b0b61{}}@media screen and (max-width: 767px) {#advgb-cols-12a44147-81f7-4395-95b7-df56de6b0b61{}}#advgb-col-a35cf7f8-1721-43a5-82da-e788c50c8b55>.advgb-column-inner{}@media screen and (max-width: 1023px) {#advgb-col-a35cf7f8-1721-43a5-82da-e788c50c8b55>.advgb-column-inner{}}@media screen and (max-width: 767px) {#advgb-col-a35cf7f8-1721-43a5-82da-e788c50c8b55>.advgb-column-inner{}}#advgb-col-a0978ab4-231d-4d9c-b467-81389f162011>.advgb-column-inner{}@media screen and (max-width: 1023px) {#advgb-col-a0978ab4-231d-4d9c-b467-81389f162011>.advgb-column-inner{}}@media screen and (max-width: 767px) {#advgb-col-a0978ab4-231d-4d9c-b467-81389f162011>.advgb-column-inner{}}<\/style>","protected":false},"excerpt":{"rendered":"<p>Aufbewahrung der NATUR UND TECHNIK Experimentierk\u00e4sten Einzeln verf\u00fcgbar Um ein schnelles Austeilen und ein ebenso rasches und kontrolliertes Aufr\u00e4umen der Experimentiers\u00e4tze zu gew\u00e4hrleisten, ist es nicht zweckm\u00e4\u00dfig, die K\u00e4sten gestapelt aufzubewahren. Sie sollten vielmehr einzeln verf\u00fcgbar bereitstehen. Dazu ist eine entsprechende Anzahl von Fachb\u00f6den in den Auf\u00adbe\u00adwahrungs\u00adschr\u00e4nken n\u00f6tig. Geringe Schranktiefe Die MEKRUPHY-Experimentierk\u00e4sten sind 35 cm [&hellip;]<\/p>\n","protected":false},"author":1,"featured_media":0,"parent":637,"menu_order":0,"comment_status":"closed","ping_status":"closed","template":"templates\/productcategory.php","meta":{"_acf_changed":false,"_coblocks_attr":"","_coblocks_dimensions":"","_coblocks_responsive_height":"","_coblocks_accordion_ie_support":"","_eb_attr":"","advgb_blocks_editor_width":"","advgb_blocks_columns_visual_guide":"","footnotes":""},"class_list":["post-1316","page","type-page","status-publish","hentry"],"acf":[],"yoast_head":"<!-- This site is optimized with the Yoast SEO plugin v27.3 - https:\/\/yoast.com\/product\/yoast-seo-wordpress\/ -->\n<title>NATUR UND TECHNIK Aufbewahrung - MEKRUPHY GmbH<\/title>\n<meta name=\"description\" content=\"Zur optimalen Aufbewahrung der MEKRUPHY Sch\u00fclerexperimentierk\u00e4sten im Fachraum bieten wir verschiedene M\u00f6glichkeiten an.\" \/>\n<meta name=\"robots\" content=\"index, follow, max-snippet:-1, max-image-preview:large, max-video-preview:-1\" \/>\n<link rel=\"canonical\" href=\"https:\/\/mekruphy.com\/de\/produkte\/natur-und-technik-5-6\/natur-und-technik-aufbewahrung\/\" \/>\n<meta property=\"og:locale\" content=\"de_DE\" \/>\n<meta property=\"og:type\" content=\"article\" \/>\n<meta property=\"og:title\" content=\"NATUR UND TECHNIK Aufbewahrung - MEKRUPHY GmbH\" \/>\n<meta property=\"og:description\" content=\"Zur optimalen Aufbewahrung der MEKRUPHY Sch\u00fclerexperimentierk\u00e4sten im Fachraum bieten wir verschiedene M\u00f6glichkeiten an.\" \/>\n<meta property=\"og:url\" content=\"https:\/\/mekruphy.com\/de\/produkte\/natur-und-technik-5-6\/natur-und-technik-aufbewahrung\/\" \/>\n<meta property=\"og:site_name\" content=\"MEKRUPHY GmbH\" \/>\n<meta property=\"article:modified_time\" content=\"2022-01-31T11:20:15+00:00\" \/>\n<meta property=\"og:image\" content=\"https:\/\/mekruphy.com\/de\/wp-content\/uploads\/2021\/02\/Glastuerenschrank-1024x825.jpg\" \/>\n<meta name=\"twitter:card\" content=\"summary_large_image\" \/>\n<meta name=\"twitter:label1\" content=\"Gesch\u00e4tzte Lesezeit\" \/>\n\t<meta name=\"twitter:data1\" content=\"2\u00a0Minuten\" \/>\n<script type=\"application\/ld+json\" class=\"yoast-schema-graph\">{\"@context\":\"https:\\\/\\\/schema.org\",\"@graph\":[{\"@type\":\"WebPage\",\"@id\":\"https:\\\/\\\/mekruphy.com\\\/de\\\/produkte\\\/natur-und-technik-5-6\\\/natur-und-technik-aufbewahrung\\\/\",\"url\":\"https:\\\/\\\/mekruphy.com\\\/de\\\/produkte\\\/natur-und-technik-5-6\\\/natur-und-technik-aufbewahrung\\\/\",\"name\":\"NATUR UND TECHNIK Aufbewahrung - MEKRUPHY GmbH\",\"isPartOf\":{\"@id\":\"https:\\\/\\\/mekruphy.com\\\/de\\\/#website\"},\"primaryImageOfPage\":{\"@id\":\"https:\\\/\\\/mekruphy.com\\\/de\\\/produkte\\\/natur-und-technik-5-6\\\/natur-und-technik-aufbewahrung\\\/#primaryimage\"},\"image\":{\"@id\":\"https:\\\/\\\/mekruphy.com\\\/de\\\/produkte\\\/natur-und-technik-5-6\\\/natur-und-technik-aufbewahrung\\\/#primaryimage\"},\"thumbnailUrl\":\"https:\\\/\\\/mekruphy.com\\\/de\\\/wp-content\\\/uploads\\\/2021\\\/02\\\/Glastuerenschrank-1024x825.jpg\",\"datePublished\":\"2020-07-27T08:29:35+00:00\",\"dateModified\":\"2022-01-31T11:20:15+00:00\",\"description\":\"Zur optimalen Aufbewahrung der MEKRUPHY Sch\u00fclerexperimentierk\u00e4sten im Fachraum bieten wir verschiedene M\u00f6glichkeiten an.\",\"breadcrumb\":{\"@id\":\"https:\\\/\\\/mekruphy.com\\\/de\\\/produkte\\\/natur-und-technik-5-6\\\/natur-und-technik-aufbewahrung\\\/#breadcrumb\"},\"inLanguage\":\"de\",\"potentialAction\":[{\"@type\":\"ReadAction\",\"target\":[\"https:\\\/\\\/mekruphy.com\\\/de\\\/produkte\\\/natur-und-technik-5-6\\\/natur-und-technik-aufbewahrung\\\/\"]}]},{\"@type\":\"ImageObject\",\"inLanguage\":\"de\",\"@id\":\"https:\\\/\\\/mekruphy.com\\\/de\\\/produkte\\\/natur-und-technik-5-6\\\/natur-und-technik-aufbewahrung\\\/#primaryimage\",\"url\":\"https:\\\/\\\/mekruphy.com\\\/de\\\/wp-content\\\/uploads\\\/2021\\\/02\\\/Glastuerenschrank.jpg\",\"contentUrl\":\"https:\\\/\\\/mekruphy.com\\\/de\\\/wp-content\\\/uploads\\\/2021\\\/02\\\/Glastuerenschrank.jpg\",\"width\":1287,\"height\":1037},{\"@type\":\"BreadcrumbList\",\"@id\":\"https:\\\/\\\/mekruphy.com\\\/de\\\/produkte\\\/natur-und-technik-5-6\\\/natur-und-technik-aufbewahrung\\\/#breadcrumb\",\"itemListElement\":[{\"@type\":\"ListItem\",\"position\":1,\"name\":\"Startseite\",\"item\":\"https:\\\/\\\/mekruphy.com\\\/de\\\/\"},{\"@type\":\"ListItem\",\"position\":2,\"name\":\"Produkte\",\"item\":\"https:\\\/\\\/mekruphy.com\\\/de\\\/produkte\\\/\"},{\"@type\":\"ListItem\",\"position\":3,\"name\":\"Natur und Technik 5-6\",\"item\":\"https:\\\/\\\/mekruphy.com\\\/de\\\/produkte\\\/natur-und-technik-5-6\\\/\"},{\"@type\":\"ListItem\",\"position\":4,\"name\":\"NATUR UND TECHNIK Aufbewahrung\"}]},{\"@type\":\"WebSite\",\"@id\":\"https:\\\/\\\/mekruphy.com\\\/de\\\/#website\",\"url\":\"https:\\\/\\\/mekruphy.com\\\/de\\\/\",\"name\":\"MEKRUPHY GmbH\",\"description\":\"Sch\u00fcler-Experimentierk\u00e4sten f\u00fcr den MINT-Unterricht\",\"potentialAction\":[{\"@type\":\"SearchAction\",\"target\":{\"@type\":\"EntryPoint\",\"urlTemplate\":\"https:\\\/\\\/mekruphy.com\\\/de\\\/?s={search_term_string}\"},\"query-input\":{\"@type\":\"PropertyValueSpecification\",\"valueRequired\":true,\"valueName\":\"search_term_string\"}}],\"inLanguage\":\"de\"}]}<\/script>\n<!-- \/ Yoast SEO plugin. -->","yoast_head_json":{"title":"NATUR UND TECHNIK Aufbewahrung - MEKRUPHY GmbH","description":"Zur optimalen Aufbewahrung der MEKRUPHY Sch\u00fclerexperimentierk\u00e4sten im Fachraum bieten wir verschiedene M\u00f6glichkeiten an.","robots":{"index":"index","follow":"follow","max-snippet":"max-snippet:-1","max-image-preview":"max-image-preview:large","max-video-preview":"max-video-preview:-1"},"canonical":"https:\/\/mekruphy.com\/de\/produkte\/natur-und-technik-5-6\/natur-und-technik-aufbewahrung\/","og_locale":"de_DE","og_type":"article","og_title":"NATUR UND TECHNIK Aufbewahrung - MEKRUPHY GmbH","og_description":"Zur optimalen Aufbewahrung der MEKRUPHY Sch\u00fclerexperimentierk\u00e4sten im Fachraum bieten wir verschiedene M\u00f6glichkeiten an.","og_url":"https:\/\/mekruphy.com\/de\/produkte\/natur-und-technik-5-6\/natur-und-technik-aufbewahrung\/","og_site_name":"MEKRUPHY GmbH","article_modified_time":"2022-01-31T11:20:15+00:00","og_image":[{"url":"https:\/\/mekruphy.com\/de\/wp-content\/uploads\/2021\/02\/Glastuerenschrank-1024x825.jpg","type":"","width":"","height":""}],"twitter_card":"summary_large_image","twitter_misc":{"Gesch\u00e4tzte Lesezeit":"2\u00a0Minuten"},"schema":{"@context":"https:\/\/schema.org","@graph":[{"@type":"WebPage","@id":"https:\/\/mekruphy.com\/de\/produkte\/natur-und-technik-5-6\/natur-und-technik-aufbewahrung\/","url":"https:\/\/mekruphy.com\/de\/produkte\/natur-und-technik-5-6\/natur-und-technik-aufbewahrung\/","name":"NATUR UND TECHNIK Aufbewahrung - MEKRUPHY GmbH","isPartOf":{"@id":"https:\/\/mekruphy.com\/de\/#website"},"primaryImageOfPage":{"@id":"https:\/\/mekruphy.com\/de\/produkte\/natur-und-technik-5-6\/natur-und-technik-aufbewahrung\/#primaryimage"},"image":{"@id":"https:\/\/mekruphy.com\/de\/produkte\/natur-und-technik-5-6\/natur-und-technik-aufbewahrung\/#primaryimage"},"thumbnailUrl":"https:\/\/mekruphy.com\/de\/wp-content\/uploads\/2021\/02\/Glastuerenschrank-1024x825.jpg","datePublished":"2020-07-27T08:29:35+00:00","dateModified":"2022-01-31T11:20:15+00:00","description":"Zur optimalen Aufbewahrung der MEKRUPHY Sch\u00fclerexperimentierk\u00e4sten im Fachraum bieten wir verschiedene M\u00f6glichkeiten an.","breadcrumb":{"@id":"https:\/\/mekruphy.com\/de\/produkte\/natur-und-technik-5-6\/natur-und-technik-aufbewahrung\/#breadcrumb"},"inLanguage":"de","potentialAction":[{"@type":"ReadAction","target":["https:\/\/mekruphy.com\/de\/produkte\/natur-und-technik-5-6\/natur-und-technik-aufbewahrung\/"]}]},{"@type":"ImageObject","inLanguage":"de","@id":"https:\/\/mekruphy.com\/de\/produkte\/natur-und-technik-5-6\/natur-und-technik-aufbewahrung\/#primaryimage","url":"https:\/\/mekruphy.com\/de\/wp-content\/uploads\/2021\/02\/Glastuerenschrank.jpg","contentUrl":"https:\/\/mekruphy.com\/de\/wp-content\/uploads\/2021\/02\/Glastuerenschrank.jpg","width":1287,"height":1037},{"@type":"BreadcrumbList","@id":"https:\/\/mekruphy.com\/de\/produkte\/natur-und-technik-5-6\/natur-und-technik-aufbewahrung\/#breadcrumb","itemListElement":[{"@type":"ListItem","position":1,"name":"Startseite","item":"https:\/\/mekruphy.com\/de\/"},{"@type":"ListItem","position":2,"name":"Produkte","item":"https:\/\/mekruphy.com\/de\/produkte\/"},{"@type":"ListItem","position":3,"name":"Natur und Technik 5-6","item":"https:\/\/mekruphy.com\/de\/produkte\/natur-und-technik-5-6\/"},{"@type":"ListItem","position":4,"name":"NATUR UND TECHNIK Aufbewahrung"}]},{"@type":"WebSite","@id":"https:\/\/mekruphy.com\/de\/#website","url":"https:\/\/mekruphy.com\/de\/","name":"MEKRUPHY GmbH","description":"Sch\u00fcler-Experimentierk\u00e4sten f\u00fcr den MINT-Unterricht","potentialAction":[{"@type":"SearchAction","target":{"@type":"EntryPoint","urlTemplate":"https:\/\/mekruphy.com\/de\/?s={search_term_string}"},"query-input":{"@type":"PropertyValueSpecification","valueRequired":true,"valueName":"search_term_string"}}],"inLanguage":"de"}]}},"coauthors":[],"author_meta":{"author_link":"https:\/\/mekruphy.com\/de\/author\/mwbsca\/","display_name":"mwbscA"},"relative_dates":{"created":"Ver\u00f6ffentlicht 6\u00a0Jahren vor","modified":"Aktualisiert 4\u00a0Jahren vor"},"absolute_dates":{"created":"Ver\u00f6ffentlicht am 27. Juli 2020","modified":"Aktualisiert am 31. Januar 2022"},"absolute_dates_time":{"created":"Ver\u00f6ffentlicht am 27. Juli 2020 10:29","modified":"Aktualisiert am 31. Januar 2022 12:20"},"featured_img_caption":"","featured_img":false,"series_order":"","_links":{"self":[{"href":"https:\/\/mekruphy.com\/de\/wp-json\/wp\/v2\/pages\/1316","targetHints":{"allow":["GET"]}}],"collection":[{"href":"https:\/\/mekruphy.com\/de\/wp-json\/wp\/v2\/pages"}],"about":[{"href":"https:\/\/mekruphy.com\/de\/wp-json\/wp\/v2\/types\/page"}],"author":[{"embeddable":true,"href":"https:\/\/mekruphy.com\/de\/wp-json\/wp\/v2\/users\/1"}],"replies":[{"embeddable":true,"href":"https:\/\/mekruphy.com\/de\/wp-json\/wp\/v2\/comments?post=1316"}],"version-history":[{"count":15,"href":"https:\/\/mekruphy.com\/de\/wp-json\/wp\/v2\/pages\/1316\/revisions"}],"predecessor-version":[{"id":5307,"href":"https:\/\/mekruphy.com\/de\/wp-json\/wp\/v2\/pages\/1316\/revisions\/5307"}],"up":[{"embeddable":true,"href":"https:\/\/mekruphy.com\/de\/wp-json\/wp\/v2\/pages\/637"}],"wp:attachment":[{"href":"https:\/\/mekruphy.com\/de\/wp-json\/wp\/v2\/media?parent=1316"}],"curies":[{"name":"wp","href":"https:\/\/api.w.org\/{rel}","templated":true}]}}