{"id":1319,"date":"2020-07-27T10:46:57","date_gmt":"2020-07-27T08:46:57","guid":{"rendered":"https:\/\/mekruphy.com\/de\/?page_id=1319"},"modified":"2023-06-07T15:23:28","modified_gmt":"2023-06-07T13:23:28","slug":"kindergarten-handreichungen","status":"publish","type":"page","link":"https:\/\/mekruphy.com\/de\/produkte\/kindergarten\/kindergarten-handreichungen\/","title":{"rendered":"KINDERGARTEN Handreichungen"},"content":{"rendered":"<div class=\"yoast-breadcrumbs breadcrumbs\"><span><span><a href=\"https:\/\/mekruphy.com\/de\/\">Startseite<\/a><\/span> \u00bb <span><a href=\"https:\/\/mekruphy.com\/de\/produkte\/\">Produkte<\/a><\/span> \u00bb <span><a href=\"https:\/\/mekruphy.com\/de\/produkte\/kindergarten\/\">Kindergarten<\/a><\/span> \u00bb <span class=\"breadcrumb_last\" aria-current=\"page\">KINDERGARTEN Handreichungen<\/span><\/span><\/div>\n\n\n<h2 class=\"wp-block-heading advgb-dyn-13b6e73f\" id=\"handreichungen-zu-den-experimentiersets-kindergarten\">Handreichungen zu den Experimentiersets KINDERGARTEN<\/h2>\n\n\n\n<p>Mit Hilfe der MEKRUPHY-Handreichungen k\u00f6n\u00adnen auch Einsteiger mit den Kindern experi\u00admentieren. Die Anleitungen sind leicht verst\u00e4nd\u00adlich und \u00fcbersichtlich dargestellt. Sie sind je\u00adweils in drei Teile gegliedert.<\/p>\n\n\n\n<div style=\"height:22px\" aria-hidden=\"true\" class=\"wp-block-spacer\"><\/div>\n\n\n\n<p><strong>1. Teil: Naturwissenschaftlicher Hintergrund<\/strong><\/p>\n\n\n\n<p>Hier werden zun\u00e4chst Ziel und Inhalt des Expe\u00adriments beschrieben. Dann folgt, meistens an\u00adhand von Abbildungen, eine ausf\u00fchrliche, all\u00adgemeinverst\u00e4ndliche Erkl\u00e4rung des Experi\u00adments. Mitunter finden sich zum Schluss noch zus\u00e4tzliche prak\u00adtische Hinweise zur Durchf\u00fch\u00adrung.<\/p>\n\n\n\n<div style=\"height:16px\" aria-hidden=\"true\" class=\"wp-block-spacer\"><\/div>\n\n\n\n<p><strong>2. Teil: Gespr\u00e4chsvorschlag<\/strong><\/p>\n\n\n\n<p>Die hier abgedruckten fiktiven Experimentier\u00adgespr\u00e4che in Frage-Antwort-Form sind lediglich Anregungen zur Durchf\u00fchrung und Auswertung des jeweiligen Experiments, jedoch v\u00f6llig un\u00adverbindlich.<\/p>\n\n\n\n<div style=\"height:16px\" aria-hidden=\"true\" class=\"wp-block-spacer\"><\/div>\n\n\n\n<p><strong>3. Teil: Raum f\u00fcr Notizen<\/strong><\/p>\n\n\n\n<p>Auf dieser Seite k\u00f6nnen die Erzieherinnen und Erzieher Beobachtungen und \u00c4nderungsvor\u00adschl\u00e4ge notieren, die sie sich f\u00fcr das n\u00e4chste Mal vormerken wollen.<\/p>\n\n\n\n<div style=\"height:30px\" aria-hidden=\"true\" class=\"wp-block-spacer\"><\/div>\n\n\n\n<h3 class=\"wp-block-heading advgb-dyn-be00d3b4\" id=\"h-auch-digital-erhaltlich\">Auch digital erh\u00e4ltlich&nbsp;<\/h3>\n\n\n\n<p>Die Handreichungen k\u00f6nnen auch als Downloadlizenz erworben werden. Falls die Bestellung durch die Verwaltung oder Schulleitung aufgegeben wird, muss unbedingt die Dienst-E-Mail-Adresse der Fachlehrkraft angegeben werden, die auf den Download zugreifen soll.<\/p>\n\n\n\n<div style=\"height:16px\" aria-hidden=\"true\" class=\"wp-block-spacer\"><\/div>\n\n\n\n<p>Alle Hefte k\u00f6nnen Sie direkt \u00fcber unseren <a href=\"https:\/\/shop.mekruphy.com\/artikeluebersicht\/kindergarten-manuals.aspx\" target=\"_blank\" rel=\"noreferrer noopener\">Webshop<\/a> bestellen.<\/p>\n","protected":false},"excerpt":{"rendered":"<p>Handreichungen zu den Experimentiersets KINDERGARTEN Mit Hilfe der MEKRUPHY-Handreichungen k\u00f6n\u00adnen auch Einsteiger mit den Kindern experi\u00admentieren. Die Anleitungen sind leicht verst\u00e4nd\u00adlich und \u00fcbersichtlich dargestellt. Sie sind je\u00adweils in drei Teile gegliedert. 1. Teil: Naturwissenschaftlicher Hintergrund Hier werden zun\u00e4chst Ziel und Inhalt des Expe\u00adriments beschrieben. Dann folgt, meistens an\u00adhand von Abbildungen, eine ausf\u00fchrliche, all\u00adgemeinverst\u00e4ndliche Erkl\u00e4rung des [&hellip;]<\/p>\n","protected":false},"author":1,"featured_media":5412,"parent":640,"menu_order":0,"comment_status":"closed","ping_status":"closed","template":"templates\/productcategory.php","meta":{"_acf_changed":false,"_coblocks_attr":"","_coblocks_dimensions":"","_coblocks_responsive_height":"","_coblocks_accordion_ie_support":"","_eb_attr":"","advgb_blocks_editor_width":"","advgb_blocks_columns_visual_guide":"","footnotes":""},"class_list":["post-1319","page","type-page","status-publish","has-post-thumbnail","hentry"],"acf":[],"yoast_head":"<!-- This site is optimized with the Yoast SEO plugin v27.3 - https:\/\/yoast.com\/product\/yoast-seo-wordpress\/ -->\n<title>KINDERGARTEN Handreichungen - MEKRUPHY GmbH<\/title>\n<meta name=\"description\" content=\"Mit Hilfe unserer Handreichungen k\u00f6nnen auch Einsteiger mit den Kindern experimentieren, ohne Experte auf dem Gebiet sein zu m\u00fcssen.\" \/>\n<meta name=\"robots\" content=\"index, follow, max-snippet:-1, max-image-preview:large, max-video-preview:-1\" \/>\n<link rel=\"canonical\" href=\"https:\/\/mekruphy.com\/de\/produkte\/kindergarten\/kindergarten-handreichungen\/\" \/>\n<meta property=\"og:locale\" content=\"de_DE\" \/>\n<meta property=\"og:type\" content=\"article\" \/>\n<meta property=\"og:title\" content=\"KINDERGARTEN Handreichungen - MEKRUPHY GmbH\" \/>\n<meta property=\"og:description\" content=\"Mit Hilfe unserer Handreichungen k\u00f6nnen auch Einsteiger mit den Kindern experimentieren, ohne Experte auf dem Gebiet sein zu m\u00fcssen.\" \/>\n<meta property=\"og:url\" content=\"https:\/\/mekruphy.com\/de\/produkte\/kindergarten\/kindergarten-handreichungen\/\" \/>\n<meta property=\"og:site_name\" content=\"MEKRUPHY GmbH\" \/>\n<meta property=\"article:modified_time\" content=\"2023-06-07T13:23:28+00:00\" \/>\n<meta property=\"og:image\" content=\"https:\/\/mekruphy.com\/de\/wp-content\/uploads\/2022\/02\/KiGaHeft.png\" \/>\n\t<meta property=\"og:image:width\" content=\"1600\" \/>\n\t<meta property=\"og:image:height\" content=\"1000\" \/>\n\t<meta property=\"og:image:type\" content=\"image\/png\" \/>\n<meta name=\"twitter:card\" content=\"summary_large_image\" \/>\n<meta name=\"twitter:label1\" content=\"Gesch\u00e4tzte Lesezeit\" \/>\n\t<meta name=\"twitter:data1\" content=\"1\u00a0Minute\" \/>\n<script type=\"application\/ld+json\" class=\"yoast-schema-graph\">{\"@context\":\"https:\\\/\\\/schema.org\",\"@graph\":[{\"@type\":\"WebPage\",\"@id\":\"https:\\\/\\\/mekruphy.com\\\/de\\\/produkte\\\/kindergarten\\\/kindergarten-handreichungen\\\/\",\"url\":\"https:\\\/\\\/mekruphy.com\\\/de\\\/produkte\\\/kindergarten\\\/kindergarten-handreichungen\\\/\",\"name\":\"KINDERGARTEN Handreichungen - MEKRUPHY GmbH\",\"isPartOf\":{\"@id\":\"https:\\\/\\\/mekruphy.com\\\/de\\\/#website\"},\"primaryImageOfPage\":{\"@id\":\"https:\\\/\\\/mekruphy.com\\\/de\\\/produkte\\\/kindergarten\\\/kindergarten-handreichungen\\\/#primaryimage\"},\"image\":{\"@id\":\"https:\\\/\\\/mekruphy.com\\\/de\\\/produkte\\\/kindergarten\\\/kindergarten-handreichungen\\\/#primaryimage\"},\"thumbnailUrl\":\"https:\\\/\\\/mekruphy.com\\\/de\\\/wp-content\\\/uploads\\\/2022\\\/02\\\/KiGaHeft.png\",\"datePublished\":\"2020-07-27T08:46:57+00:00\",\"dateModified\":\"2023-06-07T13:23:28+00:00\",\"description\":\"Mit Hilfe unserer Handreichungen k\u00f6nnen auch Einsteiger mit den Kindern experimentieren, ohne Experte auf dem Gebiet sein zu m\u00fcssen.\",\"breadcrumb\":{\"@id\":\"https:\\\/\\\/mekruphy.com\\\/de\\\/produkte\\\/kindergarten\\\/kindergarten-handreichungen\\\/#breadcrumb\"},\"inLanguage\":\"de\",\"potentialAction\":[{\"@type\":\"ReadAction\",\"target\":[\"https:\\\/\\\/mekruphy.com\\\/de\\\/produkte\\\/kindergarten\\\/kindergarten-handreichungen\\\/\"]}]},{\"@type\":\"ImageObject\",\"inLanguage\":\"de\",\"@id\":\"https:\\\/\\\/mekruphy.com\\\/de\\\/produkte\\\/kindergarten\\\/kindergarten-handreichungen\\\/#primaryimage\",\"url\":\"https:\\\/\\\/mekruphy.com\\\/de\\\/wp-content\\\/uploads\\\/2022\\\/02\\\/KiGaHeft.png\",\"contentUrl\":\"https:\\\/\\\/mekruphy.com\\\/de\\\/wp-content\\\/uploads\\\/2022\\\/02\\\/KiGaHeft.png\",\"width\":1600,\"height\":1000,\"caption\":\"Handreichung Kindergarten MEKRUPHY\"},{\"@type\":\"BreadcrumbList\",\"@id\":\"https:\\\/\\\/mekruphy.com\\\/de\\\/produkte\\\/kindergarten\\\/kindergarten-handreichungen\\\/#breadcrumb\",\"itemListElement\":[{\"@type\":\"ListItem\",\"position\":1,\"name\":\"Startseite\",\"item\":\"https:\\\/\\\/mekruphy.com\\\/de\\\/\"},{\"@type\":\"ListItem\",\"position\":2,\"name\":\"Produkte\",\"item\":\"https:\\\/\\\/mekruphy.com\\\/de\\\/produkte\\\/\"},{\"@type\":\"ListItem\",\"position\":3,\"name\":\"Kindergarten\",\"item\":\"https:\\\/\\\/mekruphy.com\\\/de\\\/produkte\\\/kindergarten\\\/\"},{\"@type\":\"ListItem\",\"position\":4,\"name\":\"KINDERGARTEN Handreichungen\"}]},{\"@type\":\"WebSite\",\"@id\":\"https:\\\/\\\/mekruphy.com\\\/de\\\/#website\",\"url\":\"https:\\\/\\\/mekruphy.com\\\/de\\\/\",\"name\":\"MEKRUPHY GmbH\",\"description\":\"Sch\u00fcler-Experimentierk\u00e4sten f\u00fcr den MINT-Unterricht\",\"potentialAction\":[{\"@type\":\"SearchAction\",\"target\":{\"@type\":\"EntryPoint\",\"urlTemplate\":\"https:\\\/\\\/mekruphy.com\\\/de\\\/?s={search_term_string}\"},\"query-input\":{\"@type\":\"PropertyValueSpecification\",\"valueRequired\":true,\"valueName\":\"search_term_string\"}}],\"inLanguage\":\"de\"}]}<\/script>\n<!-- \/ Yoast SEO plugin. -->","yoast_head_json":{"title":"KINDERGARTEN Handreichungen - MEKRUPHY GmbH","description":"Mit Hilfe unserer Handreichungen k\u00f6nnen auch Einsteiger mit den Kindern experimentieren, ohne Experte auf dem Gebiet sein zu m\u00fcssen.","robots":{"index":"index","follow":"follow","max-snippet":"max-snippet:-1","max-image-preview":"max-image-preview:large","max-video-preview":"max-video-preview:-1"},"canonical":"https:\/\/mekruphy.com\/de\/produkte\/kindergarten\/kindergarten-handreichungen\/","og_locale":"de_DE","og_type":"article","og_title":"KINDERGARTEN Handreichungen - MEKRUPHY GmbH","og_description":"Mit Hilfe unserer Handreichungen k\u00f6nnen auch Einsteiger mit den Kindern experimentieren, ohne Experte auf dem Gebiet sein zu m\u00fcssen.","og_url":"https:\/\/mekruphy.com\/de\/produkte\/kindergarten\/kindergarten-handreichungen\/","og_site_name":"MEKRUPHY GmbH","article_modified_time":"2023-06-07T13:23:28+00:00","og_image":[{"width":1600,"height":1000,"url":"https:\/\/mekruphy.com\/de\/wp-content\/uploads\/2022\/02\/KiGaHeft.png","type":"image\/png"}],"twitter_card":"summary_large_image","twitter_misc":{"Gesch\u00e4tzte Lesezeit":"1\u00a0Minute"},"schema":{"@context":"https:\/\/schema.org","@graph":[{"@type":"WebPage","@id":"https:\/\/mekruphy.com\/de\/produkte\/kindergarten\/kindergarten-handreichungen\/","url":"https:\/\/mekruphy.com\/de\/produkte\/kindergarten\/kindergarten-handreichungen\/","name":"KINDERGARTEN Handreichungen - MEKRUPHY GmbH","isPartOf":{"@id":"https:\/\/mekruphy.com\/de\/#website"},"primaryImageOfPage":{"@id":"https:\/\/mekruphy.com\/de\/produkte\/kindergarten\/kindergarten-handreichungen\/#primaryimage"},"image":{"@id":"https:\/\/mekruphy.com\/de\/produkte\/kindergarten\/kindergarten-handreichungen\/#primaryimage"},"thumbnailUrl":"https:\/\/mekruphy.com\/de\/wp-content\/uploads\/2022\/02\/KiGaHeft.png","datePublished":"2020-07-27T08:46:57+00:00","dateModified":"2023-06-07T13:23:28+00:00","description":"Mit Hilfe unserer Handreichungen k\u00f6nnen auch Einsteiger mit den Kindern experimentieren, ohne Experte auf dem Gebiet sein zu m\u00fcssen.","breadcrumb":{"@id":"https:\/\/mekruphy.com\/de\/produkte\/kindergarten\/kindergarten-handreichungen\/#breadcrumb"},"inLanguage":"de","potentialAction":[{"@type":"ReadAction","target":["https:\/\/mekruphy.com\/de\/produkte\/kindergarten\/kindergarten-handreichungen\/"]}]},{"@type":"ImageObject","inLanguage":"de","@id":"https:\/\/mekruphy.com\/de\/produkte\/kindergarten\/kindergarten-handreichungen\/#primaryimage","url":"https:\/\/mekruphy.com\/de\/wp-content\/uploads\/2022\/02\/KiGaHeft.png","contentUrl":"https:\/\/mekruphy.com\/de\/wp-content\/uploads\/2022\/02\/KiGaHeft.png","width":1600,"height":1000,"caption":"Handreichung Kindergarten MEKRUPHY"},{"@type":"BreadcrumbList","@id":"https:\/\/mekruphy.com\/de\/produkte\/kindergarten\/kindergarten-handreichungen\/#breadcrumb","itemListElement":[{"@type":"ListItem","position":1,"name":"Startseite","item":"https:\/\/mekruphy.com\/de\/"},{"@type":"ListItem","position":2,"name":"Produkte","item":"https:\/\/mekruphy.com\/de\/produkte\/"},{"@type":"ListItem","position":3,"name":"Kindergarten","item":"https:\/\/mekruphy.com\/de\/produkte\/kindergarten\/"},{"@type":"ListItem","position":4,"name":"KINDERGARTEN Handreichungen"}]},{"@type":"WebSite","@id":"https:\/\/mekruphy.com\/de\/#website","url":"https:\/\/mekruphy.com\/de\/","name":"MEKRUPHY GmbH","description":"Sch\u00fcler-Experimentierk\u00e4sten f\u00fcr den MINT-Unterricht","potentialAction":[{"@type":"SearchAction","target":{"@type":"EntryPoint","urlTemplate":"https:\/\/mekruphy.com\/de\/?s={search_term_string}"},"query-input":{"@type":"PropertyValueSpecification","valueRequired":true,"valueName":"search_term_string"}}],"inLanguage":"de"}]}},"coauthors":[],"author_meta":{"author_link":"https:\/\/mekruphy.com\/de\/author\/mwbsca\/","display_name":"mwbscA"},"relative_dates":{"created":"Ver\u00f6ffentlicht 6\u00a0Jahren vor","modified":"Aktualisiert 3\u00a0Jahren vor"},"absolute_dates":{"created":"Ver\u00f6ffentlicht am 27. Juli 2020","modified":"Aktualisiert am 7. Juni 2023"},"absolute_dates_time":{"created":"Ver\u00f6ffentlicht am 27. Juli 2020 10:46","modified":"Aktualisiert am 7. Juni 2023 15:23"},"featured_img_caption":"","featured_img":"https:\/\/mekruphy.com\/de\/wp-content\/uploads\/2022\/02\/KiGaHeft.png","series_order":"","_links":{"self":[{"href":"https:\/\/mekruphy.com\/de\/wp-json\/wp\/v2\/pages\/1319","targetHints":{"allow":["GET"]}}],"collection":[{"href":"https:\/\/mekruphy.com\/de\/wp-json\/wp\/v2\/pages"}],"about":[{"href":"https:\/\/mekruphy.com\/de\/wp-json\/wp\/v2\/types\/page"}],"author":[{"embeddable":true,"href":"https:\/\/mekruphy.com\/de\/wp-json\/wp\/v2\/users\/1"}],"replies":[{"embeddable":true,"href":"https:\/\/mekruphy.com\/de\/wp-json\/wp\/v2\/comments?post=1319"}],"version-history":[{"count":18,"href":"https:\/\/mekruphy.com\/de\/wp-json\/wp\/v2\/pages\/1319\/revisions"}],"predecessor-version":[{"id":7439,"href":"https:\/\/mekruphy.com\/de\/wp-json\/wp\/v2\/pages\/1319\/revisions\/7439"}],"up":[{"embeddable":true,"href":"https:\/\/mekruphy.com\/de\/wp-json\/wp\/v2\/pages\/640"}],"wp:featuredmedia":[{"embeddable":true,"href":"https:\/\/mekruphy.com\/de\/wp-json\/wp\/v2\/media\/5412"}],"wp:attachment":[{"href":"https:\/\/mekruphy.com\/de\/wp-json\/wp\/v2\/media?parent=1319"}],"curies":[{"name":"wp","href":"https:\/\/api.w.org\/{rel}","templated":true}]}}