{"id":1324,"date":"2020-07-27T11:00:22","date_gmt":"2020-07-27T09:00:22","guid":{"rendered":"https:\/\/mekruphy.com\/de\/?page_id=1324"},"modified":"2023-06-07T15:18:39","modified_gmt":"2023-06-07T13:18:39","slug":"grundschule-handreichungen","status":"publish","type":"page","link":"https:\/\/mekruphy.com\/de\/produkte\/grundschule\/grundschule-handreichungen\/","title":{"rendered":"GRUNDSCHULE Handreichungen"},"content":{"rendered":"<div class=\"yoast-breadcrumbs breadcrumbs\"><span><span><a href=\"https:\/\/mekruphy.com\/de\/\">Startseite<\/a><\/span> \u00bb <span><a href=\"https:\/\/mekruphy.com\/de\/produkte\/\">Produkte<\/a><\/span> \u00bb <span><a href=\"https:\/\/mekruphy.com\/de\/produkte\/grundschule\/\">Grundschule<\/a><\/span> \u00bb <span class=\"breadcrumb_last\" aria-current=\"page\">GRUNDSCHULE Handreichungen<\/span><\/span><\/div>\n\n\n<h2 class=\"wp-block-heading advgb-dyn-4cfbb672\" id=\"h-hintergrundinformationen\">Hintergrundinformationen<\/h2>\n\n\n\n<p>Zu jedem der sechs Experimentiers\u00e4tze gibt es ein eigenes Heft mit detaillierten Informationen zu den einzelnen Experi\u00admenten. Hier finden sich nicht nur die <\/p>\n\n\n\n<ul class=\"wp-block-list\">\n<li>p\u00e4\u00addagogischen Ziele, <\/li>\n\n\n\n<li>sondern auch Wis\u00adsenswertes \u00fcber den naturwissenschaftli\u00adchen Hintergrund <\/li>\n\n\n\n<li>sowie praktische Hin\u00adweise zur Durchf\u00fchrung des jeweiligen Experiments. <\/li>\n<\/ul>\n\n\n\n<p>Dabei wird das unterschied\u00adliche Vorwissen der Kinder ber\u00fccksichtigt.<\/p>\n\n\n\n<p>Die Texte sind leicht verst\u00e4ndlich, klar gegliedert, \u00fcbersichtlich dargestellt und methodisch geschickt aufgebaut. Die Ex\u00adperimente sind so angeordnet, dass die Kinder mit fortschrei\u00adtendem Experimentie\u00adren immer mehr Ei\u00adgeninitiative und Kreati\u00advit\u00e4t einbringen k\u00f6nnen.<\/p>\n\n\n\n<p>F\u00fcr die gemeinsame Auswertung bietet die Handreichung zu jedem Experiment L\u00f6\u00adsungsvorschl\u00e4ge f\u00fcr die Lehrkraft.<\/p>\n\n\n\n<p>Die Handreichungen sind f\u00fcr den bilingua\u00adlen Unterricht auch in Englisch erh\u00e4ltlich.<\/p>\n\n\n\n<h2 class=\"wp-block-heading advgb-dyn-bca113f7\" id=\"h-auch-digital-erhaltlich\">Auch digital erh\u00e4ltlich&nbsp;<\/h2>\n\n\n\n<p>Die Handreichungen k\u00f6nnen auch als Downloadlizenz erworben werden. Falls die Bestellung durch die Verwaltung oder Schulleitung aufgegeben wird, muss unbedingt die Dienst-E-Mail-Adresse der Fachlehrkraft angegeben werden, die auf den Download zugreifen soll.<\/p>\n\n\n\n<p>Alle Hefte k\u00f6nnen Sie direkt \u00fcber unseren <a href=\"https:\/\/shop.mekruphy.com\/artikeluebersicht\/primary-manuals.aspx\" target=\"_blank\" rel=\"noreferrer noopener\">Webshop<\/a> bestellen.<\/p>\n\n\n\n<p><\/p>\n","protected":false},"excerpt":{"rendered":"<p>Hintergrundinformationen Zu jedem der sechs Experimentiers\u00e4tze gibt es ein eigenes Heft mit detaillierten Informationen zu den einzelnen Experi\u00admenten. Hier finden sich nicht nur die Dabei wird das unterschied\u00adliche Vorwissen der Kinder ber\u00fccksichtigt. Die Texte sind leicht verst\u00e4ndlich, klar gegliedert, \u00fcbersichtlich dargestellt und methodisch geschickt aufgebaut. Die Ex\u00adperimente sind so angeordnet, dass die Kinder mit fortschrei\u00adtendem [&hellip;]<\/p>\n","protected":false},"author":1,"featured_media":5409,"parent":622,"menu_order":0,"comment_status":"closed","ping_status":"closed","template":"templates\/productcategory.php","meta":{"_acf_changed":false,"_coblocks_attr":"","_coblocks_dimensions":"","_coblocks_responsive_height":"","_coblocks_accordion_ie_support":"","_eb_attr":"","advgb_blocks_editor_width":"","advgb_blocks_columns_visual_guide":"","footnotes":""},"class_list":["post-1324","page","type-page","status-publish","has-post-thumbnail","hentry"],"acf":[],"yoast_head":"<!-- This site is optimized with the Yoast SEO plugin v27.3 - https:\/\/yoast.com\/product\/yoast-seo-wordpress\/ -->\n<title>GRUNDSCHULE Handreichungen - MEKRUPHY GmbH<\/title>\n<meta name=\"description\" content=\"Zu jedem Experimentiersatz gibt es ein eigenes Heft mit detaillierten Informationen zu den Experimenten. Hier finden sich: p\u00e4dagogische Ziele, Wissenswertes \u00fcber den naturwissenschaftlichen Hintergrund und praktische Hinweise zur Durchf\u00fchrung des jeweiligen Experiments\" \/>\n<meta name=\"robots\" content=\"index, follow, max-snippet:-1, max-image-preview:large, max-video-preview:-1\" \/>\n<link rel=\"canonical\" href=\"https:\/\/mekruphy.com\/de\/produkte\/grundschule\/grundschule-handreichungen\/\" \/>\n<meta property=\"og:locale\" content=\"de_DE\" \/>\n<meta property=\"og:type\" content=\"article\" \/>\n<meta property=\"og:title\" content=\"GRUNDSCHULE Handreichungen - MEKRUPHY GmbH\" \/>\n<meta property=\"og:description\" content=\"Zu jedem Experimentiersatz gibt es ein eigenes Heft mit detaillierten Informationen zu den Experimenten. Hier finden sich: p\u00e4dagogische Ziele, Wissenswertes \u00fcber den naturwissenschaftlichen Hintergrund und praktische Hinweise zur Durchf\u00fchrung des jeweiligen Experiments\" \/>\n<meta property=\"og:url\" content=\"https:\/\/mekruphy.com\/de\/produkte\/grundschule\/grundschule-handreichungen\/\" \/>\n<meta property=\"og:site_name\" content=\"MEKRUPHY GmbH\" \/>\n<meta property=\"article:modified_time\" content=\"2023-06-07T13:18:39+00:00\" \/>\n<meta property=\"og:image\" content=\"https:\/\/mekruphy.com\/de\/wp-content\/uploads\/2022\/02\/Grundschulheft.png\" \/>\n\t<meta property=\"og:image:width\" content=\"1600\" \/>\n\t<meta property=\"og:image:height\" content=\"1000\" \/>\n\t<meta property=\"og:image:type\" content=\"image\/png\" \/>\n<meta name=\"twitter:card\" content=\"summary_large_image\" \/>\n<meta name=\"twitter:label1\" content=\"Gesch\u00e4tzte Lesezeit\" \/>\n\t<meta name=\"twitter:data1\" content=\"1\u00a0Minute\" \/>\n<script type=\"application\/ld+json\" class=\"yoast-schema-graph\">{\"@context\":\"https:\\\/\\\/schema.org\",\"@graph\":[{\"@type\":\"WebPage\",\"@id\":\"https:\\\/\\\/mekruphy.com\\\/de\\\/produkte\\\/grundschule\\\/grundschule-handreichungen\\\/\",\"url\":\"https:\\\/\\\/mekruphy.com\\\/de\\\/produkte\\\/grundschule\\\/grundschule-handreichungen\\\/\",\"name\":\"GRUNDSCHULE Handreichungen - MEKRUPHY GmbH\",\"isPartOf\":{\"@id\":\"https:\\\/\\\/mekruphy.com\\\/de\\\/#website\"},\"primaryImageOfPage\":{\"@id\":\"https:\\\/\\\/mekruphy.com\\\/de\\\/produkte\\\/grundschule\\\/grundschule-handreichungen\\\/#primaryimage\"},\"image\":{\"@id\":\"https:\\\/\\\/mekruphy.com\\\/de\\\/produkte\\\/grundschule\\\/grundschule-handreichungen\\\/#primaryimage\"},\"thumbnailUrl\":\"https:\\\/\\\/mekruphy.com\\\/de\\\/wp-content\\\/uploads\\\/2022\\\/02\\\/Grundschulheft.png\",\"datePublished\":\"2020-07-27T09:00:22+00:00\",\"dateModified\":\"2023-06-07T13:18:39+00:00\",\"description\":\"Zu jedem Experimentiersatz gibt es ein eigenes Heft mit detaillierten Informationen zu den Experimenten. Hier finden sich: p\u00e4dagogische Ziele, Wissenswertes \u00fcber den naturwissenschaftlichen Hintergrund und praktische Hinweise zur Durchf\u00fchrung des jeweiligen Experiments\",\"breadcrumb\":{\"@id\":\"https:\\\/\\\/mekruphy.com\\\/de\\\/produkte\\\/grundschule\\\/grundschule-handreichungen\\\/#breadcrumb\"},\"inLanguage\":\"de\",\"potentialAction\":[{\"@type\":\"ReadAction\",\"target\":[\"https:\\\/\\\/mekruphy.com\\\/de\\\/produkte\\\/grundschule\\\/grundschule-handreichungen\\\/\"]}]},{\"@type\":\"ImageObject\",\"inLanguage\":\"de\",\"@id\":\"https:\\\/\\\/mekruphy.com\\\/de\\\/produkte\\\/grundschule\\\/grundschule-handreichungen\\\/#primaryimage\",\"url\":\"https:\\\/\\\/mekruphy.com\\\/de\\\/wp-content\\\/uploads\\\/2022\\\/02\\\/Grundschulheft.png\",\"contentUrl\":\"https:\\\/\\\/mekruphy.com\\\/de\\\/wp-content\\\/uploads\\\/2022\\\/02\\\/Grundschulheft.png\",\"width\":1600,\"height\":1000,\"caption\":\"Handreichung Grundschule\"},{\"@type\":\"BreadcrumbList\",\"@id\":\"https:\\\/\\\/mekruphy.com\\\/de\\\/produkte\\\/grundschule\\\/grundschule-handreichungen\\\/#breadcrumb\",\"itemListElement\":[{\"@type\":\"ListItem\",\"position\":1,\"name\":\"Startseite\",\"item\":\"https:\\\/\\\/mekruphy.com\\\/de\\\/\"},{\"@type\":\"ListItem\",\"position\":2,\"name\":\"Produkte\",\"item\":\"https:\\\/\\\/mekruphy.com\\\/de\\\/produkte\\\/\"},{\"@type\":\"ListItem\",\"position\":3,\"name\":\"Grundschule\",\"item\":\"https:\\\/\\\/mekruphy.com\\\/de\\\/produkte\\\/grundschule\\\/\"},{\"@type\":\"ListItem\",\"position\":4,\"name\":\"GRUNDSCHULE Handreichungen\"}]},{\"@type\":\"WebSite\",\"@id\":\"https:\\\/\\\/mekruphy.com\\\/de\\\/#website\",\"url\":\"https:\\\/\\\/mekruphy.com\\\/de\\\/\",\"name\":\"MEKRUPHY GmbH\",\"description\":\"Sch\u00fcler-Experimentierk\u00e4sten f\u00fcr den MINT-Unterricht\",\"potentialAction\":[{\"@type\":\"SearchAction\",\"target\":{\"@type\":\"EntryPoint\",\"urlTemplate\":\"https:\\\/\\\/mekruphy.com\\\/de\\\/?s={search_term_string}\"},\"query-input\":{\"@type\":\"PropertyValueSpecification\",\"valueRequired\":true,\"valueName\":\"search_term_string\"}}],\"inLanguage\":\"de\"}]}<\/script>\n<!-- \/ Yoast SEO plugin. -->","yoast_head_json":{"title":"GRUNDSCHULE Handreichungen - MEKRUPHY GmbH","description":"Zu jedem Experimentiersatz gibt es ein eigenes Heft mit detaillierten Informationen zu den Experimenten. Hier finden sich: p\u00e4dagogische Ziele, Wissenswertes \u00fcber den naturwissenschaftlichen Hintergrund und praktische Hinweise zur Durchf\u00fchrung des jeweiligen Experiments","robots":{"index":"index","follow":"follow","max-snippet":"max-snippet:-1","max-image-preview":"max-image-preview:large","max-video-preview":"max-video-preview:-1"},"canonical":"https:\/\/mekruphy.com\/de\/produkte\/grundschule\/grundschule-handreichungen\/","og_locale":"de_DE","og_type":"article","og_title":"GRUNDSCHULE Handreichungen - MEKRUPHY GmbH","og_description":"Zu jedem Experimentiersatz gibt es ein eigenes Heft mit detaillierten Informationen zu den Experimenten. Hier finden sich: p\u00e4dagogische Ziele, Wissenswertes \u00fcber den naturwissenschaftlichen Hintergrund und praktische Hinweise zur Durchf\u00fchrung des jeweiligen Experiments","og_url":"https:\/\/mekruphy.com\/de\/produkte\/grundschule\/grundschule-handreichungen\/","og_site_name":"MEKRUPHY GmbH","article_modified_time":"2023-06-07T13:18:39+00:00","og_image":[{"width":1600,"height":1000,"url":"https:\/\/mekruphy.com\/de\/wp-content\/uploads\/2022\/02\/Grundschulheft.png","type":"image\/png"}],"twitter_card":"summary_large_image","twitter_misc":{"Gesch\u00e4tzte Lesezeit":"1\u00a0Minute"},"schema":{"@context":"https:\/\/schema.org","@graph":[{"@type":"WebPage","@id":"https:\/\/mekruphy.com\/de\/produkte\/grundschule\/grundschule-handreichungen\/","url":"https:\/\/mekruphy.com\/de\/produkte\/grundschule\/grundschule-handreichungen\/","name":"GRUNDSCHULE Handreichungen - MEKRUPHY GmbH","isPartOf":{"@id":"https:\/\/mekruphy.com\/de\/#website"},"primaryImageOfPage":{"@id":"https:\/\/mekruphy.com\/de\/produkte\/grundschule\/grundschule-handreichungen\/#primaryimage"},"image":{"@id":"https:\/\/mekruphy.com\/de\/produkte\/grundschule\/grundschule-handreichungen\/#primaryimage"},"thumbnailUrl":"https:\/\/mekruphy.com\/de\/wp-content\/uploads\/2022\/02\/Grundschulheft.png","datePublished":"2020-07-27T09:00:22+00:00","dateModified":"2023-06-07T13:18:39+00:00","description":"Zu jedem Experimentiersatz gibt es ein eigenes Heft mit detaillierten Informationen zu den Experimenten. Hier finden sich: p\u00e4dagogische Ziele, Wissenswertes \u00fcber den naturwissenschaftlichen Hintergrund und praktische Hinweise zur Durchf\u00fchrung des jeweiligen Experiments","breadcrumb":{"@id":"https:\/\/mekruphy.com\/de\/produkte\/grundschule\/grundschule-handreichungen\/#breadcrumb"},"inLanguage":"de","potentialAction":[{"@type":"ReadAction","target":["https:\/\/mekruphy.com\/de\/produkte\/grundschule\/grundschule-handreichungen\/"]}]},{"@type":"ImageObject","inLanguage":"de","@id":"https:\/\/mekruphy.com\/de\/produkte\/grundschule\/grundschule-handreichungen\/#primaryimage","url":"https:\/\/mekruphy.com\/de\/wp-content\/uploads\/2022\/02\/Grundschulheft.png","contentUrl":"https:\/\/mekruphy.com\/de\/wp-content\/uploads\/2022\/02\/Grundschulheft.png","width":1600,"height":1000,"caption":"Handreichung Grundschule"},{"@type":"BreadcrumbList","@id":"https:\/\/mekruphy.com\/de\/produkte\/grundschule\/grundschule-handreichungen\/#breadcrumb","itemListElement":[{"@type":"ListItem","position":1,"name":"Startseite","item":"https:\/\/mekruphy.com\/de\/"},{"@type":"ListItem","position":2,"name":"Produkte","item":"https:\/\/mekruphy.com\/de\/produkte\/"},{"@type":"ListItem","position":3,"name":"Grundschule","item":"https:\/\/mekruphy.com\/de\/produkte\/grundschule\/"},{"@type":"ListItem","position":4,"name":"GRUNDSCHULE Handreichungen"}]},{"@type":"WebSite","@id":"https:\/\/mekruphy.com\/de\/#website","url":"https:\/\/mekruphy.com\/de\/","name":"MEKRUPHY GmbH","description":"Sch\u00fcler-Experimentierk\u00e4sten f\u00fcr den MINT-Unterricht","potentialAction":[{"@type":"SearchAction","target":{"@type":"EntryPoint","urlTemplate":"https:\/\/mekruphy.com\/de\/?s={search_term_string}"},"query-input":{"@type":"PropertyValueSpecification","valueRequired":true,"valueName":"search_term_string"}}],"inLanguage":"de"}]}},"coauthors":[],"author_meta":{"author_link":"https:\/\/mekruphy.com\/de\/author\/mwbsca\/","display_name":"mwbscA"},"relative_dates":{"created":"Ver\u00f6ffentlicht 6\u00a0Jahren vor","modified":"Aktualisiert 3\u00a0Jahren vor"},"absolute_dates":{"created":"Ver\u00f6ffentlicht am 27. Juli 2020","modified":"Aktualisiert am 7. Juni 2023"},"absolute_dates_time":{"created":"Ver\u00f6ffentlicht am 27. Juli 2020 11:00","modified":"Aktualisiert am 7. Juni 2023 15:18"},"featured_img_caption":"","featured_img":"https:\/\/mekruphy.com\/de\/wp-content\/uploads\/2022\/02\/Grundschulheft.png","series_order":"","_links":{"self":[{"href":"https:\/\/mekruphy.com\/de\/wp-json\/wp\/v2\/pages\/1324","targetHints":{"allow":["GET"]}}],"collection":[{"href":"https:\/\/mekruphy.com\/de\/wp-json\/wp\/v2\/pages"}],"about":[{"href":"https:\/\/mekruphy.com\/de\/wp-json\/wp\/v2\/types\/page"}],"author":[{"embeddable":true,"href":"https:\/\/mekruphy.com\/de\/wp-json\/wp\/v2\/users\/1"}],"replies":[{"embeddable":true,"href":"https:\/\/mekruphy.com\/de\/wp-json\/wp\/v2\/comments?post=1324"}],"version-history":[{"count":17,"href":"https:\/\/mekruphy.com\/de\/wp-json\/wp\/v2\/pages\/1324\/revisions"}],"predecessor-version":[{"id":7431,"href":"https:\/\/mekruphy.com\/de\/wp-json\/wp\/v2\/pages\/1324\/revisions\/7431"}],"up":[{"embeddable":true,"href":"https:\/\/mekruphy.com\/de\/wp-json\/wp\/v2\/pages\/622"}],"wp:featuredmedia":[{"embeddable":true,"href":"https:\/\/mekruphy.com\/de\/wp-json\/wp\/v2\/media\/5409"}],"wp:attachment":[{"href":"https:\/\/mekruphy.com\/de\/wp-json\/wp\/v2\/media?parent=1324"}],"curies":[{"name":"wp","href":"https:\/\/api.w.org\/{rel}","templated":true}]}}