{"id":1672,"date":"2020-07-27T17:37:07","date_gmt":"2020-07-27T15:37:07","guid":{"rendered":"https:\/\/mekruphy.com\/de\/?page_id=1672"},"modified":"2026-04-13T10:53:16","modified_gmt":"2026-04-13T08:53:16","slug":"addestation-aufruestoption","status":"publish","type":"page","link":"https:\/\/mekruphy.com\/de\/produkte\/addestation\/addestation-aufruestoption\/","title":{"rendered":"Aufr\u00fcstoption f\u00fcr bestehende MGA-Versionen"},"content":{"rendered":"<div class=\"yoast-breadcrumbs\"><span><span><a href=\"https:\/\/mekruphy.com\/de\/\">Startseite<\/a><\/span> \u00bb <span><a href=\"https:\/\/mekruphy.com\/de\/produkte\/\">Produkte<\/a><\/span> \u00bb <span><a href=\"https:\/\/mekruphy.com\/de\/produkte\/addestation\/\">ADDESTATION<\/a><\/span> \u00bb <span class=\"breadcrumb_last\" aria-current=\"page\">Aufr\u00fcstoption f\u00fcr bestehende MGA-Versionen<\/span><\/span><\/div>\n\n\n<h2 class=\"wp-block-heading\" id=\"aufrustoption-fur-bestehende-mgaversionen-b0e21aa1-59e0-4061-b892-1edf5d8c0b33\">Aufr\u00fcstoption f\u00fcr bestehende MGA-Versionen<\/h2>\n\n\n\n<div class=\"wp-block-essential-blocks-row alignfull  root-eb-row-xb816\"><div class=\"eb-parent-wrapper eb-parent-eb-row-xb816 \"><div class=\"eb-row-root-container eb-row-xb816\" data-id=\"eb-row-xb816\"><div class=\"eb-row-wrapper\"><div class=\"eb-row-inner\">\n<div class=\"wp-block-essential-blocks-column  root-eb-column-7sdyq\"><div class=\"eb-parent-wrapper eb-parent-eb-column-7sdyq \"><div class=\"eb-column-wrapper eb-column-7sdyq\"><div class=\"eb-column-inner\">\n<p>Auch wenn die Halbwertszeit digitaler L\u00f6sungen dank des technologischen Fortschritts deutlich k\u00fcrzer ist als die analoger Ger\u00e4te, bem\u00fchen wir uns auch hier immer um langlebige Produkte und nachhaltige, langfristig Nutzbarkeit des MEKRUPHY-Experimentier-Programms (kontinuierliche Software-Updates, kompatible Hardware-Aufr\u00fcstoptionen, langfristige Verf\u00fcgbarkeit von Ersatzteilen). F\u00fcr die Nutzung der wireless-Sensoren haben wir die Arbeitshefte entsprechend umgeschrieben.<\/p>\n\n\n\n<div style=\"height:20px\" aria-hidden=\"true\" class=\"wp-block-spacer\"><\/div>\n\n\n\n<p>Ihre bestehende MGA-Version unserer Experimentiers\u00e4tze k\u00f6nnen Sie jederzeit problemlos auf Bluetooth-\u00dcbertragung zur Nutzung mit einem Tablet (iOS\/Android) aufr\u00fcsten:<\/p>\n\n\n\n<p><\/p>\n<\/div><\/div><\/div><\/div>\n\n\n\n<div class=\"wp-block-essential-blocks-column  root-eb-column-hjupk\"><div class=\"eb-parent-wrapper eb-parent-eb-column-hjupk \"><div class=\"eb-column-wrapper eb-column-hjupk\"><div class=\"eb-column-inner\">\n<div class=\"wp-block-essential-blocks-advanced-image  root-eb-advanced-image-bq0s3\"><div class=\"eb-parent-wrapper eb-parent-eb-advanced-image-bq0s3 \"><figure class=\"eb-advanced-image-wrapper eb-advanced-image-bq0s3 no-effect\" data-id=\"eb-advanced-image-bq0s3\"><div class=\"eb-image-wrapper\"><div class=\"eb-image-wrapper-inner eb-img-caption-style-1 eb-caption-horizontal-center eb-caption-vertical-bottom bottom  eb-img-style-rounded\"><img decoding=\"async\" src=\"https:\/\/mekruphy.com\/de\/wp-content\/uploads\/2021\/03\/MGALadegeraet.png\" alt=\"MGA mit Addestation\"\/><figcaption class=\"eb-image-caption-wrap\">MGA<\/figcaption><\/div><\/div><\/figure><\/div><\/div>\n<\/div><\/div><\/div><\/div>\n<\/div><\/div><\/div><\/div><\/div>\n\n\n\n<p>&nbsp; <\/p>\n\n\n\n<div class=\"wp-block-advgb-accordions advgb-accordions-099892cb-56f7-413d-b23a-22a135b578cc advgb-accordion-wrapper\">\n<div class=\"wp-block-advgb-accordion-item advgb-accordion-item advgb-dyn-534d11a8\" style=\"margin-bottom:15px\"><div class=\"advgb-accordion-header\" style=\"background-color:#000;color:#ffffff;border-style:solid;border-width:1px;border-color:#000000;border-radius:10px\"><span class=\"advgb-accordion-header-icon accordion-state\"><svg class=\"advgb-icon-closed\" fill=\"#ffffff\" xmlns=\"http:\/\/www.w3.org\/2000\/svg\" width=\"24\" height=\"24\" viewBox=\"0 0 24 24\"><path fill=\"none\" d=\"M0,0h24v24H0V0z\"><\/path><path d=\"M12,2C6.48,2,2,6.48,2,12s4.48,10,10,10s10-4.48,10-10S17.52,2,12,2z M17,13h-4v4h-2v-4H7v-2h4V7h2v4h4V13z\"><\/path><\/svg><svg class=\"advgb-icon-opened\" fill=\"#ffffff\" xmlns=\"http:\/\/www.w3.org\/2000\/svg\" width=\"24\" height=\"24\" viewBox=\"0 0 24 24\"><path fill=\"none\" d=\"M0,0h24v24H0V0z\"><\/path><path d=\"M12,2C6.48,2,2,6.48,2,12s4.48,10,10,10s10-4.48,10-10S17.52,2,12,2z M17,13H7v-2h10V13z\"><\/path><\/svg><\/span><h4 class=\"advgb-accordion-header-title\" style=\"color:inherit\">AKUSTIK 2<\/h4><\/div><div class=\"advgb-accordion-body\" style=\"border-style:solid !important;border-width:1px !important;border-color:#000000 !important;border-top:none !important;border-radius:10px !important\">\n<p>Hier m\u00fcssen Sie gar nichts aufr\u00fcsten: Stecken Sie das Audiokabel direkt in das Tablet bzw., wenn dieses keinen Audio-Eingang mehr hat, nutzen Sie einen Audio-USB-C-Adapter f\u00fcr den Anschluss am Tablet. Einen solchen Adapter finden sie auch in unserem <a href=\"https:\/\/shop.mekruphy.com\/artikeldetails\/usb-c-audio-adapter.aspx\" target=\"_blank\" rel=\"noreferrer noopener\">Webshop<\/a>. Den Verst\u00e4rker ben\u00f6tigen Sie in Verbindung mit einem Tablet nicht mehr.<\/p>\n\n\n\n<p>Die erforderliche Software k\u00f6nnen Sie <a href=\"https:\/\/www.mekruphy.com\/de\/produkte\/addestation\/addestation-software\/\">hier<\/a> kostenlos als App herunterladen.<\/p>\n<\/div><\/div>\n\n\n\n<div class=\"wp-block-advgb-accordion-item advgb-accordion-item advgb-dyn-fce915b9\" style=\"margin-bottom:15px\"><div class=\"advgb-accordion-header\" style=\"background-color:#000;color:#ffffff;border-style:solid;border-width:1px;border-color:#000000;border-radius:10px\"><span class=\"advgb-accordion-header-icon accordion-state\"><svg class=\"advgb-icon-closed\" fill=\"#ffffff\" xmlns=\"http:\/\/www.w3.org\/2000\/svg\" width=\"24\" height=\"24\" viewBox=\"0 0 24 24\"><path fill=\"none\" d=\"M0,0h24v24H0V0z\"><\/path><path d=\"M12,2C6.48,2,2,6.48,2,12s4.48,10,10,10s10-4.48,10-10S17.52,2,12,2z M17,13h-4v4h-2v-4H7v-2h4V7h2v4h4V13z\"><\/path><\/svg><svg class=\"advgb-icon-opened\" fill=\"#ffffff\" xmlns=\"http:\/\/www.w3.org\/2000\/svg\" width=\"24\" height=\"24\" viewBox=\"0 0 24 24\"><path fill=\"none\" d=\"M0,0h24v24H0V0z\"><\/path><path d=\"M12,2C6.48,2,2,6.48,2,12s4.48,10,10,10s10-4.48,10-10S17.52,2,12,2z M17,13H7v-2h10V13z\"><\/path><\/svg><\/span><h4 class=\"advgb-accordion-header-title\" style=\"color:inherit\">W\u00c4RME 3 und MECHANIK 5<\/h4><\/div><div class=\"advgb-accordion-body\" style=\"border-style:solid !important;border-width:1px !important;border-color:#000000 !important;border-top:none !important;border-radius:10px !important\">\n<p>Zwei <a href=\"https:\/\/shop.mekruphy.com\/physics-accessories\/1-kanal-logger-display.aspx\" target=\"_blank\" rel=\"noreferrer noopener\">1-Kanal-Datalogger<\/a> bzw. ein 2-Kanal-Datalogger \u00fcbertragen die Daten aufs Tablet. <\/p>\n\n\n\n<p>Die erforderliche Software k\u00f6nnen Sie <a href=\"https:\/\/www.mekruphy.com\/de\/produkte\/addestation\/addestation-software\/\">hier<\/a> kostenlos als App herunterladen.<\/p>\n<\/div><\/div>\n\n\n\n<div class=\"wp-block-advgb-accordion-item advgb-accordion-item advgb-dyn-055e187e\" style=\"margin-bottom:15px\"><div class=\"advgb-accordion-header\" style=\"background-color:#000;color:#ffffff;border-style:solid;border-width:1px;border-color:#000000;border-radius:10px\"><span class=\"advgb-accordion-header-icon accordion-state\"><svg class=\"advgb-icon-closed\" fill=\"#ffffff\" xmlns=\"http:\/\/www.w3.org\/2000\/svg\" width=\"24\" height=\"24\" viewBox=\"0 0 24 24\"><path fill=\"none\" d=\"M0,0h24v24H0V0z\"><\/path><path d=\"M12,2C6.48,2,2,6.48,2,12s4.48,10,10,10s10-4.48,10-10S17.52,2,12,2z M17,13h-4v4h-2v-4H7v-2h4V7h2v4h4V13z\"><\/path><\/svg><svg class=\"advgb-icon-opened\" fill=\"#ffffff\" xmlns=\"http:\/\/www.w3.org\/2000\/svg\" width=\"24\" height=\"24\" viewBox=\"0 0 24 24\"><path fill=\"none\" d=\"M0,0h24v24H0V0z\"><\/path><path d=\"M12,2C6.48,2,2,6.48,2,12s4.48,10,10,10s10-4.48,10-10S17.52,2,12,2z M17,13H7v-2h10V13z\"><\/path><\/svg><\/span><h4 class=\"advgb-accordion-header-title\" style=\"color:inherit\">ELEKTRIK 5<\/h4><\/div><div class=\"advgb-accordion-body\" style=\"border-style:solid !important;border-width:1px !important;border-color:#000000 !important;border-top:none !important;border-radius:10px !important\">\n<p>Zwei <a href=\"https:\/\/shop.mekruphy.com\/physics-accessories\/1-kanal-logger-display.aspx\">1-Kanal-Datalogger<\/a> bzw. ein 2-Kanal-Datalogger \u00fcbertragen die Daten aufs Tablet. Die ben\u00f6tigten Sensor-Verbindungskabel sind bereits in ihrer Version enthalten.<\/p>\n\n\n\n<p>Die erforderliche Software k\u00f6nnen Sie <a href=\"https:\/\/www.mekruphy.com\/de\/produkte\/addestation\/addestation-software\/\">hier<\/a> kostenlos als App herunterladen.<\/p>\n<\/div><\/div>\n<\/div>\n\n\n\n<h4 class=\"wp-block-heading\" id=\"hinweis-10d0a631-3c8b-4e3b-b422-05706d813c82\">Hinweis<\/h4>\n\n\n\n<p>Wenn mehrere verschiedene ADDESTATION-Experimentiers\u00e4tze an der Schule vorhanden sind, k\u00f6nnen die <a href=\"https:\/\/shop.mekruphy.com\/physics-accessories\/1-kanal-logger-display.aspx\" target=\"_blank\" rel=\"noreferrer noopener\">1-Kanal-<\/a> und 2-Kanal-Datalogger nat\u00fcrlich f\u00fcr verschiedene Experimentiers\u00e4tze genutzt werden.<\/p>\n\n\n\n<p><\/p>\n","protected":false},"excerpt":{"rendered":"<p>Aufr\u00fcstoption f\u00fcr bestehende MGA-Versionen &nbsp; Hinweis Wenn mehrere verschiedene ADDESTATION-Experimentiers\u00e4tze an der Schule vorhanden sind, k\u00f6nnen die 1-Kanal- und 2-Kanal-Datalogger nat\u00fcrlich f\u00fcr verschiedene Experimentiers\u00e4tze genutzt werden.<\/p>\n","protected":false},"author":1,"featured_media":4921,"parent":620,"menu_order":0,"comment_status":"closed","ping_status":"closed","template":"templates\/productcategory.php","meta":{"_acf_changed":false,"_coblocks_attr":"","_coblocks_dimensions":"","_coblocks_responsive_height":"","_coblocks_accordion_ie_support":"","_eb_attr":"","advgb_blocks_editor_width":"","advgb_blocks_columns_visual_guide":"","footnotes":""},"class_list":["post-1672","page","type-page","status-publish","has-post-thumbnail","hentry"],"acf":[],"yoast_head":"<!-- This site is optimized with the Yoast SEO plugin v27.3 - https:\/\/yoast.com\/product\/yoast-seo-wordpress\/ -->\n<title>Aufr\u00fcstoption f\u00fcr bestehende MGA-Versionen - MEKRUPHY GmbH<\/title>\n<meta name=\"description\" content=\"Ihre bestehende MGA-Version unserer Experimentiers\u00e4tze k\u00f6nnen Sie jederzeit problemlos auf Bluetooth-\u00dcbertragung aufr\u00fcsten.\" \/>\n<meta name=\"robots\" content=\"index, follow, max-snippet:-1, max-image-preview:large, max-video-preview:-1\" \/>\n<link rel=\"canonical\" href=\"https:\/\/mekruphy.com\/de\/produkte\/addestation\/addestation-aufruestoption\/\" \/>\n<meta property=\"og:locale\" content=\"de_DE\" \/>\n<meta property=\"og:type\" content=\"article\" \/>\n<meta property=\"og:title\" content=\"Aufr\u00fcstoption f\u00fcr bestehende MGA-Versionen - MEKRUPHY GmbH\" \/>\n<meta property=\"og:description\" content=\"Ihre bestehende MGA-Version unserer Experimentiers\u00e4tze k\u00f6nnen Sie jederzeit problemlos auf Bluetooth-\u00dcbertragung aufr\u00fcsten.\" \/>\n<meta property=\"og:url\" content=\"https:\/\/mekruphy.com\/de\/produkte\/addestation\/addestation-aufruestoption\/\" \/>\n<meta property=\"og:site_name\" content=\"MEKRUPHY GmbH\" \/>\n<meta property=\"article:modified_time\" content=\"2026-04-13T08:53:16+00:00\" \/>\n<meta property=\"og:image\" content=\"https:\/\/mekruphy.com\/de\/wp-content\/uploads\/2022\/01\/MGA_transparent_wide.png\" \/>\n\t<meta property=\"og:image:width\" content=\"1100\" \/>\n\t<meta property=\"og:image:height\" content=\"1000\" \/>\n\t<meta property=\"og:image:type\" content=\"image\/png\" \/>\n<meta name=\"twitter:card\" content=\"summary_large_image\" \/>\n<meta name=\"twitter:label1\" content=\"Gesch\u00e4tzte Lesezeit\" \/>\n\t<meta name=\"twitter:data1\" content=\"2\u00a0Minuten\" \/>\n<script type=\"application\/ld+json\" class=\"yoast-schema-graph\">{\"@context\":\"https:\\\/\\\/schema.org\",\"@graph\":[{\"@type\":\"WebPage\",\"@id\":\"https:\\\/\\\/mekruphy.com\\\/de\\\/produkte\\\/addestation\\\/addestation-aufruestoption\\\/\",\"url\":\"https:\\\/\\\/mekruphy.com\\\/de\\\/produkte\\\/addestation\\\/addestation-aufruestoption\\\/\",\"name\":\"Aufr\u00fcstoption f\u00fcr bestehende MGA-Versionen - MEKRUPHY GmbH\",\"isPartOf\":{\"@id\":\"https:\\\/\\\/mekruphy.com\\\/de\\\/#website\"},\"primaryImageOfPage\":{\"@id\":\"https:\\\/\\\/mekruphy.com\\\/de\\\/produkte\\\/addestation\\\/addestation-aufruestoption\\\/#primaryimage\"},\"image\":{\"@id\":\"https:\\\/\\\/mekruphy.com\\\/de\\\/produkte\\\/addestation\\\/addestation-aufruestoption\\\/#primaryimage\"},\"thumbnailUrl\":\"https:\\\/\\\/mekruphy.com\\\/de\\\/wp-content\\\/uploads\\\/2022\\\/01\\\/MGA_transparent_wide.png\",\"datePublished\":\"2020-07-27T15:37:07+00:00\",\"dateModified\":\"2026-04-13T08:53:16+00:00\",\"description\":\"Ihre bestehende MGA-Version unserer Experimentiers\u00e4tze k\u00f6nnen Sie jederzeit problemlos auf Bluetooth-\u00dcbertragung aufr\u00fcsten.\",\"breadcrumb\":{\"@id\":\"https:\\\/\\\/mekruphy.com\\\/de\\\/produkte\\\/addestation\\\/addestation-aufruestoption\\\/#breadcrumb\"},\"inLanguage\":\"de\",\"potentialAction\":[{\"@type\":\"ReadAction\",\"target\":[\"https:\\\/\\\/mekruphy.com\\\/de\\\/produkte\\\/addestation\\\/addestation-aufruestoption\\\/\"]}]},{\"@type\":\"ImageObject\",\"inLanguage\":\"de\",\"@id\":\"https:\\\/\\\/mekruphy.com\\\/de\\\/produkte\\\/addestation\\\/addestation-aufruestoption\\\/#primaryimage\",\"url\":\"https:\\\/\\\/mekruphy.com\\\/de\\\/wp-content\\\/uploads\\\/2022\\\/01\\\/MGA_transparent_wide.png\",\"contentUrl\":\"https:\\\/\\\/mekruphy.com\\\/de\\\/wp-content\\\/uploads\\\/2022\\\/01\\\/MGA_transparent_wide.png\",\"width\":1100,\"height\":1000},{\"@type\":\"BreadcrumbList\",\"@id\":\"https:\\\/\\\/mekruphy.com\\\/de\\\/produkte\\\/addestation\\\/addestation-aufruestoption\\\/#breadcrumb\",\"itemListElement\":[{\"@type\":\"ListItem\",\"position\":1,\"name\":\"Startseite\",\"item\":\"https:\\\/\\\/mekruphy.com\\\/de\\\/\"},{\"@type\":\"ListItem\",\"position\":2,\"name\":\"Produkte\",\"item\":\"https:\\\/\\\/mekruphy.com\\\/de\\\/produkte\\\/\"},{\"@type\":\"ListItem\",\"position\":3,\"name\":\"ADDESTATION\",\"item\":\"https:\\\/\\\/mekruphy.com\\\/de\\\/produkte\\\/addestation\\\/\"},{\"@type\":\"ListItem\",\"position\":4,\"name\":\"Aufr\u00fcstoption f\u00fcr bestehende MGA-Versionen\"}]},{\"@type\":\"WebSite\",\"@id\":\"https:\\\/\\\/mekruphy.com\\\/de\\\/#website\",\"url\":\"https:\\\/\\\/mekruphy.com\\\/de\\\/\",\"name\":\"MEKRUPHY GmbH\",\"description\":\"Sch\u00fcler-Experimentierk\u00e4sten f\u00fcr den MINT-Unterricht\",\"potentialAction\":[{\"@type\":\"SearchAction\",\"target\":{\"@type\":\"EntryPoint\",\"urlTemplate\":\"https:\\\/\\\/mekruphy.com\\\/de\\\/?s={search_term_string}\"},\"query-input\":{\"@type\":\"PropertyValueSpecification\",\"valueRequired\":true,\"valueName\":\"search_term_string\"}}],\"inLanguage\":\"de\"}]}<\/script>\n<!-- \/ Yoast SEO plugin. -->","yoast_head_json":{"title":"Aufr\u00fcstoption f\u00fcr bestehende MGA-Versionen - MEKRUPHY GmbH","description":"Ihre bestehende MGA-Version unserer Experimentiers\u00e4tze k\u00f6nnen Sie jederzeit problemlos auf Bluetooth-\u00dcbertragung aufr\u00fcsten.","robots":{"index":"index","follow":"follow","max-snippet":"max-snippet:-1","max-image-preview":"max-image-preview:large","max-video-preview":"max-video-preview:-1"},"canonical":"https:\/\/mekruphy.com\/de\/produkte\/addestation\/addestation-aufruestoption\/","og_locale":"de_DE","og_type":"article","og_title":"Aufr\u00fcstoption f\u00fcr bestehende MGA-Versionen - MEKRUPHY GmbH","og_description":"Ihre bestehende MGA-Version unserer Experimentiers\u00e4tze k\u00f6nnen Sie jederzeit problemlos auf Bluetooth-\u00dcbertragung aufr\u00fcsten.","og_url":"https:\/\/mekruphy.com\/de\/produkte\/addestation\/addestation-aufruestoption\/","og_site_name":"MEKRUPHY GmbH","article_modified_time":"2026-04-13T08:53:16+00:00","og_image":[{"width":1100,"height":1000,"url":"https:\/\/mekruphy.com\/de\/wp-content\/uploads\/2022\/01\/MGA_transparent_wide.png","type":"image\/png"}],"twitter_card":"summary_large_image","twitter_misc":{"Gesch\u00e4tzte Lesezeit":"2\u00a0Minuten"},"schema":{"@context":"https:\/\/schema.org","@graph":[{"@type":"WebPage","@id":"https:\/\/mekruphy.com\/de\/produkte\/addestation\/addestation-aufruestoption\/","url":"https:\/\/mekruphy.com\/de\/produkte\/addestation\/addestation-aufruestoption\/","name":"Aufr\u00fcstoption f\u00fcr bestehende MGA-Versionen - MEKRUPHY GmbH","isPartOf":{"@id":"https:\/\/mekruphy.com\/de\/#website"},"primaryImageOfPage":{"@id":"https:\/\/mekruphy.com\/de\/produkte\/addestation\/addestation-aufruestoption\/#primaryimage"},"image":{"@id":"https:\/\/mekruphy.com\/de\/produkte\/addestation\/addestation-aufruestoption\/#primaryimage"},"thumbnailUrl":"https:\/\/mekruphy.com\/de\/wp-content\/uploads\/2022\/01\/MGA_transparent_wide.png","datePublished":"2020-07-27T15:37:07+00:00","dateModified":"2026-04-13T08:53:16+00:00","description":"Ihre bestehende MGA-Version unserer Experimentiers\u00e4tze k\u00f6nnen Sie jederzeit problemlos auf Bluetooth-\u00dcbertragung aufr\u00fcsten.","breadcrumb":{"@id":"https:\/\/mekruphy.com\/de\/produkte\/addestation\/addestation-aufruestoption\/#breadcrumb"},"inLanguage":"de","potentialAction":[{"@type":"ReadAction","target":["https:\/\/mekruphy.com\/de\/produkte\/addestation\/addestation-aufruestoption\/"]}]},{"@type":"ImageObject","inLanguage":"de","@id":"https:\/\/mekruphy.com\/de\/produkte\/addestation\/addestation-aufruestoption\/#primaryimage","url":"https:\/\/mekruphy.com\/de\/wp-content\/uploads\/2022\/01\/MGA_transparent_wide.png","contentUrl":"https:\/\/mekruphy.com\/de\/wp-content\/uploads\/2022\/01\/MGA_transparent_wide.png","width":1100,"height":1000},{"@type":"BreadcrumbList","@id":"https:\/\/mekruphy.com\/de\/produkte\/addestation\/addestation-aufruestoption\/#breadcrumb","itemListElement":[{"@type":"ListItem","position":1,"name":"Startseite","item":"https:\/\/mekruphy.com\/de\/"},{"@type":"ListItem","position":2,"name":"Produkte","item":"https:\/\/mekruphy.com\/de\/produkte\/"},{"@type":"ListItem","position":3,"name":"ADDESTATION","item":"https:\/\/mekruphy.com\/de\/produkte\/addestation\/"},{"@type":"ListItem","position":4,"name":"Aufr\u00fcstoption f\u00fcr bestehende MGA-Versionen"}]},{"@type":"WebSite","@id":"https:\/\/mekruphy.com\/de\/#website","url":"https:\/\/mekruphy.com\/de\/","name":"MEKRUPHY GmbH","description":"Sch\u00fcler-Experimentierk\u00e4sten f\u00fcr den MINT-Unterricht","potentialAction":[{"@type":"SearchAction","target":{"@type":"EntryPoint","urlTemplate":"https:\/\/mekruphy.com\/de\/?s={search_term_string}"},"query-input":{"@type":"PropertyValueSpecification","valueRequired":true,"valueName":"search_term_string"}}],"inLanguage":"de"}]}},"coauthors":[],"author_meta":{"author_link":"https:\/\/mekruphy.com\/de\/author\/mwbsca\/","display_name":"mwbscA"},"relative_dates":{"created":"Ver\u00f6ffentlicht 6\u00a0Jahren vor","modified":"Aktualisiert 2\u00a0Tagen vor"},"absolute_dates":{"created":"Ver\u00f6ffentlicht am 27. Juli 2020","modified":"Aktualisiert am 13. April 2026"},"absolute_dates_time":{"created":"Ver\u00f6ffentlicht am 27. Juli 2020 17:37","modified":"Aktualisiert am 13. April 2026 10:53"},"featured_img_caption":"","featured_img":"https:\/\/mekruphy.com\/de\/wp-content\/uploads\/2022\/01\/MGA_transparent_wide.png","series_order":"","_links":{"self":[{"href":"https:\/\/mekruphy.com\/de\/wp-json\/wp\/v2\/pages\/1672","targetHints":{"allow":["GET"]}}],"collection":[{"href":"https:\/\/mekruphy.com\/de\/wp-json\/wp\/v2\/pages"}],"about":[{"href":"https:\/\/mekruphy.com\/de\/wp-json\/wp\/v2\/types\/page"}],"author":[{"embeddable":true,"href":"https:\/\/mekruphy.com\/de\/wp-json\/wp\/v2\/users\/1"}],"replies":[{"embeddable":true,"href":"https:\/\/mekruphy.com\/de\/wp-json\/wp\/v2\/comments?post=1672"}],"version-history":[{"count":84,"href":"https:\/\/mekruphy.com\/de\/wp-json\/wp\/v2\/pages\/1672\/revisions"}],"predecessor-version":[{"id":9764,"href":"https:\/\/mekruphy.com\/de\/wp-json\/wp\/v2\/pages\/1672\/revisions\/9764"}],"up":[{"embeddable":true,"href":"https:\/\/mekruphy.com\/de\/wp-json\/wp\/v2\/pages\/620"}],"wp:featuredmedia":[{"embeddable":true,"href":"https:\/\/mekruphy.com\/de\/wp-json\/wp\/v2\/media\/4921"}],"wp:attachment":[{"href":"https:\/\/mekruphy.com\/de\/wp-json\/wp\/v2\/media?parent=1672"}],"curies":[{"name":"wp","href":"https:\/\/api.w.org\/{rel}","templated":true}]}}