{"id":2201,"date":"2020-08-03T12:18:29","date_gmt":"2020-08-03T10:18:29","guid":{"rendered":"https:\/\/mekruphy.com\/de\/?page_id=2201"},"modified":"2022-03-08T08:33:08","modified_gmt":"2022-03-08T07:33:08","slug":"mathematik-aufbewahrung","status":"publish","type":"page","link":"https:\/\/mekruphy.com\/de\/produkte\/mathematik\/mathematik-aufbewahrung\/","title":{"rendered":"Aufbewahrung"},"content":{"rendered":"<div class=\"yoast-breadcrumbs\"><span><span><a href=\"https:\/\/mekruphy.com\/de\/\">Startseite<\/a><\/span> \u00bb <span><a href=\"https:\/\/mekruphy.com\/de\/produkte\/\">Produkte<\/a><\/span> \u00bb <span><a href=\"https:\/\/mekruphy.com\/de\/produkte\/mathematik\/\">Mathematik<\/a><\/span> \u00bb <span class=\"breadcrumb_last\" aria-current=\"page\">Aufbewahrung<\/span><\/span><\/div>\n\n\n<h2 class=\"wp-block-heading\" id=\"aufbewahrung-der-mathematik-experimentierkasten\">Aufbewahrung der MATHEMATIK-Experimentierk\u00e4sten<\/h2>\n\n\n\n<h3 class=\"wp-block-heading\" id=\"h-einzeln-verfugbar\">Einzeln verf\u00fcgbar<\/h3>\n\n\n\n<p>Um ein schnelles Austeilen und ein ebenso rasches und kontrolliertes Aufr\u00e4umen der Experimentiers\u00e4tze zu gew\u00e4hrleisten, ist es nicht zweckm\u00e4\u00dfig, die K\u00e4sten gestapelt aufzubewahren. Deshalb sollten sie vielmehr einzeln verf\u00fcgbar bereitstehen. Das erreicht man durch eine entsprechende Anzahl von Fachb\u00f6den in den Schr\u00e4nken.<\/p>\n\n\n\n<h3 class=\"wp-block-heading\" id=\"h-geringe-schranktiefe\">Geringe Schranktiefe<\/h3>\n\n\n\n<p>Die MEKRUPHY-Experimentierk\u00e4sten f\u00fcr die Mathematik sind 35 cm lang, 27 cm breit und 6 cm hoch. Dadurch finden sie auch in Schr\u00e4nken mit nur 40 cm Tiefe bequem Platz. Bei einer \u00fcblichen Schrankbreite von 120 cm k\u00f6nnen auf diese Weise vier K\u00e4sten nebeneinander aufbewahrt werden, so dass bei einer normalen Schrankh\u00f6he von 197 cm und 11 Zwischenb\u00f6den bis zu 48 Experimentierk\u00e4sten in einem Schrank untergebracht werden k\u00f6nnen.<\/p>\n\n\n\n<h2 class=\"wp-block-heading\" id=\"h-glasturenschrank\">Glast\u00fcrenschrank<\/h2>\n\n\n\n<div class=\"wp-block-advgb-columns advgb-columns-wrapper\" id=\"advgb-cols-7f9e21ae-e3e1-4c62-b4df-6ffb1333de02\"><div class=\"advgb-columns-container\"><div class=\"advgb-columns advgb-columns-row advgb-is-mobile advgb-columns-2 layout-23-13 mbl-layout-stacked gutter-20 vgutter-10\">\n<div class=\"wp-block-advgb-column advgb-column advgb-is-two-thirds-tablet advgb-is-full-mobile\" id=\"advgb-col-e23d1371-0364-4002-ac96-9170465acbd2\"><div class=\"advgb-column-inner\" style=\"border-style:none;border-width:1px\">\n<p>Au\u00dfenma\u00dfe: 120 x 197 x 44,5 cm (BxHxT)<\/p>\n\n\n\n<p>Die abgebildeten Experimentierk\u00e4sten sind nicht im Lieferumfang des Schranks enthalten.<\/p>\n\n\n\n<p>Der Schrank besteht aus einem robusten Korpus aus LIGNOpal mit 2 voll verglasten Glasrahment\u00fcren, eine davon mit Metallb\u00fcgelgriff und Schloss. Die T\u00fcren lassen sich bis auf 270\u00b0 \u00f6ffnen. Der Schrank ist mit 11 Zwischenb\u00f6den lieferbar und wird vor Ort aufgebaut.<\/p>\n<\/div><\/div>\n\n\n\n<div class=\"wp-block-advgb-column advgb-column advgb-is-one-third-tablet advgb-is-full-mobile\" id=\"advgb-col-40308d14-f621-4fab-b0f3-f235a36ba941\"><div class=\"advgb-column-inner\" style=\"border-style:none;border-width:1px\">\n<figure class=\"wp-block-image size-large is-resized\"><img loading=\"lazy\" decoding=\"async\" src=\"https:\/\/mekruphy.com\/de\/wp-content\/uploads\/2021\/02\/Mathematik_Glastuerenschrank.jpg\" alt=\"Glast\u00fcrenschrank f\u00fcr MEKRUPHY-K\u00e4sten\" class=\"wp-image-2818\" width=\"278\" height=\"253\" srcset=\"https:\/\/mekruphy.com\/de\/wp-content\/uploads\/2021\/02\/Mathematik_Glastuerenschrank.jpg 354w, https:\/\/mekruphy.com\/de\/wp-content\/uploads\/2021\/02\/Mathematik_Glastuerenschrank-300x273.jpg 300w\" sizes=\"auto, (max-width: 278px) 100vw, 278px\" \/><\/figure>\n<\/div><\/div>\n<\/div><\/div><\/div>\n\n\n\n<h2 class=\"wp-block-heading\" id=\"h-fahrschrank\">Fahrschrank<\/h2>\n\n\n\n<div class=\"wp-block-advgb-columns advgb-columns-wrapper\" id=\"advgb-cols-19241128-33b2-449c-899b-ae43bf0d60d4\"><div class=\"advgb-columns-container\"><div class=\"advgb-columns advgb-columns-row advgb-is-mobile advgb-columns-2 layout-23-13 mbl-layout-stacked gutter-20 vgutter-10\">\n<div class=\"wp-block-advgb-column advgb-column advgb-is-two-thirds-tablet advgb-is-full-mobile\" id=\"advgb-col-5c0c2677-30bc-4673-9253-b4e4a1569b12\"><div class=\"advgb-column-inner\" style=\"border-style:none;border-width:1px\">\n<p>Mit diesem verschlie\u00dfbaren, fahrbaren Stahlschrank lassen sich die MEKRUPHY-Experimentiers\u00e4tze und das entsprechende Zubeh\u00f6r leicht von einem Raum zum anderen transportieren. Dabei sorgen die leichtg\u00e4ngigen Technikrollen f\u00fcr ersch\u00fctterungsfreies Fahren. Der Schrank besteht aus einem robusten Stahlrohrgestell, einem 3-seitig geschlossenen Korpus aus Lochblech, zwei T\u00fcren aus LIGNOpal, eine davon mit Metallgriff und Schloss, 4 Technikrollen \u00d8 = 10 cm, einem Oberboden aus LIGNOpal und einem Unterboden aus Stahlblech.<\/p>\n\n\n\n<p>F\u00fcr das Mathematik-Programm ist der Fahrschrank mit 7 Zwischenb\u00f6den erh\u00e4ltlich und kann bis zu 32 Experimentierk\u00e4sten aufnehmen. Er wird komplett montiert geliefert.<\/p>\n\n\n\n<p>Au\u00dfenma\u00dfe: 125 x 128 x 48 cm (BxHxT)<\/p>\n<\/div><\/div>\n\n\n\n<div class=\"wp-block-advgb-column advgb-column advgb-is-one-third-tablet advgb-is-full-mobile\" id=\"advgb-col-110ec41b-e40f-4ec6-867b-931d19ac1e7c\"><div class=\"advgb-column-inner\" style=\"border-style:none;border-width:1px\">\n<figure class=\"wp-block-image size-large is-resized\"><img loading=\"lazy\" decoding=\"async\" src=\"https:\/\/mekruphy.com\/de\/wp-content\/uploads\/2021\/02\/Mathematik_Fahrschrank.jpg\" alt=\"Fahrschrank f\u00fcr MEKRUPHY-K\u00e4sten\" class=\"wp-image-2817\" width=\"359\" height=\"262\" srcset=\"https:\/\/mekruphy.com\/de\/wp-content\/uploads\/2021\/02\/Mathematik_Fahrschrank.jpg 354w, https:\/\/mekruphy.com\/de\/wp-content\/uploads\/2021\/02\/Mathematik_Fahrschrank-300x219.jpg 300w\" sizes=\"auto, (max-width: 359px) 100vw, 359px\" \/><\/figure>\n<\/div><\/div>\n<\/div><\/div><\/div>\n\n\n\n<p><\/p>\n<style class=\"advgb-styles-renderer\">#advgb-col-e23d1371-0364-4002-ac96-9170465acbd2>.advgb-column-inner{}@media screen and (max-width: 1023px) {#advgb-col-e23d1371-0364-4002-ac96-9170465acbd2>.advgb-column-inner{}}@media screen and (max-width: 767px) {#advgb-col-e23d1371-0364-4002-ac96-9170465acbd2>.advgb-column-inner{}}#advgb-col-40308d14-f621-4fab-b0f3-f235a36ba941>.advgb-column-inner{}@media screen and (max-width: 1023px) {#advgb-col-40308d14-f621-4fab-b0f3-f235a36ba941>.advgb-column-inner{}}@media screen and (max-width: 767px) {#advgb-col-40308d14-f621-4fab-b0f3-f235a36ba941>.advgb-column-inner{}}#advgb-cols-7f9e21ae-e3e1-4c62-b4df-6ffb1333de02{}@media screen and (max-width: 1023px) {#advgb-cols-7f9e21ae-e3e1-4c62-b4df-6ffb1333de02{}}@media screen and (max-width: 767px) {#advgb-cols-7f9e21ae-e3e1-4c62-b4df-6ffb1333de02{}}#advgb-col-e23d1371-0364-4002-ac96-9170465acbd2>.advgb-column-inner{}@media screen and (max-width: 1023px) {#advgb-col-e23d1371-0364-4002-ac96-9170465acbd2>.advgb-column-inner{}}@media screen and (max-width: 767px) {#advgb-col-e23d1371-0364-4002-ac96-9170465acbd2>.advgb-column-inner{}}#advgb-col-40308d14-f621-4fab-b0f3-f235a36ba941>.advgb-column-inner{}@media screen and (max-width: 1023px) {#advgb-col-40308d14-f621-4fab-b0f3-f235a36ba941>.advgb-column-inner{}}@media screen and (max-width: 767px) {#advgb-col-40308d14-f621-4fab-b0f3-f235a36ba941>.advgb-column-inner{}}#advgb-col-5c0c2677-30bc-4673-9253-b4e4a1569b12>.advgb-column-inner{}@media screen and (max-width: 1023px) {#advgb-col-5c0c2677-30bc-4673-9253-b4e4a1569b12>.advgb-column-inner{}}@media screen and (max-width: 767px) {#advgb-col-5c0c2677-30bc-4673-9253-b4e4a1569b12>.advgb-column-inner{}}#advgb-col-110ec41b-e40f-4ec6-867b-931d19ac1e7c>.advgb-column-inner{}@media screen and (max-width: 1023px) {#advgb-col-110ec41b-e40f-4ec6-867b-931d19ac1e7c>.advgb-column-inner{}}@media screen and (max-width: 767px) {#advgb-col-110ec41b-e40f-4ec6-867b-931d19ac1e7c>.advgb-column-inner{}}#advgb-cols-19241128-33b2-449c-899b-ae43bf0d60d4{}@media screen and (max-width: 1023px) {#advgb-cols-19241128-33b2-449c-899b-ae43bf0d60d4{}}@media screen and (max-width: 767px) {#advgb-cols-19241128-33b2-449c-899b-ae43bf0d60d4{}}#advgb-col-5c0c2677-30bc-4673-9253-b4e4a1569b12>.advgb-column-inner{}@media screen and (max-width: 1023px) {#advgb-col-5c0c2677-30bc-4673-9253-b4e4a1569b12>.advgb-column-inner{}}@media screen and (max-width: 767px) {#advgb-col-5c0c2677-30bc-4673-9253-b4e4a1569b12>.advgb-column-inner{}}#advgb-col-110ec41b-e40f-4ec6-867b-931d19ac1e7c>.advgb-column-inner{}@media screen and (max-width: 1023px) {#advgb-col-110ec41b-e40f-4ec6-867b-931d19ac1e7c>.advgb-column-inner{}}@media screen and (max-width: 767px) {#advgb-col-110ec41b-e40f-4ec6-867b-931d19ac1e7c>.advgb-column-inner{}}<\/style>","protected":false},"excerpt":{"rendered":"<p>Aufbewahrung der MATHEMATIK-Experimentierk\u00e4sten Einzeln verf\u00fcgbar Um ein schnelles Austeilen und ein ebenso rasches und kontrolliertes Aufr\u00e4umen der Experimentiers\u00e4tze zu gew\u00e4hrleisten, ist es nicht zweckm\u00e4\u00dfig, die K\u00e4sten gestapelt aufzubewahren. Deshalb sollten sie vielmehr einzeln verf\u00fcgbar bereitstehen. Das erreicht man durch eine entsprechende Anzahl von Fachb\u00f6den in den Schr\u00e4nken. Geringe Schranktiefe Die MEKRUPHY-Experimentierk\u00e4sten f\u00fcr die Mathematik sind [&hellip;]<\/p>\n","protected":false},"author":1,"featured_media":0,"parent":630,"menu_order":0,"comment_status":"closed","ping_status":"closed","template":"templates\/productcategory.php","meta":{"_acf_changed":false,"_coblocks_attr":"","_coblocks_dimensions":"","_coblocks_responsive_height":"","_coblocks_accordion_ie_support":"","_eb_attr":"","advgb_blocks_editor_width":"","advgb_blocks_columns_visual_guide":"","footnotes":""},"class_list":["post-2201","page","type-page","status-publish","hentry"],"acf":[],"yoast_head":"<!-- This site is optimized with the Yoast SEO plugin v27.3 - https:\/\/yoast.com\/product\/yoast-seo-wordpress\/ -->\n<title>Aufbewahrung - MEKRUPHY GmbH<\/title>\n<meta name=\"description\" content=\"Auf der Suche nach einem Schrank f\u00fcr Ihre MEKRUPHY-Ausstattung? Wir bieten Ihnen passende L\u00f6sungen - egal ob station\u00e4r oder transportabel.\" \/>\n<meta name=\"robots\" content=\"index, follow, max-snippet:-1, max-image-preview:large, max-video-preview:-1\" \/>\n<link rel=\"canonical\" href=\"https:\/\/mekruphy.com\/de\/produkte\/mathematik\/mathematik-aufbewahrung\/\" \/>\n<meta property=\"og:locale\" content=\"de_DE\" \/>\n<meta property=\"og:type\" content=\"article\" \/>\n<meta property=\"og:title\" content=\"Aufbewahrung - MEKRUPHY GmbH\" \/>\n<meta property=\"og:description\" content=\"Auf der Suche nach einem Schrank f\u00fcr Ihre MEKRUPHY-Ausstattung? Wir bieten Ihnen passende L\u00f6sungen - egal ob station\u00e4r oder transportabel.\" \/>\n<meta property=\"og:url\" content=\"https:\/\/mekruphy.com\/de\/produkte\/mathematik\/mathematik-aufbewahrung\/\" \/>\n<meta property=\"og:site_name\" content=\"MEKRUPHY GmbH\" \/>\n<meta property=\"article:modified_time\" content=\"2022-03-08T07:33:08+00:00\" \/>\n<meta property=\"og:image\" content=\"https:\/\/mekruphy.com\/de\/wp-content\/uploads\/2021\/02\/Mathematik_Glastuerenschrank.jpg\" \/>\n<meta name=\"twitter:card\" content=\"summary_large_image\" \/>\n<meta name=\"twitter:label1\" content=\"Gesch\u00e4tzte Lesezeit\" \/>\n\t<meta name=\"twitter:data1\" content=\"2\u00a0Minuten\" \/>\n<script type=\"application\/ld+json\" class=\"yoast-schema-graph\">{\"@context\":\"https:\\\/\\\/schema.org\",\"@graph\":[{\"@type\":\"WebPage\",\"@id\":\"https:\\\/\\\/mekruphy.com\\\/de\\\/produkte\\\/mathematik\\\/mathematik-aufbewahrung\\\/\",\"url\":\"https:\\\/\\\/mekruphy.com\\\/de\\\/produkte\\\/mathematik\\\/mathematik-aufbewahrung\\\/\",\"name\":\"Aufbewahrung - MEKRUPHY GmbH\",\"isPartOf\":{\"@id\":\"https:\\\/\\\/mekruphy.com\\\/de\\\/#website\"},\"primaryImageOfPage\":{\"@id\":\"https:\\\/\\\/mekruphy.com\\\/de\\\/produkte\\\/mathematik\\\/mathematik-aufbewahrung\\\/#primaryimage\"},\"image\":{\"@id\":\"https:\\\/\\\/mekruphy.com\\\/de\\\/produkte\\\/mathematik\\\/mathematik-aufbewahrung\\\/#primaryimage\"},\"thumbnailUrl\":\"https:\\\/\\\/mekruphy.com\\\/de\\\/wp-content\\\/uploads\\\/2021\\\/02\\\/Mathematik_Glastuerenschrank.jpg\",\"datePublished\":\"2020-08-03T10:18:29+00:00\",\"dateModified\":\"2022-03-08T07:33:08+00:00\",\"description\":\"Auf der Suche nach einem Schrank f\u00fcr Ihre MEKRUPHY-Ausstattung? Wir bieten Ihnen passende L\u00f6sungen - egal ob station\u00e4r oder transportabel.\",\"breadcrumb\":{\"@id\":\"https:\\\/\\\/mekruphy.com\\\/de\\\/produkte\\\/mathematik\\\/mathematik-aufbewahrung\\\/#breadcrumb\"},\"inLanguage\":\"de\",\"potentialAction\":[{\"@type\":\"ReadAction\",\"target\":[\"https:\\\/\\\/mekruphy.com\\\/de\\\/produkte\\\/mathematik\\\/mathematik-aufbewahrung\\\/\"]}]},{\"@type\":\"ImageObject\",\"inLanguage\":\"de\",\"@id\":\"https:\\\/\\\/mekruphy.com\\\/de\\\/produkte\\\/mathematik\\\/mathematik-aufbewahrung\\\/#primaryimage\",\"url\":\"https:\\\/\\\/mekruphy.com\\\/de\\\/wp-content\\\/uploads\\\/2021\\\/02\\\/Mathematik_Glastuerenschrank.jpg\",\"contentUrl\":\"https:\\\/\\\/mekruphy.com\\\/de\\\/wp-content\\\/uploads\\\/2021\\\/02\\\/Mathematik_Glastuerenschrank.jpg\",\"width\":354,\"height\":322},{\"@type\":\"BreadcrumbList\",\"@id\":\"https:\\\/\\\/mekruphy.com\\\/de\\\/produkte\\\/mathematik\\\/mathematik-aufbewahrung\\\/#breadcrumb\",\"itemListElement\":[{\"@type\":\"ListItem\",\"position\":1,\"name\":\"Startseite\",\"item\":\"https:\\\/\\\/mekruphy.com\\\/de\\\/\"},{\"@type\":\"ListItem\",\"position\":2,\"name\":\"Produkte\",\"item\":\"https:\\\/\\\/mekruphy.com\\\/de\\\/produkte\\\/\"},{\"@type\":\"ListItem\",\"position\":3,\"name\":\"Mathematik\",\"item\":\"https:\\\/\\\/mekruphy.com\\\/de\\\/produkte\\\/mathematik\\\/\"},{\"@type\":\"ListItem\",\"position\":4,\"name\":\"Aufbewahrung\"}]},{\"@type\":\"WebSite\",\"@id\":\"https:\\\/\\\/mekruphy.com\\\/de\\\/#website\",\"url\":\"https:\\\/\\\/mekruphy.com\\\/de\\\/\",\"name\":\"MEKRUPHY GmbH\",\"description\":\"Sch\u00fcler-Experimentierk\u00e4sten f\u00fcr den MINT-Unterricht\",\"potentialAction\":[{\"@type\":\"SearchAction\",\"target\":{\"@type\":\"EntryPoint\",\"urlTemplate\":\"https:\\\/\\\/mekruphy.com\\\/de\\\/?s={search_term_string}\"},\"query-input\":{\"@type\":\"PropertyValueSpecification\",\"valueRequired\":true,\"valueName\":\"search_term_string\"}}],\"inLanguage\":\"de\"}]}<\/script>\n<!-- \/ Yoast SEO plugin. -->","yoast_head_json":{"title":"Aufbewahrung - MEKRUPHY GmbH","description":"Auf der Suche nach einem Schrank f\u00fcr Ihre MEKRUPHY-Ausstattung? Wir bieten Ihnen passende L\u00f6sungen - egal ob station\u00e4r oder transportabel.","robots":{"index":"index","follow":"follow","max-snippet":"max-snippet:-1","max-image-preview":"max-image-preview:large","max-video-preview":"max-video-preview:-1"},"canonical":"https:\/\/mekruphy.com\/de\/produkte\/mathematik\/mathematik-aufbewahrung\/","og_locale":"de_DE","og_type":"article","og_title":"Aufbewahrung - MEKRUPHY GmbH","og_description":"Auf der Suche nach einem Schrank f\u00fcr Ihre MEKRUPHY-Ausstattung? Wir bieten Ihnen passende L\u00f6sungen - egal ob station\u00e4r oder transportabel.","og_url":"https:\/\/mekruphy.com\/de\/produkte\/mathematik\/mathematik-aufbewahrung\/","og_site_name":"MEKRUPHY GmbH","article_modified_time":"2022-03-08T07:33:08+00:00","og_image":[{"url":"https:\/\/mekruphy.com\/de\/wp-content\/uploads\/2021\/02\/Mathematik_Glastuerenschrank.jpg","type":"","width":"","height":""}],"twitter_card":"summary_large_image","twitter_misc":{"Gesch\u00e4tzte Lesezeit":"2\u00a0Minuten"},"schema":{"@context":"https:\/\/schema.org","@graph":[{"@type":"WebPage","@id":"https:\/\/mekruphy.com\/de\/produkte\/mathematik\/mathematik-aufbewahrung\/","url":"https:\/\/mekruphy.com\/de\/produkte\/mathematik\/mathematik-aufbewahrung\/","name":"Aufbewahrung - MEKRUPHY GmbH","isPartOf":{"@id":"https:\/\/mekruphy.com\/de\/#website"},"primaryImageOfPage":{"@id":"https:\/\/mekruphy.com\/de\/produkte\/mathematik\/mathematik-aufbewahrung\/#primaryimage"},"image":{"@id":"https:\/\/mekruphy.com\/de\/produkte\/mathematik\/mathematik-aufbewahrung\/#primaryimage"},"thumbnailUrl":"https:\/\/mekruphy.com\/de\/wp-content\/uploads\/2021\/02\/Mathematik_Glastuerenschrank.jpg","datePublished":"2020-08-03T10:18:29+00:00","dateModified":"2022-03-08T07:33:08+00:00","description":"Auf der Suche nach einem Schrank f\u00fcr Ihre MEKRUPHY-Ausstattung? Wir bieten Ihnen passende L\u00f6sungen - egal ob station\u00e4r oder transportabel.","breadcrumb":{"@id":"https:\/\/mekruphy.com\/de\/produkte\/mathematik\/mathematik-aufbewahrung\/#breadcrumb"},"inLanguage":"de","potentialAction":[{"@type":"ReadAction","target":["https:\/\/mekruphy.com\/de\/produkte\/mathematik\/mathematik-aufbewahrung\/"]}]},{"@type":"ImageObject","inLanguage":"de","@id":"https:\/\/mekruphy.com\/de\/produkte\/mathematik\/mathematik-aufbewahrung\/#primaryimage","url":"https:\/\/mekruphy.com\/de\/wp-content\/uploads\/2021\/02\/Mathematik_Glastuerenschrank.jpg","contentUrl":"https:\/\/mekruphy.com\/de\/wp-content\/uploads\/2021\/02\/Mathematik_Glastuerenschrank.jpg","width":354,"height":322},{"@type":"BreadcrumbList","@id":"https:\/\/mekruphy.com\/de\/produkte\/mathematik\/mathematik-aufbewahrung\/#breadcrumb","itemListElement":[{"@type":"ListItem","position":1,"name":"Startseite","item":"https:\/\/mekruphy.com\/de\/"},{"@type":"ListItem","position":2,"name":"Produkte","item":"https:\/\/mekruphy.com\/de\/produkte\/"},{"@type":"ListItem","position":3,"name":"Mathematik","item":"https:\/\/mekruphy.com\/de\/produkte\/mathematik\/"},{"@type":"ListItem","position":4,"name":"Aufbewahrung"}]},{"@type":"WebSite","@id":"https:\/\/mekruphy.com\/de\/#website","url":"https:\/\/mekruphy.com\/de\/","name":"MEKRUPHY GmbH","description":"Sch\u00fcler-Experimentierk\u00e4sten f\u00fcr den MINT-Unterricht","potentialAction":[{"@type":"SearchAction","target":{"@type":"EntryPoint","urlTemplate":"https:\/\/mekruphy.com\/de\/?s={search_term_string}"},"query-input":{"@type":"PropertyValueSpecification","valueRequired":true,"valueName":"search_term_string"}}],"inLanguage":"de"}]}},"coauthors":[],"author_meta":{"author_link":"https:\/\/mekruphy.com\/de\/author\/mwbsca\/","display_name":"mwbscA"},"relative_dates":{"created":"Ver\u00f6ffentlicht 6\u00a0Jahren vor","modified":"Aktualisiert 4\u00a0Jahren vor"},"absolute_dates":{"created":"Ver\u00f6ffentlicht am 3. August 2020","modified":"Aktualisiert am 8. M\u00e4rz 2022"},"absolute_dates_time":{"created":"Ver\u00f6ffentlicht am 3. August 2020 12:18","modified":"Aktualisiert am 8. M\u00e4rz 2022 8:33"},"featured_img_caption":"","featured_img":false,"series_order":"","_links":{"self":[{"href":"https:\/\/mekruphy.com\/de\/wp-json\/wp\/v2\/pages\/2201","targetHints":{"allow":["GET"]}}],"collection":[{"href":"https:\/\/mekruphy.com\/de\/wp-json\/wp\/v2\/pages"}],"about":[{"href":"https:\/\/mekruphy.com\/de\/wp-json\/wp\/v2\/types\/page"}],"author":[{"embeddable":true,"href":"https:\/\/mekruphy.com\/de\/wp-json\/wp\/v2\/users\/1"}],"replies":[{"embeddable":true,"href":"https:\/\/mekruphy.com\/de\/wp-json\/wp\/v2\/comments?post=2201"}],"version-history":[{"count":16,"href":"https:\/\/mekruphy.com\/de\/wp-json\/wp\/v2\/pages\/2201\/revisions"}],"predecessor-version":[{"id":7483,"href":"https:\/\/mekruphy.com\/de\/wp-json\/wp\/v2\/pages\/2201\/revisions\/7483"}],"up":[{"embeddable":true,"href":"https:\/\/mekruphy.com\/de\/wp-json\/wp\/v2\/pages\/630"}],"wp:attachment":[{"href":"https:\/\/mekruphy.com\/de\/wp-json\/wp\/v2\/media?parent=2201"}],"curies":[{"name":"wp","href":"https:\/\/api.w.org\/{rel}","templated":true}]}}