{"id":2204,"date":"2020-08-03T12:21:00","date_gmt":"2020-08-03T10:21:00","guid":{"rendered":"https:\/\/mekruphy.com\/de\/?page_id=2204"},"modified":"2023-06-07T14:26:26","modified_gmt":"2023-06-07T12:26:26","slug":"mathematik-arbeitshefte","status":"publish","type":"page","link":"https:\/\/mekruphy.com\/de\/produkte\/mathematik\/mathematik-arbeitshefte\/","title":{"rendered":"MATHEMATIK Sch\u00fclerhefte \/ Lehrerhefte"},"content":{"rendered":"<div class=\"yoast-breadcrumbs breadcrumbs\"><span><span><a href=\"https:\/\/mekruphy.com\/de\/\">Startseite<\/a><\/span> \u00bb <span><a href=\"https:\/\/mekruphy.com\/de\/produkte\/\">Produkte<\/a><\/span> \u00bb <span><a href=\"https:\/\/mekruphy.com\/de\/produkte\/mathematik\/\">Mathematik<\/a><\/span> \u00bb <span class=\"breadcrumb_last\" aria-current=\"page\">MATHEMATIK Sch\u00fclerhefte \/ Lehrerhefte<\/span><\/span><\/div>\n\n\n<h2 class=\"wp-block-heading advgb-dyn-822d0674\" id=\"h-lehr-und-lernmaterialien\">Lehr- und Lernmaterialien<\/h2>\n\n\n\n<p>Die MEKRUPHY Sch\u00fcler- und Lehrerhefte wurden von erfahrenen Mathematiklehrkr\u00e4ften verfasst. Au\u00dferdem werden sie \u00fcber viele Jahre an mehreren Schulen erprobt und immer wieder verbessert. Mit diesen Anleitungen k\u00f6nnen die Sch\u00fclerinnen und Sch\u00fcler im Mathematikunterricht v\u00f6llig selbstst\u00e4ndig arbeiten und folglich die Lehrkraft effektiv entlasten. <\/p>\n\n\n\n<div style=\"height:16px\" aria-hidden=\"true\" class=\"wp-block-spacer\"><\/div>\n\n\n\n<p>F\u00fcr den bilingualen Unterricht gibt es die Sch\u00fcler- und Lehrerhefte auch in Englisch. Dar\u00fcber hinaus sind alle Sch\u00fclerhefte auch als Downloadlizenz erh\u00e4ltlich. Falls die Bestellung durch die Verwaltung oder Schulleitung aufgegeben wird, muss unbedingt die Dienst-E-Mail-Adresse der Fachlehrkraft angegeben werden, die auf den Download zugreifen soll.<\/p>\n\n\n\n<div style=\"height:16px\" aria-hidden=\"true\" class=\"wp-block-spacer\"><\/div>\n\n\n\n<p>Alle Hefte k\u00f6nnen Sie direkt \u00fcber unseren <a href=\"https:\/\/shop.mekruphy.com\/artikeluebersicht\/mathematics-manuals.aspx\">Webshop<\/a> bestellen.<\/p>\n\n\n\n<h3 class=\"wp-block-heading\">Sch\u00fclerhefte<\/h3>\n\n\n\n<p>Die Themen sind im Sch\u00fclerheft so angeordnet, dass die Sch\u00fclerinnen und Sch\u00fcler mit zunehmendem Lernfortschritt immer mehr Eigeninitiative und Kreativit\u00e4t zeigen. Auf diese Weise werden nicht nur der sichere Umgang mit den Lehrs\u00e4tzen der Mathematik Schritt f\u00fcr Schritt gef\u00f6rdert, sondern in der Geometrie auch das ebene und r\u00e4umliche Vorstellungsverm\u00f6gen entwickelt und wesentlich verbessert.<\/p>\n\n\n\n<div style=\"height:16px\" aria-hidden=\"true\" class=\"wp-block-spacer\"><\/div>\n\n\n\n<p>Die Texte der Sch\u00fclerhefte sind<\/p>\n\n\n\n<ul class=\"wp-block-list\">\n<li>leicht verst\u00e4ndlich<\/li>\n\n\n\n<li>klar gegliedert<\/li>\n\n\n\n<li>\u00fcbersichtlich dargestellt und<\/li>\n\n\n\n<li>methodisch geschickt aufgebaut<\/li>\n<\/ul>\n\n\n\n<p>Jeder Bestellung von <a href=\"https:\/\/shop.mekruphy.com\/artikeluebersicht\/mathematics.aspx\" target=\"_blank\" rel=\"noreferrer noopener\">Mathematik-Experimentierk\u00e4sten<\/a> liegt unabh\u00e4ngig von der Anzahl ein passendes, gedrucktes Freiexemplar bei.<\/p>\n\n\n\n<h3 class=\"wp-block-heading advgb-dyn-391e63d9\" id=\"h-lehrerhefte\">Lehrerhefte<\/h3>\n\n\n\n<p>Passend zu den Sch\u00fclerheften gibt es begleitende Lehrerhefte in Printform. Sie enthalten zu jedem einzelnen Kapitel Hintergrundinformationen und didaktische Hinweise zum Bearbeiten der Aufgaben. Au\u00dferdem finden sich darin nat\u00fcrlich Antworten und L\u00f6sungen f\u00fcr die im Sch\u00fclerheft gestellten Fragen bzw. Aufgaben.<\/p>\n\n\n\n<p><\/p>\n","protected":false},"excerpt":{"rendered":"<p>Lehr- und Lernmaterialien Die MEKRUPHY Sch\u00fcler- und Lehrerhefte wurden von erfahrenen Mathematiklehrkr\u00e4ften verfasst. Au\u00dferdem werden sie \u00fcber viele Jahre an mehreren Schulen erprobt und immer wieder verbessert. Mit diesen Anleitungen k\u00f6nnen die Sch\u00fclerinnen und Sch\u00fcler im Mathematikunterricht v\u00f6llig selbstst\u00e4ndig arbeiten und folglich die Lehrkraft effektiv entlasten. F\u00fcr den bilingualen Unterricht gibt es die Sch\u00fcler- und [&hellip;]<\/p>\n","protected":false},"author":1,"featured_media":5401,"parent":630,"menu_order":0,"comment_status":"closed","ping_status":"closed","template":"templates\/productcategory.php","meta":{"_acf_changed":false,"_coblocks_attr":"","_coblocks_dimensions":"","_coblocks_responsive_height":"","_coblocks_accordion_ie_support":"","_eb_attr":"","advgb_blocks_editor_width":"","advgb_blocks_columns_visual_guide":"","footnotes":""},"class_list":["post-2204","page","type-page","status-publish","has-post-thumbnail","hentry"],"acf":[],"yoast_head":"<!-- This site is optimized with the Yoast SEO plugin v27.3 - https:\/\/yoast.com\/product\/yoast-seo-wordpress\/ -->\n<title>MATHEMATIK Sch\u00fclerhefte \/ Lehrerhefte - MEKRUPHY GmbH<\/title>\n<meta name=\"description\" content=\"Unsere Sch\u00fcler- und Lehrerhefte wurden von erfahrenen Lehrkr\u00e4ften verfasst, \u00fcber viele Jahre an Schulen erprobt und immer wieder verbessert.\" \/>\n<meta name=\"robots\" content=\"index, follow, max-snippet:-1, max-image-preview:large, max-video-preview:-1\" \/>\n<link rel=\"canonical\" href=\"https:\/\/mekruphy.com\/de\/produkte\/mathematik\/mathematik-arbeitshefte\/\" \/>\n<meta property=\"og:locale\" content=\"de_DE\" \/>\n<meta property=\"og:type\" content=\"article\" \/>\n<meta property=\"og:title\" content=\"MATHEMATIK Sch\u00fclerhefte \/ Lehrerhefte - MEKRUPHY GmbH\" \/>\n<meta property=\"og:description\" content=\"Unsere Sch\u00fcler- und Lehrerhefte wurden von erfahrenen Lehrkr\u00e4ften verfasst, \u00fcber viele Jahre an Schulen erprobt und immer wieder verbessert.\" \/>\n<meta property=\"og:url\" content=\"https:\/\/mekruphy.com\/de\/produkte\/mathematik\/mathematik-arbeitshefte\/\" \/>\n<meta property=\"og:site_name\" content=\"MEKRUPHY GmbH\" \/>\n<meta property=\"article:modified_time\" content=\"2023-06-07T12:26:26+00:00\" \/>\n<meta property=\"og:image\" content=\"https:\/\/mekruphy.com\/de\/wp-content\/uploads\/2022\/02\/Matheheft.png\" \/>\n\t<meta property=\"og:image:width\" content=\"1600\" \/>\n\t<meta property=\"og:image:height\" content=\"1000\" \/>\n\t<meta property=\"og:image:type\" content=\"image\/png\" \/>\n<meta name=\"twitter:card\" content=\"summary_large_image\" \/>\n<meta name=\"twitter:label1\" content=\"Gesch\u00e4tzte Lesezeit\" \/>\n\t<meta name=\"twitter:data1\" content=\"2\u00a0Minuten\" \/>\n<script type=\"application\/ld+json\" class=\"yoast-schema-graph\">{\"@context\":\"https:\\\/\\\/schema.org\",\"@graph\":[{\"@type\":\"WebPage\",\"@id\":\"https:\\\/\\\/mekruphy.com\\\/de\\\/produkte\\\/mathematik\\\/mathematik-arbeitshefte\\\/\",\"url\":\"https:\\\/\\\/mekruphy.com\\\/de\\\/produkte\\\/mathematik\\\/mathematik-arbeitshefte\\\/\",\"name\":\"MATHEMATIK Sch\u00fclerhefte \\\/ Lehrerhefte - MEKRUPHY GmbH\",\"isPartOf\":{\"@id\":\"https:\\\/\\\/mekruphy.com\\\/de\\\/#website\"},\"primaryImageOfPage\":{\"@id\":\"https:\\\/\\\/mekruphy.com\\\/de\\\/produkte\\\/mathematik\\\/mathematik-arbeitshefte\\\/#primaryimage\"},\"image\":{\"@id\":\"https:\\\/\\\/mekruphy.com\\\/de\\\/produkte\\\/mathematik\\\/mathematik-arbeitshefte\\\/#primaryimage\"},\"thumbnailUrl\":\"https:\\\/\\\/mekruphy.com\\\/de\\\/wp-content\\\/uploads\\\/2022\\\/02\\\/Matheheft.png\",\"datePublished\":\"2020-08-03T10:21:00+00:00\",\"dateModified\":\"2023-06-07T12:26:26+00:00\",\"description\":\"Unsere Sch\u00fcler- und Lehrerhefte wurden von erfahrenen Lehrkr\u00e4ften verfasst, \u00fcber viele Jahre an Schulen erprobt und immer wieder verbessert.\",\"breadcrumb\":{\"@id\":\"https:\\\/\\\/mekruphy.com\\\/de\\\/produkte\\\/mathematik\\\/mathematik-arbeitshefte\\\/#breadcrumb\"},\"inLanguage\":\"de\",\"potentialAction\":[{\"@type\":\"ReadAction\",\"target\":[\"https:\\\/\\\/mekruphy.com\\\/de\\\/produkte\\\/mathematik\\\/mathematik-arbeitshefte\\\/\"]}]},{\"@type\":\"ImageObject\",\"inLanguage\":\"de\",\"@id\":\"https:\\\/\\\/mekruphy.com\\\/de\\\/produkte\\\/mathematik\\\/mathematik-arbeitshefte\\\/#primaryimage\",\"url\":\"https:\\\/\\\/mekruphy.com\\\/de\\\/wp-content\\\/uploads\\\/2022\\\/02\\\/Matheheft.png\",\"contentUrl\":\"https:\\\/\\\/mekruphy.com\\\/de\\\/wp-content\\\/uploads\\\/2022\\\/02\\\/Matheheft.png\",\"width\":1600,\"height\":1000,\"caption\":\"Mathematik Heft\"},{\"@type\":\"BreadcrumbList\",\"@id\":\"https:\\\/\\\/mekruphy.com\\\/de\\\/produkte\\\/mathematik\\\/mathematik-arbeitshefte\\\/#breadcrumb\",\"itemListElement\":[{\"@type\":\"ListItem\",\"position\":1,\"name\":\"Startseite\",\"item\":\"https:\\\/\\\/mekruphy.com\\\/de\\\/\"},{\"@type\":\"ListItem\",\"position\":2,\"name\":\"Produkte\",\"item\":\"https:\\\/\\\/mekruphy.com\\\/de\\\/produkte\\\/\"},{\"@type\":\"ListItem\",\"position\":3,\"name\":\"Mathematik\",\"item\":\"https:\\\/\\\/mekruphy.com\\\/de\\\/produkte\\\/mathematik\\\/\"},{\"@type\":\"ListItem\",\"position\":4,\"name\":\"MATHEMATIK Sch\u00fclerhefte \\\/ Lehrerhefte\"}]},{\"@type\":\"WebSite\",\"@id\":\"https:\\\/\\\/mekruphy.com\\\/de\\\/#website\",\"url\":\"https:\\\/\\\/mekruphy.com\\\/de\\\/\",\"name\":\"MEKRUPHY GmbH\",\"description\":\"Sch\u00fcler-Experimentierk\u00e4sten f\u00fcr den MINT-Unterricht\",\"potentialAction\":[{\"@type\":\"SearchAction\",\"target\":{\"@type\":\"EntryPoint\",\"urlTemplate\":\"https:\\\/\\\/mekruphy.com\\\/de\\\/?s={search_term_string}\"},\"query-input\":{\"@type\":\"PropertyValueSpecification\",\"valueRequired\":true,\"valueName\":\"search_term_string\"}}],\"inLanguage\":\"de\"}]}<\/script>\n<!-- \/ Yoast SEO plugin. -->","yoast_head_json":{"title":"MATHEMATIK Sch\u00fclerhefte \/ Lehrerhefte - MEKRUPHY GmbH","description":"Unsere Sch\u00fcler- und Lehrerhefte wurden von erfahrenen Lehrkr\u00e4ften verfasst, \u00fcber viele Jahre an Schulen erprobt und immer wieder verbessert.","robots":{"index":"index","follow":"follow","max-snippet":"max-snippet:-1","max-image-preview":"max-image-preview:large","max-video-preview":"max-video-preview:-1"},"canonical":"https:\/\/mekruphy.com\/de\/produkte\/mathematik\/mathematik-arbeitshefte\/","og_locale":"de_DE","og_type":"article","og_title":"MATHEMATIK Sch\u00fclerhefte \/ Lehrerhefte - MEKRUPHY GmbH","og_description":"Unsere Sch\u00fcler- und Lehrerhefte wurden von erfahrenen Lehrkr\u00e4ften verfasst, \u00fcber viele Jahre an Schulen erprobt und immer wieder verbessert.","og_url":"https:\/\/mekruphy.com\/de\/produkte\/mathematik\/mathematik-arbeitshefte\/","og_site_name":"MEKRUPHY GmbH","article_modified_time":"2023-06-07T12:26:26+00:00","og_image":[{"width":1600,"height":1000,"url":"https:\/\/mekruphy.com\/de\/wp-content\/uploads\/2022\/02\/Matheheft.png","type":"image\/png"}],"twitter_card":"summary_large_image","twitter_misc":{"Gesch\u00e4tzte Lesezeit":"2\u00a0Minuten"},"schema":{"@context":"https:\/\/schema.org","@graph":[{"@type":"WebPage","@id":"https:\/\/mekruphy.com\/de\/produkte\/mathematik\/mathematik-arbeitshefte\/","url":"https:\/\/mekruphy.com\/de\/produkte\/mathematik\/mathematik-arbeitshefte\/","name":"MATHEMATIK Sch\u00fclerhefte \/ Lehrerhefte - MEKRUPHY GmbH","isPartOf":{"@id":"https:\/\/mekruphy.com\/de\/#website"},"primaryImageOfPage":{"@id":"https:\/\/mekruphy.com\/de\/produkte\/mathematik\/mathematik-arbeitshefte\/#primaryimage"},"image":{"@id":"https:\/\/mekruphy.com\/de\/produkte\/mathematik\/mathematik-arbeitshefte\/#primaryimage"},"thumbnailUrl":"https:\/\/mekruphy.com\/de\/wp-content\/uploads\/2022\/02\/Matheheft.png","datePublished":"2020-08-03T10:21:00+00:00","dateModified":"2023-06-07T12:26:26+00:00","description":"Unsere Sch\u00fcler- und Lehrerhefte wurden von erfahrenen Lehrkr\u00e4ften verfasst, \u00fcber viele Jahre an Schulen erprobt und immer wieder verbessert.","breadcrumb":{"@id":"https:\/\/mekruphy.com\/de\/produkte\/mathematik\/mathematik-arbeitshefte\/#breadcrumb"},"inLanguage":"de","potentialAction":[{"@type":"ReadAction","target":["https:\/\/mekruphy.com\/de\/produkte\/mathematik\/mathematik-arbeitshefte\/"]}]},{"@type":"ImageObject","inLanguage":"de","@id":"https:\/\/mekruphy.com\/de\/produkte\/mathematik\/mathematik-arbeitshefte\/#primaryimage","url":"https:\/\/mekruphy.com\/de\/wp-content\/uploads\/2022\/02\/Matheheft.png","contentUrl":"https:\/\/mekruphy.com\/de\/wp-content\/uploads\/2022\/02\/Matheheft.png","width":1600,"height":1000,"caption":"Mathematik Heft"},{"@type":"BreadcrumbList","@id":"https:\/\/mekruphy.com\/de\/produkte\/mathematik\/mathematik-arbeitshefte\/#breadcrumb","itemListElement":[{"@type":"ListItem","position":1,"name":"Startseite","item":"https:\/\/mekruphy.com\/de\/"},{"@type":"ListItem","position":2,"name":"Produkte","item":"https:\/\/mekruphy.com\/de\/produkte\/"},{"@type":"ListItem","position":3,"name":"Mathematik","item":"https:\/\/mekruphy.com\/de\/produkte\/mathematik\/"},{"@type":"ListItem","position":4,"name":"MATHEMATIK Sch\u00fclerhefte \/ Lehrerhefte"}]},{"@type":"WebSite","@id":"https:\/\/mekruphy.com\/de\/#website","url":"https:\/\/mekruphy.com\/de\/","name":"MEKRUPHY GmbH","description":"Sch\u00fcler-Experimentierk\u00e4sten f\u00fcr den MINT-Unterricht","potentialAction":[{"@type":"SearchAction","target":{"@type":"EntryPoint","urlTemplate":"https:\/\/mekruphy.com\/de\/?s={search_term_string}"},"query-input":{"@type":"PropertyValueSpecification","valueRequired":true,"valueName":"search_term_string"}}],"inLanguage":"de"}]}},"coauthors":[],"author_meta":{"author_link":"https:\/\/mekruphy.com\/de\/author\/mwbsca\/","display_name":"mwbscA"},"relative_dates":{"created":"Ver\u00f6ffentlicht 6\u00a0Jahren vor","modified":"Aktualisiert 3\u00a0Jahren vor"},"absolute_dates":{"created":"Ver\u00f6ffentlicht am 3. August 2020","modified":"Aktualisiert am 7. Juni 2023"},"absolute_dates_time":{"created":"Ver\u00f6ffentlicht am 3. August 2020 12:21","modified":"Aktualisiert am 7. Juni 2023 14:26"},"featured_img_caption":"","featured_img":"https:\/\/mekruphy.com\/de\/wp-content\/uploads\/2022\/02\/Matheheft.png","series_order":"","_links":{"self":[{"href":"https:\/\/mekruphy.com\/de\/wp-json\/wp\/v2\/pages\/2204","targetHints":{"allow":["GET"]}}],"collection":[{"href":"https:\/\/mekruphy.com\/de\/wp-json\/wp\/v2\/pages"}],"about":[{"href":"https:\/\/mekruphy.com\/de\/wp-json\/wp\/v2\/types\/page"}],"author":[{"embeddable":true,"href":"https:\/\/mekruphy.com\/de\/wp-json\/wp\/v2\/users\/1"}],"replies":[{"embeddable":true,"href":"https:\/\/mekruphy.com\/de\/wp-json\/wp\/v2\/comments?post=2204"}],"version-history":[{"count":25,"href":"https:\/\/mekruphy.com\/de\/wp-json\/wp\/v2\/pages\/2204\/revisions"}],"predecessor-version":[{"id":7404,"href":"https:\/\/mekruphy.com\/de\/wp-json\/wp\/v2\/pages\/2204\/revisions\/7404"}],"up":[{"embeddable":true,"href":"https:\/\/mekruphy.com\/de\/wp-json\/wp\/v2\/pages\/630"}],"wp:featuredmedia":[{"embeddable":true,"href":"https:\/\/mekruphy.com\/de\/wp-json\/wp\/v2\/media\/5401"}],"wp:attachment":[{"href":"https:\/\/mekruphy.com\/de\/wp-json\/wp\/v2\/media?parent=2204"}],"curies":[{"name":"wp","href":"https:\/\/api.w.org\/{rel}","templated":true}]}}