{"id":2668,"date":"2020-09-22T21:00:59","date_gmt":"2020-09-22T19:00:59","guid":{"rendered":"https:\/\/mekruphy.com\/de\/?page_id=2668"},"modified":"2026-03-25T14:58:41","modified_gmt":"2026-03-25T13:58:41","slug":"preislisten","status":"publish","type":"page","link":"https:\/\/mekruphy.com\/de\/service\/preislisten\/","title":{"rendered":"Preislisten"},"content":{"rendered":"\n<p class=\"has-black-color has-text-color\">Hier k\u00f6nnen Sie unsere aktuellen Preislisten der Experimentierk\u00e4sten herunterladen.<\/p>\n\n\n\n<div style=\"height:20px\" aria-hidden=\"true\" class=\"wp-block-spacer\"><\/div>\n\n\n\n<div class=\"wp-block-essential-blocks-button root-eb-button-zgc6r85 advgb-dyn-1ba7070a\"><div class=\"eb-parent-wrapper eb-parent-eb-button-zgc6r85 \"><div class=\"eb-button-wrapper eb-button-alignment eb-button-zgc6r85\"><div class=\"eb-button\"><div class=\"eb-button-inner-wrapper \"><a class=\"eb-button-anchor hvr-bounce-out  \" href=\"https:\/\/mekruphy.com\/de\/wp-content\/uploads\/2026\/03\/Preisliste_PHYSIK_2026_Gesamt_neu.pdf\" target=\"_blank\" rel=\"noopener\"><i icon=\"fas fa-download\" class=\"fas fa-download eb-button-icon eb-button-icon-left hvr-icon\"><\/i>Preisliste PHYSIK<\/a><\/div><\/div><\/div><\/div><\/div>\n\n\n\n<div class=\"wp-block-essential-blocks-button root-eb-button-q6yc2ls\"><div class=\"eb-parent-wrapper eb-parent-eb-button-q6yc2ls \"><div class=\"eb-button-wrapper eb-button-alignment eb-button-q6yc2ls\"><div class=\"eb-button\"><div class=\"eb-button-inner-wrapper \"><a class=\"eb-button-anchor hvr-bounce-out  \" href=\"https:\/\/mekruphy.com\/de\/wp-content\/uploads\/2026\/01\/Preisliste_CHEMIE_2026_Gesamt.pdf\" target=\"_blank\" rel=\"noopener\"><i icon=\"fas fa-download\" class=\"fas fa-download eb-button-icon eb-button-icon-left hvr-icon\"><\/i>Preisliste CHEMIE<\/a><\/div><\/div><\/div><\/div><\/div>\n\n\n\n<div class=\"wp-block-essential-blocks-button root-eb-button-gunxk4d\"><div class=\"eb-parent-wrapper eb-parent-eb-button-gunxk4d \"><div class=\"eb-button-wrapper eb-button-alignment eb-button-gunxk4d\"><div class=\"eb-button\"><div class=\"eb-button-inner-wrapper \"><a class=\"eb-button-anchor hvr-bounce-out  \" href=\"https:\/\/mekruphy.com\/de\/wp-content\/uploads\/2026\/01\/Preisliste_BIOLOGIE_2026_Gesamt.pdf\" target=\"_blank\" rel=\"noopener\"><i icon=\"fas fa-download\" class=\"fas fa-download eb-button-icon eb-button-icon-left hvr-icon\"><\/i>Preisliste BIOLOGIE<\/a><\/div><\/div><\/div><\/div><\/div>\n\n\n\n<div class=\"wp-block-essential-blocks-button root-eb-button-xguyix3\"><div class=\"eb-parent-wrapper eb-parent-eb-button-xguyix3 \"><div class=\"eb-button-wrapper eb-button-alignment eb-button-xguyix3\"><div class=\"eb-button\"><div class=\"eb-button-inner-wrapper \"><a class=\"eb-button-anchor hvr-bounce-out  \" href=\"https:\/\/mekruphy.com\/de\/wp-content\/uploads\/2026\/03\/Preisliste_NATURTECHNIK_2026_Gesamt.pdf\" target=\"_blank\" rel=\"noopener\"><i icon=\"fas fa-download\" class=\"fas fa-download eb-button-icon eb-button-icon-left hvr-icon\"><\/i>Preisliste NATUR und TECHNIK<\/a><\/div><\/div><\/div><\/div><\/div>\n\n\n\n<div class=\"wp-block-essential-blocks-button root-eb-button-x130e6p\"><div class=\"eb-parent-wrapper eb-parent-eb-button-x130e6p \"><div class=\"eb-button-wrapper eb-button-alignment eb-button-x130e6p\"><div class=\"eb-button\"><div class=\"eb-button-inner-wrapper \"><a class=\"eb-button-anchor hvr-bounce-out  \" href=\"https:\/\/mekruphy.com\/de\/wp-content\/uploads\/2026\/01\/Preisliste_INFORMATIK_2026_Gesamt.pdf\" target=\"_blank\" rel=\"noopener\"><i icon=\"fas fa-download\" class=\"fas fa-download eb-button-icon eb-button-icon-left hvr-icon\"><\/i>Preisliste INFORMATIK<\/a><\/div><\/div><\/div><\/div><\/div>\n\n\n\n<div class=\"wp-block-essential-blocks-button root-eb-button-05xbp0p\"><div class=\"eb-parent-wrapper eb-parent-eb-button-05xbp0p \"><div class=\"eb-button-wrapper eb-button-alignment eb-button-05xbp0p\"><div class=\"eb-button\"><div class=\"eb-button-inner-wrapper \"><a class=\"eb-button-anchor hvr-bounce-out  \" href=\"https:\/\/mekruphy.com\/de\/wp-content\/uploads\/2026\/01\/Preisliste_MATHEMATIK_2026_Gesamt.pdf\" target=\"_blank\" rel=\"noopener\"><i icon=\"fas fa-download\" class=\"fas fa-download eb-button-icon eb-button-icon-left hvr-icon\"><\/i>Preisliste MATHEMATIK<\/a><\/div><\/div><\/div><\/div><\/div>\n\n\n\n<div class=\"wp-block-essential-blocks-button root-eb-button-koo6zm6\"><div class=\"eb-parent-wrapper eb-parent-eb-button-koo6zm6 \"><div class=\"eb-button-wrapper eb-button-alignment eb-button-koo6zm6\"><div class=\"eb-button\"><div class=\"eb-button-inner-wrapper \"><a class=\"eb-button-anchor hvr-bounce-out  \" href=\"https:\/\/mekruphy.com\/de\/wp-content\/uploads\/2026\/01\/Preisliste_GRUNDSCHULE_2026_Gesamt.pdf\" target=\"_blank\" rel=\"noopener\"><i icon=\"fas fa-download\" class=\"fas fa-download eb-button-icon eb-button-icon-left hvr-icon\"><\/i>Preisliste GRUNDSCHULE<\/a><\/div><\/div><\/div><\/div><\/div>\n\n\n\n<div class=\"wp-block-essential-blocks-button root-eb-button-xbisy3j\"><div class=\"eb-parent-wrapper eb-parent-eb-button-xbisy3j \"><div class=\"eb-button-wrapper eb-button-alignment eb-button-xbisy3j\"><div class=\"eb-button\"><div class=\"eb-button-inner-wrapper \"><a class=\"eb-button-anchor hvr-bounce-out  \" href=\"https:\/\/mekruphy.com\/de\/wp-content\/uploads\/2026\/01\/Preisliste_KINDERGARTEN_2026_Gesamt.pdf\" target=\"_blank\" rel=\"noopener\"><i icon=\"fas fa-download\" class=\"fas fa-download eb-button-icon eb-button-icon-left hvr-icon\"><\/i>Preisliste KINDERGARTEN<\/a><\/div><\/div><\/div><\/div><\/div>\n\n\n\n<p><\/p>\n\n\n\n<p>&nbsp;<\/p>\n\n\n\n<p>Nat\u00fcrlich finden Sie die aktuellen Preise aller K\u00e4sten und Einzelteile auch in unserem MEKRUPHY Webshop auf <a href=\"https:\/\/shop.mekruphy.com\" target=\"_blank\" rel=\"noopener\">shop.mekruphy.com<\/a><\/p>\n\n\n\n<p><\/p>\n","protected":false},"excerpt":{"rendered":"<p>Hier k\u00f6nnen Sie unsere aktuellen Preislisten der Experimentierk\u00e4sten herunterladen. &nbsp; Nat\u00fcrlich finden Sie die aktuellen Preise aller K\u00e4sten und Einzelteile auch in unserem MEKRUPHY Webshop auf shop.mekruphy.com<\/p>\n","protected":false},"author":1,"featured_media":0,"parent":785,"menu_order":0,"comment_status":"closed","ping_status":"closed","template":"","meta":{"_acf_changed":false,"_coblocks_attr":"","_coblocks_dimensions":"","_coblocks_responsive_height":"","_coblocks_accordion_ie_support":"","_eb_attr":"","advgb_blocks_editor_width":"","advgb_blocks_columns_visual_guide":"enable","footnotes":""},"class_list":["post-2668","page","type-page","status-publish","hentry"],"acf":[],"yoast_head":"<!-- This site is optimized with the Yoast SEO plugin v27.4 - https:\/\/yoast.com\/product\/yoast-seo-wordpress\/ -->\n<title>Preislisten - MEKRUPHY GmbH<\/title>\n<meta name=\"description\" content=\"Hier finden Sie unsere aktuellen Preislisten zu allen Experimentiers\u00e4tzen und Ersatzteilen.\" \/>\n<meta name=\"robots\" content=\"index, follow, max-snippet:-1, max-image-preview:large, max-video-preview:-1\" \/>\n<link rel=\"canonical\" href=\"https:\/\/mekruphy.com\/de\/service\/preislisten\/\" \/>\n<meta property=\"og:locale\" content=\"de_DE\" \/>\n<meta property=\"og:type\" content=\"article\" \/>\n<meta property=\"og:title\" content=\"Preislisten - MEKRUPHY GmbH\" \/>\n<meta property=\"og:description\" content=\"Hier finden Sie unsere aktuellen Preislisten zu allen Experimentiers\u00e4tzen und Ersatzteilen.\" \/>\n<meta property=\"og:url\" content=\"https:\/\/mekruphy.com\/de\/service\/preislisten\/\" \/>\n<meta property=\"og:site_name\" content=\"MEKRUPHY GmbH\" \/>\n<meta property=\"article:modified_time\" content=\"2026-03-25T13:58:41+00:00\" \/>\n<meta name=\"twitter:card\" content=\"summary_large_image\" \/>\n<meta name=\"twitter:label1\" content=\"Gesch\u00e4tzte Lesezeit\" \/>\n\t<meta name=\"twitter:data1\" content=\"1\u00a0Minute\" \/>\n<script type=\"application\/ld+json\" class=\"yoast-schema-graph\">{\"@context\":\"https:\\\/\\\/schema.org\",\"@graph\":[{\"@type\":\"WebPage\",\"@id\":\"https:\\\/\\\/mekruphy.com\\\/de\\\/service\\\/preislisten\\\/\",\"url\":\"https:\\\/\\\/mekruphy.com\\\/de\\\/service\\\/preislisten\\\/\",\"name\":\"Preislisten - MEKRUPHY GmbH\",\"isPartOf\":{\"@id\":\"https:\\\/\\\/mekruphy.com\\\/de\\\/#website\"},\"datePublished\":\"2020-09-22T19:00:59+00:00\",\"dateModified\":\"2026-03-25T13:58:41+00:00\",\"description\":\"Hier finden Sie unsere aktuellen Preislisten zu allen Experimentiers\u00e4tzen und Ersatzteilen.\",\"breadcrumb\":{\"@id\":\"https:\\\/\\\/mekruphy.com\\\/de\\\/service\\\/preislisten\\\/#breadcrumb\"},\"inLanguage\":\"de\",\"potentialAction\":[{\"@type\":\"ReadAction\",\"target\":[\"https:\\\/\\\/mekruphy.com\\\/de\\\/service\\\/preislisten\\\/\"]}]},{\"@type\":\"BreadcrumbList\",\"@id\":\"https:\\\/\\\/mekruphy.com\\\/de\\\/service\\\/preislisten\\\/#breadcrumb\",\"itemListElement\":[{\"@type\":\"ListItem\",\"position\":1,\"name\":\"Startseite\",\"item\":\"https:\\\/\\\/mekruphy.com\\\/de\\\/\"},{\"@type\":\"ListItem\",\"position\":2,\"name\":\"Service\",\"item\":\"https:\\\/\\\/mekruphy.com\\\/de\\\/service\\\/\"},{\"@type\":\"ListItem\",\"position\":3,\"name\":\"Preislisten\"}]},{\"@type\":\"WebSite\",\"@id\":\"https:\\\/\\\/mekruphy.com\\\/de\\\/#website\",\"url\":\"https:\\\/\\\/mekruphy.com\\\/de\\\/\",\"name\":\"MEKRUPHY GmbH\",\"description\":\"Sch\u00fcler-Experimentierk\u00e4sten f\u00fcr den MINT-Unterricht\",\"potentialAction\":[{\"@type\":\"SearchAction\",\"target\":{\"@type\":\"EntryPoint\",\"urlTemplate\":\"https:\\\/\\\/mekruphy.com\\\/de\\\/?s={search_term_string}\"},\"query-input\":{\"@type\":\"PropertyValueSpecification\",\"valueRequired\":true,\"valueName\":\"search_term_string\"}}],\"inLanguage\":\"de\"}]}<\/script>\n<!-- \/ Yoast SEO plugin. -->","yoast_head_json":{"title":"Preislisten - MEKRUPHY GmbH","description":"Hier finden Sie unsere aktuellen Preislisten zu allen Experimentiers\u00e4tzen und Ersatzteilen.","robots":{"index":"index","follow":"follow","max-snippet":"max-snippet:-1","max-image-preview":"max-image-preview:large","max-video-preview":"max-video-preview:-1"},"canonical":"https:\/\/mekruphy.com\/de\/service\/preislisten\/","og_locale":"de_DE","og_type":"article","og_title":"Preislisten - MEKRUPHY GmbH","og_description":"Hier finden Sie unsere aktuellen Preislisten zu allen Experimentiers\u00e4tzen und Ersatzteilen.","og_url":"https:\/\/mekruphy.com\/de\/service\/preislisten\/","og_site_name":"MEKRUPHY GmbH","article_modified_time":"2026-03-25T13:58:41+00:00","twitter_card":"summary_large_image","twitter_misc":{"Gesch\u00e4tzte Lesezeit":"1\u00a0Minute"},"schema":{"@context":"https:\/\/schema.org","@graph":[{"@type":"WebPage","@id":"https:\/\/mekruphy.com\/de\/service\/preislisten\/","url":"https:\/\/mekruphy.com\/de\/service\/preislisten\/","name":"Preislisten - MEKRUPHY GmbH","isPartOf":{"@id":"https:\/\/mekruphy.com\/de\/#website"},"datePublished":"2020-09-22T19:00:59+00:00","dateModified":"2026-03-25T13:58:41+00:00","description":"Hier finden Sie unsere aktuellen Preislisten zu allen Experimentiers\u00e4tzen und Ersatzteilen.","breadcrumb":{"@id":"https:\/\/mekruphy.com\/de\/service\/preislisten\/#breadcrumb"},"inLanguage":"de","potentialAction":[{"@type":"ReadAction","target":["https:\/\/mekruphy.com\/de\/service\/preislisten\/"]}]},{"@type":"BreadcrumbList","@id":"https:\/\/mekruphy.com\/de\/service\/preislisten\/#breadcrumb","itemListElement":[{"@type":"ListItem","position":1,"name":"Startseite","item":"https:\/\/mekruphy.com\/de\/"},{"@type":"ListItem","position":2,"name":"Service","item":"https:\/\/mekruphy.com\/de\/service\/"},{"@type":"ListItem","position":3,"name":"Preislisten"}]},{"@type":"WebSite","@id":"https:\/\/mekruphy.com\/de\/#website","url":"https:\/\/mekruphy.com\/de\/","name":"MEKRUPHY GmbH","description":"Sch\u00fcler-Experimentierk\u00e4sten f\u00fcr den MINT-Unterricht","potentialAction":[{"@type":"SearchAction","target":{"@type":"EntryPoint","urlTemplate":"https:\/\/mekruphy.com\/de\/?s={search_term_string}"},"query-input":{"@type":"PropertyValueSpecification","valueRequired":true,"valueName":"search_term_string"}}],"inLanguage":"de"}]}},"coauthors":[],"author_meta":{"author_link":"https:\/\/mekruphy.com\/de\/author\/mwbsca\/","display_name":"mwbscA"},"relative_dates":{"created":"Ver\u00f6ffentlicht 6\u00a0Jahren vor","modified":"Aktualisiert 4\u00a0Wochen vor"},"absolute_dates":{"created":"Ver\u00f6ffentlicht am 22. September 2020","modified":"Aktualisiert am 25. M\u00e4rz 2026"},"absolute_dates_time":{"created":"Ver\u00f6ffentlicht am 22. September 2020 21:00","modified":"Aktualisiert am 25. M\u00e4rz 2026 14:58"},"featured_img_caption":"","featured_img":false,"series_order":"","_links":{"self":[{"href":"https:\/\/mekruphy.com\/de\/wp-json\/wp\/v2\/pages\/2668","targetHints":{"allow":["GET"]}}],"collection":[{"href":"https:\/\/mekruphy.com\/de\/wp-json\/wp\/v2\/pages"}],"about":[{"href":"https:\/\/mekruphy.com\/de\/wp-json\/wp\/v2\/types\/page"}],"author":[{"embeddable":true,"href":"https:\/\/mekruphy.com\/de\/wp-json\/wp\/v2\/users\/1"}],"replies":[{"embeddable":true,"href":"https:\/\/mekruphy.com\/de\/wp-json\/wp\/v2\/comments?post=2668"}],"version-history":[{"count":129,"href":"https:\/\/mekruphy.com\/de\/wp-json\/wp\/v2\/pages\/2668\/revisions"}],"predecessor-version":[{"id":9069,"href":"https:\/\/mekruphy.com\/de\/wp-json\/wp\/v2\/pages\/2668\/revisions\/9069"}],"up":[{"embeddable":true,"href":"https:\/\/mekruphy.com\/de\/wp-json\/wp\/v2\/pages\/785"}],"wp:attachment":[{"href":"https:\/\/mekruphy.com\/de\/wp-json\/wp\/v2\/media?parent=2668"}],"curies":[{"name":"wp","href":"https:\/\/api.w.org\/{rel}","templated":true}]}}