{"id":3138,"date":"2021-03-03T14:50:38","date_gmt":"2021-03-03T13:50:38","guid":{"rendered":"https:\/\/mekruphy.com\/de\/?page_id=3138"},"modified":"2026-03-31T17:05:47","modified_gmt":"2026-03-31T15:05:47","slug":"experimentiersatz-brueche","status":"publish","type":"page","link":"https:\/\/mekruphy.com\/de\/produkte\/mathematik\/experimentiersatz-brueche\/","title":{"rendered":"Experimentiersatz BR\u00dcCHE"},"content":{"rendered":"<div class=\"yoast-breadcrumbs broadcrumbs\"><span><span><a href=\"https:\/\/mekruphy.com\/de\/\">Startseite<\/a><\/span> \u00bb <span><a href=\"https:\/\/mekruphy.com\/de\/produkte\/\">Produkte<\/a><\/span> \u00bb <span><a href=\"https:\/\/mekruphy.com\/de\/produkte\/mathematik\/\">Mathematik<\/a><\/span> \u00bb <span class=\"breadcrumb_last\" aria-current=\"page\">Experimentiersatz BR\u00dcCHE<\/span><\/span><\/div>\n\n\n<div class=\"wp-block-advgb-adv-tabs advgb-tabs-wrapper advgb-tab-horz-desktop advgb-tab-vert-tablet advgb-tab-stack-mobile advgb-tabs-547e10f7-2408-4c40-b677-6ac8fce9693b\" data-tab-active=\"0\"><ul class=\"advgb-tabs-panel\" role=\"tablist\"><li class=\"advgb-tab advgb-tab-active\" role=\"presentation\" style=\"background-color:#e0e0e0;border-style:solid;border-width:1px;border-radius:10px\"><button class=\"advgb-tab-button\" id=\"advgb-tab-_bf82dc-18-0\" aria-controls=\"advgb-tab-panel-_bf82dc-18-0\" role=\"tab\" aria-selected=\"true\" tabindex=\"0\" style=\"color:#fff;background:none;border:none;width:100%;text-align:inherit;cursor:pointer;padding:8px 16px;font:inherit\"><span>Beschreibung<\/span><\/button><\/li><li class=\"advgb-tab \" role=\"presentation\" style=\"background-color:#e0e0e0;border-style:solid;border-width:1px;border-radius:10px\"><button class=\"advgb-tab-button\" id=\"advgb-tab-_bf82dc-18-1\" aria-controls=\"advgb-tab-panel-_bf82dc-18-1\" role=\"tab\" aria-selected=\"false\" tabindex=\"0\" style=\"color:#fff;background:none;border:none;width:100%;text-align:inherit;cursor:pointer;padding:8px 16px;font:inherit\"><span>Lieferumfang<\/span><\/button><\/li><li class=\"advgb-tab \" role=\"presentation\" style=\"background-color:#e0e0e0;border-style:solid;border-width:1px;border-radius:10px\"><button class=\"advgb-tab-button\" id=\"advgb-tab-_bf82dc-18-2\" aria-controls=\"advgb-tab-panel-_bf82dc-18-2\" role=\"tab\" aria-selected=\"false\" tabindex=\"0\" style=\"color:#fff;background:none;border:none;width:100%;text-align:inherit;cursor:pointer;padding:8px 16px;font:inherit\"><span>Experimente<\/span><\/button><\/li><li class=\"advgb-tab \" role=\"presentation\" style=\"background-color:#e0e0e0;border-style:solid;border-width:1px;border-radius:10px\"><button class=\"advgb-tab-button\" id=\"advgb-tab-_bf82dc-18-3\" aria-controls=\"advgb-tab-panel-_bf82dc-18-3\" role=\"tab\" aria-selected=\"false\" tabindex=\"0\" style=\"color:#fff;background:none;border:none;width:100%;text-align:inherit;cursor:pointer;padding:8px 16px;font:inherit\"><span>Bilder<\/span><\/button><\/li><\/ul><div class=\"advgb-tab-body-wrapper\" style=\"border-style:solid;border-width:1px;border-radius:10px\">\n<div class=\"wp-block-advgb-tab advgb-tab-body-container\"><div class=\"advgb-tab-body-header advgb-tab-class- header-active\" id=\"advgb-tab-panel-_bf82dc-18-0\" role=\"tabpanel\" aria-labelledby=\"advgb-tab-_bf82dc-18-0\" tabindex=\"0\"><span>Beschreibung<\/span><\/div><div class=\"advgb-tab-_bf82dc-18 advgb-tab-body\" aria-labelledby=\"advgb-tab-panel-_bf82dc-18-0\" style=\"display:block\">\n<h2 class=\"wp-block-heading\" id=\"h-bruchrechnen-zum-begreifen\"><strong>Bruchrechnen zum Begreifen<\/strong><\/h2>\n\n\n\n<p>Anhand einer Geschichte von vier gleichaltrigen Kindern erarbeiten sich die Sch\u00fclerinnen und Sch\u00fcler mit dem Experimentiersatz BR\u00dcCHE die Regeln f\u00fcr das Bruchrechnen auf vollkommen neue Weise:<\/p>\n\n\n\n<p>Die Br\u00fcche werden durch Kreissektoren aus farbigem Acrylglas dargestellt, die auf der Unterseite mit Magnetpl\u00e4ttchen ausgestattet sind. Dadurch lassen sie sich leicht auf dem Deckel des Aufbewahrungskastens anordnen bzw. verschieben. Die best\u00fcckten Deckel k\u00f6nnen dann auch hochgehoben werden, um von der Lehrkraft \u00fcberpr\u00fcft zu werden.<\/p>\n\n\n\n<p>Auch das Auffinden der Primzahlen zwischen 2 und 100 nach dem Sieb von Eratosthenes wird durch die Magnetpl\u00e4ttchen zum Erlebnis. <\/p>\n\n\n\n<h3 class=\"wp-block-heading\" id=\"h-begleitmaterialien\">Begleitmaterialien<\/h3>\n\n\n\n<p>Passend zum Experimentiersatz BR\u00dcCHE sind auch ein <a href=\"https:\/\/mekruphy.com\/de\/produkte\/mathematik\/mathematik-arbeitshefte\/\">Sch\u00fclerheft<\/a> und ein <a href=\"https:\/\/mekruphy.com\/de\/produkte\/mathematik\/mathematik-arbeitshefte\/\">Lehrerheft<\/a> mit didaktischen Anweisungen und L\u00f6sungen in analoger Form erh\u00e4ltlich. Das Sch\u00fclerheft ist auch in digitaler Form erwerbbar.<\/p>\n<\/div><\/div>\n\n\n\n<div class=\"wp-block-advgb-tab advgb-tab-body-container\"><div class=\"advgb-tab-body-header advgb-tab-class- \" id=\"advgb-tab-panel-_bf82dc-18-1\" role=\"tabpanel\" aria-labelledby=\"advgb-tab-_bf82dc-18-1\" tabindex=\"0\"><span>Lieferumfang<\/span><\/div><div class=\"advgb-tab-_bf82dc-18 advgb-tab-body\" aria-labelledby=\"advgb-tab-panel-_bf82dc-18-1\" style=\"display:none\">\n<figure class=\"wp-block-table table-product-contents\"><table><tbody><tr><td>25.01.10<\/td><td>Aufbewahrungskasten<\/td><\/tr><tr><td>94.01.00<\/td><td>Deckel mit Magnetfolie<\/td><\/tr><tr><td>94.02.00<\/td><td>Ger\u00e4tegeformter Einsatz<\/td><\/tr><tr><td>94.03.00<\/td><td>Halbkreisfl\u00e4che (2 St\u00fcck)<\/td><\/tr><tr><td>94.04.00<\/td><td>Drittelkreisfl\u00e4che (3 St\u00fcck)<\/td><\/tr><tr><td>94.05.00<\/td><td>Viertelkreisfl\u00e4che (4 St\u00fcck)<\/td><\/tr><tr><td>94.06.00<\/td><td>Sechstelkreisfl\u00e4che (6 St\u00fcck)<\/td><\/tr><tr><td>94.07.00<\/td><td>Achtelkreisfl\u00e4che (8 St\u00fcck)<\/td><\/tr><tr><td>94.08.00<\/td><td>Zw\u00f6lftelkreisfl\u00e4che (24 St\u00fcck)<\/td><\/tr><tr><td>94.09.10<\/td><td>Satz ungerader Zahlen in Dose<\/td><\/tr><tr><td>94.09.20<\/td><td>Satz gerader Zahlen in Dose<\/td><\/tr><\/tbody><\/table><\/figure>\n\n\n\n<p><\/p>\n<\/div><\/div>\n\n\n\n<div class=\"wp-block-advgb-tab advgb-tab-body-container\"><div class=\"advgb-tab-body-header advgb-tab-class- \" id=\"advgb-tab-panel-_bf82dc-18-2\" role=\"tabpanel\" aria-labelledby=\"advgb-tab-_bf82dc-18-2\" tabindex=\"0\"><span>Experimente<\/span><\/div><div class=\"advgb-tab-_bf82dc-18 advgb-tab-body\" aria-labelledby=\"advgb-tab-panel-_bf82dc-18-2\" style=\"display:none\">\n<div class=\"wp-block-group\"><div class=\"wp-block-group__inner-container is-layout-flow wp-block-group-is-layout-flow\">\n<p><\/p>\n\n\n\n<figure class=\"wp-block-table table-product-experiments\"><table><tbody><tr><td>BR-1<\/td><td>Entstehung der Br\u00fcche<\/td><\/tr><tr><td>BR-2<\/td><td>Einteilung der Br\u00fcche<\/td><\/tr><tr><td>BR-3<\/td><td>Umwandlung unechter Br\u00fcche<\/td><\/tr><tr><td>BR-4<\/td><td>Erweitern von Br\u00fcchen<\/td><\/tr><tr><td>BR-5<\/td><td>K\u00fcrzen von Br\u00fcchen<\/td><\/tr><tr><td>BR-6<\/td><td>Addition von Br\u00fcchen<\/td><\/tr><tr><td>BR-7<\/td><td>Subtraktion von Br\u00fcchen<\/td><\/tr><tr><td>BR-8<\/td><td>Das Sieb des Eratosthenes<\/td><\/tr><tr><td>BR-9<\/td><td>Multiplikation mit einer nat\u00fcrlichen Zahl<\/td><\/tr><tr><td>BR-10<\/td><td>Division durch eine nat\u00fcrliche Zahl<\/td><\/tr><tr><td>BR-11<\/td><td>Multiplikation mit einem Bruch<\/td><\/tr><tr><td>BR-12<\/td><td>Division durch einen Bruch<\/td><\/tr><\/tbody><\/table><\/figure>\n<\/div><\/div>\n<\/div><\/div>\n\n\n\n<div class=\"wp-block-advgb-tab advgb-tab-body-container\"><div class=\"advgb-tab-body-header advgb-tab-class-undefined \" id=\"advgb-tab-panel-_bf82dc-18-3\" role=\"tabpanel\" aria-labelledby=\"advgb-tab-_bf82dc-18-3\" tabindex=\"0\"><span>Bilder<\/span><\/div><div class=\"advgb-tab-_bf82dc-18 advgb-tab-body\" aria-labelledby=\"advgb-tab-panel-_bf82dc-18-3\" style=\"display:none\"><div class=\"wp-block-image\">\n<figure class=\"aligncenter size-large is-resized\"><img loading=\"lazy\" decoding=\"async\" width=\"785\" height=\"464\" src=\"https:\/\/mekruphy.com\/de\/wp-content\/uploads\/2021\/03\/BR_1.png\" alt=\"Experimentierkasten BR\u00dcCHE\" class=\"wp-image-3141\" style=\"width:750px;height:443px\" srcset=\"https:\/\/mekruphy.com\/de\/wp-content\/uploads\/2021\/03\/BR_1.png 785w, https:\/\/mekruphy.com\/de\/wp-content\/uploads\/2021\/03\/BR_1-300x177.png 300w, https:\/\/mekruphy.com\/de\/wp-content\/uploads\/2021\/03\/BR_1-768x454.png 768w\" sizes=\"auto, (max-width: 785px) 100vw, 785px\" \/><\/figure>\n<\/div>\n\n\n<p>&nbsp;<\/p>\n\n\n<div class=\"wp-block-image\">\n<figure class=\"aligncenter size-large is-resized\"><img loading=\"lazy\" decoding=\"async\" width=\"1024\" height=\"1024\" src=\"https:\/\/mekruphy.com\/de\/wp-content\/uploads\/2021\/03\/BR_2-1024x1024.jpg\" alt=\"Br\u00fcche mit magnetischem Kreissektoren\" class=\"wp-image-3142\" style=\"width:510px;height:510px\" srcset=\"https:\/\/mekruphy.com\/de\/wp-content\/uploads\/2021\/03\/BR_2-1024x1024.jpg 1024w, https:\/\/mekruphy.com\/de\/wp-content\/uploads\/2021\/03\/BR_2-300x300.jpg 300w, https:\/\/mekruphy.com\/de\/wp-content\/uploads\/2021\/03\/BR_2-150x150.jpg 150w, https:\/\/mekruphy.com\/de\/wp-content\/uploads\/2021\/03\/BR_2-768x768.jpg 768w, https:\/\/mekruphy.com\/de\/wp-content\/uploads\/2021\/03\/BR_2-1536x1536.jpg 1536w, https:\/\/mekruphy.com\/de\/wp-content\/uploads\/2021\/03\/BR_2-1600x1600.jpg 1600w, https:\/\/mekruphy.com\/de\/wp-content\/uploads\/2021\/03\/BR_2.jpg 1839w\" sizes=\"auto, (max-width: 1024px) 100vw, 1024px\" \/><\/figure>\n<\/div>\n\n\n<p>&nbsp;<\/p>\n\n\n<div class=\"wp-block-image\">\n<figure class=\"aligncenter size-large is-resized\"><img loading=\"lazy\" decoding=\"async\" width=\"588\" height=\"588\" src=\"https:\/\/mekruphy.com\/de\/wp-content\/uploads\/2021\/03\/BR_3.png\" alt=\"Magnetische Zahlen zur Darstellung von Br\u00fcchen\" class=\"wp-image-3143\" style=\"width:510px;height:510px\" srcset=\"https:\/\/mekruphy.com\/de\/wp-content\/uploads\/2021\/03\/BR_3.png 588w, https:\/\/mekruphy.com\/de\/wp-content\/uploads\/2021\/03\/BR_3-300x300.png 300w, https:\/\/mekruphy.com\/de\/wp-content\/uploads\/2021\/03\/BR_3-150x150.png 150w\" sizes=\"auto, (max-width: 588px) 100vw, 588px\" \/><\/figure>\n<\/div>\n\n\n<p>&nbsp;<\/p>\n\n\n<div class=\"wp-block-image\">\n<figure class=\"aligncenter size-large is-resized\"><img loading=\"lazy\" decoding=\"async\" width=\"937\" height=\"461\" src=\"https:\/\/mekruphy.com\/de\/wp-content\/uploads\/2021\/03\/BR_4.png\" alt=\"Darstellung von Br\u00fcchen mit Kreissektoren\" class=\"wp-image-3144\" style=\"width:750px;height:370px\" srcset=\"https:\/\/mekruphy.com\/de\/wp-content\/uploads\/2021\/03\/BR_4.png 937w, https:\/\/mekruphy.com\/de\/wp-content\/uploads\/2021\/03\/BR_4-300x148.png 300w, https:\/\/mekruphy.com\/de\/wp-content\/uploads\/2021\/03\/BR_4-768x378.png 768w\" sizes=\"auto, (max-width: 937px) 100vw, 937px\" \/><\/figure>\n<\/div><\/div><\/div>\n<\/div><\/div>\n\n\n\n<p><\/p>\n<style class=\"advgb-styles-renderer\">.advgb-tabs-547e10f7-2408-4c40-b677-6ac8fce9693b ul.advgb-tabs-panel li.advgb-tab.advgb-tab-active {background-color:#5954d6 !important;color:#fff !important;}#advgb-tabs-547e10f7-2408-4c40-b677-6ac8fce9693b .advgb-tab-body-header.header-active, .advgb-tabs-547e10f7-2408-4c40-b677-6ac8fce9693b .advgb-tab-body-header.header-active{background-color:#5954d6 !important;color:#fff !important;}<\/style>","protected":false},"excerpt":{"rendered":"","protected":false},"author":4,"featured_media":3145,"parent":630,"menu_order":1,"comment_status":"closed","ping_status":"closed","template":"templates\/product.php","meta":{"_acf_changed":false,"_coblocks_attr":"","_coblocks_dimensions":"","_coblocks_responsive_height":"","_coblocks_accordion_ie_support":"","_eb_attr":"","advgb_blocks_editor_width":"","advgb_blocks_columns_visual_guide":"","footnotes":""},"class_list":["post-3138","page","type-page","status-publish","has-post-thumbnail","hentry"],"acf":[],"yoast_head":"<!-- This site is optimized with the Yoast SEO plugin v27.3 - https:\/\/yoast.com\/product\/yoast-seo-wordpress\/ -->\n<title>Experimentiersatz BR\u00dcCHE - MEKRUPHY GmbH<\/title>\n<meta name=\"description\" content=\"Mit Hilfe von magnetischen Kreissektoren entdecken die Sch\u00fcler_innen das Bruchrechnen und auf sehr anschauliche Weise.\" \/>\n<meta name=\"robots\" content=\"index, follow, max-snippet:-1, max-image-preview:large, max-video-preview:-1\" \/>\n<link rel=\"canonical\" href=\"https:\/\/mekruphy.com\/de\/produkte\/mathematik\/experimentiersatz-brueche\/\" \/>\n<meta property=\"og:locale\" content=\"de_DE\" \/>\n<meta property=\"og:type\" content=\"article\" \/>\n<meta property=\"og:title\" content=\"Experimentiersatz BR\u00dcCHE - MEKRUPHY GmbH\" \/>\n<meta property=\"og:description\" content=\"Mit Hilfe von magnetischen Kreissektoren entdecken die Sch\u00fcler_innen das Bruchrechnen und auf sehr anschauliche Weise.\" \/>\n<meta property=\"og:url\" content=\"https:\/\/mekruphy.com\/de\/produkte\/mathematik\/experimentiersatz-brueche\/\" \/>\n<meta property=\"og:site_name\" content=\"MEKRUPHY GmbH\" \/>\n<meta property=\"article:modified_time\" content=\"2026-03-31T15:05:47+00:00\" \/>\n<meta property=\"og:image\" content=\"https:\/\/mekruphy.com\/de\/wp-content\/uploads\/2021\/03\/Experimentiersatz-BRUeCHE.png\" \/>\n\t<meta property=\"og:image:width\" content=\"1014\" \/>\n\t<meta property=\"og:image:height\" content=\"786\" \/>\n\t<meta property=\"og:image:type\" content=\"image\/png\" \/>\n<meta name=\"twitter:card\" content=\"summary_large_image\" \/>\n<meta name=\"twitter:label1\" content=\"Gesch\u00e4tzte Lesezeit\" \/>\n\t<meta name=\"twitter:data1\" content=\"3\u00a0Minuten\" \/>\n<script type=\"application\/ld+json\" class=\"yoast-schema-graph\">{\"@context\":\"https:\\\/\\\/schema.org\",\"@graph\":[{\"@type\":\"WebPage\",\"@id\":\"https:\\\/\\\/mekruphy.com\\\/de\\\/produkte\\\/mathematik\\\/experimentiersatz-brueche\\\/\",\"url\":\"https:\\\/\\\/mekruphy.com\\\/de\\\/produkte\\\/mathematik\\\/experimentiersatz-brueche\\\/\",\"name\":\"Experimentiersatz BR\u00dcCHE - MEKRUPHY GmbH\",\"isPartOf\":{\"@id\":\"https:\\\/\\\/mekruphy.com\\\/de\\\/#website\"},\"primaryImageOfPage\":{\"@id\":\"https:\\\/\\\/mekruphy.com\\\/de\\\/produkte\\\/mathematik\\\/experimentiersatz-brueche\\\/#primaryimage\"},\"image\":{\"@id\":\"https:\\\/\\\/mekruphy.com\\\/de\\\/produkte\\\/mathematik\\\/experimentiersatz-brueche\\\/#primaryimage\"},\"thumbnailUrl\":\"https:\\\/\\\/mekruphy.com\\\/de\\\/wp-content\\\/uploads\\\/2021\\\/03\\\/Experimentiersatz-BRUeCHE.png\",\"datePublished\":\"2021-03-03T13:50:38+00:00\",\"dateModified\":\"2026-03-31T15:05:47+00:00\",\"description\":\"Mit Hilfe von magnetischen Kreissektoren entdecken die Sch\u00fcler_innen das Bruchrechnen und auf sehr anschauliche Weise.\",\"breadcrumb\":{\"@id\":\"https:\\\/\\\/mekruphy.com\\\/de\\\/produkte\\\/mathematik\\\/experimentiersatz-brueche\\\/#breadcrumb\"},\"inLanguage\":\"de\",\"potentialAction\":[{\"@type\":\"ReadAction\",\"target\":[\"https:\\\/\\\/mekruphy.com\\\/de\\\/produkte\\\/mathematik\\\/experimentiersatz-brueche\\\/\"]}]},{\"@type\":\"ImageObject\",\"inLanguage\":\"de\",\"@id\":\"https:\\\/\\\/mekruphy.com\\\/de\\\/produkte\\\/mathematik\\\/experimentiersatz-brueche\\\/#primaryimage\",\"url\":\"https:\\\/\\\/mekruphy.com\\\/de\\\/wp-content\\\/uploads\\\/2021\\\/03\\\/Experimentiersatz-BRUeCHE.png\",\"contentUrl\":\"https:\\\/\\\/mekruphy.com\\\/de\\\/wp-content\\\/uploads\\\/2021\\\/03\\\/Experimentiersatz-BRUeCHE.png\",\"width\":1014,\"height\":786},{\"@type\":\"BreadcrumbList\",\"@id\":\"https:\\\/\\\/mekruphy.com\\\/de\\\/produkte\\\/mathematik\\\/experimentiersatz-brueche\\\/#breadcrumb\",\"itemListElement\":[{\"@type\":\"ListItem\",\"position\":1,\"name\":\"Startseite\",\"item\":\"https:\\\/\\\/mekruphy.com\\\/de\\\/\"},{\"@type\":\"ListItem\",\"position\":2,\"name\":\"Produkte\",\"item\":\"https:\\\/\\\/mekruphy.com\\\/de\\\/produkte\\\/\"},{\"@type\":\"ListItem\",\"position\":3,\"name\":\"Mathematik\",\"item\":\"https:\\\/\\\/mekruphy.com\\\/de\\\/produkte\\\/mathematik\\\/\"},{\"@type\":\"ListItem\",\"position\":4,\"name\":\"Experimentiersatz BR\u00dcCHE\"}]},{\"@type\":\"WebSite\",\"@id\":\"https:\\\/\\\/mekruphy.com\\\/de\\\/#website\",\"url\":\"https:\\\/\\\/mekruphy.com\\\/de\\\/\",\"name\":\"MEKRUPHY GmbH\",\"description\":\"Sch\u00fcler-Experimentierk\u00e4sten f\u00fcr den MINT-Unterricht\",\"potentialAction\":[{\"@type\":\"SearchAction\",\"target\":{\"@type\":\"EntryPoint\",\"urlTemplate\":\"https:\\\/\\\/mekruphy.com\\\/de\\\/?s={search_term_string}\"},\"query-input\":{\"@type\":\"PropertyValueSpecification\",\"valueRequired\":true,\"valueName\":\"search_term_string\"}}],\"inLanguage\":\"de\"}]}<\/script>\n<!-- \/ Yoast SEO plugin. -->","yoast_head_json":{"title":"Experimentiersatz BR\u00dcCHE - MEKRUPHY GmbH","description":"Mit Hilfe von magnetischen Kreissektoren entdecken die Sch\u00fcler_innen das Bruchrechnen und auf sehr anschauliche Weise.","robots":{"index":"index","follow":"follow","max-snippet":"max-snippet:-1","max-image-preview":"max-image-preview:large","max-video-preview":"max-video-preview:-1"},"canonical":"https:\/\/mekruphy.com\/de\/produkte\/mathematik\/experimentiersatz-brueche\/","og_locale":"de_DE","og_type":"article","og_title":"Experimentiersatz BR\u00dcCHE - MEKRUPHY GmbH","og_description":"Mit Hilfe von magnetischen Kreissektoren entdecken die Sch\u00fcler_innen das Bruchrechnen und auf sehr anschauliche Weise.","og_url":"https:\/\/mekruphy.com\/de\/produkte\/mathematik\/experimentiersatz-brueche\/","og_site_name":"MEKRUPHY GmbH","article_modified_time":"2026-03-31T15:05:47+00:00","og_image":[{"width":1014,"height":786,"url":"https:\/\/mekruphy.com\/de\/wp-content\/uploads\/2021\/03\/Experimentiersatz-BRUeCHE.png","type":"image\/png"}],"twitter_card":"summary_large_image","twitter_misc":{"Gesch\u00e4tzte Lesezeit":"3\u00a0Minuten"},"schema":{"@context":"https:\/\/schema.org","@graph":[{"@type":"WebPage","@id":"https:\/\/mekruphy.com\/de\/produkte\/mathematik\/experimentiersatz-brueche\/","url":"https:\/\/mekruphy.com\/de\/produkte\/mathematik\/experimentiersatz-brueche\/","name":"Experimentiersatz BR\u00dcCHE - MEKRUPHY GmbH","isPartOf":{"@id":"https:\/\/mekruphy.com\/de\/#website"},"primaryImageOfPage":{"@id":"https:\/\/mekruphy.com\/de\/produkte\/mathematik\/experimentiersatz-brueche\/#primaryimage"},"image":{"@id":"https:\/\/mekruphy.com\/de\/produkte\/mathematik\/experimentiersatz-brueche\/#primaryimage"},"thumbnailUrl":"https:\/\/mekruphy.com\/de\/wp-content\/uploads\/2021\/03\/Experimentiersatz-BRUeCHE.png","datePublished":"2021-03-03T13:50:38+00:00","dateModified":"2026-03-31T15:05:47+00:00","description":"Mit Hilfe von magnetischen Kreissektoren entdecken die Sch\u00fcler_innen das Bruchrechnen und auf sehr anschauliche Weise.","breadcrumb":{"@id":"https:\/\/mekruphy.com\/de\/produkte\/mathematik\/experimentiersatz-brueche\/#breadcrumb"},"inLanguage":"de","potentialAction":[{"@type":"ReadAction","target":["https:\/\/mekruphy.com\/de\/produkte\/mathematik\/experimentiersatz-brueche\/"]}]},{"@type":"ImageObject","inLanguage":"de","@id":"https:\/\/mekruphy.com\/de\/produkte\/mathematik\/experimentiersatz-brueche\/#primaryimage","url":"https:\/\/mekruphy.com\/de\/wp-content\/uploads\/2021\/03\/Experimentiersatz-BRUeCHE.png","contentUrl":"https:\/\/mekruphy.com\/de\/wp-content\/uploads\/2021\/03\/Experimentiersatz-BRUeCHE.png","width":1014,"height":786},{"@type":"BreadcrumbList","@id":"https:\/\/mekruphy.com\/de\/produkte\/mathematik\/experimentiersatz-brueche\/#breadcrumb","itemListElement":[{"@type":"ListItem","position":1,"name":"Startseite","item":"https:\/\/mekruphy.com\/de\/"},{"@type":"ListItem","position":2,"name":"Produkte","item":"https:\/\/mekruphy.com\/de\/produkte\/"},{"@type":"ListItem","position":3,"name":"Mathematik","item":"https:\/\/mekruphy.com\/de\/produkte\/mathematik\/"},{"@type":"ListItem","position":4,"name":"Experimentiersatz BR\u00dcCHE"}]},{"@type":"WebSite","@id":"https:\/\/mekruphy.com\/de\/#website","url":"https:\/\/mekruphy.com\/de\/","name":"MEKRUPHY GmbH","description":"Sch\u00fcler-Experimentierk\u00e4sten f\u00fcr den MINT-Unterricht","potentialAction":[{"@type":"SearchAction","target":{"@type":"EntryPoint","urlTemplate":"https:\/\/mekruphy.com\/de\/?s={search_term_string}"},"query-input":{"@type":"PropertyValueSpecification","valueRequired":true,"valueName":"search_term_string"}}],"inLanguage":"de"}]}},"coauthors":[],"author_meta":{"author_link":"https:\/\/mekruphy.com\/de\/author\/helmuth-thurnermekruphy-com\/","display_name":"Helmuth Thurner"},"relative_dates":{"created":"Ver\u00f6ffentlicht 5\u00a0Jahren vor","modified":"Aktualisiert 1\u00a0Woche vor"},"absolute_dates":{"created":"Ver\u00f6ffentlicht am 3. M\u00e4rz 2021","modified":"Aktualisiert am 31. M\u00e4rz 2026"},"absolute_dates_time":{"created":"Ver\u00f6ffentlicht am 3. M\u00e4rz 2021 14:50","modified":"Aktualisiert am 31. M\u00e4rz 2026 17:05"},"featured_img_caption":"","featured_img":"https:\/\/mekruphy.com\/de\/wp-content\/uploads\/2021\/03\/Experimentiersatz-BRUeCHE.png","series_order":"","_links":{"self":[{"href":"https:\/\/mekruphy.com\/de\/wp-json\/wp\/v2\/pages\/3138","targetHints":{"allow":["GET"]}}],"collection":[{"href":"https:\/\/mekruphy.com\/de\/wp-json\/wp\/v2\/pages"}],"about":[{"href":"https:\/\/mekruphy.com\/de\/wp-json\/wp\/v2\/types\/page"}],"author":[{"embeddable":true,"href":"https:\/\/mekruphy.com\/de\/wp-json\/wp\/v2\/users\/4"}],"replies":[{"embeddable":true,"href":"https:\/\/mekruphy.com\/de\/wp-json\/wp\/v2\/comments?post=3138"}],"version-history":[{"count":18,"href":"https:\/\/mekruphy.com\/de\/wp-json\/wp\/v2\/pages\/3138\/revisions"}],"predecessor-version":[{"id":9439,"href":"https:\/\/mekruphy.com\/de\/wp-json\/wp\/v2\/pages\/3138\/revisions\/9439"}],"up":[{"embeddable":true,"href":"https:\/\/mekruphy.com\/de\/wp-json\/wp\/v2\/pages\/630"}],"wp:featuredmedia":[{"embeddable":true,"href":"https:\/\/mekruphy.com\/de\/wp-json\/wp\/v2\/media\/3145"}],"wp:attachment":[{"href":"https:\/\/mekruphy.com\/de\/wp-json\/wp\/v2\/media?parent=3138"}],"curies":[{"name":"wp","href":"https:\/\/api.w.org\/{rel}","templated":true}]}}