{"id":324,"date":"2020-07-15T11:34:24","date_gmt":"2020-07-15T09:34:24","guid":{"rendered":"https:\/\/mekruphy.com\/de\/experimentiersatz-elektrik-und-magnetismus\/"},"modified":"2026-04-01T11:55:56","modified_gmt":"2026-04-01T09:55:56","slug":"experimentiersatz-elektrik-und-magnetismus","status":"publish","type":"page","link":"https:\/\/mekruphy.com\/de\/produkte\/natur-und-technik-5-6\/experimentiersatz-elektrik-und-magnetismus\/","title":{"rendered":"Experimentiersatz ELEKTRIK und MAGNETISMUS"},"content":{"rendered":"<div class=\"yoast-breadcrumbs breadcrumbs-indented\"><span><span><a href=\"https:\/\/mekruphy.com\/de\/\">Startseite<\/a><\/span> \u00bb <span><a href=\"https:\/\/mekruphy.com\/de\/produkte\/\">Produkte<\/a><\/span> \u00bb <span><a href=\"https:\/\/mekruphy.com\/de\/produkte\/natur-und-technik-5-6\/\">Natur und Technik 5-6<\/a><\/span> \u00bb <span class=\"breadcrumb_last\" aria-current=\"page\">Experimentiersatz ELEKTRIK und MAGNETISMUS<\/span><\/span><\/div>\n\n\n<div class=\"wp-block-advgb-adv-tabs advgb-tabs-wrapper advgb-tab-horz-desktop advgb-tab-vert-tablet advgb-tab-stack-mobile advgb-tabs-4f220281-c036-4b2f-a0f1-a4270f0f9d07\" data-tab-active=\"0\"><ul class=\"advgb-tabs-panel\" role=\"tablist\"><li class=\"advgb-tab advgb-tab-active\" role=\"presentation\" style=\"background-color:#e0e0e0;border-style:solid;border-width:1px;border-radius:10px\"><button class=\"advgb-tab-button\" id=\"advgb-tab-_220281-c0-0\" aria-controls=\"advgb-tab-panel-_220281-c0-0\" role=\"tab\" aria-selected=\"true\" tabindex=\"0\" style=\"color:#fff;background:none;border:none;width:100%;text-align:inherit;cursor:pointer;padding:8px 16px;font:inherit\"><span>Beschreibung<\/span><\/button><\/li><li class=\"advgb-tab \" role=\"presentation\" style=\"background-color:#e0e0e0;border-style:solid;border-width:1px;border-radius:10px\"><button class=\"advgb-tab-button\" id=\"advgb-tab-_220281-c0-1\" aria-controls=\"advgb-tab-panel-_220281-c0-1\" role=\"tab\" aria-selected=\"false\" tabindex=\"0\" style=\"color:#fff;background:none;border:none;width:100%;text-align:inherit;cursor:pointer;padding:8px 16px;font:inherit\"><span>Lieferumfang<\/span><\/button><\/li><li class=\"advgb-tab \" role=\"presentation\" style=\"background-color:#e0e0e0;border-style:solid;border-width:1px;border-radius:10px\"><button class=\"advgb-tab-button\" id=\"advgb-tab-_220281-c0-2\" aria-controls=\"advgb-tab-panel-_220281-c0-2\" role=\"tab\" aria-selected=\"false\" tabindex=\"0\" style=\"color:#fff;background:none;border:none;width:100%;text-align:inherit;cursor:pointer;padding:8px 16px;font:inherit\"><span>Experimente<\/span><\/button><\/li><li class=\"advgb-tab \" role=\"presentation\" style=\"background-color:#e0e0e0;border-style:solid;border-width:1px;border-radius:10px\"><button class=\"advgb-tab-button\" id=\"advgb-tab-_220281-c0-3\" aria-controls=\"advgb-tab-panel-_220281-c0-3\" role=\"tab\" aria-selected=\"false\" tabindex=\"0\" style=\"color:#fff;background:none;border:none;width:100%;text-align:inherit;cursor:pointer;padding:8px 16px;font:inherit\"><span>Bilder<\/span><\/button><\/li><\/ul><div class=\"advgb-tab-body-wrapper\" style=\"border-style:solid;border-width:1px;border-radius:10px\">\n<div class=\"wp-block-advgb-tab advgb-tab-body-container\"><div class=\"advgb-tab-body-header advgb-tab-class- header-active\" id=\"advgb-tab-panel-_bf82dc-18-0\" role=\"tabpanel\" aria-labelledby=\"advgb-tab-_bf82dc-18-0\" tabindex=\"0\"><span>Beschreibung<\/span><\/div><div class=\"advgb-tab-_bf82dc-18 advgb-tab-body\" aria-labelledby=\"advgb-tab-panel-_bf82dc-18-0\" style=\"display:block\">\n<h2 class=\"wp-block-heading\" id=\"dem-magnetismus-auf-der-spur\">Dem Magnetismus auf der Spur&nbsp;<\/h2>\n\n\n\n<p>Mit dem Experimentierkasten ELEKTRIK und MAGNETISMUS lassen sich die wichtigsten Erscheinungen des <a href=\"https:\/\/mekruphy.com\/de\/produkte\/kindergarten\/experimentiersatz-kindergarten-3-magnetismus\/\">Magnetismus<\/a> aufsp\u00fcren und deren Zusammenh\u00e4nge erschlie\u00dfen. Dabei helfen starke Rundstabmagnete, handliche Eisenscheibchen und ein speziell gek\u00f6rntes Eisenpulver. Untersuchen lassen sich hiermit\u00a0insbesondere die folgenden Themengebiete:<\/p>\n\n\n\n<ul class=\"wp-block-list\"><li>Die Verteilung der magnetischen Kraft l\u00e4ngs eines Stabmagneten.<\/li><li>Wie aus zwei Magneten einer wird.<\/li><li>Das Feld zwischen zwei Magnetpolen.<\/li><li>Wie der Strom flie\u00dft und sich ein Stromkreis erstellen l\u00e4sst.<\/li><\/ul>\n\n\n\n<h2 class=\"wp-block-heading\" id=\"der-transparente-stromkreis\">Der transparente Stromkreis<\/h2>\n\n\n\n<p>Mit Hilfe hochflexibler Silikonkabel und leichtg\u00e4ngiger <a href=\"https:\/\/de.wikipedia.org\/wiki\/Bananenstecker\" target=\"_blank\" rel=\"noreferrer noopener\">Federkorbstecker<\/a> k\u00f6nnen die Kinder m\u00fchelos verschiedene Varianten des einfachen Stromkreises zu\u00adsammenstellen. Hierbei sind die Stromwege jeder\u00adzeit leicht nachzuvollziehen, da die Metallstreifen auf den transparenten Kunststoffsockeln be\u00adr\u00fchrungssicher angebracht sind.<\/p>\n\n\n\n<p>Jedes der insgesamt\u00a015\u00a0Elektrik- und Magnetismus-Experimente ist voller \u00dcberraschungen. Dabei setzen wir auf h\u00f6chste Sicherheit.\u00a0<\/p>\n\n\n\n<h2 class=\"wp-block-heading\" id=\"ohne-steckdose\">Ohne Steckdose&nbsp;<\/h2>\n\n\n\n<p>Alle Experimente zur Elektrik sind ohne Anschluss an eine Steckdose oder ein Netzger\u00e4t durchf\u00fchrbar.&nbsp;Stattdessen liefern drei <a href=\"https:\/\/de.wikipedia.org\/wiki\/Mignon_(Batterie)\" target=\"_blank\" rel=\"noreferrer noopener\">Mignon-Batterien<\/a>, die in dem praktischen Kunststoffgeh\u00e4use leicht ausgewechselt werden k\u00f6nnen, den n\u00f6tigen Strom. Dies bietet mehr Flexibilit\u00e4t im Klassenraum und nat\u00fcrlich auch mehr Sicherheit.<\/p>\n\n\n\n<h3 class=\"wp-block-heading\" id=\"h-begleitmaterialien\">Begleitmaterialien<\/h3>\n\n\n\n<p>Passend zum Experimentiersatz ELEKTRIK und MAGNETISMUS sind auch ein <a href=\"https:\/\/mekruphy.com\/de\/produkte\/natur-und-technik-5-6\/natur-und-technik-arbeitshefte\/\">Sch\u00fclerheft<\/a> und ein <a href=\"https:\/\/mekruphy.com\/de\/produkte\/natur-und-technik-5-6\/natur-und-technik-arbeitshefte\/\">Lehrerheft<\/a> mit didaktischen Anweisungen und L\u00f6sungen in analoger Form erh\u00e4ltlich. Das Sch\u00fclerheft ist auch in digitaler Form erwerbbar.<\/p>\n<\/div><\/div>\n\n\n\n<div class=\"wp-block-advgb-tab advgb-tab-body-container\"><div class=\"advgb-tab-body-header advgb-tab-class- \" id=\"advgb-tab-panel-_bf82dc-18-1\" role=\"tabpanel\" aria-labelledby=\"advgb-tab-_bf82dc-18-1\" tabindex=\"0\"><span>Lieferumfang<\/span><\/div><div class=\"advgb-tab-_bf82dc-18 advgb-tab-body\" aria-labelledby=\"advgb-tab-panel-_bf82dc-18-1\" style=\"display:none\">\n<figure class=\"wp-block-table table-product-contents\"><table><tbody><tr><td>01.01.10<\/td><td>Aufbewahrungskasten<\/td><\/tr><tr><td>42.02.00<\/td><td>Ger\u00e4tegeformter Einsatz P2<\/td><\/tr><tr><td>42.03.00<\/td><td>Sockel mit Gl\u00fchlampe (2 St\u00fcck)<\/td><\/tr><tr><td>06.04.00<\/td><td>Batteriehalter mit 3 Mignon-Batterien<\/td><\/tr><tr><td>42.05.00<\/td><td>Sockel mit Hebelschalter (2 St\u00fcck)<\/td><\/tr><tr><td>07.06.00<\/td><td>Sockel mit Buchsen<\/td><\/tr><tr><td>07.07.00<\/td><td>Streudose mit Eisenpulver<\/td><\/tr><tr><td>07.08.00<\/td><td>Abschlusseisen (2 St\u00fcck)<\/td><\/tr><tr><td>06.09.00<\/td><td>Rundstabmagnet AlNiCo (2 St\u00fcck)<\/td><\/tr><tr><td>07.10.00<\/td><td>7 Eisenscheibchen in Dose<\/td><\/tr><tr><td>06.11.00<\/td><td>Kompass<\/td><\/tr><tr><td>07.11.00<\/td><td>Feldlinientischchen<\/td><\/tr><tr><td>06.12.00<\/td><td>Materialproben in Beh\u00e4lter E1<\/td><\/tr><tr><td>42.13.50<\/td><td>Spule auf Sockel<\/td><\/tr><tr><td>42.14.00<\/td><td>Sockel mit Klemmen<\/td><\/tr><tr><td>42.15.00<\/td><td>Sockel f\u00fcr Magnete<\/td><\/tr><tr><td>08.18.00<\/td><td>Experimentierkabel 8,5 cm (5 St\u00fcck)<\/td><\/tr><tr><td>08.19.00<\/td><td>Experimentierkabel 17 cm<\/td><\/tr><\/tbody><\/table><\/figure>\n<\/div><\/div>\n\n\n\n<div class=\"wp-block-advgb-tab advgb-tab-body-container\"><div class=\"advgb-tab-body-header advgb-tab-class- \" id=\"advgb-tab-panel-_bf82dc-18-2\" role=\"tabpanel\" aria-labelledby=\"advgb-tab-_bf82dc-18-2\" tabindex=\"0\"><span>Experimente<\/span><\/div><div class=\"advgb-tab-_bf82dc-18 advgb-tab-body\" aria-labelledby=\"advgb-tab-panel-_bf82dc-18-2\" style=\"display:none\">\n<p><\/p>\n\n\n\n<figure class=\"wp-block-table table-product-experiments\"><table><tbody><tr><td>EM-1<\/td><td>Ferromagnetische Stoffe\u00a0<\/td><\/tr><tr><td>EM-2<\/td><td>Magnetpole\u00a0<\/td><\/tr><tr><td>EM-3<\/td><td>Wechselwirkung\u00a0<\/td><\/tr><tr><td>EM-4<\/td><td>Magnetische Influenz\u00a0<\/td><\/tr><tr><td>EM-5<\/td><td>Magnetfeldlinien\u00a0<\/td><\/tr><tr><td>EM-6<\/td><td>Der Kompass\u00a0<\/td><\/tr><tr><td>EM-7<\/td><td>Die Zuleitung<\/td><\/tr><tr><td>EM-8<\/td><td>Die elektrische Spannung<\/td><\/tr><tr><td>EM-9<\/td><td>Elektrische Leiter und Nichtleiter<\/td><\/tr><tr><td>EM-10<\/td><td>Die UND-Schaltung<\/td><\/tr><tr><td>EM-11<\/td><td>Die ODER-Schaltung<\/td><\/tr><tr><td>EM-12<\/td><td>Zwei L\u00e4mpchen in Reihe<\/td><\/tr><tr><td>EM-13<\/td><td>Zwei L\u00e4mpchen parallel<\/td><\/tr><tr><td>EM-14<\/td><td>Der\u00a0Oerstedt-Versuch<\/td><\/tr><tr><td>EM-15<\/td><td>Ein Elektro-Magnet\u00a0<\/td><\/tr><\/tbody><\/table><\/figure>\n<\/div><\/div>\n\n\n\n<div class=\"wp-block-advgb-tab advgb-tab-body-container\"><div class=\"advgb-tab-body-header advgb-tab-class-undefined \" id=\"advgb-tab-panel-_bf82dc-18-3\" role=\"tabpanel\" aria-labelledby=\"advgb-tab-_bf82dc-18-3\" tabindex=\"0\"><span>Bilder<\/span><\/div><div class=\"advgb-tab-_bf82dc-18 advgb-tab-body\" aria-labelledby=\"advgb-tab-panel-_bf82dc-18-3\" style=\"display:none\"><div class=\"wp-block-image\">\n<figure class=\"aligncenter size-large is-resized\"><img loading=\"lazy\" decoding=\"async\" width=\"617\" height=\"616\" src=\"https:\/\/mekruphy.com\/de\/wp-content\/uploads\/2021\/03\/EM_1.png\" alt=\"Sch\u00fclerexperiment zum Magnetismus\" class=\"wp-image-3266\" style=\"width:510px;height:509px\" srcset=\"https:\/\/mekruphy.com\/de\/wp-content\/uploads\/2021\/03\/EM_1.png 617w, https:\/\/mekruphy.com\/de\/wp-content\/uploads\/2021\/03\/EM_1-300x300.png 300w, https:\/\/mekruphy.com\/de\/wp-content\/uploads\/2021\/03\/EM_1-150x150.png 150w\" sizes=\"auto, (max-width: 617px) 100vw, 617px\" \/><\/figure>\n<\/div>\n\n\n<p>&nbsp;<\/p>\n\n\n<div class=\"wp-block-image\">\n<figure class=\"aligncenter size-large is-resized\"><img loading=\"lazy\" decoding=\"async\" width=\"678\" height=\"621\" src=\"https:\/\/mekruphy.com\/de\/wp-content\/uploads\/2021\/03\/EM_2.png\" alt=\"Versuchsaufbau Elektrik\" class=\"wp-image-3267\" style=\"width:510px;height:467px\" srcset=\"https:\/\/mekruphy.com\/de\/wp-content\/uploads\/2021\/03\/EM_2.png 678w, https:\/\/mekruphy.com\/de\/wp-content\/uploads\/2021\/03\/EM_2-300x275.png 300w\" sizes=\"auto, (max-width: 678px) 100vw, 678px\" \/><\/figure>\n<\/div><\/div><\/div>\n<\/div><\/div>\n\n\n\n<p><\/p>\n<style class=\"advgb-styles-renderer\">.advgb-tabs-4f220281-c036-4b2f-a0f1-a4270f0f9d07 ul.advgb-tabs-panel li.advgb-tab.advgb-tab-active {background-color:#5954d6 !important;color:#fff !important;}#advgb-tabs-4f220281-c036-4b2f-a0f1-a4270f0f9d07 .advgb-tab-body-header.header-active, .advgb-tabs-4f220281-c036-4b2f-a0f1-a4270f0f9d07 .advgb-tab-body-header.header-active{background-color:#5954d6 !important;color:#fff !important;}<\/style>","protected":false},"excerpt":{"rendered":"","protected":false},"author":3,"featured_media":1505,"parent":637,"menu_order":0,"comment_status":"closed","ping_status":"closed","template":"templates\/product.php","meta":{"_acf_changed":false,"_coblocks_attr":"","_coblocks_dimensions":"","_coblocks_responsive_height":"","_coblocks_accordion_ie_support":"","_eb_attr":"","advgb_blocks_editor_width":"","advgb_blocks_columns_visual_guide":"","footnotes":""},"class_list":["post-324","page","type-page","status-publish","has-post-thumbnail","hentry"],"acf":[],"yoast_head":"<!-- This site is optimized with the Yoast SEO plugin v27.3 - https:\/\/yoast.com\/product\/yoast-seo-wordpress\/ -->\n<title>Experimentiersatz ELEKTRIK und MAGNETISMUS - MEKRUPHY GmbH<\/title>\n<meta name=\"description\" content=\"Mit ELEKTRIK und MAGNETISMUS lassen sich die wichtigsten Erscheinungen des Magnetismus aufsp\u00fcren und ihre Zusammenh\u00e4nge erschlie\u00dfen.\" \/>\n<meta name=\"robots\" content=\"index, follow, max-snippet:-1, max-image-preview:large, max-video-preview:-1\" \/>\n<link rel=\"canonical\" href=\"https:\/\/mekruphy.com\/de\/produkte\/natur-und-technik-5-6\/experimentiersatz-elektrik-und-magnetismus\/\" \/>\n<meta property=\"og:locale\" content=\"de_DE\" \/>\n<meta property=\"og:type\" content=\"article\" \/>\n<meta property=\"og:title\" content=\"Experimentiersatz ELEKTRIK und MAGNETISMUS - MEKRUPHY GmbH\" \/>\n<meta property=\"og:description\" content=\"Mit ELEKTRIK und MAGNETISMUS lassen sich die wichtigsten Erscheinungen des Magnetismus aufsp\u00fcren und ihre Zusammenh\u00e4nge erschlie\u00dfen.\" \/>\n<meta property=\"og:url\" content=\"https:\/\/mekruphy.com\/de\/produkte\/natur-und-technik-5-6\/experimentiersatz-elektrik-und-magnetismus\/\" \/>\n<meta property=\"og:site_name\" content=\"MEKRUPHY GmbH\" \/>\n<meta property=\"article:modified_time\" content=\"2026-04-01T09:55:56+00:00\" \/>\n<meta property=\"og:image\" content=\"https:\/\/mekruphy.com\/de\/wp-content\/uploads\/2020\/07\/G2_ELEKTRIK-und-MAGNETISMUS.jpg\" \/>\n\t<meta property=\"og:image:width\" content=\"1800\" \/>\n\t<meta property=\"og:image:height\" content=\"1385\" \/>\n\t<meta property=\"og:image:type\" content=\"image\/jpeg\" \/>\n<meta name=\"twitter:card\" content=\"summary_large_image\" \/>\n<meta name=\"twitter:label1\" content=\"Gesch\u00e4tzte Lesezeit\" \/>\n\t<meta name=\"twitter:data1\" content=\"3\u00a0Minuten\" \/>\n<script type=\"application\/ld+json\" class=\"yoast-schema-graph\">{\"@context\":\"https:\\\/\\\/schema.org\",\"@graph\":[{\"@type\":\"WebPage\",\"@id\":\"https:\\\/\\\/mekruphy.com\\\/de\\\/produkte\\\/natur-und-technik-5-6\\\/experimentiersatz-elektrik-und-magnetismus\\\/\",\"url\":\"https:\\\/\\\/mekruphy.com\\\/de\\\/produkte\\\/natur-und-technik-5-6\\\/experimentiersatz-elektrik-und-magnetismus\\\/\",\"name\":\"Experimentiersatz ELEKTRIK und MAGNETISMUS - MEKRUPHY GmbH\",\"isPartOf\":{\"@id\":\"https:\\\/\\\/mekruphy.com\\\/de\\\/#website\"},\"primaryImageOfPage\":{\"@id\":\"https:\\\/\\\/mekruphy.com\\\/de\\\/produkte\\\/natur-und-technik-5-6\\\/experimentiersatz-elektrik-und-magnetismus\\\/#primaryimage\"},\"image\":{\"@id\":\"https:\\\/\\\/mekruphy.com\\\/de\\\/produkte\\\/natur-und-technik-5-6\\\/experimentiersatz-elektrik-und-magnetismus\\\/#primaryimage\"},\"thumbnailUrl\":\"https:\\\/\\\/mekruphy.com\\\/de\\\/wp-content\\\/uploads\\\/2020\\\/07\\\/G2_ELEKTRIK-und-MAGNETISMUS.jpg\",\"datePublished\":\"2020-07-15T09:34:24+00:00\",\"dateModified\":\"2026-04-01T09:55:56+00:00\",\"description\":\"Mit ELEKTRIK und MAGNETISMUS lassen sich die wichtigsten Erscheinungen des Magnetismus aufsp\u00fcren und ihre Zusammenh\u00e4nge erschlie\u00dfen.\",\"breadcrumb\":{\"@id\":\"https:\\\/\\\/mekruphy.com\\\/de\\\/produkte\\\/natur-und-technik-5-6\\\/experimentiersatz-elektrik-und-magnetismus\\\/#breadcrumb\"},\"inLanguage\":\"de\",\"potentialAction\":[{\"@type\":\"ReadAction\",\"target\":[\"https:\\\/\\\/mekruphy.com\\\/de\\\/produkte\\\/natur-und-technik-5-6\\\/experimentiersatz-elektrik-und-magnetismus\\\/\"]}]},{\"@type\":\"ImageObject\",\"inLanguage\":\"de\",\"@id\":\"https:\\\/\\\/mekruphy.com\\\/de\\\/produkte\\\/natur-und-technik-5-6\\\/experimentiersatz-elektrik-und-magnetismus\\\/#primaryimage\",\"url\":\"https:\\\/\\\/mekruphy.com\\\/de\\\/wp-content\\\/uploads\\\/2020\\\/07\\\/G2_ELEKTRIK-und-MAGNETISMUS.jpg\",\"contentUrl\":\"https:\\\/\\\/mekruphy.com\\\/de\\\/wp-content\\\/uploads\\\/2020\\\/07\\\/G2_ELEKTRIK-und-MAGNETISMUS.jpg\",\"width\":1800,\"height\":1385},{\"@type\":\"BreadcrumbList\",\"@id\":\"https:\\\/\\\/mekruphy.com\\\/de\\\/produkte\\\/natur-und-technik-5-6\\\/experimentiersatz-elektrik-und-magnetismus\\\/#breadcrumb\",\"itemListElement\":[{\"@type\":\"ListItem\",\"position\":1,\"name\":\"Startseite\",\"item\":\"https:\\\/\\\/mekruphy.com\\\/de\\\/\"},{\"@type\":\"ListItem\",\"position\":2,\"name\":\"Produkte\",\"item\":\"https:\\\/\\\/mekruphy.com\\\/de\\\/produkte\\\/\"},{\"@type\":\"ListItem\",\"position\":3,\"name\":\"Natur und Technik 5-6\",\"item\":\"https:\\\/\\\/mekruphy.com\\\/de\\\/produkte\\\/natur-und-technik-5-6\\\/\"},{\"@type\":\"ListItem\",\"position\":4,\"name\":\"Experimentiersatz ELEKTRIK und MAGNETISMUS\"}]},{\"@type\":\"WebSite\",\"@id\":\"https:\\\/\\\/mekruphy.com\\\/de\\\/#website\",\"url\":\"https:\\\/\\\/mekruphy.com\\\/de\\\/\",\"name\":\"MEKRUPHY GmbH\",\"description\":\"Sch\u00fcler-Experimentierk\u00e4sten f\u00fcr den MINT-Unterricht\",\"potentialAction\":[{\"@type\":\"SearchAction\",\"target\":{\"@type\":\"EntryPoint\",\"urlTemplate\":\"https:\\\/\\\/mekruphy.com\\\/de\\\/?s={search_term_string}\"},\"query-input\":{\"@type\":\"PropertyValueSpecification\",\"valueRequired\":true,\"valueName\":\"search_term_string\"}}],\"inLanguage\":\"de\"}]}<\/script>\n<!-- \/ Yoast SEO plugin. -->","yoast_head_json":{"title":"Experimentiersatz ELEKTRIK und MAGNETISMUS - MEKRUPHY GmbH","description":"Mit ELEKTRIK und MAGNETISMUS lassen sich die wichtigsten Erscheinungen des Magnetismus aufsp\u00fcren und ihre Zusammenh\u00e4nge erschlie\u00dfen.","robots":{"index":"index","follow":"follow","max-snippet":"max-snippet:-1","max-image-preview":"max-image-preview:large","max-video-preview":"max-video-preview:-1"},"canonical":"https:\/\/mekruphy.com\/de\/produkte\/natur-und-technik-5-6\/experimentiersatz-elektrik-und-magnetismus\/","og_locale":"de_DE","og_type":"article","og_title":"Experimentiersatz ELEKTRIK und MAGNETISMUS - MEKRUPHY GmbH","og_description":"Mit ELEKTRIK und MAGNETISMUS lassen sich die wichtigsten Erscheinungen des Magnetismus aufsp\u00fcren und ihre Zusammenh\u00e4nge erschlie\u00dfen.","og_url":"https:\/\/mekruphy.com\/de\/produkte\/natur-und-technik-5-6\/experimentiersatz-elektrik-und-magnetismus\/","og_site_name":"MEKRUPHY GmbH","article_modified_time":"2026-04-01T09:55:56+00:00","og_image":[{"width":1800,"height":1385,"url":"https:\/\/mekruphy.com\/de\/wp-content\/uploads\/2020\/07\/G2_ELEKTRIK-und-MAGNETISMUS.jpg","type":"image\/jpeg"}],"twitter_card":"summary_large_image","twitter_misc":{"Gesch\u00e4tzte Lesezeit":"3\u00a0Minuten"},"schema":{"@context":"https:\/\/schema.org","@graph":[{"@type":"WebPage","@id":"https:\/\/mekruphy.com\/de\/produkte\/natur-und-technik-5-6\/experimentiersatz-elektrik-und-magnetismus\/","url":"https:\/\/mekruphy.com\/de\/produkte\/natur-und-technik-5-6\/experimentiersatz-elektrik-und-magnetismus\/","name":"Experimentiersatz ELEKTRIK und MAGNETISMUS - MEKRUPHY GmbH","isPartOf":{"@id":"https:\/\/mekruphy.com\/de\/#website"},"primaryImageOfPage":{"@id":"https:\/\/mekruphy.com\/de\/produkte\/natur-und-technik-5-6\/experimentiersatz-elektrik-und-magnetismus\/#primaryimage"},"image":{"@id":"https:\/\/mekruphy.com\/de\/produkte\/natur-und-technik-5-6\/experimentiersatz-elektrik-und-magnetismus\/#primaryimage"},"thumbnailUrl":"https:\/\/mekruphy.com\/de\/wp-content\/uploads\/2020\/07\/G2_ELEKTRIK-und-MAGNETISMUS.jpg","datePublished":"2020-07-15T09:34:24+00:00","dateModified":"2026-04-01T09:55:56+00:00","description":"Mit ELEKTRIK und MAGNETISMUS lassen sich die wichtigsten Erscheinungen des Magnetismus aufsp\u00fcren und ihre Zusammenh\u00e4nge erschlie\u00dfen.","breadcrumb":{"@id":"https:\/\/mekruphy.com\/de\/produkte\/natur-und-technik-5-6\/experimentiersatz-elektrik-und-magnetismus\/#breadcrumb"},"inLanguage":"de","potentialAction":[{"@type":"ReadAction","target":["https:\/\/mekruphy.com\/de\/produkte\/natur-und-technik-5-6\/experimentiersatz-elektrik-und-magnetismus\/"]}]},{"@type":"ImageObject","inLanguage":"de","@id":"https:\/\/mekruphy.com\/de\/produkte\/natur-und-technik-5-6\/experimentiersatz-elektrik-und-magnetismus\/#primaryimage","url":"https:\/\/mekruphy.com\/de\/wp-content\/uploads\/2020\/07\/G2_ELEKTRIK-und-MAGNETISMUS.jpg","contentUrl":"https:\/\/mekruphy.com\/de\/wp-content\/uploads\/2020\/07\/G2_ELEKTRIK-und-MAGNETISMUS.jpg","width":1800,"height":1385},{"@type":"BreadcrumbList","@id":"https:\/\/mekruphy.com\/de\/produkte\/natur-und-technik-5-6\/experimentiersatz-elektrik-und-magnetismus\/#breadcrumb","itemListElement":[{"@type":"ListItem","position":1,"name":"Startseite","item":"https:\/\/mekruphy.com\/de\/"},{"@type":"ListItem","position":2,"name":"Produkte","item":"https:\/\/mekruphy.com\/de\/produkte\/"},{"@type":"ListItem","position":3,"name":"Natur und Technik 5-6","item":"https:\/\/mekruphy.com\/de\/produkte\/natur-und-technik-5-6\/"},{"@type":"ListItem","position":4,"name":"Experimentiersatz ELEKTRIK und MAGNETISMUS"}]},{"@type":"WebSite","@id":"https:\/\/mekruphy.com\/de\/#website","url":"https:\/\/mekruphy.com\/de\/","name":"MEKRUPHY GmbH","description":"Sch\u00fcler-Experimentierk\u00e4sten f\u00fcr den MINT-Unterricht","potentialAction":[{"@type":"SearchAction","target":{"@type":"EntryPoint","urlTemplate":"https:\/\/mekruphy.com\/de\/?s={search_term_string}"},"query-input":{"@type":"PropertyValueSpecification","valueRequired":true,"valueName":"search_term_string"}}],"inLanguage":"de"}]}},"coauthors":[],"author_meta":{"author_link":"https:\/\/mekruphy.com\/de\/author\/steps-sync\/","display_name":"Steps Sync"},"relative_dates":{"created":"Ver\u00f6ffentlicht 6\u00a0Jahren vor","modified":"Aktualisiert 2\u00a0Wochen vor"},"absolute_dates":{"created":"Ver\u00f6ffentlicht am 15. Juli 2020","modified":"Aktualisiert am 1. April 2026"},"absolute_dates_time":{"created":"Ver\u00f6ffentlicht am 15. Juli 2020 11:34","modified":"Aktualisiert am 1. April 2026 11:55"},"featured_img_caption":"","featured_img":"https:\/\/mekruphy.com\/de\/wp-content\/uploads\/2020\/07\/G2_ELEKTRIK-und-MAGNETISMUS.jpg","series_order":"","_links":{"self":[{"href":"https:\/\/mekruphy.com\/de\/wp-json\/wp\/v2\/pages\/324","targetHints":{"allow":["GET"]}}],"collection":[{"href":"https:\/\/mekruphy.com\/de\/wp-json\/wp\/v2\/pages"}],"about":[{"href":"https:\/\/mekruphy.com\/de\/wp-json\/wp\/v2\/types\/page"}],"author":[{"embeddable":true,"href":"https:\/\/mekruphy.com\/de\/wp-json\/wp\/v2\/users\/3"}],"replies":[{"embeddable":true,"href":"https:\/\/mekruphy.com\/de\/wp-json\/wp\/v2\/comments?post=324"}],"version-history":[{"count":14,"href":"https:\/\/mekruphy.com\/de\/wp-json\/wp\/v2\/pages\/324\/revisions"}],"predecessor-version":[{"id":9625,"href":"https:\/\/mekruphy.com\/de\/wp-json\/wp\/v2\/pages\/324\/revisions\/9625"}],"up":[{"embeddable":true,"href":"https:\/\/mekruphy.com\/de\/wp-json\/wp\/v2\/pages\/637"}],"wp:featuredmedia":[{"embeddable":true,"href":"https:\/\/mekruphy.com\/de\/wp-json\/wp\/v2\/media\/1505"}],"wp:attachment":[{"href":"https:\/\/mekruphy.com\/de\/wp-json\/wp\/v2\/media?parent=324"}],"curies":[{"name":"wp","href":"https:\/\/api.w.org\/{rel}","templated":true}]}}