{"id":340,"date":"2020-07-15T11:42:23","date_gmt":"2020-07-15T09:42:23","guid":{"rendered":"https:\/\/mekruphy.com\/de\/experimentiersatz-mechanik-1\/"},"modified":"2026-03-31T16:31:44","modified_gmt":"2026-03-31T14:31:44","slug":"experimentiersatz-mechanik-1","status":"publish","type":"page","link":"https:\/\/mekruphy.com\/de\/produkte\/physik\/mechanik\/experimentiersatz-mechanik-1\/","title":{"rendered":"Experimentiersatz MECHANIK 1"},"content":{"rendered":"<div class=\"yoast-breadcrumbs breadcrumbs-indented\"><span><span><a href=\"https:\/\/mekruphy.com\/de\/\">Startseite<\/a><\/span> \u00bb <span><a href=\"https:\/\/mekruphy.com\/de\/produkte\/\">Produkte<\/a><\/span> \u00bb <span><a href=\"https:\/\/mekruphy.com\/de\/produkte\/physik\/\">Physik<\/a><\/span> \u00bb <span><a href=\"https:\/\/mekruphy.com\/de\/produkte\/physik\/mechanik\/\">Mechanik<\/a><\/span> \u00bb <span class=\"breadcrumb_last\" aria-current=\"page\">Experimentiersatz MECHANIK 1<\/span><\/span><\/div>\n\n\n<div class=\"wp-block-advgb-adv-tabs advgb-tabs-wrapper advgb-tab-horz-desktop advgb-tab-vert-tablet advgb-tab-stack-mobile advgb-tabs-eea2f33f-56f2-4c08-ac87-b019765b28f7\" data-tab-active=\"0\"><ul class=\"advgb-tabs-panel\" role=\"tablist\"><li class=\"advgb-tab advgb-tab-active\" role=\"presentation\" style=\"background-color:#e0e0e0;border-style:solid;border-width:1px;border-radius:10px\"><button class=\"advgb-tab-button\" id=\"advgb-tab-_bf82dc-18-0\" aria-controls=\"advgb-tab-panel-_bf82dc-18-0\" role=\"tab\" aria-selected=\"true\" tabindex=\"0\" style=\"color:#fff;background:none;border:none;width:100%;text-align:inherit;cursor:pointer;padding:8px 16px;font:inherit\"><span>Beschreibung<\/span><\/button><\/li><li class=\"advgb-tab \" role=\"presentation\" style=\"background-color:#e0e0e0;border-style:solid;border-width:1px;border-radius:10px\"><button class=\"advgb-tab-button\" id=\"advgb-tab-_bf82dc-18-1\" aria-controls=\"advgb-tab-panel-_bf82dc-18-1\" role=\"tab\" aria-selected=\"false\" tabindex=\"0\" style=\"color:#fff;background:none;border:none;width:100%;text-align:inherit;cursor:pointer;padding:8px 16px;font:inherit\"><span>Lieferumfang<\/span><\/button><\/li><li class=\"advgb-tab \" role=\"presentation\" style=\"background-color:#e0e0e0;border-style:solid;border-width:1px;border-radius:10px\"><button class=\"advgb-tab-button\" id=\"advgb-tab-_bf82dc-18-2\" aria-controls=\"advgb-tab-panel-_bf82dc-18-2\" role=\"tab\" aria-selected=\"false\" tabindex=\"0\" style=\"color:#fff;background:none;border:none;width:100%;text-align:inherit;cursor:pointer;padding:8px 16px;font:inherit\"><span>Experimente<\/span><\/button><\/li><li class=\"advgb-tab \" role=\"presentation\" style=\"background-color:#e0e0e0;border-style:solid;border-width:1px;border-radius:10px\"><button class=\"advgb-tab-button\" id=\"advgb-tab-_bf82dc-18-3\" aria-controls=\"advgb-tab-panel-_bf82dc-18-3\" role=\"tab\" aria-selected=\"false\" tabindex=\"0\" style=\"color:#fff;background:none;border:none;width:100%;text-align:inherit;cursor:pointer;padding:8px 16px;font:inherit\"><span>Bilder<\/span><\/button><\/li><\/ul><div class=\"advgb-tab-body-wrapper\" style=\"border-style:solid;border-width:1px;border-radius:10px\">\n<div class=\"wp-block-advgb-tab advgb-tab-body-container\"><div class=\"advgb-tab-body-header advgb-tab-class- \" id=\"advgb-tab-panel-_bf82dc-18-0\" role=\"tabpanel\" aria-labelledby=\"advgb-tab-_bf82dc-18-0\" tabindex=\"0\"><span>Beschreibung<\/span><\/div><div class=\"advgb-tab-_bf82dc-18 advgb-tab-body\" aria-labelledby=\"advgb-tab-panel-_bf82dc-18-0\" style=\"display:none\">\n<h2 class=\"wp-block-heading\">Zusammenh\u00e4nge erkennen<\/h2>\n\n\n\n<p>W\u00e4hrend bei den Themengebieten aus <a href=\"https:\/\/mekruphy.com\/de\/produkte\/natur-und-technik-5-6\/\">Natur und Technik<\/a> haupts\u00e4chlich naturwissenschaftliche Ph\u00e4nomene im Vordergrund stehen, geht es ab dem Experimentiersatz MECHANIK 1 vor allem um das Auffinden physikalischer Gesetze.<\/p>\n\n\n\n<p>Mit dem ersten Experimentiersatz zur Mechanik k\u00f6nnen die Sch\u00fclerinnen und Sch\u00fcler \u2026<\/p>\n\n\n\n<p><\/p>\n\n\n\n<ul class=\"wp-block-list\"><li>die Technik des Messens, das Erstellen und Auswerten von Tabellen und Graphen erlernen<\/li><li>proportionale und nicht-proportionale Zusammenh\u00e4nge erkennen<\/li><li>das Geheimnis des <a href=\"https:\/\/www.leifiphysik.de\/mechanik\/druck-und-auftrieb\/grundwissen\/auftriebskraft\">Auftriebs<\/a> l\u00fcften<\/li><li>das <a href=\"https:\/\/de.wikipedia.org\/wiki\/Hebel_(Physik)\">Hebelgesetz<\/a> auf spannende Weise entdecken<\/li><\/ul>\n\n\n\n<h3 class=\"wp-block-heading\">Kein gesondertes Stativmaterial notwendig<\/h3>\n\n\n\n<p>Als Stativ dient der Aufbewahrungskasten, in dem der Experimentiersatz MECHANIK 1 geliefert wird. Bei Bedarf k\u00f6nnen die mitgelieferten Stativstangen einfach in den Kasten eingeschraubt werden.<\/p>\n\n\n\n<h3 class=\"wp-block-heading\" id=\"h-begleitmaterialien\">Begleitmaterialien<\/h3>\n\n\n\n<p>Passend zum Experimentiersatz MECHANIK 1 sind auch ein <a href=\"https:\/\/mekruphy.com\/de\/produkte\/physik\/physik-arbeitshefte\/\">Sch\u00fclerheft<\/a> und ein <a href=\"https:\/\/mekruphy.com\/de\/produkte\/physik\/physik-arbeitshefte\/\">Lehrerheft<\/a> mit didaktischen Anweisungen und L\u00f6sungen in analoger Form erh\u00e4ltlich. Das Sch\u00fclerheft ist auch in digitaler Form erwerbbar.<\/p>\n<\/div><\/div>\n\n\n\n<div class=\"wp-block-advgb-tab advgb-tab-body-container\"><div class=\"advgb-tab-body-header advgb-tab-class- \" id=\"advgb-tab-panel-_bf82dc-18-1\" role=\"tabpanel\" aria-labelledby=\"advgb-tab-_bf82dc-18-1\" tabindex=\"0\"><span>Lieferumfang<\/span><\/div><div class=\"advgb-tab-_bf82dc-18 advgb-tab-body\" aria-labelledby=\"advgb-tab-panel-_bf82dc-18-1\" style=\"display:none\">\n<figure class=\"wp-block-table table-product-contents\"><table><tbody><tr><td>01.01.10<\/td><td>Aufbewahrungskasten<\/td><\/tr><tr><td>01.02.00<\/td><td>Ger\u00e4tegeformter Einsatz M1<\/td><\/tr><tr><td>01.03.00<\/td><td>\u00dcberlaufgef\u00e4\u00df<\/td><\/tr><tr><td>01.04.00<\/td><td>Kunststoffbecher 250 ml<\/td><\/tr><tr><td>01.05.00<\/td><td>Messschieber<\/td><\/tr><tr><td>01.06.00<\/td><td>Vierkantmuffe M1<\/td><\/tr><tr><td>01.07.00<\/td><td>Acrylglasquader<\/td><\/tr><tr><td>01.08.00<\/td><td>Stahlzylinder M1<\/td><\/tr><tr><td>01.09.00<\/td><td>Aluminiumk\u00f6rper<\/td><\/tr><tr><td>01.10.00<\/td><td>Rundmuffe M1<\/td><\/tr><tr><td>01.11.00<\/td><td>Schraubenfeder 30 N\/m<\/td><\/tr><tr><td>01.12.00<\/td><td>Stift mit Haken 5 cm<\/td><\/tr><tr><td>01.13.00<\/td><td>Lagerstift M1<\/td><\/tr><tr><td>01.14.00<\/td><td>Messzylinder 50 ml<\/td><\/tr><tr><td>01.15.00<\/td><td>Massest\u00fcck 50 g mit Haken (4 St\u00fcck)<\/td><\/tr><tr><td>01.16.00<\/td><td>Kraftmesser 2 N<\/td><\/tr><tr><td>01.17.00<\/td><td>Stativstange 23 cm (2 St\u00fcck)<\/td><\/tr><tr><td>01.18.00<\/td><td>Stativstange 29 cm<\/td><\/tr><tr><td>01.19.00<\/td><td>Ma\u00dfband 2 m<\/td><\/tr><tr><td>01.20.00<\/td><td>Gummischnur M1 in Dose<\/td><\/tr><\/tbody><\/table><\/figure>\n<\/div><\/div>\n\n\n\n<div class=\"wp-block-advgb-tab advgb-tab-body-container\"><div class=\"advgb-tab-body-header advgb-tab-class- header-active\" id=\"advgb-tab-panel-_bf82dc-18-2\" role=\"tabpanel\" aria-labelledby=\"advgb-tab-_bf82dc-18-2\" tabindex=\"0\"><span>Experimente<\/span><\/div><div class=\"advgb-tab-_bf82dc-18 advgb-tab-body\" aria-labelledby=\"advgb-tab-panel-_bf82dc-18-2\" style=\"display:block\">\n<p><\/p>\n\n\n\n<figure class=\"wp-block-table table-product-experiments\"><table><tbody><tr><td>M1-1<\/td><td>L\u00e4ngenmessung 1<\/td><\/tr><tr><td>M1-2<\/td><td>L\u00e4ngenmessung 2<\/td><\/tr><tr><td>M1-3<\/td><td>Volumenbestimmung von festen K\u00f6rpern<\/td><\/tr><tr><td>M1-4<\/td><td>Dichtebestimmung von festen Stoffen*<\/td><\/tr><tr><td>M1-5<\/td><td>Dichtebestimmung von Fl\u00fcssigkeiten*<\/td><\/tr><tr><td>M1-6<\/td><td>Dichte von Salzwasser*<\/td><\/tr><tr><td>M1-6A<\/td><td>Dichte\u00e4nderung bei schmelzendem Eis*<\/td><\/tr><tr><td>M1-7<\/td><td>Kraft und Verl\u00e4ngerung bei der Gummischnur<\/td><\/tr><tr><td>M1-8<\/td><td>Kraft und Verl\u00e4ngerung bei der Schraubenfeder<\/td><\/tr><tr><td>M1-9<\/td><td>Bestimmung des Ortsfaktors<\/td><\/tr><tr><td>M1-10<\/td><td>Der zweiseitige Hebel<\/td><\/tr><tr><td>M1-11<\/td><td>Der Schwerpunkt<\/td><\/tr><tr><td>M1-12<\/td><td>Der einseitige Hebel*<\/td><\/tr><tr><td>M1-13<\/td><td>Der Auftrieb in Wasser<\/td><\/tr><tr><td>M1-14<\/td><td>Kraft und Gegenkraft beim Auftrieb*<\/td><\/tr><\/tbody><\/table><\/figure>\n\n\n\n<p><\/p>\n\n\n\n<h3 class=\"wp-block-heading\" id=\"h-zusatzlich-erforderlich\">Zus\u00e4tzlich erforderlich:<\/h3>\n\n\n\n<p>F\u00fcr die mit * gekennzeichneten Experimente wird eine Digitalwaage ben\u00f6tigt, z. B. 00.01.30\u00a0 <a href=\"https:\/\/mekruphy.com\/de\/produkte\/physik\/physik-zubehor\/\">CB 1001<\/a> oder 00.01.40\u00a0 <a href=\"https:\/\/mekruphy.com\/de\/produkte\/physik\/physik-zubehor\/\">CB 501<\/a><\/p>\n<\/div><\/div>\n\n\n\n<div class=\"wp-block-advgb-tab advgb-tab-body-container\"><div class=\"advgb-tab-body-header advgb-tab-class-undefined \" id=\"advgb-tab-panel-_bf82dc-18-3\" role=\"tabpanel\" aria-labelledby=\"advgb-tab-_bf82dc-18-3\" tabindex=\"0\"><span>Bilder<\/span><\/div><div class=\"advgb-tab-_bf82dc-18 advgb-tab-body\" aria-labelledby=\"advgb-tab-panel-_bf82dc-18-3\" style=\"display:none\"><div class=\"wp-block-image\">\n<figure class=\"aligncenter size-large is-resized\"><img loading=\"lazy\" decoding=\"async\" width=\"1024\" height=\"1024\" src=\"https:\/\/mekruphy.com\/de\/wp-content\/uploads\/2021\/01\/M1-1024x1024.jpg\" alt=\"Mechanik 1 Volumenbestimmung\" class=\"wp-image-2805\" style=\"width:511px;height:511px\" srcset=\"https:\/\/mekruphy.com\/de\/wp-content\/uploads\/2021\/01\/M1-1024x1024.jpg 1024w, https:\/\/mekruphy.com\/de\/wp-content\/uploads\/2021\/01\/M1-300x300.jpg 300w, https:\/\/mekruphy.com\/de\/wp-content\/uploads\/2021\/01\/M1-150x150.jpg 150w, https:\/\/mekruphy.com\/de\/wp-content\/uploads\/2021\/01\/M1-768x768.jpg 768w, https:\/\/mekruphy.com\/de\/wp-content\/uploads\/2021\/01\/M1-1536x1536.jpg 1536w, https:\/\/mekruphy.com\/de\/wp-content\/uploads\/2021\/01\/M1-1600x1600.jpg 1600w, https:\/\/mekruphy.com\/de\/wp-content\/uploads\/2021\/01\/M1.jpg 1699w\" sizes=\"auto, (max-width: 1024px) 100vw, 1024px\" \/><\/figure>\n<\/div>\n\n\n<p>&nbsp;<\/p>\n\n\n<div class=\"wp-block-image\">\n<figure class=\"aligncenter size-large is-resized\"><img loading=\"lazy\" decoding=\"async\" width=\"648\" height=\"1024\" src=\"https:\/\/mekruphy.com\/de\/wp-content\/uploads\/2021\/01\/M1_neu-648x1024.jpg\" alt=\"Mechanik 1 Hookesche Gestetz\" class=\"wp-image-2806\" style=\"width:509px;height:805px\" srcset=\"https:\/\/mekruphy.com\/de\/wp-content\/uploads\/2021\/01\/M1_neu-648x1024.jpg 648w, https:\/\/mekruphy.com\/de\/wp-content\/uploads\/2021\/01\/M1_neu-190x300.jpg 190w, https:\/\/mekruphy.com\/de\/wp-content\/uploads\/2021\/01\/M1_neu-768x1213.jpg 768w, https:\/\/mekruphy.com\/de\/wp-content\/uploads\/2021\/01\/M1_neu-973x1536.jpg 973w, https:\/\/mekruphy.com\/de\/wp-content\/uploads\/2021\/01\/M1_neu-1297x2048.jpg 1297w, https:\/\/mekruphy.com\/de\/wp-content\/uploads\/2021\/01\/M1_neu-1013x1600.jpg 1013w, https:\/\/mekruphy.com\/de\/wp-content\/uploads\/2021\/01\/M1_neu.jpg 1593w\" sizes=\"auto, (max-width: 648px) 100vw, 648px\" \/><\/figure>\n<\/div>\n\n\n<p>&nbsp;<\/p>\n\n\n<div class=\"wp-block-image\">\n<figure class=\"aligncenter size-large is-resized\"><img loading=\"lazy\" decoding=\"async\" width=\"952\" height=\"608\" src=\"https:\/\/mekruphy.com\/de\/wp-content\/uploads\/2021\/02\/M1_3.jpg\" alt=\"Mechanik 1 Der zweiseitige Hebel\" class=\"wp-image-2881\" style=\"width:619px;height:395px\" srcset=\"https:\/\/mekruphy.com\/de\/wp-content\/uploads\/2021\/02\/M1_3.jpg 952w, https:\/\/mekruphy.com\/de\/wp-content\/uploads\/2021\/02\/M1_3-300x192.jpg 300w, https:\/\/mekruphy.com\/de\/wp-content\/uploads\/2021\/02\/M1_3-768x490.jpg 768w\" sizes=\"auto, (max-width: 952px) 100vw, 952px\" \/><\/figure>\n<\/div>\n\n\n<p><\/p>\n<\/div><\/div>\n<\/div><\/div>\n<style class=\"advgb-styles-renderer\">.advgb-tabs-eea2f33f-56f2-4c08-ac87-b019765b28f7 ul.advgb-tabs-panel li.advgb-tab.advgb-tab-active {background-color:#5954d6 !important;color:#fff !important;}#advgb-tabs-eea2f33f-56f2-4c08-ac87-b019765b28f7 .advgb-tab-body-header.header-active, .advgb-tabs-eea2f33f-56f2-4c08-ac87-b019765b28f7 .advgb-tab-body-header.header-active{background-color:#5954d6 !important;color:#fff !important;}<\/style>","protected":false},"excerpt":{"rendered":"","protected":false},"author":3,"featured_media":1776,"parent":929,"menu_order":0,"comment_status":"closed","ping_status":"closed","template":"templates\/product.php","meta":{"_acf_changed":false,"_coblocks_attr":"","_coblocks_dimensions":"","_coblocks_responsive_height":"","_coblocks_accordion_ie_support":"","_eb_attr":"","advgb_blocks_editor_width":"","advgb_blocks_columns_visual_guide":"","footnotes":""},"class_list":["post-340","page","type-page","status-publish","has-post-thumbnail","hentry"],"acf":[],"yoast_head":"<!-- This site is optimized with the Yoast SEO plugin v27.4 - https:\/\/yoast.com\/product\/yoast-seo-wordpress\/ -->\n<title>Experimentiersatz MECHANIK 1 - MEKRUPHY GmbH<\/title>\n<meta name=\"description\" content=\"Bei den Physik-Experimentierk\u00e4sten ab Mechanik 1 geht es in erster Linie um das Auffinden physikalischer Gesetze.\" \/>\n<meta name=\"robots\" content=\"index, follow, max-snippet:-1, max-image-preview:large, max-video-preview:-1\" \/>\n<link rel=\"canonical\" href=\"https:\/\/mekruphy.com\/de\/produkte\/physik\/mechanik\/experimentiersatz-mechanik-1\/\" \/>\n<meta property=\"og:locale\" content=\"de_DE\" \/>\n<meta property=\"og:type\" content=\"article\" \/>\n<meta property=\"og:title\" content=\"Experimentiersatz MECHANIK 1 - MEKRUPHY GmbH\" \/>\n<meta property=\"og:description\" content=\"Bei den Physik-Experimentierk\u00e4sten ab Mechanik 1 geht es in erster Linie um das Auffinden physikalischer Gesetze.\" \/>\n<meta property=\"og:url\" content=\"https:\/\/mekruphy.com\/de\/produkte\/physik\/mechanik\/experimentiersatz-mechanik-1\/\" \/>\n<meta property=\"og:site_name\" content=\"MEKRUPHY GmbH\" \/>\n<meta property=\"article:modified_time\" content=\"2026-03-31T14:31:44+00:00\" \/>\n<meta property=\"og:image\" content=\"https:\/\/mekruphy.com\/de\/wp-content\/uploads\/2020\/07\/Kasten-Physik-MECHANIK-1.jpg\" \/>\n\t<meta property=\"og:image:width\" content=\"1800\" \/>\n\t<meta property=\"og:image:height\" content=\"1383\" \/>\n\t<meta property=\"og:image:type\" content=\"image\/jpeg\" \/>\n<meta name=\"twitter:card\" content=\"summary_large_image\" \/>\n<meta name=\"twitter:label1\" content=\"Gesch\u00e4tzte Lesezeit\" \/>\n\t<meta name=\"twitter:data1\" content=\"1\u00a0Minute\" \/>\n<script type=\"application\/ld+json\" class=\"yoast-schema-graph\">{\"@context\":\"https:\\\/\\\/schema.org\",\"@graph\":[{\"@type\":\"WebPage\",\"@id\":\"https:\\\/\\\/mekruphy.com\\\/de\\\/produkte\\\/physik\\\/mechanik\\\/experimentiersatz-mechanik-1\\\/\",\"url\":\"https:\\\/\\\/mekruphy.com\\\/de\\\/produkte\\\/physik\\\/mechanik\\\/experimentiersatz-mechanik-1\\\/\",\"name\":\"Experimentiersatz MECHANIK 1 - MEKRUPHY GmbH\",\"isPartOf\":{\"@id\":\"https:\\\/\\\/mekruphy.com\\\/de\\\/#website\"},\"primaryImageOfPage\":{\"@id\":\"https:\\\/\\\/mekruphy.com\\\/de\\\/produkte\\\/physik\\\/mechanik\\\/experimentiersatz-mechanik-1\\\/#primaryimage\"},\"image\":{\"@id\":\"https:\\\/\\\/mekruphy.com\\\/de\\\/produkte\\\/physik\\\/mechanik\\\/experimentiersatz-mechanik-1\\\/#primaryimage\"},\"thumbnailUrl\":\"https:\\\/\\\/mekruphy.com\\\/de\\\/wp-content\\\/uploads\\\/2020\\\/07\\\/Kasten-Physik-MECHANIK-1.jpg\",\"datePublished\":\"2020-07-15T09:42:23+00:00\",\"dateModified\":\"2026-03-31T14:31:44+00:00\",\"description\":\"Bei den Physik-Experimentierk\u00e4sten ab Mechanik 1 geht es in erster Linie um das Auffinden physikalischer Gesetze.\",\"breadcrumb\":{\"@id\":\"https:\\\/\\\/mekruphy.com\\\/de\\\/produkte\\\/physik\\\/mechanik\\\/experimentiersatz-mechanik-1\\\/#breadcrumb\"},\"inLanguage\":\"de\",\"potentialAction\":[{\"@type\":\"ReadAction\",\"target\":[\"https:\\\/\\\/mekruphy.com\\\/de\\\/produkte\\\/physik\\\/mechanik\\\/experimentiersatz-mechanik-1\\\/\"]}]},{\"@type\":\"ImageObject\",\"inLanguage\":\"de\",\"@id\":\"https:\\\/\\\/mekruphy.com\\\/de\\\/produkte\\\/physik\\\/mechanik\\\/experimentiersatz-mechanik-1\\\/#primaryimage\",\"url\":\"https:\\\/\\\/mekruphy.com\\\/de\\\/wp-content\\\/uploads\\\/2020\\\/07\\\/Kasten-Physik-MECHANIK-1.jpg\",\"contentUrl\":\"https:\\\/\\\/mekruphy.com\\\/de\\\/wp-content\\\/uploads\\\/2020\\\/07\\\/Kasten-Physik-MECHANIK-1.jpg\",\"width\":1800,\"height\":1383},{\"@type\":\"BreadcrumbList\",\"@id\":\"https:\\\/\\\/mekruphy.com\\\/de\\\/produkte\\\/physik\\\/mechanik\\\/experimentiersatz-mechanik-1\\\/#breadcrumb\",\"itemListElement\":[{\"@type\":\"ListItem\",\"position\":1,\"name\":\"Startseite\",\"item\":\"https:\\\/\\\/mekruphy.com\\\/de\\\/\"},{\"@type\":\"ListItem\",\"position\":2,\"name\":\"Produkte\",\"item\":\"https:\\\/\\\/mekruphy.com\\\/de\\\/produkte\\\/\"},{\"@type\":\"ListItem\",\"position\":3,\"name\":\"Physik\",\"item\":\"https:\\\/\\\/mekruphy.com\\\/de\\\/produkte\\\/physik\\\/\"},{\"@type\":\"ListItem\",\"position\":4,\"name\":\"Mechanik\",\"item\":\"https:\\\/\\\/mekruphy.com\\\/de\\\/produkte\\\/physik\\\/mechanik\\\/\"},{\"@type\":\"ListItem\",\"position\":5,\"name\":\"Experimentiersatz MECHANIK 1\"}]},{\"@type\":\"WebSite\",\"@id\":\"https:\\\/\\\/mekruphy.com\\\/de\\\/#website\",\"url\":\"https:\\\/\\\/mekruphy.com\\\/de\\\/\",\"name\":\"MEKRUPHY GmbH\",\"description\":\"Sch\u00fcler-Experimentierk\u00e4sten f\u00fcr den MINT-Unterricht\",\"potentialAction\":[{\"@type\":\"SearchAction\",\"target\":{\"@type\":\"EntryPoint\",\"urlTemplate\":\"https:\\\/\\\/mekruphy.com\\\/de\\\/?s={search_term_string}\"},\"query-input\":{\"@type\":\"PropertyValueSpecification\",\"valueRequired\":true,\"valueName\":\"search_term_string\"}}],\"inLanguage\":\"de\"}]}<\/script>\n<!-- \/ Yoast SEO plugin. -->","yoast_head_json":{"title":"Experimentiersatz MECHANIK 1 - MEKRUPHY GmbH","description":"Bei den Physik-Experimentierk\u00e4sten ab Mechanik 1 geht es in erster Linie um das Auffinden physikalischer Gesetze.","robots":{"index":"index","follow":"follow","max-snippet":"max-snippet:-1","max-image-preview":"max-image-preview:large","max-video-preview":"max-video-preview:-1"},"canonical":"https:\/\/mekruphy.com\/de\/produkte\/physik\/mechanik\/experimentiersatz-mechanik-1\/","og_locale":"de_DE","og_type":"article","og_title":"Experimentiersatz MECHANIK 1 - MEKRUPHY GmbH","og_description":"Bei den Physik-Experimentierk\u00e4sten ab Mechanik 1 geht es in erster Linie um das Auffinden physikalischer Gesetze.","og_url":"https:\/\/mekruphy.com\/de\/produkte\/physik\/mechanik\/experimentiersatz-mechanik-1\/","og_site_name":"MEKRUPHY GmbH","article_modified_time":"2026-03-31T14:31:44+00:00","og_image":[{"width":1800,"height":1383,"url":"https:\/\/mekruphy.com\/de\/wp-content\/uploads\/2020\/07\/Kasten-Physik-MECHANIK-1.jpg","type":"image\/jpeg"}],"twitter_card":"summary_large_image","twitter_misc":{"Gesch\u00e4tzte Lesezeit":"1\u00a0Minute"},"schema":{"@context":"https:\/\/schema.org","@graph":[{"@type":"WebPage","@id":"https:\/\/mekruphy.com\/de\/produkte\/physik\/mechanik\/experimentiersatz-mechanik-1\/","url":"https:\/\/mekruphy.com\/de\/produkte\/physik\/mechanik\/experimentiersatz-mechanik-1\/","name":"Experimentiersatz MECHANIK 1 - MEKRUPHY GmbH","isPartOf":{"@id":"https:\/\/mekruphy.com\/de\/#website"},"primaryImageOfPage":{"@id":"https:\/\/mekruphy.com\/de\/produkte\/physik\/mechanik\/experimentiersatz-mechanik-1\/#primaryimage"},"image":{"@id":"https:\/\/mekruphy.com\/de\/produkte\/physik\/mechanik\/experimentiersatz-mechanik-1\/#primaryimage"},"thumbnailUrl":"https:\/\/mekruphy.com\/de\/wp-content\/uploads\/2020\/07\/Kasten-Physik-MECHANIK-1.jpg","datePublished":"2020-07-15T09:42:23+00:00","dateModified":"2026-03-31T14:31:44+00:00","description":"Bei den Physik-Experimentierk\u00e4sten ab Mechanik 1 geht es in erster Linie um das Auffinden physikalischer Gesetze.","breadcrumb":{"@id":"https:\/\/mekruphy.com\/de\/produkte\/physik\/mechanik\/experimentiersatz-mechanik-1\/#breadcrumb"},"inLanguage":"de","potentialAction":[{"@type":"ReadAction","target":["https:\/\/mekruphy.com\/de\/produkte\/physik\/mechanik\/experimentiersatz-mechanik-1\/"]}]},{"@type":"ImageObject","inLanguage":"de","@id":"https:\/\/mekruphy.com\/de\/produkte\/physik\/mechanik\/experimentiersatz-mechanik-1\/#primaryimage","url":"https:\/\/mekruphy.com\/de\/wp-content\/uploads\/2020\/07\/Kasten-Physik-MECHANIK-1.jpg","contentUrl":"https:\/\/mekruphy.com\/de\/wp-content\/uploads\/2020\/07\/Kasten-Physik-MECHANIK-1.jpg","width":1800,"height":1383},{"@type":"BreadcrumbList","@id":"https:\/\/mekruphy.com\/de\/produkte\/physik\/mechanik\/experimentiersatz-mechanik-1\/#breadcrumb","itemListElement":[{"@type":"ListItem","position":1,"name":"Startseite","item":"https:\/\/mekruphy.com\/de\/"},{"@type":"ListItem","position":2,"name":"Produkte","item":"https:\/\/mekruphy.com\/de\/produkte\/"},{"@type":"ListItem","position":3,"name":"Physik","item":"https:\/\/mekruphy.com\/de\/produkte\/physik\/"},{"@type":"ListItem","position":4,"name":"Mechanik","item":"https:\/\/mekruphy.com\/de\/produkte\/physik\/mechanik\/"},{"@type":"ListItem","position":5,"name":"Experimentiersatz MECHANIK 1"}]},{"@type":"WebSite","@id":"https:\/\/mekruphy.com\/de\/#website","url":"https:\/\/mekruphy.com\/de\/","name":"MEKRUPHY GmbH","description":"Sch\u00fcler-Experimentierk\u00e4sten f\u00fcr den MINT-Unterricht","potentialAction":[{"@type":"SearchAction","target":{"@type":"EntryPoint","urlTemplate":"https:\/\/mekruphy.com\/de\/?s={search_term_string}"},"query-input":{"@type":"PropertyValueSpecification","valueRequired":true,"valueName":"search_term_string"}}],"inLanguage":"de"}]}},"coauthors":[],"author_meta":{"author_link":"https:\/\/mekruphy.com\/de\/author\/steps-sync\/","display_name":"Steps Sync"},"relative_dates":{"created":"Ver\u00f6ffentlicht 6\u00a0Jahren vor","modified":"Aktualisiert 3\u00a0Wochen vor"},"absolute_dates":{"created":"Ver\u00f6ffentlicht am 15. Juli 2020","modified":"Aktualisiert am 31. M\u00e4rz 2026"},"absolute_dates_time":{"created":"Ver\u00f6ffentlicht am 15. Juli 2020 11:42","modified":"Aktualisiert am 31. M\u00e4rz 2026 16:31"},"featured_img_caption":"","featured_img":"https:\/\/mekruphy.com\/de\/wp-content\/uploads\/2020\/07\/Kasten-Physik-MECHANIK-1.jpg","series_order":"","_links":{"self":[{"href":"https:\/\/mekruphy.com\/de\/wp-json\/wp\/v2\/pages\/340","targetHints":{"allow":["GET"]}}],"collection":[{"href":"https:\/\/mekruphy.com\/de\/wp-json\/wp\/v2\/pages"}],"about":[{"href":"https:\/\/mekruphy.com\/de\/wp-json\/wp\/v2\/types\/page"}],"author":[{"embeddable":true,"href":"https:\/\/mekruphy.com\/de\/wp-json\/wp\/v2\/users\/3"}],"replies":[{"embeddable":true,"href":"https:\/\/mekruphy.com\/de\/wp-json\/wp\/v2\/comments?post=340"}],"version-history":[{"count":31,"href":"https:\/\/mekruphy.com\/de\/wp-json\/wp\/v2\/pages\/340\/revisions"}],"predecessor-version":[{"id":9397,"href":"https:\/\/mekruphy.com\/de\/wp-json\/wp\/v2\/pages\/340\/revisions\/9397"}],"up":[{"embeddable":true,"href":"https:\/\/mekruphy.com\/de\/wp-json\/wp\/v2\/pages\/929"}],"wp:featuredmedia":[{"embeddable":true,"href":"https:\/\/mekruphy.com\/de\/wp-json\/wp\/v2\/media\/1776"}],"wp:attachment":[{"href":"https:\/\/mekruphy.com\/de\/wp-json\/wp\/v2\/media?parent=340"}],"curies":[{"name":"wp","href":"https:\/\/api.w.org\/{rel}","templated":true}]}}