{"id":344,"date":"2020-07-15T11:42:37","date_gmt":"2020-07-15T09:42:37","guid":{"rendered":"https:\/\/mekruphy.com\/de\/experimentiersatz-mechanik-2\/"},"modified":"2026-03-31T16:35:21","modified_gmt":"2026-03-31T14:35:21","slug":"experimentiersatz-mechanik-2","status":"publish","type":"page","link":"https:\/\/mekruphy.com\/de\/produkte\/physik\/mechanik\/experimentiersatz-mechanik-2\/","title":{"rendered":"Experimentiersatz MECHANIK 2"},"content":{"rendered":"<div class=\"yoast-breadcrumbs breadcrumbs-indented\"><span><span><a href=\"https:\/\/mekruphy.com\/de\/\">Startseite<\/a><\/span> \u00bb <span><a href=\"https:\/\/mekruphy.com\/de\/produkte\/\">Produkte<\/a><\/span> \u00bb <span><a href=\"https:\/\/mekruphy.com\/de\/produkte\/physik\/\">Physik<\/a><\/span> \u00bb <span><a href=\"https:\/\/mekruphy.com\/de\/produkte\/physik\/mechanik\/\">Mechanik<\/a><\/span> \u00bb <span class=\"breadcrumb_last\" aria-current=\"page\">Experimentiersatz MECHANIK 2<\/span><\/span><\/div>\n\n\n<div class=\"wp-block-advgb-adv-tabs advgb-tabs-wrapper advgb-tab-horz-desktop advgb-tab-vert-tablet advgb-tab-stack-mobile advgb-tabs-1040e811-b674-49d7-81bf-6640526fb91c\" data-tab-active=\"0\"><ul class=\"advgb-tabs-panel\" role=\"tablist\"><li class=\"advgb-tab advgb-tab-active\" role=\"presentation\" style=\"background-color:#e0e0e0;border-style:solid;border-width:1px;border-radius:10px\"><button class=\"advgb-tab-button\" id=\"advgb-tab-_40e811-b6-0\" aria-controls=\"advgb-tab-panel-_40e811-b6-0\" role=\"tab\" aria-selected=\"true\" tabindex=\"0\" style=\"color:#fff;background:none;border:none;width:100%;text-align:inherit;cursor:pointer;padding:8px 16px;font:inherit\"><span>Beschreibung<\/span><\/button><\/li><li class=\"advgb-tab \" role=\"presentation\" style=\"background-color:#e0e0e0;border-style:solid;border-width:1px;border-radius:10px\"><button class=\"advgb-tab-button\" id=\"advgb-tab-_40e811-b6-1\" aria-controls=\"advgb-tab-panel-_40e811-b6-1\" role=\"tab\" aria-selected=\"false\" tabindex=\"0\" style=\"color:#fff;background:none;border:none;width:100%;text-align:inherit;cursor:pointer;padding:8px 16px;font:inherit\"><span>Lieferumfang<\/span><\/button><\/li><li class=\"advgb-tab \" role=\"presentation\" style=\"background-color:#e0e0e0;border-style:solid;border-width:1px;border-radius:10px\"><button class=\"advgb-tab-button\" id=\"advgb-tab-_40e811-b6-2\" aria-controls=\"advgb-tab-panel-_40e811-b6-2\" role=\"tab\" aria-selected=\"false\" tabindex=\"0\" style=\"color:#fff;background:none;border:none;width:100%;text-align:inherit;cursor:pointer;padding:8px 16px;font:inherit\"><span>Experimente<\/span><\/button><\/li><li class=\"advgb-tab \" role=\"presentation\" style=\"background-color:#e0e0e0;border-style:solid;border-width:1px;border-radius:10px\"><button class=\"advgb-tab-button\" id=\"advgb-tab-_40e811-b6-3\" aria-controls=\"advgb-tab-panel-_40e811-b6-3\" role=\"tab\" aria-selected=\"false\" tabindex=\"0\" style=\"color:#fff;background:none;border:none;width:100%;text-align:inherit;cursor:pointer;padding:8px 16px;font:inherit\"><span>Bilder<\/span><\/button><\/li><\/ul><div class=\"advgb-tab-body-wrapper\" style=\"border-style:solid;border-width:1px;border-radius:10px\">\n<div class=\"wp-block-advgb-tab advgb-tab-body-container\"><div class=\"advgb-tab-body-header advgb-tab-class- header-active\" id=\"advgb-tab-panel-_bf82dc-18-0\" role=\"tabpanel\" aria-labelledby=\"advgb-tab-_bf82dc-18-0\" tabindex=\"0\"><span>Beschreibung<\/span><\/div><div class=\"advgb-tab-_bf82dc-18 advgb-tab-body\" aria-labelledby=\"advgb-tab-panel-_bf82dc-18-0\" style=\"display:block\">\n<h2 class=\"wp-block-heading\">Die Kraft als zentrale Gr\u00f6\u00dfe<\/h2>\n\n\n\n<p>Mit dem <a href=\"https:\/\/mekruphy.com\/de\/produkte\/physik\/\">Physik-Experimentierkasten<\/a> MECHANIK 2 k\u00f6nnen die Sch\u00fc\u00adlerinnen und Sch\u00fcler die Kraft unter den ver\u00adschiedensten Aspekten untersuchen. Dabei ist die Kr\u00e4ftezerlegung der H\u00f6hepunkt:<\/p>\n\n\n\n<ul class=\"wp-block-list\"><li>Der vertikale Auf\u00adbau sichert die Voraussetzung f\u00fcr genaues Ex\u00adperimentieren<\/li><li>Das Fadendreieck gew\u00e4hrleistet eine ebenso bequeme wie exakte Winkelable\u00adsung<\/li><li>Die drehbar gelagerten Kraftmesserhalter stellen sich von selbst genau in die entsprechende Kraftrichtung ein, in der sie anschlie\u00dfend fixiert werden k\u00f6nnen<\/li><\/ul>\n\n\n\n<p>Diese Expe\u00adrimentiermethode gen\u00fcgt h\u00f6chsten Anspr\u00fcchen. Zudem finden diese Ergebnisse anschlie\u00dfend beim Experiment zur schiefen Ebene Anwen\u00addung. Ebenso garantieren die \u00fcbrigen MECHANIK 2 Experimente leichte Handhabung und gro\u00dfe Ge\u00adnauigkeit.<\/p>\n\n\n\n<h3 class=\"wp-block-heading\">Kraftmesser und Universalschiene<\/h3>\n\n\n\n<ul class=\"wp-block-list\"><li>Durch die beiden Kraftmesser lassen sich nicht nur bei der Kr\u00e4ftezerlegung sehr genaue Ergebnisse erzielen. Auch die Experimente mit den Rollen werden wesentlich interessanter, da an ihnen gleichzeitig Zugkraft und Kraft am Haken gemessen wird.<\/li><li>Die <a href=\"https:\/\/mekruphy.com\/de\/produkte\/physik\/physik-zubehor\/#universalschiene\">Universalschiene<\/a> dient sowohl als schiefe Ebene, als Gleitunterlage f\u00fcr die Reibung wie auch als Stativ. Jedoch ist sie nicht im Lieferumfang enthalten, da sie auch f\u00fcr andere Experimentiers\u00e4tze verwendet wird.<\/li><\/ul>\n\n\n\n<h3 class=\"wp-block-heading\" id=\"h-begleitmaterialien\">Begleitmaterialien<\/h3>\n\n\n\n<p>Passend zum Experimentiersatz MECHANIK 2 sind auch ein <a href=\"https:\/\/mekruphy.com\/de\/produkte\/physik\/physik-arbeitshefte\/\">Sch\u00fclerheft<\/a> und ein <a href=\"https:\/\/mekruphy.com\/de\/produkte\/physik\/physik-arbeitshefte\/\">Lehrerheft<\/a> mit didaktischen Anweisungen und L\u00f6sungen in analoger Form erh\u00e4ltlich. Das Sch\u00fclerheft ist auch in digitaler Form erwerbbar.<\/p>\n<\/div><\/div>\n\n\n\n<div class=\"wp-block-advgb-tab advgb-tab-body-container\"><div class=\"advgb-tab-body-header advgb-tab-class- \" id=\"advgb-tab-panel-_bf82dc-18-1\" role=\"tabpanel\" aria-labelledby=\"advgb-tab-_bf82dc-18-1\" tabindex=\"0\"><span>Lieferumfang<\/span><\/div><div class=\"advgb-tab-_bf82dc-18 advgb-tab-body\" aria-labelledby=\"advgb-tab-panel-_bf82dc-18-1\" style=\"display:none\">\n<figure class=\"wp-block-table table-product-contents\"><table><tbody><tr><td>01.01.10<\/td><td>Aufbewahrungskasten<\/td><\/tr><tr><td>02.02.00<\/td><td>Ger\u00e4tegeformter Einsatz M2<\/td><\/tr><tr><td>02.03.00<\/td><td>Rolle mit Haken<\/td><\/tr><tr><td>02.04.00<\/td><td>Dreifachrolle (2 St\u00fcck)<\/td><\/tr><tr><td>02.05.00<\/td><td>Reibungsklotz<\/td><\/tr><tr><td>02.06.00<\/td><td>Vierkantmuffe M2 (2 St\u00fcck)<\/td><\/tr><tr><td>02.07.00<\/td><td>Schnur 50 cm in Dose<\/td><\/tr><tr><td>02.08.00<\/td><td>Fadendreieck in Dose<\/td><\/tr><tr><td>02.09.00<\/td><td>Schnur 240 cm in Dose<\/td><\/tr><tr><td>02.10.00<\/td><td>Rundmuffe M2<\/td><\/tr><tr><td>02.11.00<\/td><td>Messwagen M2<\/td><\/tr><tr><td>02.12.10<\/td><td>Stift mit Haken und Gewinde<\/td><\/tr><tr><td>02.12.20<\/td><td>R\u00e4ndelschraube schwarz M2<\/td><\/tr><tr><td>01.13.00<\/td><td>Lagerstift M1<\/td><\/tr><tr><td>02.14.00<\/td><td>Massest\u00fcckhalter M2<\/td><\/tr><tr><td>02.15.00<\/td><td>Kraftmesserhalter (2 St\u00fcck)<\/td><\/tr><tr><td>01.16.00<\/td><td>Kraftmesser 2 N (2 St\u00fcck)<\/td><\/tr><tr><td>01.18.00<\/td><td>Stativstange 29 cm (4 St\u00fcck)<\/td><\/tr><tr><td>01.19.00<\/td><td>Ma\u00dfband 2 m<\/td><\/tr><tr><td>02.20.00<\/td><td>Massest\u00fcck 50 g mit Schlitz (4 St\u00fcck)<\/td><\/tr><tr><td>02.21.00<\/td><td>Massest\u00fcck 10 g mit Schlitz (4 St\u00fcck)<\/td><\/tr><tr><td>02.22.00<\/td><td>Prallfeder M2<\/td><\/tr><tr><td>02.23.00<\/td><td>Reiter mit Schraube (2 St\u00fcck)<\/td><\/tr><\/tbody><\/table><\/figure>\n\n\n\n<p><\/p>\n\n\n\n<h3 class=\"wp-block-heading\" id=\"zusatzlich-erforderlich\">Zus\u00e4tzlich erforderlich:<\/h3>\n\n\n\n<figure class=\"wp-block-table table-product-contents\"><table><tbody><tr><td>00.02.10<\/td><td><a href=\"https:\/\/mekruphy.com\/de\/produkte\/physik\/physik-zubehor\/#universalschiene\">Universalschiene<\/a><\/td><\/tr><\/tbody><\/table><\/figure>\n<\/div><\/div>\n\n\n\n<div class=\"wp-block-advgb-tab advgb-tab-body-container\"><div class=\"advgb-tab-body-header advgb-tab-class- \" id=\"advgb-tab-panel-_bf82dc-18-2\" role=\"tabpanel\" aria-labelledby=\"advgb-tab-_bf82dc-18-2\" tabindex=\"0\"><span>Experimente<\/span><\/div><div class=\"advgb-tab-_bf82dc-18 advgb-tab-body\" aria-labelledby=\"advgb-tab-panel-_bf82dc-18-2\" style=\"display:none\">\n<p><\/p>\n\n\n\n<figure class=\"wp-block-table table-product-experiments\"><table><tbody><tr><td>M2-1<\/td><td>Der Tr\u00e4gheitssatz<\/td><\/tr><tr><td>M2-2<\/td><td>Anwendungen des Tr\u00e4gheitssatzes<\/td><\/tr><tr><td>M2-3<\/td><td>Kraft und Gegenkraft<\/td><\/tr><tr><td>M2-4<\/td><td>Die Reibungskraft<\/td><\/tr><tr><td>M2-5<\/td><td>Die Kraft am Seil<\/td><\/tr><tr><td>M2-6<\/td><td>Kr\u00e4fte an der festen Rolle<\/td><\/tr><tr><td>M2-7<\/td><td>Kr\u00e4fte an der losen Rolle<\/td><\/tr><tr><td>M2-8<\/td><td>Kr\u00e4fte am Flaschenzug<\/td><\/tr><tr><td>M2-9<\/td><td>Kr\u00e4ftezerlegung<\/td><\/tr><tr><td>M2-10<\/td><td>Kr\u00e4fte an der schiefen Ebene 1<\/td><\/tr><tr><td>M2-11<\/td><td>Kr\u00e4fte an der schiefen Ebene 2<\/td><\/tr><tr><td>M2-12<\/td><td>Der Wirkungsgrad<\/td><\/tr><tr><td>M2-13<\/td><td>Umformungen mechanischer Energien<\/td><\/tr><\/tbody><\/table><\/figure>\n<\/div><\/div>\n\n\n\n<div class=\"wp-block-advgb-tab advgb-tab-body-container\"><div class=\"advgb-tab-body-header advgb-tab-class-undefined \" id=\"advgb-tab-panel-_bf82dc-18-3\" role=\"tabpanel\" aria-labelledby=\"advgb-tab-_bf82dc-18-3\" tabindex=\"0\"><span>Bilder<\/span><\/div><div class=\"advgb-tab-_bf82dc-18 advgb-tab-body\" aria-labelledby=\"advgb-tab-panel-_bf82dc-18-3\" style=\"display:none\"><div class=\"wp-block-image\">\n<figure class=\"aligncenter size-large is-resized\"><img loading=\"lazy\" decoding=\"async\" width=\"1024\" height=\"1024\" src=\"https:\/\/mekruphy.com\/de\/wp-content\/uploads\/2021\/02\/M2_1-1024x1024.jpg\" alt=\"Mechanik 2 Kr\u00e4fte am Flaschenzug\" class=\"wp-image-2882\" style=\"width:509px;height:509px\" srcset=\"https:\/\/mekruphy.com\/de\/wp-content\/uploads\/2021\/02\/M2_1-1024x1024.jpg 1024w, https:\/\/mekruphy.com\/de\/wp-content\/uploads\/2021\/02\/M2_1-300x300.jpg 300w, https:\/\/mekruphy.com\/de\/wp-content\/uploads\/2021\/02\/M2_1-150x150.jpg 150w, https:\/\/mekruphy.com\/de\/wp-content\/uploads\/2021\/02\/M2_1-768x768.jpg 768w, https:\/\/mekruphy.com\/de\/wp-content\/uploads\/2021\/02\/M2_1.jpg 1217w\" sizes=\"auto, (max-width: 1024px) 100vw, 1024px\" \/><\/figure>\n<\/div>\n\n\n<p>&nbsp;<\/p>\n\n\n<div class=\"wp-block-image\">\n<figure class=\"aligncenter size-large is-resized\"><img loading=\"lazy\" decoding=\"async\" width=\"1024\" height=\"928\" src=\"https:\/\/mekruphy.com\/de\/wp-content\/uploads\/2021\/09\/Kraeftezerlegung-1024x928.jpg\" alt=\"Versuchsaufbau Mechanik 2\" class=\"wp-image-3645\" style=\"width:509px;height:460px\" srcset=\"https:\/\/mekruphy.com\/de\/wp-content\/uploads\/2021\/09\/Kraeftezerlegung-1024x928.jpg 1024w, https:\/\/mekruphy.com\/de\/wp-content\/uploads\/2021\/09\/Kraeftezerlegung-300x272.jpg 300w, https:\/\/mekruphy.com\/de\/wp-content\/uploads\/2021\/09\/Kraeftezerlegung-768x696.jpg 768w, https:\/\/mekruphy.com\/de\/wp-content\/uploads\/2021\/09\/Kraeftezerlegung-1536x1392.jpg 1536w, https:\/\/mekruphy.com\/de\/wp-content\/uploads\/2021\/09\/Kraeftezerlegung-2048x1856.jpg 2048w, https:\/\/mekruphy.com\/de\/wp-content\/uploads\/2021\/09\/Kraeftezerlegung-1600x1450.jpg 1600w\" sizes=\"auto, (max-width: 1024px) 100vw, 1024px\" \/><\/figure>\n<\/div>\n\n\n<p>&nbsp;<\/p>\n\n\n<div class=\"wp-block-image\">\n<figure class=\"aligncenter size-large is-resized\"><img loading=\"lazy\" decoding=\"async\" width=\"787\" height=\"787\" src=\"https:\/\/mekruphy.com\/de\/wp-content\/uploads\/2021\/02\/M2_3-e1614249297201.jpg\" alt=\"Sch\u00fclerexperiment Mechanik\" class=\"wp-image-2903\" style=\"width:509px;height:509px\" srcset=\"https:\/\/mekruphy.com\/de\/wp-content\/uploads\/2021\/02\/M2_3-e1614249297201.jpg 787w, https:\/\/mekruphy.com\/de\/wp-content\/uploads\/2021\/02\/M2_3-e1614249297201-300x300.jpg 300w, https:\/\/mekruphy.com\/de\/wp-content\/uploads\/2021\/02\/M2_3-e1614249297201-150x150.jpg 150w, https:\/\/mekruphy.com\/de\/wp-content\/uploads\/2021\/02\/M2_3-e1614249297201-768x768.jpg 768w\" sizes=\"auto, (max-width: 787px) 100vw, 787px\" \/><\/figure>\n<\/div><\/div><\/div>\n<\/div><\/div>\n\n\n\n<p><\/p>\n<style class=\"advgb-styles-renderer\">.advgb-tabs-1040e811-b674-49d7-81bf-6640526fb91c ul.advgb-tabs-panel li.advgb-tab.advgb-tab-active {background-color:#5954d6 !important;color:#fff !important;}#advgb-tabs-1040e811-b674-49d7-81bf-6640526fb91c .advgb-tab-body-header.header-active, .advgb-tabs-1040e811-b674-49d7-81bf-6640526fb91c .advgb-tab-body-header.header-active{background-color:#5954d6 !important;color:#fff !important;}<\/style>","protected":false},"excerpt":{"rendered":"","protected":false},"author":3,"featured_media":1778,"parent":929,"menu_order":0,"comment_status":"closed","ping_status":"closed","template":"templates\/product.php","meta":{"_acf_changed":false,"_coblocks_attr":"","_coblocks_dimensions":"","_coblocks_responsive_height":"","_coblocks_accordion_ie_support":"","_eb_attr":"","advgb_blocks_editor_width":"","advgb_blocks_columns_visual_guide":"","footnotes":""},"class_list":["post-344","page","type-page","status-publish","has-post-thumbnail","hentry"],"acf":[],"yoast_head":"<!-- This site is optimized with the Yoast SEO plugin v27.3 - https:\/\/yoast.com\/product\/yoast-seo-wordpress\/ -->\n<title>Experimentiersatz MECHANIK 2 - MEKRUPHY GmbH<\/title>\n<meta name=\"description\" content=\"Mit dem Experimentierkasten MECHANIK 2 k\u00f6nnen die Sch\u00fc\u00adlerinnen und Sch\u00fcler die Kraft unter den ver\u00adschiedensten Aspekten untersuchen.\" \/>\n<meta name=\"robots\" content=\"index, follow, max-snippet:-1, max-image-preview:large, max-video-preview:-1\" \/>\n<link rel=\"canonical\" href=\"https:\/\/mekruphy.com\/de\/produkte\/physik\/mechanik\/experimentiersatz-mechanik-2\/\" \/>\n<meta property=\"og:locale\" content=\"de_DE\" \/>\n<meta property=\"og:type\" content=\"article\" \/>\n<meta property=\"og:title\" content=\"Experimentiersatz MECHANIK 2 - MEKRUPHY GmbH\" \/>\n<meta property=\"og:description\" content=\"Mit dem Experimentierkasten MECHANIK 2 k\u00f6nnen die Sch\u00fc\u00adlerinnen und Sch\u00fcler die Kraft unter den ver\u00adschiedensten Aspekten untersuchen.\" \/>\n<meta property=\"og:url\" content=\"https:\/\/mekruphy.com\/de\/produkte\/physik\/mechanik\/experimentiersatz-mechanik-2\/\" \/>\n<meta property=\"og:site_name\" content=\"MEKRUPHY GmbH\" \/>\n<meta property=\"article:modified_time\" content=\"2026-03-31T14:35:21+00:00\" \/>\n<meta property=\"og:image\" content=\"https:\/\/mekruphy.com\/de\/wp-content\/uploads\/2020\/07\/Kasten-Physik-MECHANIK-2.jpg\" \/>\n\t<meta property=\"og:image:width\" content=\"1800\" \/>\n\t<meta property=\"og:image:height\" content=\"1382\" \/>\n\t<meta property=\"og:image:type\" content=\"image\/jpeg\" \/>\n<meta name=\"twitter:card\" content=\"summary_large_image\" \/>\n<meta name=\"twitter:label1\" content=\"Gesch\u00e4tzte Lesezeit\" \/>\n\t<meta name=\"twitter:data1\" content=\"4\u00a0Minuten\" \/>\n<script type=\"application\/ld+json\" class=\"yoast-schema-graph\">{\"@context\":\"https:\\\/\\\/schema.org\",\"@graph\":[{\"@type\":\"WebPage\",\"@id\":\"https:\\\/\\\/mekruphy.com\\\/de\\\/produkte\\\/physik\\\/mechanik\\\/experimentiersatz-mechanik-2\\\/\",\"url\":\"https:\\\/\\\/mekruphy.com\\\/de\\\/produkte\\\/physik\\\/mechanik\\\/experimentiersatz-mechanik-2\\\/\",\"name\":\"Experimentiersatz MECHANIK 2 - MEKRUPHY GmbH\",\"isPartOf\":{\"@id\":\"https:\\\/\\\/mekruphy.com\\\/de\\\/#website\"},\"primaryImageOfPage\":{\"@id\":\"https:\\\/\\\/mekruphy.com\\\/de\\\/produkte\\\/physik\\\/mechanik\\\/experimentiersatz-mechanik-2\\\/#primaryimage\"},\"image\":{\"@id\":\"https:\\\/\\\/mekruphy.com\\\/de\\\/produkte\\\/physik\\\/mechanik\\\/experimentiersatz-mechanik-2\\\/#primaryimage\"},\"thumbnailUrl\":\"https:\\\/\\\/mekruphy.com\\\/de\\\/wp-content\\\/uploads\\\/2020\\\/07\\\/Kasten-Physik-MECHANIK-2.jpg\",\"datePublished\":\"2020-07-15T09:42:37+00:00\",\"dateModified\":\"2026-03-31T14:35:21+00:00\",\"description\":\"Mit dem Experimentierkasten MECHANIK 2 k\u00f6nnen die Sch\u00fc\u00adlerinnen und Sch\u00fcler die Kraft unter den ver\u00adschiedensten Aspekten untersuchen.\",\"breadcrumb\":{\"@id\":\"https:\\\/\\\/mekruphy.com\\\/de\\\/produkte\\\/physik\\\/mechanik\\\/experimentiersatz-mechanik-2\\\/#breadcrumb\"},\"inLanguage\":\"de\",\"potentialAction\":[{\"@type\":\"ReadAction\",\"target\":[\"https:\\\/\\\/mekruphy.com\\\/de\\\/produkte\\\/physik\\\/mechanik\\\/experimentiersatz-mechanik-2\\\/\"]}]},{\"@type\":\"ImageObject\",\"inLanguage\":\"de\",\"@id\":\"https:\\\/\\\/mekruphy.com\\\/de\\\/produkte\\\/physik\\\/mechanik\\\/experimentiersatz-mechanik-2\\\/#primaryimage\",\"url\":\"https:\\\/\\\/mekruphy.com\\\/de\\\/wp-content\\\/uploads\\\/2020\\\/07\\\/Kasten-Physik-MECHANIK-2.jpg\",\"contentUrl\":\"https:\\\/\\\/mekruphy.com\\\/de\\\/wp-content\\\/uploads\\\/2020\\\/07\\\/Kasten-Physik-MECHANIK-2.jpg\",\"width\":1800,\"height\":1382},{\"@type\":\"BreadcrumbList\",\"@id\":\"https:\\\/\\\/mekruphy.com\\\/de\\\/produkte\\\/physik\\\/mechanik\\\/experimentiersatz-mechanik-2\\\/#breadcrumb\",\"itemListElement\":[{\"@type\":\"ListItem\",\"position\":1,\"name\":\"Startseite\",\"item\":\"https:\\\/\\\/mekruphy.com\\\/de\\\/\"},{\"@type\":\"ListItem\",\"position\":2,\"name\":\"Produkte\",\"item\":\"https:\\\/\\\/mekruphy.com\\\/de\\\/produkte\\\/\"},{\"@type\":\"ListItem\",\"position\":3,\"name\":\"Physik\",\"item\":\"https:\\\/\\\/mekruphy.com\\\/de\\\/produkte\\\/physik\\\/\"},{\"@type\":\"ListItem\",\"position\":4,\"name\":\"Mechanik\",\"item\":\"https:\\\/\\\/mekruphy.com\\\/de\\\/produkte\\\/physik\\\/mechanik\\\/\"},{\"@type\":\"ListItem\",\"position\":5,\"name\":\"Experimentiersatz MECHANIK 2\"}]},{\"@type\":\"WebSite\",\"@id\":\"https:\\\/\\\/mekruphy.com\\\/de\\\/#website\",\"url\":\"https:\\\/\\\/mekruphy.com\\\/de\\\/\",\"name\":\"MEKRUPHY GmbH\",\"description\":\"Sch\u00fcler-Experimentierk\u00e4sten f\u00fcr den MINT-Unterricht\",\"potentialAction\":[{\"@type\":\"SearchAction\",\"target\":{\"@type\":\"EntryPoint\",\"urlTemplate\":\"https:\\\/\\\/mekruphy.com\\\/de\\\/?s={search_term_string}\"},\"query-input\":{\"@type\":\"PropertyValueSpecification\",\"valueRequired\":true,\"valueName\":\"search_term_string\"}}],\"inLanguage\":\"de\"}]}<\/script>\n<!-- \/ Yoast SEO plugin. -->","yoast_head_json":{"title":"Experimentiersatz MECHANIK 2 - MEKRUPHY GmbH","description":"Mit dem Experimentierkasten MECHANIK 2 k\u00f6nnen die Sch\u00fc\u00adlerinnen und Sch\u00fcler die Kraft unter den ver\u00adschiedensten Aspekten untersuchen.","robots":{"index":"index","follow":"follow","max-snippet":"max-snippet:-1","max-image-preview":"max-image-preview:large","max-video-preview":"max-video-preview:-1"},"canonical":"https:\/\/mekruphy.com\/de\/produkte\/physik\/mechanik\/experimentiersatz-mechanik-2\/","og_locale":"de_DE","og_type":"article","og_title":"Experimentiersatz MECHANIK 2 - MEKRUPHY GmbH","og_description":"Mit dem Experimentierkasten MECHANIK 2 k\u00f6nnen die Sch\u00fc\u00adlerinnen und Sch\u00fcler die Kraft unter den ver\u00adschiedensten Aspekten untersuchen.","og_url":"https:\/\/mekruphy.com\/de\/produkte\/physik\/mechanik\/experimentiersatz-mechanik-2\/","og_site_name":"MEKRUPHY GmbH","article_modified_time":"2026-03-31T14:35:21+00:00","og_image":[{"width":1800,"height":1382,"url":"https:\/\/mekruphy.com\/de\/wp-content\/uploads\/2020\/07\/Kasten-Physik-MECHANIK-2.jpg","type":"image\/jpeg"}],"twitter_card":"summary_large_image","twitter_misc":{"Gesch\u00e4tzte Lesezeit":"4\u00a0Minuten"},"schema":{"@context":"https:\/\/schema.org","@graph":[{"@type":"WebPage","@id":"https:\/\/mekruphy.com\/de\/produkte\/physik\/mechanik\/experimentiersatz-mechanik-2\/","url":"https:\/\/mekruphy.com\/de\/produkte\/physik\/mechanik\/experimentiersatz-mechanik-2\/","name":"Experimentiersatz MECHANIK 2 - MEKRUPHY GmbH","isPartOf":{"@id":"https:\/\/mekruphy.com\/de\/#website"},"primaryImageOfPage":{"@id":"https:\/\/mekruphy.com\/de\/produkte\/physik\/mechanik\/experimentiersatz-mechanik-2\/#primaryimage"},"image":{"@id":"https:\/\/mekruphy.com\/de\/produkte\/physik\/mechanik\/experimentiersatz-mechanik-2\/#primaryimage"},"thumbnailUrl":"https:\/\/mekruphy.com\/de\/wp-content\/uploads\/2020\/07\/Kasten-Physik-MECHANIK-2.jpg","datePublished":"2020-07-15T09:42:37+00:00","dateModified":"2026-03-31T14:35:21+00:00","description":"Mit dem Experimentierkasten MECHANIK 2 k\u00f6nnen die Sch\u00fc\u00adlerinnen und Sch\u00fcler die Kraft unter den ver\u00adschiedensten Aspekten untersuchen.","breadcrumb":{"@id":"https:\/\/mekruphy.com\/de\/produkte\/physik\/mechanik\/experimentiersatz-mechanik-2\/#breadcrumb"},"inLanguage":"de","potentialAction":[{"@type":"ReadAction","target":["https:\/\/mekruphy.com\/de\/produkte\/physik\/mechanik\/experimentiersatz-mechanik-2\/"]}]},{"@type":"ImageObject","inLanguage":"de","@id":"https:\/\/mekruphy.com\/de\/produkte\/physik\/mechanik\/experimentiersatz-mechanik-2\/#primaryimage","url":"https:\/\/mekruphy.com\/de\/wp-content\/uploads\/2020\/07\/Kasten-Physik-MECHANIK-2.jpg","contentUrl":"https:\/\/mekruphy.com\/de\/wp-content\/uploads\/2020\/07\/Kasten-Physik-MECHANIK-2.jpg","width":1800,"height":1382},{"@type":"BreadcrumbList","@id":"https:\/\/mekruphy.com\/de\/produkte\/physik\/mechanik\/experimentiersatz-mechanik-2\/#breadcrumb","itemListElement":[{"@type":"ListItem","position":1,"name":"Startseite","item":"https:\/\/mekruphy.com\/de\/"},{"@type":"ListItem","position":2,"name":"Produkte","item":"https:\/\/mekruphy.com\/de\/produkte\/"},{"@type":"ListItem","position":3,"name":"Physik","item":"https:\/\/mekruphy.com\/de\/produkte\/physik\/"},{"@type":"ListItem","position":4,"name":"Mechanik","item":"https:\/\/mekruphy.com\/de\/produkte\/physik\/mechanik\/"},{"@type":"ListItem","position":5,"name":"Experimentiersatz MECHANIK 2"}]},{"@type":"WebSite","@id":"https:\/\/mekruphy.com\/de\/#website","url":"https:\/\/mekruphy.com\/de\/","name":"MEKRUPHY GmbH","description":"Sch\u00fcler-Experimentierk\u00e4sten f\u00fcr den MINT-Unterricht","potentialAction":[{"@type":"SearchAction","target":{"@type":"EntryPoint","urlTemplate":"https:\/\/mekruphy.com\/de\/?s={search_term_string}"},"query-input":{"@type":"PropertyValueSpecification","valueRequired":true,"valueName":"search_term_string"}}],"inLanguage":"de"}]}},"coauthors":[],"author_meta":{"author_link":"https:\/\/mekruphy.com\/de\/author\/steps-sync\/","display_name":"Steps Sync"},"relative_dates":{"created":"Ver\u00f6ffentlicht 6\u00a0Jahren vor","modified":"Aktualisiert 2\u00a0Wochen vor"},"absolute_dates":{"created":"Ver\u00f6ffentlicht am 15. Juli 2020","modified":"Aktualisiert am 31. M\u00e4rz 2026"},"absolute_dates_time":{"created":"Ver\u00f6ffentlicht am 15. Juli 2020 11:42","modified":"Aktualisiert am 31. M\u00e4rz 2026 16:35"},"featured_img_caption":"","featured_img":"https:\/\/mekruphy.com\/de\/wp-content\/uploads\/2020\/07\/Kasten-Physik-MECHANIK-2.jpg","series_order":"","_links":{"self":[{"href":"https:\/\/mekruphy.com\/de\/wp-json\/wp\/v2\/pages\/344","targetHints":{"allow":["GET"]}}],"collection":[{"href":"https:\/\/mekruphy.com\/de\/wp-json\/wp\/v2\/pages"}],"about":[{"href":"https:\/\/mekruphy.com\/de\/wp-json\/wp\/v2\/types\/page"}],"author":[{"embeddable":true,"href":"https:\/\/mekruphy.com\/de\/wp-json\/wp\/v2\/users\/3"}],"replies":[{"embeddable":true,"href":"https:\/\/mekruphy.com\/de\/wp-json\/wp\/v2\/comments?post=344"}],"version-history":[{"count":23,"href":"https:\/\/mekruphy.com\/de\/wp-json\/wp\/v2\/pages\/344\/revisions"}],"predecessor-version":[{"id":9402,"href":"https:\/\/mekruphy.com\/de\/wp-json\/wp\/v2\/pages\/344\/revisions\/9402"}],"up":[{"embeddable":true,"href":"https:\/\/mekruphy.com\/de\/wp-json\/wp\/v2\/pages\/929"}],"wp:featuredmedia":[{"embeddable":true,"href":"https:\/\/mekruphy.com\/de\/wp-json\/wp\/v2\/media\/1778"}],"wp:attachment":[{"href":"https:\/\/mekruphy.com\/de\/wp-json\/wp\/v2\/media?parent=344"}],"curies":[{"name":"wp","href":"https:\/\/api.w.org\/{rel}","templated":true}]}}