{"id":348,"date":"2020-07-15T11:42:52","date_gmt":"2020-07-15T09:42:52","guid":{"rendered":"https:\/\/mekruphy.com\/de\/experimentiersatz-mechanik-3\/"},"modified":"2026-03-31T16:40:25","modified_gmt":"2026-03-31T14:40:25","slug":"experimentiersatz-mechanik-3","status":"publish","type":"page","link":"https:\/\/mekruphy.com\/de\/produkte\/physik\/mechanik\/experimentiersatz-mechanik-3\/","title":{"rendered":"Experimentiersatz MECHANIK 3"},"content":{"rendered":"<div class=\"yoast-breadcrumbs breadcrumbs-indented\"><span><span><a href=\"https:\/\/mekruphy.com\/de\/\">Startseite<\/a><\/span> \u00bb <span><a href=\"https:\/\/mekruphy.com\/de\/produkte\/\">Produkte<\/a><\/span> \u00bb <span><a href=\"https:\/\/mekruphy.com\/de\/produkte\/physik\/\">Physik<\/a><\/span> \u00bb <span><a href=\"https:\/\/mekruphy.com\/de\/produkte\/physik\/mechanik\/\">Mechanik<\/a><\/span> \u00bb <span class=\"breadcrumb_last\" aria-current=\"page\">Experimentiersatz MECHANIK 3<\/span><\/span><\/div>\n\n\n<div class=\"wp-block-advgb-adv-tabs advgb-tabs-wrapper advgb-tab-horz-desktop advgb-tab-vert-tablet advgb-tab-stack-mobile advgb-tabs-2d805c0b-43d1-4b26-ad6c-431485974aed\" data-tab-active=\"0\"><ul class=\"advgb-tabs-panel\" role=\"tablist\"><li class=\"advgb-tab advgb-tab-active\" role=\"presentation\" style=\"background-color:#e0e0e0;border-style:solid;border-width:1px;border-radius:10px\"><button class=\"advgb-tab-button\" id=\"advgb-tab-_805c0b-43-0\" aria-controls=\"advgb-tab-panel-_805c0b-43-0\" role=\"tab\" aria-selected=\"true\" tabindex=\"0\" style=\"color:#fff;background:none;border:none;width:100%;text-align:inherit;cursor:pointer;padding:8px 16px;font:inherit\"><span>Beschreibung<\/span><\/button><\/li><li class=\"advgb-tab \" role=\"presentation\" style=\"background-color:#e0e0e0;border-style:solid;border-width:1px;border-radius:10px\"><button class=\"advgb-tab-button\" id=\"advgb-tab-_805c0b-43-1\" aria-controls=\"advgb-tab-panel-_805c0b-43-1\" role=\"tab\" aria-selected=\"false\" tabindex=\"0\" style=\"color:#fff;background:none;border:none;width:100%;text-align:inherit;cursor:pointer;padding:8px 16px;font:inherit\"><span>Lieferumfang<\/span><\/button><\/li><li class=\"advgb-tab \" role=\"presentation\" style=\"background-color:#e0e0e0;border-style:solid;border-width:1px;border-radius:10px\"><button class=\"advgb-tab-button\" id=\"advgb-tab-_805c0b-43-2\" aria-controls=\"advgb-tab-panel-_805c0b-43-2\" role=\"tab\" aria-selected=\"false\" tabindex=\"0\" style=\"color:#fff;background:none;border:none;width:100%;text-align:inherit;cursor:pointer;padding:8px 16px;font:inherit\"><span>Experimente<\/span><\/button><\/li><li class=\"advgb-tab \" role=\"presentation\" style=\"background-color:#e0e0e0;border-style:solid;border-width:1px;border-radius:10px\"><button class=\"advgb-tab-button\" id=\"advgb-tab-_805c0b-43-3\" aria-controls=\"advgb-tab-panel-_805c0b-43-3\" role=\"tab\" aria-selected=\"false\" tabindex=\"0\" style=\"color:#fff;background:none;border:none;width:100%;text-align:inherit;cursor:pointer;padding:8px 16px;font:inherit\"><span>Bilder<\/span><\/button><\/li><\/ul><div class=\"advgb-tab-body-wrapper\" style=\"border-style:solid;border-width:1px;border-radius:10px\">\n<div class=\"wp-block-advgb-tab advgb-tab-body-container\"><div class=\"advgb-tab-body-header advgb-tab-class- header-active\" id=\"advgb-tab-panel-_c4b508-96-0\" role=\"tabpanel\" aria-labelledby=\"advgb-tab-_c4b508-96-0\" tabindex=\"0\"><span>Beschreibung<\/span><\/div><div class=\"advgb-tab-_c4b508-96 advgb-tab-body\" aria-labelledby=\"advgb-tab-panel-_c4b508-96-0\" style=\"display:block\">\n<h2 class=\"wp-block-heading\">Lichtschranken und Digitalzeitmesser<\/h2>\n\n\n\n<p>Kernst\u00fcck der Experimentiers\u00e4tze MECHANIK 3 und <a href=\"https:\/\/mekruphy.com\/de\/experimentiersatz-mechanik-3-plus\/\">MECHANIK 3 plus<\/a> bilden die beiden Lichtschranken. Mit diesen k\u00f6nnen die Experimente zu den Gebieten Kinematik, Dynamik, Energie und mechanische Schwingungen einfach, genau und zeitsparend durchgef\u00fchrt werden.<\/p>\n\n\n\n<p>Der Zeitmesser kann f\u00fcr einen einzigen Bewegungsvorgang bis zu drei verschiedene Messwerte auf Millisekunden genau erfassen und gleichzeitig darstellen. Die Anzeigen bleiben lang genug stehen, um die Werte in Tabellen zu \u00fcbertragen. Eine Reset-Taste gibt den n\u00e4chsten Messvorgang frei. Andernfalls schaltet das Ger\u00e4t nach 60 Sekunden automatisch in den Standby-Modus.<\/p>\n\n\n\n<p>Zwei Mignon-Batterien machen den Zeitmesser unabh\u00e4ngig von der Steckdose und k\u00f6nnen im Klassenraum flexibel eingesetzt werden. Die Lichtschranken k\u00f6nnen entweder aufgestellt oder mit Hilfe der mitgelieferten Halter sehr variabel montiert werden.<\/p>\n\n\n\n<h3 class=\"wp-block-heading\">Fallbeschleunigung und Universalschiene<\/h3>\n\n\n\n<ul class=\"wp-block-list\"><li>Mit der Lichtschrankenmethode l\u00e4sst sich die Fallbeschleunigung besonders leicht nachvollziehen. Dabei f\u00fchren eine fallende Stahlkugel und eine gleich gro\u00dfe Holzkugel zu gleichen Ergebnissen. Ein anschaulicher Nachweis f\u00fcr die Unabh\u00e4ngigkeit der Fallbeschleunigung von der Masse des fallenden K\u00f6rpers<\/li><li>Die <a href=\"https:\/\/mekruphy.com\/de\/produkte\/physik\/physik-zubehor\/#universalschiene\">Universalschiene<\/a> dient hier als Fahrbahn und Stativ. Jedoch ist sie nicht im Lieferumfang enthalten, da sie bei verschiedenen Experimentiers\u00e4tzen zum Einsatz kommt.<\/li><\/ul>\n\n\n\n<h3 class=\"wp-block-heading\" id=\"h-begleitmaterialien\">Begleitmaterialien<\/h3>\n\n\n\n<p>Passend zum Experimentiersatz MECHANIK 3 sind auch ein <a href=\"https:\/\/mekruphy.com\/de\/produkte\/physik\/physik-arbeitshefte\/\">Sch\u00fclerheft<\/a> und ein <a href=\"https:\/\/mekruphy.com\/de\/produkte\/physik\/physik-arbeitshefte\/\">Lehrerheft<\/a> mit didaktischen Anweisungen und L\u00f6sungen in analoger Form erh\u00e4ltlich. Das Sch\u00fclerheft ist auch in digitaler Form erwerbbar.<\/p>\n<\/div><\/div>\n\n\n\n<div class=\"wp-block-advgb-tab advgb-tab-body-container\"><div class=\"advgb-tab-body-header advgb-tab-class- \" id=\"advgb-tab-panel-_c4b508-96-1\" role=\"tabpanel\" aria-labelledby=\"advgb-tab-_c4b508-96-1\" tabindex=\"0\"><span>Lieferumfang<\/span><\/div><div class=\"advgb-tab-_c4b508-96 advgb-tab-body\" aria-labelledby=\"advgb-tab-panel-_c4b508-96-1\" style=\"display:none\">\n<figure class=\"wp-block-table table-product-contents\"><table><tbody><tr><td>01.01.10<\/td><td>Aufbewahrungskasten<\/td><\/tr><tr><td>03.02.00<\/td><td>Ger\u00e4tegeformter Einsatz M3<\/td><\/tr><tr><td>03.03.00<\/td><td>Lichtschranke (2 St\u00fcck)<\/td><\/tr><tr><td>03.04.00<\/td><td>Digital Timer<\/td><\/tr><tr><td>03.05.00<\/td><td>Fahrbahnunterlage M3 (2 St\u00fcck)<\/td><\/tr><tr><td>03.06.00<\/td><td>Schnur 100 cm in Dose<\/td><\/tr><tr><td>03.07.00<\/td><td>Kugeln in Dose<\/td><\/tr><tr><td>03.08.00<\/td><td>Messaufsatz<\/td><\/tr><tr><td>03.09.00<\/td><td>Schraubenfeder 3 N\/m<\/td><\/tr><tr><td>03.10.00<\/td><td>Schraubenfeder 10 N\/m in Beh\u00e4lter<\/td><\/tr><tr><td>03.11.00<\/td><td>Rolle mit Stiel<\/td><\/tr><tr><td>02.12.10<\/td><td>Stift mit Haken und Gewinde<\/td><\/tr><tr><td>03.13.00<\/td><td>Pendelkugel Holz<\/td><\/tr><tr><td>03.14.00<\/td><td>Pendelkugel Stahl<\/td><\/tr><tr><td>03.15.00<\/td><td>Fallb\u00fcgel<\/td><\/tr><tr><td>03.16.00<\/td><td>Rollenhalter<\/td><\/tr><tr><td>03.20.00<\/td><td>Reiter f\u00fcr Lichtschranke (2 St\u00fcck)<\/td><\/tr><tr><td>03.21.00<\/td><td>Lichtschrankenhalter (2 St\u00fcck)<\/td><\/tr><tr><td>02.22.00<\/td><td>Prallfeder M2<\/td><\/tr><\/tbody><\/table><\/figure>\n\n\n\n<p><\/p>\n\n\n\n<h3 class=\"wp-block-heading\" id=\"zusatzlich-erforderlich\">Zus\u00e4tzlich erforderlich:<\/h3>\n\n\n\n<figure class=\"wp-block-table table-product-contents\"><table><tbody><tr><td>02.00.00<\/td><td><a href=\"https:\/\/mekruphy.com\/de\/produkte\/physik\/mechanik\/experimentiersatz-mechanik-2\/\">Experimentiersatz MECHANIK 2<\/a><\/td><\/tr><tr><td>00.02.10<\/td><td><a href=\"https:\/\/mekruphy.com\/de\/produkte\/physik\/physik-zubehor\/#universalschiene\">Universalschiene<\/a><\/td><\/tr><\/tbody><\/table><\/figure>\n\n\n\n<p><\/p>\n<\/div><\/div>\n\n\n\n<div class=\"wp-block-advgb-tab advgb-tab-body-container\"><div class=\"advgb-tab-body-header advgb-tab-class- \" id=\"advgb-tab-panel-_c4b508-96-2\" role=\"tabpanel\" aria-labelledby=\"advgb-tab-_c4b508-96-2\" tabindex=\"0\"><span>Experimente<\/span><\/div><div class=\"advgb-tab-_c4b508-96 advgb-tab-body\" aria-labelledby=\"advgb-tab-panel-_c4b508-96-2\" style=\"display:none\">\n<p><\/p>\n\n\n\n<figure class=\"wp-block-table table-product-experiments\"><table><tbody><tr><td>M3-1<\/td><td>Die pers\u00f6nliche Reaktionszeit<\/td><\/tr><tr><td>M3-2<\/td><td>Das Bezugssystem<\/td><\/tr><tr><td>M3-3<\/td><td>Die gleichf\u00f6rmige Bewegung<\/td><\/tr><tr><td>M3-4<\/td><td>Die Momentangeschwindigkeit<\/td><\/tr><tr><td>M3-5<\/td><td>Die gleichm\u00e4\u00dfig beschleunigte Bewegung<\/td><\/tr><tr><td>M3-6<\/td><td>Der freie Fall<\/td><\/tr><tr><td>M3-7<\/td><td>Kraft und Beschleunigung<\/td><\/tr><tr><td>M3-8<\/td><td>Masse und Beschleunigung<\/td><\/tr><tr><td>M3-9<\/td><td>Das Schraubenfederpendel 1<\/td><\/tr><tr><td>M3-10<\/td><td>Das Schraubenfederpendel 2<\/td><\/tr><tr><td>M3-11<\/td><td>Das Fadenpendel<\/td><\/tr><tr><td>M3-12<\/td><td>Der Energieerhaltungssatz der Mechanik<\/td><\/tr><tr><td>M3-13<\/td><td>Die kinetische Energie<\/td><\/tr><tr><td>M3-14<\/td><td>Eine nichtharmonische Schwingung<\/td><\/tr><\/tbody><\/table><\/figure>\n<\/div><\/div>\n\n\n\n<div class=\"wp-block-advgb-tab advgb-tab-body-container\"><div class=\"advgb-tab-body-header advgb-tab-class-undefined \" id=\"advgb-tab-panel-_c4b508-96-3\" role=\"tabpanel\" aria-labelledby=\"advgb-tab-_c4b508-96-3\" tabindex=\"0\"><span>Bilder<\/span><\/div><div class=\"advgb-tab-_c4b508-96 advgb-tab-body\" aria-labelledby=\"advgb-tab-panel-_c4b508-96-3\" style=\"display:none\"><div class=\"wp-block-image\">\n<figure class=\"aligncenter size-large is-resized\"><img loading=\"lazy\" decoding=\"async\" width=\"370\" height=\"631\" src=\"https:\/\/mekruphy.com\/de\/wp-content\/uploads\/2021\/02\/M3_1.jpg\" alt=\"Digitaler Timer\" class=\"wp-image-2906\" style=\"width:433px;height:739px\" srcset=\"https:\/\/mekruphy.com\/de\/wp-content\/uploads\/2021\/02\/M3_1.jpg 370w, https:\/\/mekruphy.com\/de\/wp-content\/uploads\/2021\/02\/M3_1-176x300.jpg 176w\" sizes=\"auto, (max-width: 370px) 100vw, 370px\" \/><\/figure>\n<\/div>\n\n\n<p>&nbsp;<\/p>\n\n\n<div class=\"wp-block-image\">\n<figure class=\"aligncenter size-large is-resized\"><img loading=\"lazy\" decoding=\"async\" width=\"842\" height=\"365\" src=\"https:\/\/mekruphy.com\/de\/wp-content\/uploads\/2021\/02\/M3_2.jpg\" alt=\"Mechanik 3 Experiment\" class=\"wp-image-2907\" style=\"width:908px;height:393px\" srcset=\"https:\/\/mekruphy.com\/de\/wp-content\/uploads\/2021\/02\/M3_2.jpg 842w, https:\/\/mekruphy.com\/de\/wp-content\/uploads\/2021\/02\/M3_2-300x130.jpg 300w, https:\/\/mekruphy.com\/de\/wp-content\/uploads\/2021\/02\/M3_2-768x333.jpg 768w\" sizes=\"auto, (max-width: 842px) 100vw, 842px\" \/><\/figure>\n<\/div><\/div><\/div>\n<\/div><\/div>\n<style class=\"advgb-styles-renderer\">.advgb-tabs-2d805c0b-43d1-4b26-ad6c-431485974aed ul.advgb-tabs-panel li.advgb-tab.advgb-tab-active {background-color:#5954d6 !important;color:#fff !important;}#advgb-tabs-2d805c0b-43d1-4b26-ad6c-431485974aed .advgb-tab-body-header.header-active, .advgb-tabs-2d805c0b-43d1-4b26-ad6c-431485974aed .advgb-tab-body-header.header-active{background-color:#5954d6 !important;color:#fff !important;}<\/style>","protected":false},"excerpt":{"rendered":"","protected":false},"author":3,"featured_media":1780,"parent":929,"menu_order":0,"comment_status":"closed","ping_status":"closed","template":"templates\/product.php","meta":{"_acf_changed":false,"_coblocks_attr":"","_coblocks_dimensions":"","_coblocks_responsive_height":"","_coblocks_accordion_ie_support":"","_eb_attr":"","advgb_blocks_editor_width":"","advgb_blocks_columns_visual_guide":"","footnotes":""},"class_list":["post-348","page","type-page","status-publish","has-post-thumbnail","hentry"],"acf":[],"yoast_head":"<!-- This site is optimized with the Yoast SEO plugin v27.4 - https:\/\/yoast.com\/product\/yoast-seo-wordpress\/ -->\n<title>Experimentiersatz MECHANIK 3 - MEKRUPHY GmbH<\/title>\n<meta name=\"description\" content=\"Kernst\u00fcck der Experimentiers\u00e4tze MECHANIK 3 und MECHANIK 3 plus bilden die beiden Lichtschranken, die schnell exakte Messergebnisse liefern.\" \/>\n<meta name=\"robots\" content=\"index, follow, max-snippet:-1, max-image-preview:large, max-video-preview:-1\" \/>\n<link rel=\"canonical\" href=\"https:\/\/mekruphy.com\/de\/produkte\/physik\/mechanik\/experimentiersatz-mechanik-3\/\" \/>\n<meta property=\"og:locale\" content=\"de_DE\" \/>\n<meta property=\"og:type\" content=\"article\" \/>\n<meta property=\"og:title\" content=\"Experimentiersatz MECHANIK 3 - MEKRUPHY GmbH\" \/>\n<meta property=\"og:description\" content=\"Kernst\u00fcck der Experimentiers\u00e4tze MECHANIK 3 und MECHANIK 3 plus bilden die beiden Lichtschranken, die schnell exakte Messergebnisse liefern.\" \/>\n<meta property=\"og:url\" content=\"https:\/\/mekruphy.com\/de\/produkte\/physik\/mechanik\/experimentiersatz-mechanik-3\/\" \/>\n<meta property=\"og:site_name\" content=\"MEKRUPHY GmbH\" \/>\n<meta property=\"article:modified_time\" content=\"2026-03-31T14:40:25+00:00\" \/>\n<meta property=\"og:image\" content=\"https:\/\/mekruphy.com\/de\/wp-content\/uploads\/2020\/07\/Kasten-Physik-MECHANIK-3.jpg\" \/>\n\t<meta property=\"og:image:width\" content=\"1800\" \/>\n\t<meta property=\"og:image:height\" content=\"1391\" \/>\n\t<meta property=\"og:image:type\" content=\"image\/jpeg\" \/>\n<meta name=\"twitter:card\" content=\"summary_large_image\" \/>\n<meta name=\"twitter:label1\" content=\"Gesch\u00e4tzte Lesezeit\" \/>\n\t<meta name=\"twitter:data1\" content=\"3\u00a0Minuten\" \/>\n<script type=\"application\/ld+json\" class=\"yoast-schema-graph\">{\"@context\":\"https:\\\/\\\/schema.org\",\"@graph\":[{\"@type\":\"WebPage\",\"@id\":\"https:\\\/\\\/mekruphy.com\\\/de\\\/produkte\\\/physik\\\/mechanik\\\/experimentiersatz-mechanik-3\\\/\",\"url\":\"https:\\\/\\\/mekruphy.com\\\/de\\\/produkte\\\/physik\\\/mechanik\\\/experimentiersatz-mechanik-3\\\/\",\"name\":\"Experimentiersatz MECHANIK 3 - MEKRUPHY GmbH\",\"isPartOf\":{\"@id\":\"https:\\\/\\\/mekruphy.com\\\/de\\\/#website\"},\"primaryImageOfPage\":{\"@id\":\"https:\\\/\\\/mekruphy.com\\\/de\\\/produkte\\\/physik\\\/mechanik\\\/experimentiersatz-mechanik-3\\\/#primaryimage\"},\"image\":{\"@id\":\"https:\\\/\\\/mekruphy.com\\\/de\\\/produkte\\\/physik\\\/mechanik\\\/experimentiersatz-mechanik-3\\\/#primaryimage\"},\"thumbnailUrl\":\"https:\\\/\\\/mekruphy.com\\\/de\\\/wp-content\\\/uploads\\\/2020\\\/07\\\/Kasten-Physik-MECHANIK-3.jpg\",\"datePublished\":\"2020-07-15T09:42:52+00:00\",\"dateModified\":\"2026-03-31T14:40:25+00:00\",\"description\":\"Kernst\u00fcck der Experimentiers\u00e4tze MECHANIK 3 und MECHANIK 3 plus bilden die beiden Lichtschranken, die schnell exakte Messergebnisse liefern.\",\"breadcrumb\":{\"@id\":\"https:\\\/\\\/mekruphy.com\\\/de\\\/produkte\\\/physik\\\/mechanik\\\/experimentiersatz-mechanik-3\\\/#breadcrumb\"},\"inLanguage\":\"de\",\"potentialAction\":[{\"@type\":\"ReadAction\",\"target\":[\"https:\\\/\\\/mekruphy.com\\\/de\\\/produkte\\\/physik\\\/mechanik\\\/experimentiersatz-mechanik-3\\\/\"]}]},{\"@type\":\"ImageObject\",\"inLanguage\":\"de\",\"@id\":\"https:\\\/\\\/mekruphy.com\\\/de\\\/produkte\\\/physik\\\/mechanik\\\/experimentiersatz-mechanik-3\\\/#primaryimage\",\"url\":\"https:\\\/\\\/mekruphy.com\\\/de\\\/wp-content\\\/uploads\\\/2020\\\/07\\\/Kasten-Physik-MECHANIK-3.jpg\",\"contentUrl\":\"https:\\\/\\\/mekruphy.com\\\/de\\\/wp-content\\\/uploads\\\/2020\\\/07\\\/Kasten-Physik-MECHANIK-3.jpg\",\"width\":1800,\"height\":1391},{\"@type\":\"BreadcrumbList\",\"@id\":\"https:\\\/\\\/mekruphy.com\\\/de\\\/produkte\\\/physik\\\/mechanik\\\/experimentiersatz-mechanik-3\\\/#breadcrumb\",\"itemListElement\":[{\"@type\":\"ListItem\",\"position\":1,\"name\":\"Startseite\",\"item\":\"https:\\\/\\\/mekruphy.com\\\/de\\\/\"},{\"@type\":\"ListItem\",\"position\":2,\"name\":\"Produkte\",\"item\":\"https:\\\/\\\/mekruphy.com\\\/de\\\/produkte\\\/\"},{\"@type\":\"ListItem\",\"position\":3,\"name\":\"Physik\",\"item\":\"https:\\\/\\\/mekruphy.com\\\/de\\\/produkte\\\/physik\\\/\"},{\"@type\":\"ListItem\",\"position\":4,\"name\":\"Mechanik\",\"item\":\"https:\\\/\\\/mekruphy.com\\\/de\\\/produkte\\\/physik\\\/mechanik\\\/\"},{\"@type\":\"ListItem\",\"position\":5,\"name\":\"Experimentiersatz MECHANIK 3\"}]},{\"@type\":\"WebSite\",\"@id\":\"https:\\\/\\\/mekruphy.com\\\/de\\\/#website\",\"url\":\"https:\\\/\\\/mekruphy.com\\\/de\\\/\",\"name\":\"MEKRUPHY GmbH\",\"description\":\"Sch\u00fcler-Experimentierk\u00e4sten f\u00fcr den MINT-Unterricht\",\"potentialAction\":[{\"@type\":\"SearchAction\",\"target\":{\"@type\":\"EntryPoint\",\"urlTemplate\":\"https:\\\/\\\/mekruphy.com\\\/de\\\/?s={search_term_string}\"},\"query-input\":{\"@type\":\"PropertyValueSpecification\",\"valueRequired\":true,\"valueName\":\"search_term_string\"}}],\"inLanguage\":\"de\"}]}<\/script>\n<!-- \/ Yoast SEO plugin. -->","yoast_head_json":{"title":"Experimentiersatz MECHANIK 3 - MEKRUPHY GmbH","description":"Kernst\u00fcck der Experimentiers\u00e4tze MECHANIK 3 und MECHANIK 3 plus bilden die beiden Lichtschranken, die schnell exakte Messergebnisse liefern.","robots":{"index":"index","follow":"follow","max-snippet":"max-snippet:-1","max-image-preview":"max-image-preview:large","max-video-preview":"max-video-preview:-1"},"canonical":"https:\/\/mekruphy.com\/de\/produkte\/physik\/mechanik\/experimentiersatz-mechanik-3\/","og_locale":"de_DE","og_type":"article","og_title":"Experimentiersatz MECHANIK 3 - MEKRUPHY GmbH","og_description":"Kernst\u00fcck der Experimentiers\u00e4tze MECHANIK 3 und MECHANIK 3 plus bilden die beiden Lichtschranken, die schnell exakte Messergebnisse liefern.","og_url":"https:\/\/mekruphy.com\/de\/produkte\/physik\/mechanik\/experimentiersatz-mechanik-3\/","og_site_name":"MEKRUPHY GmbH","article_modified_time":"2026-03-31T14:40:25+00:00","og_image":[{"width":1800,"height":1391,"url":"https:\/\/mekruphy.com\/de\/wp-content\/uploads\/2020\/07\/Kasten-Physik-MECHANIK-3.jpg","type":"image\/jpeg"}],"twitter_card":"summary_large_image","twitter_misc":{"Gesch\u00e4tzte Lesezeit":"3\u00a0Minuten"},"schema":{"@context":"https:\/\/schema.org","@graph":[{"@type":"WebPage","@id":"https:\/\/mekruphy.com\/de\/produkte\/physik\/mechanik\/experimentiersatz-mechanik-3\/","url":"https:\/\/mekruphy.com\/de\/produkte\/physik\/mechanik\/experimentiersatz-mechanik-3\/","name":"Experimentiersatz MECHANIK 3 - MEKRUPHY GmbH","isPartOf":{"@id":"https:\/\/mekruphy.com\/de\/#website"},"primaryImageOfPage":{"@id":"https:\/\/mekruphy.com\/de\/produkte\/physik\/mechanik\/experimentiersatz-mechanik-3\/#primaryimage"},"image":{"@id":"https:\/\/mekruphy.com\/de\/produkte\/physik\/mechanik\/experimentiersatz-mechanik-3\/#primaryimage"},"thumbnailUrl":"https:\/\/mekruphy.com\/de\/wp-content\/uploads\/2020\/07\/Kasten-Physik-MECHANIK-3.jpg","datePublished":"2020-07-15T09:42:52+00:00","dateModified":"2026-03-31T14:40:25+00:00","description":"Kernst\u00fcck der Experimentiers\u00e4tze MECHANIK 3 und MECHANIK 3 plus bilden die beiden Lichtschranken, die schnell exakte Messergebnisse liefern.","breadcrumb":{"@id":"https:\/\/mekruphy.com\/de\/produkte\/physik\/mechanik\/experimentiersatz-mechanik-3\/#breadcrumb"},"inLanguage":"de","potentialAction":[{"@type":"ReadAction","target":["https:\/\/mekruphy.com\/de\/produkte\/physik\/mechanik\/experimentiersatz-mechanik-3\/"]}]},{"@type":"ImageObject","inLanguage":"de","@id":"https:\/\/mekruphy.com\/de\/produkte\/physik\/mechanik\/experimentiersatz-mechanik-3\/#primaryimage","url":"https:\/\/mekruphy.com\/de\/wp-content\/uploads\/2020\/07\/Kasten-Physik-MECHANIK-3.jpg","contentUrl":"https:\/\/mekruphy.com\/de\/wp-content\/uploads\/2020\/07\/Kasten-Physik-MECHANIK-3.jpg","width":1800,"height":1391},{"@type":"BreadcrumbList","@id":"https:\/\/mekruphy.com\/de\/produkte\/physik\/mechanik\/experimentiersatz-mechanik-3\/#breadcrumb","itemListElement":[{"@type":"ListItem","position":1,"name":"Startseite","item":"https:\/\/mekruphy.com\/de\/"},{"@type":"ListItem","position":2,"name":"Produkte","item":"https:\/\/mekruphy.com\/de\/produkte\/"},{"@type":"ListItem","position":3,"name":"Physik","item":"https:\/\/mekruphy.com\/de\/produkte\/physik\/"},{"@type":"ListItem","position":4,"name":"Mechanik","item":"https:\/\/mekruphy.com\/de\/produkte\/physik\/mechanik\/"},{"@type":"ListItem","position":5,"name":"Experimentiersatz MECHANIK 3"}]},{"@type":"WebSite","@id":"https:\/\/mekruphy.com\/de\/#website","url":"https:\/\/mekruphy.com\/de\/","name":"MEKRUPHY GmbH","description":"Sch\u00fcler-Experimentierk\u00e4sten f\u00fcr den MINT-Unterricht","potentialAction":[{"@type":"SearchAction","target":{"@type":"EntryPoint","urlTemplate":"https:\/\/mekruphy.com\/de\/?s={search_term_string}"},"query-input":{"@type":"PropertyValueSpecification","valueRequired":true,"valueName":"search_term_string"}}],"inLanguage":"de"}]}},"coauthors":[],"author_meta":{"author_link":"https:\/\/mekruphy.com\/de\/author\/steps-sync\/","display_name":"Steps Sync"},"relative_dates":{"created":"Ver\u00f6ffentlicht 6\u00a0Jahren vor","modified":"Aktualisiert 1\u00a0Monat vor"},"absolute_dates":{"created":"Ver\u00f6ffentlicht am 15. Juli 2020","modified":"Aktualisiert am 31. M\u00e4rz 2026"},"absolute_dates_time":{"created":"Ver\u00f6ffentlicht am 15. Juli 2020 11:42","modified":"Aktualisiert am 31. M\u00e4rz 2026 16:40"},"featured_img_caption":"","featured_img":"https:\/\/mekruphy.com\/de\/wp-content\/uploads\/2020\/07\/Kasten-Physik-MECHANIK-3.jpg","series_order":"","_links":{"self":[{"href":"https:\/\/mekruphy.com\/de\/wp-json\/wp\/v2\/pages\/348","targetHints":{"allow":["GET"]}}],"collection":[{"href":"https:\/\/mekruphy.com\/de\/wp-json\/wp\/v2\/pages"}],"about":[{"href":"https:\/\/mekruphy.com\/de\/wp-json\/wp\/v2\/types\/page"}],"author":[{"embeddable":true,"href":"https:\/\/mekruphy.com\/de\/wp-json\/wp\/v2\/users\/3"}],"replies":[{"embeddable":true,"href":"https:\/\/mekruphy.com\/de\/wp-json\/wp\/v2\/comments?post=348"}],"version-history":[{"count":20,"href":"https:\/\/mekruphy.com\/de\/wp-json\/wp\/v2\/pages\/348\/revisions"}],"predecessor-version":[{"id":9407,"href":"https:\/\/mekruphy.com\/de\/wp-json\/wp\/v2\/pages\/348\/revisions\/9407"}],"up":[{"embeddable":true,"href":"https:\/\/mekruphy.com\/de\/wp-json\/wp\/v2\/pages\/929"}],"wp:featuredmedia":[{"embeddable":true,"href":"https:\/\/mekruphy.com\/de\/wp-json\/wp\/v2\/media\/1780"}],"wp:attachment":[{"href":"https:\/\/mekruphy.com\/de\/wp-json\/wp\/v2\/media?parent=348"}],"curies":[{"name":"wp","href":"https:\/\/api.w.org\/{rel}","templated":true}]}}