{"id":356,"date":"2020-07-15T11:43:22","date_gmt":"2020-07-15T09:43:22","guid":{"rendered":"https:\/\/mekruphy.com\/de\/experimentiersatz-mechanik-4\/"},"modified":"2026-03-31T16:51:47","modified_gmt":"2026-03-31T14:51:47","slug":"experimentiersatz-mechanik-4","status":"publish","type":"page","link":"https:\/\/mekruphy.com\/de\/produkte\/physik\/mechanik\/experimentiersatz-mechanik-4\/","title":{"rendered":"Experimentiersatz MECHANIK 4"},"content":{"rendered":"<div class=\"yoast-breadcrumbs breadcrumbs-indented\"><span><span><a href=\"https:\/\/mekruphy.com\/de\/\">Startseite<\/a><\/span> \u00bb <span><a href=\"https:\/\/mekruphy.com\/de\/produkte\/\">Produkte<\/a><\/span> \u00bb <span><a href=\"https:\/\/mekruphy.com\/de\/produkte\/physik\/\">Physik<\/a><\/span> \u00bb <span><a href=\"https:\/\/mekruphy.com\/de\/produkte\/physik\/mechanik\/\">Mechanik<\/a><\/span> \u00bb <span class=\"breadcrumb_last\" aria-current=\"page\">Experimentiersatz MECHANIK 4<\/span><\/span><\/div>\n\n\n<div class=\"wp-block-advgb-adv-tabs advgb-tabs-wrapper advgb-tab-horz-desktop advgb-tab-vert-tablet advgb-tab-stack-mobile advgb-tabs-31d8b3b1-b702-4ff4-912b-0c67159309e7\" data-tab-active=\"0\"><ul class=\"advgb-tabs-panel\" role=\"tablist\"><li class=\"advgb-tab advgb-tab-active\" role=\"presentation\" style=\"background-color:#e0e0e0;border-style:solid;border-width:1px;border-radius:10px\"><button class=\"advgb-tab-button\" id=\"advgb-tab-_d8b3b1-b7-0\" aria-controls=\"advgb-tab-panel-_d8b3b1-b7-0\" role=\"tab\" aria-selected=\"true\" tabindex=\"0\" style=\"color:#fff;background:none;border:none;width:100%;text-align:inherit;cursor:pointer;padding:8px 16px;font:inherit\"><span>Beschreibung<\/span><\/button><\/li><li class=\"advgb-tab \" role=\"presentation\" style=\"background-color:#e0e0e0;border-style:solid;border-width:1px;border-radius:10px\"><button class=\"advgb-tab-button\" id=\"advgb-tab-_d8b3b1-b7-1\" aria-controls=\"advgb-tab-panel-_d8b3b1-b7-1\" role=\"tab\" aria-selected=\"false\" tabindex=\"0\" style=\"color:#fff;background:none;border:none;width:100%;text-align:inherit;cursor:pointer;padding:8px 16px;font:inherit\"><span>Lieferumfang<\/span><\/button><\/li><li class=\"advgb-tab \" role=\"presentation\" style=\"background-color:#e0e0e0;border-style:solid;border-width:1px;border-radius:10px\"><button class=\"advgb-tab-button\" id=\"advgb-tab-_d8b3b1-b7-2\" aria-controls=\"advgb-tab-panel-_d8b3b1-b7-2\" role=\"tab\" aria-selected=\"false\" tabindex=\"0\" style=\"color:#fff;background:none;border:none;width:100%;text-align:inherit;cursor:pointer;padding:8px 16px;font:inherit\"><span>Experimente<\/span><\/button><\/li><li class=\"advgb-tab \" role=\"presentation\" style=\"background-color:#e0e0e0;border-style:solid;border-width:1px;border-radius:10px\"><button class=\"advgb-tab-button\" id=\"advgb-tab-_d8b3b1-b7-3\" aria-controls=\"advgb-tab-panel-_d8b3b1-b7-3\" role=\"tab\" aria-selected=\"false\" tabindex=\"0\" style=\"color:#fff;background:none;border:none;width:100%;text-align:inherit;cursor:pointer;padding:8px 16px;font:inherit\"><span>Bilder<\/span><\/button><\/li><\/ul><div class=\"advgb-tab-body-wrapper\" style=\"border-style:solid;border-width:1px;border-radius:10px\">\n<div class=\"wp-block-advgb-tab advgb-tab-body-container\"><div class=\"advgb-tab-body-header advgb-tab-class- header-active\" id=\"advgb-tab-panel-_bf82dc-18-0\" role=\"tabpanel\" aria-labelledby=\"advgb-tab-_bf82dc-18-0\" tabindex=\"0\"><span>Beschreibung<\/span><\/div><div class=\"advgb-tab-_bf82dc-18 advgb-tab-body\" aria-labelledby=\"advgb-tab-panel-_bf82dc-18-0\" style=\"display:block\">\n<h3 class=\"wp-block-heading\">Boyle-Mariotte und Gay-Lussac im Sch\u00fclerexperiment<\/h3>\n\n\n\n<p>Allein um die Gesetze von Boyle-Mariotte und Gay-Lussac mit hoher Pr\u00e4zision und Einfachheit zu erarbeiten, lohnt sich die Anschaffung des Experimentierkastens MECHANIK 4. Doch auch die Experimente zum Tiefendruck, zum Auftrieb und zur hydraulischen Presse sind \u00e4u\u00dferst eindrucksvoll und spannend.<\/p>\n\n\n\n<p>Die beiden Kolbenprober aus Glas mit ihren geschliffenen Glasstempeln garantieren Messergebnisse von enormer Genauigkeit. Die Glasger\u00e4te werden im ger\u00e4tegeformten Kasteneinsatz des MECHANIK 4 Kastens aufbewahrt und sofort nach Gebrauch und Reinigung dort wieder untergebracht. Entgegen aller Bef\u00fcrchtungen gehen sie auf diese Weise bei Sch\u00fclerexperimenten weniger zu Bruch als bei Demonstrationsexperimenten, wie unsere Erfahrung zeigt.<\/p>\n\n\n\n<h3 class=\"wp-block-heading\">Trockener Arbeitsplatz<\/h3>\n\n\n\n<p>Der 11 cm hohe MECHANIK 4 Experimentierkasten dient zur Aufbewahrung und gleichzeitig auch als wasserdichte Wanne. Dadurch bleibt der Arbeitstisch bei allen Experimenten trocken \u2013 selbst beim Artesischen Brunnen. Der Kasten selbst l\u00e4sst sich nach dem Experiment leicht entleeren und mit Papierhandt\u00fcchern trocken wischen. Au\u00dferdem k\u00f6nnen bei Bedarf in den Aufbewahrungskasten auch Stativstangen eingeschraubt werden, so dass kein weiteres Stativ n\u00f6tig ist.  <\/p>\n\n\n\n<h3 class=\"wp-block-heading\" id=\"h-begleitmaterialien\">Begleitmaterialien<\/h3>\n\n\n\n<p>Passend zum Experimentiersatz MECHANIK 4 sind auch ein <a href=\"https:\/\/mekruphy.com\/de\/produkte\/physik\/physik-arbeitshefte\/\">Sch\u00fclerheft<\/a> und ein <a href=\"https:\/\/mekruphy.com\/de\/produkte\/physik\/physik-arbeitshefte\/\">Lehrerheft<\/a> mit didaktischen Anweisungen und L\u00f6sungen in analoger erh\u00e4ltlich. Das Sch\u00fclerheft ist auch in digitaler Form erwerbbar.<\/p>\n<\/div><\/div>\n\n\n\n<div class=\"wp-block-advgb-tab advgb-tab-body-container\"><div class=\"advgb-tab-body-header advgb-tab-class- \" id=\"advgb-tab-panel-_bf82dc-18-1\" role=\"tabpanel\" aria-labelledby=\"advgb-tab-_bf82dc-18-1\" tabindex=\"0\"><span>Lieferumfang<\/span><\/div><div class=\"advgb-tab-_bf82dc-18 advgb-tab-body\" aria-labelledby=\"advgb-tab-panel-_bf82dc-18-1\" style=\"display:none\">\n<figure class=\"wp-block-table table-product-contents\"><table><tbody><tr><td>01.01.10<\/td><td>Aufbewahrungskasten<\/td><\/tr><tr><td>51.02.00<\/td><td>Ger\u00e4tegeformter Einsatz M4<\/td><\/tr><tr><td>11.03.00<\/td><td>Digitalthermometer EN (-40\u00b0\/+70\u00b0C)<\/td><\/tr><tr><td>01.04.00<\/td><td>Kunststoffbecher 250 ml<\/td><\/tr><tr><td>20.04.00<\/td><td>Universalklemme (2 St\u00fcck)<\/td><\/tr><tr><td>02.06.00<\/td><td>Vierkantmuffe M2 (2 St\u00fcck)<\/td><\/tr><tr><td>21.07.00<\/td><td>Glastrichter<\/td><\/tr><tr><td>01.08.00<\/td><td>Stahlzylinder M1<\/td><\/tr><tr><td>21.08.10<\/td><td>Reagenzglas 12 x 100 mm<\/td><\/tr><tr><td>51.08.00<\/td><td>Glasrohr 250 mm<\/td><\/tr><tr><td>51.09.00<\/td><td>Kolbenprober 10 ml<\/td><\/tr><tr><td>51.10.00<\/td><td>Kolbenprober 20 ml<\/td><\/tr><tr><td>41.10.00<\/td><td>Kunststoffbecher 50 ml<\/td><\/tr><tr><td>51.11.00<\/td><td>Stempelaufsatz A<\/td><\/tr><tr><td>51.12.00<\/td><td>Stempelaufsatz B<\/td><\/tr><tr><td>23.13.20<\/td><td>Einwegehahn (2 St\u00fcck)<\/td><\/tr><tr><td>51.13.00<\/td><td>Silikonschlauch \u00d8 7 x 250 mm<\/td><\/tr><tr><td>51.14.00<\/td><td>Kunststoffschlauch mit Lockansatz<\/td><\/tr><tr><td>51.14.00<\/td><td>Adapter w\/w<\/td><\/tr><tr><td>51.15.00<\/td><td>Acrylglasrohr M4<\/td><\/tr><tr><td>01.16.00<\/td><td>Kraftmesser 2 N<\/td><\/tr><tr><td>43.17.00<\/td><td>Stativstange P3<\/td><\/tr><tr><td>51.17.00<\/td><td>Schnur 40 cm<\/td><\/tr><tr><td>20.18.00<\/td><td>Pipette mit H\u00fctchen<\/td><\/tr><tr><td>01.19.00<\/td><td>Ma\u00dfband 2 m<\/td><\/tr><tr><td>02.20.00<\/td><td>Massest\u00fcck 50 g mit Schlitz (4 St\u00fcck)<\/td><\/tr><tr><td>02.21.00<\/td><td>Massest\u00fcck 10 g mit Schlitz (5 St\u00fcck)<\/td><\/tr><tr><td>51.22.00<\/td><td>Kunststoffplatte rund M4<\/td><\/tr><tr><td>51.23.00<\/td><td>Schraubdeckeldose 10 ml<\/td><\/tr><tr><td>51.24.00<\/td><td>Druckdose<\/td><\/tr><tr><td>51.25.00<\/td><td>Manometerrohr<\/td><\/tr><\/tbody><\/table><\/figure>\n\n\n\n<h3 class=\"wp-block-heading\" id=\"zusatzlich-erforderlich\">Zus\u00e4tzlich erforderlich:<\/h3>\n\n\n\n<p>F\u00fcr die mit * gekennzeichneten Experimente wird eine Waage ben\u00f6tigt, z.B.<\/p>\n\n\n\n<p>00.01.30&nbsp; <a href=\"https:\/\/mekruphy.com\/de\/produkte\/physik\/physik-zubehor\/\">CB 1001<\/a> &nbsp; oder &nbsp; 00.01.40&nbsp; <a href=\"https:\/\/mekruphy.com\/de\/produkte\/physik\/physik-zubehor\/\">CB 501<\/a><\/p>\n\n\n\n<p><\/p>\n<\/div><\/div>\n\n\n\n<div class=\"wp-block-advgb-tab advgb-tab-body-container\"><div class=\"advgb-tab-body-header advgb-tab-class- \" id=\"advgb-tab-panel-_bf82dc-18-2\" role=\"tabpanel\" aria-labelledby=\"advgb-tab-_bf82dc-18-2\" tabindex=\"0\"><span>Experimente<\/span><\/div><div class=\"advgb-tab-_bf82dc-18 advgb-tab-body\" aria-labelledby=\"advgb-tab-panel-_bf82dc-18-2\" style=\"display:none\">\n<p><\/p>\n\n\n\n<figure class=\"wp-block-table table-product-experiments\"><table class=\"has-fixed-layout\"><tbody><tr><td>M4-1<\/td><td>Druckverhalten von Fl\u00fcssigkeiten und Gasen<\/td><\/tr><tr><td>M4-2<\/td><td>Das Dosenmanometer<\/td><\/tr><tr><td>M4-3<\/td><td>Der Tiefendruck<\/td><\/tr><tr><td>M4-4<\/td><td>Die Ursache f\u00fcr den Tiefendruck<\/td><\/tr><tr><td>M4-5<\/td><td>Verbundene Gef\u00e4\u00dfe<\/td><\/tr><tr><td>M4-6<\/td><td>Der Artesische Brunnen<\/td><\/tr><tr><td>M4-7<\/td><td>Der Auftrieb<\/td><\/tr><tr><td>M4-8<\/td><td>Kraft und Gegenkraft beim Auftrieb*<\/td><\/tr><tr><td>M4-9<\/td><td>Schwimmen, schweben, sinken<\/td><\/tr><tr><td>M4-10<\/td><td>Dichtebestimmung mit der Auftriebsmethode<\/td><\/tr><tr><td>M4-11<\/td><td>Kreisfl\u00e4che und Durchmesser<\/td><\/tr><tr><td>M4-12<\/td><td>Die hydraulische Presse*<\/td><\/tr><tr><td>M4-13<\/td><td>Wirkungen des Luftdrucks<\/td><\/tr><tr><td>M4-14<\/td><td>Das Gesetz von Boyle und Mariotte*<\/td><\/tr><tr><td>M4-15<\/td><td>Das Gesetz von Gay-Lussac<\/td><\/tr><\/tbody><\/table><\/figure>\n\n\n\n<p><\/p>\n\n\n\n<h3 class=\"wp-block-heading\">Zus\u00e4tzlich erforderlich:<\/h3>\n\n\n\n<p>F\u00fcr die mit * gekennzeichneten Experimente wird eine Waage ben\u00f6tigt, z.B. 00.01.30\u00a0 <a href=\"https:\/\/mekruphy.com\/de\/produkte\/physik\/physik-zubehor\/\">CB 1001<\/a> oder 00.01.40\u00a0 <a href=\"https:\/\/mekruphy.com\/de\/produkte\/physik\/physik-zubehor\/\">CB 501<\/a>\u00a0\u00a0<\/p>\n<\/div><\/div>\n\n\n\n<div class=\"wp-block-advgb-tab advgb-tab-body-container\"><div class=\"advgb-tab-body-header advgb-tab-class-undefined \" id=\"advgb-tab-panel-_bf82dc-18-3\" role=\"tabpanel\" aria-labelledby=\"advgb-tab-_bf82dc-18-3\" tabindex=\"0\"><span>Bilder<\/span><\/div><div class=\"advgb-tab-_bf82dc-18 advgb-tab-body\" aria-labelledby=\"advgb-tab-panel-_bf82dc-18-3\" style=\"display:none\"><div class=\"wp-block-image\">\n<figure class=\"aligncenter size-large is-resized\"><img loading=\"lazy\" decoding=\"async\" width=\"604\" height=\"604\" src=\"https:\/\/mekruphy.com\/de\/wp-content\/uploads\/2021\/02\/M4_1.png\" alt=\"MECHANIK 4 Versuchsaufbau\" class=\"wp-image-2922\" style=\"width:510px;height:510px\" srcset=\"https:\/\/mekruphy.com\/de\/wp-content\/uploads\/2021\/02\/M4_1.png 604w, https:\/\/mekruphy.com\/de\/wp-content\/uploads\/2021\/02\/M4_1-300x300.png 300w, https:\/\/mekruphy.com\/de\/wp-content\/uploads\/2021\/02\/M4_1-150x150.png 150w\" sizes=\"auto, (max-width: 604px) 100vw, 604px\" \/><\/figure>\n<\/div>\n\n\n<p>&nbsp;<\/p>\n\n\n<div class=\"wp-block-image\">\n<figure class=\"aligncenter size-large is-resized\"><img loading=\"lazy\" decoding=\"async\" width=\"713\" height=\"818\" src=\"https:\/\/mekruphy.com\/de\/wp-content\/uploads\/2021\/02\/M4_2.jpg\" alt=\"Sch\u00fclerexperiment MECHANIK 4\" class=\"wp-image-2923\" style=\"width:510px;height:568px\" srcset=\"https:\/\/mekruphy.com\/de\/wp-content\/uploads\/2021\/02\/M4_2.jpg 713w, https:\/\/mekruphy.com\/de\/wp-content\/uploads\/2021\/02\/M4_2-261x300.jpg 261w\" sizes=\"auto, (max-width: 713px) 100vw, 713px\" \/><\/figure>\n<\/div>\n\n\n<p>&nbsp;<\/p>\n\n\n<div class=\"wp-block-image\">\n<figure class=\"aligncenter size-large is-resized\"><img loading=\"lazy\" decoding=\"async\" width=\"456\" height=\"456\" src=\"https:\/\/mekruphy.com\/de\/wp-content\/uploads\/2021\/02\/M4-3.png\" alt=\"Versuchsaufbau\" class=\"wp-image-2924\" style=\"width:510px;height:510px\" srcset=\"https:\/\/mekruphy.com\/de\/wp-content\/uploads\/2021\/02\/M4-3.png 456w, https:\/\/mekruphy.com\/de\/wp-content\/uploads\/2021\/02\/M4-3-300x300.png 300w, https:\/\/mekruphy.com\/de\/wp-content\/uploads\/2021\/02\/M4-3-150x150.png 150w\" sizes=\"auto, (max-width: 456px) 100vw, 456px\" \/><\/figure>\n<\/div><\/div><\/div>\n<\/div><\/div>\n<style class=\"advgb-styles-renderer\">.advgb-tabs-31d8b3b1-b702-4ff4-912b-0c67159309e7 ul.advgb-tabs-panel li.advgb-tab.advgb-tab-active {background-color:#5954d6 !important;color:#fff !important;}#advgb-tabs-31d8b3b1-b702-4ff4-912b-0c67159309e7 .advgb-tab-body-header.header-active, .advgb-tabs-31d8b3b1-b702-4ff4-912b-0c67159309e7 .advgb-tab-body-header.header-active{background-color:#5954d6 !important;color:#fff !important;}<\/style>","protected":false},"excerpt":{"rendered":"","protected":false},"author":3,"featured_media":1784,"parent":929,"menu_order":0,"comment_status":"closed","ping_status":"closed","template":"templates\/product.php","meta":{"_acf_changed":false,"_coblocks_attr":"","_coblocks_dimensions":"","_coblocks_responsive_height":"","_coblocks_accordion_ie_support":"","_eb_attr":"","advgb_blocks_editor_width":"","advgb_blocks_columns_visual_guide":"","footnotes":""},"class_list":["post-356","page","type-page","status-publish","has-post-thumbnail","hentry"],"acf":[],"yoast_head":"<!-- This site is optimized with the Yoast SEO plugin v27.3 - https:\/\/yoast.com\/product\/yoast-seo-wordpress\/ -->\n<title>Experimentiersatz MECHANIK 4 - MEKRUPHY GmbH<\/title>\n<meta name=\"description\" content=\"Die physikalischen Gesetze von Boyle-Mariotte und Gay-Lussac stehen im Mittelpunkt des Experimentierkastens MECHANIK 4.\" \/>\n<meta name=\"robots\" content=\"index, follow, max-snippet:-1, max-image-preview:large, max-video-preview:-1\" \/>\n<link rel=\"canonical\" href=\"https:\/\/mekruphy.com\/de\/produkte\/physik\/mechanik\/experimentiersatz-mechanik-4\/\" \/>\n<meta property=\"og:locale\" content=\"de_DE\" \/>\n<meta property=\"og:type\" content=\"article\" \/>\n<meta property=\"og:title\" content=\"Experimentiersatz MECHANIK 4 - MEKRUPHY GmbH\" \/>\n<meta property=\"og:description\" content=\"Die physikalischen Gesetze von Boyle-Mariotte und Gay-Lussac stehen im Mittelpunkt des Experimentierkastens MECHANIK 4.\" \/>\n<meta property=\"og:url\" content=\"https:\/\/mekruphy.com\/de\/produkte\/physik\/mechanik\/experimentiersatz-mechanik-4\/\" \/>\n<meta property=\"og:site_name\" content=\"MEKRUPHY GmbH\" \/>\n<meta property=\"article:modified_time\" content=\"2026-03-31T14:51:47+00:00\" \/>\n<meta property=\"og:image\" content=\"https:\/\/mekruphy.com\/de\/wp-content\/uploads\/2020\/07\/Kasten-Physik-MECHANIK-4.jpg\" \/>\n\t<meta property=\"og:image:width\" content=\"1800\" \/>\n\t<meta property=\"og:image:height\" content=\"1386\" \/>\n\t<meta property=\"og:image:type\" content=\"image\/jpeg\" \/>\n<meta name=\"twitter:card\" content=\"summary_large_image\" \/>\n<meta name=\"twitter:label1\" content=\"Gesch\u00e4tzte Lesezeit\" \/>\n\t<meta name=\"twitter:data1\" content=\"4\u00a0Minuten\" \/>\n<script type=\"application\/ld+json\" class=\"yoast-schema-graph\">{\"@context\":\"https:\\\/\\\/schema.org\",\"@graph\":[{\"@type\":\"WebPage\",\"@id\":\"https:\\\/\\\/mekruphy.com\\\/de\\\/produkte\\\/physik\\\/mechanik\\\/experimentiersatz-mechanik-4\\\/\",\"url\":\"https:\\\/\\\/mekruphy.com\\\/de\\\/produkte\\\/physik\\\/mechanik\\\/experimentiersatz-mechanik-4\\\/\",\"name\":\"Experimentiersatz MECHANIK 4 - MEKRUPHY GmbH\",\"isPartOf\":{\"@id\":\"https:\\\/\\\/mekruphy.com\\\/de\\\/#website\"},\"primaryImageOfPage\":{\"@id\":\"https:\\\/\\\/mekruphy.com\\\/de\\\/produkte\\\/physik\\\/mechanik\\\/experimentiersatz-mechanik-4\\\/#primaryimage\"},\"image\":{\"@id\":\"https:\\\/\\\/mekruphy.com\\\/de\\\/produkte\\\/physik\\\/mechanik\\\/experimentiersatz-mechanik-4\\\/#primaryimage\"},\"thumbnailUrl\":\"https:\\\/\\\/mekruphy.com\\\/de\\\/wp-content\\\/uploads\\\/2020\\\/07\\\/Kasten-Physik-MECHANIK-4.jpg\",\"datePublished\":\"2020-07-15T09:43:22+00:00\",\"dateModified\":\"2026-03-31T14:51:47+00:00\",\"description\":\"Die physikalischen Gesetze von Boyle-Mariotte und Gay-Lussac stehen im Mittelpunkt des Experimentierkastens MECHANIK 4.\",\"breadcrumb\":{\"@id\":\"https:\\\/\\\/mekruphy.com\\\/de\\\/produkte\\\/physik\\\/mechanik\\\/experimentiersatz-mechanik-4\\\/#breadcrumb\"},\"inLanguage\":\"de\",\"potentialAction\":[{\"@type\":\"ReadAction\",\"target\":[\"https:\\\/\\\/mekruphy.com\\\/de\\\/produkte\\\/physik\\\/mechanik\\\/experimentiersatz-mechanik-4\\\/\"]}]},{\"@type\":\"ImageObject\",\"inLanguage\":\"de\",\"@id\":\"https:\\\/\\\/mekruphy.com\\\/de\\\/produkte\\\/physik\\\/mechanik\\\/experimentiersatz-mechanik-4\\\/#primaryimage\",\"url\":\"https:\\\/\\\/mekruphy.com\\\/de\\\/wp-content\\\/uploads\\\/2020\\\/07\\\/Kasten-Physik-MECHANIK-4.jpg\",\"contentUrl\":\"https:\\\/\\\/mekruphy.com\\\/de\\\/wp-content\\\/uploads\\\/2020\\\/07\\\/Kasten-Physik-MECHANIK-4.jpg\",\"width\":1800,\"height\":1386},{\"@type\":\"BreadcrumbList\",\"@id\":\"https:\\\/\\\/mekruphy.com\\\/de\\\/produkte\\\/physik\\\/mechanik\\\/experimentiersatz-mechanik-4\\\/#breadcrumb\",\"itemListElement\":[{\"@type\":\"ListItem\",\"position\":1,\"name\":\"Startseite\",\"item\":\"https:\\\/\\\/mekruphy.com\\\/de\\\/\"},{\"@type\":\"ListItem\",\"position\":2,\"name\":\"Produkte\",\"item\":\"https:\\\/\\\/mekruphy.com\\\/de\\\/produkte\\\/\"},{\"@type\":\"ListItem\",\"position\":3,\"name\":\"Physik\",\"item\":\"https:\\\/\\\/mekruphy.com\\\/de\\\/produkte\\\/physik\\\/\"},{\"@type\":\"ListItem\",\"position\":4,\"name\":\"Mechanik\",\"item\":\"https:\\\/\\\/mekruphy.com\\\/de\\\/produkte\\\/physik\\\/mechanik\\\/\"},{\"@type\":\"ListItem\",\"position\":5,\"name\":\"Experimentiersatz MECHANIK 4\"}]},{\"@type\":\"WebSite\",\"@id\":\"https:\\\/\\\/mekruphy.com\\\/de\\\/#website\",\"url\":\"https:\\\/\\\/mekruphy.com\\\/de\\\/\",\"name\":\"MEKRUPHY GmbH\",\"description\":\"Sch\u00fcler-Experimentierk\u00e4sten f\u00fcr den MINT-Unterricht\",\"potentialAction\":[{\"@type\":\"SearchAction\",\"target\":{\"@type\":\"EntryPoint\",\"urlTemplate\":\"https:\\\/\\\/mekruphy.com\\\/de\\\/?s={search_term_string}\"},\"query-input\":{\"@type\":\"PropertyValueSpecification\",\"valueRequired\":true,\"valueName\":\"search_term_string\"}}],\"inLanguage\":\"de\"}]}<\/script>\n<!-- \/ Yoast SEO plugin. -->","yoast_head_json":{"title":"Experimentiersatz MECHANIK 4 - MEKRUPHY GmbH","description":"Die physikalischen Gesetze von Boyle-Mariotte und Gay-Lussac stehen im Mittelpunkt des Experimentierkastens MECHANIK 4.","robots":{"index":"index","follow":"follow","max-snippet":"max-snippet:-1","max-image-preview":"max-image-preview:large","max-video-preview":"max-video-preview:-1"},"canonical":"https:\/\/mekruphy.com\/de\/produkte\/physik\/mechanik\/experimentiersatz-mechanik-4\/","og_locale":"de_DE","og_type":"article","og_title":"Experimentiersatz MECHANIK 4 - MEKRUPHY GmbH","og_description":"Die physikalischen Gesetze von Boyle-Mariotte und Gay-Lussac stehen im Mittelpunkt des Experimentierkastens MECHANIK 4.","og_url":"https:\/\/mekruphy.com\/de\/produkte\/physik\/mechanik\/experimentiersatz-mechanik-4\/","og_site_name":"MEKRUPHY GmbH","article_modified_time":"2026-03-31T14:51:47+00:00","og_image":[{"width":1800,"height":1386,"url":"https:\/\/mekruphy.com\/de\/wp-content\/uploads\/2020\/07\/Kasten-Physik-MECHANIK-4.jpg","type":"image\/jpeg"}],"twitter_card":"summary_large_image","twitter_misc":{"Gesch\u00e4tzte Lesezeit":"4\u00a0Minuten"},"schema":{"@context":"https:\/\/schema.org","@graph":[{"@type":"WebPage","@id":"https:\/\/mekruphy.com\/de\/produkte\/physik\/mechanik\/experimentiersatz-mechanik-4\/","url":"https:\/\/mekruphy.com\/de\/produkte\/physik\/mechanik\/experimentiersatz-mechanik-4\/","name":"Experimentiersatz MECHANIK 4 - MEKRUPHY GmbH","isPartOf":{"@id":"https:\/\/mekruphy.com\/de\/#website"},"primaryImageOfPage":{"@id":"https:\/\/mekruphy.com\/de\/produkte\/physik\/mechanik\/experimentiersatz-mechanik-4\/#primaryimage"},"image":{"@id":"https:\/\/mekruphy.com\/de\/produkte\/physik\/mechanik\/experimentiersatz-mechanik-4\/#primaryimage"},"thumbnailUrl":"https:\/\/mekruphy.com\/de\/wp-content\/uploads\/2020\/07\/Kasten-Physik-MECHANIK-4.jpg","datePublished":"2020-07-15T09:43:22+00:00","dateModified":"2026-03-31T14:51:47+00:00","description":"Die physikalischen Gesetze von Boyle-Mariotte und Gay-Lussac stehen im Mittelpunkt des Experimentierkastens MECHANIK 4.","breadcrumb":{"@id":"https:\/\/mekruphy.com\/de\/produkte\/physik\/mechanik\/experimentiersatz-mechanik-4\/#breadcrumb"},"inLanguage":"de","potentialAction":[{"@type":"ReadAction","target":["https:\/\/mekruphy.com\/de\/produkte\/physik\/mechanik\/experimentiersatz-mechanik-4\/"]}]},{"@type":"ImageObject","inLanguage":"de","@id":"https:\/\/mekruphy.com\/de\/produkte\/physik\/mechanik\/experimentiersatz-mechanik-4\/#primaryimage","url":"https:\/\/mekruphy.com\/de\/wp-content\/uploads\/2020\/07\/Kasten-Physik-MECHANIK-4.jpg","contentUrl":"https:\/\/mekruphy.com\/de\/wp-content\/uploads\/2020\/07\/Kasten-Physik-MECHANIK-4.jpg","width":1800,"height":1386},{"@type":"BreadcrumbList","@id":"https:\/\/mekruphy.com\/de\/produkte\/physik\/mechanik\/experimentiersatz-mechanik-4\/#breadcrumb","itemListElement":[{"@type":"ListItem","position":1,"name":"Startseite","item":"https:\/\/mekruphy.com\/de\/"},{"@type":"ListItem","position":2,"name":"Produkte","item":"https:\/\/mekruphy.com\/de\/produkte\/"},{"@type":"ListItem","position":3,"name":"Physik","item":"https:\/\/mekruphy.com\/de\/produkte\/physik\/"},{"@type":"ListItem","position":4,"name":"Mechanik","item":"https:\/\/mekruphy.com\/de\/produkte\/physik\/mechanik\/"},{"@type":"ListItem","position":5,"name":"Experimentiersatz MECHANIK 4"}]},{"@type":"WebSite","@id":"https:\/\/mekruphy.com\/de\/#website","url":"https:\/\/mekruphy.com\/de\/","name":"MEKRUPHY GmbH","description":"Sch\u00fcler-Experimentierk\u00e4sten f\u00fcr den MINT-Unterricht","potentialAction":[{"@type":"SearchAction","target":{"@type":"EntryPoint","urlTemplate":"https:\/\/mekruphy.com\/de\/?s={search_term_string}"},"query-input":{"@type":"PropertyValueSpecification","valueRequired":true,"valueName":"search_term_string"}}],"inLanguage":"de"}]}},"coauthors":[],"author_meta":{"author_link":"https:\/\/mekruphy.com\/de\/author\/steps-sync\/","display_name":"Steps Sync"},"relative_dates":{"created":"Ver\u00f6ffentlicht 6\u00a0Jahren vor","modified":"Aktualisiert 2\u00a0Wochen vor"},"absolute_dates":{"created":"Ver\u00f6ffentlicht am 15. Juli 2020","modified":"Aktualisiert am 31. M\u00e4rz 2026"},"absolute_dates_time":{"created":"Ver\u00f6ffentlicht am 15. Juli 2020 11:43","modified":"Aktualisiert am 31. M\u00e4rz 2026 16:51"},"featured_img_caption":"","featured_img":"https:\/\/mekruphy.com\/de\/wp-content\/uploads\/2020\/07\/Kasten-Physik-MECHANIK-4.jpg","series_order":"","_links":{"self":[{"href":"https:\/\/mekruphy.com\/de\/wp-json\/wp\/v2\/pages\/356","targetHints":{"allow":["GET"]}}],"collection":[{"href":"https:\/\/mekruphy.com\/de\/wp-json\/wp\/v2\/pages"}],"about":[{"href":"https:\/\/mekruphy.com\/de\/wp-json\/wp\/v2\/types\/page"}],"author":[{"embeddable":true,"href":"https:\/\/mekruphy.com\/de\/wp-json\/wp\/v2\/users\/3"}],"replies":[{"embeddable":true,"href":"https:\/\/mekruphy.com\/de\/wp-json\/wp\/v2\/comments?post=356"}],"version-history":[{"count":28,"href":"https:\/\/mekruphy.com\/de\/wp-json\/wp\/v2\/pages\/356\/revisions"}],"predecessor-version":[{"id":9420,"href":"https:\/\/mekruphy.com\/de\/wp-json\/wp\/v2\/pages\/356\/revisions\/9420"}],"up":[{"embeddable":true,"href":"https:\/\/mekruphy.com\/de\/wp-json\/wp\/v2\/pages\/929"}],"wp:featuredmedia":[{"embeddable":true,"href":"https:\/\/mekruphy.com\/de\/wp-json\/wp\/v2\/media\/1784"}],"wp:attachment":[{"href":"https:\/\/mekruphy.com\/de\/wp-json\/wp\/v2\/media?parent=356"}],"curies":[{"name":"wp","href":"https:\/\/api.w.org\/{rel}","templated":true}]}}