{"id":3577,"date":"2021-05-17T09:44:08","date_gmt":"2021-05-17T07:44:08","guid":{"rendered":"https:\/\/mekruphy.com\/de\/?page_id=3577"},"modified":"2026-03-31T17:09:16","modified_gmt":"2026-03-31T15:09:16","slug":"experimentiersatz-ganze-zahlen","status":"publish","type":"page","link":"https:\/\/mekruphy.com\/de\/produkte\/mathematik\/experimentiersatz-ganze-zahlen\/","title":{"rendered":"Experimentiersatz GANZE ZAHLEN"},"content":{"rendered":"<div class=\"yoast-breadcrumbs breadcrumbs\"><span><span><a href=\"https:\/\/mekruphy.com\/de\/\">Startseite<\/a><\/span> \u00bb <span><a href=\"https:\/\/mekruphy.com\/de\/produkte\/\">Produkte<\/a><\/span> \u00bb <span><a href=\"https:\/\/mekruphy.com\/de\/produkte\/mathematik\/\">Mathematik<\/a><\/span> \u00bb <span class=\"breadcrumb_last\" aria-current=\"page\">Experimentiersatz GANZE ZAHLEN<\/span><\/span><\/div>\n\n\n<div class=\"wp-block-advgb-adv-tabs advgb-tabs-wrapper advgb-tab-horz-desktop advgb-tab-vert-tablet advgb-tab-stack-mobile advgb-tabs-1cf5b566-1773-4c9a-b2e0-4425d1931c35\" data-tab-active=\"0\"><ul class=\"advgb-tabs-panel\" role=\"tablist\"><li class=\"advgb-tab advgb-tab-active\" role=\"presentation\" style=\"background-color:#e0e0e0;border-style:solid;border-width:1px;border-radius:10px\"><button class=\"advgb-tab-button\" id=\"advgb-tab-_cf62f0-88-0\" aria-controls=\"advgb-tab-panel-_cf62f0-88-0\" role=\"tab\" aria-selected=\"true\" tabindex=\"0\" style=\"color:#fff;background:none;border:none;width:100%;text-align:inherit;cursor:pointer;padding:8px 16px;font:inherit\"><span>Beschreibung<\/span><\/button><\/li><li class=\"advgb-tab \" role=\"presentation\" style=\"background-color:#e0e0e0;border-style:solid;border-width:1px;border-radius:10px\"><button class=\"advgb-tab-button\" id=\"advgb-tab-_cf62f0-88-1\" aria-controls=\"advgb-tab-panel-_cf62f0-88-1\" role=\"tab\" aria-selected=\"false\" tabindex=\"0\" style=\"color:#fff;background:none;border:none;width:100%;text-align:inherit;cursor:pointer;padding:8px 16px;font:inherit\"><span>Lieferumfang<\/span><\/button><\/li><li class=\"advgb-tab \" role=\"presentation\" style=\"background-color:#e0e0e0;border-style:solid;border-width:1px;border-radius:10px\"><button class=\"advgb-tab-button\" id=\"advgb-tab-_cf62f0-88-2\" aria-controls=\"advgb-tab-panel-_cf62f0-88-2\" role=\"tab\" aria-selected=\"false\" tabindex=\"0\" style=\"color:#fff;background:none;border:none;width:100%;text-align:inherit;cursor:pointer;padding:8px 16px;font:inherit\"><span>Experimente<\/span><\/button><\/li><li class=\"advgb-tab \" role=\"presentation\" style=\"background-color:#e0e0e0;border-style:solid;border-width:1px;border-radius:10px\"><button class=\"advgb-tab-button\" id=\"advgb-tab-_cf62f0-88-3\" aria-controls=\"advgb-tab-panel-_cf62f0-88-3\" role=\"tab\" aria-selected=\"false\" tabindex=\"0\" style=\"color:#fff;background:none;border:none;width:100%;text-align:inherit;cursor:pointer;padding:8px 16px;font:inherit\"><span>Bilder<\/span><\/button><\/li><\/ul><div class=\"advgb-tab-body-wrapper\" style=\"border-style:solid;border-width:1px;border-radius:10px\">\n<div class=\"wp-block-advgb-tab advgb-tab-body-container\"><div class=\"advgb-tab-body-header advgb-tab-class- header-active\" id=\"advgb-tab-panel-_cf62f0-88-0\" role=\"tabpanel\" aria-labelledby=\"advgb-tab-_cf62f0-88-0\" tabindex=\"0\"><span>Beschreibung<\/span><\/div><div class=\"advgb-tab-_cf62f0-88 advgb-tab-body\" aria-labelledby=\"advgb-tab-panel-_cf62f0-88-0\" style=\"display:block\">\n<h2 class=\"wp-block-heading\" id=\"h-arithmetik-zum-anfassen\"><strong>Arithmetik zum Anfassen<\/strong><\/h2>\n\n\n\n<p>Die magnetisch haftenden, farbigen Acrylglaspl\u00e4ttchen des Experimentiersatzes GANZE ZAHLEN helfen den Sch\u00fclerinnen und Sch\u00fclern herauszufinden, wie das Stellenwertsystem aufgebaut ist und wie man selbst r\u00f6mische Zahlen addieren kann. Die Pl\u00e4ttchen erm\u00f6glichen ihnen aber auch einen neuartigen Zugang <\/p>\n\n\n\n<ul class=\"wp-block-list\">\n<li>zum Rechnen mit negativen Zahlen,<\/li>\n\n\n\n<li>zu den Rechengesetzen der Addition und Multiplikation ganzer Zahlen<\/li>\n\n\n\n<li>sowie zum Distributivgesetz.<\/li>\n<\/ul>\n\n\n\n<p>Das Arbeiten mit den MEKRUPHY-Materialien macht die Mathematik zum Erlebnis. Denn es weckt und steigert das Interesse und die Leistungsbereitschaft der Sch\u00fclerinnen und Sch\u00fcler f\u00fcr dieses oft sehr ungeliebte Unterrichtsfach erheblich.<\/p>\n\n\n\n<h3 class=\"wp-block-heading\" id=\"h-begleitmaterialien\">Begleitmaterialien<\/h3>\n\n\n\n<p>Passend zum Experimentiersatz GANZE ZAHLEN sind auch ein <a href=\"https:\/\/mekruphy.com\/de\/produkte\/mathematik\/mathematik-arbeitshefte\/\">Sch\u00fclerheft<\/a> und ein <a href=\"https:\/\/mekruphy.com\/de\/produkte\/mathematik\/mathematik-arbeitshefte\/\">Lehrerheft<\/a> mit didaktischen Anweisungen und L\u00f6sungen in analoger Form erh\u00e4ltlich. Das Sch\u00fclerheft ist auch in digitaler Form erwerbbar.<\/p>\n<\/div><\/div>\n\n\n\n<div class=\"wp-block-advgb-tab advgb-tab-body-container\"><div class=\"advgb-tab-body-header advgb-tab-class- \" id=\"advgb-tab-panel-_cf62f0-88-1\" role=\"tabpanel\" aria-labelledby=\"advgb-tab-_cf62f0-88-1\" tabindex=\"0\"><span>Lieferumfang<\/span><\/div><div class=\"advgb-tab-_cf62f0-88 advgb-tab-body\" aria-labelledby=\"advgb-tab-panel-_cf62f0-88-1\" style=\"display:none\">\n<figure class=\"wp-block-table table-product-contents\"><table><tbody><tr><td>25.01.10<\/td><td>Aufbewahrungskasten<\/td><\/tr><tr><td>95.01.00<\/td><td>Deckel mit Magnetfolie GZ<\/td><\/tr><tr><td>95.02.00<\/td><td>Ger\u00e4tegeformter Einsatz<\/td><\/tr><tr><td>95.03.10<\/td><td>R\u00f6mische Ziffer I (10 St\u00fcck)<\/td><\/tr><tr><td>95.03.20<\/td><td>R\u00f6mische Ziffer V (2 St\u00fcck)<\/td><\/tr><tr><td>95.03.30<\/td><td>R\u00f6mische Ziffer X (8 St\u00fcck)<\/td><\/tr><tr><td>95.03.40<\/td><td>R\u00f6mische Ziffer L (2 St\u00fcck)<\/td><\/tr><tr><td>95.03.50<\/td><td>R\u00f6mische Ziffer C (6 St\u00fcck)<\/td><\/tr><tr><td>95.03.60<\/td><td>R\u00f6mische Ziffer D (4 St\u00fcck)<\/td><\/tr><tr><td>95.03.70<\/td><td>R\u00f6mische Ziffer M (4 St\u00fcck)<\/td><\/tr><tr><td>95.04.10<\/td><td>Zahleneinheit blau (12 St\u00fcck)<\/td><\/tr><tr><td>95.05.10<\/td><td>Zahleneinheit rot (36 St\u00fcck)<\/td><\/tr><tr><td>95.06.10<\/td><td>Stufenzahl E (2 St\u00fcck)<\/td><\/tr><tr><td>95.06.20<\/td><td>Stufenzahl Z (2 St\u00fcck)<\/td><\/tr><tr><td>95.06.30<\/td><td>Stufenzahl H (2 St\u00fcck)<\/td><\/tr><tr><td>95.06.40<\/td><td>Stufenzahl T (2 St\u00fcck)<\/td><\/tr><tr><td>95.07.10<\/td><td>Dreieck gr\u00fcn (12 St\u00fcck)<\/td><\/tr><\/tbody><\/table><\/figure>\n\n\n\n<p><\/p>\n<\/div><\/div>\n\n\n\n<div class=\"wp-block-advgb-tab advgb-tab-body-container\"><div class=\"advgb-tab-body-header advgb-tab-class- \" id=\"advgb-tab-panel-_cf62f0-88-2\" role=\"tabpanel\" aria-labelledby=\"advgb-tab-_cf62f0-88-2\" tabindex=\"0\"><span>Experimente<\/span><\/div><div class=\"advgb-tab-_cf62f0-88 advgb-tab-body\" aria-labelledby=\"advgb-tab-panel-_cf62f0-88-2\" style=\"display:none\">\n<div class=\"wp-block-group\"><div class=\"wp-block-group__inner-container is-layout-flow wp-block-group-is-layout-flow\">\n<p><\/p>\n\n\n\n<figure class=\"wp-block-table table-product-experiments\"><table><tbody><tr><td>GZ-1<\/td><td>Arabische und r\u00f6mische Ziffern<\/td><\/tr><tr><td>GZ-2<\/td><td>Stellenwert und Stufenzahlen<\/td><\/tr><tr><td>GZ-3<\/td><td>Die Addition nat\u00fcrlicher Zahlen<\/td><\/tr><tr><td>GZ-4<\/td><td>Schriftliches Addieren<\/td><\/tr><tr><td>GZ-5<\/td><td>Addieren r\u00f6mischer Zahlen<\/td><\/tr><tr><td>GZ-6<\/td><td>Subtraktion nat\u00fcrlicher Zahlen<\/td><\/tr><tr><td>GZ-7<\/td><td>Schriftliches Subtrahieren<\/td><\/tr><tr><td>GZ-8<\/td><td>Entstehung der negativen Zahlen<\/td><\/tr><tr><td>GZ-9<\/td><td>Die Menge der ganzen Zahlen<\/td><\/tr><tr><td>GZ-10<\/td><td>Addition ganzer Zahlen<\/td><\/tr><tr><td>GZ-11<\/td><td>Das Kommutativgesetz der Addition<\/td><\/tr><tr><td>GZ-12<\/td><td>Subtraktion ganzer Zahlen<\/td><\/tr><tr><td>GZ-13<\/td><td>Multiplikation ganzer Zahlen<\/td><\/tr><tr><td>GZ-14<\/td><td>Schriftliches Multiplizieren<\/td><\/tr><tr><td>GZ-15<\/td><td>Das Distributivgesetz der Multiplikation<\/td><\/tr><tr><td>GZ-16<\/td><td>Die Quadratzahlen von 1 bis 625<\/td><\/tr><tr><td>GZ-17<\/td><td>Division durch ganze Zahlen<\/td><\/tr><tr><td>GZ-18<\/td><td>Schriftliches Dividieren<\/td><\/tr><\/tbody><\/table><\/figure>\n<\/div><\/div>\n<\/div><\/div>\n\n\n\n<div class=\"wp-block-advgb-tab advgb-tab-body-container\"><div class=\"advgb-tab-body-header advgb-tab-class-undefined \" id=\"advgb-tab-panel-_cf62f0-88-3\" role=\"tabpanel\" aria-labelledby=\"advgb-tab-_cf62f0-88-3\" tabindex=\"0\"><span>Bilder<\/span><\/div><div class=\"advgb-tab-_cf62f0-88 advgb-tab-body\" aria-labelledby=\"advgb-tab-panel-_cf62f0-88-3\" style=\"display:none\"><div class=\"wp-block-image\">\n<figure class=\"aligncenter size-large is-resized\"><img loading=\"lazy\" decoding=\"async\" width=\"651\" height=\"651\" src=\"https:\/\/mekruphy.com\/de\/wp-content\/uploads\/2021\/05\/GZ_3.png\" alt=\"Zahlenstrahl\" class=\"wp-image-3594\" style=\"width:510px;height:510px\" srcset=\"https:\/\/mekruphy.com\/de\/wp-content\/uploads\/2021\/05\/GZ_3.png 651w, https:\/\/mekruphy.com\/de\/wp-content\/uploads\/2021\/05\/GZ_3-300x300.png 300w, https:\/\/mekruphy.com\/de\/wp-content\/uploads\/2021\/05\/GZ_3-150x150.png 150w\" sizes=\"auto, (max-width: 651px) 100vw, 651px\" \/><\/figure>\n<\/div>\n\n\n<p>&nbsp;<\/p>\n\n\n<div class=\"wp-block-image\">\n<figure class=\"aligncenter size-large is-resized\"><img loading=\"lazy\" decoding=\"async\" width=\"699\" height=\"579\" src=\"https:\/\/mekruphy.com\/de\/wp-content\/uploads\/2021\/05\/GZ_1.png\" alt=\"R\u00f6mische Zahlen\" class=\"wp-image-3580\" style=\"width:611px;height:505px\" srcset=\"https:\/\/mekruphy.com\/de\/wp-content\/uploads\/2021\/05\/GZ_1.png 699w, https:\/\/mekruphy.com\/de\/wp-content\/uploads\/2021\/05\/GZ_1-300x248.png 300w\" sizes=\"auto, (max-width: 699px) 100vw, 699px\" \/><\/figure>\n<\/div>\n\n\n<p>&nbsp;<\/p>\n\n\n<div class=\"wp-block-image\">\n<figure class=\"aligncenter size-large is-resized\"><img loading=\"lazy\" decoding=\"async\" width=\"620\" height=\"620\" src=\"https:\/\/mekruphy.com\/de\/wp-content\/uploads\/2021\/05\/GZ_4.png\" alt=\"Sch\u00fcler mit Experimentiersatz GANZE ZAHLEN\" class=\"wp-image-3599\" style=\"width:510px;height:510px\" srcset=\"https:\/\/mekruphy.com\/de\/wp-content\/uploads\/2021\/05\/GZ_4.png 620w, https:\/\/mekruphy.com\/de\/wp-content\/uploads\/2021\/05\/GZ_4-300x300.png 300w, https:\/\/mekruphy.com\/de\/wp-content\/uploads\/2021\/05\/GZ_4-150x150.png 150w\" sizes=\"auto, (max-width: 620px) 100vw, 620px\" \/><\/figure>\n<\/div>\n\n\n<p>&nbsp;<\/p>\n\n\n<div class=\"wp-block-image\">\n<figure class=\"aligncenter size-large is-resized\"><img loading=\"lazy\" decoding=\"async\" width=\"856\" height=\"633\" src=\"https:\/\/mekruphy.com\/de\/wp-content\/uploads\/2021\/05\/GZ_2.png\" alt=\"Magnetischer Deckel mit Zahlenstrahl\" class=\"wp-image-3579\" style=\"width:610px;height:451px\" srcset=\"https:\/\/mekruphy.com\/de\/wp-content\/uploads\/2021\/05\/GZ_2.png 856w, https:\/\/mekruphy.com\/de\/wp-content\/uploads\/2021\/05\/GZ_2-300x222.png 300w, https:\/\/mekruphy.com\/de\/wp-content\/uploads\/2021\/05\/GZ_2-768x568.png 768w\" sizes=\"auto, (max-width: 856px) 100vw, 856px\" \/><\/figure>\n<\/div>\n\n\n<p>&nbsp;<\/p>\n<\/div><\/div>\n\n\n\n<div class=\"wp-block-advgb-tab advgb-tab-body-container\"><div class=\"advgb-tab-body-header advgb-tab-class-undefined \" id=\"advgb-tab-panel-_cf62f0-88-4\" role=\"tabpanel\" aria-labelledby=\"advgb-tab-_cf62f0-88-4\" tabindex=\"0\"><span><\/span><\/div><div class=\"advgb-tab-_cf62f0-88 advgb-tab-body\" aria-labelledby=\"advgb-tab-panel-_cf62f0-88-4\" style=\"display:none\">\n<p><\/p>\n<\/div><\/div>\n\n\n\n<div class=\"wp-block-advgb-tab advgb-tab-body-container\"><div class=\"advgb-tab-body-header advgb-tab-class-undefined \" id=\"advgb-tab-panel-_cf62f0-88-5\" role=\"tabpanel\" aria-labelledby=\"advgb-tab-_cf62f0-88-5\" tabindex=\"0\"><span><\/span><\/div><div class=\"advgb-tab-_cf62f0-88 advgb-tab-body\" aria-labelledby=\"advgb-tab-panel-_cf62f0-88-5\" style=\"display:none\">\n<p><\/p>\n<\/div><\/div>\n\n\n\n<div class=\"wp-block-advgb-tab advgb-tab-body-container\"><div class=\"advgb-tab-body-header advgb-tab-class-undefined \" id=\"advgb-tab-panel-_cf62f0-88-6\" role=\"tabpanel\" aria-labelledby=\"advgb-tab-_cf62f0-88-6\" tabindex=\"0\"><span><\/span><\/div><div class=\"advgb-tab-_cf62f0-88 advgb-tab-body\" aria-labelledby=\"advgb-tab-panel-_cf62f0-88-6\" style=\"display:none\">\n<p><\/p>\n<\/div><\/div>\n\n\n\n<div class=\"wp-block-advgb-tab advgb-tab-body-container\"><div class=\"advgb-tab-body-header advgb-tab-class-undefined \" id=\"advgb-tab-panel-_cf62f0-88-7\" role=\"tabpanel\" aria-labelledby=\"advgb-tab-_cf62f0-88-7\" tabindex=\"0\"><span><\/span><\/div><div class=\"advgb-tab-_cf62f0-88 advgb-tab-body\" aria-labelledby=\"advgb-tab-panel-_cf62f0-88-7\" style=\"display:none\">\n<p><\/p>\n<\/div><\/div>\n\n\n\n<div class=\"wp-block-advgb-tab advgb-tab-body-container\"><div class=\"advgb-tab-body-header advgb-tab-class-undefined \" id=\"advgb-tab-panel-_cf62f0-88-8\" role=\"tabpanel\" aria-labelledby=\"advgb-tab-_cf62f0-88-8\" tabindex=\"0\"><span><\/span><\/div><div class=\"advgb-tab-_cf62f0-88 advgb-tab-body\" aria-labelledby=\"advgb-tab-panel-_cf62f0-88-8\" style=\"display:none\">\n<p><\/p>\n<\/div><\/div>\n<\/div><\/div>\n\n\n\n<p><\/p>\n<style class=\"advgb-styles-renderer\">.advgb-tabs-1cf5b566-1773-4c9a-b2e0-4425d1931c35 ul.advgb-tabs-panel li.advgb-tab.advgb-tab-active {background-color:#5954d6 !important;color:#fff !important;}#advgb-tabs-1cf5b566-1773-4c9a-b2e0-4425d1931c35 .advgb-tab-body-header.header-active, .advgb-tabs-1cf5b566-1773-4c9a-b2e0-4425d1931c35 .advgb-tab-body-header.header-active{background-color:#5954d6 !important;color:#fff !important;}<\/style>","protected":false},"excerpt":{"rendered":"","protected":false},"author":4,"featured_media":3581,"parent":630,"menu_order":2,"comment_status":"closed","ping_status":"closed","template":"templates\/product.php","meta":{"_acf_changed":false,"_coblocks_attr":"","_coblocks_dimensions":"","_coblocks_responsive_height":"","_coblocks_accordion_ie_support":"","_eb_attr":"","advgb_blocks_editor_width":"","advgb_blocks_columns_visual_guide":"","footnotes":""},"class_list":["post-3577","page","type-page","status-publish","has-post-thumbnail","hentry"],"acf":[],"yoast_head":"<!-- This site is optimized with the Yoast SEO plugin v27.4 - https:\/\/yoast.com\/product\/yoast-seo-wordpress\/ -->\n<title>Experimentiersatz GANZE ZAHLEN - MEKRUPHY GmbH<\/title>\n<meta name=\"description\" content=\"Der Experimentiersatz GANZE ZAHLEN erm\u00f6glicht es den Sch\u00fcler_innen das Rechnen mit ganzen Zahlen selbst\u00e4ndig zu entdecken.\" \/>\n<meta name=\"robots\" content=\"index, follow, max-snippet:-1, max-image-preview:large, max-video-preview:-1\" \/>\n<link rel=\"canonical\" href=\"https:\/\/mekruphy.com\/de\/produkte\/mathematik\/experimentiersatz-ganze-zahlen\/\" \/>\n<meta property=\"og:locale\" content=\"de_DE\" \/>\n<meta property=\"og:type\" content=\"article\" \/>\n<meta property=\"og:title\" content=\"Experimentiersatz GANZE ZAHLEN - MEKRUPHY GmbH\" \/>\n<meta property=\"og:description\" content=\"Der Experimentiersatz GANZE ZAHLEN erm\u00f6glicht es den Sch\u00fcler_innen das Rechnen mit ganzen Zahlen selbst\u00e4ndig zu entdecken.\" \/>\n<meta property=\"og:url\" content=\"https:\/\/mekruphy.com\/de\/produkte\/mathematik\/experimentiersatz-ganze-zahlen\/\" \/>\n<meta property=\"og:site_name\" content=\"MEKRUPHY GmbH\" \/>\n<meta property=\"article:modified_time\" content=\"2026-03-31T15:09:16+00:00\" \/>\n<meta property=\"og:image\" content=\"https:\/\/mekruphy.com\/de\/wp-content\/uploads\/2021\/05\/Experimentiersatz-GANZE-ZAHLEN.png\" \/>\n\t<meta property=\"og:image:width\" content=\"1019\" \/>\n\t<meta property=\"og:image:height\" content=\"790\" \/>\n\t<meta property=\"og:image:type\" content=\"image\/png\" \/>\n<meta name=\"twitter:card\" content=\"summary_large_image\" \/>\n<meta name=\"twitter:label1\" content=\"Gesch\u00e4tzte Lesezeit\" \/>\n\t<meta name=\"twitter:data1\" content=\"3\u00a0Minuten\" \/>\n<script type=\"application\/ld+json\" class=\"yoast-schema-graph\">{\"@context\":\"https:\\\/\\\/schema.org\",\"@graph\":[{\"@type\":\"WebPage\",\"@id\":\"https:\\\/\\\/mekruphy.com\\\/de\\\/produkte\\\/mathematik\\\/experimentiersatz-ganze-zahlen\\\/\",\"url\":\"https:\\\/\\\/mekruphy.com\\\/de\\\/produkte\\\/mathematik\\\/experimentiersatz-ganze-zahlen\\\/\",\"name\":\"Experimentiersatz GANZE ZAHLEN - MEKRUPHY GmbH\",\"isPartOf\":{\"@id\":\"https:\\\/\\\/mekruphy.com\\\/de\\\/#website\"},\"primaryImageOfPage\":{\"@id\":\"https:\\\/\\\/mekruphy.com\\\/de\\\/produkte\\\/mathematik\\\/experimentiersatz-ganze-zahlen\\\/#primaryimage\"},\"image\":{\"@id\":\"https:\\\/\\\/mekruphy.com\\\/de\\\/produkte\\\/mathematik\\\/experimentiersatz-ganze-zahlen\\\/#primaryimage\"},\"thumbnailUrl\":\"https:\\\/\\\/mekruphy.com\\\/de\\\/wp-content\\\/uploads\\\/2021\\\/05\\\/Experimentiersatz-GANZE-ZAHLEN.png\",\"datePublished\":\"2021-05-17T07:44:08+00:00\",\"dateModified\":\"2026-03-31T15:09:16+00:00\",\"description\":\"Der Experimentiersatz GANZE ZAHLEN erm\u00f6glicht es den Sch\u00fcler_innen das Rechnen mit ganzen Zahlen selbst\u00e4ndig zu entdecken.\",\"breadcrumb\":{\"@id\":\"https:\\\/\\\/mekruphy.com\\\/de\\\/produkte\\\/mathematik\\\/experimentiersatz-ganze-zahlen\\\/#breadcrumb\"},\"inLanguage\":\"de\",\"potentialAction\":[{\"@type\":\"ReadAction\",\"target\":[\"https:\\\/\\\/mekruphy.com\\\/de\\\/produkte\\\/mathematik\\\/experimentiersatz-ganze-zahlen\\\/\"]}]},{\"@type\":\"ImageObject\",\"inLanguage\":\"de\",\"@id\":\"https:\\\/\\\/mekruphy.com\\\/de\\\/produkte\\\/mathematik\\\/experimentiersatz-ganze-zahlen\\\/#primaryimage\",\"url\":\"https:\\\/\\\/mekruphy.com\\\/de\\\/wp-content\\\/uploads\\\/2021\\\/05\\\/Experimentiersatz-GANZE-ZAHLEN.png\",\"contentUrl\":\"https:\\\/\\\/mekruphy.com\\\/de\\\/wp-content\\\/uploads\\\/2021\\\/05\\\/Experimentiersatz-GANZE-ZAHLEN.png\",\"width\":1019,\"height\":790},{\"@type\":\"BreadcrumbList\",\"@id\":\"https:\\\/\\\/mekruphy.com\\\/de\\\/produkte\\\/mathematik\\\/experimentiersatz-ganze-zahlen\\\/#breadcrumb\",\"itemListElement\":[{\"@type\":\"ListItem\",\"position\":1,\"name\":\"Startseite\",\"item\":\"https:\\\/\\\/mekruphy.com\\\/de\\\/\"},{\"@type\":\"ListItem\",\"position\":2,\"name\":\"Produkte\",\"item\":\"https:\\\/\\\/mekruphy.com\\\/de\\\/produkte\\\/\"},{\"@type\":\"ListItem\",\"position\":3,\"name\":\"Mathematik\",\"item\":\"https:\\\/\\\/mekruphy.com\\\/de\\\/produkte\\\/mathematik\\\/\"},{\"@type\":\"ListItem\",\"position\":4,\"name\":\"Experimentiersatz GANZE ZAHLEN\"}]},{\"@type\":\"WebSite\",\"@id\":\"https:\\\/\\\/mekruphy.com\\\/de\\\/#website\",\"url\":\"https:\\\/\\\/mekruphy.com\\\/de\\\/\",\"name\":\"MEKRUPHY GmbH\",\"description\":\"Sch\u00fcler-Experimentierk\u00e4sten f\u00fcr den MINT-Unterricht\",\"potentialAction\":[{\"@type\":\"SearchAction\",\"target\":{\"@type\":\"EntryPoint\",\"urlTemplate\":\"https:\\\/\\\/mekruphy.com\\\/de\\\/?s={search_term_string}\"},\"query-input\":{\"@type\":\"PropertyValueSpecification\",\"valueRequired\":true,\"valueName\":\"search_term_string\"}}],\"inLanguage\":\"de\"}]}<\/script>\n<!-- \/ Yoast SEO plugin. -->","yoast_head_json":{"title":"Experimentiersatz GANZE ZAHLEN - MEKRUPHY GmbH","description":"Der Experimentiersatz GANZE ZAHLEN erm\u00f6glicht es den Sch\u00fcler_innen das Rechnen mit ganzen Zahlen selbst\u00e4ndig zu entdecken.","robots":{"index":"index","follow":"follow","max-snippet":"max-snippet:-1","max-image-preview":"max-image-preview:large","max-video-preview":"max-video-preview:-1"},"canonical":"https:\/\/mekruphy.com\/de\/produkte\/mathematik\/experimentiersatz-ganze-zahlen\/","og_locale":"de_DE","og_type":"article","og_title":"Experimentiersatz GANZE ZAHLEN - MEKRUPHY GmbH","og_description":"Der Experimentiersatz GANZE ZAHLEN erm\u00f6glicht es den Sch\u00fcler_innen das Rechnen mit ganzen Zahlen selbst\u00e4ndig zu entdecken.","og_url":"https:\/\/mekruphy.com\/de\/produkte\/mathematik\/experimentiersatz-ganze-zahlen\/","og_site_name":"MEKRUPHY GmbH","article_modified_time":"2026-03-31T15:09:16+00:00","og_image":[{"width":1019,"height":790,"url":"https:\/\/mekruphy.com\/de\/wp-content\/uploads\/2021\/05\/Experimentiersatz-GANZE-ZAHLEN.png","type":"image\/png"}],"twitter_card":"summary_large_image","twitter_misc":{"Gesch\u00e4tzte Lesezeit":"3\u00a0Minuten"},"schema":{"@context":"https:\/\/schema.org","@graph":[{"@type":"WebPage","@id":"https:\/\/mekruphy.com\/de\/produkte\/mathematik\/experimentiersatz-ganze-zahlen\/","url":"https:\/\/mekruphy.com\/de\/produkte\/mathematik\/experimentiersatz-ganze-zahlen\/","name":"Experimentiersatz GANZE ZAHLEN - MEKRUPHY GmbH","isPartOf":{"@id":"https:\/\/mekruphy.com\/de\/#website"},"primaryImageOfPage":{"@id":"https:\/\/mekruphy.com\/de\/produkte\/mathematik\/experimentiersatz-ganze-zahlen\/#primaryimage"},"image":{"@id":"https:\/\/mekruphy.com\/de\/produkte\/mathematik\/experimentiersatz-ganze-zahlen\/#primaryimage"},"thumbnailUrl":"https:\/\/mekruphy.com\/de\/wp-content\/uploads\/2021\/05\/Experimentiersatz-GANZE-ZAHLEN.png","datePublished":"2021-05-17T07:44:08+00:00","dateModified":"2026-03-31T15:09:16+00:00","description":"Der Experimentiersatz GANZE ZAHLEN erm\u00f6glicht es den Sch\u00fcler_innen das Rechnen mit ganzen Zahlen selbst\u00e4ndig zu entdecken.","breadcrumb":{"@id":"https:\/\/mekruphy.com\/de\/produkte\/mathematik\/experimentiersatz-ganze-zahlen\/#breadcrumb"},"inLanguage":"de","potentialAction":[{"@type":"ReadAction","target":["https:\/\/mekruphy.com\/de\/produkte\/mathematik\/experimentiersatz-ganze-zahlen\/"]}]},{"@type":"ImageObject","inLanguage":"de","@id":"https:\/\/mekruphy.com\/de\/produkte\/mathematik\/experimentiersatz-ganze-zahlen\/#primaryimage","url":"https:\/\/mekruphy.com\/de\/wp-content\/uploads\/2021\/05\/Experimentiersatz-GANZE-ZAHLEN.png","contentUrl":"https:\/\/mekruphy.com\/de\/wp-content\/uploads\/2021\/05\/Experimentiersatz-GANZE-ZAHLEN.png","width":1019,"height":790},{"@type":"BreadcrumbList","@id":"https:\/\/mekruphy.com\/de\/produkte\/mathematik\/experimentiersatz-ganze-zahlen\/#breadcrumb","itemListElement":[{"@type":"ListItem","position":1,"name":"Startseite","item":"https:\/\/mekruphy.com\/de\/"},{"@type":"ListItem","position":2,"name":"Produkte","item":"https:\/\/mekruphy.com\/de\/produkte\/"},{"@type":"ListItem","position":3,"name":"Mathematik","item":"https:\/\/mekruphy.com\/de\/produkte\/mathematik\/"},{"@type":"ListItem","position":4,"name":"Experimentiersatz GANZE ZAHLEN"}]},{"@type":"WebSite","@id":"https:\/\/mekruphy.com\/de\/#website","url":"https:\/\/mekruphy.com\/de\/","name":"MEKRUPHY GmbH","description":"Sch\u00fcler-Experimentierk\u00e4sten f\u00fcr den MINT-Unterricht","potentialAction":[{"@type":"SearchAction","target":{"@type":"EntryPoint","urlTemplate":"https:\/\/mekruphy.com\/de\/?s={search_term_string}"},"query-input":{"@type":"PropertyValueSpecification","valueRequired":true,"valueName":"search_term_string"}}],"inLanguage":"de"}]}},"coauthors":[],"author_meta":{"author_link":"https:\/\/mekruphy.com\/de\/author\/helmuth-thurnermekruphy-com\/","display_name":"Helmuth Thurner"},"relative_dates":{"created":"Ver\u00f6ffentlicht 5\u00a0Jahren vor","modified":"Aktualisiert 1\u00a0Monat vor"},"absolute_dates":{"created":"Ver\u00f6ffentlicht am 17. Mai 2021","modified":"Aktualisiert am 31. M\u00e4rz 2026"},"absolute_dates_time":{"created":"Ver\u00f6ffentlicht am 17. Mai 2021 9:44","modified":"Aktualisiert am 31. M\u00e4rz 2026 17:09"},"featured_img_caption":"","featured_img":"https:\/\/mekruphy.com\/de\/wp-content\/uploads\/2021\/05\/Experimentiersatz-GANZE-ZAHLEN.png","series_order":"","_links":{"self":[{"href":"https:\/\/mekruphy.com\/de\/wp-json\/wp\/v2\/pages\/3577","targetHints":{"allow":["GET"]}}],"collection":[{"href":"https:\/\/mekruphy.com\/de\/wp-json\/wp\/v2\/pages"}],"about":[{"href":"https:\/\/mekruphy.com\/de\/wp-json\/wp\/v2\/types\/page"}],"author":[{"embeddable":true,"href":"https:\/\/mekruphy.com\/de\/wp-json\/wp\/v2\/users\/4"}],"replies":[{"embeddable":true,"href":"https:\/\/mekruphy.com\/de\/wp-json\/wp\/v2\/comments?post=3577"}],"version-history":[{"count":18,"href":"https:\/\/mekruphy.com\/de\/wp-json\/wp\/v2\/pages\/3577\/revisions"}],"predecessor-version":[{"id":9443,"href":"https:\/\/mekruphy.com\/de\/wp-json\/wp\/v2\/pages\/3577\/revisions\/9443"}],"up":[{"embeddable":true,"href":"https:\/\/mekruphy.com\/de\/wp-json\/wp\/v2\/pages\/630"}],"wp:featuredmedia":[{"embeddable":true,"href":"https:\/\/mekruphy.com\/de\/wp-json\/wp\/v2\/media\/3581"}],"wp:attachment":[{"href":"https:\/\/mekruphy.com\/de\/wp-json\/wp\/v2\/media?parent=3577"}],"curies":[{"name":"wp","href":"https:\/\/api.w.org\/{rel}","templated":true}]}}