{"id":360,"date":"2020-07-15T11:43:37","date_gmt":"2020-07-15T09:43:37","guid":{"rendered":"https:\/\/mekruphy.com\/de\/experimentiersatz-mechanik-5-addestation-mga\/"},"modified":"2026-04-14T10:48:40","modified_gmt":"2026-04-14T08:48:40","slug":"experimentiersatz-mechanik-5-addestation-wireless","status":"publish","type":"page","link":"https:\/\/mekruphy.com\/de\/produkte\/physik\/mechanik\/experimentiersatz-mechanik-5-addestation-wireless\/","title":{"rendered":"Experimentiersatz MECHANIK 5 ADDESTATION wireless"},"content":{"rendered":"<div class=\"yoast-breadcrumbs\"><span><span><a href=\"https:\/\/mekruphy.com\/de\/\">Startseite<\/a><\/span> \u00bb <span><a href=\"https:\/\/mekruphy.com\/de\/produkte\/\">Produkte<\/a><\/span> \u00bb <span><a href=\"https:\/\/mekruphy.com\/de\/produkte\/physik\/\">Physik<\/a><\/span> \u00bb <span><a href=\"https:\/\/mekruphy.com\/de\/produkte\/physik\/mechanik\/\">Mechanik<\/a><\/span> \u00bb <span class=\"breadcrumb_last\" aria-current=\"page\">Experimentiersatz MECHANIK 5 ADDESTATION wireless<\/span><\/span><\/div>\n\n\n<div class=\"wp-block-advgb-adv-tabs advgb-tabs-wrapper advgb-tab-horz-desktop advgb-tab-vert-tablet advgb-tab-stack-mobile advgb-tabs-985c904f-60e3-4e1e-891b-ed213280b55a\" data-tab-active=\"0\"><ul class=\"advgb-tabs-panel\" role=\"tablist\"><li class=\"advgb-tab advgb-tab-active\" role=\"presentation\" style=\"background-color:#e0e0e0;border-style:solid;border-width:1px;border-radius:10px\"><button class=\"advgb-tab-button\" id=\"advgb-tab-_2ecb98-b2-0\" aria-controls=\"advgb-tab-panel-_2ecb98-b2-0\" role=\"tab\" aria-selected=\"true\" tabindex=\"0\" style=\"color:#fff;background:none;border:none;width:100%;text-align:inherit;cursor:pointer;padding:8px 16px;font:inherit\"><span>Beschreibung<\/span><\/button><\/li><li class=\"advgb-tab \" role=\"presentation\" style=\"background-color:#e0e0e0;border-style:solid;border-width:1px;border-radius:10px\"><button class=\"advgb-tab-button\" id=\"advgb-tab-_2ecb98-b2-1\" aria-controls=\"advgb-tab-panel-_2ecb98-b2-1\" role=\"tab\" aria-selected=\"false\" tabindex=\"0\" style=\"color:#fff;background:none;border:none;width:100%;text-align:inherit;cursor:pointer;padding:8px 16px;font:inherit\"><span>Lieferumfang<\/span><\/button><\/li><li class=\"advgb-tab \" role=\"presentation\" style=\"background-color:#e0e0e0;border-style:solid;border-width:1px;border-radius:10px\"><button class=\"advgb-tab-button\" id=\"advgb-tab-_2ecb98-b2-2\" aria-controls=\"advgb-tab-panel-_2ecb98-b2-2\" role=\"tab\" aria-selected=\"false\" tabindex=\"0\" style=\"color:#fff;background:none;border:none;width:100%;text-align:inherit;cursor:pointer;padding:8px 16px;font:inherit\"><span>Experimente<\/span><\/button><\/li><li class=\"advgb-tab \" role=\"presentation\" style=\"background-color:#e0e0e0;border-style:solid;border-width:1px;border-radius:10px\"><button class=\"advgb-tab-button\" id=\"advgb-tab-_2ecb98-b2-3\" aria-controls=\"advgb-tab-panel-_2ecb98-b2-3\" role=\"tab\" aria-selected=\"false\" tabindex=\"0\" style=\"color:#fff;background:none;border:none;width:100%;text-align:inherit;cursor:pointer;padding:8px 16px;font:inherit\"><span>Bilder<\/span><\/button><\/li><\/ul><div class=\"advgb-tab-body-wrapper\" style=\"border-style:solid;border-width:1px;border-radius:10px\">\n<div class=\"wp-block-advgb-tab advgb-tab-body-container\"><div class=\"advgb-tab-body-header advgb-tab-class- \" id=\"advgb-tab-panel-_2ecb98-b2-0\" role=\"tabpanel\" aria-labelledby=\"advgb-tab-_2ecb98-b2-0\" tabindex=\"0\"><span>Beschreibung<\/span><\/div><div class=\"advgb-tab-_2ecb98-b2 advgb-tab-body\" aria-labelledby=\"advgb-tab-panel-_2ecb98-b2-0\" style=\"display:none\">\n<h2 class=\"wp-block-heading\">Messwerterfassung mit <strong>MECHANIK 5 ADDESTATION<\/strong> wireless<\/h2>\n\n\n\n<h3 class=\"wp-block-heading\">Messkurven statt einzelner Messpunkte<\/h3>\n\n\n\n<p>Digitale versus h\u00e4ndischer Messwerterfassung z.B. durch den Bewegungssensor statt mit Lichtschranken erlaubt eine kontinuierliche gegen\u00fcber einer Reihe von punktuellen Messungen \u2013 die zuvor aus Einzelpunkten rekonstruierte Kurve entsteht gewisserma\u00dfen automatisch.<\/p>\n\n\n\n<p>Der Graph l\u00e4sst sich zudem ganz einfach mathematisch weiterverarbeiten, z.B. ableiten oder integrieren. Das spart, wenn die Grundlagen verstanden sind, Experimentierzeit \u2013 die Visualisierung unterst\u00fctzt dabei das Verst\u00e4ndnis.<\/p>\n\n\n\n<h3 class=\"wp-block-heading\">Verschiedene Sensoren gleichzeitig<\/h3>\n\n\n\n<p>Die M\u00f6glichkeit, verschiedene Parameter zeitgleich aufzunehmen und darzustellen, hilft, Zusammenh\u00e4nge besser zu durchschauen.<\/p>\n\n\n\n<p>Dies gilt z.B. f\u00fcr die harmonische Schwingung (Kraft, Wegauslenkung), bei der die Phasenverschiebung erkennbar wird, oder auch f\u00fcr den elastischen und unelastischen Sto\u00df, bei dem die Geschwindigkeiten der beiden Sto\u00dfpartner gleichzeitig bestimmt werden k\u00f6nnen.<\/p>\n\n\n\n<h3 class=\"wp-block-heading\" id=\"systematischer-aufbau\">Systematischer Aufbau<\/h3>\n\n\n\n<p>Das <a href=\"https:\/\/mekruphy.com\/de\/produkte\/addestation\/addestation-arbeitshefte\/\">Sch\u00fclerheft<\/a> zu MECHANIK 5 wirelesss ist so aufgebaut, dass die Sch\u00fclerinnen und Sch\u00fcler von Experiment zu Experiment immer mehr die physikalischen Inhalte, aber auch die M\u00f6glichkeiten der vielf\u00e4ltigen Software kennen und beherrschen lernen, beispielsweise<\/p>\n\n\n\n<ul class=\"wp-block-list\">\n<li>die Bestimmung von Zeit- und Wegdifferenzen<\/li>\n\n\n\n<li>die Bildung von Mittelwerten, graphisches Differenzieren, lineare Regression sowie<\/li>\n\n\n\n<li>die Erstellung von Gleichungen aus den eingegebenen Messdaten<\/li>\n<\/ul>\n\n\n\n<h3 class=\"wp-block-heading\">Enthaltene Sensoren<\/h3>\n\n\n\n<ul class=\"wp-block-list\">\n<li>Kraft-\/Beschleunigung<\/li>\n\n\n\n<li>Bewegung<\/li>\n<\/ul>\n\n\n\n<h3 class=\"wp-block-heading\">Zus\u00e4tzlich erforderlich<\/h3>\n\n\n\n<ul class=\"wp-block-list\">\n<li>Universalschiene<\/li>\n\n\n\n<li>Experimentiersatz <a href=\"https:\/\/mekruphy.com\/de\/produkte\/physik\/mechanik\/experimentiersatz-mechanik-2\/\">MECHANIK 2<\/a><\/li>\n<\/ul>\n\n\n\n<h3 class=\"wp-block-heading\">Hinweis<\/h3>\n\n\n\n<p>Die Sensoren sind auch f\u00fcr die Experimentiers\u00e4tze MECHANIK <a href=\"https:\/\/mekruphy.com\/de\/produkte\/physik\/mechanik\/experimentiersatz-mechanik-2\/\">2<\/a>, <a href=\"https:\/\/mekruphy.com\/de\/produkte\/physik\/mechanik\/experimentiersatz-mechanik-3\/\">3<\/a> und <a href=\"https:\/\/mekruphy.com\/de\/produkte\/physik\/mechanik\/experimentiersatz-mechanik-6\/\">6<\/a> einsetzbar.<\/p>\n\n\n\n<h3 class=\"wp-block-heading\" id=\"h-begleitmaterial\">Begleitmaterial<\/h3>\n\n\n\n<p>Passend zum Experimentiersatz MECHANIK 5 ist auch ein <a href=\"https:\/\/mekruphy.com\/de\/produkte\/physik\/physik-arbeitshefte\/\">Lehrerheft<\/a> mit didaktischen Anweisungen und L\u00f6sungen in analoger Form erh\u00e4ltlich.<\/p>\n<\/div><\/div>\n\n\n\n<div class=\"wp-block-advgb-tab advgb-tab-body-container\"><div class=\"advgb-tab-body-header advgb-tab-class- \" id=\"advgb-tab-panel-_2ecb98-b2-1\" role=\"tabpanel\" aria-labelledby=\"advgb-tab-_2ecb98-b2-1\" tabindex=\"0\"><span>Lieferumfang<\/span><\/div><div class=\"advgb-tab-_2ecb98-b2 advgb-tab-body\" aria-labelledby=\"advgb-tab-panel-_2ecb98-b2-1\" style=\"display:none\">\n<figure class=\"wp-block-table table-product-contents\"><table><tbody><tr><td>01.01.10<\/td><td>Aufbewahrungskasten<\/td><\/tr><tr><td>17.02.00<\/td><td>Ger\u00e4tegeformter Einsatz M5<\/td><\/tr><tr><td>17.04.00<\/td><td>Stativfu\u00df<\/td><\/tr><tr><td>17.05.00<\/td><td>Fahrbahnunterlage M5 (2 St\u00fcck)<\/td><\/tr><tr><td>03.06.00<\/td><td>Schnur 100 cm in Dose<\/td><\/tr><tr><td>17.08.50<\/td><td>Bewegungssensor wireless<\/td><\/tr><tr><td>17.09.00<\/td><td>Reflektorplatte M5<\/td><\/tr><tr><td>17.10.00<\/td><td>Prallplatte<\/td><\/tr><tr><td>01.11.00<\/td><td>Schraubenfeder 30 N\/m<\/td><\/tr><tr><td>02.11.00<\/td><td>Messwagen M2<\/td><\/tr><tr><td>03.11.00<\/td><td>Rolle mit Stiel<\/td><\/tr><tr><td>17.12.50<\/td><td>Kraft-\/Beschleunigungssensor wireless<\/td><\/tr><tr><td>17.13.00<\/td><td>Kraftsensorhalter mit Schraube<\/td><\/tr><tr><td>03.14.00<\/td><td>Pendelkugel Stahl<\/td><\/tr><tr><td>17.15.00<\/td><td>Holzkugel \u00d8 5 cm<\/td><\/tr><tr><td>03.16.00<\/td><td>Rollenhalter<\/td><\/tr><tr><td>17.17.00<\/td><td>Fallplatte<\/td><\/tr><tr><td>16.18.00<\/td><td>Stativstange \u00d8 8 mm<\/td><\/tr><tr><td>17.19.00<\/td><td>Stativklemme<\/td><\/tr><tr><td>17.20.00<\/td><td>Massest\u00fcck 10 g Kunststoff<\/td><\/tr><tr><td>02.22.00<\/td><td>Prallfeder M2<\/td><\/tr><\/tbody><\/table><\/figure>\n\n\n\n<h3 class=\"wp-block-heading\" id=\"zusatzlich-erforderlich\">Zus\u00e4tzlich erforderlich:<\/h3>\n\n\n\n<figure class=\"wp-block-table table-product-contents\"><table><tbody><tr><td>02.00.00<\/td><td><a href=\"https:\/\/mekruphy.com\/de\/produkte\/physik\/mechanik\/experimentiersatz-mechanik-2\/\">Experimentiersatz Mechanik 2<\/a> <\/td><\/tr><tr><td>00.02.10<\/td><td><a href=\"https:\/\/mekruphy.com\/de\/produkte\/physik\/physik-zubehor\/#universalschiene\">Universalschiene<\/a><\/td><\/tr><\/tbody><\/table><\/figure>\n\n\n\n<h2 class=\"wp-block-heading\"><\/h2>\n\n\n\n<p>F\u00fcr das mit * gekennzeichnete Experiment wird eine Lichtschranke (03.03.00) und ein Lichtschrankenhalter (03.21.00) aus dem Experimentiersatz <a href=\"https:\/\/mekruphy.com\/de\/produkte\/physik\/mechanik\/experimentiersatz-mechanik-3-plus\/\">MECHANIK 3 plus<\/a> ben\u00f6tigt.<\/p>\n<\/div><\/div>\n\n\n\n<div class=\"wp-block-advgb-tab advgb-tab-body-container\"><div class=\"advgb-tab-body-header advgb-tab-class- \" id=\"advgb-tab-panel-_2ecb98-b2-2\" role=\"tabpanel\" aria-labelledby=\"advgb-tab-_2ecb98-b2-2\" tabindex=\"0\"><span>Experimente<\/span><\/div><div class=\"advgb-tab-_2ecb98-b2 advgb-tab-body\" aria-labelledby=\"advgb-tab-panel-_2ecb98-b2-2\" style=\"display:none\">\n<p>M5-1:&nbsp;&nbsp; Die gleichf\u00f6rmige Bewegung<\/p>\n\n\n\n<p>M5-2:&nbsp;&nbsp; Die Bewegung an der schiefen Ebene<\/p>\n\n\n\n<p>M5-3:&nbsp;&nbsp; Der freie Fall 1 (Bewegungssensor)<\/p>\n\n\n\n<p>M5-4: \u00a0\u00a0Der freie Fall 2 (Lichtschranke)*<\/p>\n\n\n\n<p>M5-5:&nbsp;&nbsp; Kraft und Beschleunigung<\/p>\n\n\n\n<p>M5-6:&nbsp;&nbsp; Der unelastische Sto\u00df<\/p>\n\n\n\n<p>M5-7:&nbsp;&nbsp; Der elastische Sto\u00df 1<\/p>\n\n\n\n<p>M5-8:&nbsp;&nbsp; Der elastische Sto\u00df 2<\/p>\n\n\n\n<p>M5-9:&nbsp;&nbsp; Das Hookesche Gesetz<\/p>\n\n\n\n<p>M5-10: Der Auftrieb in Wasser<\/p>\n\n\n\n<p>M5-11: Die harmonische Schwingung 1<\/p>\n\n\n\n<p>M5-12: Die harmonische Schwingung 2<\/p>\n\n\n\n<p>M5-13: Die Fadenpendelschwingung<\/p>\n\n\n\n<p>M5-14: Eine nichtharmonische Schwingung<\/p>\n\n\n\n<h3 class=\"wp-block-heading\" id=\"zusatzlich-erforderlich\">Zus\u00e4tzlich erforderlich:<\/h3>\n\n\n\n<p>F\u00fcr das mit * gekennzeichnete Experiment wird eine Lichtschranke (03.03.00) und ein Lichtschrankenhalter (03.21.00) aus dem Experimentiersatz MECHANIK 3 plus ben\u00f6tigt.<\/p>\n<\/div><\/div>\n\n\n\n<div class=\"wp-block-advgb-tab advgb-tab-body-container\"><div class=\"advgb-tab-body-header advgb-tab-class-undefined header-active\" id=\"advgb-tab-panel-_2ecb98-b2-3\" role=\"tabpanel\" aria-labelledby=\"advgb-tab-_2ecb98-b2-3\" tabindex=\"0\"><span>Bilder<\/span><\/div><div class=\"advgb-tab-_2ecb98-b2 advgb-tab-body\" aria-labelledby=\"advgb-tab-panel-_2ecb98-b2-3\" style=\"display:block\">\n<p>&nbsp;<\/p>\n\n\n\n<div class=\"wp-block-essential-blocks-advanced-image  root-eb-advanced-image-tu4is\"><div class=\"eb-parent-wrapper eb-parent-eb-advanced-image-tu4is \"><figure class=\"eb-advanced-image-wrapper eb-advanced-image-tu4is no-effect\" data-id=\"eb-advanced-image-tu4is\"><div class=\"eb-image-wrapper\"><div class=\"eb-image-wrapper-inner eb-img-caption-style-1 eb-caption-horizontal-center eb-caption-vertical-bottom bottom  eb-img-style-rounded\"><img decoding=\"async\" src=\"https:\/\/mekruphy.com\/de\/wp-content\/uploads\/2026\/04\/Mechanik5_wireless_Bild13_XS.webp\" alt=\"Hookesches Gesetz\"\/><figcaption class=\"eb-image-caption-wrap\">Hookesches Gesetz<\/figcaption><\/div><\/div><\/figure><\/div><\/div>\n\n\n\n<p>&nbsp;<\/p>\n<\/div><\/div>\n<\/div><\/div>\n<style class=\"advgb-styles-renderer\">.advgb-tabs-985c904f-60e3-4e1e-891b-ed213280b55a ul.advgb-tabs-panel li.advgb-tab.advgb-tab-active {background-color:#5954d6 !important;color:#fff !important;}#advgb-tabs-985c904f-60e3-4e1e-891b-ed213280b55a .advgb-tab-body-header.header-active, .advgb-tabs-985c904f-60e3-4e1e-891b-ed213280b55a .advgb-tab-body-header.header-active{background-color:#5954d6 !important;color:#fff !important;}<\/style>","protected":false},"excerpt":{"rendered":"","protected":false},"author":3,"featured_media":8863,"parent":929,"menu_order":0,"comment_status":"closed","ping_status":"closed","template":"templates\/product.php","meta":{"_acf_changed":false,"_coblocks_attr":"","_coblocks_dimensions":"","_coblocks_responsive_height":"","_coblocks_accordion_ie_support":"","_eb_attr":"","advgb_blocks_editor_width":"","advgb_blocks_columns_visual_guide":"","footnotes":""},"class_list":["post-360","page","type-page","status-publish","has-post-thumbnail","hentry"],"acf":[],"yoast_head":"<!-- This site is optimized with the Yoast SEO plugin v27.4 - https:\/\/yoast.com\/product\/yoast-seo-wordpress\/ -->\n<title>Experimentiersatz MECHANIK 5 ADDESTATION wireless - MEKRUPHY GmbH<\/title>\n<meta name=\"description\" content=\"Noch nie waren Messwerterfassung und Datenauswertung bei Sch\u00fclerexperimenten zur Mechanik so einfach und genau wie mit MECHANIK 5.\" \/>\n<meta name=\"robots\" content=\"index, follow, max-snippet:-1, max-image-preview:large, max-video-preview:-1\" \/>\n<link rel=\"canonical\" href=\"https:\/\/mekruphy.com\/de\/produkte\/physik\/mechanik\/experimentiersatz-mechanik-5-addestation-wireless\/\" \/>\n<meta property=\"og:locale\" content=\"de_DE\" \/>\n<meta property=\"og:type\" content=\"article\" \/>\n<meta property=\"og:title\" content=\"Experimentiersatz MECHANIK 5 ADDESTATION wireless - MEKRUPHY GmbH\" \/>\n<meta property=\"og:description\" content=\"Noch nie waren Messwerterfassung und Datenauswertung bei Sch\u00fclerexperimenten zur Mechanik so einfach und genau wie mit MECHANIK 5.\" \/>\n<meta property=\"og:url\" content=\"https:\/\/mekruphy.com\/de\/produkte\/physik\/mechanik\/experimentiersatz-mechanik-5-addestation-wireless\/\" \/>\n<meta property=\"og:site_name\" content=\"MEKRUPHY GmbH\" \/>\n<meta property=\"article:modified_time\" content=\"2026-04-14T08:48:40+00:00\" \/>\n<meta property=\"og:image\" content=\"https:\/\/mekruphy.com\/de\/wp-content\/uploads\/2026\/03\/M5_wireless_1050x812_1.webp\" \/>\n\t<meta property=\"og:image:width\" content=\"1036\" \/>\n\t<meta property=\"og:image:height\" content=\"790\" \/>\n\t<meta property=\"og:image:type\" content=\"image\/webp\" \/>\n<meta name=\"twitter:card\" content=\"summary_large_image\" \/>\n<meta name=\"twitter:label1\" content=\"Gesch\u00e4tzte Lesezeit\" \/>\n\t<meta name=\"twitter:data1\" content=\"2\u00a0Minuten\" \/>\n<script type=\"application\/ld+json\" class=\"yoast-schema-graph\">{\"@context\":\"https:\\\/\\\/schema.org\",\"@graph\":[{\"@type\":\"WebPage\",\"@id\":\"https:\\\/\\\/mekruphy.com\\\/de\\\/produkte\\\/physik\\\/mechanik\\\/experimentiersatz-mechanik-5-addestation-wireless\\\/\",\"url\":\"https:\\\/\\\/mekruphy.com\\\/de\\\/produkte\\\/physik\\\/mechanik\\\/experimentiersatz-mechanik-5-addestation-wireless\\\/\",\"name\":\"Experimentiersatz MECHANIK 5 ADDESTATION wireless - MEKRUPHY GmbH\",\"isPartOf\":{\"@id\":\"https:\\\/\\\/mekruphy.com\\\/de\\\/#website\"},\"primaryImageOfPage\":{\"@id\":\"https:\\\/\\\/mekruphy.com\\\/de\\\/produkte\\\/physik\\\/mechanik\\\/experimentiersatz-mechanik-5-addestation-wireless\\\/#primaryimage\"},\"image\":{\"@id\":\"https:\\\/\\\/mekruphy.com\\\/de\\\/produkte\\\/physik\\\/mechanik\\\/experimentiersatz-mechanik-5-addestation-wireless\\\/#primaryimage\"},\"thumbnailUrl\":\"https:\\\/\\\/mekruphy.com\\\/de\\\/wp-content\\\/uploads\\\/2026\\\/03\\\/M5_wireless_1050x812_1.webp\",\"datePublished\":\"2020-07-15T09:43:37+00:00\",\"dateModified\":\"2026-04-14T08:48:40+00:00\",\"description\":\"Noch nie waren Messwerterfassung und Datenauswertung bei Sch\u00fclerexperimenten zur Mechanik so einfach und genau wie mit MECHANIK 5.\",\"breadcrumb\":{\"@id\":\"https:\\\/\\\/mekruphy.com\\\/de\\\/produkte\\\/physik\\\/mechanik\\\/experimentiersatz-mechanik-5-addestation-wireless\\\/#breadcrumb\"},\"inLanguage\":\"de\",\"potentialAction\":[{\"@type\":\"ReadAction\",\"target\":[\"https:\\\/\\\/mekruphy.com\\\/de\\\/produkte\\\/physik\\\/mechanik\\\/experimentiersatz-mechanik-5-addestation-wireless\\\/\"]}]},{\"@type\":\"ImageObject\",\"inLanguage\":\"de\",\"@id\":\"https:\\\/\\\/mekruphy.com\\\/de\\\/produkte\\\/physik\\\/mechanik\\\/experimentiersatz-mechanik-5-addestation-wireless\\\/#primaryimage\",\"url\":\"https:\\\/\\\/mekruphy.com\\\/de\\\/wp-content\\\/uploads\\\/2026\\\/03\\\/M5_wireless_1050x812_1.webp\",\"contentUrl\":\"https:\\\/\\\/mekruphy.com\\\/de\\\/wp-content\\\/uploads\\\/2026\\\/03\\\/M5_wireless_1050x812_1.webp\",\"width\":1036,\"height\":790},{\"@type\":\"BreadcrumbList\",\"@id\":\"https:\\\/\\\/mekruphy.com\\\/de\\\/produkte\\\/physik\\\/mechanik\\\/experimentiersatz-mechanik-5-addestation-wireless\\\/#breadcrumb\",\"itemListElement\":[{\"@type\":\"ListItem\",\"position\":1,\"name\":\"Startseite\",\"item\":\"https:\\\/\\\/mekruphy.com\\\/de\\\/\"},{\"@type\":\"ListItem\",\"position\":2,\"name\":\"Produkte\",\"item\":\"https:\\\/\\\/mekruphy.com\\\/de\\\/produkte\\\/\"},{\"@type\":\"ListItem\",\"position\":3,\"name\":\"Physik\",\"item\":\"https:\\\/\\\/mekruphy.com\\\/de\\\/produkte\\\/physik\\\/\"},{\"@type\":\"ListItem\",\"position\":4,\"name\":\"Mechanik\",\"item\":\"https:\\\/\\\/mekruphy.com\\\/de\\\/produkte\\\/physik\\\/mechanik\\\/\"},{\"@type\":\"ListItem\",\"position\":5,\"name\":\"Experimentiersatz MECHANIK 5 ADDESTATION wireless\"}]},{\"@type\":\"WebSite\",\"@id\":\"https:\\\/\\\/mekruphy.com\\\/de\\\/#website\",\"url\":\"https:\\\/\\\/mekruphy.com\\\/de\\\/\",\"name\":\"MEKRUPHY GmbH\",\"description\":\"Sch\u00fcler-Experimentierk\u00e4sten f\u00fcr den MINT-Unterricht\",\"potentialAction\":[{\"@type\":\"SearchAction\",\"target\":{\"@type\":\"EntryPoint\",\"urlTemplate\":\"https:\\\/\\\/mekruphy.com\\\/de\\\/?s={search_term_string}\"},\"query-input\":{\"@type\":\"PropertyValueSpecification\",\"valueRequired\":true,\"valueName\":\"search_term_string\"}}],\"inLanguage\":\"de\"}]}<\/script>\n<!-- \/ Yoast SEO plugin. -->","yoast_head_json":{"title":"Experimentiersatz MECHANIK 5 ADDESTATION wireless - MEKRUPHY GmbH","description":"Noch nie waren Messwerterfassung und Datenauswertung bei Sch\u00fclerexperimenten zur Mechanik so einfach und genau wie mit MECHANIK 5.","robots":{"index":"index","follow":"follow","max-snippet":"max-snippet:-1","max-image-preview":"max-image-preview:large","max-video-preview":"max-video-preview:-1"},"canonical":"https:\/\/mekruphy.com\/de\/produkte\/physik\/mechanik\/experimentiersatz-mechanik-5-addestation-wireless\/","og_locale":"de_DE","og_type":"article","og_title":"Experimentiersatz MECHANIK 5 ADDESTATION wireless - MEKRUPHY GmbH","og_description":"Noch nie waren Messwerterfassung und Datenauswertung bei Sch\u00fclerexperimenten zur Mechanik so einfach und genau wie mit MECHANIK 5.","og_url":"https:\/\/mekruphy.com\/de\/produkte\/physik\/mechanik\/experimentiersatz-mechanik-5-addestation-wireless\/","og_site_name":"MEKRUPHY GmbH","article_modified_time":"2026-04-14T08:48:40+00:00","og_image":[{"width":1036,"height":790,"url":"https:\/\/mekruphy.com\/de\/wp-content\/uploads\/2026\/03\/M5_wireless_1050x812_1.webp","type":"image\/webp"}],"twitter_card":"summary_large_image","twitter_misc":{"Gesch\u00e4tzte Lesezeit":"2\u00a0Minuten"},"schema":{"@context":"https:\/\/schema.org","@graph":[{"@type":"WebPage","@id":"https:\/\/mekruphy.com\/de\/produkte\/physik\/mechanik\/experimentiersatz-mechanik-5-addestation-wireless\/","url":"https:\/\/mekruphy.com\/de\/produkte\/physik\/mechanik\/experimentiersatz-mechanik-5-addestation-wireless\/","name":"Experimentiersatz MECHANIK 5 ADDESTATION wireless - MEKRUPHY GmbH","isPartOf":{"@id":"https:\/\/mekruphy.com\/de\/#website"},"primaryImageOfPage":{"@id":"https:\/\/mekruphy.com\/de\/produkte\/physik\/mechanik\/experimentiersatz-mechanik-5-addestation-wireless\/#primaryimage"},"image":{"@id":"https:\/\/mekruphy.com\/de\/produkte\/physik\/mechanik\/experimentiersatz-mechanik-5-addestation-wireless\/#primaryimage"},"thumbnailUrl":"https:\/\/mekruphy.com\/de\/wp-content\/uploads\/2026\/03\/M5_wireless_1050x812_1.webp","datePublished":"2020-07-15T09:43:37+00:00","dateModified":"2026-04-14T08:48:40+00:00","description":"Noch nie waren Messwerterfassung und Datenauswertung bei Sch\u00fclerexperimenten zur Mechanik so einfach und genau wie mit MECHANIK 5.","breadcrumb":{"@id":"https:\/\/mekruphy.com\/de\/produkte\/physik\/mechanik\/experimentiersatz-mechanik-5-addestation-wireless\/#breadcrumb"},"inLanguage":"de","potentialAction":[{"@type":"ReadAction","target":["https:\/\/mekruphy.com\/de\/produkte\/physik\/mechanik\/experimentiersatz-mechanik-5-addestation-wireless\/"]}]},{"@type":"ImageObject","inLanguage":"de","@id":"https:\/\/mekruphy.com\/de\/produkte\/physik\/mechanik\/experimentiersatz-mechanik-5-addestation-wireless\/#primaryimage","url":"https:\/\/mekruphy.com\/de\/wp-content\/uploads\/2026\/03\/M5_wireless_1050x812_1.webp","contentUrl":"https:\/\/mekruphy.com\/de\/wp-content\/uploads\/2026\/03\/M5_wireless_1050x812_1.webp","width":1036,"height":790},{"@type":"BreadcrumbList","@id":"https:\/\/mekruphy.com\/de\/produkte\/physik\/mechanik\/experimentiersatz-mechanik-5-addestation-wireless\/#breadcrumb","itemListElement":[{"@type":"ListItem","position":1,"name":"Startseite","item":"https:\/\/mekruphy.com\/de\/"},{"@type":"ListItem","position":2,"name":"Produkte","item":"https:\/\/mekruphy.com\/de\/produkte\/"},{"@type":"ListItem","position":3,"name":"Physik","item":"https:\/\/mekruphy.com\/de\/produkte\/physik\/"},{"@type":"ListItem","position":4,"name":"Mechanik","item":"https:\/\/mekruphy.com\/de\/produkte\/physik\/mechanik\/"},{"@type":"ListItem","position":5,"name":"Experimentiersatz MECHANIK 5 ADDESTATION wireless"}]},{"@type":"WebSite","@id":"https:\/\/mekruphy.com\/de\/#website","url":"https:\/\/mekruphy.com\/de\/","name":"MEKRUPHY GmbH","description":"Sch\u00fcler-Experimentierk\u00e4sten f\u00fcr den MINT-Unterricht","potentialAction":[{"@type":"SearchAction","target":{"@type":"EntryPoint","urlTemplate":"https:\/\/mekruphy.com\/de\/?s={search_term_string}"},"query-input":{"@type":"PropertyValueSpecification","valueRequired":true,"valueName":"search_term_string"}}],"inLanguage":"de"}]}},"coauthors":[],"author_meta":{"author_link":"https:\/\/mekruphy.com\/de\/author\/steps-sync\/","display_name":"Steps Sync"},"relative_dates":{"created":"Ver\u00f6ffentlicht 6\u00a0Jahren vor","modified":"Aktualisiert 5\u00a0Tagen vor"},"absolute_dates":{"created":"Ver\u00f6ffentlicht am 15. Juli 2020","modified":"Aktualisiert am 14. April 2026"},"absolute_dates_time":{"created":"Ver\u00f6ffentlicht am 15. Juli 2020 11:43","modified":"Aktualisiert am 14. April 2026 10:48"},"featured_img_caption":"","featured_img":"https:\/\/mekruphy.com\/de\/wp-content\/uploads\/2026\/03\/M5_wireless_1050x812_1.webp","series_order":"","_links":{"self":[{"href":"https:\/\/mekruphy.com\/de\/wp-json\/wp\/v2\/pages\/360","targetHints":{"allow":["GET"]}}],"collection":[{"href":"https:\/\/mekruphy.com\/de\/wp-json\/wp\/v2\/pages"}],"about":[{"href":"https:\/\/mekruphy.com\/de\/wp-json\/wp\/v2\/types\/page"}],"author":[{"embeddable":true,"href":"https:\/\/mekruphy.com\/de\/wp-json\/wp\/v2\/users\/3"}],"replies":[{"embeddable":true,"href":"https:\/\/mekruphy.com\/de\/wp-json\/wp\/v2\/comments?post=360"}],"version-history":[{"count":45,"href":"https:\/\/mekruphy.com\/de\/wp-json\/wp\/v2\/pages\/360\/revisions"}],"predecessor-version":[{"id":9851,"href":"https:\/\/mekruphy.com\/de\/wp-json\/wp\/v2\/pages\/360\/revisions\/9851"}],"up":[{"embeddable":true,"href":"https:\/\/mekruphy.com\/de\/wp-json\/wp\/v2\/pages\/929"}],"wp:featuredmedia":[{"embeddable":true,"href":"https:\/\/mekruphy.com\/de\/wp-json\/wp\/v2\/media\/8863"}],"wp:attachment":[{"href":"https:\/\/mekruphy.com\/de\/wp-json\/wp\/v2\/media?parent=360"}],"curies":[{"name":"wp","href":"https:\/\/api.w.org\/{rel}","templated":true}]}}