{"id":364,"date":"2020-07-15T11:43:52","date_gmt":"2020-07-15T09:43:52","guid":{"rendered":"https:\/\/mekruphy.com\/de\/experimentiersatz-mechanik-6\/"},"modified":"2026-03-31T16:55:26","modified_gmt":"2026-03-31T14:55:26","slug":"experimentiersatz-mechanik-6","status":"publish","type":"page","link":"https:\/\/mekruphy.com\/de\/produkte\/physik\/mechanik\/experimentiersatz-mechanik-6\/","title":{"rendered":"Experimentiersatz MECHANIK 6"},"content":{"rendered":"<div class=\"yoast-breadcrumbs breadcrumbs-indented\"><span><span><a href=\"https:\/\/mekruphy.com\/de\/\">Startseite<\/a><\/span> \u00bb <span><a href=\"https:\/\/mekruphy.com\/de\/produkte\/\">Produkte<\/a><\/span> \u00bb <span><a href=\"https:\/\/mekruphy.com\/de\/produkte\/physik\/\">Physik<\/a><\/span> \u00bb <span><a href=\"https:\/\/mekruphy.com\/de\/produkte\/physik\/mechanik\/\">Mechanik<\/a><\/span> \u00bb <span class=\"breadcrumb_last\" aria-current=\"page\">Experimentiersatz MECHANIK 6<\/span><\/span><\/div>\n\n\n<div class=\"wp-block-advgb-adv-tabs advgb-tabs-wrapper advgb-tab-horz-desktop advgb-tab-vert-tablet advgb-tab-stack-mobile advgb-tabs-71bc6400-2e26-42d9-aa97-e93875343d83\" data-tab-active=\"0\"><ul class=\"advgb-tabs-panel\" role=\"tablist\"><li class=\"advgb-tab advgb-tab-active\" role=\"presentation\" style=\"background-color:#e0e0e0;border-style:solid;border-width:1px;border-radius:10px\"><button class=\"advgb-tab-button\" id=\"advgb-tab-_bc6400-2e-0\" aria-controls=\"advgb-tab-panel-_bc6400-2e-0\" role=\"tab\" aria-selected=\"true\" tabindex=\"0\" style=\"color:#fff;background:none;border:none;width:100%;text-align:inherit;cursor:pointer;padding:8px 16px;font:inherit\"><span>Beschreibung<\/span><\/button><\/li><li class=\"advgb-tab \" role=\"presentation\" style=\"background-color:#e0e0e0;border-style:solid;border-width:1px;border-radius:10px\"><button class=\"advgb-tab-button\" id=\"advgb-tab-_bc6400-2e-1\" aria-controls=\"advgb-tab-panel-_bc6400-2e-1\" role=\"tab\" aria-selected=\"false\" tabindex=\"0\" style=\"color:#fff;background:none;border:none;width:100%;text-align:inherit;cursor:pointer;padding:8px 16px;font:inherit\"><span>Lieferumfang<\/span><\/button><\/li><li class=\"advgb-tab \" role=\"presentation\" style=\"background-color:#e0e0e0;border-style:solid;border-width:1px;border-radius:10px\"><button class=\"advgb-tab-button\" id=\"advgb-tab-_bc6400-2e-2\" aria-controls=\"advgb-tab-panel-_bc6400-2e-2\" role=\"tab\" aria-selected=\"false\" tabindex=\"0\" style=\"color:#fff;background:none;border:none;width:100%;text-align:inherit;cursor:pointer;padding:8px 16px;font:inherit\"><span>Experimente<\/span><\/button><\/li><li class=\"advgb-tab \" role=\"presentation\" style=\"background-color:#e0e0e0;border-style:solid;border-width:1px;border-radius:10px\"><button class=\"advgb-tab-button\" id=\"advgb-tab-_bc6400-2e-3\" aria-controls=\"advgb-tab-panel-_bc6400-2e-3\" role=\"tab\" aria-selected=\"false\" tabindex=\"0\" style=\"color:#fff;background:none;border:none;width:100%;text-align:inherit;cursor:pointer;padding:8px 16px;font:inherit\"><span>Bilder<\/span><\/button><\/li><\/ul><div class=\"advgb-tab-body-wrapper\" style=\"border-style:solid;border-width:1px;border-radius:10px\">\n<div class=\"wp-block-advgb-tab advgb-tab-body-container\"><div class=\"advgb-tab-body-header advgb-tab-class- header-active\" id=\"advgb-tab-panel-_bf82dc-18-0\" role=\"tabpanel\" aria-labelledby=\"advgb-tab-_bf82dc-18-0\" tabindex=\"0\"><span>Beschreibung<\/span><\/div><div class=\"advgb-tab-_bf82dc-18 advgb-tab-body\" aria-labelledby=\"advgb-tab-panel-_bf82dc-18-0\" style=\"display:block\">\n<h2 class=\"wp-block-heading\">Schwingungen und Wellen<\/h2>\n\n\n\n<p>Hinreichende Kenntnisse \u00fcber mechanische Schwingungen und Wellen sind die notwendige Voraussetzung f\u00fcr das Verst\u00e4ndnis der modernen Physik. Daher ist der Experimentiersatz MECHANIK 6 ausschlie\u00dflich diesen Themen gewidmet. Das MEKRUPHY-System vermittelt ein umfassendes Experimentierprogramm zu diesem wichtigen Themengebiet \u2013 zusammen mit<\/p>\n\n\n\n<ul class=\"wp-block-list\"><li>den vier grundlegenden Experimenten zur harmonischen Schwingung, die mit dem Experimentierkasten <a href=\"https:\/\/mekruphy.com\/de\/produkte\/physik\/mechanik\/experimentiersatz-mechanik-5-addestation-mga\/\">MECHANIK 5<\/a>\u00a0durchgef\u00fchrt werden k\u00f6nnen<\/li><li>dem Experimentiersatz <a href=\"https:\/\/mekruphy.com\/de\/produkte\/physik\/akustik\/experimentiersatz-wellen\/\">WELLEN<\/a>, der alle Wellenph\u00e4nomene an Ultraschallwellen erarbeitet<\/li><li>und dem Beugungsexperiment am Gitter mit dem Experimentiersatz <a href=\"https:\/\/mekruphy.com\/de\/produkte\/physik\/optik\/experimentiersatz-optik-3-plus\/\">OPTIK 3 <em>plus<\/em><\/a><\/li><\/ul>\n\n\n\n<p><\/p>\n\n\n\n<h3 class=\"wp-block-heading\" id=\"h-begleitmaterialien\">Begleitmaterialien<\/h3>\n\n\n\n<p>Passend zum Experimentiersatz MECHANIK 6 sind auch ein <a href=\"https:\/\/mekruphy.com\/de\/produkte\/physik\/physik-arbeitshefte\/\">Sch\u00fclerheft<\/a> und ein <a href=\"https:\/\/mekruphy.com\/de\/produkte\/physik\/physik-arbeitshefte\/\">Lehrerheft<\/a> mit didaktischen Anweisungen und L\u00f6sungen in analoger Form erh\u00e4ltlich. Das Sch\u00fclerheft ist auch in digitaler Form erwerbbar.<\/p>\n<\/div><\/div>\n\n\n\n<div class=\"wp-block-advgb-tab advgb-tab-body-container\"><div class=\"advgb-tab-body-header advgb-tab-class- \" id=\"advgb-tab-panel-_bf82dc-18-1\" role=\"tabpanel\" aria-labelledby=\"advgb-tab-_bf82dc-18-1\" tabindex=\"0\"><span>Lieferumfang<\/span><\/div><div class=\"advgb-tab-_bf82dc-18 advgb-tab-body\" aria-labelledby=\"advgb-tab-panel-_bf82dc-18-1\" style=\"display:none\">\n<figure class=\"wp-block-table table-product-contents\"><table><tbody><tr><td>01.01.10<\/td><td>Aufbewahrungskasten<\/td><\/tr><tr><td>54.02.00<\/td><td>Ger\u00e4tegeformter Einsatz M6<\/td><\/tr><tr><td>02.03.00<\/td><td>Rolle mit Haken<\/td><\/tr><tr><td>54.04.00<\/td><td>Messwagen M6<\/td><\/tr><tr><td>54.05.00<\/td><td>Kontaktbr\u00fccke<\/td><\/tr><tr><td>02.06.00<\/td><td>Vierkantmuffe M2 (2 St\u00fcck)<\/td><\/tr><tr><td>03.06.00<\/td><td>Schnur 100 cm in Dose<\/td><\/tr><tr><td>54.06.00<\/td><td>Baustein Gl\u00fchlampe M6<\/td><\/tr><tr><td>02.07.00<\/td><td>Schnur 50 cm in Dose<\/td><\/tr><tr><td>54.08.00<\/td><td>2 Schn\u00fcre 10 cm in Dose<\/td><\/tr><tr><td>03.09.00<\/td><td>Schraubenfeder 3 N\/m (2 St\u00fcck)<\/td><\/tr><tr><td>35.09.00<\/td><td>Hakenring (2 St\u00fcck)<\/td><\/tr><tr><td>03.10.00<\/td><td>Schraubenfeder 10 N\/m in Beh\u00e4lter<\/td><\/tr><tr><td>03.11.00<\/td><td>Rolle mit Stiel (2 St\u00fcck)<\/td><\/tr><tr><td>11.11.00<\/td><td>Stoppuhr<\/td><\/tr><tr><td>03.12.00<\/td><td>Stift mit Haken 7 cm<\/td><\/tr><tr><td>11.13.00<\/td><td>Stift mit M5-Gewinde lang<\/td><\/tr><tr><td>54.14.00<\/td><td>Massest\u00fcckhalter M6<\/td><\/tr><tr><td>54.15.00<\/td><td>Motor mit Halterung und Exzenter<\/td><\/tr><tr><td>03.16.00<\/td><td>Rollenhalter (2 St\u00fcck)<\/td><\/tr><tr><td>54.17.00<\/td><td>Stift mit \u00d6se<\/td><\/tr><tr><td>01.18.00<\/td><td>Stativstange 29 cm (2 St\u00fcck)<\/td><\/tr><tr><td>01.19.00<\/td><td>Ma\u00dfband 2 m<\/td><\/tr><tr><td>02.20.00<\/td><td>Massest\u00fcck 50 g mit Schlitz (4 St\u00fcck)<\/td><\/tr><tr><td>08.20.00<\/td><td>Experimentierkabel 34 cm blau (5 St\u00fcck)<\/td><\/tr><tr><td>02.21.00<\/td><td>Massest\u00fcck 10 g mit Schlitz (4 St\u00fcck)<\/td><\/tr><tr><td>54.22.00<\/td><td>Massest\u00fcck 70 g mit Schlitz<\/td><\/tr><tr><td>02.23.00<\/td><td>Reiter mit Schraube (2 St\u00fcck)<\/td><\/tr><tr><td>54.24.00<\/td><td>Massest\u00fcckhalter kurz (2 St\u00fcck)<\/td><\/tr><tr><td>54.25.00<\/td><td>Acrylglasrohr mit Skala M6<\/td><\/tr><tr><td>54.26.00<\/td><td>Schraubendreher M6<\/td><\/tr><tr><td>54.27.00<\/td><td>Exzenter mit Nut<\/td><\/tr><tr><td>54.28.00<\/td><td>Kurbel<\/td><\/tr><tr><td>54.29.00<\/td><td>Gummischnur M6<\/td><\/tr><tr><td>54.30.00<\/td><td>Polarisationsblende<\/td><\/tr><tr><td>54.31.00<\/td><td>Spule mit Halterung<\/td><\/tr><tr><td>54.32.00<\/td><td>Pendelk\u00f6rper<\/td><\/tr><\/tbody><\/table><\/figure>\n\n\n\n<h3 class=\"wp-block-heading\" id=\"zusatzlich-erforderlich\">Zus\u00e4tzlich erforderlich:<\/h3>\n\n\n\n<figure class=\"wp-block-table table-product-contents\"><table><tbody><tr><td>00.02.10<\/td><td><a href=\"https:\/\/mekruphy.com\/de\/produkte\/physik\/physik-zubehor\/#universalschiene\">Universalschiene<\/a><\/td><\/tr><tr><td>00.05.10<\/td><td><a href=\"https:\/\/mekruphy.com\/de\/produkte\/physik\/physik-spannungsversorgung\/\">Kleinspannungsnetzger\u00e4t MKS 2.4<\/a> &nbsp; oder &nbsp; 00.05.20&nbsp; <a href=\"https:\/\/mekruphy.com\/de\/produkte\/physik\/physik-spannungsversorgung\/\">Kleinspannungsnetzger\u00e4t MKS 3.1<\/a><\/td><\/tr><\/tbody><\/table><\/figure>\n\n\n\n<p><\/p>\n<\/div><\/div>\n\n\n\n<div class=\"wp-block-advgb-tab advgb-tab-body-container\"><div class=\"advgb-tab-body-header advgb-tab-class- \" id=\"advgb-tab-panel-_bf82dc-18-2\" role=\"tabpanel\" aria-labelledby=\"advgb-tab-_bf82dc-18-2\" tabindex=\"0\"><span>Experimente<\/span><\/div><div class=\"advgb-tab-_bf82dc-18 advgb-tab-body\" aria-labelledby=\"advgb-tab-panel-_bf82dc-18-2\" style=\"display:none\">\n<p><\/p>\n\n\n\n<figure class=\"wp-block-table table-product-experiments\"><table><tbody><tr><td>M6-1<\/td><td>Schwingungsdauer und Auslenkung 1<\/td><\/tr><tr><td>M6-2<\/td><td>Schwingungsdauer und Auslenkung 2<\/td><\/tr><tr><td>M6-3<\/td><td>Schwingungsdauer und Masse 1<\/td><\/tr><tr><td>M6-4<\/td><td>Schwingungsdauer und Masse 2<\/td><\/tr><tr><td>M6-5<\/td><td>Schwingungsdauer und Federh\u00e4rte<\/td><\/tr><tr><td>M6-6<\/td><td>Schwingungsdauer und Pendell\u00e4nge<\/td><\/tr><tr><td>M6-7<\/td><td>D\u00e4mpfung und Frequenz<\/td><\/tr><tr><td>M6-8<\/td><td>D\u00e4mpfung und Amplitude<\/td><\/tr><tr><td>M6-9<\/td><td>Unged\u00e4mpfte Schwingungen<\/td><\/tr><tr><td>M6-10<\/td><td>Erzwungene Schwingungen<\/td><\/tr><tr><td>M6-11<\/td><td>\u00dcberlagerung von Schwingungen 1<\/td><\/tr><tr><td>M6-12<\/td><td>\u00dcberlagerung von Schwingungen 2<\/td><\/tr><tr><td>M6-13<\/td><td>Gekoppelte Fadenpendel<\/td><\/tr><tr><td>M6-14<\/td><td>Stehende Querwellen<\/td><\/tr><tr><td>M6-15<\/td><td>Stehende L\u00e4ngswellen<\/td><\/tr><tr><td>M6-16<\/td><td>Polarisation<\/td><\/tr><\/tbody><\/table><\/figure>\n<\/div><\/div>\n\n\n\n<div class=\"wp-block-advgb-tab advgb-tab-body-container\"><div class=\"advgb-tab-body-header advgb-tab-class-undefined \" id=\"advgb-tab-panel-_bf82dc-18-3\" role=\"tabpanel\" aria-labelledby=\"advgb-tab-_bf82dc-18-3\" tabindex=\"0\"><span>Bilder<\/span><\/div><div class=\"advgb-tab-_bf82dc-18 advgb-tab-body\" aria-labelledby=\"advgb-tab-panel-_bf82dc-18-3\" style=\"display:none\"><div class=\"wp-block-image\">\n<figure class=\"aligncenter size-large is-resized\"><img loading=\"lazy\" decoding=\"async\" width=\"395\" height=\"602\" src=\"https:\/\/mekruphy.com\/de\/wp-content\/uploads\/2021\/02\/M6_1.png\" alt=\"Mechanik 6 Stehende Querwelle\" class=\"wp-image-2926\" style=\"width:510px;height:776px\" srcset=\"https:\/\/mekruphy.com\/de\/wp-content\/uploads\/2021\/02\/M6_1.png 395w, https:\/\/mekruphy.com\/de\/wp-content\/uploads\/2021\/02\/M6_1-197x300.png 197w\" sizes=\"auto, (max-width: 395px) 100vw, 395px\" \/><\/figure>\n<\/div>\n\n\n<p>&nbsp;<\/p>\n\n\n<div class=\"wp-block-image\">\n<figure class=\"aligncenter size-large is-resized\"><img loading=\"lazy\" decoding=\"async\" width=\"385\" height=\"385\" src=\"https:\/\/mekruphy.com\/de\/wp-content\/uploads\/2021\/02\/M6_2.png\" alt=\"Mechanik 6 Unged\u00e4mpfte Schwingung\" class=\"wp-image-2927\" style=\"width:511px;height:511px\" srcset=\"https:\/\/mekruphy.com\/de\/wp-content\/uploads\/2021\/02\/M6_2.png 385w, https:\/\/mekruphy.com\/de\/wp-content\/uploads\/2021\/02\/M6_2-300x300.png 300w, https:\/\/mekruphy.com\/de\/wp-content\/uploads\/2021\/02\/M6_2-150x150.png 150w\" sizes=\"auto, (max-width: 385px) 100vw, 385px\" \/><\/figure>\n<\/div>\n\n\n<p>&nbsp;<\/p>\n\n\n<div class=\"wp-block-image\">\n<figure class=\"aligncenter size-large\"><img loading=\"lazy\" decoding=\"async\" width=\"924\" height=\"556\" src=\"https:\/\/mekruphy.com\/de\/wp-content\/uploads\/2021\/02\/M6_3.jpg\" alt=\"Mechanik 6 Gekoppelte Fadenpendel\" class=\"wp-image-2928\" srcset=\"https:\/\/mekruphy.com\/de\/wp-content\/uploads\/2021\/02\/M6_3.jpg 924w, https:\/\/mekruphy.com\/de\/wp-content\/uploads\/2021\/02\/M6_3-300x181.jpg 300w, https:\/\/mekruphy.com\/de\/wp-content\/uploads\/2021\/02\/M6_3-768x462.jpg 768w\" sizes=\"auto, (max-width: 924px) 100vw, 924px\" \/><\/figure>\n<\/div>\n\n\n<p>&nbsp;<\/p>\n\n\n<div class=\"wp-block-image\">\n<figure class=\"aligncenter size-large is-resized\"><img loading=\"lazy\" decoding=\"async\" width=\"1024\" height=\"389\" src=\"https:\/\/mekruphy.com\/de\/wp-content\/uploads\/2021\/02\/M6_4-1024x389.png\" alt=\"Mechanik Stehende L\u00e4ngswelle\" class=\"wp-image-2931\" style=\"width:922px;height:348px\" srcset=\"https:\/\/mekruphy.com\/de\/wp-content\/uploads\/2021\/02\/M6_4-1024x389.png 1024w, https:\/\/mekruphy.com\/de\/wp-content\/uploads\/2021\/02\/M6_4-300x114.png 300w, https:\/\/mekruphy.com\/de\/wp-content\/uploads\/2021\/02\/M6_4-768x291.png 768w, https:\/\/mekruphy.com\/de\/wp-content\/uploads\/2021\/02\/M6_4.png 1120w\" sizes=\"auto, (max-width: 1024px) 100vw, 1024px\" \/><\/figure>\n<\/div><\/div><\/div>\n<\/div><\/div>\n<style class=\"advgb-styles-renderer\">.advgb-tabs-71bc6400-2e26-42d9-aa97-e93875343d83 ul.advgb-tabs-panel li.advgb-tab.advgb-tab-active {background-color:#5954d6 !important;color:#fff !important;}#advgb-tabs-71bc6400-2e26-42d9-aa97-e93875343d83 .advgb-tab-body-header.header-active, .advgb-tabs-71bc6400-2e26-42d9-aa97-e93875343d83 .advgb-tab-body-header.header-active{background-color:#5954d6 !important;color:#fff !important;}<\/style>","protected":false},"excerpt":{"rendered":"","protected":false},"author":3,"featured_media":1788,"parent":929,"menu_order":0,"comment_status":"closed","ping_status":"closed","template":"templates\/product.php","meta":{"_acf_changed":false,"_coblocks_attr":"","_coblocks_dimensions":"","_coblocks_responsive_height":"","_coblocks_accordion_ie_support":"","_eb_attr":"","advgb_blocks_editor_width":"","advgb_blocks_columns_visual_guide":"","footnotes":""},"class_list":["post-364","page","type-page","status-publish","has-post-thumbnail","hentry"],"acf":[],"yoast_head":"<!-- This site is optimized with the Yoast SEO plugin v27.3 - https:\/\/yoast.com\/product\/yoast-seo-wordpress\/ -->\n<title>Experimentiersatz MECHANIK 6 - MEKRUPHY GmbH<\/title>\n<meta name=\"description\" content=\"Sch\u00fclerexperimente zu mechanischen Schwingungen und Wellen stehen beim MEKRUPHY Experimentiersatz MECHANIK 6 im Mittelpunkt.\" \/>\n<meta name=\"robots\" content=\"index, follow, max-snippet:-1, max-image-preview:large, max-video-preview:-1\" \/>\n<link rel=\"canonical\" href=\"https:\/\/mekruphy.com\/de\/produkte\/physik\/mechanik\/experimentiersatz-mechanik-6\/\" \/>\n<meta property=\"og:locale\" content=\"de_DE\" \/>\n<meta property=\"og:type\" content=\"article\" \/>\n<meta property=\"og:title\" content=\"Experimentiersatz MECHANIK 6 - MEKRUPHY GmbH\" \/>\n<meta property=\"og:description\" content=\"Sch\u00fclerexperimente zu mechanischen Schwingungen und Wellen stehen beim MEKRUPHY Experimentiersatz MECHANIK 6 im Mittelpunkt.\" \/>\n<meta property=\"og:url\" content=\"https:\/\/mekruphy.com\/de\/produkte\/physik\/mechanik\/experimentiersatz-mechanik-6\/\" \/>\n<meta property=\"og:site_name\" content=\"MEKRUPHY GmbH\" \/>\n<meta property=\"article:modified_time\" content=\"2026-03-31T14:55:26+00:00\" \/>\n<meta property=\"og:image\" content=\"https:\/\/mekruphy.com\/de\/wp-content\/uploads\/2020\/07\/Kasten-Physik-MECHANIK-6.jpg\" \/>\n\t<meta property=\"og:image:width\" content=\"1800\" \/>\n\t<meta property=\"og:image:height\" content=\"1394\" \/>\n\t<meta property=\"og:image:type\" content=\"image\/jpeg\" \/>\n<meta name=\"twitter:card\" content=\"summary_large_image\" \/>\n<meta name=\"twitter:label1\" content=\"Gesch\u00e4tzte Lesezeit\" \/>\n\t<meta name=\"twitter:data1\" content=\"5\u00a0Minuten\" \/>\n<script type=\"application\/ld+json\" class=\"yoast-schema-graph\">{\"@context\":\"https:\\\/\\\/schema.org\",\"@graph\":[{\"@type\":\"WebPage\",\"@id\":\"https:\\\/\\\/mekruphy.com\\\/de\\\/produkte\\\/physik\\\/mechanik\\\/experimentiersatz-mechanik-6\\\/\",\"url\":\"https:\\\/\\\/mekruphy.com\\\/de\\\/produkte\\\/physik\\\/mechanik\\\/experimentiersatz-mechanik-6\\\/\",\"name\":\"Experimentiersatz MECHANIK 6 - MEKRUPHY GmbH\",\"isPartOf\":{\"@id\":\"https:\\\/\\\/mekruphy.com\\\/de\\\/#website\"},\"primaryImageOfPage\":{\"@id\":\"https:\\\/\\\/mekruphy.com\\\/de\\\/produkte\\\/physik\\\/mechanik\\\/experimentiersatz-mechanik-6\\\/#primaryimage\"},\"image\":{\"@id\":\"https:\\\/\\\/mekruphy.com\\\/de\\\/produkte\\\/physik\\\/mechanik\\\/experimentiersatz-mechanik-6\\\/#primaryimage\"},\"thumbnailUrl\":\"https:\\\/\\\/mekruphy.com\\\/de\\\/wp-content\\\/uploads\\\/2020\\\/07\\\/Kasten-Physik-MECHANIK-6.jpg\",\"datePublished\":\"2020-07-15T09:43:52+00:00\",\"dateModified\":\"2026-03-31T14:55:26+00:00\",\"description\":\"Sch\u00fclerexperimente zu mechanischen Schwingungen und Wellen stehen beim MEKRUPHY Experimentiersatz MECHANIK 6 im Mittelpunkt.\",\"breadcrumb\":{\"@id\":\"https:\\\/\\\/mekruphy.com\\\/de\\\/produkte\\\/physik\\\/mechanik\\\/experimentiersatz-mechanik-6\\\/#breadcrumb\"},\"inLanguage\":\"de\",\"potentialAction\":[{\"@type\":\"ReadAction\",\"target\":[\"https:\\\/\\\/mekruphy.com\\\/de\\\/produkte\\\/physik\\\/mechanik\\\/experimentiersatz-mechanik-6\\\/\"]}]},{\"@type\":\"ImageObject\",\"inLanguage\":\"de\",\"@id\":\"https:\\\/\\\/mekruphy.com\\\/de\\\/produkte\\\/physik\\\/mechanik\\\/experimentiersatz-mechanik-6\\\/#primaryimage\",\"url\":\"https:\\\/\\\/mekruphy.com\\\/de\\\/wp-content\\\/uploads\\\/2020\\\/07\\\/Kasten-Physik-MECHANIK-6.jpg\",\"contentUrl\":\"https:\\\/\\\/mekruphy.com\\\/de\\\/wp-content\\\/uploads\\\/2020\\\/07\\\/Kasten-Physik-MECHANIK-6.jpg\",\"width\":1800,\"height\":1394},{\"@type\":\"BreadcrumbList\",\"@id\":\"https:\\\/\\\/mekruphy.com\\\/de\\\/produkte\\\/physik\\\/mechanik\\\/experimentiersatz-mechanik-6\\\/#breadcrumb\",\"itemListElement\":[{\"@type\":\"ListItem\",\"position\":1,\"name\":\"Startseite\",\"item\":\"https:\\\/\\\/mekruphy.com\\\/de\\\/\"},{\"@type\":\"ListItem\",\"position\":2,\"name\":\"Produkte\",\"item\":\"https:\\\/\\\/mekruphy.com\\\/de\\\/produkte\\\/\"},{\"@type\":\"ListItem\",\"position\":3,\"name\":\"Physik\",\"item\":\"https:\\\/\\\/mekruphy.com\\\/de\\\/produkte\\\/physik\\\/\"},{\"@type\":\"ListItem\",\"position\":4,\"name\":\"Mechanik\",\"item\":\"https:\\\/\\\/mekruphy.com\\\/de\\\/produkte\\\/physik\\\/mechanik\\\/\"},{\"@type\":\"ListItem\",\"position\":5,\"name\":\"Experimentiersatz MECHANIK 6\"}]},{\"@type\":\"WebSite\",\"@id\":\"https:\\\/\\\/mekruphy.com\\\/de\\\/#website\",\"url\":\"https:\\\/\\\/mekruphy.com\\\/de\\\/\",\"name\":\"MEKRUPHY GmbH\",\"description\":\"Sch\u00fcler-Experimentierk\u00e4sten f\u00fcr den MINT-Unterricht\",\"potentialAction\":[{\"@type\":\"SearchAction\",\"target\":{\"@type\":\"EntryPoint\",\"urlTemplate\":\"https:\\\/\\\/mekruphy.com\\\/de\\\/?s={search_term_string}\"},\"query-input\":{\"@type\":\"PropertyValueSpecification\",\"valueRequired\":true,\"valueName\":\"search_term_string\"}}],\"inLanguage\":\"de\"}]}<\/script>\n<!-- \/ Yoast SEO plugin. -->","yoast_head_json":{"title":"Experimentiersatz MECHANIK 6 - MEKRUPHY GmbH","description":"Sch\u00fclerexperimente zu mechanischen Schwingungen und Wellen stehen beim MEKRUPHY Experimentiersatz MECHANIK 6 im Mittelpunkt.","robots":{"index":"index","follow":"follow","max-snippet":"max-snippet:-1","max-image-preview":"max-image-preview:large","max-video-preview":"max-video-preview:-1"},"canonical":"https:\/\/mekruphy.com\/de\/produkte\/physik\/mechanik\/experimentiersatz-mechanik-6\/","og_locale":"de_DE","og_type":"article","og_title":"Experimentiersatz MECHANIK 6 - MEKRUPHY GmbH","og_description":"Sch\u00fclerexperimente zu mechanischen Schwingungen und Wellen stehen beim MEKRUPHY Experimentiersatz MECHANIK 6 im Mittelpunkt.","og_url":"https:\/\/mekruphy.com\/de\/produkte\/physik\/mechanik\/experimentiersatz-mechanik-6\/","og_site_name":"MEKRUPHY GmbH","article_modified_time":"2026-03-31T14:55:26+00:00","og_image":[{"width":1800,"height":1394,"url":"https:\/\/mekruphy.com\/de\/wp-content\/uploads\/2020\/07\/Kasten-Physik-MECHANIK-6.jpg","type":"image\/jpeg"}],"twitter_card":"summary_large_image","twitter_misc":{"Gesch\u00e4tzte Lesezeit":"5\u00a0Minuten"},"schema":{"@context":"https:\/\/schema.org","@graph":[{"@type":"WebPage","@id":"https:\/\/mekruphy.com\/de\/produkte\/physik\/mechanik\/experimentiersatz-mechanik-6\/","url":"https:\/\/mekruphy.com\/de\/produkte\/physik\/mechanik\/experimentiersatz-mechanik-6\/","name":"Experimentiersatz MECHANIK 6 - MEKRUPHY GmbH","isPartOf":{"@id":"https:\/\/mekruphy.com\/de\/#website"},"primaryImageOfPage":{"@id":"https:\/\/mekruphy.com\/de\/produkte\/physik\/mechanik\/experimentiersatz-mechanik-6\/#primaryimage"},"image":{"@id":"https:\/\/mekruphy.com\/de\/produkte\/physik\/mechanik\/experimentiersatz-mechanik-6\/#primaryimage"},"thumbnailUrl":"https:\/\/mekruphy.com\/de\/wp-content\/uploads\/2020\/07\/Kasten-Physik-MECHANIK-6.jpg","datePublished":"2020-07-15T09:43:52+00:00","dateModified":"2026-03-31T14:55:26+00:00","description":"Sch\u00fclerexperimente zu mechanischen Schwingungen und Wellen stehen beim MEKRUPHY Experimentiersatz MECHANIK 6 im Mittelpunkt.","breadcrumb":{"@id":"https:\/\/mekruphy.com\/de\/produkte\/physik\/mechanik\/experimentiersatz-mechanik-6\/#breadcrumb"},"inLanguage":"de","potentialAction":[{"@type":"ReadAction","target":["https:\/\/mekruphy.com\/de\/produkte\/physik\/mechanik\/experimentiersatz-mechanik-6\/"]}]},{"@type":"ImageObject","inLanguage":"de","@id":"https:\/\/mekruphy.com\/de\/produkte\/physik\/mechanik\/experimentiersatz-mechanik-6\/#primaryimage","url":"https:\/\/mekruphy.com\/de\/wp-content\/uploads\/2020\/07\/Kasten-Physik-MECHANIK-6.jpg","contentUrl":"https:\/\/mekruphy.com\/de\/wp-content\/uploads\/2020\/07\/Kasten-Physik-MECHANIK-6.jpg","width":1800,"height":1394},{"@type":"BreadcrumbList","@id":"https:\/\/mekruphy.com\/de\/produkte\/physik\/mechanik\/experimentiersatz-mechanik-6\/#breadcrumb","itemListElement":[{"@type":"ListItem","position":1,"name":"Startseite","item":"https:\/\/mekruphy.com\/de\/"},{"@type":"ListItem","position":2,"name":"Produkte","item":"https:\/\/mekruphy.com\/de\/produkte\/"},{"@type":"ListItem","position":3,"name":"Physik","item":"https:\/\/mekruphy.com\/de\/produkte\/physik\/"},{"@type":"ListItem","position":4,"name":"Mechanik","item":"https:\/\/mekruphy.com\/de\/produkte\/physik\/mechanik\/"},{"@type":"ListItem","position":5,"name":"Experimentiersatz MECHANIK 6"}]},{"@type":"WebSite","@id":"https:\/\/mekruphy.com\/de\/#website","url":"https:\/\/mekruphy.com\/de\/","name":"MEKRUPHY GmbH","description":"Sch\u00fcler-Experimentierk\u00e4sten f\u00fcr den MINT-Unterricht","potentialAction":[{"@type":"SearchAction","target":{"@type":"EntryPoint","urlTemplate":"https:\/\/mekruphy.com\/de\/?s={search_term_string}"},"query-input":{"@type":"PropertyValueSpecification","valueRequired":true,"valueName":"search_term_string"}}],"inLanguage":"de"}]}},"coauthors":[],"author_meta":{"author_link":"https:\/\/mekruphy.com\/de\/author\/steps-sync\/","display_name":"Steps Sync"},"relative_dates":{"created":"Posted 6\u00a0Jahren ago","modified":"Updated 1\u00a0Woche ago"},"absolute_dates":{"created":"Posted on 15. Juli 2020","modified":"Updated on 31. M\u00e4rz 2026"},"absolute_dates_time":{"created":"Posted on 15. Juli 2020 11:43","modified":"Updated on 31. M\u00e4rz 2026 16:55"},"featured_img_caption":"","featured_img":"https:\/\/mekruphy.com\/de\/wp-content\/uploads\/2020\/07\/Kasten-Physik-MECHANIK-6.jpg","series_order":"","_links":{"self":[{"href":"https:\/\/mekruphy.com\/de\/wp-json\/wp\/v2\/pages\/364","targetHints":{"allow":["GET"]}}],"collection":[{"href":"https:\/\/mekruphy.com\/de\/wp-json\/wp\/v2\/pages"}],"about":[{"href":"https:\/\/mekruphy.com\/de\/wp-json\/wp\/v2\/types\/page"}],"author":[{"embeddable":true,"href":"https:\/\/mekruphy.com\/de\/wp-json\/wp\/v2\/users\/3"}],"replies":[{"embeddable":true,"href":"https:\/\/mekruphy.com\/de\/wp-json\/wp\/v2\/comments?post=364"}],"version-history":[{"count":20,"href":"https:\/\/mekruphy.com\/de\/wp-json\/wp\/v2\/pages\/364\/revisions"}],"predecessor-version":[{"id":9426,"href":"https:\/\/mekruphy.com\/de\/wp-json\/wp\/v2\/pages\/364\/revisions\/9426"}],"up":[{"embeddable":true,"href":"https:\/\/mekruphy.com\/de\/wp-json\/wp\/v2\/pages\/929"}],"wp:featuredmedia":[{"embeddable":true,"href":"https:\/\/mekruphy.com\/de\/wp-json\/wp\/v2\/media\/1788"}],"wp:attachment":[{"href":"https:\/\/mekruphy.com\/de\/wp-json\/wp\/v2\/media?parent=364"}],"curies":[{"name":"wp","href":"https:\/\/api.w.org\/{rel}","templated":true}]}}