{"id":368,"date":"2020-07-15T11:44:07","date_gmt":"2020-07-15T09:44:07","guid":{"rendered":"https:\/\/mekruphy.com\/de\/experimentiersatz-akustik-1\/"},"modified":"2026-03-31T17:18:10","modified_gmt":"2026-03-31T15:18:10","slug":"experimentiersatz-akustik-1","status":"publish","type":"page","link":"https:\/\/mekruphy.com\/de\/produkte\/physik\/akustik\/experimentiersatz-akustik-1\/","title":{"rendered":"Experimentiersatz AKUSTIK 1"},"content":{"rendered":"<div class=\"yoast-breadcrumbs breadcrumbs-indented\"><span><span><a href=\"https:\/\/mekruphy.com\/de\/\">Startseite<\/a><\/span> \u00bb <span><a href=\"https:\/\/mekruphy.com\/de\/produkte\/\">Produkte<\/a><\/span> \u00bb <span><a href=\"https:\/\/mekruphy.com\/de\/produkte\/physik\/\">Physik<\/a><\/span> \u00bb <span><a href=\"https:\/\/mekruphy.com\/de\/produkte\/physik\/akustik\/\">Akustik \/ Wellen<\/a><\/span> \u00bb <span class=\"breadcrumb_last\" aria-current=\"page\">Experimentiersatz AKUSTIK 1<\/span><\/span><\/div>\n\n\n<div class=\"wp-block-advgb-adv-tabs advgb-tabs-wrapper advgb-tab-horz-desktop advgb-tab-vert-tablet advgb-tab-stack-mobile advgb-tabs-6c1b1acc-bb35-41ab-9248-25bd9f9e456b\" data-tab-active=\"0\"><ul class=\"advgb-tabs-panel\" role=\"tablist\"><li class=\"advgb-tab advgb-tab-active\" role=\"presentation\" style=\"background-color:#e0e0e0;border-style:solid;border-width:1px;border-radius:10px\"><button class=\"advgb-tab-button\" id=\"advgb-tab-_1b1acc-bb-0\" aria-controls=\"advgb-tab-panel-_1b1acc-bb-0\" role=\"tab\" aria-selected=\"true\" tabindex=\"0\" style=\"color:#fff;background:none;border:none;width:100%;text-align:inherit;cursor:pointer;padding:8px 16px;font:inherit\"><span>Beschreibung<\/span><\/button><\/li><li class=\"advgb-tab \" role=\"presentation\" style=\"background-color:#e0e0e0;border-style:solid;border-width:1px;border-radius:10px\"><button class=\"advgb-tab-button\" id=\"advgb-tab-_1b1acc-bb-1\" aria-controls=\"advgb-tab-panel-_1b1acc-bb-1\" role=\"tab\" aria-selected=\"false\" tabindex=\"0\" style=\"color:#fff;background:none;border:none;width:100%;text-align:inherit;cursor:pointer;padding:8px 16px;font:inherit\"><span>Lieferumfang<\/span><\/button><\/li><li class=\"advgb-tab \" role=\"presentation\" style=\"background-color:#e0e0e0;border-style:solid;border-width:1px;border-radius:10px\"><button class=\"advgb-tab-button\" id=\"advgb-tab-_1b1acc-bb-2\" aria-controls=\"advgb-tab-panel-_1b1acc-bb-2\" role=\"tab\" aria-selected=\"false\" tabindex=\"0\" style=\"color:#fff;background:none;border:none;width:100%;text-align:inherit;cursor:pointer;padding:8px 16px;font:inherit\"><span>Experimente<\/span><\/button><\/li><li class=\"advgb-tab \" role=\"presentation\" style=\"background-color:#e0e0e0;border-style:solid;border-width:1px;border-radius:10px\"><button class=\"advgb-tab-button\" id=\"advgb-tab-_1b1acc-bb-3\" aria-controls=\"advgb-tab-panel-_1b1acc-bb-3\" role=\"tab\" aria-selected=\"false\" tabindex=\"0\" style=\"color:#fff;background:none;border:none;width:100%;text-align:inherit;cursor:pointer;padding:8px 16px;font:inherit\"><span>Bilder<\/span><\/button><\/li><\/ul><div class=\"advgb-tab-body-wrapper\" style=\"border-style:solid;border-width:1px;border-radius:10px\">\n<div class=\"wp-block-advgb-tab advgb-tab-body-container\"><div class=\"advgb-tab-body-header advgb-tab-class- header-active\" id=\"advgb-tab-panel-_bf82dc-18-0\" role=\"tabpanel\" aria-labelledby=\"advgb-tab-_bf82dc-18-0\" tabindex=\"0\"><span>Beschreibung<\/span><\/div><div class=\"advgb-tab-_bf82dc-18 advgb-tab-body\" aria-labelledby=\"advgb-tab-panel-_bf82dc-18-0\" style=\"display:block\">\n<h2 class=\"wp-block-heading\">Eindrucksvolle Eingangsversuche zur Akustik<\/h2>\n\n\n\n<p>Mit dem Ger\u00e4tesatz AKUSTIK 1 lernen die Sch\u00fclerinnen und Sch\u00fcler in spannenden Experimenten<\/p>\n\n\n\n<ul class=\"wp-block-list\"><li>die Schallempfindungen Ton, Klang, Ger\u00e4usch und Knall zu unterscheiden<\/li><li>durch ein selbst gebautes <a href=\"https:\/\/de.wikipedia.org\/wiki\/Monochord\">Monochord<\/a> Lautst\u00e4rke und Schwingungsweite einer Saite sowie Tonh\u00f6he und Wellenl\u00e4nge in Zusammenhang zu bringen<\/li><li>Hintergr\u00fcnde und Anwendungen f\u00fcr die Schalld\u00e4mmung, -b\u00fcndelung und Schwebung zu finden<\/li><li>die Schallausbreitung in Luft und in festen Stoffen zu untersuchen und <\/li><li>dem Ph\u00e4nomen der Resonanz nachzugehen<\/li><\/ul>\n\n\n\n<p>Weitere und vor allem computergest\u00fctzte Sch\u00fclerexperimente zur Akustik bietet unser Experimentiersatz <a href=\"https:\/\/mekruphy.com\/de\/produkte\/physik\/akustik\/experimentiersatz-akustik-2-addestation-mga\/\">AKUSTIK 2<\/a>.<\/p>\n\n\n\n<h3 class=\"wp-block-heading\">Qualit\u00e4t und Pr\u00e4zision<\/h3>\n\n\n\n<p>Die Sch\u00fclerinnen und Sch\u00fcler bekommen mit dem Experimentiersatz AKUSTIK 1 hochwertige Ger\u00e4te in die Hand. Das zeigt sich vor allem bei den beiden Stimmgabeln und ihren exakt abgestimmten Resonanzk\u00f6rpern. Aber auch bei den Spezialanfertigungen von Saitenhalter und Wirbelkasten wird dies deutlich.<\/p>\n\n\n\n<p><\/p>\n\n\n\n<h3 class=\"wp-block-heading\" id=\"h-begleitmaterialien\">Begleitmaterialien<\/h3>\n\n\n\n<p>Passend zum Experimentiersatz AKUSTIK 1 sind auch ein <a href=\"https:\/\/mekruphy.com\/de\/produkte\/physik\/physik-arbeitshefte\/\">Sch\u00fclerheft<\/a> und ein <a href=\"https:\/\/mekruphy.com\/de\/produkte\/physik\/physik-arbeitshefte\/\">Lehrerheft<\/a> mit didaktischen Anweisungen und L\u00f6sungen in analoger Form erh\u00e4ltlich. Das Sch\u00fclerheft ist auch in digitaler Form erwerbbar.<\/p>\n<\/div><\/div>\n\n\n\n<div class=\"wp-block-advgb-tab advgb-tab-body-container\"><div class=\"advgb-tab-body-header advgb-tab-class- \" id=\"advgb-tab-panel-_bf82dc-18-1\" role=\"tabpanel\" aria-labelledby=\"advgb-tab-_bf82dc-18-1\" tabindex=\"0\"><span>Lieferumfang<\/span><\/div><div class=\"advgb-tab-_bf82dc-18 advgb-tab-body\" aria-labelledby=\"advgb-tab-panel-_bf82dc-18-1\" style=\"display:none\">\n<figure class=\"wp-block-table table-product-contents\"><table><tbody><tr><td>01.01.10<\/td><td>Aufbewahrungskasten<\/td><\/tr><tr><td>16.02.00<\/td><td>Ger\u00e4tegeformter Einsatz A1<\/td><\/tr><tr><td>16.03.10<\/td><td>Stimmgabel 440 Hz (2 St\u00fcck)<\/td><\/tr><tr><td>16.03.20<\/td><td>Resonanzkasten A1 (2 St\u00fcck)<\/td><\/tr><tr><td>16.03.30<\/td><td>Laufgewicht (2 St\u00fcck)<\/td><\/tr><tr><td>16.03.40<\/td><td>H\u00e4mmerchen<\/td><\/tr><tr><td>01.04.00<\/td><td>Kunststoffbecher 250 ml<\/td><\/tr><tr><td>16.05.10<\/td><td>Glockenspielplatte C<\/td><\/tr><tr><td>16.05.20<\/td><td>Glockenspielplatte E<\/td><\/tr><tr><td>16.06.50<\/td><td>Rundmuffe A1<\/td><\/tr><tr><td>16.07.00<\/td><td>Tischtennisball an Schnur in Dose<\/td><\/tr><tr><td>16.08.00<\/td><td>Acrylglasrohr mit Skala A1<\/td><\/tr><tr><td>16.09.00<\/td><td>Saitenhalter<\/td><\/tr><tr><td>16.10.00<\/td><td>Wirbelkasten<\/td><\/tr><tr><td>16.11.00<\/td><td>a-Saite in Dose<\/td><\/tr><tr><td>16.12.00<\/td><td>Stift mit Haken A1<\/td><\/tr><tr><td>16.13.00<\/td><td>Schaumstoffblock A1<\/td><\/tr><tr><td>16.14.00<\/td><td>Kunststofftrichter A1<\/td><\/tr><tr><td>16.15.10<\/td><td>Schnur mit \u00d6se (2 St\u00fcck)<\/td><\/tr><tr><td>16.15.20<\/td><td>Doppelhakenring<\/td><\/tr><tr><td>16.15.30<\/td><td>Rechteckdose A1<\/td><\/tr><tr><td>16.16.00<\/td><td>Kurzzeitmesser<\/td><\/tr><tr><td>16.17.00<\/td><td>Steg<\/td><\/tr><tr><td>16.18.00<\/td><td>Stativstange \u00d8 8 mm<\/td><\/tr><tr><td>01.19.00<\/td><td>Ma\u00dfband 2 m<\/td><\/tr><\/tbody><\/table><\/figure>\n\n\n\n<h3 class=\"wp-block-heading\"><\/h3>\n\n\n\n<p><\/p>\n\n\n\n<p><\/p>\n<\/div><\/div>\n\n\n\n<div class=\"wp-block-advgb-tab advgb-tab-body-container\"><div class=\"advgb-tab-body-header advgb-tab-class- \" id=\"advgb-tab-panel-_bf82dc-18-2\" role=\"tabpanel\" aria-labelledby=\"advgb-tab-_bf82dc-18-2\" tabindex=\"0\"><span>Experimente<\/span><\/div><div class=\"advgb-tab-_bf82dc-18 advgb-tab-body\" aria-labelledby=\"advgb-tab-panel-_bf82dc-18-2\" style=\"display:none\">\n<p><\/p>\n\n\n\n<figure class=\"wp-block-table table-product-experiments\"><table><tbody><tr><td>A1-1<\/td><td>Einteilung der Schallempfindungen<\/td><\/tr><tr><td>A1-2<\/td><td>Erzeugung von T\u00f6nen und Kl\u00e4ngen<\/td><\/tr><tr><td>A1-3<\/td><td>Tonh\u00f6he und Lautst\u00e4rke<\/td><\/tr><tr><td>A1-4<\/td><td>Die schwingende Lufts\u00e4ule<\/td><\/tr><tr><td>A1-5<\/td><td>Schallausbreitung in Luft<\/td><\/tr><tr><td>A1-6<\/td><td>Resonanz<\/td><\/tr><tr><td>A1-7<\/td><td>Schallausbreitung in festen Stoffen<\/td><\/tr><tr><td>A1-8<\/td><td>Schallb\u00fcndelung<\/td><\/tr><tr><td>A1-9<\/td><td>Schalld\u00e4mmung<\/td><\/tr><tr><td>A1-10<\/td><td>Schwebungen<\/td><\/tr><tr><td>A1-11<\/td><td>Orientierung durch H\u00f6ren<\/td><\/tr><\/tbody><\/table><\/figure>\n<\/div><\/div>\n\n\n\n<div class=\"wp-block-advgb-tab advgb-tab-body-container\"><div class=\"advgb-tab-body-header advgb-tab-class-undefined \" id=\"advgb-tab-panel-_bf82dc-18-3\" role=\"tabpanel\" aria-labelledby=\"advgb-tab-_bf82dc-18-3\" tabindex=\"0\"><span>Bilder<\/span><\/div><div class=\"advgb-tab-_bf82dc-18 advgb-tab-body\" aria-labelledby=\"advgb-tab-panel-_bf82dc-18-3\" style=\"display:none\"><div class=\"wp-block-image\">\n<figure class=\"aligncenter size-large is-resized\"><img loading=\"lazy\" decoding=\"async\" width=\"393\" height=\"393\" src=\"https:\/\/mekruphy.com\/de\/wp-content\/uploads\/2021\/02\/A1_1.png\" alt=\"Akustik 1 Tonh\u00f6he und Lautst\u00e4rke\" class=\"wp-image-2951\" style=\"width:510px;height:510px\" srcset=\"https:\/\/mekruphy.com\/de\/wp-content\/uploads\/2021\/02\/A1_1.png 393w, https:\/\/mekruphy.com\/de\/wp-content\/uploads\/2021\/02\/A1_1-300x300.png 300w, https:\/\/mekruphy.com\/de\/wp-content\/uploads\/2021\/02\/A1_1-150x150.png 150w\" sizes=\"auto, (max-width: 393px) 100vw, 393px\" \/><\/figure>\n<\/div>\n\n\n<p>&nbsp;<\/p>\n\n\n<div class=\"wp-block-image\">\n<figure class=\"aligncenter size-large is-resized\"><img loading=\"lazy\" decoding=\"async\" width=\"691\" height=\"461\" src=\"https:\/\/mekruphy.com\/de\/wp-content\/uploads\/2021\/03\/Akustik_1.png\" alt=\"Sch\u00fclerversuch Akustik\" class=\"wp-image-3489\" style=\"width:750px;height:500px\" srcset=\"https:\/\/mekruphy.com\/de\/wp-content\/uploads\/2021\/03\/Akustik_1.png 691w, https:\/\/mekruphy.com\/de\/wp-content\/uploads\/2021\/03\/Akustik_1-300x200.png 300w\" sizes=\"auto, (max-width: 691px) 100vw, 691px\" \/><\/figure>\n<\/div><\/div><\/div>\n<\/div><\/div>\n<style class=\"advgb-styles-renderer\">.advgb-tabs-6c1b1acc-bb35-41ab-9248-25bd9f9e456b ul.advgb-tabs-panel li.advgb-tab.advgb-tab-active {background-color:#5954d6 !important;color:#fff !important;}#advgb-tabs-6c1b1acc-bb35-41ab-9248-25bd9f9e456b .advgb-tab-body-header.header-active, .advgb-tabs-6c1b1acc-bb35-41ab-9248-25bd9f9e456b .advgb-tab-body-header.header-active{background-color:#5954d6 !important;color:#fff !important;}<\/style>","protected":false},"excerpt":{"rendered":"","protected":false},"author":3,"featured_media":3558,"parent":956,"menu_order":0,"comment_status":"closed","ping_status":"closed","template":"templates\/product.php","meta":{"_acf_changed":false,"_coblocks_attr":"","_coblocks_dimensions":"","_coblocks_responsive_height":"","_coblocks_accordion_ie_support":"","_eb_attr":"","advgb_blocks_editor_width":"","advgb_blocks_columns_visual_guide":"","footnotes":""},"class_list":["post-368","page","type-page","status-publish","has-post-thumbnail","hentry"],"acf":[],"yoast_head":"<!-- This site is optimized with the Yoast SEO plugin v27.4 - https:\/\/yoast.com\/product\/yoast-seo-wordpress\/ -->\n<title>Experimentiersatz AKUSTIK 1 - MEKRUPHY GmbH<\/title>\n<meta name=\"description\" content=\"Mit diesem Experimentierkasten lernen die Sch\u00fclerinnen und Sch\u00fcler in spannenden Experimenten alles \u00fcber Schall, Tonh\u00f6he und Lautst\u00e4rke.\" \/>\n<meta name=\"robots\" content=\"index, follow, max-snippet:-1, max-image-preview:large, max-video-preview:-1\" \/>\n<link rel=\"canonical\" href=\"https:\/\/mekruphy.com\/de\/produkte\/physik\/akustik\/experimentiersatz-akustik-1\/\" \/>\n<meta property=\"og:locale\" content=\"de_DE\" \/>\n<meta property=\"og:type\" content=\"article\" \/>\n<meta property=\"og:title\" content=\"Experimentiersatz AKUSTIK 1 - MEKRUPHY GmbH\" \/>\n<meta property=\"og:description\" content=\"Mit diesem Experimentierkasten lernen die Sch\u00fclerinnen und Sch\u00fcler in spannenden Experimenten alles \u00fcber Schall, Tonh\u00f6he und Lautst\u00e4rke.\" \/>\n<meta property=\"og:url\" content=\"https:\/\/mekruphy.com\/de\/produkte\/physik\/akustik\/experimentiersatz-akustik-1\/\" \/>\n<meta property=\"og:site_name\" content=\"MEKRUPHY GmbH\" \/>\n<meta property=\"article:modified_time\" content=\"2026-03-31T15:18:10+00:00\" \/>\n<meta property=\"og:image\" content=\"https:\/\/mekruphy.com\/de\/wp-content\/uploads\/2021\/05\/A1-scaled.jpg\" \/>\n\t<meta property=\"og:image:width\" content=\"2560\" \/>\n\t<meta property=\"og:image:height\" content=\"1976\" \/>\n\t<meta property=\"og:image:type\" content=\"image\/jpeg\" \/>\n<meta name=\"twitter:card\" content=\"summary_large_image\" \/>\n<meta name=\"twitter:label1\" content=\"Gesch\u00e4tzte Lesezeit\" \/>\n\t<meta name=\"twitter:data1\" content=\"3\u00a0Minuten\" \/>\n<script type=\"application\/ld+json\" class=\"yoast-schema-graph\">{\"@context\":\"https:\\\/\\\/schema.org\",\"@graph\":[{\"@type\":\"WebPage\",\"@id\":\"https:\\\/\\\/mekruphy.com\\\/de\\\/produkte\\\/physik\\\/akustik\\\/experimentiersatz-akustik-1\\\/\",\"url\":\"https:\\\/\\\/mekruphy.com\\\/de\\\/produkte\\\/physik\\\/akustik\\\/experimentiersatz-akustik-1\\\/\",\"name\":\"Experimentiersatz AKUSTIK 1 - MEKRUPHY GmbH\",\"isPartOf\":{\"@id\":\"https:\\\/\\\/mekruphy.com\\\/de\\\/#website\"},\"primaryImageOfPage\":{\"@id\":\"https:\\\/\\\/mekruphy.com\\\/de\\\/produkte\\\/physik\\\/akustik\\\/experimentiersatz-akustik-1\\\/#primaryimage\"},\"image\":{\"@id\":\"https:\\\/\\\/mekruphy.com\\\/de\\\/produkte\\\/physik\\\/akustik\\\/experimentiersatz-akustik-1\\\/#primaryimage\"},\"thumbnailUrl\":\"https:\\\/\\\/mekruphy.com\\\/de\\\/wp-content\\\/uploads\\\/2021\\\/05\\\/A1-scaled.jpg\",\"datePublished\":\"2020-07-15T09:44:07+00:00\",\"dateModified\":\"2026-03-31T15:18:10+00:00\",\"description\":\"Mit diesem Experimentierkasten lernen die Sch\u00fclerinnen und Sch\u00fcler in spannenden Experimenten alles \u00fcber Schall, Tonh\u00f6he und Lautst\u00e4rke.\",\"breadcrumb\":{\"@id\":\"https:\\\/\\\/mekruphy.com\\\/de\\\/produkte\\\/physik\\\/akustik\\\/experimentiersatz-akustik-1\\\/#breadcrumb\"},\"inLanguage\":\"de\",\"potentialAction\":[{\"@type\":\"ReadAction\",\"target\":[\"https:\\\/\\\/mekruphy.com\\\/de\\\/produkte\\\/physik\\\/akustik\\\/experimentiersatz-akustik-1\\\/\"]}]},{\"@type\":\"ImageObject\",\"inLanguage\":\"de\",\"@id\":\"https:\\\/\\\/mekruphy.com\\\/de\\\/produkte\\\/physik\\\/akustik\\\/experimentiersatz-akustik-1\\\/#primaryimage\",\"url\":\"https:\\\/\\\/mekruphy.com\\\/de\\\/wp-content\\\/uploads\\\/2021\\\/05\\\/A1-scaled.jpg\",\"contentUrl\":\"https:\\\/\\\/mekruphy.com\\\/de\\\/wp-content\\\/uploads\\\/2021\\\/05\\\/A1-scaled.jpg\",\"width\":2560,\"height\":1976},{\"@type\":\"BreadcrumbList\",\"@id\":\"https:\\\/\\\/mekruphy.com\\\/de\\\/produkte\\\/physik\\\/akustik\\\/experimentiersatz-akustik-1\\\/#breadcrumb\",\"itemListElement\":[{\"@type\":\"ListItem\",\"position\":1,\"name\":\"Startseite\",\"item\":\"https:\\\/\\\/mekruphy.com\\\/de\\\/\"},{\"@type\":\"ListItem\",\"position\":2,\"name\":\"Produkte\",\"item\":\"https:\\\/\\\/mekruphy.com\\\/de\\\/produkte\\\/\"},{\"@type\":\"ListItem\",\"position\":3,\"name\":\"Physik\",\"item\":\"https:\\\/\\\/mekruphy.com\\\/de\\\/produkte\\\/physik\\\/\"},{\"@type\":\"ListItem\",\"position\":4,\"name\":\"Akustik \\\/ Wellen\",\"item\":\"https:\\\/\\\/mekruphy.com\\\/de\\\/produkte\\\/physik\\\/akustik\\\/\"},{\"@type\":\"ListItem\",\"position\":5,\"name\":\"Experimentiersatz AKUSTIK 1\"}]},{\"@type\":\"WebSite\",\"@id\":\"https:\\\/\\\/mekruphy.com\\\/de\\\/#website\",\"url\":\"https:\\\/\\\/mekruphy.com\\\/de\\\/\",\"name\":\"MEKRUPHY GmbH\",\"description\":\"Sch\u00fcler-Experimentierk\u00e4sten f\u00fcr den MINT-Unterricht\",\"potentialAction\":[{\"@type\":\"SearchAction\",\"target\":{\"@type\":\"EntryPoint\",\"urlTemplate\":\"https:\\\/\\\/mekruphy.com\\\/de\\\/?s={search_term_string}\"},\"query-input\":{\"@type\":\"PropertyValueSpecification\",\"valueRequired\":true,\"valueName\":\"search_term_string\"}}],\"inLanguage\":\"de\"}]}<\/script>\n<!-- \/ Yoast SEO plugin. -->","yoast_head_json":{"title":"Experimentiersatz AKUSTIK 1 - MEKRUPHY GmbH","description":"Mit diesem Experimentierkasten lernen die Sch\u00fclerinnen und Sch\u00fcler in spannenden Experimenten alles \u00fcber Schall, Tonh\u00f6he und Lautst\u00e4rke.","robots":{"index":"index","follow":"follow","max-snippet":"max-snippet:-1","max-image-preview":"max-image-preview:large","max-video-preview":"max-video-preview:-1"},"canonical":"https:\/\/mekruphy.com\/de\/produkte\/physik\/akustik\/experimentiersatz-akustik-1\/","og_locale":"de_DE","og_type":"article","og_title":"Experimentiersatz AKUSTIK 1 - MEKRUPHY GmbH","og_description":"Mit diesem Experimentierkasten lernen die Sch\u00fclerinnen und Sch\u00fcler in spannenden Experimenten alles \u00fcber Schall, Tonh\u00f6he und Lautst\u00e4rke.","og_url":"https:\/\/mekruphy.com\/de\/produkte\/physik\/akustik\/experimentiersatz-akustik-1\/","og_site_name":"MEKRUPHY GmbH","article_modified_time":"2026-03-31T15:18:10+00:00","og_image":[{"width":2560,"height":1976,"url":"https:\/\/mekruphy.com\/de\/wp-content\/uploads\/2021\/05\/A1-scaled.jpg","type":"image\/jpeg"}],"twitter_card":"summary_large_image","twitter_misc":{"Gesch\u00e4tzte Lesezeit":"3\u00a0Minuten"},"schema":{"@context":"https:\/\/schema.org","@graph":[{"@type":"WebPage","@id":"https:\/\/mekruphy.com\/de\/produkte\/physik\/akustik\/experimentiersatz-akustik-1\/","url":"https:\/\/mekruphy.com\/de\/produkte\/physik\/akustik\/experimentiersatz-akustik-1\/","name":"Experimentiersatz AKUSTIK 1 - MEKRUPHY GmbH","isPartOf":{"@id":"https:\/\/mekruphy.com\/de\/#website"},"primaryImageOfPage":{"@id":"https:\/\/mekruphy.com\/de\/produkte\/physik\/akustik\/experimentiersatz-akustik-1\/#primaryimage"},"image":{"@id":"https:\/\/mekruphy.com\/de\/produkte\/physik\/akustik\/experimentiersatz-akustik-1\/#primaryimage"},"thumbnailUrl":"https:\/\/mekruphy.com\/de\/wp-content\/uploads\/2021\/05\/A1-scaled.jpg","datePublished":"2020-07-15T09:44:07+00:00","dateModified":"2026-03-31T15:18:10+00:00","description":"Mit diesem Experimentierkasten lernen die Sch\u00fclerinnen und Sch\u00fcler in spannenden Experimenten alles \u00fcber Schall, Tonh\u00f6he und Lautst\u00e4rke.","breadcrumb":{"@id":"https:\/\/mekruphy.com\/de\/produkte\/physik\/akustik\/experimentiersatz-akustik-1\/#breadcrumb"},"inLanguage":"de","potentialAction":[{"@type":"ReadAction","target":["https:\/\/mekruphy.com\/de\/produkte\/physik\/akustik\/experimentiersatz-akustik-1\/"]}]},{"@type":"ImageObject","inLanguage":"de","@id":"https:\/\/mekruphy.com\/de\/produkte\/physik\/akustik\/experimentiersatz-akustik-1\/#primaryimage","url":"https:\/\/mekruphy.com\/de\/wp-content\/uploads\/2021\/05\/A1-scaled.jpg","contentUrl":"https:\/\/mekruphy.com\/de\/wp-content\/uploads\/2021\/05\/A1-scaled.jpg","width":2560,"height":1976},{"@type":"BreadcrumbList","@id":"https:\/\/mekruphy.com\/de\/produkte\/physik\/akustik\/experimentiersatz-akustik-1\/#breadcrumb","itemListElement":[{"@type":"ListItem","position":1,"name":"Startseite","item":"https:\/\/mekruphy.com\/de\/"},{"@type":"ListItem","position":2,"name":"Produkte","item":"https:\/\/mekruphy.com\/de\/produkte\/"},{"@type":"ListItem","position":3,"name":"Physik","item":"https:\/\/mekruphy.com\/de\/produkte\/physik\/"},{"@type":"ListItem","position":4,"name":"Akustik \/ Wellen","item":"https:\/\/mekruphy.com\/de\/produkte\/physik\/akustik\/"},{"@type":"ListItem","position":5,"name":"Experimentiersatz AKUSTIK 1"}]},{"@type":"WebSite","@id":"https:\/\/mekruphy.com\/de\/#website","url":"https:\/\/mekruphy.com\/de\/","name":"MEKRUPHY GmbH","description":"Sch\u00fcler-Experimentierk\u00e4sten f\u00fcr den MINT-Unterricht","potentialAction":[{"@type":"SearchAction","target":{"@type":"EntryPoint","urlTemplate":"https:\/\/mekruphy.com\/de\/?s={search_term_string}"},"query-input":{"@type":"PropertyValueSpecification","valueRequired":true,"valueName":"search_term_string"}}],"inLanguage":"de"}]}},"coauthors":[],"author_meta":{"author_link":"https:\/\/mekruphy.com\/de\/author\/steps-sync\/","display_name":"Steps Sync"},"relative_dates":{"created":"Ver\u00f6ffentlicht 6\u00a0Jahren vor","modified":"Aktualisiert 3\u00a0Wochen vor"},"absolute_dates":{"created":"Ver\u00f6ffentlicht am 15. Juli 2020","modified":"Aktualisiert am 31. M\u00e4rz 2026"},"absolute_dates_time":{"created":"Ver\u00f6ffentlicht am 15. Juli 2020 11:44","modified":"Aktualisiert am 31. M\u00e4rz 2026 17:18"},"featured_img_caption":"","featured_img":"https:\/\/mekruphy.com\/de\/wp-content\/uploads\/2021\/05\/A1-scaled.jpg","series_order":"","_links":{"self":[{"href":"https:\/\/mekruphy.com\/de\/wp-json\/wp\/v2\/pages\/368","targetHints":{"allow":["GET"]}}],"collection":[{"href":"https:\/\/mekruphy.com\/de\/wp-json\/wp\/v2\/pages"}],"about":[{"href":"https:\/\/mekruphy.com\/de\/wp-json\/wp\/v2\/types\/page"}],"author":[{"embeddable":true,"href":"https:\/\/mekruphy.com\/de\/wp-json\/wp\/v2\/users\/3"}],"replies":[{"embeddable":true,"href":"https:\/\/mekruphy.com\/de\/wp-json\/wp\/v2\/comments?post=368"}],"version-history":[{"count":22,"href":"https:\/\/mekruphy.com\/de\/wp-json\/wp\/v2\/pages\/368\/revisions"}],"predecessor-version":[{"id":9447,"href":"https:\/\/mekruphy.com\/de\/wp-json\/wp\/v2\/pages\/368\/revisions\/9447"}],"up":[{"embeddable":true,"href":"https:\/\/mekruphy.com\/de\/wp-json\/wp\/v2\/pages\/956"}],"wp:featuredmedia":[{"embeddable":true,"href":"https:\/\/mekruphy.com\/de\/wp-json\/wp\/v2\/media\/3558"}],"wp:attachment":[{"href":"https:\/\/mekruphy.com\/de\/wp-json\/wp\/v2\/media?parent=368"}],"curies":[{"name":"wp","href":"https:\/\/api.w.org\/{rel}","templated":true}]}}