{"id":376,"date":"2020-07-15T12:12:34","date_gmt":"2020-07-15T10:12:34","guid":{"rendered":"https:\/\/mekruphy.com\/de\/experimentiersatz-wellen\/"},"modified":"2026-03-31T17:22:20","modified_gmt":"2026-03-31T15:22:20","slug":"experimentiersatz-wellen","status":"publish","type":"page","link":"https:\/\/mekruphy.com\/de\/produkte\/physik\/akustik\/experimentiersatz-wellen\/","title":{"rendered":"Experimentiersatz WELLEN"},"content":{"rendered":"<div class=\"yoast-breadcrumbs breadcrumbs-indented\"><span><span><a href=\"https:\/\/mekruphy.com\/de\/\">Startseite<\/a><\/span> \u00bb <span><a href=\"https:\/\/mekruphy.com\/de\/produkte\/\">Produkte<\/a><\/span> \u00bb <span><a href=\"https:\/\/mekruphy.com\/de\/produkte\/physik\/\">Physik<\/a><\/span> \u00bb <span><a href=\"https:\/\/mekruphy.com\/de\/produkte\/physik\/akustik\/\">Akustik \/ Wellen<\/a><\/span> \u00bb <span class=\"breadcrumb_last\" aria-current=\"page\">Experimentiersatz WELLEN<\/span><\/span><\/div>\n\n\n<div class=\"wp-block-advgb-adv-tabs advgb-tabs-wrapper advgb-tab-horz-desktop advgb-tab-vert-tablet advgb-tab-stack-mobile advgb-tabs-e9615fd1-c865-4d9c-93e2-b8e502b1e515\" data-tab-active=\"0\"><ul class=\"advgb-tabs-panel\" role=\"tablist\"><li class=\"advgb-tab advgb-tab-active\" role=\"presentation\" style=\"background-color:#e0e0e0;border-style:solid;border-width:1px;border-radius:10px\"><button class=\"advgb-tab-button\" id=\"advgb-tab-_615fd1-c8-0\" aria-controls=\"advgb-tab-panel-_615fd1-c8-0\" role=\"tab\" aria-selected=\"true\" tabindex=\"0\" style=\"color:#fff;background:none;border:none;width:100%;text-align:inherit;cursor:pointer;padding:8px 16px;font:inherit\"><span>Beschreibung<\/span><\/button><\/li><li class=\"advgb-tab \" role=\"presentation\" style=\"background-color:#e0e0e0;border-style:solid;border-width:1px;border-radius:10px\"><button class=\"advgb-tab-button\" id=\"advgb-tab-_615fd1-c8-1\" aria-controls=\"advgb-tab-panel-_615fd1-c8-1\" role=\"tab\" aria-selected=\"false\" tabindex=\"0\" style=\"color:#fff;background:none;border:none;width:100%;text-align:inherit;cursor:pointer;padding:8px 16px;font:inherit\"><span>Lieferumfang<\/span><\/button><\/li><li class=\"advgb-tab \" role=\"presentation\" style=\"background-color:#e0e0e0;border-style:solid;border-width:1px;border-radius:10px\"><button class=\"advgb-tab-button\" id=\"advgb-tab-_615fd1-c8-2\" aria-controls=\"advgb-tab-panel-_615fd1-c8-2\" role=\"tab\" aria-selected=\"false\" tabindex=\"0\" style=\"color:#fff;background:none;border:none;width:100%;text-align:inherit;cursor:pointer;padding:8px 16px;font:inherit\"><span>Experimente<\/span><\/button><\/li><li class=\"advgb-tab \" role=\"presentation\" style=\"background-color:#e0e0e0;border-style:solid;border-width:1px;border-radius:10px\"><button class=\"advgb-tab-button\" id=\"advgb-tab-_615fd1-c8-3\" aria-controls=\"advgb-tab-panel-_615fd1-c8-3\" role=\"tab\" aria-selected=\"false\" tabindex=\"0\" style=\"color:#fff;background:none;border:none;width:100%;text-align:inherit;cursor:pointer;padding:8px 16px;font:inherit\"><span>Bilder<\/span><\/button><\/li><\/ul><div class=\"advgb-tab-body-wrapper\" style=\"border-style:solid;border-width:1px;border-radius:10px\">\n<div class=\"wp-block-advgb-tab advgb-tab-body-container\"><div class=\"advgb-tab-body-header advgb-tab-class- header-active\" id=\"advgb-tab-panel-_615fd1-c8-0\" role=\"tabpanel\" aria-labelledby=\"advgb-tab-_615fd1-c8-0\" tabindex=\"0\"><span>Beschreibung<\/span><\/div><div class=\"advgb-tab-_615fd1-c8 advgb-tab-body\" aria-labelledby=\"advgb-tab-panel-_615fd1-c8-0\" style=\"display:block\">\n<h2 class=\"wp-block-heading\">Wellenph\u00e4nomene an Ultraschall erkunden<\/h2>\n\n\n\n<p>Die charakteristischen Welleneigenschaften Interferenz, Beugung und stehende Wellen, aber auch Reflexion und Brechung lassen sich an Ultraschallwellen besonders<\/p>\n\n\n\n<ul class=\"wp-block-list\"><li>einfach<\/li><li>transparent<\/li><li>schnell<\/li><li>\u00fcberzeugend<\/li><\/ul>\n\n\n\n<p>in Sch\u00fclerexperimenten erarbeiten. Die Bestimmung der Wellenl\u00e4nge ist mit diesem Ger\u00e4tesatz auf verschiedenen experimentellen Wegen m\u00f6glich. Kernst\u00fcck des Experimentiersatzes ist ein zentrales Steuerger\u00e4t. Es versorgt zwei synchron schwingende Sender und \u00fcbermittelt die Empf\u00e4ngersignale an das Anzeigeger\u00e4t. Zudem enth\u00e4lt es mit seiner 9V-Block-Batterie die Stromversorgung und sorgt so f\u00fcr Flexibilit\u00e4t im Klassenzimmer.<\/p>\n\n\n\n<p>Die ungew\u00f6hnlich gro\u00dfe Genauigkeit der Messergebnisse beruht auf der ausgereiften Elektronik und vor allem auch auf der Spiegelskala der Grundplatte und den transparenten Skalenschienen aus Acrylglas. Diese erm\u00f6glichen die Ablesungen von halben Winkelgraden bzw. halben Millimetern.<\/p>\n\n\n\n<h3 class=\"wp-block-heading\">Erg\u00e4nzungsm\u00f6glichkeiten<\/h3>\n\n\n\n<p>Die <a href=\"https:\/\/www.leifiphysik.de\/optik\/beugung-und-interferenz\/grundwissen\/vielfachspalt-und-gitter\">Beugung am Gitter<\/a> l\u00e4sst sich mit diesem Experimentiersatz nicht zeigen. Ebenso scheidet die Polarisation naturgem\u00e4\u00df aus. Beide Wellenph\u00e4nomene k\u00f6nnen aber mit dem Experimentiersatz <a href=\"https:\/\/mekruphy.com\/de\/produkte\/physik\/optik\/experimentiersatz-optik-3-plus\/\">OPTIK 3 <em>plus<\/em><\/a>\u00a0sehr eindrucksvoll erforscht werden.<\/p>\n\n\n\n<p><\/p>\n\n\n\n<h3 class=\"wp-block-heading\" id=\"h-begleitmaterialien\">Begleitmaterialien<\/h3>\n\n\n\n<p>Passend zum Experimentiersatz WELLEN sind auch ein <a href=\"https:\/\/mekruphy.com\/de\/produkte\/physik\/physik-arbeitshefte\/\">Sch\u00fclerheft<\/a> und ein <a href=\"https:\/\/mekruphy.com\/de\/produkte\/physik\/physik-arbeitshefte\/\">Lehrerheft<\/a> mit didaktischen Anweisungen und L\u00f6sungen in analoger Form erh\u00e4ltlich. Das Sch\u00fclerheft ist auch in digitaler Form erwerbbar.<\/p>\n<\/div><\/div>\n\n\n\n<div class=\"wp-block-advgb-tab advgb-tab-body-container\"><div class=\"advgb-tab-body-header advgb-tab-class- \" id=\"advgb-tab-panel-_615fd1-c8-1\" role=\"tabpanel\" aria-labelledby=\"advgb-tab-_615fd1-c8-1\" tabindex=\"0\"><span>Lieferumfang<\/span><\/div><div class=\"advgb-tab-_615fd1-c8 advgb-tab-body\" aria-labelledby=\"advgb-tab-panel-_615fd1-c8-1\" style=\"display:none\">\n<figure class=\"wp-block-table table-product-contents\"><table><tbody><tr><td>01.01.10<\/td><td>Aufbewahrungskasten<\/td><\/tr><tr><td>12.02.00<\/td><td>Ger\u00e4tegeformter Einsatz WE<\/td><\/tr><tr><td>12.03.00<\/td><td>Ultraschall-Zentralger\u00e4t WE<\/td><\/tr><tr><td>12.04.00<\/td><td>Sender (2 St\u00fcck)<\/td><\/tr><tr><td>12.05.00<\/td><td>Empf\u00e4nger<\/td><\/tr><tr><td>12.06.00<\/td><td>Grundplatte mit Spiegelskala<\/td><\/tr><tr><td>12.07.00<\/td><td>Skalenschiene A (2 St\u00fcck)<\/td><\/tr><tr><td>12.08.00<\/td><td>Skalenreiter A (2 St\u00fcck)<\/td><\/tr><tr><td>12.09.00<\/td><td>Skalenschiene B<\/td><\/tr><tr><td>12.10.00<\/td><td>Skalenreiter B (2 St\u00fcck)<\/td><\/tr><tr><td>12.11.00<\/td><td>Blendenhalter<\/td><\/tr><tr><td>12.12.00<\/td><td>Vollblende WE<\/td><\/tr><tr><td>12.13.00<\/td><td>Einfachspaltblende WE<\/td><\/tr><tr><td>12.14.00<\/td><td>Doppelspaltblende WE<\/td><\/tr><tr><td>12.15.00<\/td><td>Parabolaufsatz WE (2 St\u00fcck)<\/td><\/tr><tr><td>12.16.00<\/td><td>Schaumstoffblock WE<\/td><\/tr><tr><td>12.17.00<\/td><td>Dreieckplatte Stahl<\/td><\/tr><tr><td>12.17.10<\/td><td>Schraubfu\u00df mit Schraube (3 St\u00fcck)<\/td><\/tr><tr><td>12.18.00<\/td><td>Dreieckplatte feuerfest<\/td><\/tr><tr><td>12.18.10<\/td><td>Schraubfu\u00df mit Au\u00dfengewinde (3 St\u00fcck)<\/td><\/tr><tr><td>12.18.20<\/td><td>R\u00e4ndelmutter schwarz (3 St\u00fcck)<\/td><\/tr><tr><td>12.20.10<\/td><td>R\u00e4ndelschraube lang (2 St\u00fcck)<\/td><\/tr><tr><td>12.20.20<\/td><td>R\u00e4ndelschraube kurz (2 St\u00fcck)<\/td><\/tr><tr><td>12.20.30<\/td><td>R\u00e4ndelmutter gro\u00df (4 St\u00fcck)<\/td><\/tr><tr><td>20.22.20 <\/td><td>Aufbewahrungsdose C1<\/td><\/tr><tr><td>06.24.10<\/td><td>Experimentierkabel 25 cm rot<\/td><\/tr><tr><td>06.24.20<\/td><td>Experimentierkabel 25 cm blau<\/td><\/tr><\/tbody><\/table><\/figure>\n\n\n\n<h3 class=\"wp-block-heading\" id=\"zusatzlich-erforderlich\">Zus\u00e4tzlich erforderlich:<\/h3>\n\n\n\n<figure class=\"wp-block-table table-product-contents\"><table><tbody><tr><td>00.07.10 <\/td><td><a href=\"https:\/\/mekruphy.com\/de\/produkte\/physik\/physik-vielfachmessgerat\/\">Vielfachmessger\u00e4t AMM 3000<\/a><\/td><\/tr><tr><td>44.15.00<\/td><td>Teelicht (6 St\u00fcck)<\/td><\/tr><\/tbody><\/table><\/figure>\n\n\n\n<p><\/p>\n<\/div><\/div>\n\n\n\n<div class=\"wp-block-advgb-tab advgb-tab-body-container\"><div class=\"advgb-tab-body-header advgb-tab-class- \" id=\"advgb-tab-panel-_615fd1-c8-2\" role=\"tabpanel\" aria-labelledby=\"advgb-tab-_615fd1-c8-2\" tabindex=\"0\"><span>Experimente<\/span><\/div><div class=\"advgb-tab-_615fd1-c8 advgb-tab-body\" aria-labelledby=\"advgb-tab-panel-_615fd1-c8-2\" style=\"display:none\">\n<p><\/p>\n\n\n\n<figure class=\"wp-block-table table-product-experiments-xl\"><table><tbody><tr><td>WE-1<\/td><td>Sendercharakteristik<\/td><\/tr><tr><td>WE-2<\/td><td>B\u00fcndelung von Wellen<\/td><\/tr><tr><td>WE-3<\/td><td>Reflexion am ebenen Spiegel<\/td><\/tr><tr><td>WE-4<\/td><td>Absorption<\/td><\/tr><tr><td>WE-5<\/td><td>Brechung<\/td><\/tr><tr><td>WE-6<\/td><td>Das \u00dcberlagerungsprinzip<\/td><\/tr><tr><td>WE-7<\/td><td>Interferenz<\/td><\/tr><tr><td>WE-8<\/td><td>Der Versuch von Lloyd<\/td><\/tr><tr><td>WE-9<\/td><td>Beugung am Hindernis<\/td><\/tr><tr><td>WE-10<\/td><td>Beugung am Doppelspalt<\/td><\/tr><tr><td>WE-11<\/td><td>Beugung am Einfachspalt<\/td><\/tr><tr><td>WE-12<\/td><td>Stehende Wellen 1<\/td><\/tr><tr><td>WE-13<\/td><td>Stehende Wellen 2<\/td><\/tr><\/tbody><\/table><\/figure>\n<\/div><\/div>\n\n\n\n<div class=\"wp-block-advgb-tab advgb-tab-body-container\"><div class=\"advgb-tab-body-header advgb-tab-class-undefined \" id=\"advgb-tab-panel-_615fd1-c8-3\" role=\"tabpanel\" aria-labelledby=\"advgb-tab-_615fd1-c8-3\" tabindex=\"0\"><span>Bilder<\/span><\/div><div class=\"advgb-tab-_615fd1-c8 advgb-tab-body\" aria-labelledby=\"advgb-tab-panel-_615fd1-c8-3\" style=\"display:none\"><div class=\"wp-block-image\">\n<figure class=\"aligncenter size-large is-resized\"><img loading=\"lazy\" decoding=\"async\" width=\"408\" height=\"408\" src=\"https:\/\/mekruphy.com\/de\/wp-content\/uploads\/2021\/02\/WE_1.png\" alt=\"Versuchsaufbau WELLEN\" class=\"wp-image-2963\" style=\"width:511px;height:511px\" srcset=\"https:\/\/mekruphy.com\/de\/wp-content\/uploads\/2021\/02\/WE_1.png 408w, https:\/\/mekruphy.com\/de\/wp-content\/uploads\/2021\/02\/WE_1-300x300.png 300w, https:\/\/mekruphy.com\/de\/wp-content\/uploads\/2021\/02\/WE_1-150x150.png 150w\" sizes=\"auto, (max-width: 408px) 100vw, 408px\" \/><\/figure>\n<\/div>\n\n\n<p>&nbsp;<\/p>\n\n\n<div class=\"wp-block-image\">\n<figure class=\"aligncenter size-large is-resized\"><img loading=\"lazy\" decoding=\"async\" width=\"522\" height=\"365\" src=\"https:\/\/mekruphy.com\/de\/wp-content\/uploads\/2021\/02\/WE_2.png\" alt=\"Experiment Wellen\" class=\"wp-image-2964\" style=\"width:741px;height:518px\" srcset=\"https:\/\/mekruphy.com\/de\/wp-content\/uploads\/2021\/02\/WE_2.png 522w, https:\/\/mekruphy.com\/de\/wp-content\/uploads\/2021\/02\/WE_2-300x210.png 300w\" sizes=\"auto, (max-width: 522px) 100vw, 522px\" \/><\/figure>\n<\/div>\n\n\n<p>&nbsp;<\/p>\n\n\n<div class=\"wp-block-image\">\n<figure class=\"aligncenter size-large is-resized\"><img loading=\"lazy\" decoding=\"async\" width=\"1024\" height=\"744\" src=\"https:\/\/mekruphy.com\/de\/wp-content\/uploads\/2021\/09\/WE_3-1024x744.jpg\" alt=\"Sch\u00fclerexperiment Wellen\" class=\"wp-image-3694\" style=\"width:741px;height:538px\" srcset=\"https:\/\/mekruphy.com\/de\/wp-content\/uploads\/2021\/09\/WE_3-1024x744.jpg 1024w, https:\/\/mekruphy.com\/de\/wp-content\/uploads\/2021\/09\/WE_3-300x218.jpg 300w, https:\/\/mekruphy.com\/de\/wp-content\/uploads\/2021\/09\/WE_3-768x558.jpg 768w, https:\/\/mekruphy.com\/de\/wp-content\/uploads\/2021\/09\/WE_3-1536x1116.jpg 1536w, https:\/\/mekruphy.com\/de\/wp-content\/uploads\/2021\/09\/WE_3-2048x1488.jpg 2048w, https:\/\/mekruphy.com\/de\/wp-content\/uploads\/2021\/09\/WE_3-1600x1162.jpg 1600w\" sizes=\"auto, (max-width: 1024px) 100vw, 1024px\" \/><\/figure>\n<\/div>\n\n\n<p><\/p>\n<\/div><\/div>\n<\/div><\/div>\n<style class=\"advgb-styles-renderer\">.advgb-tabs-e9615fd1-c865-4d9c-93e2-b8e502b1e515 ul.advgb-tabs-panel li.advgb-tab.advgb-tab-active {background-color:#5954d6 !important;color:#fff !important;}#advgb-tabs-e9615fd1-c865-4d9c-93e2-b8e502b1e515 .advgb-tab-body-header.header-active, .advgb-tabs-e9615fd1-c865-4d9c-93e2-b8e502b1e515 .advgb-tab-body-header.header-active{background-color:#5954d6 !important;color:#fff !important;}<\/style>","protected":false},"excerpt":{"rendered":"","protected":false},"author":3,"featured_media":1757,"parent":956,"menu_order":0,"comment_status":"closed","ping_status":"closed","template":"templates\/product.php","meta":{"_acf_changed":false,"_coblocks_attr":"","_coblocks_dimensions":"","_coblocks_responsive_height":"","_coblocks_accordion_ie_support":"","_eb_attr":"","advgb_blocks_editor_width":"","advgb_blocks_columns_visual_guide":"","footnotes":""},"class_list":["post-376","page","type-page","status-publish","has-post-thumbnail","hentry"],"acf":[],"yoast_head":"<!-- This site is optimized with the Yoast SEO plugin v27.4 - https:\/\/yoast.com\/product\/yoast-seo-wordpress\/ -->\n<title>Experimentiersatz WELLEN - MEKRUPHY GmbH<\/title>\n<meta name=\"description\" content=\"Sch\u00fclerexperimente zu den charakteristischen Welleneigenschaften Interferenz, Beugung und stehende Wellen, aber auch Reflexion und Brechung.\" \/>\n<meta name=\"robots\" content=\"index, follow, max-snippet:-1, max-image-preview:large, max-video-preview:-1\" \/>\n<link rel=\"canonical\" href=\"https:\/\/mekruphy.com\/de\/produkte\/physik\/akustik\/experimentiersatz-wellen\/\" \/>\n<meta property=\"og:locale\" content=\"de_DE\" \/>\n<meta property=\"og:type\" content=\"article\" \/>\n<meta property=\"og:title\" content=\"Experimentiersatz WELLEN - MEKRUPHY GmbH\" \/>\n<meta property=\"og:description\" content=\"Sch\u00fclerexperimente zu den charakteristischen Welleneigenschaften Interferenz, Beugung und stehende Wellen, aber auch Reflexion und Brechung.\" \/>\n<meta property=\"og:url\" content=\"https:\/\/mekruphy.com\/de\/produkte\/physik\/akustik\/experimentiersatz-wellen\/\" \/>\n<meta property=\"og:site_name\" content=\"MEKRUPHY GmbH\" \/>\n<meta property=\"article:modified_time\" content=\"2026-03-31T15:22:20+00:00\" \/>\n<meta property=\"og:image\" content=\"https:\/\/mekruphy.com\/de\/wp-content\/uploads\/2020\/07\/Kasten-Physik-WELLEN.jpg\" \/>\n\t<meta property=\"og:image:width\" content=\"1800\" \/>\n\t<meta property=\"og:image:height\" content=\"1371\" \/>\n\t<meta property=\"og:image:type\" content=\"image\/jpeg\" \/>\n<meta name=\"twitter:card\" content=\"summary_large_image\" \/>\n<meta name=\"twitter:label1\" content=\"Gesch\u00e4tzte Lesezeit\" \/>\n\t<meta name=\"twitter:data1\" content=\"4\u00a0Minuten\" \/>\n<script type=\"application\/ld+json\" class=\"yoast-schema-graph\">{\"@context\":\"https:\\\/\\\/schema.org\",\"@graph\":[{\"@type\":\"WebPage\",\"@id\":\"https:\\\/\\\/mekruphy.com\\\/de\\\/produkte\\\/physik\\\/akustik\\\/experimentiersatz-wellen\\\/\",\"url\":\"https:\\\/\\\/mekruphy.com\\\/de\\\/produkte\\\/physik\\\/akustik\\\/experimentiersatz-wellen\\\/\",\"name\":\"Experimentiersatz WELLEN - MEKRUPHY GmbH\",\"isPartOf\":{\"@id\":\"https:\\\/\\\/mekruphy.com\\\/de\\\/#website\"},\"primaryImageOfPage\":{\"@id\":\"https:\\\/\\\/mekruphy.com\\\/de\\\/produkte\\\/physik\\\/akustik\\\/experimentiersatz-wellen\\\/#primaryimage\"},\"image\":{\"@id\":\"https:\\\/\\\/mekruphy.com\\\/de\\\/produkte\\\/physik\\\/akustik\\\/experimentiersatz-wellen\\\/#primaryimage\"},\"thumbnailUrl\":\"https:\\\/\\\/mekruphy.com\\\/de\\\/wp-content\\\/uploads\\\/2020\\\/07\\\/Kasten-Physik-WELLEN.jpg\",\"datePublished\":\"2020-07-15T10:12:34+00:00\",\"dateModified\":\"2026-03-31T15:22:20+00:00\",\"description\":\"Sch\u00fclerexperimente zu den charakteristischen Welleneigenschaften Interferenz, Beugung und stehende Wellen, aber auch Reflexion und Brechung.\",\"breadcrumb\":{\"@id\":\"https:\\\/\\\/mekruphy.com\\\/de\\\/produkte\\\/physik\\\/akustik\\\/experimentiersatz-wellen\\\/#breadcrumb\"},\"inLanguage\":\"de\",\"potentialAction\":[{\"@type\":\"ReadAction\",\"target\":[\"https:\\\/\\\/mekruphy.com\\\/de\\\/produkte\\\/physik\\\/akustik\\\/experimentiersatz-wellen\\\/\"]}]},{\"@type\":\"ImageObject\",\"inLanguage\":\"de\",\"@id\":\"https:\\\/\\\/mekruphy.com\\\/de\\\/produkte\\\/physik\\\/akustik\\\/experimentiersatz-wellen\\\/#primaryimage\",\"url\":\"https:\\\/\\\/mekruphy.com\\\/de\\\/wp-content\\\/uploads\\\/2020\\\/07\\\/Kasten-Physik-WELLEN.jpg\",\"contentUrl\":\"https:\\\/\\\/mekruphy.com\\\/de\\\/wp-content\\\/uploads\\\/2020\\\/07\\\/Kasten-Physik-WELLEN.jpg\",\"width\":1800,\"height\":1371},{\"@type\":\"BreadcrumbList\",\"@id\":\"https:\\\/\\\/mekruphy.com\\\/de\\\/produkte\\\/physik\\\/akustik\\\/experimentiersatz-wellen\\\/#breadcrumb\",\"itemListElement\":[{\"@type\":\"ListItem\",\"position\":1,\"name\":\"Startseite\",\"item\":\"https:\\\/\\\/mekruphy.com\\\/de\\\/\"},{\"@type\":\"ListItem\",\"position\":2,\"name\":\"Produkte\",\"item\":\"https:\\\/\\\/mekruphy.com\\\/de\\\/produkte\\\/\"},{\"@type\":\"ListItem\",\"position\":3,\"name\":\"Physik\",\"item\":\"https:\\\/\\\/mekruphy.com\\\/de\\\/produkte\\\/physik\\\/\"},{\"@type\":\"ListItem\",\"position\":4,\"name\":\"Akustik \\\/ Wellen\",\"item\":\"https:\\\/\\\/mekruphy.com\\\/de\\\/produkte\\\/physik\\\/akustik\\\/\"},{\"@type\":\"ListItem\",\"position\":5,\"name\":\"Experimentiersatz WELLEN\"}]},{\"@type\":\"WebSite\",\"@id\":\"https:\\\/\\\/mekruphy.com\\\/de\\\/#website\",\"url\":\"https:\\\/\\\/mekruphy.com\\\/de\\\/\",\"name\":\"MEKRUPHY GmbH\",\"description\":\"Sch\u00fcler-Experimentierk\u00e4sten f\u00fcr den MINT-Unterricht\",\"potentialAction\":[{\"@type\":\"SearchAction\",\"target\":{\"@type\":\"EntryPoint\",\"urlTemplate\":\"https:\\\/\\\/mekruphy.com\\\/de\\\/?s={search_term_string}\"},\"query-input\":{\"@type\":\"PropertyValueSpecification\",\"valueRequired\":true,\"valueName\":\"search_term_string\"}}],\"inLanguage\":\"de\"}]}<\/script>\n<!-- \/ Yoast SEO plugin. -->","yoast_head_json":{"title":"Experimentiersatz WELLEN - MEKRUPHY GmbH","description":"Sch\u00fclerexperimente zu den charakteristischen Welleneigenschaften Interferenz, Beugung und stehende Wellen, aber auch Reflexion und Brechung.","robots":{"index":"index","follow":"follow","max-snippet":"max-snippet:-1","max-image-preview":"max-image-preview:large","max-video-preview":"max-video-preview:-1"},"canonical":"https:\/\/mekruphy.com\/de\/produkte\/physik\/akustik\/experimentiersatz-wellen\/","og_locale":"de_DE","og_type":"article","og_title":"Experimentiersatz WELLEN - MEKRUPHY GmbH","og_description":"Sch\u00fclerexperimente zu den charakteristischen Welleneigenschaften Interferenz, Beugung und stehende Wellen, aber auch Reflexion und Brechung.","og_url":"https:\/\/mekruphy.com\/de\/produkte\/physik\/akustik\/experimentiersatz-wellen\/","og_site_name":"MEKRUPHY GmbH","article_modified_time":"2026-03-31T15:22:20+00:00","og_image":[{"width":1800,"height":1371,"url":"https:\/\/mekruphy.com\/de\/wp-content\/uploads\/2020\/07\/Kasten-Physik-WELLEN.jpg","type":"image\/jpeg"}],"twitter_card":"summary_large_image","twitter_misc":{"Gesch\u00e4tzte Lesezeit":"4\u00a0Minuten"},"schema":{"@context":"https:\/\/schema.org","@graph":[{"@type":"WebPage","@id":"https:\/\/mekruphy.com\/de\/produkte\/physik\/akustik\/experimentiersatz-wellen\/","url":"https:\/\/mekruphy.com\/de\/produkte\/physik\/akustik\/experimentiersatz-wellen\/","name":"Experimentiersatz WELLEN - MEKRUPHY GmbH","isPartOf":{"@id":"https:\/\/mekruphy.com\/de\/#website"},"primaryImageOfPage":{"@id":"https:\/\/mekruphy.com\/de\/produkte\/physik\/akustik\/experimentiersatz-wellen\/#primaryimage"},"image":{"@id":"https:\/\/mekruphy.com\/de\/produkte\/physik\/akustik\/experimentiersatz-wellen\/#primaryimage"},"thumbnailUrl":"https:\/\/mekruphy.com\/de\/wp-content\/uploads\/2020\/07\/Kasten-Physik-WELLEN.jpg","datePublished":"2020-07-15T10:12:34+00:00","dateModified":"2026-03-31T15:22:20+00:00","description":"Sch\u00fclerexperimente zu den charakteristischen Welleneigenschaften Interferenz, Beugung und stehende Wellen, aber auch Reflexion und Brechung.","breadcrumb":{"@id":"https:\/\/mekruphy.com\/de\/produkte\/physik\/akustik\/experimentiersatz-wellen\/#breadcrumb"},"inLanguage":"de","potentialAction":[{"@type":"ReadAction","target":["https:\/\/mekruphy.com\/de\/produkte\/physik\/akustik\/experimentiersatz-wellen\/"]}]},{"@type":"ImageObject","inLanguage":"de","@id":"https:\/\/mekruphy.com\/de\/produkte\/physik\/akustik\/experimentiersatz-wellen\/#primaryimage","url":"https:\/\/mekruphy.com\/de\/wp-content\/uploads\/2020\/07\/Kasten-Physik-WELLEN.jpg","contentUrl":"https:\/\/mekruphy.com\/de\/wp-content\/uploads\/2020\/07\/Kasten-Physik-WELLEN.jpg","width":1800,"height":1371},{"@type":"BreadcrumbList","@id":"https:\/\/mekruphy.com\/de\/produkte\/physik\/akustik\/experimentiersatz-wellen\/#breadcrumb","itemListElement":[{"@type":"ListItem","position":1,"name":"Startseite","item":"https:\/\/mekruphy.com\/de\/"},{"@type":"ListItem","position":2,"name":"Produkte","item":"https:\/\/mekruphy.com\/de\/produkte\/"},{"@type":"ListItem","position":3,"name":"Physik","item":"https:\/\/mekruphy.com\/de\/produkte\/physik\/"},{"@type":"ListItem","position":4,"name":"Akustik \/ Wellen","item":"https:\/\/mekruphy.com\/de\/produkte\/physik\/akustik\/"},{"@type":"ListItem","position":5,"name":"Experimentiersatz WELLEN"}]},{"@type":"WebSite","@id":"https:\/\/mekruphy.com\/de\/#website","url":"https:\/\/mekruphy.com\/de\/","name":"MEKRUPHY GmbH","description":"Sch\u00fcler-Experimentierk\u00e4sten f\u00fcr den MINT-Unterricht","potentialAction":[{"@type":"SearchAction","target":{"@type":"EntryPoint","urlTemplate":"https:\/\/mekruphy.com\/de\/?s={search_term_string}"},"query-input":{"@type":"PropertyValueSpecification","valueRequired":true,"valueName":"search_term_string"}}],"inLanguage":"de"}]}},"coauthors":[],"author_meta":{"author_link":"https:\/\/mekruphy.com\/de\/author\/steps-sync\/","display_name":"Steps Sync"},"relative_dates":{"created":"Ver\u00f6ffentlicht 6\u00a0Jahren vor","modified":"Aktualisiert 3\u00a0Wochen vor"},"absolute_dates":{"created":"Ver\u00f6ffentlicht am 15. Juli 2020","modified":"Aktualisiert am 31. M\u00e4rz 2026"},"absolute_dates_time":{"created":"Ver\u00f6ffentlicht am 15. Juli 2020 12:12","modified":"Aktualisiert am 31. M\u00e4rz 2026 17:22"},"featured_img_caption":"","featured_img":"https:\/\/mekruphy.com\/de\/wp-content\/uploads\/2020\/07\/Kasten-Physik-WELLEN.jpg","series_order":"","_links":{"self":[{"href":"https:\/\/mekruphy.com\/de\/wp-json\/wp\/v2\/pages\/376","targetHints":{"allow":["GET"]}}],"collection":[{"href":"https:\/\/mekruphy.com\/de\/wp-json\/wp\/v2\/pages"}],"about":[{"href":"https:\/\/mekruphy.com\/de\/wp-json\/wp\/v2\/types\/page"}],"author":[{"embeddable":true,"href":"https:\/\/mekruphy.com\/de\/wp-json\/wp\/v2\/users\/3"}],"replies":[{"embeddable":true,"href":"https:\/\/mekruphy.com\/de\/wp-json\/wp\/v2\/comments?post=376"}],"version-history":[{"count":22,"href":"https:\/\/mekruphy.com\/de\/wp-json\/wp\/v2\/pages\/376\/revisions"}],"predecessor-version":[{"id":9455,"href":"https:\/\/mekruphy.com\/de\/wp-json\/wp\/v2\/pages\/376\/revisions\/9455"}],"up":[{"embeddable":true,"href":"https:\/\/mekruphy.com\/de\/wp-json\/wp\/v2\/pages\/956"}],"wp:featuredmedia":[{"embeddable":true,"href":"https:\/\/mekruphy.com\/de\/wp-json\/wp\/v2\/media\/1757"}],"wp:attachment":[{"href":"https:\/\/mekruphy.com\/de\/wp-json\/wp\/v2\/media?parent=376"}],"curies":[{"name":"wp","href":"https:\/\/api.w.org\/{rel}","templated":true}]}}