{"id":380,"date":"2020-07-15T12:18:55","date_gmt":"2020-07-15T10:18:55","guid":{"rendered":"https:\/\/mekruphy.com\/de\/experimentiersatz-optik-1\/"},"modified":"2026-03-31T17:31:19","modified_gmt":"2026-03-31T15:31:19","slug":"experimentiersatz-optik-1","status":"publish","type":"page","link":"https:\/\/mekruphy.com\/de\/produkte\/physik\/optik\/experimentiersatz-optik-1\/","title":{"rendered":"Experimentiersatz OPTIK 1"},"content":{"rendered":"<div class=\"yoast-breadcrumbs breadcrumbs-indented\"><span><span><a href=\"https:\/\/mekruphy.com\/de\/\">Startseite<\/a><\/span> \u00bb <span><a href=\"https:\/\/mekruphy.com\/de\/produkte\/\">Produkte<\/a><\/span> \u00bb <span><a href=\"https:\/\/mekruphy.com\/de\/produkte\/physik\/\">Physik<\/a><\/span> \u00bb <span><a href=\"https:\/\/mekruphy.com\/de\/produkte\/physik\/optik\/\">Optik<\/a><\/span> \u00bb <span class=\"breadcrumb_last\" aria-current=\"page\">Experimentiersatz OPTIK 1<\/span><\/span><\/div>\n\n\n<div class=\"wp-block-advgb-adv-tabs advgb-tabs-wrapper advgb-tab-horz-desktop advgb-tab-vert-tablet advgb-tab-stack-mobile advgb-tabs-7c650fea-20bd-4988-981c-a6e87e69c911\" data-tab-active=\"0\"><ul class=\"advgb-tabs-panel\" role=\"tablist\"><li class=\"advgb-tab advgb-tab-active\" role=\"presentation\" style=\"background-color:#e0e0e0;border-style:solid;border-width:1px;border-radius:10px\"><button class=\"advgb-tab-button\" id=\"advgb-tab-_650fea-20-0\" aria-controls=\"advgb-tab-panel-_650fea-20-0\" role=\"tab\" aria-selected=\"true\" tabindex=\"0\" style=\"color:#fff;background:none;border:none;width:100%;text-align:inherit;cursor:pointer;padding:8px 16px;font:inherit\"><span>Beschreibung<\/span><\/button><\/li><li class=\"advgb-tab \" role=\"presentation\" style=\"background-color:#e0e0e0;border-style:solid;border-width:1px;border-radius:10px\"><button class=\"advgb-tab-button\" id=\"advgb-tab-_650fea-20-1\" aria-controls=\"advgb-tab-panel-_650fea-20-1\" role=\"tab\" aria-selected=\"false\" tabindex=\"0\" style=\"color:#fff;background:none;border:none;width:100%;text-align:inherit;cursor:pointer;padding:8px 16px;font:inherit\"><span>Lieferumfang<\/span><\/button><\/li><li class=\"advgb-tab \" role=\"presentation\" style=\"background-color:#e0e0e0;border-style:solid;border-width:1px;border-radius:10px\"><button class=\"advgb-tab-button\" id=\"advgb-tab-_650fea-20-2\" aria-controls=\"advgb-tab-panel-_650fea-20-2\" role=\"tab\" aria-selected=\"false\" tabindex=\"0\" style=\"color:#fff;background:none;border:none;width:100%;text-align:inherit;cursor:pointer;padding:8px 16px;font:inherit\"><span>Experimente<\/span><\/button><\/li><li class=\"advgb-tab \" role=\"presentation\" style=\"background-color:#e0e0e0;border-style:solid;border-width:1px;border-radius:10px\"><button class=\"advgb-tab-button\" id=\"advgb-tab-_650fea-20-3\" aria-controls=\"advgb-tab-panel-_650fea-20-3\" role=\"tab\" aria-selected=\"false\" tabindex=\"0\" style=\"color:#fff;background:none;border:none;width:100%;text-align:inherit;cursor:pointer;padding:8px 16px;font:inherit\"><span>Bilder<\/span><\/button><\/li><\/ul><div class=\"advgb-tab-body-wrapper\" style=\"border-style:solid;border-width:1px;border-radius:10px\">\n<div class=\"wp-block-advgb-tab advgb-tab-body-container\"><div class=\"advgb-tab-body-header advgb-tab-class- header-active\" id=\"advgb-tab-panel-_bf82dc-18-0\" role=\"tabpanel\" aria-labelledby=\"advgb-tab-_bf82dc-18-0\" tabindex=\"0\"><span>Beschreibung<\/span><\/div><div class=\"advgb-tab-_bf82dc-18 advgb-tab-body\" aria-labelledby=\"advgb-tab-panel-_bf82dc-18-0\" style=\"display:block\">\n<h2 class=\"wp-block-heading\">Experimente zur geometrischen Optik bei Tageslicht<\/h2>\n\n\n\n<p>Mit dem Experimentiersatz OPTIK 1 lassen sich alle grundlegenden Sch\u00fclerexperimente zur geometrischen <a href=\"https:\/\/mekruphy.com\/de\/produkte\/physik\/optik\/\">Optik<\/a> nicht nur einfacher, sondern \u2013 bei gleicher Genauigkeit \u2013 auch schneller durchf\u00fchren als die entsprechenden Lehrerexperimente. Und das alles bei Tageslicht, dank der enorm lichtstarken Halogengl\u00fchlampe.<\/p>\n\n\n\n<p>Die handliche und stabile Experimentierleuchte erzeugt beim Einschalten sofort exakt paralleles Licht ohne Justieren. Dazu stellt man die Lampe einfach auf den Tisch, schlie\u00dft sie an eine 12V-Spannungsquelle an und kann mit dem Experimentieren beginnen.<\/p>\n\n\n\n<p>In das Doppel-U-Profil des Lampengeh\u00e4uses aus Aluminium k\u00f6nnen Blenden mit 1, 2, 3 oder 5 Schlitzen eingeschoben werden, um eine entsprechende Anzahl paralleler \u201eLichtstrahlen\u201c zu erzeugen. In gleicher Weise erzeugt die 3-Farbenblende drei parallele Lichtb\u00fcndel in den Prim\u00e4rfarben rot, gr\u00fcn und blau.<\/p>\n\n\n\n<h3 class=\"wp-block-heading\">Keine Zusatzger\u00e4te erforderlich<\/h3>\n\n\n\n<p>Dieser Experimentiersatz kommt ohne optische Bank, Tischchen oder \u00e4hnliche Hilfsmittel aus. Die Winkelscheibe aus wei\u00dfem Acrylglas mit absolut kratzfestem Siebdruck erlaubt ein schnelles und genaues Messen. Die Halogengl\u00fchlampe hat eine extrem lange Lebensdauer. Sie kann gegebenenfalls rasch und einfach ausgewechselt werden.<\/p>\n\n\n\n<p><\/p>\n\n\n\n<h3 class=\"wp-block-heading\" id=\"h-begleitmaterialien\">Begleitmaterialien<\/h3>\n\n\n\n<p>Passend zum Experimentiersatz OPTIK 1 sind auch ein <a href=\"https:\/\/mekruphy.com\/de\/produkte\/addestation\/addestation-arbeitshefte\/\">Sch\u00fclerheft<\/a> und ein <a href=\"https:\/\/mekruphy.com\/de\/produkte\/addestation\/addestation-arbeitshefte\/\">Lehrerheft<\/a> mit didaktischen Anweisungen und L\u00f6sungen in analoger Form erh\u00e4ltlich. Das Sch\u00fclerheft ist auch in digitaler Form erwerbbar.<\/p>\n<\/div><\/div>\n\n\n\n<div class=\"wp-block-advgb-tab advgb-tab-body-container\"><div class=\"advgb-tab-body-header advgb-tab-class- \" id=\"advgb-tab-panel-_bf82dc-18-1\" role=\"tabpanel\" aria-labelledby=\"advgb-tab-_bf82dc-18-1\" tabindex=\"0\"><span>Lieferumfang<\/span><\/div><div class=\"advgb-tab-_bf82dc-18 advgb-tab-body\" aria-labelledby=\"advgb-tab-panel-_bf82dc-18-1\" style=\"display:none\">\n<figure class=\"wp-block-table table-product-contents\"><table><tbody><tr><td>01.01.10<\/td><td>Aufbewahrungskasten<\/td><\/tr><tr><td>04.02.00<\/td><td>Ger\u00e4tegeformter Einsatz O1<\/td><\/tr><tr><td>04.03.00<\/td><td>Experimentierleuchte mit Halogengl\u00fchlampe*<\/td><\/tr><tr><td>04.04.10<\/td><td>Vollblende O1<\/td><\/tr><tr><td>04.04.20<\/td><td>Blende mit 1 und 2 Schlitzen<\/td><\/tr><tr><td>04.04.30<\/td><td>Blende mit 3 und 5 Schlitzen<\/td><\/tr><tr><td>04.05.50<\/td><td>Plan-\/Konvexspiegel<\/td><\/tr><tr><td>04.06.10<\/td><td>Halbzylinder<\/td><\/tr><tr><td>04.06.20<\/td><td>Trapezk\u00f6rper<\/td><\/tr><tr><td>04.06.30<\/td><td>90\u00b0-Prisma<\/td><\/tr><tr><td>04.07.00<\/td><td>Kunststofftrog mit Beschichtung<\/td><\/tr><tr><td>04.08.10<\/td><td>Plankonvexlinse (2 St\u00fcck)<\/td><\/tr><tr><td>04.08.20<\/td><td>Plankonkavlinse<\/td><\/tr><tr><td>04.09.20<\/td><td>Experimentierkabel 75 cm blau (2 St\u00fcck)<\/td><\/tr><tr><td>04.10.00<\/td><td>Plan-\/Konkavspiegel<\/td><\/tr><tr><td>04.11.00<\/td><td>Winkelscheibe O1<\/td><\/tr><tr><td>04.12.00<\/td><td>Drei-Farben-Blende<\/td><\/tr><tr><td>04.13.00<\/td><td>Subtraktiv-Filter Gelb<\/td><\/tr><tr><td>04.14.00<\/td><td>Subtraktiv-Filter Magenta<\/td><\/tr><tr><td>04.15.00<\/td><td>Subtraktiv-Filter Cyan<\/td><\/tr><tr><td>04.16.00<\/td><td>Kreuzungsmodul<\/td><\/tr><tr><td>04.17.10<\/td><td>Acrylglasplatte blau<\/td><\/tr><tr><td>04.17.20<\/td><td>Acrylglasplatte gr\u00fcn<\/td><\/tr><tr><td>04.17.30<\/td><td>Acrylglasplatte gelb<\/td><\/tr><tr><td>04.17.40<\/td><td>Acrylglasplatte orange<\/td><\/tr><tr><td>04.17.50<\/td><td>Acrylglasplatte rot<\/td><\/tr><\/tbody><\/table><\/figure>\n\n\n\n<h3 class=\"wp-block-heading\" id=\"zusatzlich-erforderlich\">Zus\u00e4tzlich erforderlich:<\/h3>\n\n\n\n<p>00.05.10&nbsp; <a href=\"https:\/\/mekruphy.com\/de\/produkte\/physik\/physik-spannungsversorgung\/\">Kleinspannungsnetzger\u00e4t MKS 2.4<\/a> &nbsp; oder &nbsp; 00.05.20&nbsp; <a href=\"https:\/\/mekruphy.com\/de\/produkte\/physik\/physik-spannungsversorgung\/\">Kleinspannungsnetzger\u00e4t MKS 3.1<\/a><\/p>\n\n\n\n<p><\/p>\n\n\n\n<h3 class=\"wp-block-heading\" id=\"zusatzlich-erforderlich\">Alternative:<\/h3>\n\n\n\n<p>*04.03.50\u00a0 Experimentierleuchte mit wei\u00dfer LED<\/p>\n\n\n\n<p><\/p>\n<\/div><\/div>\n\n\n\n<div class=\"wp-block-advgb-tab advgb-tab-body-container\"><div class=\"advgb-tab-body-header advgb-tab-class- \" id=\"advgb-tab-panel-_bf82dc-18-2\" role=\"tabpanel\" aria-labelledby=\"advgb-tab-_bf82dc-18-2\" tabindex=\"0\"><span>Experimente<\/span><\/div><div class=\"advgb-tab-_bf82dc-18 advgb-tab-body\" aria-labelledby=\"advgb-tab-panel-_bf82dc-18-2\" style=\"display:none\">\n<p><\/p>\n\n\n\n<figure class=\"wp-block-table table-product-experiments\"><table><tbody><tr><td>O1-1<\/td><td>Lichtb\u00fcndel und Lichtstrahl<\/td><\/tr><tr><td>O1-2<\/td><td>Die Reflexion am ebenen Spiegel<\/td><\/tr><tr><td>O1-3<\/td><td>Die vermeintliche Lage des Spiegelbildes<\/td><\/tr><tr><td>O1-4<\/td><td>Der Winkelspiegel<\/td><\/tr><tr><td>O1-5<\/td><td>Der Brennpunkt eines Hohlspiegels<\/td><\/tr><tr><td>O1-6<\/td><td>Besondere Strahlen am Hohlspiegel<\/td><\/tr><tr><td>O1-7<\/td><td>Der scheinbare Brennpunkt eines W\u00f6lbspiegels<\/td><\/tr><tr><td>O1-8<\/td><td>Bildkonstruktion am W\u00f6lbspiegel<\/td><\/tr><tr><td>O1-9<\/td><td>Die Brechung des Lichts<\/td><\/tr><tr><td>O1-10<\/td><td>Die planparallele Platte<\/td><\/tr><tr><td>O1-11<\/td><td>Die Brechungszahl Luft\/Wasser<\/td><\/tr><tr><td>O1-12<\/td><td>Der Grenzwinkel der Totalreflexion<\/td><\/tr><tr><td>O1-13<\/td><td>Das totalreflektierende Prisma<\/td><\/tr><tr><td>O1-14<\/td><td>Glasfaseroptik<\/td><\/tr><tr><td>O1-15<\/td><td>Die Brennpunkte einer Konvexlinse<\/td><\/tr><tr><td>O1-16<\/td><td>Besondere Strahlen bei der Konvexlinse<\/td><\/tr><tr><td>O1-17<\/td><td>Scheinbare Brennpunkte einer Konkavlinse<\/td><\/tr><tr><td>O1-18<\/td><td>Linsenkombinationen<\/td><\/tr><tr><td>O1-19<\/td><td>Die Zerlegung des wei\u00dfen Lichts<\/td><\/tr><tr><td>O1-20<\/td><td>Die additive Farbmischung<\/td><\/tr><tr><td>O1-21<\/td><td>Die subtraktive Farbmischung<\/td><\/tr><tr><td>O1-22<\/td><td>Die Lichtkreuzung<\/td><\/tr><tr><td>O1-23<\/td><td>Beleuchtete K\u00f6rper<\/td><\/tr><tr><td>O1-24<\/td><td>Schattenbildung<\/td><\/tr><\/tbody><\/table><\/figure>\n<\/div><\/div>\n\n\n\n<div class=\"wp-block-advgb-tab advgb-tab-body-container\"><div class=\"advgb-tab-body-header advgb-tab-class-undefined \" id=\"advgb-tab-panel-_bf82dc-18-3\" role=\"tabpanel\" aria-labelledby=\"advgb-tab-_bf82dc-18-3\" tabindex=\"0\"><span>Bilder<\/span><\/div><div class=\"advgb-tab-_bf82dc-18 advgb-tab-body\" aria-labelledby=\"advgb-tab-panel-_bf82dc-18-3\" style=\"display:none\"><div class=\"wp-block-image\">\n<figure class=\"aligncenter size-large is-resized\"><img loading=\"lazy\" decoding=\"async\" width=\"540\" height=\"443\" src=\"https:\/\/mekruphy.com\/de\/wp-content\/uploads\/2021\/03\/O1_1.png\" alt=\"Halogengl\u00fchlampe\" class=\"wp-image-3043\" style=\"width:511px;height:420px\" srcset=\"https:\/\/mekruphy.com\/de\/wp-content\/uploads\/2021\/03\/O1_1.png 540w, https:\/\/mekruphy.com\/de\/wp-content\/uploads\/2021\/03\/O1_1-300x246.png 300w\" sizes=\"auto, (max-width: 540px) 100vw, 540px\" \/><\/figure>\n<\/div>\n\n\n<p>&nbsp;<\/p>\n\n\n<div class=\"wp-block-image\">\n<figure class=\"aligncenter size-large is-resized\"><img loading=\"lazy\" decoding=\"async\" width=\"765\" height=\"660\" src=\"https:\/\/mekruphy.com\/de\/wp-content\/uploads\/2021\/03\/O1_2.jpg\" alt=\"OPTIK 1 Sch\u00fclerexperiment\" class=\"wp-image-3044\" style=\"width:511px;height:440px\" srcset=\"https:\/\/mekruphy.com\/de\/wp-content\/uploads\/2021\/03\/O1_2.jpg 765w, https:\/\/mekruphy.com\/de\/wp-content\/uploads\/2021\/03\/O1_2-300x259.jpg 300w\" sizes=\"auto, (max-width: 765px) 100vw, 765px\" \/><\/figure>\n<\/div>\n\n\n<p>&nbsp;<\/p>\n\n\n<div class=\"wp-block-image\">\n<figure class=\"aligncenter size-large is-resized\"><img loading=\"lazy\" decoding=\"async\" width=\"742\" height=\"679\" src=\"https:\/\/mekruphy.com\/de\/wp-content\/uploads\/2021\/03\/O1_3.jpg\" alt=\"Versuchsaufbau Optik\" class=\"wp-image-3045\" style=\"width:511px;height:466px\" srcset=\"https:\/\/mekruphy.com\/de\/wp-content\/uploads\/2021\/03\/O1_3.jpg 742w, https:\/\/mekruphy.com\/de\/wp-content\/uploads\/2021\/03\/O1_3-300x275.jpg 300w\" sizes=\"auto, (max-width: 742px) 100vw, 742px\" \/><\/figure>\n<\/div><\/div><\/div>\n<\/div><\/div>\n<style class=\"advgb-styles-renderer\">.advgb-tabs-7c650fea-20bd-4988-981c-a6e87e69c911 ul.advgb-tabs-panel li.advgb-tab.advgb-tab-active {background-color:#5954d6 !important;color:#fff !important;}#advgb-tabs-7c650fea-20bd-4988-981c-a6e87e69c911 .advgb-tab-body-header.header-active, .advgb-tabs-7c650fea-20bd-4988-981c-a6e87e69c911 .advgb-tab-body-header.header-active{background-color:#5954d6 !important;color:#fff !important;}<\/style>","protected":false},"excerpt":{"rendered":"","protected":false},"author":3,"featured_media":3550,"parent":961,"menu_order":0,"comment_status":"closed","ping_status":"closed","template":"templates\/product.php","meta":{"_acf_changed":false,"_coblocks_attr":"","_coblocks_dimensions":"","_coblocks_responsive_height":"","_coblocks_accordion_ie_support":"","_eb_attr":"","advgb_blocks_editor_width":"","advgb_blocks_columns_visual_guide":"","footnotes":""},"class_list":["post-380","page","type-page","status-publish","has-post-thumbnail","hentry"],"acf":[],"yoast_head":"<!-- This site is optimized with the Yoast SEO plugin v27.3 - https:\/\/yoast.com\/product\/yoast-seo-wordpress\/ -->\n<title>Experimentiersatz OPTIK 1 - MEKRUPHY GmbH<\/title>\n<meta name=\"description\" content=\"Der Kasten OPTIK 1 erlaubt es, alle grundlegenden Sch\u00fclerexperimente zur geometrischen Optik einfach und schnell durchzuf\u00fchren.\" \/>\n<meta name=\"robots\" content=\"index, follow, max-snippet:-1, max-image-preview:large, max-video-preview:-1\" \/>\n<link rel=\"canonical\" href=\"https:\/\/mekruphy.com\/de\/produkte\/physik\/optik\/experimentiersatz-optik-1\/\" \/>\n<meta property=\"og:locale\" content=\"de_DE\" \/>\n<meta property=\"og:type\" content=\"article\" \/>\n<meta property=\"og:title\" content=\"Experimentiersatz OPTIK 1 - MEKRUPHY GmbH\" \/>\n<meta property=\"og:description\" content=\"Der Kasten OPTIK 1 erlaubt es, alle grundlegenden Sch\u00fclerexperimente zur geometrischen Optik einfach und schnell durchzuf\u00fchren.\" \/>\n<meta property=\"og:url\" content=\"https:\/\/mekruphy.com\/de\/produkte\/physik\/optik\/experimentiersatz-optik-1\/\" \/>\n<meta property=\"og:site_name\" content=\"MEKRUPHY GmbH\" \/>\n<meta property=\"article:modified_time\" content=\"2026-03-31T15:31:19+00:00\" \/>\n<meta property=\"og:image\" content=\"https:\/\/mekruphy.com\/de\/wp-content\/uploads\/2021\/05\/O1-scaled.jpg\" \/>\n\t<meta property=\"og:image:width\" content=\"2560\" \/>\n\t<meta property=\"og:image:height\" content=\"1968\" \/>\n\t<meta property=\"og:image:type\" content=\"image\/jpeg\" \/>\n<meta name=\"twitter:card\" content=\"summary_large_image\" \/>\n<meta name=\"twitter:label1\" content=\"Gesch\u00e4tzte Lesezeit\" \/>\n\t<meta name=\"twitter:data1\" content=\"4\u00a0Minuten\" \/>\n<script type=\"application\/ld+json\" class=\"yoast-schema-graph\">{\"@context\":\"https:\\\/\\\/schema.org\",\"@graph\":[{\"@type\":\"WebPage\",\"@id\":\"https:\\\/\\\/mekruphy.com\\\/de\\\/produkte\\\/physik\\\/optik\\\/experimentiersatz-optik-1\\\/\",\"url\":\"https:\\\/\\\/mekruphy.com\\\/de\\\/produkte\\\/physik\\\/optik\\\/experimentiersatz-optik-1\\\/\",\"name\":\"Experimentiersatz OPTIK 1 - MEKRUPHY GmbH\",\"isPartOf\":{\"@id\":\"https:\\\/\\\/mekruphy.com\\\/de\\\/#website\"},\"primaryImageOfPage\":{\"@id\":\"https:\\\/\\\/mekruphy.com\\\/de\\\/produkte\\\/physik\\\/optik\\\/experimentiersatz-optik-1\\\/#primaryimage\"},\"image\":{\"@id\":\"https:\\\/\\\/mekruphy.com\\\/de\\\/produkte\\\/physik\\\/optik\\\/experimentiersatz-optik-1\\\/#primaryimage\"},\"thumbnailUrl\":\"https:\\\/\\\/mekruphy.com\\\/de\\\/wp-content\\\/uploads\\\/2021\\\/05\\\/O1-scaled.jpg\",\"datePublished\":\"2020-07-15T10:18:55+00:00\",\"dateModified\":\"2026-03-31T15:31:19+00:00\",\"description\":\"Der Kasten OPTIK 1 erlaubt es, alle grundlegenden Sch\u00fclerexperimente zur geometrischen Optik einfach und schnell durchzuf\u00fchren.\",\"breadcrumb\":{\"@id\":\"https:\\\/\\\/mekruphy.com\\\/de\\\/produkte\\\/physik\\\/optik\\\/experimentiersatz-optik-1\\\/#breadcrumb\"},\"inLanguage\":\"de\",\"potentialAction\":[{\"@type\":\"ReadAction\",\"target\":[\"https:\\\/\\\/mekruphy.com\\\/de\\\/produkte\\\/physik\\\/optik\\\/experimentiersatz-optik-1\\\/\"]}]},{\"@type\":\"ImageObject\",\"inLanguage\":\"de\",\"@id\":\"https:\\\/\\\/mekruphy.com\\\/de\\\/produkte\\\/physik\\\/optik\\\/experimentiersatz-optik-1\\\/#primaryimage\",\"url\":\"https:\\\/\\\/mekruphy.com\\\/de\\\/wp-content\\\/uploads\\\/2021\\\/05\\\/O1-scaled.jpg\",\"contentUrl\":\"https:\\\/\\\/mekruphy.com\\\/de\\\/wp-content\\\/uploads\\\/2021\\\/05\\\/O1-scaled.jpg\",\"width\":2560,\"height\":1968},{\"@type\":\"BreadcrumbList\",\"@id\":\"https:\\\/\\\/mekruphy.com\\\/de\\\/produkte\\\/physik\\\/optik\\\/experimentiersatz-optik-1\\\/#breadcrumb\",\"itemListElement\":[{\"@type\":\"ListItem\",\"position\":1,\"name\":\"Startseite\",\"item\":\"https:\\\/\\\/mekruphy.com\\\/de\\\/\"},{\"@type\":\"ListItem\",\"position\":2,\"name\":\"Produkte\",\"item\":\"https:\\\/\\\/mekruphy.com\\\/de\\\/produkte\\\/\"},{\"@type\":\"ListItem\",\"position\":3,\"name\":\"Physik\",\"item\":\"https:\\\/\\\/mekruphy.com\\\/de\\\/produkte\\\/physik\\\/\"},{\"@type\":\"ListItem\",\"position\":4,\"name\":\"Optik\",\"item\":\"https:\\\/\\\/mekruphy.com\\\/de\\\/produkte\\\/physik\\\/optik\\\/\"},{\"@type\":\"ListItem\",\"position\":5,\"name\":\"Experimentiersatz OPTIK 1\"}]},{\"@type\":\"WebSite\",\"@id\":\"https:\\\/\\\/mekruphy.com\\\/de\\\/#website\",\"url\":\"https:\\\/\\\/mekruphy.com\\\/de\\\/\",\"name\":\"MEKRUPHY GmbH\",\"description\":\"Sch\u00fcler-Experimentierk\u00e4sten f\u00fcr den MINT-Unterricht\",\"potentialAction\":[{\"@type\":\"SearchAction\",\"target\":{\"@type\":\"EntryPoint\",\"urlTemplate\":\"https:\\\/\\\/mekruphy.com\\\/de\\\/?s={search_term_string}\"},\"query-input\":{\"@type\":\"PropertyValueSpecification\",\"valueRequired\":true,\"valueName\":\"search_term_string\"}}],\"inLanguage\":\"de\"}]}<\/script>\n<!-- \/ Yoast SEO plugin. -->","yoast_head_json":{"title":"Experimentiersatz OPTIK 1 - MEKRUPHY GmbH","description":"Der Kasten OPTIK 1 erlaubt es, alle grundlegenden Sch\u00fclerexperimente zur geometrischen Optik einfach und schnell durchzuf\u00fchren.","robots":{"index":"index","follow":"follow","max-snippet":"max-snippet:-1","max-image-preview":"max-image-preview:large","max-video-preview":"max-video-preview:-1"},"canonical":"https:\/\/mekruphy.com\/de\/produkte\/physik\/optik\/experimentiersatz-optik-1\/","og_locale":"de_DE","og_type":"article","og_title":"Experimentiersatz OPTIK 1 - MEKRUPHY GmbH","og_description":"Der Kasten OPTIK 1 erlaubt es, alle grundlegenden Sch\u00fclerexperimente zur geometrischen Optik einfach und schnell durchzuf\u00fchren.","og_url":"https:\/\/mekruphy.com\/de\/produkte\/physik\/optik\/experimentiersatz-optik-1\/","og_site_name":"MEKRUPHY GmbH","article_modified_time":"2026-03-31T15:31:19+00:00","og_image":[{"width":2560,"height":1968,"url":"https:\/\/mekruphy.com\/de\/wp-content\/uploads\/2021\/05\/O1-scaled.jpg","type":"image\/jpeg"}],"twitter_card":"summary_large_image","twitter_misc":{"Gesch\u00e4tzte Lesezeit":"4\u00a0Minuten"},"schema":{"@context":"https:\/\/schema.org","@graph":[{"@type":"WebPage","@id":"https:\/\/mekruphy.com\/de\/produkte\/physik\/optik\/experimentiersatz-optik-1\/","url":"https:\/\/mekruphy.com\/de\/produkte\/physik\/optik\/experimentiersatz-optik-1\/","name":"Experimentiersatz OPTIK 1 - MEKRUPHY GmbH","isPartOf":{"@id":"https:\/\/mekruphy.com\/de\/#website"},"primaryImageOfPage":{"@id":"https:\/\/mekruphy.com\/de\/produkte\/physik\/optik\/experimentiersatz-optik-1\/#primaryimage"},"image":{"@id":"https:\/\/mekruphy.com\/de\/produkte\/physik\/optik\/experimentiersatz-optik-1\/#primaryimage"},"thumbnailUrl":"https:\/\/mekruphy.com\/de\/wp-content\/uploads\/2021\/05\/O1-scaled.jpg","datePublished":"2020-07-15T10:18:55+00:00","dateModified":"2026-03-31T15:31:19+00:00","description":"Der Kasten OPTIK 1 erlaubt es, alle grundlegenden Sch\u00fclerexperimente zur geometrischen Optik einfach und schnell durchzuf\u00fchren.","breadcrumb":{"@id":"https:\/\/mekruphy.com\/de\/produkte\/physik\/optik\/experimentiersatz-optik-1\/#breadcrumb"},"inLanguage":"de","potentialAction":[{"@type":"ReadAction","target":["https:\/\/mekruphy.com\/de\/produkte\/physik\/optik\/experimentiersatz-optik-1\/"]}]},{"@type":"ImageObject","inLanguage":"de","@id":"https:\/\/mekruphy.com\/de\/produkte\/physik\/optik\/experimentiersatz-optik-1\/#primaryimage","url":"https:\/\/mekruphy.com\/de\/wp-content\/uploads\/2021\/05\/O1-scaled.jpg","contentUrl":"https:\/\/mekruphy.com\/de\/wp-content\/uploads\/2021\/05\/O1-scaled.jpg","width":2560,"height":1968},{"@type":"BreadcrumbList","@id":"https:\/\/mekruphy.com\/de\/produkte\/physik\/optik\/experimentiersatz-optik-1\/#breadcrumb","itemListElement":[{"@type":"ListItem","position":1,"name":"Startseite","item":"https:\/\/mekruphy.com\/de\/"},{"@type":"ListItem","position":2,"name":"Produkte","item":"https:\/\/mekruphy.com\/de\/produkte\/"},{"@type":"ListItem","position":3,"name":"Physik","item":"https:\/\/mekruphy.com\/de\/produkte\/physik\/"},{"@type":"ListItem","position":4,"name":"Optik","item":"https:\/\/mekruphy.com\/de\/produkte\/physik\/optik\/"},{"@type":"ListItem","position":5,"name":"Experimentiersatz OPTIK 1"}]},{"@type":"WebSite","@id":"https:\/\/mekruphy.com\/de\/#website","url":"https:\/\/mekruphy.com\/de\/","name":"MEKRUPHY GmbH","description":"Sch\u00fcler-Experimentierk\u00e4sten f\u00fcr den MINT-Unterricht","potentialAction":[{"@type":"SearchAction","target":{"@type":"EntryPoint","urlTemplate":"https:\/\/mekruphy.com\/de\/?s={search_term_string}"},"query-input":{"@type":"PropertyValueSpecification","valueRequired":true,"valueName":"search_term_string"}}],"inLanguage":"de"}]}},"coauthors":[],"author_meta":{"author_link":"https:\/\/mekruphy.com\/de\/author\/steps-sync\/","display_name":"Steps Sync"},"relative_dates":{"created":"Posted 6\u00a0Jahren ago","modified":"Updated 1\u00a0Woche ago"},"absolute_dates":{"created":"Posted on 15. Juli 2020","modified":"Updated on 31. M\u00e4rz 2026"},"absolute_dates_time":{"created":"Posted on 15. Juli 2020 12:18","modified":"Updated on 31. M\u00e4rz 2026 17:31"},"featured_img_caption":"","featured_img":"https:\/\/mekruphy.com\/de\/wp-content\/uploads\/2021\/05\/O1-scaled.jpg","series_order":"","_links":{"self":[{"href":"https:\/\/mekruphy.com\/de\/wp-json\/wp\/v2\/pages\/380","targetHints":{"allow":["GET"]}}],"collection":[{"href":"https:\/\/mekruphy.com\/de\/wp-json\/wp\/v2\/pages"}],"about":[{"href":"https:\/\/mekruphy.com\/de\/wp-json\/wp\/v2\/types\/page"}],"author":[{"embeddable":true,"href":"https:\/\/mekruphy.com\/de\/wp-json\/wp\/v2\/users\/3"}],"replies":[{"embeddable":true,"href":"https:\/\/mekruphy.com\/de\/wp-json\/wp\/v2\/comments?post=380"}],"version-history":[{"count":23,"href":"https:\/\/mekruphy.com\/de\/wp-json\/wp\/v2\/pages\/380\/revisions"}],"predecessor-version":[{"id":9461,"href":"https:\/\/mekruphy.com\/de\/wp-json\/wp\/v2\/pages\/380\/revisions\/9461"}],"up":[{"embeddable":true,"href":"https:\/\/mekruphy.com\/de\/wp-json\/wp\/v2\/pages\/961"}],"wp:featuredmedia":[{"embeddable":true,"href":"https:\/\/mekruphy.com\/de\/wp-json\/wp\/v2\/media\/3550"}],"wp:attachment":[{"href":"https:\/\/mekruphy.com\/de\/wp-json\/wp\/v2\/media?parent=380"}],"curies":[{"name":"wp","href":"https:\/\/api.w.org\/{rel}","templated":true}]}}