{"id":384,"date":"2020-07-15T12:19:22","date_gmt":"2020-07-15T10:19:22","guid":{"rendered":"https:\/\/mekruphy.com\/de\/experimentiersatz-optik-2\/"},"modified":"2026-03-31T18:06:44","modified_gmt":"2026-03-31T16:06:44","slug":"experimentiersatz-optik-2","status":"publish","type":"page","link":"https:\/\/mekruphy.com\/de\/produkte\/physik\/optik\/experimentiersatz-optik-2\/","title":{"rendered":"Experimentiersatz OPTIK 2"},"content":{"rendered":"<div class=\"yoast-breadcrumbs breadcrumbs-indented\"><span><span><a href=\"https:\/\/mekruphy.com\/de\/\">Startseite<\/a><\/span> \u00bb <span><a href=\"https:\/\/mekruphy.com\/de\/produkte\/\">Produkte<\/a><\/span> \u00bb <span><a href=\"https:\/\/mekruphy.com\/de\/produkte\/physik\/\">Physik<\/a><\/span> \u00bb <span><a href=\"https:\/\/mekruphy.com\/de\/produkte\/physik\/optik\/\">Optik<\/a><\/span> \u00bb <span class=\"breadcrumb_last\" aria-current=\"page\">Experimentiersatz OPTIK 2<\/span><\/span><\/div>\n\n\n<div class=\"wp-block-advgb-adv-tabs advgb-tabs-wrapper advgb-tab-horz-desktop advgb-tab-vert-tablet advgb-tab-stack-mobile advgb-tabs-6efb21f7-1267-4acb-93d7-400b9828b2fd\" data-tab-active=\"0\"><ul class=\"advgb-tabs-panel\" role=\"tablist\"><li class=\"advgb-tab advgb-tab-active\" role=\"presentation\" style=\"background-color:#e0e0e0;border-style:solid;border-width:1px;border-radius:10px\"><button class=\"advgb-tab-button\" id=\"advgb-tab-_fb21f7-12-0\" aria-controls=\"advgb-tab-panel-_fb21f7-12-0\" role=\"tab\" aria-selected=\"true\" tabindex=\"0\" style=\"color:#fff;background:none;border:none;width:100%;text-align:inherit;cursor:pointer;padding:8px 16px;font:inherit\"><span>Beschreibung<\/span><\/button><\/li><li class=\"advgb-tab \" role=\"presentation\" style=\"background-color:#e0e0e0;border-style:solid;border-width:1px;border-radius:10px\"><button class=\"advgb-tab-button\" id=\"advgb-tab-_fb21f7-12-1\" aria-controls=\"advgb-tab-panel-_fb21f7-12-1\" role=\"tab\" aria-selected=\"false\" tabindex=\"0\" style=\"color:#fff;background:none;border:none;width:100%;text-align:inherit;cursor:pointer;padding:8px 16px;font:inherit\"><span>Lieferumfang<\/span><\/button><\/li><li class=\"advgb-tab \" role=\"presentation\" style=\"background-color:#e0e0e0;border-style:solid;border-width:1px;border-radius:10px\"><button class=\"advgb-tab-button\" id=\"advgb-tab-_fb21f7-12-2\" aria-controls=\"advgb-tab-panel-_fb21f7-12-2\" role=\"tab\" aria-selected=\"false\" tabindex=\"0\" style=\"color:#fff;background:none;border:none;width:100%;text-align:inherit;cursor:pointer;padding:8px 16px;font:inherit\"><span>Experimente<\/span><\/button><\/li><li class=\"advgb-tab \" role=\"presentation\" style=\"background-color:#e0e0e0;border-style:solid;border-width:1px;border-radius:10px\"><button class=\"advgb-tab-button\" id=\"advgb-tab-_fb21f7-12-3\" aria-controls=\"advgb-tab-panel-_fb21f7-12-3\" role=\"tab\" aria-selected=\"false\" tabindex=\"0\" style=\"color:#fff;background:none;border:none;width:100%;text-align:inherit;cursor:pointer;padding:8px 16px;font:inherit\"><span>Bilder<\/span><\/button><\/li><\/ul><div class=\"advgb-tab-body-wrapper\" style=\"border-style:solid;border-width:1px;border-radius:10px\">\n<div class=\"wp-block-advgb-tab advgb-tab-body-container\"><div class=\"advgb-tab-body-header advgb-tab-class- header-active\" id=\"advgb-tab-panel-_48cb8f-c7-0\" role=\"tabpanel\" aria-labelledby=\"advgb-tab-_48cb8f-c7-0\" tabindex=\"0\"><span>Beschreibung<\/span><\/div><div class=\"advgb-tab-_48cb8f-c7 advgb-tab-body\" aria-labelledby=\"advgb-tab-panel-_48cb8f-c7-0\" style=\"display:block\">\n<h2 class=\"wp-block-heading\">Abbildungsoptik in h\u00f6chster Pr\u00e4zision<\/h2>\n\n\n\n<p>Der Experimentiersatz OPTIK 2 enth\u00e4lt die Ger\u00e4te zur Abbildungsoptik und Schattenbildung. Auf den Fassungen der Konvexlinsen und des Hohlspiegels sind die Lagen der Hauptebenen bzw. der Scheitelebene durch Strichmarken angegeben. Dadurch ist es m\u00f6glich, Gegenstands- und Bildweiten auf halbe Millimeter genau zu bestimmen, eine Messmethode hoher Pr\u00e4zision.<\/p>\n\n\n\n<p>Als optische Bank dient die Profilschiene, die in der Mechanik u.a. als Fahrbahn verwendet wird. Dabei ist der Beginn der Skalierung um etwa 15 cm einger\u00fcckt, damit der Abbildungsgegenstand (Dia) direkt \u00fcber der Nullmarke positioniert werden kann. Dies erleichtert zus\u00e4tzlich die Bestimmung von Gegenstands- und Bildweiten. Die <a href=\"https:\/\/mekruphy.com\/de\/produkte\/physik\/physik-zubehor\/#universalschiene\">Universalschiene<\/a> ist nicht im Lieferumfang enthalten.<\/p>\n\n\n\n<h3 class=\"wp-block-heading\">Enorme Zeitersparnis<\/h3>\n\n\n\n<p>Stecken die Sch\u00fclerinnen und Sch\u00fcler die Experimentierleuchte aus dem Ger\u00e4tesatz <a href=\"https:\/\/mekruphy.com\/de\/produkte\/physik\/optik\/experimentiersatz-optik-1\/\">OPTIK 1<\/a> auf die genormte Stativstange, so ist sie nach dem Einrasten sofort f\u00fcr alle Experimentieranordnungen richtig h\u00f6henjustiert. Linsenhalter und Schirme werden einfach in die entsprechenden Reiter gesteckt, die sich auf der Schiene leicht verschieben und sicher fixieren lassen. Der <a href=\"https:\/\/mekruphy.com\/de\/produkte\/physik\/optik\/experimentiersatz-optik-1\/\">Experimentiersatz OPTIK 1<\/a> muss zus\u00e4tzlich bestellt werden, falls nicht bereits vorhanden.<\/p>\n\n\n\n<p><\/p>\n\n\n\n<h3 class=\"wp-block-heading\" id=\"h-begleitmaterialien\">Begleitmaterialien<\/h3>\n\n\n\n<p>Passend zum Experimentiersatz OPTIK 2 sind auch ein <a href=\"https:\/\/mekruphy.com\/de\/produkte\/physik\/physik-arbeitshefte\/\">Sch\u00fclerheft<\/a> und ein <a href=\"https:\/\/mekruphy.com\/de\/produkte\/physik\/physik-arbeitshefte\/\">Lehrerheft<\/a> mit didaktischen Anweisungen und L\u00f6sungen in analoger Form erh\u00e4ltlich. Das Sch\u00fclerheft ist auch in digitaler Form erwerbbar.<\/p>\n<\/div><\/div>\n\n\n\n<div class=\"wp-block-advgb-tab advgb-tab-body-container\"><div class=\"advgb-tab-body-header advgb-tab-class- \" id=\"advgb-tab-panel-_48cb8f-c7-1\" role=\"tabpanel\" aria-labelledby=\"advgb-tab-_48cb8f-c7-1\" tabindex=\"0\"><span>Lieferumfang<\/span><\/div><div class=\"advgb-tab-_48cb8f-c7 advgb-tab-body\" aria-labelledby=\"advgb-tab-panel-_48cb8f-c7-1\" style=\"display:none\">\n<figure class=\"wp-block-table table-product-contents\"><table><tbody><tr><td>01.01.10<\/td><td>Aufbewahrungskasten<\/td><\/tr><tr><td>05.02.00<\/td><td>Ger\u00e4tegeformter Einsatz O2<\/td><\/tr><tr><td>05.03.00<\/td><td>Stativstange 10 cm<\/td><\/tr><tr><td>05.04.50<\/td><td>Schirm wei\u00df mit Skala<\/td><\/tr><tr><td>05.05.00<\/td><td>Schirm transparent<\/td><\/tr><tr><td>05.06.00<\/td><td>Linse + 50 in Fassung<\/td><\/tr><tr><td>05.07.00<\/td><td>Linse + 100 in Fassung<\/td><\/tr><tr><td>05.08.00<\/td><td>Linse + 300 in Fassung<\/td><\/tr><tr><td>05.09.00<\/td><td>Linse \u2013 100 in Linsenhalter<\/td><\/tr><tr><td>05.10.50<\/td><td>Hohl-\/W\u00f6lbspiegel in Fassung<\/td><\/tr><tr><td>05.11.00<\/td><td>Linsenhalter einfach<\/td><\/tr><tr><td>05.12.00<\/td><td>Linsenhalter mit Diahalter<\/td><\/tr><tr><td>05.13.00<\/td><td>Stift mit Gewinde<\/td><\/tr><tr><td>05.14.00<\/td><td>F \u2013 Blende<\/td><\/tr><tr><td>05.14.10<\/td><td>Lochblende 4 mm<\/td><\/tr><tr><td>05.14.20<\/td><td>Lochblende 2 mm<\/td><\/tr><tr><td>05.14.30<\/td><td>Lochblende 1 mm<\/td><\/tr><tr><td>05.14.40<\/td><td>Quadratblende<\/td><\/tr><tr><td>05.15.00<\/td><td>Reiter einfach (2 St\u00fcck)<\/td><\/tr><tr><td>05.16.00<\/td><td>Reiter mit Schlitz<\/td><\/tr><tr><td>05.17.00<\/td><td>Gl\u00fchlampenblock<\/td><\/tr><tr><td>02.23.00<\/td><td>Reiter mit Schraube<\/td><\/tr><\/tbody><\/table><\/figure>\n\n\n\n<h3 class=\"wp-block-heading\" id=\"zusatzlich-erforderlich\">Zus\u00e4tzlich erforderlich:<\/h3>\n\n\n\n<figure class=\"wp-block-table table-product-contents\"><table><tbody><tr><td>04.00.00<\/td><td><a href=\"https:\/\/mekruphy.com\/de\/produkte\/physik\/optik\/experimentiersatz-optik-1\/\">Experimentiersatz Optik 1<\/a><\/td><\/tr><tr><td>00.02.10<\/td><td><a href=\"https:\/\/mekruphy.com\/de\/produkte\/physik\/physik-zubehor\/#universalschiene\">Universalschiene<\/a>&nbsp;<\/td><\/tr><tr><td>00.05.10<br> <br>00.05.20<\/td><td><a href=\"https:\/\/mekruphy.com\/de\/produkte\/physik\/physik-spannungsversorgung\/\">Kleinspannungsnetzger\u00e4t MKS 2.4<\/a> \u00a0 <br>oder<br><a href=\"https:\/\/mekruphy.com\/de\/produkte\/physik\/physik-spannungsversorgung\/\">Kleinspannungsnetzger\u00e4t MKS 3.1<\/a><\/td><\/tr><\/tbody><\/table><\/figure>\n\n\n\n<h3 class=\"wp-block-heading\" id=\"zusatzlich-erforderlich\">Zus\u00e4tzlich erh\u00e4ltlich:<\/h3>\n\n\n\n<figure class=\"wp-block-table table-product-contents\"><table><tbody><tr><td>34.22.00<\/td><td><a href=\"https:\/\/shop.mekruphy.com\/artikeldetails\/34-22-00-Linse-variable-Brennweite.aspx\" target=\"_blank\" rel=\"noreferrer noopener\">Linse mit variabler Brennweite auf Linsenhalter<\/a><\/td><\/tr><\/tbody><\/table><\/figure>\n\n\n\n<p><\/p>\n<\/div><\/div>\n\n\n\n<div class=\"wp-block-advgb-tab advgb-tab-body-container\"><div class=\"advgb-tab-body-header advgb-tab-class- \" id=\"advgb-tab-panel-_48cb8f-c7-2\" role=\"tabpanel\" aria-labelledby=\"advgb-tab-_48cb8f-c7-2\" tabindex=\"0\"><span>Experimente<\/span><\/div><div class=\"advgb-tab-_48cb8f-c7 advgb-tab-body\" aria-labelledby=\"advgb-tab-panel-_48cb8f-c7-2\" style=\"display:none\">\n<p><\/p>\n\n\n\n<figure class=\"wp-block-table table-product-experiments\"><table><tbody><tr><td>O2-1<\/td><td>Schattenbildung<\/td><\/tr><tr><td>O2-2<\/td><td>Die Lochkamera<\/td><\/tr><tr><td>O2-3<\/td><td>Virtuelle und reelle Bilder am Hohlspiegel<\/td><\/tr><tr><td>O2-4<\/td><td>Reelle Bilder bei der Sammellinse<\/td><\/tr><tr><td>O2-5<\/td><td>Die Lupe<\/td><\/tr><tr><td>O2-6<\/td><td>Das Mikroskop<\/td><\/tr><tr><td>O2-7<\/td><td>Das astronomische Fernrohr<\/td><\/tr><tr><td>O2-8<\/td><td>Das holl\u00e4ndische Fernrohr<\/td><\/tr><tr><td>O2-9<\/td><td>Das Spiegelteleskop<\/td><\/tr><tr><td>O2-10<\/td><td>Augenfehler<\/td><\/tr><tr><td>O2-11<\/td><td>R\u00e4umliches Sehen<\/td><\/tr><\/tbody><\/table><\/figure>\n<\/div><\/div>\n\n\n\n<div class=\"wp-block-advgb-tab advgb-tab-body-container\"><div class=\"advgb-tab-body-header advgb-tab-class-undefined \" id=\"advgb-tab-panel-_48cb8f-c7-3\" role=\"tabpanel\" aria-labelledby=\"advgb-tab-_48cb8f-c7-3\" tabindex=\"0\"><span>Bilder<\/span><\/div><div class=\"advgb-tab-_48cb8f-c7 advgb-tab-body\" aria-labelledby=\"advgb-tab-panel-_48cb8f-c7-3\" style=\"display:none\"><div class=\"wp-block-image\">\n<figure class=\"aligncenter size-large is-resized\"><img loading=\"lazy\" decoding=\"async\" width=\"451\" height=\"371\" src=\"https:\/\/mekruphy.com\/de\/wp-content\/uploads\/2021\/03\/O2_1.png\" alt=\"Versuchsaufbau\" class=\"wp-image-3048\" style=\"width:511px;height:420px\" srcset=\"https:\/\/mekruphy.com\/de\/wp-content\/uploads\/2021\/03\/O2_1.png 451w, https:\/\/mekruphy.com\/de\/wp-content\/uploads\/2021\/03\/O2_1-300x247.png 300w\" sizes=\"auto, (max-width: 451px) 100vw, 451px\" \/><\/figure>\n<\/div>\n\n\n<p>&nbsp;<\/p>\n\n\n<div class=\"wp-block-image\">\n<figure class=\"aligncenter size-large\"><img loading=\"lazy\" decoding=\"async\" width=\"738\" height=\"417\" src=\"https:\/\/mekruphy.com\/de\/wp-content\/uploads\/2021\/03\/O2_2.jpg\" alt=\"Sch\u00fclerexperiment Optik\" class=\"wp-image-3049\" srcset=\"https:\/\/mekruphy.com\/de\/wp-content\/uploads\/2021\/03\/O2_2.jpg 738w, https:\/\/mekruphy.com\/de\/wp-content\/uploads\/2021\/03\/O2_2-300x170.jpg 300w\" sizes=\"auto, (max-width: 738px) 100vw, 738px\" \/><\/figure>\n<\/div><\/div><\/div>\n<\/div><\/div>\n<style class=\"advgb-styles-renderer\">.advgb-tabs-6efb21f7-1267-4acb-93d7-400b9828b2fd ul.advgb-tabs-panel li.advgb-tab.advgb-tab-active {background-color:#5954d6 !important;color:#fff !important;}#advgb-tabs-6efb21f7-1267-4acb-93d7-400b9828b2fd .advgb-tab-body-header.header-active, .advgb-tabs-6efb21f7-1267-4acb-93d7-400b9828b2fd .advgb-tab-body-header.header-active{background-color:#5954d6 !important;color:#fff !important;}<\/style>","protected":false},"excerpt":{"rendered":"","protected":false},"author":3,"featured_media":1798,"parent":961,"menu_order":0,"comment_status":"closed","ping_status":"closed","template":"templates\/product.php","meta":{"_acf_changed":false,"_coblocks_attr":"","_coblocks_dimensions":"","_coblocks_responsive_height":"","_coblocks_accordion_ie_support":"","_eb_attr":"","advgb_blocks_editor_width":"","advgb_blocks_columns_visual_guide":"","footnotes":""},"class_list":["post-384","page","type-page","status-publish","has-post-thumbnail","hentry"],"acf":[],"yoast_head":"<!-- This site is optimized with the Yoast SEO plugin v27.3 - https:\/\/yoast.com\/product\/yoast-seo-wordpress\/ -->\n<title>Experimentiersatz OPTIK 2 - MEKRUPHY GmbH<\/title>\n<meta name=\"description\" content=\"Der Experimentiersatz OPTIK 2 enth\u00e4lt die Ger\u00e4te zur Abbildungsoptik und Schattenbildung und garantiert Ergebnisse hoher Pr\u00e4zision.\" \/>\n<meta name=\"robots\" content=\"index, follow, max-snippet:-1, max-image-preview:large, max-video-preview:-1\" \/>\n<link rel=\"canonical\" href=\"https:\/\/mekruphy.com\/de\/produkte\/physik\/optik\/experimentiersatz-optik-2\/\" \/>\n<meta property=\"og:locale\" content=\"de_DE\" \/>\n<meta property=\"og:type\" content=\"article\" \/>\n<meta property=\"og:title\" content=\"Experimentiersatz OPTIK 2 - MEKRUPHY GmbH\" \/>\n<meta property=\"og:description\" content=\"Der Experimentiersatz OPTIK 2 enth\u00e4lt die Ger\u00e4te zur Abbildungsoptik und Schattenbildung und garantiert Ergebnisse hoher Pr\u00e4zision.\" \/>\n<meta property=\"og:url\" content=\"https:\/\/mekruphy.com\/de\/produkte\/physik\/optik\/experimentiersatz-optik-2\/\" \/>\n<meta property=\"og:site_name\" content=\"MEKRUPHY GmbH\" \/>\n<meta property=\"article:modified_time\" content=\"2026-03-31T16:06:44+00:00\" \/>\n<meta property=\"og:image\" content=\"https:\/\/mekruphy.com\/de\/wp-content\/uploads\/2020\/07\/Kasten-Physik-OPTIK-2-e1595883784789.jpg\" \/>\n\t<meta property=\"og:image:width\" content=\"1800\" \/>\n\t<meta property=\"og:image:height\" content=\"1368\" \/>\n\t<meta property=\"og:image:type\" content=\"image\/jpeg\" \/>\n<meta name=\"twitter:card\" content=\"summary_large_image\" \/>\n<meta name=\"twitter:label1\" content=\"Gesch\u00e4tzte Lesezeit\" \/>\n\t<meta name=\"twitter:data1\" content=\"3\u00a0Minuten\" \/>\n<script type=\"application\/ld+json\" class=\"yoast-schema-graph\">{\"@context\":\"https:\\\/\\\/schema.org\",\"@graph\":[{\"@type\":\"WebPage\",\"@id\":\"https:\\\/\\\/mekruphy.com\\\/de\\\/produkte\\\/physik\\\/optik\\\/experimentiersatz-optik-2\\\/\",\"url\":\"https:\\\/\\\/mekruphy.com\\\/de\\\/produkte\\\/physik\\\/optik\\\/experimentiersatz-optik-2\\\/\",\"name\":\"Experimentiersatz OPTIK 2 - MEKRUPHY GmbH\",\"isPartOf\":{\"@id\":\"https:\\\/\\\/mekruphy.com\\\/de\\\/#website\"},\"primaryImageOfPage\":{\"@id\":\"https:\\\/\\\/mekruphy.com\\\/de\\\/produkte\\\/physik\\\/optik\\\/experimentiersatz-optik-2\\\/#primaryimage\"},\"image\":{\"@id\":\"https:\\\/\\\/mekruphy.com\\\/de\\\/produkte\\\/physik\\\/optik\\\/experimentiersatz-optik-2\\\/#primaryimage\"},\"thumbnailUrl\":\"https:\\\/\\\/mekruphy.com\\\/de\\\/wp-content\\\/uploads\\\/2020\\\/07\\\/Kasten-Physik-OPTIK-2-e1595883784789.jpg\",\"datePublished\":\"2020-07-15T10:19:22+00:00\",\"dateModified\":\"2026-03-31T16:06:44+00:00\",\"description\":\"Der Experimentiersatz OPTIK 2 enth\u00e4lt die Ger\u00e4te zur Abbildungsoptik und Schattenbildung und garantiert Ergebnisse hoher Pr\u00e4zision.\",\"breadcrumb\":{\"@id\":\"https:\\\/\\\/mekruphy.com\\\/de\\\/produkte\\\/physik\\\/optik\\\/experimentiersatz-optik-2\\\/#breadcrumb\"},\"inLanguage\":\"de\",\"potentialAction\":[{\"@type\":\"ReadAction\",\"target\":[\"https:\\\/\\\/mekruphy.com\\\/de\\\/produkte\\\/physik\\\/optik\\\/experimentiersatz-optik-2\\\/\"]}]},{\"@type\":\"ImageObject\",\"inLanguage\":\"de\",\"@id\":\"https:\\\/\\\/mekruphy.com\\\/de\\\/produkte\\\/physik\\\/optik\\\/experimentiersatz-optik-2\\\/#primaryimage\",\"url\":\"https:\\\/\\\/mekruphy.com\\\/de\\\/wp-content\\\/uploads\\\/2020\\\/07\\\/Kasten-Physik-OPTIK-2-e1595883784789.jpg\",\"contentUrl\":\"https:\\\/\\\/mekruphy.com\\\/de\\\/wp-content\\\/uploads\\\/2020\\\/07\\\/Kasten-Physik-OPTIK-2-e1595883784789.jpg\",\"width\":1800,\"height\":1368},{\"@type\":\"BreadcrumbList\",\"@id\":\"https:\\\/\\\/mekruphy.com\\\/de\\\/produkte\\\/physik\\\/optik\\\/experimentiersatz-optik-2\\\/#breadcrumb\",\"itemListElement\":[{\"@type\":\"ListItem\",\"position\":1,\"name\":\"Startseite\",\"item\":\"https:\\\/\\\/mekruphy.com\\\/de\\\/\"},{\"@type\":\"ListItem\",\"position\":2,\"name\":\"Produkte\",\"item\":\"https:\\\/\\\/mekruphy.com\\\/de\\\/produkte\\\/\"},{\"@type\":\"ListItem\",\"position\":3,\"name\":\"Physik\",\"item\":\"https:\\\/\\\/mekruphy.com\\\/de\\\/produkte\\\/physik\\\/\"},{\"@type\":\"ListItem\",\"position\":4,\"name\":\"Optik\",\"item\":\"https:\\\/\\\/mekruphy.com\\\/de\\\/produkte\\\/physik\\\/optik\\\/\"},{\"@type\":\"ListItem\",\"position\":5,\"name\":\"Experimentiersatz OPTIK 2\"}]},{\"@type\":\"WebSite\",\"@id\":\"https:\\\/\\\/mekruphy.com\\\/de\\\/#website\",\"url\":\"https:\\\/\\\/mekruphy.com\\\/de\\\/\",\"name\":\"MEKRUPHY GmbH\",\"description\":\"Sch\u00fcler-Experimentierk\u00e4sten f\u00fcr den MINT-Unterricht\",\"potentialAction\":[{\"@type\":\"SearchAction\",\"target\":{\"@type\":\"EntryPoint\",\"urlTemplate\":\"https:\\\/\\\/mekruphy.com\\\/de\\\/?s={search_term_string}\"},\"query-input\":{\"@type\":\"PropertyValueSpecification\",\"valueRequired\":true,\"valueName\":\"search_term_string\"}}],\"inLanguage\":\"de\"}]}<\/script>\n<!-- \/ Yoast SEO plugin. -->","yoast_head_json":{"title":"Experimentiersatz OPTIK 2 - MEKRUPHY GmbH","description":"Der Experimentiersatz OPTIK 2 enth\u00e4lt die Ger\u00e4te zur Abbildungsoptik und Schattenbildung und garantiert Ergebnisse hoher Pr\u00e4zision.","robots":{"index":"index","follow":"follow","max-snippet":"max-snippet:-1","max-image-preview":"max-image-preview:large","max-video-preview":"max-video-preview:-1"},"canonical":"https:\/\/mekruphy.com\/de\/produkte\/physik\/optik\/experimentiersatz-optik-2\/","og_locale":"de_DE","og_type":"article","og_title":"Experimentiersatz OPTIK 2 - MEKRUPHY GmbH","og_description":"Der Experimentiersatz OPTIK 2 enth\u00e4lt die Ger\u00e4te zur Abbildungsoptik und Schattenbildung und garantiert Ergebnisse hoher Pr\u00e4zision.","og_url":"https:\/\/mekruphy.com\/de\/produkte\/physik\/optik\/experimentiersatz-optik-2\/","og_site_name":"MEKRUPHY GmbH","article_modified_time":"2026-03-31T16:06:44+00:00","og_image":[{"width":1800,"height":1368,"url":"https:\/\/mekruphy.com\/de\/wp-content\/uploads\/2020\/07\/Kasten-Physik-OPTIK-2-e1595883784789.jpg","type":"image\/jpeg"}],"twitter_card":"summary_large_image","twitter_misc":{"Gesch\u00e4tzte Lesezeit":"3\u00a0Minuten"},"schema":{"@context":"https:\/\/schema.org","@graph":[{"@type":"WebPage","@id":"https:\/\/mekruphy.com\/de\/produkte\/physik\/optik\/experimentiersatz-optik-2\/","url":"https:\/\/mekruphy.com\/de\/produkte\/physik\/optik\/experimentiersatz-optik-2\/","name":"Experimentiersatz OPTIK 2 - MEKRUPHY GmbH","isPartOf":{"@id":"https:\/\/mekruphy.com\/de\/#website"},"primaryImageOfPage":{"@id":"https:\/\/mekruphy.com\/de\/produkte\/physik\/optik\/experimentiersatz-optik-2\/#primaryimage"},"image":{"@id":"https:\/\/mekruphy.com\/de\/produkte\/physik\/optik\/experimentiersatz-optik-2\/#primaryimage"},"thumbnailUrl":"https:\/\/mekruphy.com\/de\/wp-content\/uploads\/2020\/07\/Kasten-Physik-OPTIK-2-e1595883784789.jpg","datePublished":"2020-07-15T10:19:22+00:00","dateModified":"2026-03-31T16:06:44+00:00","description":"Der Experimentiersatz OPTIK 2 enth\u00e4lt die Ger\u00e4te zur Abbildungsoptik und Schattenbildung und garantiert Ergebnisse hoher Pr\u00e4zision.","breadcrumb":{"@id":"https:\/\/mekruphy.com\/de\/produkte\/physik\/optik\/experimentiersatz-optik-2\/#breadcrumb"},"inLanguage":"de","potentialAction":[{"@type":"ReadAction","target":["https:\/\/mekruphy.com\/de\/produkte\/physik\/optik\/experimentiersatz-optik-2\/"]}]},{"@type":"ImageObject","inLanguage":"de","@id":"https:\/\/mekruphy.com\/de\/produkte\/physik\/optik\/experimentiersatz-optik-2\/#primaryimage","url":"https:\/\/mekruphy.com\/de\/wp-content\/uploads\/2020\/07\/Kasten-Physik-OPTIK-2-e1595883784789.jpg","contentUrl":"https:\/\/mekruphy.com\/de\/wp-content\/uploads\/2020\/07\/Kasten-Physik-OPTIK-2-e1595883784789.jpg","width":1800,"height":1368},{"@type":"BreadcrumbList","@id":"https:\/\/mekruphy.com\/de\/produkte\/physik\/optik\/experimentiersatz-optik-2\/#breadcrumb","itemListElement":[{"@type":"ListItem","position":1,"name":"Startseite","item":"https:\/\/mekruphy.com\/de\/"},{"@type":"ListItem","position":2,"name":"Produkte","item":"https:\/\/mekruphy.com\/de\/produkte\/"},{"@type":"ListItem","position":3,"name":"Physik","item":"https:\/\/mekruphy.com\/de\/produkte\/physik\/"},{"@type":"ListItem","position":4,"name":"Optik","item":"https:\/\/mekruphy.com\/de\/produkte\/physik\/optik\/"},{"@type":"ListItem","position":5,"name":"Experimentiersatz OPTIK 2"}]},{"@type":"WebSite","@id":"https:\/\/mekruphy.com\/de\/#website","url":"https:\/\/mekruphy.com\/de\/","name":"MEKRUPHY GmbH","description":"Sch\u00fcler-Experimentierk\u00e4sten f\u00fcr den MINT-Unterricht","potentialAction":[{"@type":"SearchAction","target":{"@type":"EntryPoint","urlTemplate":"https:\/\/mekruphy.com\/de\/?s={search_term_string}"},"query-input":{"@type":"PropertyValueSpecification","valueRequired":true,"valueName":"search_term_string"}}],"inLanguage":"de"}]}},"coauthors":[],"author_meta":{"author_link":"https:\/\/mekruphy.com\/de\/author\/steps-sync\/","display_name":"Steps Sync"},"relative_dates":{"created":"Posted 6\u00a0Jahren ago","modified":"Updated 1\u00a0Woche ago"},"absolute_dates":{"created":"Posted on 15. Juli 2020","modified":"Updated on 31. M\u00e4rz 2026"},"absolute_dates_time":{"created":"Posted on 15. Juli 2020 12:19","modified":"Updated on 31. M\u00e4rz 2026 18:06"},"featured_img_caption":"","featured_img":"https:\/\/mekruphy.com\/de\/wp-content\/uploads\/2020\/07\/Kasten-Physik-OPTIK-2-e1595883784789.jpg","series_order":"","_links":{"self":[{"href":"https:\/\/mekruphy.com\/de\/wp-json\/wp\/v2\/pages\/384","targetHints":{"allow":["GET"]}}],"collection":[{"href":"https:\/\/mekruphy.com\/de\/wp-json\/wp\/v2\/pages"}],"about":[{"href":"https:\/\/mekruphy.com\/de\/wp-json\/wp\/v2\/types\/page"}],"author":[{"embeddable":true,"href":"https:\/\/mekruphy.com\/de\/wp-json\/wp\/v2\/users\/3"}],"replies":[{"embeddable":true,"href":"https:\/\/mekruphy.com\/de\/wp-json\/wp\/v2\/comments?post=384"}],"version-history":[{"count":17,"href":"https:\/\/mekruphy.com\/de\/wp-json\/wp\/v2\/pages\/384\/revisions"}],"predecessor-version":[{"id":9503,"href":"https:\/\/mekruphy.com\/de\/wp-json\/wp\/v2\/pages\/384\/revisions\/9503"}],"up":[{"embeddable":true,"href":"https:\/\/mekruphy.com\/de\/wp-json\/wp\/v2\/pages\/961"}],"wp:featuredmedia":[{"embeddable":true,"href":"https:\/\/mekruphy.com\/de\/wp-json\/wp\/v2\/media\/1798"}],"wp:attachment":[{"href":"https:\/\/mekruphy.com\/de\/wp-json\/wp\/v2\/media?parent=384"}],"curies":[{"name":"wp","href":"https:\/\/api.w.org\/{rel}","templated":true}]}}