{"id":388,"date":"2020-07-15T12:19:46","date_gmt":"2020-07-15T10:19:46","guid":{"rendered":"https:\/\/mekruphy.com\/de\/experimentiersatz-optik-3\/"},"modified":"2026-03-31T18:03:26","modified_gmt":"2026-03-31T16:03:26","slug":"experimentiersatz-optik-3","status":"publish","type":"page","link":"https:\/\/mekruphy.com\/de\/produkte\/physik\/optik\/experimentiersatz-optik-3\/","title":{"rendered":"Experimentiersatz OPTIK 3"},"content":{"rendered":"<div class=\"yoast-breadcrumbs breadcrumbs-indented\"><span><span><a href=\"https:\/\/mekruphy.com\/de\/\">Startseite<\/a><\/span> \u00bb <span><a href=\"https:\/\/mekruphy.com\/de\/produkte\/\">Produkte<\/a><\/span> \u00bb <span><a href=\"https:\/\/mekruphy.com\/de\/produkte\/physik\/\">Physik<\/a><\/span> \u00bb <span><a href=\"https:\/\/mekruphy.com\/de\/produkte\/physik\/optik\/\">Optik<\/a><\/span> \u00bb <span class=\"breadcrumb_last\" aria-current=\"page\">Experimentiersatz OPTIK 3<\/span><\/span><\/div>\n\n\n<div class=\"wp-block-advgb-adv-tabs advgb-tabs-wrapper advgb-tab-horz-desktop advgb-tab-vert-tablet advgb-tab-stack-mobile advgb-tabs-7ed3eb9b-d0ee-4d52-b6f2-bfe5beb08f83\" data-tab-active=\"0\"><ul class=\"advgb-tabs-panel\" role=\"tablist\"><li class=\"advgb-tab advgb-tab-active\" role=\"presentation\" style=\"background-color:#e0e0e0;border-style:solid;border-width:1px;border-radius:10px\"><button class=\"advgb-tab-button\" id=\"advgb-tab-_d3eb9b-d0-0\" aria-controls=\"advgb-tab-panel-_d3eb9b-d0-0\" role=\"tab\" aria-selected=\"true\" tabindex=\"0\" style=\"color:#fff;background:none;border:none;width:100%;text-align:inherit;cursor:pointer;padding:8px 16px;font:inherit\"><span>Beschreibung<\/span><\/button><\/li><li class=\"advgb-tab \" role=\"presentation\" style=\"background-color:#e0e0e0;border-style:solid;border-width:1px;border-radius:10px\"><button class=\"advgb-tab-button\" id=\"advgb-tab-_d3eb9b-d0-1\" aria-controls=\"advgb-tab-panel-_d3eb9b-d0-1\" role=\"tab\" aria-selected=\"false\" tabindex=\"0\" style=\"color:#fff;background:none;border:none;width:100%;text-align:inherit;cursor:pointer;padding:8px 16px;font:inherit\"><span>Lieferumfang<\/span><\/button><\/li><li class=\"advgb-tab \" role=\"presentation\" style=\"background-color:#e0e0e0;border-style:solid;border-width:1px;border-radius:10px\"><button class=\"advgb-tab-button\" id=\"advgb-tab-_d3eb9b-d0-2\" aria-controls=\"advgb-tab-panel-_d3eb9b-d0-2\" role=\"tab\" aria-selected=\"false\" tabindex=\"0\" style=\"color:#fff;background:none;border:none;width:100%;text-align:inherit;cursor:pointer;padding:8px 16px;font:inherit\"><span>Experimente<\/span><\/button><\/li><li class=\"advgb-tab \" role=\"presentation\" style=\"background-color:#e0e0e0;border-style:solid;border-width:1px;border-radius:10px\"><button class=\"advgb-tab-button\" id=\"advgb-tab-_d3eb9b-d0-3\" aria-controls=\"advgb-tab-panel-_d3eb9b-d0-3\" role=\"tab\" aria-selected=\"false\" tabindex=\"0\" style=\"color:#fff;background:none;border:none;width:100%;text-align:inherit;cursor:pointer;padding:8px 16px;font:inherit\"><span>Bilder<\/span><\/button><\/li><\/ul><div class=\"advgb-tab-body-wrapper\" style=\"border-style:solid;border-width:1px;border-radius:10px\">\n<div class=\"wp-block-advgb-tab advgb-tab-body-container\"><div class=\"advgb-tab-body-header advgb-tab-class- \" id=\"advgb-tab-panel-_7c8f3f-95-0\" role=\"tabpanel\" aria-labelledby=\"advgb-tab-_7c8f3f-95-0\" tabindex=\"0\"><span>Beschreibung<\/span><\/div><div class=\"advgb-tab-_7c8f3f-95 advgb-tab-body\" aria-labelledby=\"advgb-tab-panel-_7c8f3f-95-0\" style=\"display:none\">\n<h2 class=\"wp-block-heading\">Prisma und Regenbogen auf der Spur<\/h2>\n\n\n\n<p>Der Experimentiersatz OPTIK 3 enth\u00e4lt die Ge\u00adr\u00e4te zur Abbildungsoptik und Schattenbil\u00addung wie der Experimentiersatz <a href=\"https:\/\/mekruphy.com\/de\/produkte\/physik\/optik\/experimentiersatz-optik-2\/\">OPTIK 2<\/a>. Er erm\u00f6g\u00adlicht jedoch zus\u00e4tzlich Experimente zum Pris\u00admenspektrum und Regenbo\u00adgen. Auf den Fas\u00adsungen der Konvex\u00adlinsen und des Hohlspiegels sind die Lagen der Hauptebe\u00adnen bzw. der Schei\u00adtelebene durch Strichmar\u00adken angegeben. Damit lassen sich alle Ent\u00adfernungen auf halbe Millimeter ge\u00adnau be\u00adstimmen.<\/p>\n\n\n\n<p>Mit dem wassergef\u00fcllten Hohlprisma l\u00e4sst sich ein ausgepr\u00e4gtes Prismenspektrum erzeugen. Blendet man die rote Linie aus und r\u00fchrt Zucker in das Wasser, so kann man die Abh\u00e4ngigkeit der <a href=\"https:\/\/www.spektrum.de\/lexikon\/physik\/brechkraft\/1953\" target=\"_blank\" rel=\"noreferrer noopener\">Brechkraft<\/a> des Prismas von der Konzentration der Zuckerl\u00f6sung untersuchen. Eindrucksvoll ist auch die Erzeugung eines Regenbogens mit Hilfe eines wassergef\u00fcllten Tropfenmodells.<\/p>\n\n\n\n<p>Der Experimentiersatz OPTIK 3 l\u00e4sst sich leicht zum Experimentiersatz <a href=\"https:\/\/mekruphy.com\/de\/produkte\/physik\/optik\/experimentiersatz-optik-3-plus\/\">OPTIK 3 <em>plus<\/em><\/a> erweitern: Man entfernt einfach das Abdeckelement und steckt in die frei werdenden Aufbewahrungsschlitze die erforderlichen Beugungs- und Polarisationselemente.<\/p>\n\n\n\n<h3 class=\"wp-block-heading\">RGB-Leuchte<\/h3>\n\n\n\n<p>Mit dem optionalen Zusatz <a href=\"https:\/\/shop.mekruphy.com\/artikeldetails\/05-30-00-rgb-leuchte.aspx\" target=\"_blank\" rel=\"noreferrer noopener\">RGB-Leuchte<\/a> kann die Wellenl\u00e4nge roter, gr\u00fcner und blauer LEDs am Gitter bestimmt, aber auch das RGB-Prinzip und die additive Farbmischung untersucht werden. Die Leuchte findet im Kasteneinsatz Platz, wenn der Gl\u00fchlampenblock um 90\u00b0 gedreht aufgestellt wird.<\/p>\n\n\n\n<div class=\"wp-block-essential-blocks-image-gallery  root-eb-image-gallery-zj2i1\"><div class=\"eb-parent-wrapper eb-parent-eb-image-gallery-zj2i1 \"><div class=\"eb-gallery-img-wrapper eb-image-gallery-zj2i1 default v2 grid null enable-isotope   overlay-bottom caption-style-0  \" data-id=\"eb-image-gallery-zj2i1\" data-searchfilter=\"false\"><a href=\"https:\/\/mekruphy.com\/de\/wp-content\/uploads\/2024\/03\/20240319_120918_neu.webp\" rel=\"noopener\" data-fslightbox=\"gallery\" data-type=\"image\" class=\"eb-gallery-img-content  eb-filter-img-\"><span class=\"eb-gallery-link-wrapper\"><img decoding=\"async\" class=\"eb-gallery-img\" src=\"https:\/\/mekruphy.com\/de\/wp-content\/uploads\/2024\/03\/20240319_120918_neu.webp\" image-index=\"0\" alt=\"\"\/><span class=\"eb-img-gallery-content center bottom\"><\/span><\/span><\/a><a href=\"https:\/\/mekruphy.com\/de\/wp-content\/uploads\/2024\/03\/RGB_Leuchte_im_Kasten_neu.webp\" rel=\"noopener\" data-fslightbox=\"gallery\" data-type=\"image\" class=\"eb-gallery-img-content  eb-filter-img-\"><span class=\"eb-gallery-link-wrapper\"><img decoding=\"async\" class=\"eb-gallery-img\" src=\"https:\/\/mekruphy.com\/de\/wp-content\/uploads\/2024\/03\/RGB_Leuchte_im_Kasten_neu.webp\" image-index=\"1\" alt=\"\"\/><span class=\"eb-img-gallery-content center bottom\"><\/span><\/span><\/a><a href=\"https:\/\/mekruphy.com\/de\/wp-content\/uploads\/2024\/03\/Seite59_RGB-Spektrum-1.webp\" rel=\"noopener\" data-fslightbox=\"gallery\" data-type=\"image\" class=\"eb-gallery-img-content  eb-filter-img-\"><span class=\"eb-gallery-link-wrapper\"><img decoding=\"async\" class=\"eb-gallery-img\" src=\"https:\/\/mekruphy.com\/de\/wp-content\/uploads\/2024\/03\/Seite59_RGB-Spektrum-1.webp\" image-index=\"2\" alt=\"\"\/><span class=\"eb-img-gallery-content center bottom\"><\/span><\/span><\/a><\/div><\/div><\/div>\n\n\n\n<h3 class=\"wp-block-heading\" id=\"h-begleitmaterialien\">Begleitmaterialien<\/h3>\n\n\n\n<p>Passend zum Experimentiersatz OPTIK 3 sind auch ein <a href=\"https:\/\/mekruphy.com\/de\/produkte\/physik\/physik-arbeitshefte\/\">Sch\u00fclerheft<\/a> und ein <a href=\"https:\/\/mekruphy.com\/de\/produkte\/physik\/physik-arbeitshefte\/\">Lehrerheft<\/a> mit didaktischen Anweisungen und L\u00f6sungen in analoger Form erh\u00e4ltlich. Das Sch\u00fclerheft ist auch in digitaler Form erwerbbar.<\/p>\n<\/div><\/div>\n\n\n\n<div class=\"wp-block-advgb-tab advgb-tab-body-container\"><div class=\"advgb-tab-body-header advgb-tab-class- \" id=\"advgb-tab-panel-_7c8f3f-95-1\" role=\"tabpanel\" aria-labelledby=\"advgb-tab-_7c8f3f-95-1\" tabindex=\"0\"><span>Lieferumfang<\/span><\/div><div class=\"advgb-tab-_7c8f3f-95 advgb-tab-body\" aria-labelledby=\"advgb-tab-panel-_7c8f3f-95-1\" style=\"display:none\">\n<figure class=\"wp-block-table table-product-contents\"><table><tbody><tr><td>01.01.10<\/td><td>Aufbewahrungskasten<\/td><\/tr><tr><td>05.02.50<\/td><td>Ger\u00e4tegeformter Einsatz O+<\/td><\/tr><tr><td>05.02.60<\/td><td>Abdeckelement<\/td><\/tr><tr><td>05.03.00<\/td><td>Stativstange 10 cm<\/td><\/tr><tr><td>05.04.50<\/td><td>Schirm wei\u00df mit Skala<\/td><\/tr><tr><td>05.05.00<\/td><td>Schirm transparent<\/td><\/tr><tr><td>05.06.00<\/td><td>Linse + 50 in Fassung<\/td><\/tr><tr><td>05.07.00<\/td><td>Linse + 100 in Fassung<\/td><\/tr><tr><td>20.07.00<\/td><td>Spatel<\/td><\/tr><tr><td>05.08.00<\/td><td>Linse + 300 in Fassung<\/td><\/tr><tr><td>05.09.00<\/td><td>Linse \u2013 100 in Linsenhalter<\/td><\/tr><tr><td>05.10.50<\/td><td>Hohl-\/W\u00f6lbspiegel in Fassung<\/td><\/tr><tr><td>05.11.00<\/td><td>Linsenhalter einfach<\/td><\/tr><tr><td>05.12.00<\/td><td>Linsenhalter mit Diahalter<\/td><\/tr><tr><td>05.13.00<\/td><td>Stift mit Gewinde<\/td><\/tr><tr><td>05.14.00<\/td><td>F \u2013 Blende<\/td><\/tr><tr><td>05.14.10<\/td><td>Lochblende 4 mm<\/td><\/tr><tr><td>05.14.20<\/td><td>Lochblende 2 mm<\/td><\/tr><tr><td>05.14.30<\/td><td>Lochblende 1 mm<\/td><\/tr><tr><td>05.14.40<\/td><td>Quadratblende<\/td><\/tr><tr><td>05.15.00<\/td><td>Reiter einfach (2 St\u00fcck)<\/td><\/tr><tr><td>05.16.00<\/td><td>Reiter mit Schlitz<\/td><\/tr><tr><td>05.17.00<\/td><td>Gl\u00fchlampenblock<\/td><\/tr><tr><td>05.21.00<\/td><td>Rotfilter in Fassung<\/td><\/tr><tr><td>05.22.00<\/td><td>Schlitzblende<\/td><\/tr><tr><td>02.23.00<\/td><td>Reiter mit Schraube<\/td><\/tr><tr><td>05.24.00<\/td><td>Tropfenmodell<\/td><\/tr><tr><td>05.25.00<\/td><td>Hohlprisma<\/td><\/tr><tr><td>05.26.00<\/td><td>Podest<\/td><\/tr><\/tbody><\/table><\/figure>\n\n\n\n<h3 class=\"wp-block-heading\" id=\"zusatzlich-erforderlich\">Zus\u00e4tzlich erforderlich:<\/h3>\n\n\n\n<figure class=\"wp-block-table table-product-contents\"><table><tbody><tr><td>04.00.00<\/td><td><a href=\"https:\/\/mekruphy.com\/de\/produkte\/physik\/optik\/experimentiersatz-optik-1\/\">Experimentiersatz OPTIK 1<\/a><\/td><\/tr><tr><td>00.02.10<\/td><td><a href=\"https:\/\/mekruphy.com\/de\/produkte\/physik\/physik-zubehor\/#universalschiene\">Universalschiene<\/a><\/td><\/tr><tr><td>00.05.10<br><br>00.05.20<\/td><td><a href=\"https:\/\/mekruphy.com\/de\/produkte\/physik\/physik-spannungsversorgung\/\">Kleinspannungsnetzger\u00e4t MKS 2.4<\/a> \u00a0 <br>oder \u00a0 <br><a href=\"https:\/\/mekruphy.com\/de\/produkte\/physik\/physik-spannungsversorgung\/\">Kleinspannungsnetzger\u00e4t MKS 3.1<\/a><\/td><\/tr><\/tbody><\/table><\/figure>\n\n\n\n<h3 class=\"wp-block-heading\" id=\"zusatzlich-erforderlich\">Zus\u00e4tzlich erh\u00e4ltlich:<\/h3>\n\n\n\n<figure class=\"wp-block-table table-product-contents\"><table><tbody><tr><td>34.22.00<\/td><td><a href=\"https:\/\/shop.mekruphy.com\/artikeldetails\/34-22-00-Linse-variable-Brennweite.aspx\">Linse mit variabler Brennweite auf Linsenhalter<\/a><\/td><\/tr><tr><td>05.30.00<\/td><td><a href=\"https:\/\/shop.mekruphy.com\/artikeldetails\/05-30-00-rgb-leuchte.aspx\" target=\"_blank\" rel=\"noreferrer noopener\">RGB-Leuchte<\/a> (f\u00fcr die Experimente O3-21 und O3-22)<\/td><\/tr><\/tbody><\/table><\/figure>\n\n\n\n<p id=\"zusatzlich-erforderlich\"><\/p>\n<\/div><\/div>\n\n\n\n<div class=\"wp-block-advgb-tab advgb-tab-body-container\"><div class=\"advgb-tab-body-header advgb-tab-class- header-active\" id=\"advgb-tab-panel-_7c8f3f-95-2\" role=\"tabpanel\" aria-labelledby=\"advgb-tab-_7c8f3f-95-2\" tabindex=\"0\"><span>Experimente<\/span><\/div><div class=\"advgb-tab-_7c8f3f-95 advgb-tab-body\" aria-labelledby=\"advgb-tab-panel-_7c8f3f-95-2\" style=\"display:block\">\n<p><\/p>\n\n\n\n<figure class=\"wp-block-table table-product-experiments\"><table><tbody><tr><td>O3-1<\/td><td>Schattenbildung<\/td><\/tr><tr><td>O3-2<\/td><td>Die Lochkamera<\/td><\/tr><tr><td>O3-3<\/td><td>Virtuelle und reelle Bilder am Hohlspiegel<\/td><\/tr><tr><td>O3-4<\/td><td>Reelle Bilder bei der Sammellinse<\/td><\/tr><tr><td>O3-5<\/td><td>Die Lupe<\/td><\/tr><tr><td>O3-6<\/td><td>Das Mikroskop<\/td><\/tr><tr><td>O3-7<\/td><td>Das astronomische Fernrohr<\/td><\/tr><tr><td>O3-8<\/td><td>Das holl\u00e4ndische Fernrohr<\/td><\/tr><tr><td>O3-9<\/td><td>Das Spiegelteleskop<\/td><\/tr><tr><td>O3-10<\/td><td>Augenfehler<\/td><\/tr><tr><td>O3-11<\/td><td>R\u00e4umliches Sehen<\/td><\/tr><tr><td>O3-12<\/td><td>Das Prismenspektrum<\/td><\/tr><tr><td>O3-13<\/td><td>Die Konzentration einer Zuckerl\u00f6sung<\/td><\/tr><tr><td>O3-14<\/td><td>Der Regenbogen<\/td><\/tr><\/tbody><\/table><\/figure>\n\n\n\n<h3 class=\"wp-block-heading\">Optional<\/h3>\n\n\n\n<figure class=\"wp-block-table table-product-experiments\"><table><tbody><tr><td>O3-21<\/td><td>Die RGB-Leuchte*<\/td><\/tr><tr><td>O3-22<\/td><td>Wellenl\u00e4nge des Lichts und Energie &#8211; elektromagnetisches Spektrum*<\/td><\/tr><\/tbody><\/table><\/figure>\n\n\n\n<p>* Zusatz <a href=\"https:\/\/shop.mekruphy.com\/artikeldetails\/05-30-00-rgb-leuchte.aspx\">RGB-Leuchte<\/a> erforderlich (siehe Lieferumfang)<\/p>\n<\/div><\/div>\n\n\n\n<div class=\"wp-block-advgb-tab advgb-tab-body-container\"><div class=\"advgb-tab-body-header advgb-tab-class-undefined \" id=\"advgb-tab-panel-_7c8f3f-95-3\" role=\"tabpanel\" aria-labelledby=\"advgb-tab-_7c8f3f-95-3\" tabindex=\"0\"><span>Bilder<\/span><\/div><div class=\"advgb-tab-_7c8f3f-95 advgb-tab-body\" aria-labelledby=\"advgb-tab-panel-_7c8f3f-95-3\" style=\"display:none\"><div class=\"wp-block-image\">\n<figure class=\"aligncenter size-large is-resized\"><img loading=\"lazy\" decoding=\"async\" width=\"451\" height=\"371\" src=\"https:\/\/mekruphy.com\/de\/wp-content\/uploads\/2021\/03\/O2_1.png\" alt=\"Optik Versuch\" class=\"wp-image-3048\" style=\"width:511px;height:421px\" srcset=\"https:\/\/mekruphy.com\/de\/wp-content\/uploads\/2021\/03\/O2_1.png 451w, https:\/\/mekruphy.com\/de\/wp-content\/uploads\/2021\/03\/O2_1-300x247.png 300w\" sizes=\"auto, (max-width: 451px) 100vw, 451px\" \/><\/figure>\n<\/div>\n\n\n<p>&nbsp;<\/p>\n\n\n<div class=\"wp-block-image\">\n<figure class=\"aligncenter size-large\"><img loading=\"lazy\" decoding=\"async\" width=\"738\" height=\"417\" src=\"https:\/\/mekruphy.com\/de\/wp-content\/uploads\/2021\/03\/O2_2.jpg\" alt=\"Versuchsaufbau Optik\" class=\"wp-image-3049\" srcset=\"https:\/\/mekruphy.com\/de\/wp-content\/uploads\/2021\/03\/O2_2.jpg 738w, https:\/\/mekruphy.com\/de\/wp-content\/uploads\/2021\/03\/O2_2-300x170.jpg 300w\" sizes=\"auto, (max-width: 738px) 100vw, 738px\" \/><\/figure>\n<\/div>\n\n\n<p>&nbsp;<\/p>\n\n\n<div class=\"wp-block-image\">\n<figure class=\"aligncenter size-large is-resized\"><img loading=\"lazy\" decoding=\"async\" width=\"781\" height=\"726\" src=\"https:\/\/mekruphy.com\/de\/wp-content\/uploads\/2021\/03\/O3_1.jpg\" alt=\"Sch\u00fclerexperiment zur Optik\" class=\"wp-image-3055\" style=\"width:511px;height:476px\" srcset=\"https:\/\/mekruphy.com\/de\/wp-content\/uploads\/2021\/03\/O3_1.jpg 781w, https:\/\/mekruphy.com\/de\/wp-content\/uploads\/2021\/03\/O3_1-300x279.jpg 300w, https:\/\/mekruphy.com\/de\/wp-content\/uploads\/2021\/03\/O3_1-768x714.jpg 768w\" sizes=\"auto, (max-width: 781px) 100vw, 781px\" \/><\/figure>\n<\/div><\/div><\/div>\n<\/div><\/div>\n\n\n\n<p><\/p>\n<style class=\"advgb-styles-renderer\">.advgb-tabs-7ed3eb9b-d0ee-4d52-b6f2-bfe5beb08f83 ul.advgb-tabs-panel li.advgb-tab.advgb-tab-active {background-color:#5954d6 !important;color:#fff !important;}#advgb-tabs-7ed3eb9b-d0ee-4d52-b6f2-bfe5beb08f83 .advgb-tab-body-header.header-active, .advgb-tabs-7ed3eb9b-d0ee-4d52-b6f2-bfe5beb08f83 .advgb-tab-body-header.header-active{background-color:#5954d6 !important;color:#fff !important;}<\/style>","protected":false},"excerpt":{"rendered":"","protected":false},"author":4,"featured_media":8133,"parent":961,"menu_order":0,"comment_status":"closed","ping_status":"closed","template":"templates\/product.php","meta":{"_acf_changed":false,"_coblocks_attr":"","_coblocks_dimensions":"","_coblocks_responsive_height":"","_coblocks_accordion_ie_support":"","_eb_attr":"","advgb_blocks_editor_width":"","advgb_blocks_columns_visual_guide":"","footnotes":""},"class_list":["post-388","page","type-page","status-publish","has-post-thumbnail","hentry"],"acf":[],"yoast_head":"<!-- This site is optimized with the Yoast SEO plugin v27.4 - https:\/\/yoast.com\/product\/yoast-seo-wordpress\/ -->\n<title>Experimentiersatz OPTIK 3 - MEKRUPHY GmbH<\/title>\n<meta name=\"description\" content=\"OPTIK 3 deckt neben Experimenten zur Abbildungsoptik und Schattenbildung (OPTIK 2) und auch das Prismenspektrum und den Regenbogen ab.\" \/>\n<meta name=\"robots\" content=\"index, follow, max-snippet:-1, max-image-preview:large, max-video-preview:-1\" \/>\n<link rel=\"canonical\" href=\"https:\/\/mekruphy.com\/de\/produkte\/physik\/optik\/experimentiersatz-optik-3\/\" \/>\n<meta property=\"og:locale\" content=\"de_DE\" \/>\n<meta property=\"og:type\" content=\"article\" \/>\n<meta property=\"og:title\" content=\"Experimentiersatz OPTIK 3 - MEKRUPHY GmbH\" \/>\n<meta property=\"og:description\" content=\"OPTIK 3 deckt neben Experimenten zur Abbildungsoptik und Schattenbildung (OPTIK 2) und auch das Prismenspektrum und den Regenbogen ab.\" \/>\n<meta property=\"og:url\" content=\"https:\/\/mekruphy.com\/de\/produkte\/physik\/optik\/experimentiersatz-optik-3\/\" \/>\n<meta property=\"og:site_name\" content=\"MEKRUPHY GmbH\" \/>\n<meta property=\"article:modified_time\" content=\"2026-03-31T16:03:26+00:00\" \/>\n<meta property=\"og:image\" content=\"https:\/\/mekruphy.com\/de\/wp-content\/uploads\/2024\/04\/O3_1024x768.webp\" \/>\n\t<meta property=\"og:image:width\" content=\"1024\" \/>\n\t<meta property=\"og:image:height\" content=\"789\" \/>\n\t<meta property=\"og:image:type\" content=\"image\/webp\" \/>\n<meta name=\"twitter:card\" content=\"summary_large_image\" \/>\n<meta name=\"twitter:label1\" content=\"Gesch\u00e4tzte Lesezeit\" \/>\n\t<meta name=\"twitter:data1\" content=\"7\u00a0Minuten\" \/>\n<script type=\"application\/ld+json\" class=\"yoast-schema-graph\">{\"@context\":\"https:\\\/\\\/schema.org\",\"@graph\":[{\"@type\":\"WebPage\",\"@id\":\"https:\\\/\\\/mekruphy.com\\\/de\\\/produkte\\\/physik\\\/optik\\\/experimentiersatz-optik-3\\\/\",\"url\":\"https:\\\/\\\/mekruphy.com\\\/de\\\/produkte\\\/physik\\\/optik\\\/experimentiersatz-optik-3\\\/\",\"name\":\"Experimentiersatz OPTIK 3 - MEKRUPHY GmbH\",\"isPartOf\":{\"@id\":\"https:\\\/\\\/mekruphy.com\\\/de\\\/#website\"},\"primaryImageOfPage\":{\"@id\":\"https:\\\/\\\/mekruphy.com\\\/de\\\/produkte\\\/physik\\\/optik\\\/experimentiersatz-optik-3\\\/#primaryimage\"},\"image\":{\"@id\":\"https:\\\/\\\/mekruphy.com\\\/de\\\/produkte\\\/physik\\\/optik\\\/experimentiersatz-optik-3\\\/#primaryimage\"},\"thumbnailUrl\":\"https:\\\/\\\/mekruphy.com\\\/de\\\/wp-content\\\/uploads\\\/2024\\\/04\\\/O3_1024x768.webp\",\"datePublished\":\"2020-07-15T10:19:46+00:00\",\"dateModified\":\"2026-03-31T16:03:26+00:00\",\"description\":\"OPTIK 3 deckt neben Experimenten zur Abbildungsoptik und Schattenbildung (OPTIK 2) und auch das Prismenspektrum und den Regenbogen ab.\",\"breadcrumb\":{\"@id\":\"https:\\\/\\\/mekruphy.com\\\/de\\\/produkte\\\/physik\\\/optik\\\/experimentiersatz-optik-3\\\/#breadcrumb\"},\"inLanguage\":\"de\",\"potentialAction\":[{\"@type\":\"ReadAction\",\"target\":[\"https:\\\/\\\/mekruphy.com\\\/de\\\/produkte\\\/physik\\\/optik\\\/experimentiersatz-optik-3\\\/\"]}]},{\"@type\":\"ImageObject\",\"inLanguage\":\"de\",\"@id\":\"https:\\\/\\\/mekruphy.com\\\/de\\\/produkte\\\/physik\\\/optik\\\/experimentiersatz-optik-3\\\/#primaryimage\",\"url\":\"https:\\\/\\\/mekruphy.com\\\/de\\\/wp-content\\\/uploads\\\/2024\\\/04\\\/O3_1024x768.webp\",\"contentUrl\":\"https:\\\/\\\/mekruphy.com\\\/de\\\/wp-content\\\/uploads\\\/2024\\\/04\\\/O3_1024x768.webp\",\"width\":1024,\"height\":789,\"caption\":\"OPTIK 3\"},{\"@type\":\"BreadcrumbList\",\"@id\":\"https:\\\/\\\/mekruphy.com\\\/de\\\/produkte\\\/physik\\\/optik\\\/experimentiersatz-optik-3\\\/#breadcrumb\",\"itemListElement\":[{\"@type\":\"ListItem\",\"position\":1,\"name\":\"Startseite\",\"item\":\"https:\\\/\\\/mekruphy.com\\\/de\\\/\"},{\"@type\":\"ListItem\",\"position\":2,\"name\":\"Produkte\",\"item\":\"https:\\\/\\\/mekruphy.com\\\/de\\\/produkte\\\/\"},{\"@type\":\"ListItem\",\"position\":3,\"name\":\"Physik\",\"item\":\"https:\\\/\\\/mekruphy.com\\\/de\\\/produkte\\\/physik\\\/\"},{\"@type\":\"ListItem\",\"position\":4,\"name\":\"Optik\",\"item\":\"https:\\\/\\\/mekruphy.com\\\/de\\\/produkte\\\/physik\\\/optik\\\/\"},{\"@type\":\"ListItem\",\"position\":5,\"name\":\"Experimentiersatz OPTIK 3\"}]},{\"@type\":\"WebSite\",\"@id\":\"https:\\\/\\\/mekruphy.com\\\/de\\\/#website\",\"url\":\"https:\\\/\\\/mekruphy.com\\\/de\\\/\",\"name\":\"MEKRUPHY GmbH\",\"description\":\"Sch\u00fcler-Experimentierk\u00e4sten f\u00fcr den MINT-Unterricht\",\"potentialAction\":[{\"@type\":\"SearchAction\",\"target\":{\"@type\":\"EntryPoint\",\"urlTemplate\":\"https:\\\/\\\/mekruphy.com\\\/de\\\/?s={search_term_string}\"},\"query-input\":{\"@type\":\"PropertyValueSpecification\",\"valueRequired\":true,\"valueName\":\"search_term_string\"}}],\"inLanguage\":\"de\"}]}<\/script>\n<!-- \/ Yoast SEO plugin. -->","yoast_head_json":{"title":"Experimentiersatz OPTIK 3 - MEKRUPHY GmbH","description":"OPTIK 3 deckt neben Experimenten zur Abbildungsoptik und Schattenbildung (OPTIK 2) und auch das Prismenspektrum und den Regenbogen ab.","robots":{"index":"index","follow":"follow","max-snippet":"max-snippet:-1","max-image-preview":"max-image-preview:large","max-video-preview":"max-video-preview:-1"},"canonical":"https:\/\/mekruphy.com\/de\/produkte\/physik\/optik\/experimentiersatz-optik-3\/","og_locale":"de_DE","og_type":"article","og_title":"Experimentiersatz OPTIK 3 - MEKRUPHY GmbH","og_description":"OPTIK 3 deckt neben Experimenten zur Abbildungsoptik und Schattenbildung (OPTIK 2) und auch das Prismenspektrum und den Regenbogen ab.","og_url":"https:\/\/mekruphy.com\/de\/produkte\/physik\/optik\/experimentiersatz-optik-3\/","og_site_name":"MEKRUPHY GmbH","article_modified_time":"2026-03-31T16:03:26+00:00","og_image":[{"width":1024,"height":789,"url":"https:\/\/mekruphy.com\/de\/wp-content\/uploads\/2024\/04\/O3_1024x768.webp","type":"image\/webp"}],"twitter_card":"summary_large_image","twitter_misc":{"Gesch\u00e4tzte Lesezeit":"7\u00a0Minuten"},"schema":{"@context":"https:\/\/schema.org","@graph":[{"@type":"WebPage","@id":"https:\/\/mekruphy.com\/de\/produkte\/physik\/optik\/experimentiersatz-optik-3\/","url":"https:\/\/mekruphy.com\/de\/produkte\/physik\/optik\/experimentiersatz-optik-3\/","name":"Experimentiersatz OPTIK 3 - MEKRUPHY GmbH","isPartOf":{"@id":"https:\/\/mekruphy.com\/de\/#website"},"primaryImageOfPage":{"@id":"https:\/\/mekruphy.com\/de\/produkte\/physik\/optik\/experimentiersatz-optik-3\/#primaryimage"},"image":{"@id":"https:\/\/mekruphy.com\/de\/produkte\/physik\/optik\/experimentiersatz-optik-3\/#primaryimage"},"thumbnailUrl":"https:\/\/mekruphy.com\/de\/wp-content\/uploads\/2024\/04\/O3_1024x768.webp","datePublished":"2020-07-15T10:19:46+00:00","dateModified":"2026-03-31T16:03:26+00:00","description":"OPTIK 3 deckt neben Experimenten zur Abbildungsoptik und Schattenbildung (OPTIK 2) und auch das Prismenspektrum und den Regenbogen ab.","breadcrumb":{"@id":"https:\/\/mekruphy.com\/de\/produkte\/physik\/optik\/experimentiersatz-optik-3\/#breadcrumb"},"inLanguage":"de","potentialAction":[{"@type":"ReadAction","target":["https:\/\/mekruphy.com\/de\/produkte\/physik\/optik\/experimentiersatz-optik-3\/"]}]},{"@type":"ImageObject","inLanguage":"de","@id":"https:\/\/mekruphy.com\/de\/produkte\/physik\/optik\/experimentiersatz-optik-3\/#primaryimage","url":"https:\/\/mekruphy.com\/de\/wp-content\/uploads\/2024\/04\/O3_1024x768.webp","contentUrl":"https:\/\/mekruphy.com\/de\/wp-content\/uploads\/2024\/04\/O3_1024x768.webp","width":1024,"height":789,"caption":"OPTIK 3"},{"@type":"BreadcrumbList","@id":"https:\/\/mekruphy.com\/de\/produkte\/physik\/optik\/experimentiersatz-optik-3\/#breadcrumb","itemListElement":[{"@type":"ListItem","position":1,"name":"Startseite","item":"https:\/\/mekruphy.com\/de\/"},{"@type":"ListItem","position":2,"name":"Produkte","item":"https:\/\/mekruphy.com\/de\/produkte\/"},{"@type":"ListItem","position":3,"name":"Physik","item":"https:\/\/mekruphy.com\/de\/produkte\/physik\/"},{"@type":"ListItem","position":4,"name":"Optik","item":"https:\/\/mekruphy.com\/de\/produkte\/physik\/optik\/"},{"@type":"ListItem","position":5,"name":"Experimentiersatz OPTIK 3"}]},{"@type":"WebSite","@id":"https:\/\/mekruphy.com\/de\/#website","url":"https:\/\/mekruphy.com\/de\/","name":"MEKRUPHY GmbH","description":"Sch\u00fcler-Experimentierk\u00e4sten f\u00fcr den MINT-Unterricht","potentialAction":[{"@type":"SearchAction","target":{"@type":"EntryPoint","urlTemplate":"https:\/\/mekruphy.com\/de\/?s={search_term_string}"},"query-input":{"@type":"PropertyValueSpecification","valueRequired":true,"valueName":"search_term_string"}}],"inLanguage":"de"}]}},"coauthors":[],"author_meta":{"author_link":"https:\/\/mekruphy.com\/de\/author\/helmuth-thurnermekruphy-com\/","display_name":"Helmuth Thurner"},"relative_dates":{"created":"Ver\u00f6ffentlicht 6\u00a0Jahren vor","modified":"Aktualisiert 1\u00a0Monat vor"},"absolute_dates":{"created":"Ver\u00f6ffentlicht am 15. Juli 2020","modified":"Aktualisiert am 31. M\u00e4rz 2026"},"absolute_dates_time":{"created":"Ver\u00f6ffentlicht am 15. Juli 2020 12:19","modified":"Aktualisiert am 31. M\u00e4rz 2026 18:03"},"featured_img_caption":"","featured_img":"https:\/\/mekruphy.com\/de\/wp-content\/uploads\/2024\/04\/O3_1024x768.webp","series_order":"","_links":{"self":[{"href":"https:\/\/mekruphy.com\/de\/wp-json\/wp\/v2\/pages\/388","targetHints":{"allow":["GET"]}}],"collection":[{"href":"https:\/\/mekruphy.com\/de\/wp-json\/wp\/v2\/pages"}],"about":[{"href":"https:\/\/mekruphy.com\/de\/wp-json\/wp\/v2\/types\/page"}],"author":[{"embeddable":true,"href":"https:\/\/mekruphy.com\/de\/wp-json\/wp\/v2\/users\/4"}],"replies":[{"embeddable":true,"href":"https:\/\/mekruphy.com\/de\/wp-json\/wp\/v2\/comments?post=388"}],"version-history":[{"count":30,"href":"https:\/\/mekruphy.com\/de\/wp-json\/wp\/v2\/pages\/388\/revisions"}],"predecessor-version":[{"id":9496,"href":"https:\/\/mekruphy.com\/de\/wp-json\/wp\/v2\/pages\/388\/revisions\/9496"}],"up":[{"embeddable":true,"href":"https:\/\/mekruphy.com\/de\/wp-json\/wp\/v2\/pages\/961"}],"wp:featuredmedia":[{"embeddable":true,"href":"https:\/\/mekruphy.com\/de\/wp-json\/wp\/v2\/media\/8133"}],"wp:attachment":[{"href":"https:\/\/mekruphy.com\/de\/wp-json\/wp\/v2\/media?parent=388"}],"curies":[{"name":"wp","href":"https:\/\/api.w.org\/{rel}","templated":true}]}}