{"id":396,"date":"2020-07-15T12:28:17","date_gmt":"2020-07-15T10:28:17","guid":{"rendered":"https:\/\/mekruphy.com\/de\/experimentiersatz-interferometer\/"},"modified":"2022-02-23T16:32:29","modified_gmt":"2022-02-23T15:32:29","slug":"experimentiersatz-interferometer","status":"publish","type":"page","link":"https:\/\/mekruphy.com\/de\/produkte\/physik\/optik\/experimentiersatz-interferometer\/","title":{"rendered":"Experimentiersatz INTERFEROMETER"},"content":{"rendered":"<div class=\"yoast-breadcrumbs breadcrumbs-indented\"><span><span><a href=\"https:\/\/mekruphy.com\/de\/\">Startseite<\/a><\/span> \u00bb <span><a href=\"https:\/\/mekruphy.com\/de\/produkte\/\">Produkte<\/a><\/span> \u00bb <span><a href=\"https:\/\/mekruphy.com\/de\/produkte\/physik\/\">Physik<\/a><\/span> \u00bb <span><a href=\"https:\/\/mekruphy.com\/de\/produkte\/physik\/optik\/\">Optik<\/a><\/span> \u00bb <span class=\"breadcrumb_last\" aria-current=\"page\">Experimentiersatz INTERFEROMETER<\/span><\/span><\/div>\n\n\n<div class=\"wp-block-advgb-adv-tabs advgb-tabs-wrapper advgb-tab-horz-desktop advgb-tab-vert-tablet advgb-tab-stack-mobile advgb-tabs-1a2e9b91-56e4-441a-a660-6414a28be69f\" data-tab-active=\"0\"><ul class=\"advgb-tabs-panel\"><li class=\"advgb-tab\" style=\"background-color:#e0e0e0;border-style:solid;border-width:1px;border-radius:10px\"><a id=\"\" href=\"#advgb-tabs-tab0\" style=\"color:#fff\"><span>Beschreibung<\/span><\/a><\/li><li class=\"advgb-tab\" style=\"background-color:#e0e0e0;border-style:solid;border-width:1px;border-radius:10px\"><a id=\"\" href=\"#advgb-tabs-tab1\" style=\"color:#fff\"><span>Lieferumfang<\/span><\/a><\/li><li class=\"advgb-tab\" style=\"background-color:#e0e0e0;border-style:solid;border-width:1px;border-radius:10px\"><a id=\"\" href=\"#advgb-tabs-tab2\" style=\"color:#fff\"><span>Bilder<\/span><\/a><\/li><\/ul><div class=\"advgb-tab-body-wrapper\" style=\"border-style:solid;border-width:1px;border-radius:10px\">\n<div class=\"wp-block-advgb-tab advgb-tab-body-container\"><div class=\"advgb-tab-body-header advgb-tab-class-undefined\">Beschreibung<\/div><div class=\"advgb-tab-_bf82dc-18 advgb-tab-body\" aria-labelledby=\"advgb-tabs-tab0\">\n<h2 class=\"wp-block-heading\">Mit Ultraschall experimentieren<\/h2>\n\n\n\n<p>Im Normalfall kann sich eine Schule einen Klassensatz eines Laser-Interferometers nach <a href=\"https:\/\/de.wikipedia.org\/wiki\/Michelson-Interferometer\" target=\"_blank\" rel=\"noreferrer noopener\">Michelson<\/a> aus Kostengr\u00fcnden nicht leisten. Dagegen ist der MEKRUPHY-Ex\u00adperimentiersatz INTERFEROMETER unter Verwendung von Ultraschallwellen f\u00fcr vie\u00adle Schulen durchaus erschwinglich, auch bei einer Ausstattung f\u00fcr Zweiergruppen.<\/p>\n\n\n\n<h3 class=\"wp-block-heading\">Sicherheit und tieferes Verst\u00e4ndnis<\/h3>\n\n\n\n<p>Im Sch\u00fclerexperiment bietet Ultraschall beim Interferometer gegen\u00fcber dem Laserlicht wesentlich h\u00f6here Sicherheit. Der eigentliche Vorteil im Physikunterricht ist jedoch die \u00e4u\u00dferst \u00fcbersichtli\u00adche Experimentieranordnung bei durchaus ver\u00adgleichbarer Genauigkeit. Zudem finden die Sch\u00fclerinnen und Sch\u00fcler keinen fertigen Versuchsaufbau vor, sondern m\u00fcssen die Ger\u00e4teteile selbst montie\u00adren und justieren. Dies erh\u00f6ht das Verst\u00e4ndnis sowohl f\u00fcr die Apparatur als auch f\u00fcr das Experiment.<\/p>\n\n\n\n<h3 class=\"wp-block-heading\">Der Messverst\u00e4rker<\/h3>\n\n\n\n<p>Der Messverst\u00e4rker im Zentralger\u00e4t er\u00adm\u00f6g\u00adlicht sehr ausgepr\u00e4gte Maxima und Mi\u00adnima, deren Zeigerpo\u00adsitionen auf dem Analogmessinstru\u00adment bis zu einem Drittel des gesamten Skalenbereichs auseinan\u00adder liegen. Als halbdurchl\u00e4ssiger Spiegel dient eine Lochplattenblende. Diese ist optimal auf die Wel\u00adlenl\u00e4nge der Ultraschallwelle abgestimmt.<\/p>\n\n\n\n<p><\/p>\n\n\n\n<h3 class=\"wp-block-heading\" id=\"h-begleitmaterialien\">Begleitmaterialien<\/h3>\n\n\n\n<p>Passend zum Experimentiersatz INTERFEROMETER ist auch ein <a href=\"https:\/\/mekruphy.com\/de\/produkte\/physik\/physik-arbeitshefte\/\">Sch\u00fclerheft<\/a> in analoger und digitaler Form erh\u00e4ltlich.<\/p>\n<\/div><\/div>\n\n\n\n<div class=\"wp-block-advgb-tab advgb-tab-body-container\"><div class=\"advgb-tab-body-header advgb-tab-class-undefined\">Lieferumfang<\/div><div class=\"advgb-tab-_356d18-fc advgb-tab-body\" aria-labelledby=\"advgb-tabs-tab1\">\n<figure class=\"wp-block-table table-product-contents\"><table><tbody><tr><td>01.01.10<\/td><td>Aufbewahrungskasten<\/td><\/tr><tr><td>52.02.00<\/td><td>Ger\u00e4tegeformter Einsatz IN<\/td><\/tr><tr><td>52.03.00<\/td><td>Ultraschall-Zentralger\u00e4t IN<\/td><\/tr><tr><td>52.04.00<\/td><td>Sender mit Parabolaufsatz<\/td><\/tr><tr><td>52.05.00<\/td><td>Empf\u00e4nger mit Parabolaufsatz<\/td><\/tr><tr><td>52.06.00<\/td><td>Grundplatte IN<\/td><\/tr><tr><td>52.07.00<\/td><td>Reflektorplatte (2 St\u00fcck)<\/td><\/tr><tr><td>52.08.00<\/td><td>Platte mit beweglichem Skalenteil<\/td><\/tr><tr><td>52.09.00<\/td><td>Lochplattenblende<\/td><\/tr><tr><td>52.10.00<\/td><td>Befestigungsarm (2 St\u00fcck)<\/td><\/tr><tr><td>52.11.00<\/td><td>Schrauben in Dose IN<\/td><\/tr><tr><td>06.24.10<\/td><td>Experimentierkabel 25 cm rot<\/td><\/tr><tr><td>06.24.20<\/td><td>Experimentierkabel 25 cm blau<\/td><\/tr><\/tbody><\/table><\/figure>\n\n\n\n<h3 class=\"wp-block-heading\" id=\"zusatzlich-erforderlich\">Zus\u00e4tzlich erforderlich:<\/h3>\n\n\n\n<figure class=\"wp-block-table table-product-contents\"><table><tbody><tr><td>00.07.10<\/td><td><a href=\"https:\/\/mekruphy.com\/de\/produkte\/physik\/physik-vielfachmessgerat\/\">Vielfachmessger\u00e4t AMM 3000<\/a><\/td><\/tr><\/tbody><\/table><\/figure>\n\n\n\n<p><\/p>\n\n\n\n<p><\/p>\n<\/div><\/div>\n\n\n\n<div class=\"wp-block-advgb-tab advgb-tab-body-container\"><div class=\"advgb-tab-body-header advgb-tab-class-undefined\">Bilder<\/div><div class=\"advgb-tab-_a44e8c-5e advgb-tab-body\" aria-labelledby=\"advgb-tabs-tab2\">\n<div class=\"wp-block-image\"><figure class=\"aligncenter size-large is-resized\"><img loading=\"lazy\" decoding=\"async\" src=\"https:\/\/mekruphy.com\/de\/wp-content\/uploads\/2021\/03\/IN.png\" alt=\"Versuchsaufbau Interferometer Sch\u00fclerexperiment\" class=\"wp-image-3066\" width=\"511\" height=\"449\" srcset=\"https:\/\/mekruphy.com\/de\/wp-content\/uploads\/2021\/03\/IN.png 419w, https:\/\/mekruphy.com\/de\/wp-content\/uploads\/2021\/03\/IN-300x263.png 300w\" sizes=\"auto, (max-width: 511px) 100vw, 511px\" \/><\/figure><\/div>\n<\/div><\/div>\n<\/div><\/div>\n\n\n\n<p><\/p>\n<style class=\"advgb-styles-renderer\">.advgb-tabs-1a2e9b91-56e4-441a-a660-6414a28be69f ul.advgb-tabs-panel li.advgb-tab.advgb-tab-active {background-color:#5954d6 !important;color:#fff !important;}#advgb-tabs-1a2e9b91-56e4-441a-a660-6414a28be69f .advgb-tab-body-header.header-active, .advgb-tabs-1a2e9b91-56e4-441a-a660-6414a28be69f .advgb-tab-body-header.header-active{background-color:#5954d6 !important;color:#fff !important;}<\/style>","protected":false},"excerpt":{"rendered":"","protected":false},"author":3,"featured_media":1794,"parent":961,"menu_order":0,"comment_status":"closed","ping_status":"closed","template":"templates\/product.php","meta":{"_acf_changed":false,"_coblocks_attr":"","_coblocks_dimensions":"","_coblocks_responsive_height":"","_coblocks_accordion_ie_support":"","_eb_attr":"","advgb_blocks_editor_width":"","advgb_blocks_columns_visual_guide":"","footnotes":""},"class_list":["post-396","page","type-page","status-publish","has-post-thumbnail","hentry"],"acf":[],"yoast_head":"<!-- This site is optimized with the Yoast SEO plugin v27.3 - https:\/\/yoast.com\/product\/yoast-seo-wordpress\/ -->\n<title>Experimentiersatz INTERFEROMETER - MEKRUPHY GmbH<\/title>\n<meta name=\"description\" content=\"Der MEKRUPHY Experimentierkasten INTERFEROMETER ist dank Verwendung von Ultraschall f\u00fcr viele Schulen auch als Klassensatz erschwinglich.\" \/>\n<meta name=\"robots\" content=\"index, follow, max-snippet:-1, max-image-preview:large, max-video-preview:-1\" \/>\n<link rel=\"canonical\" href=\"https:\/\/mekruphy.com\/de\/produkte\/physik\/optik\/experimentiersatz-interferometer\/\" \/>\n<meta property=\"og:locale\" content=\"de_DE\" \/>\n<meta property=\"og:type\" content=\"article\" \/>\n<meta property=\"og:title\" content=\"Experimentiersatz INTERFEROMETER - MEKRUPHY GmbH\" \/>\n<meta property=\"og:description\" content=\"Der MEKRUPHY Experimentierkasten INTERFEROMETER ist dank Verwendung von Ultraschall f\u00fcr viele Schulen auch als Klassensatz erschwinglich.\" \/>\n<meta property=\"og:url\" content=\"https:\/\/mekruphy.com\/de\/produkte\/physik\/optik\/experimentiersatz-interferometer\/\" \/>\n<meta property=\"og:site_name\" content=\"MEKRUPHY GmbH\" \/>\n<meta property=\"article:modified_time\" content=\"2022-02-23T15:32:29+00:00\" \/>\n<meta property=\"og:image\" content=\"https:\/\/mekruphy.com\/de\/wp-content\/uploads\/2020\/07\/Kasten-Physik-INTERFEROMETER.jpg\" \/>\n\t<meta property=\"og:image:width\" content=\"1800\" \/>\n\t<meta property=\"og:image:height\" content=\"1395\" \/>\n\t<meta property=\"og:image:type\" content=\"image\/jpeg\" \/>\n<meta name=\"twitter:card\" content=\"summary_large_image\" \/>\n<meta name=\"twitter:label1\" content=\"Gesch\u00e4tzte Lesezeit\" \/>\n\t<meta name=\"twitter:data1\" content=\"1\u00a0Minute\" \/>\n<script type=\"application\/ld+json\" class=\"yoast-schema-graph\">{\"@context\":\"https:\\\/\\\/schema.org\",\"@graph\":[{\"@type\":\"WebPage\",\"@id\":\"https:\\\/\\\/mekruphy.com\\\/de\\\/produkte\\\/physik\\\/optik\\\/experimentiersatz-interferometer\\\/\",\"url\":\"https:\\\/\\\/mekruphy.com\\\/de\\\/produkte\\\/physik\\\/optik\\\/experimentiersatz-interferometer\\\/\",\"name\":\"Experimentiersatz INTERFEROMETER - MEKRUPHY GmbH\",\"isPartOf\":{\"@id\":\"https:\\\/\\\/mekruphy.com\\\/de\\\/#website\"},\"primaryImageOfPage\":{\"@id\":\"https:\\\/\\\/mekruphy.com\\\/de\\\/produkte\\\/physik\\\/optik\\\/experimentiersatz-interferometer\\\/#primaryimage\"},\"image\":{\"@id\":\"https:\\\/\\\/mekruphy.com\\\/de\\\/produkte\\\/physik\\\/optik\\\/experimentiersatz-interferometer\\\/#primaryimage\"},\"thumbnailUrl\":\"https:\\\/\\\/mekruphy.com\\\/de\\\/wp-content\\\/uploads\\\/2020\\\/07\\\/Kasten-Physik-INTERFEROMETER.jpg\",\"datePublished\":\"2020-07-15T10:28:17+00:00\",\"dateModified\":\"2022-02-23T15:32:29+00:00\",\"description\":\"Der MEKRUPHY Experimentierkasten INTERFEROMETER ist dank Verwendung von Ultraschall f\u00fcr viele Schulen auch als Klassensatz erschwinglich.\",\"breadcrumb\":{\"@id\":\"https:\\\/\\\/mekruphy.com\\\/de\\\/produkte\\\/physik\\\/optik\\\/experimentiersatz-interferometer\\\/#breadcrumb\"},\"inLanguage\":\"de\",\"potentialAction\":[{\"@type\":\"ReadAction\",\"target\":[\"https:\\\/\\\/mekruphy.com\\\/de\\\/produkte\\\/physik\\\/optik\\\/experimentiersatz-interferometer\\\/\"]}]},{\"@type\":\"ImageObject\",\"inLanguage\":\"de\",\"@id\":\"https:\\\/\\\/mekruphy.com\\\/de\\\/produkte\\\/physik\\\/optik\\\/experimentiersatz-interferometer\\\/#primaryimage\",\"url\":\"https:\\\/\\\/mekruphy.com\\\/de\\\/wp-content\\\/uploads\\\/2020\\\/07\\\/Kasten-Physik-INTERFEROMETER.jpg\",\"contentUrl\":\"https:\\\/\\\/mekruphy.com\\\/de\\\/wp-content\\\/uploads\\\/2020\\\/07\\\/Kasten-Physik-INTERFEROMETER.jpg\",\"width\":1800,\"height\":1395},{\"@type\":\"BreadcrumbList\",\"@id\":\"https:\\\/\\\/mekruphy.com\\\/de\\\/produkte\\\/physik\\\/optik\\\/experimentiersatz-interferometer\\\/#breadcrumb\",\"itemListElement\":[{\"@type\":\"ListItem\",\"position\":1,\"name\":\"Startseite\",\"item\":\"https:\\\/\\\/mekruphy.com\\\/de\\\/\"},{\"@type\":\"ListItem\",\"position\":2,\"name\":\"Produkte\",\"item\":\"https:\\\/\\\/mekruphy.com\\\/de\\\/produkte\\\/\"},{\"@type\":\"ListItem\",\"position\":3,\"name\":\"Physik\",\"item\":\"https:\\\/\\\/mekruphy.com\\\/de\\\/produkte\\\/physik\\\/\"},{\"@type\":\"ListItem\",\"position\":4,\"name\":\"Optik\",\"item\":\"https:\\\/\\\/mekruphy.com\\\/de\\\/produkte\\\/physik\\\/optik\\\/\"},{\"@type\":\"ListItem\",\"position\":5,\"name\":\"Experimentiersatz INTERFEROMETER\"}]},{\"@type\":\"WebSite\",\"@id\":\"https:\\\/\\\/mekruphy.com\\\/de\\\/#website\",\"url\":\"https:\\\/\\\/mekruphy.com\\\/de\\\/\",\"name\":\"MEKRUPHY GmbH\",\"description\":\"Sch\u00fcler-Experimentierk\u00e4sten f\u00fcr den MINT-Unterricht\",\"potentialAction\":[{\"@type\":\"SearchAction\",\"target\":{\"@type\":\"EntryPoint\",\"urlTemplate\":\"https:\\\/\\\/mekruphy.com\\\/de\\\/?s={search_term_string}\"},\"query-input\":{\"@type\":\"PropertyValueSpecification\",\"valueRequired\":true,\"valueName\":\"search_term_string\"}}],\"inLanguage\":\"de\"}]}<\/script>\n<!-- \/ Yoast SEO plugin. -->","yoast_head_json":{"title":"Experimentiersatz INTERFEROMETER - MEKRUPHY GmbH","description":"Der MEKRUPHY Experimentierkasten INTERFEROMETER ist dank Verwendung von Ultraschall f\u00fcr viele Schulen auch als Klassensatz erschwinglich.","robots":{"index":"index","follow":"follow","max-snippet":"max-snippet:-1","max-image-preview":"max-image-preview:large","max-video-preview":"max-video-preview:-1"},"canonical":"https:\/\/mekruphy.com\/de\/produkte\/physik\/optik\/experimentiersatz-interferometer\/","og_locale":"de_DE","og_type":"article","og_title":"Experimentiersatz INTERFEROMETER - MEKRUPHY GmbH","og_description":"Der MEKRUPHY Experimentierkasten INTERFEROMETER ist dank Verwendung von Ultraschall f\u00fcr viele Schulen auch als Klassensatz erschwinglich.","og_url":"https:\/\/mekruphy.com\/de\/produkte\/physik\/optik\/experimentiersatz-interferometer\/","og_site_name":"MEKRUPHY GmbH","article_modified_time":"2022-02-23T15:32:29+00:00","og_image":[{"width":1800,"height":1395,"url":"https:\/\/mekruphy.com\/de\/wp-content\/uploads\/2020\/07\/Kasten-Physik-INTERFEROMETER.jpg","type":"image\/jpeg"}],"twitter_card":"summary_large_image","twitter_misc":{"Gesch\u00e4tzte Lesezeit":"1\u00a0Minute"},"schema":{"@context":"https:\/\/schema.org","@graph":[{"@type":"WebPage","@id":"https:\/\/mekruphy.com\/de\/produkte\/physik\/optik\/experimentiersatz-interferometer\/","url":"https:\/\/mekruphy.com\/de\/produkte\/physik\/optik\/experimentiersatz-interferometer\/","name":"Experimentiersatz INTERFEROMETER - MEKRUPHY GmbH","isPartOf":{"@id":"https:\/\/mekruphy.com\/de\/#website"},"primaryImageOfPage":{"@id":"https:\/\/mekruphy.com\/de\/produkte\/physik\/optik\/experimentiersatz-interferometer\/#primaryimage"},"image":{"@id":"https:\/\/mekruphy.com\/de\/produkte\/physik\/optik\/experimentiersatz-interferometer\/#primaryimage"},"thumbnailUrl":"https:\/\/mekruphy.com\/de\/wp-content\/uploads\/2020\/07\/Kasten-Physik-INTERFEROMETER.jpg","datePublished":"2020-07-15T10:28:17+00:00","dateModified":"2022-02-23T15:32:29+00:00","description":"Der MEKRUPHY Experimentierkasten INTERFEROMETER ist dank Verwendung von Ultraschall f\u00fcr viele Schulen auch als Klassensatz erschwinglich.","breadcrumb":{"@id":"https:\/\/mekruphy.com\/de\/produkte\/physik\/optik\/experimentiersatz-interferometer\/#breadcrumb"},"inLanguage":"de","potentialAction":[{"@type":"ReadAction","target":["https:\/\/mekruphy.com\/de\/produkte\/physik\/optik\/experimentiersatz-interferometer\/"]}]},{"@type":"ImageObject","inLanguage":"de","@id":"https:\/\/mekruphy.com\/de\/produkte\/physik\/optik\/experimentiersatz-interferometer\/#primaryimage","url":"https:\/\/mekruphy.com\/de\/wp-content\/uploads\/2020\/07\/Kasten-Physik-INTERFEROMETER.jpg","contentUrl":"https:\/\/mekruphy.com\/de\/wp-content\/uploads\/2020\/07\/Kasten-Physik-INTERFEROMETER.jpg","width":1800,"height":1395},{"@type":"BreadcrumbList","@id":"https:\/\/mekruphy.com\/de\/produkte\/physik\/optik\/experimentiersatz-interferometer\/#breadcrumb","itemListElement":[{"@type":"ListItem","position":1,"name":"Startseite","item":"https:\/\/mekruphy.com\/de\/"},{"@type":"ListItem","position":2,"name":"Produkte","item":"https:\/\/mekruphy.com\/de\/produkte\/"},{"@type":"ListItem","position":3,"name":"Physik","item":"https:\/\/mekruphy.com\/de\/produkte\/physik\/"},{"@type":"ListItem","position":4,"name":"Optik","item":"https:\/\/mekruphy.com\/de\/produkte\/physik\/optik\/"},{"@type":"ListItem","position":5,"name":"Experimentiersatz INTERFEROMETER"}]},{"@type":"WebSite","@id":"https:\/\/mekruphy.com\/de\/#website","url":"https:\/\/mekruphy.com\/de\/","name":"MEKRUPHY GmbH","description":"Sch\u00fcler-Experimentierk\u00e4sten f\u00fcr den MINT-Unterricht","potentialAction":[{"@type":"SearchAction","target":{"@type":"EntryPoint","urlTemplate":"https:\/\/mekruphy.com\/de\/?s={search_term_string}"},"query-input":{"@type":"PropertyValueSpecification","valueRequired":true,"valueName":"search_term_string"}}],"inLanguage":"de"}]}},"coauthors":[],"author_meta":{"author_link":"https:\/\/mekruphy.com\/de\/author\/steps-sync\/","display_name":"Steps Sync"},"relative_dates":{"created":"Posted 6\u00a0Jahren ago","modified":"Updated 4\u00a0Jahren ago"},"absolute_dates":{"created":"Posted on 15. Juli 2020","modified":"Updated on 23. Februar 2022"},"absolute_dates_time":{"created":"Posted on 15. Juli 2020 12:28","modified":"Updated on 23. Februar 2022 16:32"},"featured_img_caption":"","featured_img":"https:\/\/mekruphy.com\/de\/wp-content\/uploads\/2020\/07\/Kasten-Physik-INTERFEROMETER.jpg","series_order":"","_links":{"self":[{"href":"https:\/\/mekruphy.com\/de\/wp-json\/wp\/v2\/pages\/396","targetHints":{"allow":["GET"]}}],"collection":[{"href":"https:\/\/mekruphy.com\/de\/wp-json\/wp\/v2\/pages"}],"about":[{"href":"https:\/\/mekruphy.com\/de\/wp-json\/wp\/v2\/types\/page"}],"author":[{"embeddable":true,"href":"https:\/\/mekruphy.com\/de\/wp-json\/wp\/v2\/users\/3"}],"replies":[{"embeddable":true,"href":"https:\/\/mekruphy.com\/de\/wp-json\/wp\/v2\/comments?post=396"}],"version-history":[{"count":12,"href":"https:\/\/mekruphy.com\/de\/wp-json\/wp\/v2\/pages\/396\/revisions"}],"predecessor-version":[{"id":6311,"href":"https:\/\/mekruphy.com\/de\/wp-json\/wp\/v2\/pages\/396\/revisions\/6311"}],"up":[{"embeddable":true,"href":"https:\/\/mekruphy.com\/de\/wp-json\/wp\/v2\/pages\/961"}],"wp:featuredmedia":[{"embeddable":true,"href":"https:\/\/mekruphy.com\/de\/wp-json\/wp\/v2\/media\/1794"}],"wp:attachment":[{"href":"https:\/\/mekruphy.com\/de\/wp-json\/wp\/v2\/media?parent=396"}],"curies":[{"name":"wp","href":"https:\/\/api.w.org\/{rel}","templated":true}]}}