{"id":400,"date":"2020-07-15T12:28:50","date_gmt":"2020-07-15T10:28:50","guid":{"rendered":"https:\/\/mekruphy.com\/de\/experimentiersatz-h-bestimmung\/"},"modified":"2026-04-01T09:33:21","modified_gmt":"2026-04-01T07:33:21","slug":"experimentiersatz-h-bestimmung","status":"publish","type":"page","link":"https:\/\/mekruphy.com\/de\/produkte\/physik\/optik\/experimentiersatz-h-bestimmung\/","title":{"rendered":"Experimentiersatz h-BESTIMMUNG"},"content":{"rendered":"<div class=\"yoast-breadcrumbs breadcrumbs-indented\"><span><span><a href=\"https:\/\/mekruphy.com\/de\/\">Startseite<\/a><\/span> \u00bb <span><a href=\"https:\/\/mekruphy.com\/de\/produkte\/\">Produkte<\/a><\/span> \u00bb <span><a href=\"https:\/\/mekruphy.com\/de\/produkte\/physik\/\">Physik<\/a><\/span> \u00bb <span><a href=\"https:\/\/mekruphy.com\/de\/produkte\/physik\/optik\/\">Optik<\/a><\/span> \u00bb <span class=\"breadcrumb_last\" aria-current=\"page\">Experimentiersatz h-BESTIMMUNG<\/span><\/span><\/div>\n\n\n<div class=\"wp-block-advgb-adv-tabs advgb-tabs-wrapper advgb-tab-horz-desktop advgb-tab-vert-tablet advgb-tab-stack-mobile advgb-tabs-c9c66e45-880a-4149-ae67-d8e43af4dd77\" data-tab-active=\"0\"><ul class=\"advgb-tabs-panel\" role=\"tablist\"><li class=\"advgb-tab advgb-tab-active\" role=\"presentation\" style=\"background-color:#e0e0e0;border-style:solid;border-width:1px;border-radius:10px\"><button class=\"advgb-tab-button\" id=\"advgb-tab-_c66e45-88-0\" aria-controls=\"advgb-tab-panel-_c66e45-88-0\" role=\"tab\" aria-selected=\"true\" tabindex=\"0\" style=\"color:#fff;background:none;border:none;width:100%;text-align:inherit;cursor:pointer;padding:8px 16px;font:inherit\"><span>Beschreibung<\/span><\/button><\/li><li class=\"advgb-tab \" role=\"presentation\" style=\"background-color:#e0e0e0;border-style:solid;border-width:1px;border-radius:10px\"><button class=\"advgb-tab-button\" id=\"advgb-tab-_c66e45-88-1\" aria-controls=\"advgb-tab-panel-_c66e45-88-1\" role=\"tab\" aria-selected=\"false\" tabindex=\"0\" style=\"color:#fff;background:none;border:none;width:100%;text-align:inherit;cursor:pointer;padding:8px 16px;font:inherit\"><span>Lieferumfang<\/span><\/button><\/li><li class=\"advgb-tab \" role=\"presentation\" style=\"background-color:#e0e0e0;border-style:solid;border-width:1px;border-radius:10px\"><button class=\"advgb-tab-button\" id=\"advgb-tab-_c66e45-88-2\" aria-controls=\"advgb-tab-panel-_c66e45-88-2\" role=\"tab\" aria-selected=\"false\" tabindex=\"0\" style=\"color:#fff;background:none;border:none;width:100%;text-align:inherit;cursor:pointer;padding:8px 16px;font:inherit\"><span>Bilder<\/span><\/button><\/li><\/ul><div class=\"advgb-tab-body-wrapper\" style=\"border-style:solid;border-width:1px;border-radius:10px\">\n<div class=\"wp-block-advgb-tab advgb-tab-body-container\"><div class=\"advgb-tab-body-header advgb-tab-class- header-active\" id=\"advgb-tab-panel-_bf82dc-18-0\" role=\"tabpanel\" aria-labelledby=\"advgb-tab-_bf82dc-18-0\" tabindex=\"0\"><span>Beschreibung<\/span><\/div><div class=\"advgb-tab-_bf82dc-18 advgb-tab-body\" aria-labelledby=\"advgb-tab-panel-_bf82dc-18-0\" style=\"display:block\">\n<h2 class=\"wp-block-heading\">Plancksche Konstante einfach und pr\u00e4zise bestimmen<\/h2>\n\n\n\n<p>Mit dieser kompakten Apparatur, dem Experimentiersatz h-BESTIMMUNG, l\u00e4sst sich die Planck&#8217;sche Konstante nach der Gegenfeldmethode \u00e4u\u00dferst einfach und mit hoher Genauigkeit bestimmen. Dies wird durch eine besondere Technologie erreicht, bei der nur die Frequenz des maximal abgestrahlten LED-Lichts zum Ergebnis beitr\u00e4gt. Auf diese Weise werden die f\u00fcnf mitgelieferten LEDs zu monochromatischen Lichtquellen mit genau definierten Wellenl\u00e4ngen.<\/p>\n\n\n\n<p>Die Fassungen der LEDs sind mit speziellen Kupplungen versehen, die eine vollkommene Abschirmung von Fremdlicht gew\u00e4hrleisten. Mit Hilfe<\/p>\n\n\n\n<ul class=\"wp-block-list\"><li>zweier Potentiometer f\u00fcr die Grob- und Feineinstellung des Photostroms im nA-Bereich<\/li><li>sowie der beiden vier-dekadigen Displays<\/li><\/ul>\n\n\n\n<p>k\u00f6nnen dann jeweils der Photostrom einfach auf null geregelt und die entsprechende Gegenspannung abgelesen werden. Dabei l\u00e4sst sich auch zeigen, dass die Lichtintensit\u00e4t keinen Einfluss auf die kinetische Energie der Photoelektronen hat.<\/p>\n\n\n\n<h3 class=\"wp-block-heading\">Verschiedene Auswertungsmethoden<\/h3>\n\n\n\n<p>Die Messdaten der h-BESTIMMUNG k\u00f6nnen zun\u00e4chst graphisch aufgetragen werden. Die daraus resultierende Gerade liefert dann durch ihre Steigung den Wert der Planck&#8217;schen Konstante. Gleichzeitig l\u00e4sst sich die Austrittsarbeit f\u00fcr das Kathodenmaterial ermitteln. Beide Werte k\u00f6nnen aber auch rein rechnerisch mit einem Tabellenkalkulationsprogramm bestimmt werden.<\/p>\n\n\n\n<h3 class=\"wp-block-heading\" id=\"h-begleitmaterialien\">Begleitmaterialien<\/h3>\n\n\n\n<p>Passend zum Experimentiersatz h-BESTIMMUNG ist auch ein <a href=\"https:\/\/mekruphy.com\/de\/produkte\/physik\/physik-arbeitshefte\/\">Sch\u00fclerheft<\/a> in analoger und digitaler Form erh\u00e4ltlich.<\/p>\n<\/div><\/div>\n\n\n\n<div class=\"wp-block-advgb-tab advgb-tab-body-container\"><div class=\"advgb-tab-body-header advgb-tab-class- \" id=\"advgb-tab-panel-_bf82dc-18-1\" role=\"tabpanel\" aria-labelledby=\"advgb-tab-_bf82dc-18-1\" tabindex=\"0\"><span>Lieferumfang<\/span><\/div><div class=\"advgb-tab-_bf82dc-18 advgb-tab-body\" aria-labelledby=\"advgb-tab-panel-_bf82dc-18-1\" style=\"display:none\">\n<figure class=\"wp-block-table table-product-contents\"><table><tbody><tr><td>19.10.00<\/td><td>Kompaktger\u00e4t zur <em>h<\/em>-Bestimmung<\/td><\/tr><tr><td>04.09.20<\/td><td>Experimentierkabel 75 cm blau (2 St\u00fcck)<\/td><\/tr><tr><td>19.20.10<\/td><td>LED-Einheit 472 nm<\/td><\/tr><tr><td>19.20.20<\/td><td>LED-Einheit 505 nm<\/td><\/tr><tr><td>19.20.30<\/td><td>LED-Einheit 525 nm<\/td><\/tr><tr><td>19.20.40<\/td><td>LED-Einheit 588 nm<\/td><\/tr><tr><td>19.20.50<\/td><td>LED-Einheit 611 nm<\/td><\/tr><tr><td>19.20.60<\/td><td>Schutzkappe f\u00fcr Fotozelle<\/td><\/tr><\/tbody><\/table><\/figure>\n\n\n\n<h3 class=\"wp-block-heading\" id=\"zusatzlich-erforderlich\">Zus\u00e4tzlich erforderlich:<\/h3>\n\n\n\n<figure class=\"wp-block-table table-product-contents\"><table><tbody><tr><td>00.05.10<br><br>00.05.20<\/td><td><a href=\"https:\/\/mekruphy.com\/de\/produkte\/physik\/physik-spannungsversorgung\/\">Kleinspannungsnetzger\u00e4t MKS 2.4<\/a><br>oder<br><a href=\"https:\/\/mekruphy.com\/de\/produkte\/physik\/physik-spannungsversorgung\/\">Kleinspannungsnetzger\u00e4t MKS 3.1<\/a><\/td><\/tr><\/tbody><\/table><\/figure>\n\n\n\n<p><\/p>\n\n\n\n<p><\/p>\n<\/div><\/div>\n\n\n\n<div class=\"wp-block-advgb-tab advgb-tab-body-container\"><div class=\"advgb-tab-body-header advgb-tab-class- \" id=\"advgb-tab-panel-_bf82dc-18-2\" role=\"tabpanel\" aria-labelledby=\"advgb-tab-_bf82dc-18-2\" tabindex=\"0\"><span>Bilder<\/span><\/div><div class=\"advgb-tab-_bf82dc-18 advgb-tab-body\" aria-labelledby=\"advgb-tab-panel-_bf82dc-18-2\" style=\"display:none\"><div class=\"wp-block-image\">\n<figure class=\"aligncenter size-large is-resized\"><img loading=\"lazy\" decoding=\"async\" width=\"727\" height=\"560\" src=\"https:\/\/mekruphy.com\/de\/wp-content\/uploads\/2021\/03\/h-Best_1.jpg\" alt=\"Sch\u00fclerexperiment h-Bestimmung\" class=\"wp-image-3061\" style=\"width:511px;height:392px\" srcset=\"https:\/\/mekruphy.com\/de\/wp-content\/uploads\/2021\/03\/h-Best_1.jpg 727w, https:\/\/mekruphy.com\/de\/wp-content\/uploads\/2021\/03\/h-Best_1-300x231.jpg 300w\" sizes=\"auto, (max-width: 727px) 100vw, 727px\" \/><\/figure>\n<\/div>\n\n\n<p>&nbsp;<\/p>\n\n\n<div class=\"wp-block-image\">\n<figure class=\"aligncenter size-large is-resized\"><img loading=\"lazy\" decoding=\"async\" width=\"537\" height=\"675\" src=\"https:\/\/mekruphy.com\/de\/wp-content\/uploads\/2021\/03\/h-Best_2.jpg\" alt=\"Auswertung der Messwerte\" class=\"wp-image-3062\" style=\"width:511px;height:643px\" srcset=\"https:\/\/mekruphy.com\/de\/wp-content\/uploads\/2021\/03\/h-Best_2.jpg 537w, https:\/\/mekruphy.com\/de\/wp-content\/uploads\/2021\/03\/h-Best_2-239x300.jpg 239w\" sizes=\"auto, (max-width: 537px) 100vw, 537px\" \/><\/figure>\n<\/div>\n\n<div class=\"wp-block-image\">\n<figure class=\"aligncenter size-large is-resized\"><img loading=\"lazy\" decoding=\"async\" width=\"845\" height=\"276\" src=\"https:\/\/mekruphy.com\/de\/wp-content\/uploads\/2021\/03\/h-Best_3.jpg\" alt=\"Tabelle mit Messergebnissen\" class=\"wp-image-3063\" style=\"width:511px;height:166px\" srcset=\"https:\/\/mekruphy.com\/de\/wp-content\/uploads\/2021\/03\/h-Best_3.jpg 845w, https:\/\/mekruphy.com\/de\/wp-content\/uploads\/2021\/03\/h-Best_3-300x98.jpg 300w, https:\/\/mekruphy.com\/de\/wp-content\/uploads\/2021\/03\/h-Best_3-768x251.jpg 768w\" sizes=\"auto, (max-width: 845px) 100vw, 845px\" \/><\/figure>\n<\/div><\/div><\/div>\n<\/div><\/div>\n<style class=\"advgb-styles-renderer\">.advgb-tabs-c9c66e45-880a-4149-ae67-d8e43af4dd77 ul.advgb-tabs-panel li.advgb-tab.advgb-tab-active {background-color:#5954d6 !important;color:#fff !important;}#advgb-tabs-c9c66e45-880a-4149-ae67-d8e43af4dd77 .advgb-tab-body-header.header-active, .advgb-tabs-c9c66e45-880a-4149-ae67-d8e43af4dd77 .advgb-tab-body-header.header-active{background-color:#5954d6 !important;color:#fff !important;}<\/style>","protected":false},"excerpt":{"rendered":"","protected":false},"author":3,"featured_media":1792,"parent":961,"menu_order":0,"comment_status":"closed","ping_status":"closed","template":"templates\/product.php","meta":{"_acf_changed":false,"_coblocks_attr":"","_coblocks_dimensions":"","_coblocks_responsive_height":"","_coblocks_accordion_ie_support":"","_eb_attr":"","advgb_blocks_editor_width":"","advgb_blocks_columns_visual_guide":"","footnotes":""},"class_list":["post-400","page","type-page","status-publish","has-post-thumbnail","hentry"],"acf":[],"yoast_head":"<!-- This site is optimized with the Yoast SEO plugin v27.3 - https:\/\/yoast.com\/product\/yoast-seo-wordpress\/ -->\n<title>Experimentiersatz h-BESTIMMUNG - MEKRUPHY GmbH<\/title>\n<meta name=\"description\" content=\"Mit dem Kasten h-BESTIMMUNG l\u00e4sst sich die Planck\u2018sche Konstante nach der Gegenfeldmethode \u00e4u\u00dferst einfach im Sch\u00fclerexperiment bestimmen.\" \/>\n<meta name=\"robots\" content=\"index, follow, max-snippet:-1, max-image-preview:large, max-video-preview:-1\" \/>\n<link rel=\"canonical\" href=\"https:\/\/mekruphy.com\/de\/produkte\/physik\/optik\/experimentiersatz-h-bestimmung\/\" \/>\n<meta property=\"og:locale\" content=\"de_DE\" \/>\n<meta property=\"og:type\" content=\"article\" \/>\n<meta property=\"og:title\" content=\"Experimentiersatz h-BESTIMMUNG - MEKRUPHY GmbH\" \/>\n<meta property=\"og:description\" content=\"Mit dem Kasten h-BESTIMMUNG l\u00e4sst sich die Planck\u2018sche Konstante nach der Gegenfeldmethode \u00e4u\u00dferst einfach im Sch\u00fclerexperiment bestimmen.\" \/>\n<meta property=\"og:url\" content=\"https:\/\/mekruphy.com\/de\/produkte\/physik\/optik\/experimentiersatz-h-bestimmung\/\" \/>\n<meta property=\"og:site_name\" content=\"MEKRUPHY GmbH\" \/>\n<meta property=\"article:modified_time\" content=\"2026-04-01T07:33:21+00:00\" \/>\n<meta property=\"og:image\" content=\"https:\/\/mekruphy.com\/de\/wp-content\/uploads\/2020\/07\/Kasten-Physik-h-BESTIMMUNG.jpg\" \/>\n\t<meta property=\"og:image:width\" content=\"1800\" \/>\n\t<meta property=\"og:image:height\" content=\"1665\" \/>\n\t<meta property=\"og:image:type\" content=\"image\/jpeg\" \/>\n<meta name=\"twitter:card\" content=\"summary_large_image\" \/>\n<meta name=\"twitter:label1\" content=\"Gesch\u00e4tzte Lesezeit\" \/>\n\t<meta name=\"twitter:data1\" content=\"3\u00a0Minuten\" \/>\n<script type=\"application\/ld+json\" class=\"yoast-schema-graph\">{\"@context\":\"https:\\\/\\\/schema.org\",\"@graph\":[{\"@type\":\"WebPage\",\"@id\":\"https:\\\/\\\/mekruphy.com\\\/de\\\/produkte\\\/physik\\\/optik\\\/experimentiersatz-h-bestimmung\\\/\",\"url\":\"https:\\\/\\\/mekruphy.com\\\/de\\\/produkte\\\/physik\\\/optik\\\/experimentiersatz-h-bestimmung\\\/\",\"name\":\"Experimentiersatz h-BESTIMMUNG - MEKRUPHY GmbH\",\"isPartOf\":{\"@id\":\"https:\\\/\\\/mekruphy.com\\\/de\\\/#website\"},\"primaryImageOfPage\":{\"@id\":\"https:\\\/\\\/mekruphy.com\\\/de\\\/produkte\\\/physik\\\/optik\\\/experimentiersatz-h-bestimmung\\\/#primaryimage\"},\"image\":{\"@id\":\"https:\\\/\\\/mekruphy.com\\\/de\\\/produkte\\\/physik\\\/optik\\\/experimentiersatz-h-bestimmung\\\/#primaryimage\"},\"thumbnailUrl\":\"https:\\\/\\\/mekruphy.com\\\/de\\\/wp-content\\\/uploads\\\/2020\\\/07\\\/Kasten-Physik-h-BESTIMMUNG.jpg\",\"datePublished\":\"2020-07-15T10:28:50+00:00\",\"dateModified\":\"2026-04-01T07:33:21+00:00\",\"description\":\"Mit dem Kasten h-BESTIMMUNG l\u00e4sst sich die Planck\u2018sche Konstante nach der Gegenfeldmethode \u00e4u\u00dferst einfach im Sch\u00fclerexperiment bestimmen.\",\"breadcrumb\":{\"@id\":\"https:\\\/\\\/mekruphy.com\\\/de\\\/produkte\\\/physik\\\/optik\\\/experimentiersatz-h-bestimmung\\\/#breadcrumb\"},\"inLanguage\":\"de\",\"potentialAction\":[{\"@type\":\"ReadAction\",\"target\":[\"https:\\\/\\\/mekruphy.com\\\/de\\\/produkte\\\/physik\\\/optik\\\/experimentiersatz-h-bestimmung\\\/\"]}]},{\"@type\":\"ImageObject\",\"inLanguage\":\"de\",\"@id\":\"https:\\\/\\\/mekruphy.com\\\/de\\\/produkte\\\/physik\\\/optik\\\/experimentiersatz-h-bestimmung\\\/#primaryimage\",\"url\":\"https:\\\/\\\/mekruphy.com\\\/de\\\/wp-content\\\/uploads\\\/2020\\\/07\\\/Kasten-Physik-h-BESTIMMUNG.jpg\",\"contentUrl\":\"https:\\\/\\\/mekruphy.com\\\/de\\\/wp-content\\\/uploads\\\/2020\\\/07\\\/Kasten-Physik-h-BESTIMMUNG.jpg\",\"width\":1800,\"height\":1665},{\"@type\":\"BreadcrumbList\",\"@id\":\"https:\\\/\\\/mekruphy.com\\\/de\\\/produkte\\\/physik\\\/optik\\\/experimentiersatz-h-bestimmung\\\/#breadcrumb\",\"itemListElement\":[{\"@type\":\"ListItem\",\"position\":1,\"name\":\"Startseite\",\"item\":\"https:\\\/\\\/mekruphy.com\\\/de\\\/\"},{\"@type\":\"ListItem\",\"position\":2,\"name\":\"Produkte\",\"item\":\"https:\\\/\\\/mekruphy.com\\\/de\\\/produkte\\\/\"},{\"@type\":\"ListItem\",\"position\":3,\"name\":\"Physik\",\"item\":\"https:\\\/\\\/mekruphy.com\\\/de\\\/produkte\\\/physik\\\/\"},{\"@type\":\"ListItem\",\"position\":4,\"name\":\"Optik\",\"item\":\"https:\\\/\\\/mekruphy.com\\\/de\\\/produkte\\\/physik\\\/optik\\\/\"},{\"@type\":\"ListItem\",\"position\":5,\"name\":\"Experimentiersatz h-BESTIMMUNG\"}]},{\"@type\":\"WebSite\",\"@id\":\"https:\\\/\\\/mekruphy.com\\\/de\\\/#website\",\"url\":\"https:\\\/\\\/mekruphy.com\\\/de\\\/\",\"name\":\"MEKRUPHY GmbH\",\"description\":\"Sch\u00fcler-Experimentierk\u00e4sten f\u00fcr den MINT-Unterricht\",\"potentialAction\":[{\"@type\":\"SearchAction\",\"target\":{\"@type\":\"EntryPoint\",\"urlTemplate\":\"https:\\\/\\\/mekruphy.com\\\/de\\\/?s={search_term_string}\"},\"query-input\":{\"@type\":\"PropertyValueSpecification\",\"valueRequired\":true,\"valueName\":\"search_term_string\"}}],\"inLanguage\":\"de\"}]}<\/script>\n<!-- \/ Yoast SEO plugin. -->","yoast_head_json":{"title":"Experimentiersatz h-BESTIMMUNG - MEKRUPHY GmbH","description":"Mit dem Kasten h-BESTIMMUNG l\u00e4sst sich die Planck\u2018sche Konstante nach der Gegenfeldmethode \u00e4u\u00dferst einfach im Sch\u00fclerexperiment bestimmen.","robots":{"index":"index","follow":"follow","max-snippet":"max-snippet:-1","max-image-preview":"max-image-preview:large","max-video-preview":"max-video-preview:-1"},"canonical":"https:\/\/mekruphy.com\/de\/produkte\/physik\/optik\/experimentiersatz-h-bestimmung\/","og_locale":"de_DE","og_type":"article","og_title":"Experimentiersatz h-BESTIMMUNG - MEKRUPHY GmbH","og_description":"Mit dem Kasten h-BESTIMMUNG l\u00e4sst sich die Planck\u2018sche Konstante nach der Gegenfeldmethode \u00e4u\u00dferst einfach im Sch\u00fclerexperiment bestimmen.","og_url":"https:\/\/mekruphy.com\/de\/produkte\/physik\/optik\/experimentiersatz-h-bestimmung\/","og_site_name":"MEKRUPHY GmbH","article_modified_time":"2026-04-01T07:33:21+00:00","og_image":[{"width":1800,"height":1665,"url":"https:\/\/mekruphy.com\/de\/wp-content\/uploads\/2020\/07\/Kasten-Physik-h-BESTIMMUNG.jpg","type":"image\/jpeg"}],"twitter_card":"summary_large_image","twitter_misc":{"Gesch\u00e4tzte Lesezeit":"3\u00a0Minuten"},"schema":{"@context":"https:\/\/schema.org","@graph":[{"@type":"WebPage","@id":"https:\/\/mekruphy.com\/de\/produkte\/physik\/optik\/experimentiersatz-h-bestimmung\/","url":"https:\/\/mekruphy.com\/de\/produkte\/physik\/optik\/experimentiersatz-h-bestimmung\/","name":"Experimentiersatz h-BESTIMMUNG - MEKRUPHY GmbH","isPartOf":{"@id":"https:\/\/mekruphy.com\/de\/#website"},"primaryImageOfPage":{"@id":"https:\/\/mekruphy.com\/de\/produkte\/physik\/optik\/experimentiersatz-h-bestimmung\/#primaryimage"},"image":{"@id":"https:\/\/mekruphy.com\/de\/produkte\/physik\/optik\/experimentiersatz-h-bestimmung\/#primaryimage"},"thumbnailUrl":"https:\/\/mekruphy.com\/de\/wp-content\/uploads\/2020\/07\/Kasten-Physik-h-BESTIMMUNG.jpg","datePublished":"2020-07-15T10:28:50+00:00","dateModified":"2026-04-01T07:33:21+00:00","description":"Mit dem Kasten h-BESTIMMUNG l\u00e4sst sich die Planck\u2018sche Konstante nach der Gegenfeldmethode \u00e4u\u00dferst einfach im Sch\u00fclerexperiment bestimmen.","breadcrumb":{"@id":"https:\/\/mekruphy.com\/de\/produkte\/physik\/optik\/experimentiersatz-h-bestimmung\/#breadcrumb"},"inLanguage":"de","potentialAction":[{"@type":"ReadAction","target":["https:\/\/mekruphy.com\/de\/produkte\/physik\/optik\/experimentiersatz-h-bestimmung\/"]}]},{"@type":"ImageObject","inLanguage":"de","@id":"https:\/\/mekruphy.com\/de\/produkte\/physik\/optik\/experimentiersatz-h-bestimmung\/#primaryimage","url":"https:\/\/mekruphy.com\/de\/wp-content\/uploads\/2020\/07\/Kasten-Physik-h-BESTIMMUNG.jpg","contentUrl":"https:\/\/mekruphy.com\/de\/wp-content\/uploads\/2020\/07\/Kasten-Physik-h-BESTIMMUNG.jpg","width":1800,"height":1665},{"@type":"BreadcrumbList","@id":"https:\/\/mekruphy.com\/de\/produkte\/physik\/optik\/experimentiersatz-h-bestimmung\/#breadcrumb","itemListElement":[{"@type":"ListItem","position":1,"name":"Startseite","item":"https:\/\/mekruphy.com\/de\/"},{"@type":"ListItem","position":2,"name":"Produkte","item":"https:\/\/mekruphy.com\/de\/produkte\/"},{"@type":"ListItem","position":3,"name":"Physik","item":"https:\/\/mekruphy.com\/de\/produkte\/physik\/"},{"@type":"ListItem","position":4,"name":"Optik","item":"https:\/\/mekruphy.com\/de\/produkte\/physik\/optik\/"},{"@type":"ListItem","position":5,"name":"Experimentiersatz h-BESTIMMUNG"}]},{"@type":"WebSite","@id":"https:\/\/mekruphy.com\/de\/#website","url":"https:\/\/mekruphy.com\/de\/","name":"MEKRUPHY GmbH","description":"Sch\u00fcler-Experimentierk\u00e4sten f\u00fcr den MINT-Unterricht","potentialAction":[{"@type":"SearchAction","target":{"@type":"EntryPoint","urlTemplate":"https:\/\/mekruphy.com\/de\/?s={search_term_string}"},"query-input":{"@type":"PropertyValueSpecification","valueRequired":true,"valueName":"search_term_string"}}],"inLanguage":"de"}]}},"coauthors":[],"author_meta":{"author_link":"https:\/\/mekruphy.com\/de\/author\/steps-sync\/","display_name":"Steps Sync"},"relative_dates":{"created":"Posted 6\u00a0Jahren ago","modified":"Updated 1\u00a0Woche ago"},"absolute_dates":{"created":"Posted on 15. Juli 2020","modified":"Updated on 1. April 2026"},"absolute_dates_time":{"created":"Posted on 15. Juli 2020 12:28","modified":"Updated on 1. April 2026 9:33"},"featured_img_caption":"","featured_img":"https:\/\/mekruphy.com\/de\/wp-content\/uploads\/2020\/07\/Kasten-Physik-h-BESTIMMUNG.jpg","series_order":"","_links":{"self":[{"href":"https:\/\/mekruphy.com\/de\/wp-json\/wp\/v2\/pages\/400","targetHints":{"allow":["GET"]}}],"collection":[{"href":"https:\/\/mekruphy.com\/de\/wp-json\/wp\/v2\/pages"}],"about":[{"href":"https:\/\/mekruphy.com\/de\/wp-json\/wp\/v2\/types\/page"}],"author":[{"embeddable":true,"href":"https:\/\/mekruphy.com\/de\/wp-json\/wp\/v2\/users\/3"}],"replies":[{"embeddable":true,"href":"https:\/\/mekruphy.com\/de\/wp-json\/wp\/v2\/comments?post=400"}],"version-history":[{"count":16,"href":"https:\/\/mekruphy.com\/de\/wp-json\/wp\/v2\/pages\/400\/revisions"}],"predecessor-version":[{"id":9508,"href":"https:\/\/mekruphy.com\/de\/wp-json\/wp\/v2\/pages\/400\/revisions\/9508"}],"up":[{"embeddable":true,"href":"https:\/\/mekruphy.com\/de\/wp-json\/wp\/v2\/pages\/961"}],"wp:featuredmedia":[{"embeddable":true,"href":"https:\/\/mekruphy.com\/de\/wp-json\/wp\/v2\/media\/1792"}],"wp:attachment":[{"href":"https:\/\/mekruphy.com\/de\/wp-json\/wp\/v2\/media?parent=400"}],"curies":[{"name":"wp","href":"https:\/\/api.w.org\/{rel}","templated":true}]}}