{"id":404,"date":"2020-07-15T12:29:23","date_gmt":"2020-07-15T10:29:23","guid":{"rendered":"https:\/\/mekruphy.com\/de\/experimentiersatz-elektrik-1\/"},"modified":"2026-04-01T09:44:16","modified_gmt":"2026-04-01T07:44:16","slug":"experimentiersatz-elektrik-1","status":"publish","type":"page","link":"https:\/\/mekruphy.com\/de\/produkte\/physik\/elektrik-elektronik\/experimentiersatz-elektrik-1\/","title":{"rendered":"Experimentiersatz ELEKTRIK 1"},"content":{"rendered":"<div class=\"yoast-breadcrumbs breadcrumbs-indented\"><span><span><a href=\"https:\/\/mekruphy.com\/de\/\">Startseite<\/a><\/span> \u00bb <span><a href=\"https:\/\/mekruphy.com\/de\/produkte\/\">Produkte<\/a><\/span> \u00bb <span><a href=\"https:\/\/mekruphy.com\/de\/produkte\/physik\/\">Physik<\/a><\/span> \u00bb <span><a href=\"https:\/\/mekruphy.com\/de\/produkte\/physik\/elektrik-elektronik\/\">Elektrik \/ Elektronik<\/a><\/span> \u00bb <span class=\"breadcrumb_last\" aria-current=\"page\">Experimentiersatz ELEKTRIK 1<\/span><\/span><\/div>\n\n\n<div class=\"wp-block-advgb-adv-tabs advgb-tabs-wrapper advgb-tab-horz-desktop advgb-tab-vert-tablet advgb-tab-stack-mobile advgb-tabs-2cd77a05-790e-4631-8c45-794e5e693eb4\" data-tab-active=\"0\"><ul class=\"advgb-tabs-panel\" role=\"tablist\"><li class=\"advgb-tab advgb-tab-active\" role=\"presentation\" style=\"background-color:#e0e0e0;border-style:solid;border-width:1px;border-radius:10px\"><button class=\"advgb-tab-button\" id=\"advgb-tab-_d77a05-79-0\" aria-controls=\"advgb-tab-panel-_d77a05-79-0\" role=\"tab\" aria-selected=\"true\" tabindex=\"0\" style=\"color:#fff;background:none;border:none;width:100%;text-align:inherit;cursor:pointer;padding:8px 16px;font:inherit\"><span>Beschreibung<\/span><\/button><\/li><li class=\"advgb-tab \" role=\"presentation\" style=\"background-color:#e0e0e0;border-style:solid;border-width:1px;border-radius:10px\"><button class=\"advgb-tab-button\" id=\"advgb-tab-_d77a05-79-1\" aria-controls=\"advgb-tab-panel-_d77a05-79-1\" role=\"tab\" aria-selected=\"false\" tabindex=\"0\" style=\"color:#fff;background:none;border:none;width:100%;text-align:inherit;cursor:pointer;padding:8px 16px;font:inherit\"><span>Lieferumfang<\/span><\/button><\/li><li class=\"advgb-tab \" role=\"presentation\" style=\"background-color:#e0e0e0;border-style:solid;border-width:1px;border-radius:10px\"><button class=\"advgb-tab-button\" id=\"advgb-tab-_d77a05-79-2\" aria-controls=\"advgb-tab-panel-_d77a05-79-2\" role=\"tab\" aria-selected=\"false\" tabindex=\"0\" style=\"color:#fff;background:none;border:none;width:100%;text-align:inherit;cursor:pointer;padding:8px 16px;font:inherit\"><span>Experimente<\/span><\/button><\/li><li class=\"advgb-tab \" role=\"presentation\" style=\"background-color:#e0e0e0;border-style:solid;border-width:1px;border-radius:10px\"><button class=\"advgb-tab-button\" id=\"advgb-tab-_d77a05-79-3\" aria-controls=\"advgb-tab-panel-_d77a05-79-3\" role=\"tab\" aria-selected=\"false\" tabindex=\"0\" style=\"color:#fff;background:none;border:none;width:100%;text-align:inherit;cursor:pointer;padding:8px 16px;font:inherit\"><span>Bilder<\/span><\/button><\/li><\/ul><div class=\"advgb-tab-body-wrapper\" style=\"border-style:solid;border-width:1px;border-radius:10px\">\n<div class=\"wp-block-advgb-tab advgb-tab-body-container\"><div class=\"advgb-tab-body-header advgb-tab-class- header-active\" id=\"advgb-tab-panel-_d77a05-79-0\" role=\"tabpanel\" aria-labelledby=\"advgb-tab-_d77a05-79-0\" tabindex=\"0\"><span>Beschreibung<\/span><\/div><div class=\"advgb-tab-_d77a05-79 advgb-tab-body\" aria-labelledby=\"advgb-tab-panel-_d77a05-79-0\" style=\"display:block\">\n<h2 class=\"wp-block-heading\" id=\"der-einfache-stromkreis\">Der einfache Stromkreis<\/h2>\n\n\n\n<p>Mit dem Experimentiersatz ELEKTRIK 1 k\u00f6nnen sich die Sch\u00fclerinnen und Sch\u00fcler schon in den ersten Physikstunden m\u00fchelos in die Gesetze des einfachen Stromkreises einarbeiten. Von elektrischen Leitern und Nichtleitern, Schaltern und Stromverzweigungen \u00fcber die magnetische und chemische Wirkung des elektrischen Stromes bis hin zur Messung und Schaltung von elektrischen Widerst\u00e4nden ist mit diesem Kasten alles als Sch\u00fclerexperiment im Physikunterricht m\u00f6glich.<\/p>\n\n\n\n<h3 class=\"wp-block-heading\" id=\"leicht-nachvollziehbare-stromwege\">Leicht nachvollziehbare Stromwege<\/h3>\n\n\n\n<p>Die Grundplatte aus Acrylglas macht zusammen mit den metallischen Leiterbahnen selbst komplizierte Schaltungen optisch transparent und \u00fcbersichtlich. Hochwertige <a href=\"https:\/\/www.google.com\/url?sa=t&amp;rct=j&amp;q=&amp;esrc=s&amp;source=web&amp;cd=&amp;cad=rja&amp;uact=8&amp;ved=2ahUKEwisjbumo8r1AhUPyIUKHfWGA3M4FBAWegQIHRAB&amp;url=https%3A%2F%2Fde.wikipedia.org%2Fwiki%2FBananenstecker&amp;usg=AOvVaw3YlDAZ1KQ1-AHjGd7rX6Vi\" target=\"_blank\" rel=\"noreferrer noopener\">Federkorbstecker<\/a> und hochflexible Silikonkabel garantieren optimale Kontakte, wobei die Handhabung der Steckelemente mit den transparenten Tr\u00e4gerplatten besonders einfach ist.<\/p>\n\n\n\n<p>Weitere, computergest\u00fctzte Experimente zur Elektrizit\u00e4tslehre bietet der Experimentierkasten <a href=\"https:\/\/mekruphy.com\/de\/produkte\/physik\/elektrik-elektronik\/experimentiersatz-elektrik-5-addestation-mga\/\">ELEKTRIK 5<\/a>.<\/p>\n\n\n\n<h3 class=\"wp-block-heading\" id=\"unabhangig-von-der-steckdose\">Unabh\u00e4ngig von der Steckdose<\/h3>\n\n\n\n<p>Abgesehen von der Aufnahme der Kennlinien k\u00f6nnen alle Sch\u00fclerexperimente des Kasten ELEKTRIK 1 mit dem Batteriehalter durchgef\u00fchrt werden, der drei Mignon-Batterien enth\u00e4lt. Damit ist auch dieser Experimentiersatz unabh\u00e4ngig von der Steckdose und flexibel im Fachraum einsetzbar.<\/p>\n\n\n\n<p><\/p>\n\n\n\n<h3 class=\"wp-block-heading\" id=\"h-begleitmaterialien\">Begleitmaterialien<\/h3>\n\n\n\n<p>Passend zum Experimentiersatz ELEKTRIK 1 sind auch ein <a href=\"https:\/\/mekruphy.com\/de\/produkte\/physik\/physik-arbeitshefte\/\">Sch\u00fclerheft<\/a> und ein <a href=\"https:\/\/mekruphy.com\/de\/produkte\/physik\/physik-arbeitshefte\/\">Lehrerheft<\/a> mit didaktischen Anweisungen und L\u00f6sungen in analoger Form erh\u00e4ltlich. Das Sch\u00fclerheft ist auch in digitaler Form erwerbbar.<\/p>\n\n\n\n<h3 class=\"wp-block-heading\" id=\"h-augmented-reality-app-der-universitat-wurzburg\"><strong>Augmented Reality App der Universit\u00e4t W\u00fcrzburg<\/strong><\/h3>\n\n\n\n<p>Zu diesem Experimentiersatz hat die Physikdidaktik der Universit\u00e4t W\u00fcrzburg eine AR-App entwickelt, die Sie kostenfrei nutzen k\u00f6nnen: <a href=\"https:\/\/www.physik.uni-wuerzburg.de\/pid\/physik-didaktik\/augmented-reality\/puma-spannungslabor\" target=\"_blank\" rel=\"noreferrer noopener\">https:\/\/www.physik.uni-wuerzburg.de\/pid\/physik-didaktik\/augmented-reality\/puma-spannungslabor<\/a><\/p>\n<\/div><\/div>\n\n\n\n<div class=\"wp-block-advgb-tab advgb-tab-body-container\"><div class=\"advgb-tab-body-header advgb-tab-class- \" id=\"advgb-tab-panel-_d77a05-79-1\" role=\"tabpanel\" aria-labelledby=\"advgb-tab-_d77a05-79-1\" tabindex=\"0\"><span>Lieferumfang<\/span><\/div><div class=\"advgb-tab-_d77a05-79 advgb-tab-body\" aria-labelledby=\"advgb-tab-panel-_d77a05-79-1\" style=\"display:none\">\n<figure class=\"wp-block-table table-product-contents\"><table><tbody><tr><td>01.01.10<\/td><td>Aufbewahrungskasten<\/td><\/tr><tr><td>06.02.00<\/td><td>Ger\u00e4tegeformter Einsatz E1<\/td><\/tr><tr><td>06.03.00<\/td><td>Grundplatte E1<\/td><\/tr><tr><td>06.04.00<\/td><td>Batteriehalter mit 3 Mignon-Batterien (2 St\u00fcck)<\/td><\/tr><tr><td>06.05.00<\/td><td>Glasbecher E1<\/td><\/tr><tr><td>08.05.00<\/td><td>Kupplung E7 (2 St\u00fcck)<\/td><\/tr><tr><td>06.06.00<\/td><td>Deckel als Elektrodenhalter<\/td><\/tr><tr><td>06.07.00<\/td><td>Plattenelektrode Zink E1<\/td><\/tr><tr><td>06.08.00<\/td><td>Plattenelektrode Kupfer E1<\/td><\/tr><tr><td>06.09.00<\/td><td>Rundstabmagnet AlNiCo<\/td><\/tr><tr><td>06.10.00<\/td><td>Relais auf Sockel<\/td><\/tr><tr><td>06.11.00<\/td><td>Kompass<\/td><\/tr><tr><td>06.12.00<\/td><td>Materialproben in Beh\u00e4lter E1<\/td><\/tr><tr><td>06.13.00<\/td><td>Wechselschalter-Element<\/td><\/tr><tr><td>06.14.00<\/td><td>Steckelement mit Hebelschalter (2 St\u00fcck)<\/td><\/tr><tr><td>06.15.00<\/td><td>Kurzschlussstecker E1 (3 St\u00fcck)<\/td><\/tr><tr><td>06.16.00<\/td><td>Verbundstecker (2 St\u00fcck)<\/td><\/tr><tr><td>06.17.00<\/td><td>Steckelement mit Cr-Ni-Drahtwendel<\/td><\/tr><tr><td>06.18.00<\/td><td>Steckelement mit Widerstand R1<\/td><\/tr><tr><td>06.19.00<\/td><td>Steckelement mit Widerstand R2<\/td><\/tr><tr><td>06.20.00<\/td><td>Steckelement mit Widerstand R3<\/td><\/tr><tr><td>06.22.00<\/td><td>Steckelement mit Klemmen<\/td><\/tr><tr><td>06.23.00<\/td><td>Steckelement mit Gl\u00fchlampe (3 St\u00fcck)<\/td><\/tr><tr><td>06.24.10<\/td><td>Experimentierkabel 25 cm rot (3 St\u00fcck)<\/td><\/tr><tr><td>06.24.20<\/td><td>Experimentierkabel 25 cm blau (3 St\u00fcck)<\/td><\/tr><\/tbody><\/table><\/figure>\n\n\n\n<h3 class=\"wp-block-heading\" id=\"zusatzlich-erforderlich-1\">Zus\u00e4tzlich erforderlich:<\/h3>\n\n\n\n<p>F\u00fcr die mit * bzw. ** gekennzeichneten Experimente:<\/p>\n\n\n\n<figure class=\"wp-block-table table-product-contents\"><table><tbody><tr><td>00.07.10<\/td><td><a href=\"https:\/\/mekruphy.com\/de\/produkte\/physik\/physik-vielfachmessgerat\/\">Vielfachmessger\u00e4t AMM 3000<\/a> (2 St\u00fcck erforderlich)<\/td><\/tr><tr><td>00.05.10<br><br>00.05.20<\/td><td><a href=\"https:\/\/mekruphy.com\/de\/produkte\/physik\/physik-spannungsversorgung\/\">Kleinspannungsnetzger\u00e4t MKS 2.4<\/a><br>oder<br><a href=\"https:\/\/mekruphy.com\/de\/produkte\/physik\/physik-spannungsversorgung\/\">Kleinspannungsnetzger\u00e4t MKS 3.1<\/a><\/td><\/tr><\/tbody><\/table><\/figure>\n<\/div><\/div>\n\n\n\n<div class=\"wp-block-advgb-tab advgb-tab-body-container\"><div class=\"advgb-tab-body-header advgb-tab-class- \" id=\"advgb-tab-panel-_d77a05-79-2\" role=\"tabpanel\" aria-labelledby=\"advgb-tab-_d77a05-79-2\" tabindex=\"0\"><span>Experimente<\/span><\/div><div class=\"advgb-tab-_d77a05-79 advgb-tab-body\" aria-labelledby=\"advgb-tab-panel-_d77a05-79-2\" style=\"display:none\">\n<p><\/p>\n\n\n\n<figure class=\"wp-block-table table-product-experiments\"><table><tbody><tr><td>E1-1<\/td><td>Ferromagnetische Stoffe<\/td><\/tr><tr><td>E1-2<\/td><td>Der elektrische Strom<\/td><\/tr><tr><td>E1-3<\/td><td>Feste elektrische Leiter<\/td><\/tr><tr><td>E1-4<\/td><td>Fl\u00fcssige elektrische Leiter<\/td><\/tr><tr><td>E1-5<\/td><td>UND-, ODER-, WECHSEL-Schaltung<\/td><\/tr><tr><td>E1-6<\/td><td>Der Oersted-Versuch<\/td><\/tr><tr><td>E1-7<\/td><td>Relais und Klingel<\/td><\/tr><tr><td>E1-8<\/td><td>Das VOLTA-Element*<\/td><\/tr><tr><td>E1-9<\/td><td>Schaltung von Spannungsquellen*<\/td><\/tr><tr><td>E1-10<\/td><td>U-I-Kennlinien**<\/td><\/tr><tr><td>E1-11<\/td><td>Bestimmung von Widerst\u00e4nden**<\/td><\/tr><tr><td>E1-12<\/td><td>Zwei Gl\u00fchl\u00e4mpchen<\/td><\/tr><tr><td>E1-13<\/td><td>Widerst\u00e4nde in Reihe*<\/td><\/tr><tr><td>E1-14<\/td><td>Widerst\u00e4nde parallel*<\/td><\/tr><tr><td>E1-15<\/td><td>Widerstandskombinationen*<\/td><\/tr><tr><td>E1-16<\/td><td>Innenwiderstand einer Batterie*<\/td><\/tr><tr><td>E1-17<\/td><td>Die elektrische Energie**<\/td><\/tr><tr><td>E1-18<\/td><td>Elektrische Leistung im verzweigten Stromkreis**<\/td><\/tr><tr><td>E1-19<\/td><td>Ablese\u00fcbungen zum AMM 3000<\/td><\/tr><\/tbody><\/table><\/figure>\n\n\n\n<h3 class=\"wp-block-heading\">Zus\u00e4tzlich erforderlich:<\/h3>\n\n\n\n<p>F\u00fcr die mit * bzw. ** gekennzeichneten Experimente:<\/p>\n\n\n\n<figure class=\"wp-block-table table-product-contents\"><table><tbody><tr><td>00.07.10<\/td><td><a href=\"https:\/\/mekruphy.com\/de\/produkte\/physik\/physik-vielfachmessgerat\/\">Vielfachmessger\u00e4t AMM 3000<\/a> (2 St\u00fcck erforderlich)<\/td><\/tr><tr><td>00.05.10<br><br>00.05.20<\/td><td><a href=\"https:\/\/mekruphy.com\/de\/produkte\/physik\/physik-spannungsversorgung\/\">Kleinspannungsnetzger\u00e4t MKS 2.4<\/a><br>oder<br><a href=\"https:\/\/mekruphy.com\/de\/produkte\/physik\/physik-spannungsversorgung\/\">Kleinspannungsnetzger\u00e4t MKS 3.1<\/a><\/td><\/tr><\/tbody><\/table><\/figure>\n\n\n\n<p><\/p>\n<\/div><\/div>\n\n\n\n<div class=\"wp-block-advgb-tab advgb-tab-body-container\"><div class=\"advgb-tab-body-header advgb-tab-class-undefined \" id=\"advgb-tab-panel-_d77a05-79-3\" role=\"tabpanel\" aria-labelledby=\"advgb-tab-_d77a05-79-3\" tabindex=\"0\"><span>Bilder<\/span><\/div><div class=\"advgb-tab-_d77a05-79 advgb-tab-body\" aria-labelledby=\"advgb-tab-panel-_d77a05-79-3\" style=\"display:none\"><div class=\"wp-block-image\">\n<figure class=\"aligncenter size-large is-resized\"><img loading=\"lazy\" decoding=\"async\" width=\"1024\" height=\"607\" src=\"https:\/\/mekruphy.com\/de\/wp-content\/uploads\/2021\/03\/E1_1-1024x607.jpg\" alt=\"Sch\u00fclerexperiment Elektrik Physikunterricht\" class=\"wp-image-3068\" style=\"width:751px;height:444px\" srcset=\"https:\/\/mekruphy.com\/de\/wp-content\/uploads\/2021\/03\/E1_1-1024x607.jpg 1024w, https:\/\/mekruphy.com\/de\/wp-content\/uploads\/2021\/03\/E1_1-300x178.jpg 300w, https:\/\/mekruphy.com\/de\/wp-content\/uploads\/2021\/03\/E1_1-768x455.jpg 768w, https:\/\/mekruphy.com\/de\/wp-content\/uploads\/2021\/03\/E1_1.jpg 1063w\" sizes=\"auto, (max-width: 1024px) 100vw, 1024px\" \/><\/figure>\n<\/div>\n\n\n<p>&nbsp;<\/p>\n\n\n<div class=\"wp-block-image\">\n<figure class=\"aligncenter size-large is-resized\"><img loading=\"lazy\" decoding=\"async\" width=\"1024\" height=\"722\" src=\"https:\/\/mekruphy.com\/de\/wp-content\/uploads\/2021\/03\/E1_2-1024x722.jpg\" alt=\"Versuchsaufbau Elektrik 1\" class=\"wp-image-3069\" style=\"width:751px;height:530px\" srcset=\"https:\/\/mekruphy.com\/de\/wp-content\/uploads\/2021\/03\/E1_2-1024x722.jpg 1024w, https:\/\/mekruphy.com\/de\/wp-content\/uploads\/2021\/03\/E1_2-300x211.jpg 300w, https:\/\/mekruphy.com\/de\/wp-content\/uploads\/2021\/03\/E1_2-768x541.jpg 768w, https:\/\/mekruphy.com\/de\/wp-content\/uploads\/2021\/03\/E1_2.jpg 1240w\" sizes=\"auto, (max-width: 1024px) 100vw, 1024px\" \/><\/figure>\n<\/div><\/div><\/div>\n<\/div><\/div>\n\n\n\n<p><\/p>\n<style class=\"advgb-styles-renderer\">.advgb-tabs-2cd77a05-790e-4631-8c45-794e5e693eb4 ul.advgb-tabs-panel li.advgb-tab.advgb-tab-active {background-color:#5954d6 !important;color:#fff !important;}#advgb-tabs-2cd77a05-790e-4631-8c45-794e5e693eb4 .advgb-tab-body-header.header-active, .advgb-tabs-2cd77a05-790e-4631-8c45-794e5e693eb4 .advgb-tab-body-header.header-active{background-color:#5954d6 !important;color:#fff !important;}<\/style>","protected":false},"excerpt":{"rendered":"","protected":false},"author":3,"featured_media":3556,"parent":1262,"menu_order":0,"comment_status":"closed","ping_status":"closed","template":"templates\/product.php","meta":{"_acf_changed":false,"_coblocks_attr":"","_coblocks_dimensions":"","_coblocks_responsive_height":"","_coblocks_accordion_ie_support":"","_eb_attr":"","advgb_blocks_editor_width":"","advgb_blocks_columns_visual_guide":"","footnotes":""},"class_list":["post-404","page","type-page","status-publish","has-post-thumbnail","hentry"],"acf":[],"yoast_head":"<!-- This site is optimized with the Yoast SEO plugin v27.4 - https:\/\/yoast.com\/product\/yoast-seo-wordpress\/ -->\n<title>Experimentiersatz ELEKTRIK 1 - MEKRUPHY GmbH<\/title>\n<meta name=\"description\" content=\"Mit ELEKTRIK 1 k\u00f6nnen schon in den ersten Physikstunden m\u00fchelos Sch\u00fclerexperimente zum einfachen Stromkreises durchgef\u00fchrt werden.\" \/>\n<meta name=\"robots\" content=\"index, follow, max-snippet:-1, max-image-preview:large, max-video-preview:-1\" \/>\n<link rel=\"canonical\" href=\"https:\/\/mekruphy.com\/de\/produkte\/physik\/elektrik-elektronik\/experimentiersatz-elektrik-1\/\" \/>\n<meta property=\"og:locale\" content=\"de_DE\" \/>\n<meta property=\"og:type\" content=\"article\" \/>\n<meta property=\"og:title\" content=\"Experimentiersatz ELEKTRIK 1 - MEKRUPHY GmbH\" \/>\n<meta property=\"og:description\" content=\"Mit ELEKTRIK 1 k\u00f6nnen schon in den ersten Physikstunden m\u00fchelos Sch\u00fclerexperimente zum einfachen Stromkreises durchgef\u00fchrt werden.\" \/>\n<meta property=\"og:url\" content=\"https:\/\/mekruphy.com\/de\/produkte\/physik\/elektrik-elektronik\/experimentiersatz-elektrik-1\/\" \/>\n<meta property=\"og:site_name\" content=\"MEKRUPHY GmbH\" \/>\n<meta property=\"article:modified_time\" content=\"2026-04-01T07:44:16+00:00\" \/>\n<meta property=\"og:image\" content=\"https:\/\/mekruphy.com\/de\/wp-content\/uploads\/2021\/05\/E1-scaled.jpg\" \/>\n\t<meta property=\"og:image:width\" content=\"2560\" \/>\n\t<meta property=\"og:image:height\" content=\"1977\" \/>\n\t<meta property=\"og:image:type\" content=\"image\/jpeg\" \/>\n<meta name=\"twitter:card\" content=\"summary_large_image\" \/>\n<meta name=\"twitter:label1\" content=\"Gesch\u00e4tzte Lesezeit\" \/>\n\t<meta name=\"twitter:data1\" content=\"4\u00a0Minuten\" \/>\n<script type=\"application\/ld+json\" class=\"yoast-schema-graph\">{\"@context\":\"https:\\\/\\\/schema.org\",\"@graph\":[{\"@type\":\"WebPage\",\"@id\":\"https:\\\/\\\/mekruphy.com\\\/de\\\/produkte\\\/physik\\\/elektrik-elektronik\\\/experimentiersatz-elektrik-1\\\/\",\"url\":\"https:\\\/\\\/mekruphy.com\\\/de\\\/produkte\\\/physik\\\/elektrik-elektronik\\\/experimentiersatz-elektrik-1\\\/\",\"name\":\"Experimentiersatz ELEKTRIK 1 - MEKRUPHY GmbH\",\"isPartOf\":{\"@id\":\"https:\\\/\\\/mekruphy.com\\\/de\\\/#website\"},\"primaryImageOfPage\":{\"@id\":\"https:\\\/\\\/mekruphy.com\\\/de\\\/produkte\\\/physik\\\/elektrik-elektronik\\\/experimentiersatz-elektrik-1\\\/#primaryimage\"},\"image\":{\"@id\":\"https:\\\/\\\/mekruphy.com\\\/de\\\/produkte\\\/physik\\\/elektrik-elektronik\\\/experimentiersatz-elektrik-1\\\/#primaryimage\"},\"thumbnailUrl\":\"https:\\\/\\\/mekruphy.com\\\/de\\\/wp-content\\\/uploads\\\/2021\\\/05\\\/E1-scaled.jpg\",\"datePublished\":\"2020-07-15T10:29:23+00:00\",\"dateModified\":\"2026-04-01T07:44:16+00:00\",\"description\":\"Mit ELEKTRIK 1 k\u00f6nnen schon in den ersten Physikstunden m\u00fchelos Sch\u00fclerexperimente zum einfachen Stromkreises durchgef\u00fchrt werden.\",\"breadcrumb\":{\"@id\":\"https:\\\/\\\/mekruphy.com\\\/de\\\/produkte\\\/physik\\\/elektrik-elektronik\\\/experimentiersatz-elektrik-1\\\/#breadcrumb\"},\"inLanguage\":\"de\",\"potentialAction\":[{\"@type\":\"ReadAction\",\"target\":[\"https:\\\/\\\/mekruphy.com\\\/de\\\/produkte\\\/physik\\\/elektrik-elektronik\\\/experimentiersatz-elektrik-1\\\/\"]}]},{\"@type\":\"ImageObject\",\"inLanguage\":\"de\",\"@id\":\"https:\\\/\\\/mekruphy.com\\\/de\\\/produkte\\\/physik\\\/elektrik-elektronik\\\/experimentiersatz-elektrik-1\\\/#primaryimage\",\"url\":\"https:\\\/\\\/mekruphy.com\\\/de\\\/wp-content\\\/uploads\\\/2021\\\/05\\\/E1-scaled.jpg\",\"contentUrl\":\"https:\\\/\\\/mekruphy.com\\\/de\\\/wp-content\\\/uploads\\\/2021\\\/05\\\/E1-scaled.jpg\",\"width\":2560,\"height\":1977},{\"@type\":\"BreadcrumbList\",\"@id\":\"https:\\\/\\\/mekruphy.com\\\/de\\\/produkte\\\/physik\\\/elektrik-elektronik\\\/experimentiersatz-elektrik-1\\\/#breadcrumb\",\"itemListElement\":[{\"@type\":\"ListItem\",\"position\":1,\"name\":\"Startseite\",\"item\":\"https:\\\/\\\/mekruphy.com\\\/de\\\/\"},{\"@type\":\"ListItem\",\"position\":2,\"name\":\"Produkte\",\"item\":\"https:\\\/\\\/mekruphy.com\\\/de\\\/produkte\\\/\"},{\"@type\":\"ListItem\",\"position\":3,\"name\":\"Physik\",\"item\":\"https:\\\/\\\/mekruphy.com\\\/de\\\/produkte\\\/physik\\\/\"},{\"@type\":\"ListItem\",\"position\":4,\"name\":\"Elektrik \\\/ Elektronik\",\"item\":\"https:\\\/\\\/mekruphy.com\\\/de\\\/produkte\\\/physik\\\/elektrik-elektronik\\\/\"},{\"@type\":\"ListItem\",\"position\":5,\"name\":\"Experimentiersatz ELEKTRIK 1\"}]},{\"@type\":\"WebSite\",\"@id\":\"https:\\\/\\\/mekruphy.com\\\/de\\\/#website\",\"url\":\"https:\\\/\\\/mekruphy.com\\\/de\\\/\",\"name\":\"MEKRUPHY GmbH\",\"description\":\"Sch\u00fcler-Experimentierk\u00e4sten f\u00fcr den MINT-Unterricht\",\"potentialAction\":[{\"@type\":\"SearchAction\",\"target\":{\"@type\":\"EntryPoint\",\"urlTemplate\":\"https:\\\/\\\/mekruphy.com\\\/de\\\/?s={search_term_string}\"},\"query-input\":{\"@type\":\"PropertyValueSpecification\",\"valueRequired\":true,\"valueName\":\"search_term_string\"}}],\"inLanguage\":\"de\"}]}<\/script>\n<!-- \/ Yoast SEO plugin. -->","yoast_head_json":{"title":"Experimentiersatz ELEKTRIK 1 - MEKRUPHY GmbH","description":"Mit ELEKTRIK 1 k\u00f6nnen schon in den ersten Physikstunden m\u00fchelos Sch\u00fclerexperimente zum einfachen Stromkreises durchgef\u00fchrt werden.","robots":{"index":"index","follow":"follow","max-snippet":"max-snippet:-1","max-image-preview":"max-image-preview:large","max-video-preview":"max-video-preview:-1"},"canonical":"https:\/\/mekruphy.com\/de\/produkte\/physik\/elektrik-elektronik\/experimentiersatz-elektrik-1\/","og_locale":"de_DE","og_type":"article","og_title":"Experimentiersatz ELEKTRIK 1 - MEKRUPHY GmbH","og_description":"Mit ELEKTRIK 1 k\u00f6nnen schon in den ersten Physikstunden m\u00fchelos Sch\u00fclerexperimente zum einfachen Stromkreises durchgef\u00fchrt werden.","og_url":"https:\/\/mekruphy.com\/de\/produkte\/physik\/elektrik-elektronik\/experimentiersatz-elektrik-1\/","og_site_name":"MEKRUPHY GmbH","article_modified_time":"2026-04-01T07:44:16+00:00","og_image":[{"width":2560,"height":1977,"url":"https:\/\/mekruphy.com\/de\/wp-content\/uploads\/2021\/05\/E1-scaled.jpg","type":"image\/jpeg"}],"twitter_card":"summary_large_image","twitter_misc":{"Gesch\u00e4tzte Lesezeit":"4\u00a0Minuten"},"schema":{"@context":"https:\/\/schema.org","@graph":[{"@type":"WebPage","@id":"https:\/\/mekruphy.com\/de\/produkte\/physik\/elektrik-elektronik\/experimentiersatz-elektrik-1\/","url":"https:\/\/mekruphy.com\/de\/produkte\/physik\/elektrik-elektronik\/experimentiersatz-elektrik-1\/","name":"Experimentiersatz ELEKTRIK 1 - MEKRUPHY GmbH","isPartOf":{"@id":"https:\/\/mekruphy.com\/de\/#website"},"primaryImageOfPage":{"@id":"https:\/\/mekruphy.com\/de\/produkte\/physik\/elektrik-elektronik\/experimentiersatz-elektrik-1\/#primaryimage"},"image":{"@id":"https:\/\/mekruphy.com\/de\/produkte\/physik\/elektrik-elektronik\/experimentiersatz-elektrik-1\/#primaryimage"},"thumbnailUrl":"https:\/\/mekruphy.com\/de\/wp-content\/uploads\/2021\/05\/E1-scaled.jpg","datePublished":"2020-07-15T10:29:23+00:00","dateModified":"2026-04-01T07:44:16+00:00","description":"Mit ELEKTRIK 1 k\u00f6nnen schon in den ersten Physikstunden m\u00fchelos Sch\u00fclerexperimente zum einfachen Stromkreises durchgef\u00fchrt werden.","breadcrumb":{"@id":"https:\/\/mekruphy.com\/de\/produkte\/physik\/elektrik-elektronik\/experimentiersatz-elektrik-1\/#breadcrumb"},"inLanguage":"de","potentialAction":[{"@type":"ReadAction","target":["https:\/\/mekruphy.com\/de\/produkte\/physik\/elektrik-elektronik\/experimentiersatz-elektrik-1\/"]}]},{"@type":"ImageObject","inLanguage":"de","@id":"https:\/\/mekruphy.com\/de\/produkte\/physik\/elektrik-elektronik\/experimentiersatz-elektrik-1\/#primaryimage","url":"https:\/\/mekruphy.com\/de\/wp-content\/uploads\/2021\/05\/E1-scaled.jpg","contentUrl":"https:\/\/mekruphy.com\/de\/wp-content\/uploads\/2021\/05\/E1-scaled.jpg","width":2560,"height":1977},{"@type":"BreadcrumbList","@id":"https:\/\/mekruphy.com\/de\/produkte\/physik\/elektrik-elektronik\/experimentiersatz-elektrik-1\/#breadcrumb","itemListElement":[{"@type":"ListItem","position":1,"name":"Startseite","item":"https:\/\/mekruphy.com\/de\/"},{"@type":"ListItem","position":2,"name":"Produkte","item":"https:\/\/mekruphy.com\/de\/produkte\/"},{"@type":"ListItem","position":3,"name":"Physik","item":"https:\/\/mekruphy.com\/de\/produkte\/physik\/"},{"@type":"ListItem","position":4,"name":"Elektrik \/ Elektronik","item":"https:\/\/mekruphy.com\/de\/produkte\/physik\/elektrik-elektronik\/"},{"@type":"ListItem","position":5,"name":"Experimentiersatz ELEKTRIK 1"}]},{"@type":"WebSite","@id":"https:\/\/mekruphy.com\/de\/#website","url":"https:\/\/mekruphy.com\/de\/","name":"MEKRUPHY GmbH","description":"Sch\u00fcler-Experimentierk\u00e4sten f\u00fcr den MINT-Unterricht","potentialAction":[{"@type":"SearchAction","target":{"@type":"EntryPoint","urlTemplate":"https:\/\/mekruphy.com\/de\/?s={search_term_string}"},"query-input":{"@type":"PropertyValueSpecification","valueRequired":true,"valueName":"search_term_string"}}],"inLanguage":"de"}]}},"coauthors":[],"author_meta":{"author_link":"https:\/\/mekruphy.com\/de\/author\/steps-sync\/","display_name":"Steps Sync"},"relative_dates":{"created":"Ver\u00f6ffentlicht 6\u00a0Jahren vor","modified":"Aktualisiert 2\u00a0Wochen vor"},"absolute_dates":{"created":"Ver\u00f6ffentlicht am 15. Juli 2020","modified":"Aktualisiert am 1. April 2026"},"absolute_dates_time":{"created":"Ver\u00f6ffentlicht am 15. Juli 2020 12:29","modified":"Aktualisiert am 1. April 2026 9:44"},"featured_img_caption":"","featured_img":"https:\/\/mekruphy.com\/de\/wp-content\/uploads\/2021\/05\/E1-scaled.jpg","series_order":"","_links":{"self":[{"href":"https:\/\/mekruphy.com\/de\/wp-json\/wp\/v2\/pages\/404","targetHints":{"allow":["GET"]}}],"collection":[{"href":"https:\/\/mekruphy.com\/de\/wp-json\/wp\/v2\/pages"}],"about":[{"href":"https:\/\/mekruphy.com\/de\/wp-json\/wp\/v2\/types\/page"}],"author":[{"embeddable":true,"href":"https:\/\/mekruphy.com\/de\/wp-json\/wp\/v2\/users\/3"}],"replies":[{"embeddable":true,"href":"https:\/\/mekruphy.com\/de\/wp-json\/wp\/v2\/comments?post=404"}],"version-history":[{"count":26,"href":"https:\/\/mekruphy.com\/de\/wp-json\/wp\/v2\/pages\/404\/revisions"}],"predecessor-version":[{"id":9516,"href":"https:\/\/mekruphy.com\/de\/wp-json\/wp\/v2\/pages\/404\/revisions\/9516"}],"up":[{"embeddable":true,"href":"https:\/\/mekruphy.com\/de\/wp-json\/wp\/v2\/pages\/1262"}],"wp:featuredmedia":[{"embeddable":true,"href":"https:\/\/mekruphy.com\/de\/wp-json\/wp\/v2\/media\/3556"}],"wp:attachment":[{"href":"https:\/\/mekruphy.com\/de\/wp-json\/wp\/v2\/media?parent=404"}],"curies":[{"name":"wp","href":"https:\/\/api.w.org\/{rel}","templated":true}]}}