{"id":408,"date":"2020-07-15T12:29:52","date_gmt":"2020-07-15T10:29:52","guid":{"rendered":"https:\/\/mekruphy.com\/de\/experimentiersatz-elektrik-2\/"},"modified":"2026-04-01T09:51:30","modified_gmt":"2026-04-01T07:51:30","slug":"experimentiersatz-elektrik-2","status":"publish","type":"page","link":"https:\/\/mekruphy.com\/de\/produkte\/physik\/elektrik-elektronik\/experimentiersatz-elektrik-2\/","title":{"rendered":"Experimentiersatz ELEKTRIK 2"},"content":{"rendered":"<div class=\"yoast-breadcrumbs breadcrumbs-indented\"><span><span><a href=\"https:\/\/mekruphy.com\/de\/\">Startseite<\/a><\/span> \u00bb <span><a href=\"https:\/\/mekruphy.com\/de\/produkte\/\">Produkte<\/a><\/span> \u00bb <span><a href=\"https:\/\/mekruphy.com\/de\/produkte\/physik\/\">Physik<\/a><\/span> \u00bb <span><a href=\"https:\/\/mekruphy.com\/de\/produkte\/physik\/elektrik-elektronik\/\">Elektrik \/ Elektronik<\/a><\/span> \u00bb <span class=\"breadcrumb_last\" aria-current=\"page\">Experimentiersatz ELEKTRIK 2<\/span><\/span><\/div>\n\n\n<div class=\"wp-block-advgb-adv-tabs advgb-tabs-wrapper advgb-tab-horz-desktop advgb-tab-vert-tablet advgb-tab-stack-mobile advgb-tabs-88d77404-9482-44f9-b3a6-ddeda9c367a6\" data-tab-active=\"0\"><ul class=\"advgb-tabs-panel\" role=\"tablist\"><li class=\"advgb-tab advgb-tab-active\" role=\"presentation\" style=\"background-color:#e0e0e0;border-style:solid;border-width:1px;border-radius:10px\"><button class=\"advgb-tab-button\" id=\"advgb-tab-_d77404-94-0\" aria-controls=\"advgb-tab-panel-_d77404-94-0\" role=\"tab\" aria-selected=\"true\" tabindex=\"0\" style=\"color:#fff;background:none;border:none;width:100%;text-align:inherit;cursor:pointer;padding:8px 16px;font:inherit\"><span>Beschreibung<\/span><\/button><\/li><li class=\"advgb-tab \" role=\"presentation\" style=\"background-color:#e0e0e0;border-style:solid;border-width:1px;border-radius:10px\"><button class=\"advgb-tab-button\" id=\"advgb-tab-_d77404-94-1\" aria-controls=\"advgb-tab-panel-_d77404-94-1\" role=\"tab\" aria-selected=\"false\" tabindex=\"0\" style=\"color:#fff;background:none;border:none;width:100%;text-align:inherit;cursor:pointer;padding:8px 16px;font:inherit\"><span>Lieferumfang<\/span><\/button><\/li><li class=\"advgb-tab \" role=\"presentation\" style=\"background-color:#e0e0e0;border-style:solid;border-width:1px;border-radius:10px\"><button class=\"advgb-tab-button\" id=\"advgb-tab-_d77404-94-2\" aria-controls=\"advgb-tab-panel-_d77404-94-2\" role=\"tab\" aria-selected=\"false\" tabindex=\"0\" style=\"color:#fff;background:none;border:none;width:100%;text-align:inherit;cursor:pointer;padding:8px 16px;font:inherit\"><span>Experimente<\/span><\/button><\/li><li class=\"advgb-tab \" role=\"presentation\" style=\"background-color:#e0e0e0;border-style:solid;border-width:1px;border-radius:10px\"><button class=\"advgb-tab-button\" id=\"advgb-tab-_d77404-94-3\" aria-controls=\"advgb-tab-panel-_d77404-94-3\" role=\"tab\" aria-selected=\"false\" tabindex=\"0\" style=\"color:#fff;background:none;border:none;width:100%;text-align:inherit;cursor:pointer;padding:8px 16px;font:inherit\"><span>Bilder<\/span><\/button><\/li><\/ul><div class=\"advgb-tab-body-wrapper\" style=\"border-style:solid;border-width:1px;border-radius:10px\">\n<div class=\"wp-block-advgb-tab advgb-tab-body-container\"><div class=\"advgb-tab-body-header advgb-tab-class- header-active\" id=\"advgb-tab-panel-_d77404-94-0\" role=\"tabpanel\" aria-labelledby=\"advgb-tab-_d77404-94-0\" tabindex=\"0\"><span>Beschreibung<\/span><\/div><div class=\"advgb-tab-_d77404-94 advgb-tab-body\" aria-labelledby=\"advgb-tab-panel-_d77404-94-0\" style=\"display:block\">\n<h2 class=\"wp-block-heading\" id=\"elektrostatik-bei-jeder-luftfeuchtigkeit\">Elektrostatik bei jeder Luftfeuchtigkeit&nbsp;<\/h2>\n\n\n\n<p>W\u00e4hrend mit <a>ELEKTRIK 1<\/a>&nbsp;alle grundlegenden Sch\u00fclerexperimente zum Stromkreis durchgef\u00fchrt werden, umfasst der Experimentierkasten ELEKTRIK 2 die Themenbereiche<\/p>\n\n\n\n<ul class=\"wp-block-list\"><li>Elektrostatik<\/li><li>Magnetostatik und<\/li><li>elektromagnetische Induktion.<\/li><\/ul>\n\n\n\n<p>Durch die sorgf\u00e4ltige Auswahl geeigneter Materialien und die entsprechende Bauweise der Ger\u00e4teteile gelingen alle Experimente zur Elektrostatik auch bei sehr hoher Luftfeuchtigkeit.<\/p>\n\n\n\n<h3 class=\"wp-block-heading\" id=\"gestochen-scharfe-magnetfeldlinienbilder\">Gestochen scharfe Magnetfeldlinienbilder<\/h3>\n\n\n\n<p>In der Magnetostatik garantiert ein speziell gek\u00f6rntes Eisenpulver in Verbindung mit einem entsprechend gestalteten Acrylglastischchen gestochen scharfe Feldlinienbilder, die auch die Drei-Dimensionalit\u00e4t des magnetischen Feldes erkennen lassen.<\/p>\n\n\n\n<h3 class=\"wp-block-heading\" id=\"elektromagnetische-induktion-hautnah\"><strong>Elektromagnetische Induktion hautnah<\/strong><\/h3>\n\n\n\n<p>In Verbindung mit dem 100 mV-Bereich des Analog-<a href=\"https:\/\/mekruphy.com\/de\/produkte\/physik\/physik-vielfachmessgerat\/\">Vielfachmessger\u00e4tes AMM 3000<\/a> und dessen M\u00f6glichkeit der Nullpunkt-Mitte-Einstellung sind die einf\u00fchrenden Experimente zur elektromagnetischen Induktion sowie zum Wechselstromgenerator besonders eindrucksvoll. Aber auch die Erarbeitung der Transformatorgesetze gestaltet sich mit diesem Experimentiersatz ELEKTRIK 2 sehr attraktiv.<\/p>\n\n\n\n<p><\/p>\n\n\n\n<h3 class=\"wp-block-heading\" id=\"h-begleitmaterialien\">Begleitmaterialien<\/h3>\n\n\n\n<p>Passend zum Experimentiersatz ELEKTRIK 2 sind auch ein <a href=\"https:\/\/mekruphy.com\/de\/produkte\/physik\/physik-arbeitshefte\/\">Sch\u00fclerheft<\/a> und ein <a href=\"https:\/\/mekruphy.com\/de\/produkte\/physik\/physik-arbeitshefte\/\">Lehrerheft<\/a> mit didaktischen Anweisungen und L\u00f6sungen in analoger Form erh\u00e4ltlich. Das Sch\u00fclerheft ist auch in digitaler Form erwerbbar.<\/p>\n\n\n\n<h3 class=\"wp-block-heading\" id=\"h-augmented-reality-app-der-universitat-wurzburg\"><strong>Augmented Reality App der Universit\u00e4t W\u00fcrzburg<\/strong><\/h3>\n\n\n\n<p>Zu diesem Experimentiersatz hat die Physikdidaktik der Universit\u00e4t W\u00fcrzburg eine AR-App entwickelt, die Sie kostenfrei nutzen k\u00f6nnen: <a href=\"https:\/\/www.physik.uni-wuerzburg.de\/pid\/physik-didaktik\/augmented-reality\/puma-magnetlabor\" target=\"_blank\" rel=\"noreferrer noopener\">https:\/\/www.physik.uni-wuerzburg.de\/pid\/physik-didaktik\/augmented-reality\/puma-magnetlabor<\/a><\/p>\n<\/div><\/div>\n\n\n\n<div class=\"wp-block-advgb-tab advgb-tab-body-container\"><div class=\"advgb-tab-body-header advgb-tab-class- \" id=\"advgb-tab-panel-_d77404-94-1\" role=\"tabpanel\" aria-labelledby=\"advgb-tab-_d77404-94-1\" tabindex=\"0\"><span>Lieferumfang<\/span><\/div><div class=\"advgb-tab-_d77404-94 advgb-tab-body\" aria-labelledby=\"advgb-tab-panel-_d77404-94-1\" style=\"display:none\">\n<figure class=\"wp-block-table table-product-contents\"><table><tbody><tr><td>01.01.10<\/td><td>Aufbewahrungskasten<\/td><\/tr><tr><td>07.02.00<\/td><td>Ger\u00e4tegeformter Einsatz E2<\/td><\/tr><tr><td>07.03.00<\/td><td>Glimmlampe auf Sockel<\/td><\/tr><tr><td>06.04.00<\/td><td>Batteriehalter mit 3 Mignon-Batterien<\/td><\/tr><tr><td>07.05.00<\/td><td>Mehrzwecksockel<\/td><\/tr><tr><td>07.06.00<\/td><td>Sockel mit Buchsen<\/td><\/tr><tr><td>07.07.00<\/td><td>Streudose mit Eisenpulver<\/td><\/tr><tr><td>07.08.00<\/td><td>Abschlusseisen E2 (2 St\u00fcck)<\/td><\/tr><tr><td>06.09.00<\/td><td>Rundstabmagnet AlNiCo (2 St\u00fcck)<\/td><\/tr><tr><td>07.10.00<\/td><td>7 Eisenscheibchen in Dose<\/td><\/tr><tr><td>07.11.00<\/td><td>Feldlinientischchen<\/td><\/tr><tr><td>06.12.06<\/td><td>Eisenstab E1<\/td><\/tr><tr><td>07.12.00<\/td><td>Drehlager<\/td><\/tr><tr><td>07.13.00<\/td><td>Nadelstativ<\/td><\/tr><tr><td>07.14.00<\/td><td>Elektroskop<\/td><\/tr><tr><td>07.15.00<\/td><td>U-Kern mit Joch<\/td><\/tr><tr><td>07.16.00<\/td><td>Spule mit 200\/400 Windungen<\/td><\/tr><tr><td>07.17.00<\/td><td>Spule mit 300\/600 Windungen<\/td><\/tr><tr><td>07.18.00<\/td><td>Acrylglasstab<\/td><\/tr><tr><td>07.19.00<\/td><td>PVC-Stab (2 St\u00fcck)<\/td><\/tr><tr><td>07.20.00<\/td><td>Wolltuch<\/td><\/tr><tr><td>07.21.00<\/td><td>Seidentuch E2<\/td><\/tr><tr><td>07.22.10<\/td><td>Aluminiumring geschlossen<\/td><\/tr><tr><td>07.22.20<\/td><td>Aluminiumring offen<\/td><\/tr><tr><td>06.24.10<\/td><td>Experimentierkabel 25 cm rot (4 St\u00fcck)<\/td><\/tr><tr><td>06.24.20<\/td><td>Experimentierkabel 25 cm blau (2 St\u00fcck)<\/td><\/tr><\/tbody><\/table><\/figure>\n\n\n\n<h3 class=\"wp-block-heading\" id=\"zusatzlich-erforderlich\">Zus\u00e4tzlich erforderlich:<\/h3>\n\n\n\n<p>F\u00fcr die mit * bzw. ** gekennzeichneten Experimente:<\/p>\n\n\n\n<figure class=\"wp-block-table table-product-contents\"><table><tbody><tr><td>00.07.10<\/td><td><a href=\"https:\/\/mekruphy.com\/de\/produkte\/physik\/physik-vielfachmessgerat\/\">Vielfachmessger\u00e4t AMM 3000<\/a> (2 St\u00fcck erforderlich)<\/td><\/tr><tr><td>00.05.10<br><br>00.05.20<\/td><td><a href=\"https:\/\/mekruphy.com\/de\/produkte\/physik\/physik-spannungsversorgung\/\">Kleinspannungsnetzger\u00e4t MKS 2.4<\/a><br>oder<br><a href=\"https:\/\/mekruphy.com\/de\/produkte\/physik\/physik-spannungsversorgung\/\">Kleinspannungsnetzger\u00e4t MKS 3.1<\/a><\/td><\/tr><tr><td>00.07.70<\/td><td><a href=\"https:\/\/mekruphy.com\/de\/produkte\/physik\/physik-zubehor\/\">Wirbelstrom-Set<\/a><\/td><\/tr><\/tbody><\/table><\/figure>\n\n\n\n<p><\/p>\n\n\n\n<p><\/p>\n<\/div><\/div>\n\n\n\n<div class=\"wp-block-advgb-tab advgb-tab-body-container\"><div class=\"advgb-tab-body-header advgb-tab-class- \" id=\"advgb-tab-panel-_d77404-94-2\" role=\"tabpanel\" aria-labelledby=\"advgb-tab-_d77404-94-2\" tabindex=\"0\"><span>Experimente<\/span><\/div><div class=\"advgb-tab-_d77404-94 advgb-tab-body\" aria-labelledby=\"advgb-tab-panel-_d77404-94-2\" style=\"display:none\">\n<p><\/p>\n\n\n\n<figure class=\"wp-block-table table-product-experiments\"><table><tbody><tr><td>E2-1<\/td><td>Magnetpole<\/td><\/tr><tr><td>E2-2<\/td><td>Elementarmagnete<\/td><\/tr><tr><td>E2-3<\/td><td>Magnetische Influenz<\/td><\/tr><tr><td>E2-4<\/td><td>Kraft und Gegenkraft beim Magnetismus<\/td><\/tr><tr><td>E2-5<\/td><td>Magnetfeldlinien<\/td><\/tr><tr><td>E2-6<\/td><td>Ein Magnet zum Ein- und Ausschalten**<\/td><\/tr><tr><td>E2-7<\/td><td>Das Weicheiseninstrument**<\/td><\/tr><tr><td>E2-8<\/td><td>Die elektrostatische Kraft<\/td><\/tr><tr><td>E2-9<\/td><td>Das Elektroskop<\/td><\/tr><tr><td>E2-10<\/td><td>Vorzeichen der elektrischen Ladung<\/td><\/tr><tr><td>E2-11<\/td><td>Elektromagnetische Induktion 1*<\/td><\/tr><tr><td>E2-12<\/td><td>Elektromagnetische Induktion 2**<\/td><\/tr><tr><td>E2-13<\/td><td>Die Regel von Lenz**<\/td><\/tr><tr><td>E2-14<\/td><td>Selbstinduktion<\/td><\/tr><tr><td>E2-15<\/td><td>Die Transformatorgesetze**<\/td><\/tr><tr><td>E2-16<\/td><td>Der Wechselstromgenerator*<\/td><\/tr><tr><td>E2-17<\/td><td>Der Gleichstrommotor<\/td><\/tr><\/tbody><\/table><\/figure>\n\n\n\n<h3 class=\"wp-block-heading\">Zus\u00e4tzlich erforderlich:<\/h3>\n\n\n\n<p>F\u00fcr die mit * bzw. ** gekennzeichneten Experimente:<\/p>\n\n\n\n<figure class=\"wp-block-table table-product-contents\"><table><tbody><tr><td>00.07.10<\/td><td><a href=\"https:\/\/mekruphy.com\/de\/produkte\/physik\/physik-vielfachmessgerat\/\">Vielfachmessger\u00e4t AMM 3000<\/a> (2 St\u00fcck)<\/td><\/tr><tr><td>00.05.10<br><br>00.05.20<\/td><td><a href=\"https:\/\/mekruphy.com\/de\/produkte\/physik\/physik-spannungsversorgung\/\">Kleinspannungsnetzger\u00e4t MKS 2.4<\/a><br>oder<br><a href=\"https:\/\/mekruphy.com\/de\/produkte\/physik\/physik-spannungsversorgung\/\">Kleinspannungsnetzger\u00e4t MKS 3.1<\/a><\/td><\/tr><tr><td>00.07.70<\/td><td><a href=\"https:\/\/mekruphy.com\/de\/produkte\/physik\/physik-zubehor\/\">Wirbelstrom-Set<\/a><\/td><\/tr><\/tbody><\/table><\/figure>\n\n\n\n<p><\/p>\n<\/div><\/div>\n\n\n\n<div class=\"wp-block-advgb-tab advgb-tab-body-container\"><div class=\"advgb-tab-body-header advgb-tab-class-undefined \" id=\"advgb-tab-panel-_d77404-94-3\" role=\"tabpanel\" aria-labelledby=\"advgb-tab-_d77404-94-3\" tabindex=\"0\"><span>Bilder<\/span><\/div><div class=\"advgb-tab-_d77404-94 advgb-tab-body\" aria-labelledby=\"advgb-tab-panel-_d77404-94-3\" style=\"display:none\"><div class=\"wp-block-image\">\n<figure class=\"aligncenter size-large is-resized\"><img loading=\"lazy\" decoding=\"async\" width=\"366\" height=\"293\" src=\"https:\/\/mekruphy.com\/de\/wp-content\/uploads\/2021\/03\/E2_1.png\" alt=\"Magnetfeld\" class=\"wp-image-3078\" style=\"width:511px;height:407px\" srcset=\"https:\/\/mekruphy.com\/de\/wp-content\/uploads\/2021\/03\/E2_1.png 366w, https:\/\/mekruphy.com\/de\/wp-content\/uploads\/2021\/03\/E2_1-300x240.png 300w\" sizes=\"auto, (max-width: 366px) 100vw, 366px\" \/><\/figure>\n<\/div>\n\n\n<p>&nbsp;<\/p>\n\n\n<div class=\"wp-block-image\">\n<figure class=\"aligncenter size-large is-resized\"><img loading=\"lazy\" decoding=\"async\" width=\"934\" height=\"663\" src=\"https:\/\/mekruphy.com\/de\/wp-content\/uploads\/2021\/03\/E2_2.jpg\" alt=\"Versuchsaufbau Magnetismus\" class=\"wp-image-3079\" style=\"width:750px;height:531px\" srcset=\"https:\/\/mekruphy.com\/de\/wp-content\/uploads\/2021\/03\/E2_2.jpg 934w, https:\/\/mekruphy.com\/de\/wp-content\/uploads\/2021\/03\/E2_2-300x213.jpg 300w, https:\/\/mekruphy.com\/de\/wp-content\/uploads\/2021\/03\/E2_2-768x545.jpg 768w\" sizes=\"auto, (max-width: 934px) 100vw, 934px\" \/><\/figure>\n<\/div>\n\n\n<p>&nbsp;<\/p>\n\n\n<div class=\"wp-block-image\">\n<figure class=\"aligncenter size-large is-resized\"><img loading=\"lazy\" decoding=\"async\" width=\"619\" height=\"591\" src=\"https:\/\/mekruphy.com\/de\/wp-content\/uploads\/2021\/03\/Elektroskop.png\" alt=\"Sch\u00fclerexperiment Magnetismus Elektrik Sch\u00fclerversuch\" class=\"wp-image-3491\" style=\"width:510px;height:486px\" srcset=\"https:\/\/mekruphy.com\/de\/wp-content\/uploads\/2021\/03\/Elektroskop.png 619w, https:\/\/mekruphy.com\/de\/wp-content\/uploads\/2021\/03\/Elektroskop-300x286.png 300w\" sizes=\"auto, (max-width: 619px) 100vw, 619px\" \/><\/figure>\n<\/div>\n\n\n<p>&nbsp;<\/p>\n\n\n<div class=\"wp-block-image\">\n<figure class=\"aligncenter size-large is-resized\"><img loading=\"lazy\" decoding=\"async\" width=\"850\" height=\"616\" src=\"https:\/\/mekruphy.com\/de\/wp-content\/uploads\/2021\/03\/E2_3.jpg\" alt=\"Versuchsaufbau Magnetspule\" class=\"wp-image-3080\" style=\"width:750px;height:544px\" srcset=\"https:\/\/mekruphy.com\/de\/wp-content\/uploads\/2021\/03\/E2_3.jpg 850w, https:\/\/mekruphy.com\/de\/wp-content\/uploads\/2021\/03\/E2_3-300x217.jpg 300w, https:\/\/mekruphy.com\/de\/wp-content\/uploads\/2021\/03\/E2_3-768x557.jpg 768w\" sizes=\"auto, (max-width: 850px) 100vw, 850px\" \/><\/figure>\n<\/div>\n\n\n<p>&nbsp;<\/p>\n\n\n<div class=\"wp-block-image\">\n<figure class=\"aligncenter size-large is-resized\"><img loading=\"lazy\" decoding=\"async\" width=\"691\" height=\"461\" src=\"https:\/\/mekruphy.com\/de\/wp-content\/uploads\/2021\/03\/Elektrik_2.png\" alt=\"Sch\u00fclerexperiment Elektrik\" class=\"wp-image-3490\" style=\"width:750px;height:500px\" srcset=\"https:\/\/mekruphy.com\/de\/wp-content\/uploads\/2021\/03\/Elektrik_2.png 691w, https:\/\/mekruphy.com\/de\/wp-content\/uploads\/2021\/03\/Elektrik_2-300x200.png 300w\" sizes=\"auto, (max-width: 691px) 100vw, 691px\" \/><\/figure>\n<\/div><\/div><\/div>\n<\/div><\/div>\n\n\n\n<p><\/p>\n<style class=\"advgb-styles-renderer\">.advgb-tabs-88d77404-9482-44f9-b3a6-ddeda9c367a6 ul.advgb-tabs-panel li.advgb-tab.advgb-tab-active {background-color:#5954d6 !important;color:#fff !important;}#advgb-tabs-88d77404-9482-44f9-b3a6-ddeda9c367a6 .advgb-tab-body-header.header-active, .advgb-tabs-88d77404-9482-44f9-b3a6-ddeda9c367a6 .advgb-tab-body-header.header-active{background-color:#5954d6 !important;color:#fff !important;}<\/style>","protected":false},"excerpt":{"rendered":"","protected":false},"author":3,"featured_media":3555,"parent":1262,"menu_order":0,"comment_status":"closed","ping_status":"closed","template":"templates\/product.php","meta":{"_acf_changed":false,"_coblocks_attr":"","_coblocks_dimensions":"","_coblocks_responsive_height":"","_coblocks_accordion_ie_support":"","_eb_attr":"","advgb_blocks_editor_width":"","advgb_blocks_columns_visual_guide":"","footnotes":""},"class_list":["post-408","page","type-page","status-publish","has-post-thumbnail","hentry"],"acf":[],"yoast_head":"<!-- This site is optimized with the Yoast SEO plugin v27.4 - https:\/\/yoast.com\/product\/yoast-seo-wordpress\/ -->\n<title>Experimentiersatz ELEKTRIK 2 - MEKRUPHY GmbH<\/title>\n<meta name=\"description\" content=\"Der Kasten ELEKTRIK 2 umfasst Sch\u00fclerexperimente zu den Themenbereichen Elektrostatik, Magnetostatik und elektromagnetische Induktion.\" \/>\n<meta name=\"robots\" content=\"index, follow, max-snippet:-1, max-image-preview:large, max-video-preview:-1\" \/>\n<link rel=\"canonical\" href=\"https:\/\/mekruphy.com\/de\/produkte\/physik\/elektrik-elektronik\/experimentiersatz-elektrik-2\/\" \/>\n<meta property=\"og:locale\" content=\"de_DE\" \/>\n<meta property=\"og:type\" content=\"article\" \/>\n<meta property=\"og:title\" content=\"Experimentiersatz ELEKTRIK 2 - MEKRUPHY GmbH\" \/>\n<meta property=\"og:description\" content=\"Der Kasten ELEKTRIK 2 umfasst Sch\u00fclerexperimente zu den Themenbereichen Elektrostatik, Magnetostatik und elektromagnetische Induktion.\" \/>\n<meta property=\"og:url\" content=\"https:\/\/mekruphy.com\/de\/produkte\/physik\/elektrik-elektronik\/experimentiersatz-elektrik-2\/\" \/>\n<meta property=\"og:site_name\" content=\"MEKRUPHY GmbH\" \/>\n<meta property=\"article:modified_time\" content=\"2026-04-01T07:51:30+00:00\" \/>\n<meta property=\"og:image\" content=\"https:\/\/mekruphy.com\/de\/wp-content\/uploads\/2021\/05\/E2-scaled.jpg\" \/>\n\t<meta property=\"og:image:width\" content=\"2560\" \/>\n\t<meta property=\"og:image:height\" content=\"1977\" \/>\n\t<meta property=\"og:image:type\" content=\"image\/jpeg\" \/>\n<meta name=\"twitter:card\" content=\"summary_large_image\" \/>\n<meta name=\"twitter:label1\" content=\"Gesch\u00e4tzte Lesezeit\" \/>\n\t<meta name=\"twitter:data1\" content=\"6\u00a0Minuten\" \/>\n<script type=\"application\/ld+json\" class=\"yoast-schema-graph\">{\"@context\":\"https:\\\/\\\/schema.org\",\"@graph\":[{\"@type\":\"WebPage\",\"@id\":\"https:\\\/\\\/mekruphy.com\\\/de\\\/produkte\\\/physik\\\/elektrik-elektronik\\\/experimentiersatz-elektrik-2\\\/\",\"url\":\"https:\\\/\\\/mekruphy.com\\\/de\\\/produkte\\\/physik\\\/elektrik-elektronik\\\/experimentiersatz-elektrik-2\\\/\",\"name\":\"Experimentiersatz ELEKTRIK 2 - MEKRUPHY GmbH\",\"isPartOf\":{\"@id\":\"https:\\\/\\\/mekruphy.com\\\/de\\\/#website\"},\"primaryImageOfPage\":{\"@id\":\"https:\\\/\\\/mekruphy.com\\\/de\\\/produkte\\\/physik\\\/elektrik-elektronik\\\/experimentiersatz-elektrik-2\\\/#primaryimage\"},\"image\":{\"@id\":\"https:\\\/\\\/mekruphy.com\\\/de\\\/produkte\\\/physik\\\/elektrik-elektronik\\\/experimentiersatz-elektrik-2\\\/#primaryimage\"},\"thumbnailUrl\":\"https:\\\/\\\/mekruphy.com\\\/de\\\/wp-content\\\/uploads\\\/2021\\\/05\\\/E2-scaled.jpg\",\"datePublished\":\"2020-07-15T10:29:52+00:00\",\"dateModified\":\"2026-04-01T07:51:30+00:00\",\"description\":\"Der Kasten ELEKTRIK 2 umfasst Sch\u00fclerexperimente zu den Themenbereichen Elektrostatik, Magnetostatik und elektromagnetische Induktion.\",\"breadcrumb\":{\"@id\":\"https:\\\/\\\/mekruphy.com\\\/de\\\/produkte\\\/physik\\\/elektrik-elektronik\\\/experimentiersatz-elektrik-2\\\/#breadcrumb\"},\"inLanguage\":\"de\",\"potentialAction\":[{\"@type\":\"ReadAction\",\"target\":[\"https:\\\/\\\/mekruphy.com\\\/de\\\/produkte\\\/physik\\\/elektrik-elektronik\\\/experimentiersatz-elektrik-2\\\/\"]}]},{\"@type\":\"ImageObject\",\"inLanguage\":\"de\",\"@id\":\"https:\\\/\\\/mekruphy.com\\\/de\\\/produkte\\\/physik\\\/elektrik-elektronik\\\/experimentiersatz-elektrik-2\\\/#primaryimage\",\"url\":\"https:\\\/\\\/mekruphy.com\\\/de\\\/wp-content\\\/uploads\\\/2021\\\/05\\\/E2-scaled.jpg\",\"contentUrl\":\"https:\\\/\\\/mekruphy.com\\\/de\\\/wp-content\\\/uploads\\\/2021\\\/05\\\/E2-scaled.jpg\",\"width\":2560,\"height\":1977},{\"@type\":\"BreadcrumbList\",\"@id\":\"https:\\\/\\\/mekruphy.com\\\/de\\\/produkte\\\/physik\\\/elektrik-elektronik\\\/experimentiersatz-elektrik-2\\\/#breadcrumb\",\"itemListElement\":[{\"@type\":\"ListItem\",\"position\":1,\"name\":\"Startseite\",\"item\":\"https:\\\/\\\/mekruphy.com\\\/de\\\/\"},{\"@type\":\"ListItem\",\"position\":2,\"name\":\"Produkte\",\"item\":\"https:\\\/\\\/mekruphy.com\\\/de\\\/produkte\\\/\"},{\"@type\":\"ListItem\",\"position\":3,\"name\":\"Physik\",\"item\":\"https:\\\/\\\/mekruphy.com\\\/de\\\/produkte\\\/physik\\\/\"},{\"@type\":\"ListItem\",\"position\":4,\"name\":\"Elektrik \\\/ Elektronik\",\"item\":\"https:\\\/\\\/mekruphy.com\\\/de\\\/produkte\\\/physik\\\/elektrik-elektronik\\\/\"},{\"@type\":\"ListItem\",\"position\":5,\"name\":\"Experimentiersatz ELEKTRIK 2\"}]},{\"@type\":\"WebSite\",\"@id\":\"https:\\\/\\\/mekruphy.com\\\/de\\\/#website\",\"url\":\"https:\\\/\\\/mekruphy.com\\\/de\\\/\",\"name\":\"MEKRUPHY GmbH\",\"description\":\"Sch\u00fcler-Experimentierk\u00e4sten f\u00fcr den MINT-Unterricht\",\"potentialAction\":[{\"@type\":\"SearchAction\",\"target\":{\"@type\":\"EntryPoint\",\"urlTemplate\":\"https:\\\/\\\/mekruphy.com\\\/de\\\/?s={search_term_string}\"},\"query-input\":{\"@type\":\"PropertyValueSpecification\",\"valueRequired\":true,\"valueName\":\"search_term_string\"}}],\"inLanguage\":\"de\"}]}<\/script>\n<!-- \/ Yoast SEO plugin. -->","yoast_head_json":{"title":"Experimentiersatz ELEKTRIK 2 - MEKRUPHY GmbH","description":"Der Kasten ELEKTRIK 2 umfasst Sch\u00fclerexperimente zu den Themenbereichen Elektrostatik, Magnetostatik und elektromagnetische Induktion.","robots":{"index":"index","follow":"follow","max-snippet":"max-snippet:-1","max-image-preview":"max-image-preview:large","max-video-preview":"max-video-preview:-1"},"canonical":"https:\/\/mekruphy.com\/de\/produkte\/physik\/elektrik-elektronik\/experimentiersatz-elektrik-2\/","og_locale":"de_DE","og_type":"article","og_title":"Experimentiersatz ELEKTRIK 2 - MEKRUPHY GmbH","og_description":"Der Kasten ELEKTRIK 2 umfasst Sch\u00fclerexperimente zu den Themenbereichen Elektrostatik, Magnetostatik und elektromagnetische Induktion.","og_url":"https:\/\/mekruphy.com\/de\/produkte\/physik\/elektrik-elektronik\/experimentiersatz-elektrik-2\/","og_site_name":"MEKRUPHY GmbH","article_modified_time":"2026-04-01T07:51:30+00:00","og_image":[{"width":2560,"height":1977,"url":"https:\/\/mekruphy.com\/de\/wp-content\/uploads\/2021\/05\/E2-scaled.jpg","type":"image\/jpeg"}],"twitter_card":"summary_large_image","twitter_misc":{"Gesch\u00e4tzte Lesezeit":"6\u00a0Minuten"},"schema":{"@context":"https:\/\/schema.org","@graph":[{"@type":"WebPage","@id":"https:\/\/mekruphy.com\/de\/produkte\/physik\/elektrik-elektronik\/experimentiersatz-elektrik-2\/","url":"https:\/\/mekruphy.com\/de\/produkte\/physik\/elektrik-elektronik\/experimentiersatz-elektrik-2\/","name":"Experimentiersatz ELEKTRIK 2 - MEKRUPHY GmbH","isPartOf":{"@id":"https:\/\/mekruphy.com\/de\/#website"},"primaryImageOfPage":{"@id":"https:\/\/mekruphy.com\/de\/produkte\/physik\/elektrik-elektronik\/experimentiersatz-elektrik-2\/#primaryimage"},"image":{"@id":"https:\/\/mekruphy.com\/de\/produkte\/physik\/elektrik-elektronik\/experimentiersatz-elektrik-2\/#primaryimage"},"thumbnailUrl":"https:\/\/mekruphy.com\/de\/wp-content\/uploads\/2021\/05\/E2-scaled.jpg","datePublished":"2020-07-15T10:29:52+00:00","dateModified":"2026-04-01T07:51:30+00:00","description":"Der Kasten ELEKTRIK 2 umfasst Sch\u00fclerexperimente zu den Themenbereichen Elektrostatik, Magnetostatik und elektromagnetische Induktion.","breadcrumb":{"@id":"https:\/\/mekruphy.com\/de\/produkte\/physik\/elektrik-elektronik\/experimentiersatz-elektrik-2\/#breadcrumb"},"inLanguage":"de","potentialAction":[{"@type":"ReadAction","target":["https:\/\/mekruphy.com\/de\/produkte\/physik\/elektrik-elektronik\/experimentiersatz-elektrik-2\/"]}]},{"@type":"ImageObject","inLanguage":"de","@id":"https:\/\/mekruphy.com\/de\/produkte\/physik\/elektrik-elektronik\/experimentiersatz-elektrik-2\/#primaryimage","url":"https:\/\/mekruphy.com\/de\/wp-content\/uploads\/2021\/05\/E2-scaled.jpg","contentUrl":"https:\/\/mekruphy.com\/de\/wp-content\/uploads\/2021\/05\/E2-scaled.jpg","width":2560,"height":1977},{"@type":"BreadcrumbList","@id":"https:\/\/mekruphy.com\/de\/produkte\/physik\/elektrik-elektronik\/experimentiersatz-elektrik-2\/#breadcrumb","itemListElement":[{"@type":"ListItem","position":1,"name":"Startseite","item":"https:\/\/mekruphy.com\/de\/"},{"@type":"ListItem","position":2,"name":"Produkte","item":"https:\/\/mekruphy.com\/de\/produkte\/"},{"@type":"ListItem","position":3,"name":"Physik","item":"https:\/\/mekruphy.com\/de\/produkte\/physik\/"},{"@type":"ListItem","position":4,"name":"Elektrik \/ Elektronik","item":"https:\/\/mekruphy.com\/de\/produkte\/physik\/elektrik-elektronik\/"},{"@type":"ListItem","position":5,"name":"Experimentiersatz ELEKTRIK 2"}]},{"@type":"WebSite","@id":"https:\/\/mekruphy.com\/de\/#website","url":"https:\/\/mekruphy.com\/de\/","name":"MEKRUPHY GmbH","description":"Sch\u00fcler-Experimentierk\u00e4sten f\u00fcr den MINT-Unterricht","potentialAction":[{"@type":"SearchAction","target":{"@type":"EntryPoint","urlTemplate":"https:\/\/mekruphy.com\/de\/?s={search_term_string}"},"query-input":{"@type":"PropertyValueSpecification","valueRequired":true,"valueName":"search_term_string"}}],"inLanguage":"de"}]}},"coauthors":[],"author_meta":{"author_link":"https:\/\/mekruphy.com\/de\/author\/steps-sync\/","display_name":"Steps Sync"},"relative_dates":{"created":"Ver\u00f6ffentlicht 6\u00a0Jahren vor","modified":"Aktualisiert 3\u00a0Wochen vor"},"absolute_dates":{"created":"Ver\u00f6ffentlicht am 15. Juli 2020","modified":"Aktualisiert am 1. April 2026"},"absolute_dates_time":{"created":"Ver\u00f6ffentlicht am 15. Juli 2020 12:29","modified":"Aktualisiert am 1. April 2026 9:51"},"featured_img_caption":"","featured_img":"https:\/\/mekruphy.com\/de\/wp-content\/uploads\/2021\/05\/E2-scaled.jpg","series_order":"","_links":{"self":[{"href":"https:\/\/mekruphy.com\/de\/wp-json\/wp\/v2\/pages\/408","targetHints":{"allow":["GET"]}}],"collection":[{"href":"https:\/\/mekruphy.com\/de\/wp-json\/wp\/v2\/pages"}],"about":[{"href":"https:\/\/mekruphy.com\/de\/wp-json\/wp\/v2\/types\/page"}],"author":[{"embeddable":true,"href":"https:\/\/mekruphy.com\/de\/wp-json\/wp\/v2\/users\/3"}],"replies":[{"embeddable":true,"href":"https:\/\/mekruphy.com\/de\/wp-json\/wp\/v2\/comments?post=408"}],"version-history":[{"count":38,"href":"https:\/\/mekruphy.com\/de\/wp-json\/wp\/v2\/pages\/408\/revisions"}],"predecessor-version":[{"id":9526,"href":"https:\/\/mekruphy.com\/de\/wp-json\/wp\/v2\/pages\/408\/revisions\/9526"}],"up":[{"embeddable":true,"href":"https:\/\/mekruphy.com\/de\/wp-json\/wp\/v2\/pages\/1262"}],"wp:featuredmedia":[{"embeddable":true,"href":"https:\/\/mekruphy.com\/de\/wp-json\/wp\/v2\/media\/3555"}],"wp:attachment":[{"href":"https:\/\/mekruphy.com\/de\/wp-json\/wp\/v2\/media?parent=408"}],"curies":[{"name":"wp","href":"https:\/\/api.w.org\/{rel}","templated":true}]}}