{"id":412,"date":"2020-07-15T12:30:21","date_gmt":"2020-07-15T10:30:21","guid":{"rendered":"https:\/\/mekruphy.com\/de\/experimentiersatz-elektrik-3\/"},"modified":"2026-04-01T09:55:13","modified_gmt":"2026-04-01T07:55:13","slug":"experimentiersatz-elektrik-3","status":"publish","type":"page","link":"https:\/\/mekruphy.com\/de\/produkte\/physik\/elektrik-elektronik\/experimentiersatz-elektrik-3\/","title":{"rendered":"Experimentiersatz ELEKTRIK 3"},"content":{"rendered":"<div class=\"yoast-breadcrumbs breadcrumbs-indented\"><span><span><a href=\"https:\/\/mekruphy.com\/de\/\">Startseite<\/a><\/span> \u00bb <span><a href=\"https:\/\/mekruphy.com\/de\/produkte\/\">Produkte<\/a><\/span> \u00bb <span><a href=\"https:\/\/mekruphy.com\/de\/produkte\/physik\/\">Physik<\/a><\/span> \u00bb <span><a href=\"https:\/\/mekruphy.com\/de\/produkte\/physik\/elektrik-elektronik\/\">Elektrik \/ Elektronik<\/a><\/span> \u00bb <span class=\"breadcrumb_last\" aria-current=\"page\">Experimentiersatz ELEKTRIK 3<\/span><\/span><\/div>\n\n\n<div class=\"wp-block-advgb-adv-tabs advgb-tabs-wrapper advgb-tab-horz-desktop advgb-tab-vert-tablet advgb-tab-stack-mobile advgb-tabs-396f98d5-fd90-46ed-b138-b5980da29ff1\" data-tab-active=\"0\"><ul class=\"advgb-tabs-panel\" role=\"tablist\"><li class=\"advgb-tab advgb-tab-active\" role=\"presentation\" style=\"background-color:#e0e0e0;border-style:solid;border-width:1px;border-radius:10px\"><button class=\"advgb-tab-button\" id=\"advgb-tab-_6f98d5-fd-0\" aria-controls=\"advgb-tab-panel-_6f98d5-fd-0\" role=\"tab\" aria-selected=\"true\" tabindex=\"0\" style=\"color:#fff;background:none;border:none;width:100%;text-align:inherit;cursor:pointer;padding:8px 16px;font:inherit\"><span>Beschreibung<\/span><\/button><\/li><li class=\"advgb-tab \" role=\"presentation\" style=\"background-color:#e0e0e0;border-style:solid;border-width:1px;border-radius:10px\"><button class=\"advgb-tab-button\" id=\"advgb-tab-_6f98d5-fd-1\" aria-controls=\"advgb-tab-panel-_6f98d5-fd-1\" role=\"tab\" aria-selected=\"false\" tabindex=\"0\" style=\"color:#fff;background:none;border:none;width:100%;text-align:inherit;cursor:pointer;padding:8px 16px;font:inherit\"><span>Lieferumfang<\/span><\/button><\/li><li class=\"advgb-tab \" role=\"presentation\" style=\"background-color:#e0e0e0;border-style:solid;border-width:1px;border-radius:10px\"><button class=\"advgb-tab-button\" id=\"advgb-tab-_6f98d5-fd-2\" aria-controls=\"advgb-tab-panel-_6f98d5-fd-2\" role=\"tab\" aria-selected=\"false\" tabindex=\"0\" style=\"color:#fff;background:none;border:none;width:100%;text-align:inherit;cursor:pointer;padding:8px 16px;font:inherit\"><span>Experimente<\/span><\/button><\/li><li class=\"advgb-tab \" role=\"presentation\" style=\"background-color:#e0e0e0;border-style:solid;border-width:1px;border-radius:10px\"><button class=\"advgb-tab-button\" id=\"advgb-tab-_6f98d5-fd-3\" aria-controls=\"advgb-tab-panel-_6f98d5-fd-3\" role=\"tab\" aria-selected=\"false\" tabindex=\"0\" style=\"color:#fff;background:none;border:none;width:100%;text-align:inherit;cursor:pointer;padding:8px 16px;font:inherit\"><span>Bilder<\/span><\/button><\/li><\/ul><div class=\"advgb-tab-body-wrapper\" style=\"border-style:solid;border-width:1px;border-radius:10px\">\n<div class=\"wp-block-advgb-tab advgb-tab-body-container\"><div class=\"advgb-tab-body-header advgb-tab-class- header-active\" id=\"advgb-tab-panel-_6f98d5-fd-0\" role=\"tabpanel\" aria-labelledby=\"advgb-tab-_6f98d5-fd-0\" tabindex=\"0\"><span>Beschreibung<\/span><\/div><div class=\"advgb-tab-_6f98d5-fd advgb-tab-body\" aria-labelledby=\"advgb-tab-panel-_6f98d5-fd-0\" style=\"display:block\">\n<h2 class=\"wp-block-heading\">Der spezifische Widerstand<\/h2>\n\n\n\n<p>W\u00e4hrend mit dem Experimentiersatz <a href=\"https:\/\/mekruphy.com\/de\/produkte\/physik\/elektrik-elektronik\/experimentiersatz-elektrik-1\/\">ELEKTRIK 1<\/a> alle grundlegenden Ph\u00e4nomene und Gesetzm\u00e4\u00dfigkeiten zum elektrischen Stromkreis mit Ausnahme des spezifischen Widerstandes erarbeitet werden k\u00f6nnen, schlie\u00dft der Kasten ELEKTRIK 3 nicht nur diese L\u00fccke, sondern erm\u00f6glicht<\/p>\n\n\n\n<ul class=\"wp-block-list\"><li>weiterf\u00fchrende Experimente bis hin zur Vier-Leiter-Messung<\/li><li>und zum Kontaktwiderstand.<\/li><\/ul>\n\n\n\n<h3 class=\"wp-block-heading\">Hohe Messgenauigkeit<\/h3>\n\n\n\n<p>Im Mittelpunkt des ELEKTRIK 3 Kastens steht das stabile Grundger\u00e4t mit Acrylglasplatte und kompakten Kontaktbl\u00f6cken, das Stangen und Dr\u00e4hte verschiedener L\u00e4ngen, Querschnitte und Materialien aufnehmen kann. Dar\u00fcber hinaus besitzt es eine <a href=\"https:\/\/de.wikipedia.org\/wiki\/Spiegelskale\" target=\"_blank\" rel=\"noreferrer noopener\">Spiegelskala<\/a>, die eine Ablesung auf halbe Millimeter genau erm\u00f6glicht. Der Gleichstromverst\u00e4rker besitzt drei Verst\u00e4rkungsbereiche sowie ein Nullpunkt-Einstellungspotentiometer.<\/p>\n\n\n\n<p><\/p>\n\n\n\n<h3 class=\"wp-block-heading\" id=\"h-begleitmaterialien\">Begleitmaterialien<\/h3>\n\n\n\n<p>Passend zum Experimentiersatz ELEKTRIK 3 sind auch ein <a href=\"https:\/\/mekruphy.com\/de\/produkte\/physik\/physik-arbeitshefte\/\">Sch\u00fclerheft<\/a> und ein <a href=\"https:\/\/mekruphy.com\/de\/produkte\/physik\/physik-arbeitshefte\/\">Lehrerheft<\/a> mit didaktischen Anweisungen und L\u00f6sungen in analoger Form erh\u00e4ltlich. Das Sch\u00fclerheft ist auch in digitaler Form erwerbbar.<\/p>\n<\/div><\/div>\n\n\n\n<div class=\"wp-block-advgb-tab advgb-tab-body-container\"><div class=\"advgb-tab-body-header advgb-tab-class- \" id=\"advgb-tab-panel-_6f98d5-fd-1\" role=\"tabpanel\" aria-labelledby=\"advgb-tab-_6f98d5-fd-1\" tabindex=\"0\"><span>Lieferumfang<\/span><\/div><div class=\"advgb-tab-_6f98d5-fd advgb-tab-body\" aria-labelledby=\"advgb-tab-panel-_6f98d5-fd-1\" style=\"display:none\">\n<figure class=\"wp-block-table table-product-contents\"><table><tbody><tr><td>01.01.10<\/td><td>Aufbewahrungskasten<\/td><\/tr><tr><td>09.02.00<\/td><td>Ger\u00e4tegeformter Einsatz E3<\/td><\/tr><tr><td>09.03.00<\/td><td>Grundger\u00e4t<\/td><\/tr><tr><td>09.04.00<\/td><td>Gleichstromverst\u00e4rker<\/td><\/tr><tr><td>09.05.10<\/td><td>Widerstandsstange Messing 2 mm<\/td><\/tr><tr><td>09.05.20<\/td><td>Widerstandsstange Messing 3 mm<\/td><\/tr><tr><td>09.05.30<\/td><td>Widerstandsstange Messing 4 mm<\/td><\/tr><tr><td>09.05.40<\/td><td>Widerstandsstange Kupfer 3 mm<\/td><\/tr><tr><td>09.05.50<\/td><td>Widerstandsstange Aluminium 3 mm<\/td><\/tr><tr><td>09.05.70<\/td><td>Widerstandsdraht<\/td><\/tr><tr><td>09.06.10<\/td><td>Widerstandselement 1\u03a9\/6W<\/td><\/tr><tr><td>09.06.30<\/td><td>Widerstandselement 100\u03a9\/1% (4 St\u00fcck)<\/td><\/tr><tr><td>09.06.40<\/td><td>Widerstandselement 1k\u03a9\/1%<\/td><\/tr><tr><td>09.06.50<\/td><td>Widerstandselement Rx1<\/td><\/tr><tr><td>09.06.60<\/td><td>Widerstandselement Rx2<\/td><\/tr><tr><td>08.18.00<\/td><td>Experimentierkabel 8,5 cm (2 St\u00fcck)<\/td><\/tr><tr><td>08.19.00<\/td><td>Experimentierkabel 17 cm (4 St\u00fcck)<\/td><\/tr><tr><td>08.20.00<\/td><td>Experimentierkabel 34 cm blau (2 St\u00fcck)<\/td><\/tr><tr><td>06.24.20<\/td><td>Experimentierkabel 25 cm blau (2 St\u00fcck)<\/td><\/tr><\/tbody><\/table><\/figure>\n\n\n\n<h3 class=\"wp-block-heading\" id=\"zusatzlich-erforderlich\">Zus\u00e4tzlich erforderlich:<\/h3>\n\n\n\n<figure class=\"wp-block-table table-product-contents\"><table><tbody><tr><td>00.07.10<\/td><td><a href=\"https:\/\/mekruphy.com\/de\/produkte\/physik\/physik-vielfachmessgerat\/\">Vielfachmessger\u00e4t AMM 3000<\/a> (2 St\u00fcck erforderlich)<\/td><\/tr><tr><td>00.05.10<br><br>00.05.20<\/td><td><a href=\"https:\/\/mekruphy.com\/de\/produkte\/physik\/physik-spannungsversorgung\/\">Kleinspannungsnetzger\u00e4t MKS 2.4<\/a><br>oder<br><a href=\"https:\/\/mekruphy.com\/de\/produkte\/physik\/physik-spannungsversorgung\/\">Kleinspannungsnetzger\u00e4t MKS 3.1<\/a><\/td><\/tr><\/tbody><\/table><\/figure>\n<\/div><\/div>\n\n\n\n<div class=\"wp-block-advgb-tab advgb-tab-body-container\"><div class=\"advgb-tab-body-header advgb-tab-class- \" id=\"advgb-tab-panel-_6f98d5-fd-2\" role=\"tabpanel\" aria-labelledby=\"advgb-tab-_6f98d5-fd-2\" tabindex=\"0\"><span>Experimente<\/span><\/div><div class=\"advgb-tab-_6f98d5-fd advgb-tab-body\" aria-labelledby=\"advgb-tab-panel-_6f98d5-fd-2\" style=\"display:none\">\n<p><\/p>\n\n\n\n<figure class=\"wp-block-table table-product-experiments\"><table><tbody><tr><td>E3-1<\/td><td>Ohmsche Leiter<\/td><\/tr><tr><td>E3-2<\/td><td>Einfluss der L\u00e4nge des Leiters<\/td><\/tr><tr><td>E3-3<\/td><td>Einfluss des Leiterquerschnitts<\/td><\/tr><tr><td>E3-4<\/td><td>Der spezifische Widerstand<\/td><\/tr><tr><td>E3-5<\/td><td>Die Wheatstone-Br\u00fccke<\/td><\/tr><tr><td>E3-6<\/td><td>Reihenschaltung von Widerst\u00e4nden<\/td><\/tr><tr><td>E3-7<\/td><td>Parallelschaltung von Widerst\u00e4nden<\/td><\/tr><tr><td>E3-8<\/td><td>Die Vier-Leiter-Messmethode<\/td><\/tr><tr><td>E3-9<\/td><td>Der Kontaktwiderstand<\/td><\/tr><\/tbody><\/table><\/figure>\n<\/div><\/div>\n\n\n\n<div class=\"wp-block-advgb-tab advgb-tab-body-container\"><div class=\"advgb-tab-body-header advgb-tab-class-undefined \" id=\"advgb-tab-panel-_6f98d5-fd-3\" role=\"tabpanel\" aria-labelledby=\"advgb-tab-_6f98d5-fd-3\" tabindex=\"0\"><span>Bilder<\/span><\/div><div class=\"advgb-tab-_6f98d5-fd advgb-tab-body\" aria-labelledby=\"advgb-tab-panel-_6f98d5-fd-3\" style=\"display:none\"><div class=\"wp-block-image\">\n<figure class=\"aligncenter size-large is-resized\"><img loading=\"lazy\" decoding=\"async\" width=\"445\" height=\"351\" src=\"https:\/\/mekruphy.com\/de\/wp-content\/uploads\/2021\/03\/E3.png\" alt=\"Sch\u00fclerversuch Elektrik 3 Widerstand\" class=\"wp-image-3083\" style=\"width:516px;height:407px\" srcset=\"https:\/\/mekruphy.com\/de\/wp-content\/uploads\/2021\/03\/E3.png 445w, https:\/\/mekruphy.com\/de\/wp-content\/uploads\/2021\/03\/E3-300x237.png 300w\" sizes=\"auto, (max-width: 445px) 100vw, 445px\" \/><\/figure>\n<\/div>\n\n\n<p><\/p>\n<\/div><\/div>\n<\/div><\/div>\n<style class=\"advgb-styles-renderer\">.advgb-tabs-396f98d5-fd90-46ed-b138-b5980da29ff1 ul.advgb-tabs-panel li.advgb-tab.advgb-tab-active {background-color:#5954d6 !important;color:#fff !important;}#advgb-tabs-396f98d5-fd90-46ed-b138-b5980da29ff1 .advgb-tab-body-header.header-active, .advgb-tabs-396f98d5-fd90-46ed-b138-b5980da29ff1 .advgb-tab-body-header.header-active{background-color:#5954d6 !important;color:#fff !important;}<\/style>","protected":false},"excerpt":{"rendered":"","protected":false},"author":3,"featured_media":1764,"parent":1262,"menu_order":0,"comment_status":"closed","ping_status":"closed","template":"templates\/product.php","meta":{"_acf_changed":false,"_coblocks_attr":"","_coblocks_dimensions":"","_coblocks_responsive_height":"","_coblocks_accordion_ie_support":"","_eb_attr":"","advgb_blocks_editor_width":"","advgb_blocks_columns_visual_guide":"","footnotes":""},"class_list":["post-412","page","type-page","status-publish","has-post-thumbnail","hentry"],"acf":[],"yoast_head":"<!-- This site is optimized with the Yoast SEO plugin v27.4 - https:\/\/yoast.com\/product\/yoast-seo-wordpress\/ -->\n<title>Experimentiersatz ELEKTRIK 3 - MEKRUPHY GmbH<\/title>\n<meta name=\"description\" content=\"ELEKTRIK 3 erm\u00f6glicht Sch\u00fclerexperimente vom spezifischen Widerstand bis hin zur Vier-Leiter-Messung und zum Kontaktwiderstand.\" \/>\n<meta name=\"robots\" content=\"index, follow, max-snippet:-1, max-image-preview:large, max-video-preview:-1\" \/>\n<link rel=\"canonical\" href=\"https:\/\/mekruphy.com\/de\/produkte\/physik\/elektrik-elektronik\/experimentiersatz-elektrik-3\/\" \/>\n<meta property=\"og:locale\" content=\"de_DE\" \/>\n<meta property=\"og:type\" content=\"article\" \/>\n<meta property=\"og:title\" content=\"Experimentiersatz ELEKTRIK 3 - MEKRUPHY GmbH\" \/>\n<meta property=\"og:description\" content=\"ELEKTRIK 3 erm\u00f6glicht Sch\u00fclerexperimente vom spezifischen Widerstand bis hin zur Vier-Leiter-Messung und zum Kontaktwiderstand.\" \/>\n<meta property=\"og:url\" content=\"https:\/\/mekruphy.com\/de\/produkte\/physik\/elektrik-elektronik\/experimentiersatz-elektrik-3\/\" \/>\n<meta property=\"og:site_name\" content=\"MEKRUPHY GmbH\" \/>\n<meta property=\"article:modified_time\" content=\"2026-04-01T07:55:13+00:00\" \/>\n<meta property=\"og:image\" content=\"https:\/\/mekruphy.com\/de\/wp-content\/uploads\/2020\/07\/Kasten-Physik-ELEKTRIK-3.jpg\" \/>\n\t<meta property=\"og:image:width\" content=\"1800\" \/>\n\t<meta property=\"og:image:height\" content=\"1355\" \/>\n\t<meta property=\"og:image:type\" content=\"image\/jpeg\" \/>\n<meta name=\"twitter:card\" content=\"summary_large_image\" \/>\n<meta name=\"twitter:label1\" content=\"Gesch\u00e4tzte Lesezeit\" \/>\n\t<meta name=\"twitter:data1\" content=\"2\u00a0Minuten\" \/>\n<script type=\"application\/ld+json\" class=\"yoast-schema-graph\">{\"@context\":\"https:\\\/\\\/schema.org\",\"@graph\":[{\"@type\":\"WebPage\",\"@id\":\"https:\\\/\\\/mekruphy.com\\\/de\\\/produkte\\\/physik\\\/elektrik-elektronik\\\/experimentiersatz-elektrik-3\\\/\",\"url\":\"https:\\\/\\\/mekruphy.com\\\/de\\\/produkte\\\/physik\\\/elektrik-elektronik\\\/experimentiersatz-elektrik-3\\\/\",\"name\":\"Experimentiersatz ELEKTRIK 3 - MEKRUPHY GmbH\",\"isPartOf\":{\"@id\":\"https:\\\/\\\/mekruphy.com\\\/de\\\/#website\"},\"primaryImageOfPage\":{\"@id\":\"https:\\\/\\\/mekruphy.com\\\/de\\\/produkte\\\/physik\\\/elektrik-elektronik\\\/experimentiersatz-elektrik-3\\\/#primaryimage\"},\"image\":{\"@id\":\"https:\\\/\\\/mekruphy.com\\\/de\\\/produkte\\\/physik\\\/elektrik-elektronik\\\/experimentiersatz-elektrik-3\\\/#primaryimage\"},\"thumbnailUrl\":\"https:\\\/\\\/mekruphy.com\\\/de\\\/wp-content\\\/uploads\\\/2020\\\/07\\\/Kasten-Physik-ELEKTRIK-3.jpg\",\"datePublished\":\"2020-07-15T10:30:21+00:00\",\"dateModified\":\"2026-04-01T07:55:13+00:00\",\"description\":\"ELEKTRIK 3 erm\u00f6glicht Sch\u00fclerexperimente vom spezifischen Widerstand bis hin zur Vier-Leiter-Messung und zum Kontaktwiderstand.\",\"breadcrumb\":{\"@id\":\"https:\\\/\\\/mekruphy.com\\\/de\\\/produkte\\\/physik\\\/elektrik-elektronik\\\/experimentiersatz-elektrik-3\\\/#breadcrumb\"},\"inLanguage\":\"de\",\"potentialAction\":[{\"@type\":\"ReadAction\",\"target\":[\"https:\\\/\\\/mekruphy.com\\\/de\\\/produkte\\\/physik\\\/elektrik-elektronik\\\/experimentiersatz-elektrik-3\\\/\"]}]},{\"@type\":\"ImageObject\",\"inLanguage\":\"de\",\"@id\":\"https:\\\/\\\/mekruphy.com\\\/de\\\/produkte\\\/physik\\\/elektrik-elektronik\\\/experimentiersatz-elektrik-3\\\/#primaryimage\",\"url\":\"https:\\\/\\\/mekruphy.com\\\/de\\\/wp-content\\\/uploads\\\/2020\\\/07\\\/Kasten-Physik-ELEKTRIK-3.jpg\",\"contentUrl\":\"https:\\\/\\\/mekruphy.com\\\/de\\\/wp-content\\\/uploads\\\/2020\\\/07\\\/Kasten-Physik-ELEKTRIK-3.jpg\",\"width\":1800,\"height\":1355},{\"@type\":\"BreadcrumbList\",\"@id\":\"https:\\\/\\\/mekruphy.com\\\/de\\\/produkte\\\/physik\\\/elektrik-elektronik\\\/experimentiersatz-elektrik-3\\\/#breadcrumb\",\"itemListElement\":[{\"@type\":\"ListItem\",\"position\":1,\"name\":\"Startseite\",\"item\":\"https:\\\/\\\/mekruphy.com\\\/de\\\/\"},{\"@type\":\"ListItem\",\"position\":2,\"name\":\"Produkte\",\"item\":\"https:\\\/\\\/mekruphy.com\\\/de\\\/produkte\\\/\"},{\"@type\":\"ListItem\",\"position\":3,\"name\":\"Physik\",\"item\":\"https:\\\/\\\/mekruphy.com\\\/de\\\/produkte\\\/physik\\\/\"},{\"@type\":\"ListItem\",\"position\":4,\"name\":\"Elektrik \\\/ Elektronik\",\"item\":\"https:\\\/\\\/mekruphy.com\\\/de\\\/produkte\\\/physik\\\/elektrik-elektronik\\\/\"},{\"@type\":\"ListItem\",\"position\":5,\"name\":\"Experimentiersatz ELEKTRIK 3\"}]},{\"@type\":\"WebSite\",\"@id\":\"https:\\\/\\\/mekruphy.com\\\/de\\\/#website\",\"url\":\"https:\\\/\\\/mekruphy.com\\\/de\\\/\",\"name\":\"MEKRUPHY GmbH\",\"description\":\"Sch\u00fcler-Experimentierk\u00e4sten f\u00fcr den MINT-Unterricht\",\"potentialAction\":[{\"@type\":\"SearchAction\",\"target\":{\"@type\":\"EntryPoint\",\"urlTemplate\":\"https:\\\/\\\/mekruphy.com\\\/de\\\/?s={search_term_string}\"},\"query-input\":{\"@type\":\"PropertyValueSpecification\",\"valueRequired\":true,\"valueName\":\"search_term_string\"}}],\"inLanguage\":\"de\"}]}<\/script>\n<!-- \/ Yoast SEO plugin. -->","yoast_head_json":{"title":"Experimentiersatz ELEKTRIK 3 - MEKRUPHY GmbH","description":"ELEKTRIK 3 erm\u00f6glicht Sch\u00fclerexperimente vom spezifischen Widerstand bis hin zur Vier-Leiter-Messung und zum Kontaktwiderstand.","robots":{"index":"index","follow":"follow","max-snippet":"max-snippet:-1","max-image-preview":"max-image-preview:large","max-video-preview":"max-video-preview:-1"},"canonical":"https:\/\/mekruphy.com\/de\/produkte\/physik\/elektrik-elektronik\/experimentiersatz-elektrik-3\/","og_locale":"de_DE","og_type":"article","og_title":"Experimentiersatz ELEKTRIK 3 - MEKRUPHY GmbH","og_description":"ELEKTRIK 3 erm\u00f6glicht Sch\u00fclerexperimente vom spezifischen Widerstand bis hin zur Vier-Leiter-Messung und zum Kontaktwiderstand.","og_url":"https:\/\/mekruphy.com\/de\/produkte\/physik\/elektrik-elektronik\/experimentiersatz-elektrik-3\/","og_site_name":"MEKRUPHY GmbH","article_modified_time":"2026-04-01T07:55:13+00:00","og_image":[{"width":1800,"height":1355,"url":"https:\/\/mekruphy.com\/de\/wp-content\/uploads\/2020\/07\/Kasten-Physik-ELEKTRIK-3.jpg","type":"image\/jpeg"}],"twitter_card":"summary_large_image","twitter_misc":{"Gesch\u00e4tzte Lesezeit":"2\u00a0Minuten"},"schema":{"@context":"https:\/\/schema.org","@graph":[{"@type":"WebPage","@id":"https:\/\/mekruphy.com\/de\/produkte\/physik\/elektrik-elektronik\/experimentiersatz-elektrik-3\/","url":"https:\/\/mekruphy.com\/de\/produkte\/physik\/elektrik-elektronik\/experimentiersatz-elektrik-3\/","name":"Experimentiersatz ELEKTRIK 3 - MEKRUPHY GmbH","isPartOf":{"@id":"https:\/\/mekruphy.com\/de\/#website"},"primaryImageOfPage":{"@id":"https:\/\/mekruphy.com\/de\/produkte\/physik\/elektrik-elektronik\/experimentiersatz-elektrik-3\/#primaryimage"},"image":{"@id":"https:\/\/mekruphy.com\/de\/produkte\/physik\/elektrik-elektronik\/experimentiersatz-elektrik-3\/#primaryimage"},"thumbnailUrl":"https:\/\/mekruphy.com\/de\/wp-content\/uploads\/2020\/07\/Kasten-Physik-ELEKTRIK-3.jpg","datePublished":"2020-07-15T10:30:21+00:00","dateModified":"2026-04-01T07:55:13+00:00","description":"ELEKTRIK 3 erm\u00f6glicht Sch\u00fclerexperimente vom spezifischen Widerstand bis hin zur Vier-Leiter-Messung und zum Kontaktwiderstand.","breadcrumb":{"@id":"https:\/\/mekruphy.com\/de\/produkte\/physik\/elektrik-elektronik\/experimentiersatz-elektrik-3\/#breadcrumb"},"inLanguage":"de","potentialAction":[{"@type":"ReadAction","target":["https:\/\/mekruphy.com\/de\/produkte\/physik\/elektrik-elektronik\/experimentiersatz-elektrik-3\/"]}]},{"@type":"ImageObject","inLanguage":"de","@id":"https:\/\/mekruphy.com\/de\/produkte\/physik\/elektrik-elektronik\/experimentiersatz-elektrik-3\/#primaryimage","url":"https:\/\/mekruphy.com\/de\/wp-content\/uploads\/2020\/07\/Kasten-Physik-ELEKTRIK-3.jpg","contentUrl":"https:\/\/mekruphy.com\/de\/wp-content\/uploads\/2020\/07\/Kasten-Physik-ELEKTRIK-3.jpg","width":1800,"height":1355},{"@type":"BreadcrumbList","@id":"https:\/\/mekruphy.com\/de\/produkte\/physik\/elektrik-elektronik\/experimentiersatz-elektrik-3\/#breadcrumb","itemListElement":[{"@type":"ListItem","position":1,"name":"Startseite","item":"https:\/\/mekruphy.com\/de\/"},{"@type":"ListItem","position":2,"name":"Produkte","item":"https:\/\/mekruphy.com\/de\/produkte\/"},{"@type":"ListItem","position":3,"name":"Physik","item":"https:\/\/mekruphy.com\/de\/produkte\/physik\/"},{"@type":"ListItem","position":4,"name":"Elektrik \/ Elektronik","item":"https:\/\/mekruphy.com\/de\/produkte\/physik\/elektrik-elektronik\/"},{"@type":"ListItem","position":5,"name":"Experimentiersatz ELEKTRIK 3"}]},{"@type":"WebSite","@id":"https:\/\/mekruphy.com\/de\/#website","url":"https:\/\/mekruphy.com\/de\/","name":"MEKRUPHY GmbH","description":"Sch\u00fcler-Experimentierk\u00e4sten f\u00fcr den MINT-Unterricht","potentialAction":[{"@type":"SearchAction","target":{"@type":"EntryPoint","urlTemplate":"https:\/\/mekruphy.com\/de\/?s={search_term_string}"},"query-input":{"@type":"PropertyValueSpecification","valueRequired":true,"valueName":"search_term_string"}}],"inLanguage":"de"}]}},"coauthors":[],"author_meta":{"author_link":"https:\/\/mekruphy.com\/de\/author\/steps-sync\/","display_name":"Steps Sync"},"relative_dates":{"created":"Ver\u00f6ffentlicht 6\u00a0Jahren vor","modified":"Aktualisiert 3\u00a0Wochen vor"},"absolute_dates":{"created":"Ver\u00f6ffentlicht am 15. Juli 2020","modified":"Aktualisiert am 1. April 2026"},"absolute_dates_time":{"created":"Ver\u00f6ffentlicht am 15. Juli 2020 12:30","modified":"Aktualisiert am 1. April 2026 9:55"},"featured_img_caption":"","featured_img":"https:\/\/mekruphy.com\/de\/wp-content\/uploads\/2020\/07\/Kasten-Physik-ELEKTRIK-3.jpg","series_order":"","_links":{"self":[{"href":"https:\/\/mekruphy.com\/de\/wp-json\/wp\/v2\/pages\/412","targetHints":{"allow":["GET"]}}],"collection":[{"href":"https:\/\/mekruphy.com\/de\/wp-json\/wp\/v2\/pages"}],"about":[{"href":"https:\/\/mekruphy.com\/de\/wp-json\/wp\/v2\/types\/page"}],"author":[{"embeddable":true,"href":"https:\/\/mekruphy.com\/de\/wp-json\/wp\/v2\/users\/3"}],"replies":[{"embeddable":true,"href":"https:\/\/mekruphy.com\/de\/wp-json\/wp\/v2\/comments?post=412"}],"version-history":[{"count":20,"href":"https:\/\/mekruphy.com\/de\/wp-json\/wp\/v2\/pages\/412\/revisions"}],"predecessor-version":[{"id":9533,"href":"https:\/\/mekruphy.com\/de\/wp-json\/wp\/v2\/pages\/412\/revisions\/9533"}],"up":[{"embeddable":true,"href":"https:\/\/mekruphy.com\/de\/wp-json\/wp\/v2\/pages\/1262"}],"wp:featuredmedia":[{"embeddable":true,"href":"https:\/\/mekruphy.com\/de\/wp-json\/wp\/v2\/media\/1764"}],"wp:attachment":[{"href":"https:\/\/mekruphy.com\/de\/wp-json\/wp\/v2\/media?parent=412"}],"curies":[{"name":"wp","href":"https:\/\/api.w.org\/{rel}","templated":true}]}}