{"id":416,"date":"2020-07-15T12:30:44","date_gmt":"2020-07-15T10:30:44","guid":{"rendered":"https:\/\/mekruphy.com\/de\/experimentiersatz-elektrik-4\/"},"modified":"2026-04-01T10:06:20","modified_gmt":"2026-04-01T08:06:20","slug":"experimentiersatz-elektrik-4","status":"publish","type":"page","link":"https:\/\/mekruphy.com\/de\/produkte\/physik\/elektrik-elektronik\/experimentiersatz-elektrik-4\/","title":{"rendered":"Experimentiersatz ELEKTRIK 4"},"content":{"rendered":"<div class=\"yoast-breadcrumbs breadcrumbs-indented\"><span><span><a href=\"https:\/\/mekruphy.com\/de\/\">Startseite<\/a><\/span> \u00bb <span><a href=\"https:\/\/mekruphy.com\/de\/produkte\/\">Produkte<\/a><\/span> \u00bb <span><a href=\"https:\/\/mekruphy.com\/de\/produkte\/physik\/\">Physik<\/a><\/span> \u00bb <span><a href=\"https:\/\/mekruphy.com\/de\/produkte\/physik\/elektrik-elektronik\/\">Elektrik \/ Elektronik<\/a><\/span> \u00bb <span class=\"breadcrumb_last\" aria-current=\"page\">Experimentiersatz ELEKTRIK 4<\/span><\/span><\/div>\n\n\n<div class=\"wp-block-advgb-adv-tabs advgb-tabs-wrapper advgb-tab-horz-desktop advgb-tab-vert-tablet advgb-tab-stack-mobile advgb-tabs-b0d30543-98f2-4b85-9daf-70100af2384a\" data-tab-active=\"0\"><ul class=\"advgb-tabs-panel\" role=\"tablist\"><li class=\"advgb-tab advgb-tab-active\" role=\"presentation\" style=\"background-color:#e0e0e0;border-style:solid;border-width:1px;border-radius:10px\"><button class=\"advgb-tab-button\" id=\"advgb-tab-_d30543-98-0\" aria-controls=\"advgb-tab-panel-_d30543-98-0\" role=\"tab\" aria-selected=\"true\" tabindex=\"0\" style=\"color:#fff;background:none;border:none;width:100%;text-align:inherit;cursor:pointer;padding:8px 16px;font:inherit\"><span>Beschreibung<\/span><\/button><\/li><li class=\"advgb-tab \" role=\"presentation\" style=\"background-color:#e0e0e0;border-style:solid;border-width:1px;border-radius:10px\"><button class=\"advgb-tab-button\" id=\"advgb-tab-_d30543-98-1\" aria-controls=\"advgb-tab-panel-_d30543-98-1\" role=\"tab\" aria-selected=\"false\" tabindex=\"0\" style=\"color:#fff;background:none;border:none;width:100%;text-align:inherit;cursor:pointer;padding:8px 16px;font:inherit\"><span>Lieferumfang<\/span><\/button><\/li><li class=\"advgb-tab \" role=\"presentation\" style=\"background-color:#e0e0e0;border-style:solid;border-width:1px;border-radius:10px\"><button class=\"advgb-tab-button\" id=\"advgb-tab-_d30543-98-2\" aria-controls=\"advgb-tab-panel-_d30543-98-2\" role=\"tab\" aria-selected=\"false\" tabindex=\"0\" style=\"color:#fff;background:none;border:none;width:100%;text-align:inherit;cursor:pointer;padding:8px 16px;font:inherit\"><span>Experimente<\/span><\/button><\/li><li class=\"advgb-tab \" role=\"presentation\" style=\"background-color:#e0e0e0;border-style:solid;border-width:1px;border-radius:10px\"><button class=\"advgb-tab-button\" id=\"advgb-tab-_d30543-98-3\" aria-controls=\"advgb-tab-panel-_d30543-98-3\" role=\"tab\" aria-selected=\"false\" tabindex=\"0\" style=\"color:#fff;background:none;border:none;width:100%;text-align:inherit;cursor:pointer;padding:8px 16px;font:inherit\"><span>Bilder<\/span><\/button><\/li><\/ul><div class=\"advgb-tab-body-wrapper\" style=\"border-style:solid;border-width:1px;border-radius:10px\">\n<div class=\"wp-block-advgb-tab advgb-tab-body-container\"><div class=\"advgb-tab-body-header advgb-tab-class- header-active\" id=\"advgb-tab-panel-_d30543-98-0\" role=\"tabpanel\" aria-labelledby=\"advgb-tab-_d30543-98-0\" tabindex=\"0\"><span>Beschreibung<\/span><\/div><div class=\"advgb-tab-_d30543-98 advgb-tab-body\" aria-labelledby=\"advgb-tab-panel-_d30543-98-0\" style=\"display:block\">\n<h2 class=\"wp-block-heading\">Die Lorentz-Kraft<\/h2>\n\n\n\n<p>Mit dem Experimentiersatz ELEKTRIK 4 kann die Lorentzkraft im Sch\u00fclerexperiment auf einen geraden stromdurchflossenen Leiter nachgewiesen werden: Untersucht wird dabei<\/p>\n\n\n\n<ul class=\"wp-block-list\"><li>ihre Vektoreigenschaft<\/li><li>ihre Abh\u00e4ngigkeit von der St\u00e4rke des Stromes und von der St\u00e4rke des Magnetfeldes sowie<\/li><li>vom Winkel zwischen Strom und Magnetfeld.<\/li><\/ul>\n\n\n\n<p>Au\u00dferdem l\u00e4sst sich mit diesem Experimentierkasten die magnetische Feldst\u00e4rke im Physikunterricht sehr genau ermitteln.<\/p>\n\n\n\n<h3 class=\"wp-block-heading\">Feldspule, Leiterplatinen und Grundplatte<\/h3>\n\n\n\n<p>Der Experimentiersatz ELEKTRIK 4 besteht aus einer 15 cm langen Feldspule mit 950 Windungen, f\u00fcnf Platinen mit Leiterbahnen unterschiedlicher L\u00e4nge und Richtung sowie einer Grundplatte. Platine und Grundplatte bilden zusammen eine hochempfindliche Stromwaage, die sehr einfach ins Gleichgewicht gebracht werden kann. Au\u00dferdem steht ein Satz Ausgleichsmassen zur Verf\u00fcgung.<\/p>\n\n\n\n<h3 class=\"wp-block-heading\">Zubeh\u00f6r n\u00f6tig<\/h3>\n\n\n\n<p>Nicht im Experimentiersatz ELEKTRIK 4 enthalten sind die erforderlichen <a href=\"https:\/\/mekruphy.com\/de\/produkte\/physik\/physik-vielfachmessgerat\/\">Vielfachmess<\/a>&#8211; und <a href=\"https:\/\/mekruphy.com\/de\/produkte\/physik\/physik-spannungsversorgung\/\">Kleinspannungsnetzger\u00e4te<\/a>, die auch f\u00fcr andere Experimentierk\u00e4sten verwendet werden k\u00f6nnen.<\/p>\n\n\n\n<h3 class=\"wp-block-heading\" id=\"h-begleitmaterialien\">Begleitmaterialien<\/h3>\n\n\n\n<p>Passend zum Experimentiersatz ELEKTRIK 4 sind auch ein <a href=\"https:\/\/mekruphy.com\/de\/produkte\/physik\/physik-arbeitshefte\/\">Sch\u00fclerheft<\/a> und ein <a href=\"https:\/\/mekruphy.com\/de\/produkte\/physik\/physik-arbeitshefte\/\">Lehrerheft<\/a> mit didaktischen Anweisungen und L\u00f6sungen in analoger Form erh\u00e4ltlich. Das Sch\u00fclerheft ist auch in digitaler Form erwerbbar.<\/p>\n<\/div><\/div>\n\n\n\n<div class=\"wp-block-advgb-tab advgb-tab-body-container\"><div class=\"advgb-tab-body-header advgb-tab-class- \" id=\"advgb-tab-panel-_d30543-98-1\" role=\"tabpanel\" aria-labelledby=\"advgb-tab-_d30543-98-1\" tabindex=\"0\"><span>Lieferumfang<\/span><\/div><div class=\"advgb-tab-_d30543-98 advgb-tab-body\" aria-labelledby=\"advgb-tab-panel-_d30543-98-1\" style=\"display:none\">\n<figure class=\"wp-block-table table-product-contents\"><table><tbody><tr><td>01.01.10<\/td><td>Aufbewahrungskasten<\/td><\/tr><tr><td>18.02.00<\/td><td>Ger\u00e4tegeformter Einsatz E4<\/td><\/tr><tr><td>18.03.00<\/td><td>Grundplatte E4<\/td><\/tr><tr><td>18.04.00<\/td><td>Leiterplatine 25\/90\u00b0<\/td><\/tr><tr><td>18.05.00<\/td><td>Leiterplatine 35\/90\u00b0<\/td><\/tr><tr><td>18.06.00<\/td><td>Leiterplatine 50\/90\u00b0<\/td><\/tr><tr><td>18.07.00<\/td><td>Leiterplatine 50\/65\u00b0<\/td><\/tr><tr><td>18.08.00<\/td><td>Leiterplatine 50\/75\u00b0<\/td><\/tr><tr><td>20.08.00<\/td><td>Pinzette gerade stumpf<\/td><\/tr><tr><td>18.09.00<\/td><td>Acrylglasplatte mit Stift<\/td><\/tr><tr><td>18.10.00<\/td><td>Satz Ausgleichsmassen in Dose<\/td><\/tr><tr><td>18.11.00<\/td><td>Feldspule<\/td><\/tr><tr><td>18.12.00<\/td><td>Platinenhalter (4 St\u00fcck)<\/td><\/tr><tr><td>07.13.02<\/td><td>Gummikappe f\u00fcr Nadelstativ (10 St\u00fcck)<\/td><\/tr><tr><td>08.20.00<\/td><td>Experimentierkabel 34 cm blau (2 St\u00fcck)<\/td><\/tr><tr><td>06.24.20<\/td><td>Experimentierkabel 25 cm blau (4 St\u00fcck)<\/td><\/tr><\/tbody><\/table><\/figure>\n\n\n\n<p><\/p>\n\n\n\n<h3 class=\"wp-block-heading\" id=\"zusatzlich-erforderlich\">Zus\u00e4tzlich erforderlich:<\/h3>\n\n\n\n<figure class=\"wp-block-table table-product-contents\"><table><tbody><tr><td>00.07.10<\/td><td><a href=\"https:\/\/mekruphy.com\/de\/produkte\/physik\/physik-vielfachmessgerat\/\">Vielfachmessger\u00e4t AMM 3000<\/a> (2 St\u00fcck erforderlich)<\/td><\/tr><tr><td>00.05.10<br><br>00.05.20<\/td><td><a href=\"https:\/\/mekruphy.com\/de\/produkte\/physik\/physik-spannungsversorgung\/\">Kleinspannungsnetzger\u00e4t MKS 2.4<\/a> (2 St\u00fcck erforderlich )<br>oder<br><a href=\"https:\/\/mekruphy.com\/de\/produkte\/physik\/physik-spannungsversorgung\/\">Kleinspannungsnetzger\u00e4t MKS 3.1<\/a> (2 St\u00fcck erforderlich )<\/td><\/tr><\/tbody><\/table><\/figure>\n\n\n\n<p><\/p>\n<\/div><\/div>\n\n\n\n<div class=\"wp-block-advgb-tab advgb-tab-body-container\"><div class=\"advgb-tab-body-header advgb-tab-class- \" id=\"advgb-tab-panel-_d30543-98-2\" role=\"tabpanel\" aria-labelledby=\"advgb-tab-_d30543-98-2\" tabindex=\"0\"><span>Experimente<\/span><\/div><div class=\"advgb-tab-_d30543-98 advgb-tab-body\" aria-labelledby=\"advgb-tab-panel-_d30543-98-2\" style=\"display:none\">\n<p><\/p>\n\n\n\n<figure class=\"wp-block-table table-product-experiments\"><table><tbody><tr><td>E4-1<\/td><td>Die Vektoreigenschaft der Lorentzkraft<\/td><\/tr><tr><td>E4-2<\/td><td>Lorentzkraft und magnetische Feldst\u00e4rke<\/td><\/tr><tr><td>E4-3<\/td><td>Lorentzkraft und Stromst\u00e4rke<\/td><\/tr><tr><td>E4-4<\/td><td>Lorentzkraft und L\u00e4nge des Leiters<\/td><\/tr><tr><td>E4-5<\/td><td>Lorentzkraft und Winkel zwischen Feld- und Stromst\u00e4rke<\/td><\/tr><tr><td>E4-6<\/td><td>Bestimmung der magnetischen Feldst\u00e4rke<\/td><\/tr><\/tbody><\/table><\/figure>\n<\/div><\/div>\n\n\n\n<div class=\"wp-block-advgb-tab advgb-tab-body-container\"><div class=\"advgb-tab-body-header advgb-tab-class-undefined \" id=\"advgb-tab-panel-_d30543-98-3\" role=\"tabpanel\" aria-labelledby=\"advgb-tab-_d30543-98-3\" tabindex=\"0\"><span>Bilder<\/span><\/div><div class=\"advgb-tab-_d30543-98 advgb-tab-body\" aria-labelledby=\"advgb-tab-panel-_d30543-98-3\" style=\"display:none\"><div class=\"wp-block-image\">\n<figure class=\"aligncenter size-large is-resized\"><img loading=\"lazy\" decoding=\"async\" width=\"828\" height=\"563\" src=\"https:\/\/mekruphy.com\/de\/wp-content\/uploads\/2021\/03\/E4.png\" alt=\"Sch\u00fclerexperiment zur Lorentzkraft\" class=\"wp-image-3086\" style=\"width:752px;height:511px\" srcset=\"https:\/\/mekruphy.com\/de\/wp-content\/uploads\/2021\/03\/E4.png 828w, https:\/\/mekruphy.com\/de\/wp-content\/uploads\/2021\/03\/E4-300x204.png 300w, https:\/\/mekruphy.com\/de\/wp-content\/uploads\/2021\/03\/E4-768x522.png 768w\" sizes=\"auto, (max-width: 828px) 100vw, 828px\" \/><\/figure>\n<\/div><\/div><\/div>\n<\/div><\/div>\n<style class=\"advgb-styles-renderer\">.advgb-tabs-b0d30543-98f2-4b85-9daf-70100af2384a ul.advgb-tabs-panel li.advgb-tab.advgb-tab-active {background-color:#5954d6 !important;color:#fff !important;}#advgb-tabs-b0d30543-98f2-4b85-9daf-70100af2384a .advgb-tab-body-header.header-active, .advgb-tabs-b0d30543-98f2-4b85-9daf-70100af2384a .advgb-tab-body-header.header-active{background-color:#5954d6 !important;color:#fff !important;}<\/style>","protected":false},"excerpt":{"rendered":"","protected":false},"author":3,"featured_media":3635,"parent":1262,"menu_order":0,"comment_status":"closed","ping_status":"closed","template":"templates\/product.php","meta":{"_acf_changed":false,"_coblocks_attr":"","_coblocks_dimensions":"","_coblocks_responsive_height":"","_coblocks_accordion_ie_support":"","_eb_attr":"","advgb_blocks_editor_width":"","advgb_blocks_columns_visual_guide":"","footnotes":""},"class_list":["post-416","page","type-page","status-publish","has-post-thumbnail","hentry"],"acf":[],"yoast_head":"<!-- This site is optimized with the Yoast SEO plugin v27.4 - https:\/\/yoast.com\/product\/yoast-seo-wordpress\/ -->\n<title>Experimentiersatz ELEKTRIK 4 - MEKRUPHY GmbH<\/title>\n<meta name=\"description\" content=\"Mit ELEKTRIK 4 kann die Lorentzkraft im Sch\u00fclerexperiment auf einen geraden stromdurchflossenen Leiter nachgewiesen werden.\" \/>\n<meta name=\"robots\" content=\"index, follow, max-snippet:-1, max-image-preview:large, max-video-preview:-1\" \/>\n<link rel=\"canonical\" href=\"https:\/\/mekruphy.com\/de\/produkte\/physik\/elektrik-elektronik\/experimentiersatz-elektrik-4\/\" \/>\n<meta property=\"og:locale\" content=\"de_DE\" \/>\n<meta property=\"og:type\" content=\"article\" \/>\n<meta property=\"og:title\" content=\"Experimentiersatz ELEKTRIK 4 - MEKRUPHY GmbH\" \/>\n<meta property=\"og:description\" content=\"Mit ELEKTRIK 4 kann die Lorentzkraft im Sch\u00fclerexperiment auf einen geraden stromdurchflossenen Leiter nachgewiesen werden.\" \/>\n<meta property=\"og:url\" content=\"https:\/\/mekruphy.com\/de\/produkte\/physik\/elektrik-elektronik\/experimentiersatz-elektrik-4\/\" \/>\n<meta property=\"og:site_name\" content=\"MEKRUPHY GmbH\" \/>\n<meta property=\"article:modified_time\" content=\"2026-04-01T08:06:20+00:00\" \/>\n<meta property=\"og:image\" content=\"https:\/\/mekruphy.com\/de\/wp-content\/uploads\/2021\/09\/Elektrik-4-rotated.jpg\" \/>\n\t<meta property=\"og:image:width\" content=\"2502\" \/>\n\t<meta property=\"og:image:height\" content=\"1929\" \/>\n\t<meta property=\"og:image:type\" content=\"image\/jpeg\" \/>\n<meta name=\"twitter:card\" content=\"summary_large_image\" \/>\n<meta name=\"twitter:label1\" content=\"Gesch\u00e4tzte Lesezeit\" \/>\n\t<meta name=\"twitter:data1\" content=\"2\u00a0Minuten\" \/>\n<script type=\"application\/ld+json\" class=\"yoast-schema-graph\">{\"@context\":\"https:\\\/\\\/schema.org\",\"@graph\":[{\"@type\":\"WebPage\",\"@id\":\"https:\\\/\\\/mekruphy.com\\\/de\\\/produkte\\\/physik\\\/elektrik-elektronik\\\/experimentiersatz-elektrik-4\\\/\",\"url\":\"https:\\\/\\\/mekruphy.com\\\/de\\\/produkte\\\/physik\\\/elektrik-elektronik\\\/experimentiersatz-elektrik-4\\\/\",\"name\":\"Experimentiersatz ELEKTRIK 4 - MEKRUPHY GmbH\",\"isPartOf\":{\"@id\":\"https:\\\/\\\/mekruphy.com\\\/de\\\/#website\"},\"primaryImageOfPage\":{\"@id\":\"https:\\\/\\\/mekruphy.com\\\/de\\\/produkte\\\/physik\\\/elektrik-elektronik\\\/experimentiersatz-elektrik-4\\\/#primaryimage\"},\"image\":{\"@id\":\"https:\\\/\\\/mekruphy.com\\\/de\\\/produkte\\\/physik\\\/elektrik-elektronik\\\/experimentiersatz-elektrik-4\\\/#primaryimage\"},\"thumbnailUrl\":\"https:\\\/\\\/mekruphy.com\\\/de\\\/wp-content\\\/uploads\\\/2021\\\/09\\\/Elektrik-4-rotated.jpg\",\"datePublished\":\"2020-07-15T10:30:44+00:00\",\"dateModified\":\"2026-04-01T08:06:20+00:00\",\"description\":\"Mit ELEKTRIK 4 kann die Lorentzkraft im Sch\u00fclerexperiment auf einen geraden stromdurchflossenen Leiter nachgewiesen werden.\",\"breadcrumb\":{\"@id\":\"https:\\\/\\\/mekruphy.com\\\/de\\\/produkte\\\/physik\\\/elektrik-elektronik\\\/experimentiersatz-elektrik-4\\\/#breadcrumb\"},\"inLanguage\":\"de\",\"potentialAction\":[{\"@type\":\"ReadAction\",\"target\":[\"https:\\\/\\\/mekruphy.com\\\/de\\\/produkte\\\/physik\\\/elektrik-elektronik\\\/experimentiersatz-elektrik-4\\\/\"]}]},{\"@type\":\"ImageObject\",\"inLanguage\":\"de\",\"@id\":\"https:\\\/\\\/mekruphy.com\\\/de\\\/produkte\\\/physik\\\/elektrik-elektronik\\\/experimentiersatz-elektrik-4\\\/#primaryimage\",\"url\":\"https:\\\/\\\/mekruphy.com\\\/de\\\/wp-content\\\/uploads\\\/2021\\\/09\\\/Elektrik-4-rotated.jpg\",\"contentUrl\":\"https:\\\/\\\/mekruphy.com\\\/de\\\/wp-content\\\/uploads\\\/2021\\\/09\\\/Elektrik-4-rotated.jpg\",\"width\":2502,\"height\":1929},{\"@type\":\"BreadcrumbList\",\"@id\":\"https:\\\/\\\/mekruphy.com\\\/de\\\/produkte\\\/physik\\\/elektrik-elektronik\\\/experimentiersatz-elektrik-4\\\/#breadcrumb\",\"itemListElement\":[{\"@type\":\"ListItem\",\"position\":1,\"name\":\"Startseite\",\"item\":\"https:\\\/\\\/mekruphy.com\\\/de\\\/\"},{\"@type\":\"ListItem\",\"position\":2,\"name\":\"Produkte\",\"item\":\"https:\\\/\\\/mekruphy.com\\\/de\\\/produkte\\\/\"},{\"@type\":\"ListItem\",\"position\":3,\"name\":\"Physik\",\"item\":\"https:\\\/\\\/mekruphy.com\\\/de\\\/produkte\\\/physik\\\/\"},{\"@type\":\"ListItem\",\"position\":4,\"name\":\"Elektrik \\\/ Elektronik\",\"item\":\"https:\\\/\\\/mekruphy.com\\\/de\\\/produkte\\\/physik\\\/elektrik-elektronik\\\/\"},{\"@type\":\"ListItem\",\"position\":5,\"name\":\"Experimentiersatz ELEKTRIK 4\"}]},{\"@type\":\"WebSite\",\"@id\":\"https:\\\/\\\/mekruphy.com\\\/de\\\/#website\",\"url\":\"https:\\\/\\\/mekruphy.com\\\/de\\\/\",\"name\":\"MEKRUPHY GmbH\",\"description\":\"Sch\u00fcler-Experimentierk\u00e4sten f\u00fcr den MINT-Unterricht\",\"potentialAction\":[{\"@type\":\"SearchAction\",\"target\":{\"@type\":\"EntryPoint\",\"urlTemplate\":\"https:\\\/\\\/mekruphy.com\\\/de\\\/?s={search_term_string}\"},\"query-input\":{\"@type\":\"PropertyValueSpecification\",\"valueRequired\":true,\"valueName\":\"search_term_string\"}}],\"inLanguage\":\"de\"}]}<\/script>\n<!-- \/ Yoast SEO plugin. -->","yoast_head_json":{"title":"Experimentiersatz ELEKTRIK 4 - MEKRUPHY GmbH","description":"Mit ELEKTRIK 4 kann die Lorentzkraft im Sch\u00fclerexperiment auf einen geraden stromdurchflossenen Leiter nachgewiesen werden.","robots":{"index":"index","follow":"follow","max-snippet":"max-snippet:-1","max-image-preview":"max-image-preview:large","max-video-preview":"max-video-preview:-1"},"canonical":"https:\/\/mekruphy.com\/de\/produkte\/physik\/elektrik-elektronik\/experimentiersatz-elektrik-4\/","og_locale":"de_DE","og_type":"article","og_title":"Experimentiersatz ELEKTRIK 4 - MEKRUPHY GmbH","og_description":"Mit ELEKTRIK 4 kann die Lorentzkraft im Sch\u00fclerexperiment auf einen geraden stromdurchflossenen Leiter nachgewiesen werden.","og_url":"https:\/\/mekruphy.com\/de\/produkte\/physik\/elektrik-elektronik\/experimentiersatz-elektrik-4\/","og_site_name":"MEKRUPHY GmbH","article_modified_time":"2026-04-01T08:06:20+00:00","og_image":[{"width":2502,"height":1929,"url":"https:\/\/mekruphy.com\/de\/wp-content\/uploads\/2021\/09\/Elektrik-4-rotated.jpg","type":"image\/jpeg"}],"twitter_card":"summary_large_image","twitter_misc":{"Gesch\u00e4tzte Lesezeit":"2\u00a0Minuten"},"schema":{"@context":"https:\/\/schema.org","@graph":[{"@type":"WebPage","@id":"https:\/\/mekruphy.com\/de\/produkte\/physik\/elektrik-elektronik\/experimentiersatz-elektrik-4\/","url":"https:\/\/mekruphy.com\/de\/produkte\/physik\/elektrik-elektronik\/experimentiersatz-elektrik-4\/","name":"Experimentiersatz ELEKTRIK 4 - MEKRUPHY GmbH","isPartOf":{"@id":"https:\/\/mekruphy.com\/de\/#website"},"primaryImageOfPage":{"@id":"https:\/\/mekruphy.com\/de\/produkte\/physik\/elektrik-elektronik\/experimentiersatz-elektrik-4\/#primaryimage"},"image":{"@id":"https:\/\/mekruphy.com\/de\/produkte\/physik\/elektrik-elektronik\/experimentiersatz-elektrik-4\/#primaryimage"},"thumbnailUrl":"https:\/\/mekruphy.com\/de\/wp-content\/uploads\/2021\/09\/Elektrik-4-rotated.jpg","datePublished":"2020-07-15T10:30:44+00:00","dateModified":"2026-04-01T08:06:20+00:00","description":"Mit ELEKTRIK 4 kann die Lorentzkraft im Sch\u00fclerexperiment auf einen geraden stromdurchflossenen Leiter nachgewiesen werden.","breadcrumb":{"@id":"https:\/\/mekruphy.com\/de\/produkte\/physik\/elektrik-elektronik\/experimentiersatz-elektrik-4\/#breadcrumb"},"inLanguage":"de","potentialAction":[{"@type":"ReadAction","target":["https:\/\/mekruphy.com\/de\/produkte\/physik\/elektrik-elektronik\/experimentiersatz-elektrik-4\/"]}]},{"@type":"ImageObject","inLanguage":"de","@id":"https:\/\/mekruphy.com\/de\/produkte\/physik\/elektrik-elektronik\/experimentiersatz-elektrik-4\/#primaryimage","url":"https:\/\/mekruphy.com\/de\/wp-content\/uploads\/2021\/09\/Elektrik-4-rotated.jpg","contentUrl":"https:\/\/mekruphy.com\/de\/wp-content\/uploads\/2021\/09\/Elektrik-4-rotated.jpg","width":2502,"height":1929},{"@type":"BreadcrumbList","@id":"https:\/\/mekruphy.com\/de\/produkte\/physik\/elektrik-elektronik\/experimentiersatz-elektrik-4\/#breadcrumb","itemListElement":[{"@type":"ListItem","position":1,"name":"Startseite","item":"https:\/\/mekruphy.com\/de\/"},{"@type":"ListItem","position":2,"name":"Produkte","item":"https:\/\/mekruphy.com\/de\/produkte\/"},{"@type":"ListItem","position":3,"name":"Physik","item":"https:\/\/mekruphy.com\/de\/produkte\/physik\/"},{"@type":"ListItem","position":4,"name":"Elektrik \/ Elektronik","item":"https:\/\/mekruphy.com\/de\/produkte\/physik\/elektrik-elektronik\/"},{"@type":"ListItem","position":5,"name":"Experimentiersatz ELEKTRIK 4"}]},{"@type":"WebSite","@id":"https:\/\/mekruphy.com\/de\/#website","url":"https:\/\/mekruphy.com\/de\/","name":"MEKRUPHY GmbH","description":"Sch\u00fcler-Experimentierk\u00e4sten f\u00fcr den MINT-Unterricht","potentialAction":[{"@type":"SearchAction","target":{"@type":"EntryPoint","urlTemplate":"https:\/\/mekruphy.com\/de\/?s={search_term_string}"},"query-input":{"@type":"PropertyValueSpecification","valueRequired":true,"valueName":"search_term_string"}}],"inLanguage":"de"}]}},"coauthors":[],"author_meta":{"author_link":"https:\/\/mekruphy.com\/de\/author\/steps-sync\/","display_name":"Steps Sync"},"relative_dates":{"created":"Ver\u00f6ffentlicht 6\u00a0Jahren vor","modified":"Aktualisiert 3\u00a0Wochen vor"},"absolute_dates":{"created":"Ver\u00f6ffentlicht am 15. Juli 2020","modified":"Aktualisiert am 1. April 2026"},"absolute_dates_time":{"created":"Ver\u00f6ffentlicht am 15. Juli 2020 12:30","modified":"Aktualisiert am 1. April 2026 10:06"},"featured_img_caption":"","featured_img":"https:\/\/mekruphy.com\/de\/wp-content\/uploads\/2021\/09\/Elektrik-4-rotated.jpg","series_order":"","_links":{"self":[{"href":"https:\/\/mekruphy.com\/de\/wp-json\/wp\/v2\/pages\/416","targetHints":{"allow":["GET"]}}],"collection":[{"href":"https:\/\/mekruphy.com\/de\/wp-json\/wp\/v2\/pages"}],"about":[{"href":"https:\/\/mekruphy.com\/de\/wp-json\/wp\/v2\/types\/page"}],"author":[{"embeddable":true,"href":"https:\/\/mekruphy.com\/de\/wp-json\/wp\/v2\/users\/3"}],"replies":[{"embeddable":true,"href":"https:\/\/mekruphy.com\/de\/wp-json\/wp\/v2\/comments?post=416"}],"version-history":[{"count":19,"href":"https:\/\/mekruphy.com\/de\/wp-json\/wp\/v2\/pages\/416\/revisions"}],"predecessor-version":[{"id":9545,"href":"https:\/\/mekruphy.com\/de\/wp-json\/wp\/v2\/pages\/416\/revisions\/9545"}],"up":[{"embeddable":true,"href":"https:\/\/mekruphy.com\/de\/wp-json\/wp\/v2\/pages\/1262"}],"wp:featuredmedia":[{"embeddable":true,"href":"https:\/\/mekruphy.com\/de\/wp-json\/wp\/v2\/media\/3635"}],"wp:attachment":[{"href":"https:\/\/mekruphy.com\/de\/wp-json\/wp\/v2\/media?parent=416"}],"curies":[{"name":"wp","href":"https:\/\/api.w.org\/{rel}","templated":true}]}}