{"id":424,"date":"2020-07-15T12:31:32","date_gmt":"2020-07-15T10:31:32","guid":{"rendered":"https:\/\/mekruphy.com\/de\/experimentiersatz-elektrik-6\/"},"modified":"2026-04-01T10:09:29","modified_gmt":"2026-04-01T08:09:29","slug":"experimentiersatz-elektrik-6","status":"publish","type":"page","link":"https:\/\/mekruphy.com\/de\/produkte\/physik\/elektrik-elektronik\/experimentiersatz-elektrik-6\/","title":{"rendered":"Experimentiersatz ELEKTRIK 6"},"content":{"rendered":"<div class=\"yoast-breadcrumbs breadcrumbs-indented\"><span><span><a href=\"https:\/\/mekruphy.com\/de\/\">Startseite<\/a><\/span> \u00bb <span><a href=\"https:\/\/mekruphy.com\/de\/produkte\/\">Produkte<\/a><\/span> \u00bb <span><a href=\"https:\/\/mekruphy.com\/de\/produkte\/physik\/\">Physik<\/a><\/span> \u00bb <span><a href=\"https:\/\/mekruphy.com\/de\/produkte\/physik\/elektrik-elektronik\/\">Elektrik \/ Elektronik<\/a><\/span> \u00bb <span class=\"breadcrumb_last\" aria-current=\"page\">Experimentiersatz ELEKTRIK 6<\/span><\/span><\/div>\n\n\n<div class=\"wp-block-advgb-adv-tabs advgb-tabs-wrapper advgb-tab-horz-desktop advgb-tab-vert-tablet advgb-tab-stack-mobile advgb-tabs-cb45a001-d66d-4b37-b241-22dd1dbaa5ec\" data-tab-active=\"0\"><ul class=\"advgb-tabs-panel\" role=\"tablist\"><li class=\"advgb-tab advgb-tab-active\" role=\"presentation\" style=\"background-color:#e0e0e0;border-style:solid;border-width:1px;border-radius:10px\"><button class=\"advgb-tab-button\" id=\"advgb-tab-_45a001-d6-0\" aria-controls=\"advgb-tab-panel-_45a001-d6-0\" role=\"tab\" aria-selected=\"true\" tabindex=\"0\" style=\"color:#fff;background:none;border:none;width:100%;text-align:inherit;cursor:pointer;padding:8px 16px;font:inherit\"><span>Beschreibung<\/span><\/button><\/li><li class=\"advgb-tab \" role=\"presentation\" style=\"background-color:#e0e0e0;border-style:solid;border-width:1px;border-radius:10px\"><button class=\"advgb-tab-button\" id=\"advgb-tab-_45a001-d6-1\" aria-controls=\"advgb-tab-panel-_45a001-d6-1\" role=\"tab\" aria-selected=\"false\" tabindex=\"0\" style=\"color:#fff;background:none;border:none;width:100%;text-align:inherit;cursor:pointer;padding:8px 16px;font:inherit\"><span>Lieferumfang<\/span><\/button><\/li><li class=\"advgb-tab \" role=\"presentation\" style=\"background-color:#e0e0e0;border-style:solid;border-width:1px;border-radius:10px\"><button class=\"advgb-tab-button\" id=\"advgb-tab-_45a001-d6-2\" aria-controls=\"advgb-tab-panel-_45a001-d6-2\" role=\"tab\" aria-selected=\"false\" tabindex=\"0\" style=\"color:#fff;background:none;border:none;width:100%;text-align:inherit;cursor:pointer;padding:8px 16px;font:inherit\"><span>Experimente<\/span><\/button><\/li><li class=\"advgb-tab \" role=\"presentation\" style=\"background-color:#e0e0e0;border-style:solid;border-width:1px;border-radius:10px\"><button class=\"advgb-tab-button\" id=\"advgb-tab-_45a001-d6-3\" aria-controls=\"advgb-tab-panel-_45a001-d6-3\" role=\"tab\" aria-selected=\"false\" tabindex=\"0\" style=\"color:#fff;background:none;border:none;width:100%;text-align:inherit;cursor:pointer;padding:8px 16px;font:inherit\"><span>Bilder<\/span><\/button><\/li><\/ul><div class=\"advgb-tab-body-wrapper\" style=\"border-style:solid;border-width:1px;border-radius:10px\">\n<div class=\"wp-block-advgb-tab advgb-tab-body-container\"><div class=\"advgb-tab-body-header advgb-tab-class- header-active\" id=\"advgb-tab-panel-_45a001-d6-0\" role=\"tabpanel\" aria-labelledby=\"advgb-tab-_45a001-d6-0\" tabindex=\"0\"><span>Beschreibung<\/span><\/div><div class=\"advgb-tab-_45a001-d6 advgb-tab-body\" aria-labelledby=\"advgb-tab-panel-_45a001-d6-0\" style=\"display:block\">\n<h2 class=\"wp-block-heading\" id=\"grosse-effektive-experimentierflache\">Gro\u00dfe effektive Experimentierfl\u00e4che<\/h2>\n\n\n\n<p>Zentraler Teil des Experimentiersatzes ELEKTRIK 6 ist eine wasserdichte Wanne mit den Abmessungen 243 x 208 mm und einer transparenten Bodenfl\u00e4che, die mit einem dreifarbigen Koordinatensystem ausgestattet ist. Dies erleichtert das \u00dcbertragen der experimentell ermittelten Punkte gleichen Potentials auf eine gleich gestaltete Papiervorlage. Dar\u00fcber hinaus sind die beiden Elektrodenhalter aus hochwertigem Kunststoff so klein dimensioniert, dass sie die Sicht auf das Potentialfeld kaum beeintr\u00e4chtigen. Sie enthalten Buchsen zur Aufnahme der Verbindungskabel und R\u00e4ndelschrauben zur Befestigung der Elektroden.<\/p>\n\n\n\n<h3 class=\"wp-block-heading\" id=\"aquipotentiallinien\">\u00c4quipotentiallinien<\/h3>\n\n\n\n<p>Die geeignete Kombination der sechs Elektroden erlaubt alle wichtigen Experimente zur Untersuchung elektrischer Felder mithilfe von \u00c4quipotentiallinien. Die Sch\u00fclerexperimente werden mit <a href=\"https:\/\/www.schule-bw.de\/faecher-und-schularten\/mathematisch-naturwissenschaftliche-faecher\/physik\/unterrichtsmaterialien\/e_lehre_1\/elektrizitaetsuebertragung\/wechselspannung.htm\" target=\"_blank\" rel=\"noreferrer noopener\">Wechselspannung<\/a> durchgef\u00fchrt. Als Messger\u00e4t dient dabei ein digitales Multimeter mit gro\u00dfem Eingangswiderstand.<\/p>\n\n\n\n<h3 class=\"wp-block-heading\" id=\"normales-leitungswasser\">Normales Leitungswasser<\/h3>\n\n\n\n<p>F\u00fcr die Messungen wird nur normales Leitungswasser ben\u00f6tigt. Durch Schraubf\u00fc\u00dfe kann die wasserdichte Wanne bequem in exakt horizontale Lage gebracht werden.<\/p>\n\n\n\n<h3 class=\"wp-block-heading\" id=\"h-begleitmaterialien\">Begleitmaterialien<\/h3>\n\n\n\n<p>Passend zum Experimentiersatz ELEKTRIK 6 sind auch ein <a href=\"https:\/\/mekruphy.com\/de\/produkte\/physik\/physik-arbeitshefte\/\">Sch\u00fclerheft<\/a> und ein <a href=\"https:\/\/mekruphy.com\/de\/produkte\/physik\/physik-arbeitshefte\/\">Lehrerheft<\/a> mit didaktischen Anweisungen und L\u00f6sungen in analoger Form erh\u00e4ltlich. Das Sch\u00fclerheft ist auch in digitaler Form erwerbbar.<\/p>\n<\/div><\/div>\n\n\n\n<div class=\"wp-block-advgb-tab advgb-tab-body-container\"><div class=\"advgb-tab-body-header advgb-tab-class- \" id=\"advgb-tab-panel-_45a001-d6-1\" role=\"tabpanel\" aria-labelledby=\"advgb-tab-_45a001-d6-1\" tabindex=\"0\"><span>Lieferumfang<\/span><\/div><div class=\"advgb-tab-_45a001-d6 advgb-tab-body\" aria-labelledby=\"advgb-tab-panel-_45a001-d6-1\" style=\"display:none\">\n<figure class=\"wp-block-table table-product-contents\"><table><tbody><tr><td>01.01.10<\/td><td>Aufbewahrungskasten<\/td><\/tr><tr><td>55.02.00<\/td><td>Ger\u00e4tegeformter Einsatz E6<\/td><\/tr><tr><td>55.03.00<\/td><td>Wanne<\/td><\/tr><tr><td>55.04.00<\/td><td>Elektrodenhalter E6 (2 St\u00fcck)<\/td><\/tr><tr><td>43.06.00<\/td><td>Kunststoffbecher 100 ml<\/td><\/tr><tr><td>09.06.40<\/td><td>Widerstandselement 1 k\u03a9\/1% (2 St\u00fcck)<\/td><\/tr><tr><td>55.07.00<\/td><td>Plattenelektrode E6 (2 St\u00fcck)<\/td><\/tr><tr><td>55.08.00<\/td><td>Abgewinkelte Elektrode<\/td><\/tr><tr><td>55.09.00<\/td><td>Zylinderelektrode E6<\/td><\/tr><tr><td>55.10.00<\/td><td>Spitzenelektrode (2 St\u00fcck)<\/td><\/tr><tr><td>08.18.00<\/td><td>Experimentierkabel 8,5 cm<\/td><\/tr><tr><td>08.19.00<\/td><td>Experimentierkabel 17 cm (2 St\u00fcck)<\/td><\/tr><tr><td>08.20.00<\/td><td>Experimentierkabel 34 cm blau (2 St\u00fcck)<\/td><\/tr><tr><td>06.24.20<\/td><td>Experimentierkabel 25 cm blau (2 St\u00fcck)<\/td><\/tr><\/tbody><\/table><\/figure>\n\n\n\n<h3 class=\"wp-block-heading\" id=\"zusatzlich-erforderlich\">Zus\u00e4tzlich erforderlich:<\/h3>\n\n\n\n<figure class=\"wp-block-table table-product-contents\"><table><tbody><tr><td>00.05.10<br><br>00.05.20<\/td><td><a href=\"https:\/\/mekruphy.com\/de\/produkte\/physik\/physik-spannungsversorgung\/\">Kleinspannungsnetzger\u00e4t MKS 2.4<\/a> \u00a0 <br>oder<br><a href=\"https:\/\/mekruphy.com\/de\/produkte\/physik\/physik-spannungsversorgung\/\">Kleinspannungsnetzger\u00e4t MKS 3.1<\/a><\/td><\/tr><tr><td>55.05.00<\/td><td>Digitalmultimeter PeakTech 3335<\/td><\/tr><tr><td>00.55.00<\/td><td>Vorlage Koordinatensystem<\/td><\/tr><\/tbody><\/table><\/figure>\n\n\n\n<p><\/p>\n<\/div><\/div>\n\n\n\n<div class=\"wp-block-advgb-tab advgb-tab-body-container\"><div class=\"advgb-tab-body-header advgb-tab-class- \" id=\"advgb-tab-panel-_45a001-d6-2\" role=\"tabpanel\" aria-labelledby=\"advgb-tab-_45a001-d6-2\" tabindex=\"0\"><span>Experimente<\/span><\/div><div class=\"advgb-tab-_45a001-d6 advgb-tab-body\" aria-labelledby=\"advgb-tab-panel-_45a001-d6-2\" style=\"display:none\">\n<p><\/p>\n\n\n\n<figure class=\"wp-block-table table-product-experiments\"><table><tbody><tr><td>E6-1<\/td><td>Der Plattenkondensator<\/td><\/tr><tr><td>E6-2<\/td><td>Der elektrische Dipol<\/td><\/tr><tr><td>E6-3<\/td><td>Die Spiegelladung<\/td><\/tr><tr><td>E6-4<\/td><td>Leiter im elektrischen Feld<\/td><\/tr><tr><td>E6-5<\/td><td>Der Blitzableiter<\/td><\/tr><tr><td>E6-6<\/td><td>Zwei kreisf\u00f6rmige exzentrische Elektroden<\/td><\/tr><tr><td>E6-7<\/td><td>Faradayscher K\u00e4fig<\/td><\/tr><tr><td>E6-8<\/td><td>Zwei konzentrische Elektroden<\/td><\/tr><tr><td>E6-9<\/td><td>Eine ebene und eine zylindrische Elektrode<\/td><\/tr><tr><td>E6-10<\/td><td>Potential einer Punktladung<\/td><\/tr><tr><td>E6-11<\/td><td>Zwei Punktladungen gleichen Potentials<\/td><\/tr><tr><td>E6-12<\/td><td>Potential zwischen zwei ungleichen Ladungen<\/td><\/tr><\/tbody><\/table><\/figure>\n<\/div><\/div>\n\n\n\n<div class=\"wp-block-advgb-tab advgb-tab-body-container\"><div class=\"advgb-tab-body-header advgb-tab-class-undefined \" id=\"advgb-tab-panel-_45a001-d6-3\" role=\"tabpanel\" aria-labelledby=\"advgb-tab-_45a001-d6-3\" tabindex=\"0\"><span>Bilder<\/span><\/div><div class=\"advgb-tab-_45a001-d6 advgb-tab-body\" aria-labelledby=\"advgb-tab-panel-_45a001-d6-3\" style=\"display:none\"><div class=\"wp-block-image\">\n<figure class=\"aligncenter size-large is-resized\"><img loading=\"lazy\" decoding=\"async\" width=\"415\" height=\"580\" src=\"https:\/\/mekruphy.com\/de\/wp-content\/uploads\/2021\/03\/E6_1.png\" alt=\"Digitalmultimeter PeakTech 3335\" class=\"wp-image-3095\" style=\"width:511px;height:716px\" srcset=\"https:\/\/mekruphy.com\/de\/wp-content\/uploads\/2021\/03\/E6_1.png 415w, https:\/\/mekruphy.com\/de\/wp-content\/uploads\/2021\/03\/E6_1-215x300.png 215w\" sizes=\"auto, (max-width: 415px) 100vw, 415px\" \/><\/figure>\n<\/div>\n\n\n<p>&nbsp;<\/p>\n\n\n<div class=\"wp-block-image\">\n<figure class=\"aligncenter size-large is-resized\"><img loading=\"lazy\" decoding=\"async\" width=\"596\" height=\"428\" src=\"https:\/\/mekruphy.com\/de\/wp-content\/uploads\/2021\/03\/E6_2.png\" alt=\"Versuchsaufbau Elektrik 6\" class=\"wp-image-3096\" style=\"width:751px;height:540px\" srcset=\"https:\/\/mekruphy.com\/de\/wp-content\/uploads\/2021\/03\/E6_2.png 596w, https:\/\/mekruphy.com\/de\/wp-content\/uploads\/2021\/03\/E6_2-300x215.png 300w\" sizes=\"auto, (max-width: 596px) 100vw, 596px\" \/><\/figure>\n<\/div><\/div><\/div>\n<\/div><\/div>\n<style class=\"advgb-styles-renderer\">.advgb-tabs-cb45a001-d66d-4b37-b241-22dd1dbaa5ec ul.advgb-tabs-panel li.advgb-tab.advgb-tab-active {background-color:#5954d6 !important;color:#fff !important;}#advgb-tabs-cb45a001-d66d-4b37-b241-22dd1dbaa5ec .advgb-tab-body-header.header-active, .advgb-tabs-cb45a001-d66d-4b37-b241-22dd1dbaa5ec .advgb-tab-body-header.header-active{background-color:#5954d6 !important;color:#fff !important;}<\/style>","protected":false},"excerpt":{"rendered":"","protected":false},"author":3,"featured_media":1770,"parent":1262,"menu_order":0,"comment_status":"closed","ping_status":"closed","template":"templates\/product.php","meta":{"_acf_changed":false,"_coblocks_attr":"","_coblocks_dimensions":"","_coblocks_responsive_height":"","_coblocks_accordion_ie_support":"","_eb_attr":"","advgb_blocks_editor_width":"","advgb_blocks_columns_visual_guide":"","footnotes":""},"class_list":["post-424","page","type-page","status-publish","has-post-thumbnail","hentry"],"acf":[],"yoast_head":"<!-- This site is optimized with the Yoast SEO plugin v27.4 - https:\/\/yoast.com\/product\/yoast-seo-wordpress\/ -->\n<title>Experimentiersatz ELEKTRIK 6 - MEKRUPHY GmbH<\/title>\n<meta name=\"description\" content=\"Die Besonderheit von ELEKTRIK 6 ist eine wassderdichte Wanne und eine transparente Bodenfl\u00e4che mit einem dreifarbigen Koordinatensystem.\" \/>\n<meta name=\"robots\" content=\"index, follow, max-snippet:-1, max-image-preview:large, max-video-preview:-1\" \/>\n<link rel=\"canonical\" href=\"https:\/\/mekruphy.com\/de\/produkte\/physik\/elektrik-elektronik\/experimentiersatz-elektrik-6\/\" \/>\n<meta property=\"og:locale\" content=\"de_DE\" \/>\n<meta property=\"og:type\" content=\"article\" \/>\n<meta property=\"og:title\" content=\"Experimentiersatz ELEKTRIK 6 - MEKRUPHY GmbH\" \/>\n<meta property=\"og:description\" content=\"Die Besonderheit von ELEKTRIK 6 ist eine wassderdichte Wanne und eine transparente Bodenfl\u00e4che mit einem dreifarbigen Koordinatensystem.\" \/>\n<meta property=\"og:url\" content=\"https:\/\/mekruphy.com\/de\/produkte\/physik\/elektrik-elektronik\/experimentiersatz-elektrik-6\/\" \/>\n<meta property=\"og:site_name\" content=\"MEKRUPHY GmbH\" \/>\n<meta property=\"article:modified_time\" content=\"2026-04-01T08:09:29+00:00\" \/>\n<meta property=\"og:image\" content=\"https:\/\/mekruphy.com\/de\/wp-content\/uploads\/2020\/07\/Kasten-Physik-ELEKTRIK-6.jpg\" \/>\n\t<meta property=\"og:image:width\" content=\"1800\" \/>\n\t<meta property=\"og:image:height\" content=\"1383\" \/>\n\t<meta property=\"og:image:type\" content=\"image\/jpeg\" \/>\n<meta name=\"twitter:card\" content=\"summary_large_image\" \/>\n<meta name=\"twitter:label1\" content=\"Gesch\u00e4tzte Lesezeit\" \/>\n\t<meta name=\"twitter:data1\" content=\"3\u00a0Minuten\" \/>\n<script type=\"application\/ld+json\" class=\"yoast-schema-graph\">{\"@context\":\"https:\\\/\\\/schema.org\",\"@graph\":[{\"@type\":\"WebPage\",\"@id\":\"https:\\\/\\\/mekruphy.com\\\/de\\\/produkte\\\/physik\\\/elektrik-elektronik\\\/experimentiersatz-elektrik-6\\\/\",\"url\":\"https:\\\/\\\/mekruphy.com\\\/de\\\/produkte\\\/physik\\\/elektrik-elektronik\\\/experimentiersatz-elektrik-6\\\/\",\"name\":\"Experimentiersatz ELEKTRIK 6 - MEKRUPHY GmbH\",\"isPartOf\":{\"@id\":\"https:\\\/\\\/mekruphy.com\\\/de\\\/#website\"},\"primaryImageOfPage\":{\"@id\":\"https:\\\/\\\/mekruphy.com\\\/de\\\/produkte\\\/physik\\\/elektrik-elektronik\\\/experimentiersatz-elektrik-6\\\/#primaryimage\"},\"image\":{\"@id\":\"https:\\\/\\\/mekruphy.com\\\/de\\\/produkte\\\/physik\\\/elektrik-elektronik\\\/experimentiersatz-elektrik-6\\\/#primaryimage\"},\"thumbnailUrl\":\"https:\\\/\\\/mekruphy.com\\\/de\\\/wp-content\\\/uploads\\\/2020\\\/07\\\/Kasten-Physik-ELEKTRIK-6.jpg\",\"datePublished\":\"2020-07-15T10:31:32+00:00\",\"dateModified\":\"2026-04-01T08:09:29+00:00\",\"description\":\"Die Besonderheit von ELEKTRIK 6 ist eine wassderdichte Wanne und eine transparente Bodenfl\u00e4che mit einem dreifarbigen Koordinatensystem.\",\"breadcrumb\":{\"@id\":\"https:\\\/\\\/mekruphy.com\\\/de\\\/produkte\\\/physik\\\/elektrik-elektronik\\\/experimentiersatz-elektrik-6\\\/#breadcrumb\"},\"inLanguage\":\"de\",\"potentialAction\":[{\"@type\":\"ReadAction\",\"target\":[\"https:\\\/\\\/mekruphy.com\\\/de\\\/produkte\\\/physik\\\/elektrik-elektronik\\\/experimentiersatz-elektrik-6\\\/\"]}]},{\"@type\":\"ImageObject\",\"inLanguage\":\"de\",\"@id\":\"https:\\\/\\\/mekruphy.com\\\/de\\\/produkte\\\/physik\\\/elektrik-elektronik\\\/experimentiersatz-elektrik-6\\\/#primaryimage\",\"url\":\"https:\\\/\\\/mekruphy.com\\\/de\\\/wp-content\\\/uploads\\\/2020\\\/07\\\/Kasten-Physik-ELEKTRIK-6.jpg\",\"contentUrl\":\"https:\\\/\\\/mekruphy.com\\\/de\\\/wp-content\\\/uploads\\\/2020\\\/07\\\/Kasten-Physik-ELEKTRIK-6.jpg\",\"width\":1800,\"height\":1383},{\"@type\":\"BreadcrumbList\",\"@id\":\"https:\\\/\\\/mekruphy.com\\\/de\\\/produkte\\\/physik\\\/elektrik-elektronik\\\/experimentiersatz-elektrik-6\\\/#breadcrumb\",\"itemListElement\":[{\"@type\":\"ListItem\",\"position\":1,\"name\":\"Startseite\",\"item\":\"https:\\\/\\\/mekruphy.com\\\/de\\\/\"},{\"@type\":\"ListItem\",\"position\":2,\"name\":\"Produkte\",\"item\":\"https:\\\/\\\/mekruphy.com\\\/de\\\/produkte\\\/\"},{\"@type\":\"ListItem\",\"position\":3,\"name\":\"Physik\",\"item\":\"https:\\\/\\\/mekruphy.com\\\/de\\\/produkte\\\/physik\\\/\"},{\"@type\":\"ListItem\",\"position\":4,\"name\":\"Elektrik \\\/ Elektronik\",\"item\":\"https:\\\/\\\/mekruphy.com\\\/de\\\/produkte\\\/physik\\\/elektrik-elektronik\\\/\"},{\"@type\":\"ListItem\",\"position\":5,\"name\":\"Experimentiersatz ELEKTRIK 6\"}]},{\"@type\":\"WebSite\",\"@id\":\"https:\\\/\\\/mekruphy.com\\\/de\\\/#website\",\"url\":\"https:\\\/\\\/mekruphy.com\\\/de\\\/\",\"name\":\"MEKRUPHY GmbH\",\"description\":\"Sch\u00fcler-Experimentierk\u00e4sten f\u00fcr den MINT-Unterricht\",\"potentialAction\":[{\"@type\":\"SearchAction\",\"target\":{\"@type\":\"EntryPoint\",\"urlTemplate\":\"https:\\\/\\\/mekruphy.com\\\/de\\\/?s={search_term_string}\"},\"query-input\":{\"@type\":\"PropertyValueSpecification\",\"valueRequired\":true,\"valueName\":\"search_term_string\"}}],\"inLanguage\":\"de\"}]}<\/script>\n<!-- \/ Yoast SEO plugin. -->","yoast_head_json":{"title":"Experimentiersatz ELEKTRIK 6 - MEKRUPHY GmbH","description":"Die Besonderheit von ELEKTRIK 6 ist eine wassderdichte Wanne und eine transparente Bodenfl\u00e4che mit einem dreifarbigen Koordinatensystem.","robots":{"index":"index","follow":"follow","max-snippet":"max-snippet:-1","max-image-preview":"max-image-preview:large","max-video-preview":"max-video-preview:-1"},"canonical":"https:\/\/mekruphy.com\/de\/produkte\/physik\/elektrik-elektronik\/experimentiersatz-elektrik-6\/","og_locale":"de_DE","og_type":"article","og_title":"Experimentiersatz ELEKTRIK 6 - MEKRUPHY GmbH","og_description":"Die Besonderheit von ELEKTRIK 6 ist eine wassderdichte Wanne und eine transparente Bodenfl\u00e4che mit einem dreifarbigen Koordinatensystem.","og_url":"https:\/\/mekruphy.com\/de\/produkte\/physik\/elektrik-elektronik\/experimentiersatz-elektrik-6\/","og_site_name":"MEKRUPHY GmbH","article_modified_time":"2026-04-01T08:09:29+00:00","og_image":[{"width":1800,"height":1383,"url":"https:\/\/mekruphy.com\/de\/wp-content\/uploads\/2020\/07\/Kasten-Physik-ELEKTRIK-6.jpg","type":"image\/jpeg"}],"twitter_card":"summary_large_image","twitter_misc":{"Gesch\u00e4tzte Lesezeit":"3\u00a0Minuten"},"schema":{"@context":"https:\/\/schema.org","@graph":[{"@type":"WebPage","@id":"https:\/\/mekruphy.com\/de\/produkte\/physik\/elektrik-elektronik\/experimentiersatz-elektrik-6\/","url":"https:\/\/mekruphy.com\/de\/produkte\/physik\/elektrik-elektronik\/experimentiersatz-elektrik-6\/","name":"Experimentiersatz ELEKTRIK 6 - MEKRUPHY GmbH","isPartOf":{"@id":"https:\/\/mekruphy.com\/de\/#website"},"primaryImageOfPage":{"@id":"https:\/\/mekruphy.com\/de\/produkte\/physik\/elektrik-elektronik\/experimentiersatz-elektrik-6\/#primaryimage"},"image":{"@id":"https:\/\/mekruphy.com\/de\/produkte\/physik\/elektrik-elektronik\/experimentiersatz-elektrik-6\/#primaryimage"},"thumbnailUrl":"https:\/\/mekruphy.com\/de\/wp-content\/uploads\/2020\/07\/Kasten-Physik-ELEKTRIK-6.jpg","datePublished":"2020-07-15T10:31:32+00:00","dateModified":"2026-04-01T08:09:29+00:00","description":"Die Besonderheit von ELEKTRIK 6 ist eine wassderdichte Wanne und eine transparente Bodenfl\u00e4che mit einem dreifarbigen Koordinatensystem.","breadcrumb":{"@id":"https:\/\/mekruphy.com\/de\/produkte\/physik\/elektrik-elektronik\/experimentiersatz-elektrik-6\/#breadcrumb"},"inLanguage":"de","potentialAction":[{"@type":"ReadAction","target":["https:\/\/mekruphy.com\/de\/produkte\/physik\/elektrik-elektronik\/experimentiersatz-elektrik-6\/"]}]},{"@type":"ImageObject","inLanguage":"de","@id":"https:\/\/mekruphy.com\/de\/produkte\/physik\/elektrik-elektronik\/experimentiersatz-elektrik-6\/#primaryimage","url":"https:\/\/mekruphy.com\/de\/wp-content\/uploads\/2020\/07\/Kasten-Physik-ELEKTRIK-6.jpg","contentUrl":"https:\/\/mekruphy.com\/de\/wp-content\/uploads\/2020\/07\/Kasten-Physik-ELEKTRIK-6.jpg","width":1800,"height":1383},{"@type":"BreadcrumbList","@id":"https:\/\/mekruphy.com\/de\/produkte\/physik\/elektrik-elektronik\/experimentiersatz-elektrik-6\/#breadcrumb","itemListElement":[{"@type":"ListItem","position":1,"name":"Startseite","item":"https:\/\/mekruphy.com\/de\/"},{"@type":"ListItem","position":2,"name":"Produkte","item":"https:\/\/mekruphy.com\/de\/produkte\/"},{"@type":"ListItem","position":3,"name":"Physik","item":"https:\/\/mekruphy.com\/de\/produkte\/physik\/"},{"@type":"ListItem","position":4,"name":"Elektrik \/ Elektronik","item":"https:\/\/mekruphy.com\/de\/produkte\/physik\/elektrik-elektronik\/"},{"@type":"ListItem","position":5,"name":"Experimentiersatz ELEKTRIK 6"}]},{"@type":"WebSite","@id":"https:\/\/mekruphy.com\/de\/#website","url":"https:\/\/mekruphy.com\/de\/","name":"MEKRUPHY GmbH","description":"Sch\u00fcler-Experimentierk\u00e4sten f\u00fcr den MINT-Unterricht","potentialAction":[{"@type":"SearchAction","target":{"@type":"EntryPoint","urlTemplate":"https:\/\/mekruphy.com\/de\/?s={search_term_string}"},"query-input":{"@type":"PropertyValueSpecification","valueRequired":true,"valueName":"search_term_string"}}],"inLanguage":"de"}]}},"coauthors":[],"author_meta":{"author_link":"https:\/\/mekruphy.com\/de\/author\/steps-sync\/","display_name":"Steps Sync"},"relative_dates":{"created":"Ver\u00f6ffentlicht 6\u00a0Jahren vor","modified":"Aktualisiert 3\u00a0Wochen vor"},"absolute_dates":{"created":"Ver\u00f6ffentlicht am 15. Juli 2020","modified":"Aktualisiert am 1. April 2026"},"absolute_dates_time":{"created":"Ver\u00f6ffentlicht am 15. Juli 2020 12:31","modified":"Aktualisiert am 1. April 2026 10:09"},"featured_img_caption":"","featured_img":"https:\/\/mekruphy.com\/de\/wp-content\/uploads\/2020\/07\/Kasten-Physik-ELEKTRIK-6.jpg","series_order":"","_links":{"self":[{"href":"https:\/\/mekruphy.com\/de\/wp-json\/wp\/v2\/pages\/424","targetHints":{"allow":["GET"]}}],"collection":[{"href":"https:\/\/mekruphy.com\/de\/wp-json\/wp\/v2\/pages"}],"about":[{"href":"https:\/\/mekruphy.com\/de\/wp-json\/wp\/v2\/types\/page"}],"author":[{"embeddable":true,"href":"https:\/\/mekruphy.com\/de\/wp-json\/wp\/v2\/users\/3"}],"replies":[{"embeddable":true,"href":"https:\/\/mekruphy.com\/de\/wp-json\/wp\/v2\/comments?post=424"}],"version-history":[{"count":14,"href":"https:\/\/mekruphy.com\/de\/wp-json\/wp\/v2\/pages\/424\/revisions"}],"predecessor-version":[{"id":9552,"href":"https:\/\/mekruphy.com\/de\/wp-json\/wp\/v2\/pages\/424\/revisions\/9552"}],"up":[{"embeddable":true,"href":"https:\/\/mekruphy.com\/de\/wp-json\/wp\/v2\/pages\/1262"}],"wp:featuredmedia":[{"embeddable":true,"href":"https:\/\/mekruphy.com\/de\/wp-json\/wp\/v2\/media\/1770"}],"wp:attachment":[{"href":"https:\/\/mekruphy.com\/de\/wp-json\/wp\/v2\/media?parent=424"}],"curies":[{"name":"wp","href":"https:\/\/api.w.org\/{rel}","templated":true}]}}