{"id":428,"date":"2020-07-15T12:50:10","date_gmt":"2020-07-15T10:50:10","guid":{"rendered":"https:\/\/mekruphy.com\/de\/experimentiersatz-elektrik-7\/"},"modified":"2026-04-01T10:14:05","modified_gmt":"2026-04-01T08:14:05","slug":"experimentiersatz-elektrik-7","status":"publish","type":"page","link":"https:\/\/mekruphy.com\/de\/produkte\/physik\/elektrik-elektronik\/experimentiersatz-elektrik-7\/","title":{"rendered":"Experimentiersatz ELEKTRIK 7"},"content":{"rendered":"<div class=\"yoast-breadcrumbs breadcrumbs-indented\"><span><span><a href=\"https:\/\/mekruphy.com\/de\/\">Startseite<\/a><\/span> \u00bb <span><a href=\"https:\/\/mekruphy.com\/de\/produkte\/\">Produkte<\/a><\/span> \u00bb <span><a href=\"https:\/\/mekruphy.com\/de\/produkte\/physik\/\">Physik<\/a><\/span> \u00bb <span><a href=\"https:\/\/mekruphy.com\/de\/produkte\/physik\/elektrik-elektronik\/\">Elektrik \/ Elektronik<\/a><\/span> \u00bb <span class=\"breadcrumb_last\" aria-current=\"page\">Experimentiersatz ELEKTRIK 7<\/span><\/span><\/div>\n\n\n<div class=\"wp-block-advgb-adv-tabs advgb-tabs-wrapper advgb-tab-horz-desktop advgb-tab-vert-tablet advgb-tab-stack-mobile advgb-tabs-31e4547e-cbe4-4407-9f4e-397e3064cece\" data-tab-active=\"0\"><ul class=\"advgb-tabs-panel\" role=\"tablist\"><li class=\"advgb-tab advgb-tab-active\" role=\"presentation\" style=\"background-color:#e0e0e0;border-style:solid;border-width:1px;border-radius:10px\"><button class=\"advgb-tab-button\" id=\"advgb-tab-_e4547e-cb-0\" aria-controls=\"advgb-tab-panel-_e4547e-cb-0\" role=\"tab\" aria-selected=\"true\" tabindex=\"0\" style=\"color:#fff;background:none;border:none;width:100%;text-align:inherit;cursor:pointer;padding:8px 16px;font:inherit\"><span>Beschreibung<\/span><\/button><\/li><li class=\"advgb-tab \" role=\"presentation\" style=\"background-color:#e0e0e0;border-style:solid;border-width:1px;border-radius:10px\"><button class=\"advgb-tab-button\" id=\"advgb-tab-_e4547e-cb-1\" aria-controls=\"advgb-tab-panel-_e4547e-cb-1\" role=\"tab\" aria-selected=\"false\" tabindex=\"0\" style=\"color:#fff;background:none;border:none;width:100%;text-align:inherit;cursor:pointer;padding:8px 16px;font:inherit\"><span>Lieferumfang<\/span><\/button><\/li><li class=\"advgb-tab \" role=\"presentation\" style=\"background-color:#e0e0e0;border-style:solid;border-width:1px;border-radius:10px\"><button class=\"advgb-tab-button\" id=\"advgb-tab-_e4547e-cb-2\" aria-controls=\"advgb-tab-panel-_e4547e-cb-2\" role=\"tab\" aria-selected=\"false\" tabindex=\"0\" style=\"color:#fff;background:none;border:none;width:100%;text-align:inherit;cursor:pointer;padding:8px 16px;font:inherit\"><span>Experimente<\/span><\/button><\/li><li class=\"advgb-tab \" role=\"presentation\" style=\"background-color:#e0e0e0;border-style:solid;border-width:1px;border-radius:10px\"><button class=\"advgb-tab-button\" id=\"advgb-tab-_e4547e-cb-3\" aria-controls=\"advgb-tab-panel-_e4547e-cb-3\" role=\"tab\" aria-selected=\"false\" tabindex=\"0\" style=\"color:#fff;background:none;border:none;width:100%;text-align:inherit;cursor:pointer;padding:8px 16px;font:inherit\"><span>Bilder<\/span><\/button><\/li><\/ul><div class=\"advgb-tab-body-wrapper\" style=\"border-style:solid;border-width:1px;border-radius:10px\">\n<div class=\"wp-block-advgb-tab advgb-tab-body-container\"><div class=\"advgb-tab-body-header advgb-tab-class- header-active\" id=\"advgb-tab-panel-_bf82dc-18-0\" role=\"tabpanel\" aria-labelledby=\"advgb-tab-_bf82dc-18-0\" tabindex=\"0\"><span>Beschreibung<\/span><\/div><div class=\"advgb-tab-_bf82dc-18 advgb-tab-body\" aria-labelledby=\"advgb-tab-panel-_bf82dc-18-0\" style=\"display:block\">\n<h2 class=\"wp-block-heading\">Flexibel und transparent<\/h2>\n\n\n\n<p>Die Schaltelemente des Experimentierkastens ELEKTRIK 7 werden nicht nach einem starren Kombinationsmodus aneinandergef\u00fcgt, sondern k\u00f6nnen auf der 35 x 27 cm gro\u00dfen Rasterplatte beliebig angeordnet und mit Kabeln untereinander verbunden werden. Dies l\u00e4sst den Sch\u00fclerinnen und Sch\u00fclern gen\u00fcgend Freiraum f\u00fcr den Transfer vom Schaltbild zur fertigen Schaltung. Zudem machen die metallischen Leiterbahnen auf der durchsichtigen Grundplatte aus hochwertigem Acrylglas alle Stromwege optisch transparent und leicht nachvollziehbar.<\/p>\n\n\n\n<h3 class=\"wp-block-heading\">Schaltelemente unten offen<\/h3>\n\n\n\n<p>Die Schaltelemente bestehen aus unzerbrechlichem blauem Acrylglas und tragen robuste Elektronik-Bauteile. Sie sind unten offen, so dass Bauteil, Verdrahtung und Qualit\u00e4tsl\u00f6tung deutlich zu sehen sind. Die hochflexiblen Kabel mit ihren hochwertigen Federkorbsteckern geben nicht nur zuverl\u00e4ssig Kontakt, sondern lassen in Verbindung mit der Grundplatte auch komplizierteste Schaltungen \u00e4u\u00dferst \u00fcbersichtlich erscheinen.<\/p>\n\n\n\n<h3 class=\"wp-block-heading\">Unabh\u00e4ngig von der Steckdose<\/h3>\n\n\n\n<p>Die Ger\u00e4teteile des Experimentiersatzes ELEKTRIK 7 sind so ausgelegt, dass alle Experimente mit dem Batteriehalter durchgef\u00fchrt werden k\u00f6nnen. Dieser enth\u00e4lt drei Mignon-Batterien und gew\u00e4hrleistet einerseits sicheren Schutz vor \u00dcberlastung empfindlicher Bauteile, andererseits Unabh\u00e4ngigkeit von der Steckdose.<\/p>\n\n\n\n<h3 class=\"wp-block-heading\" id=\"h-begleitmaterialien\">Begleitmaterialien<\/h3>\n\n\n\n<p>Passend zum Experimentiersatz ELEKTRIK 7 sind auch ein <a href=\"https:\/\/mekruphy.com\/de\/produkte\/physik\/physik-arbeitshefte\/\">Sch\u00fclerheft<\/a> und ein <a href=\"https:\/\/mekruphy.com\/de\/produkte\/physik\/physik-arbeitshefte\/\">Lehrerheft<\/a> mit didaktischen Anweisungen und L\u00f6sungen in analoger Form erh\u00e4ltlich. Das Sch\u00fclerheft ist auch in digitaler Form erwerbbar.<\/p>\n<\/div><\/div>\n\n\n\n<div class=\"wp-block-advgb-tab advgb-tab-body-container\"><div class=\"advgb-tab-body-header advgb-tab-class- \" id=\"advgb-tab-panel-_bf82dc-18-1\" role=\"tabpanel\" aria-labelledby=\"advgb-tab-_bf82dc-18-1\" tabindex=\"0\"><span>Lieferumfang<\/span><\/div><div class=\"advgb-tab-_bf82dc-18 advgb-tab-body\" aria-labelledby=\"advgb-tab-panel-_bf82dc-18-1\" style=\"display:none\">\n<figure class=\"wp-block-table table-product-contents\"><table><tbody><tr><td>01.01.10<\/td><td>Aufbewahrungskasten<\/td><\/tr><tr><td>08.02.50<\/td><td>Ger\u00e4tegeformter Einsatz E7<\/td><\/tr><tr><td>08.03.50<\/td><td>Grundplatte E7<\/td><\/tr><tr><td>06.04.00<\/td><td>Batteriehalter mit 3 Mignon-Batterien (2 St\u00fcck)<\/td><\/tr><tr><td>08.05.00<\/td><td>Kupplung E7 (4 St\u00fcck)<\/td><\/tr><tr><td>08.06.50<\/td><td>Element Gl\u00fchlampe E7 (2 St\u00fcck)<\/td><\/tr><tr><td>08.07.50<\/td><td>Element Schalter (2 St\u00fcck)<\/td><\/tr><tr><td>08.08.50<\/td><td>Element Potentiometer<\/td><\/tr><tr><td>08.09.50<\/td><td>Element Transistor E7 (2 St\u00fcck)<\/td><\/tr><tr><td>08.10.50<\/td><td>Element LDR<\/td><\/tr><tr><td>08.11.50<\/td><td>Element Widerstand 100 \u2126<\/td><\/tr><tr><td>08.12.50<\/td><td>Element Operationsverst\u00e4rker<\/td><\/tr><tr><td>08.13.50<\/td><td>Element LED rot<\/td><\/tr><tr><td>08.14.50<\/td><td>Element Kondensator (2 St\u00fcck)<\/td><\/tr><tr><td>08.15.00<\/td><td>Kurzschlussstecker E7 (2 St\u00fcck)<\/td><\/tr><tr><td>08.16.30<\/td><td>Element Si-Diode<\/td><\/tr><tr><td>08.16.50<\/td><td>Element Ge-Diode<\/td><\/tr><tr><td>08.16.70<\/td><td>Element Z-Diode<\/td><\/tr><tr><td>08.18.00<\/td><td>Experimentierkabel 8,5 cm (2 St\u00fcck)<\/td><\/tr><tr><td>08.19.00<\/td><td>Experimentierkabel 17 cm (2 St\u00fcck)<\/td><\/tr><tr><td>08.20.00<\/td><td>Experimentierkabel 34 cm blau (4 St\u00fcck)<\/td><\/tr><tr><td>08.21.50<\/td><td>Element Summer<\/td><\/tr><tr><td>08.22.50<\/td><td>Element Lautsprecher<\/td><\/tr><tr><td>08.23.50<\/td><td>Element Mikrophon<\/td><\/tr><tr><td>08.24.50<\/td><td>Element Widerstand 1 k\u03a9 (2 St\u00fcck)<\/td><\/tr><tr><td>08.25.50<\/td><td>Element Widerstand 5 k\u03a9 (2 St\u00fcck)<\/td><\/tr><tr><td>08.26.50<\/td><td>Element Widerstand 10 k\u03a9 (2 St\u00fcck)<\/td><\/tr><tr><td>08.27.00<\/td><td>Kurzschlussb\u00fcgel (4 St\u00fcck)<\/td><\/tr><tr><td>08.28.00<\/td><td>Lineal<\/td><\/tr><\/tbody><\/table><\/figure>\n\n\n\n<h3 class=\"wp-block-heading\" id=\"zusatzlich-erforderlich\">Zus\u00e4tzlich erforderlich:<\/h3>\n\n\n\n<figure class=\"wp-block-table table-product-contents\"><table><tbody><tr><td>00.07.10<\/td><td><a href=\"https:\/\/mekruphy.com\/de\/produkte\/physik\/physik-vielfachmessgerat\/\">Vielfachmessger\u00e4t AMM 3000<\/a> (2 St\u00fcck erforderlich)<\/td><\/tr><\/tbody><\/table><\/figure>\n\n\n\n<p><\/p>\n\n\n\n<p><\/p>\n<\/div><\/div>\n\n\n\n<div class=\"wp-block-advgb-tab advgb-tab-body-container\"><div class=\"advgb-tab-body-header advgb-tab-class- \" id=\"advgb-tab-panel-_bf82dc-18-2\" role=\"tabpanel\" aria-labelledby=\"advgb-tab-_bf82dc-18-2\" tabindex=\"0\"><span>Experimente<\/span><\/div><div class=\"advgb-tab-_bf82dc-18 advgb-tab-body\" aria-labelledby=\"advgb-tab-panel-_bf82dc-18-2\" style=\"display:none\">\n<p><\/p>\n\n\n\n<figure class=\"wp-block-table table-product-experiments\"><table><tbody><tr><td>E7-1<\/td><td>Die Potentiometerschaltung<\/td><\/tr><tr><td>E7-2<\/td><td>Der lichtabh\u00e4ngige Widerstand (LDR)<\/td><\/tr><tr><td>E7-3<\/td><td>Kennlinien von Ge- und Si- Dioden<\/td><\/tr><tr><td>E7-4<\/td><td>Die Leuchtdiode (LED)<\/td><\/tr><tr><td>E7-5<\/td><td>Die Z-Diode<\/td><\/tr><tr><td>E7-6<\/td><td>Die <em>U<sub>BE<\/sub>-I<sub>C<\/sub><\/em>-Kennlinie eines Transistors<\/td><\/tr><tr><td>E7-7<\/td><td>Der Transistor als Schalter<\/td><\/tr><tr><td>E7-8<\/td><td>Die Basis-Kollektorstrom-Kennlinie eines Transistors<\/td><\/tr><tr><td>E7-9<\/td><td>Der Transistor als Verst\u00e4rker<\/td><\/tr><tr><td>E7-10<\/td><td>Der Ber\u00fchrungsschalter<\/td><\/tr><tr><td>E7-11<\/td><td>Die Spannung am Kondensator<\/td><\/tr><tr><td>E7-12<\/td><td>Der Multivibrator<\/td><\/tr><tr><td>E7-13<\/td><td>Spannungskennlinie des Operationsverst\u00e4rkers<\/td><\/tr><tr><td>E7-14<\/td><td>Nachweis des Erdmagnetfeldes<\/td><\/tr><\/tbody><\/table><\/figure>\n<\/div><\/div>\n\n\n\n<div class=\"wp-block-advgb-tab advgb-tab-body-container\"><div class=\"advgb-tab-body-header advgb-tab-class-undefined \" id=\"advgb-tab-panel-_bf82dc-18-3\" role=\"tabpanel\" aria-labelledby=\"advgb-tab-_bf82dc-18-3\" tabindex=\"0\"><span>Bilder<\/span><\/div><div class=\"advgb-tab-_bf82dc-18 advgb-tab-body\" aria-labelledby=\"advgb-tab-panel-_bf82dc-18-3\" style=\"display:none\"><div class=\"wp-block-image\">\n<figure class=\"aligncenter size-large is-resized\"><img loading=\"lazy\" decoding=\"async\" width=\"978\" height=\"1024\" src=\"https:\/\/mekruphy.com\/de\/wp-content\/uploads\/2021\/03\/E7-978x1024.jpg\" alt=\"Versuchsaufbau Elektrik 7\" class=\"wp-image-3102\" style=\"width:662px;height:693px\" srcset=\"https:\/\/mekruphy.com\/de\/wp-content\/uploads\/2021\/03\/E7-978x1024.jpg 978w, https:\/\/mekruphy.com\/de\/wp-content\/uploads\/2021\/03\/E7-286x300.jpg 286w, https:\/\/mekruphy.com\/de\/wp-content\/uploads\/2021\/03\/E7-768x804.jpg 768w, https:\/\/mekruphy.com\/de\/wp-content\/uploads\/2021\/03\/E7.jpg 1057w\" sizes=\"auto, (max-width: 978px) 100vw, 978px\" \/><\/figure>\n<\/div>\n\n\n<p>&nbsp;<\/p>\n\n\n<div class=\"wp-block-image\">\n<figure class=\"aligncenter size-large is-resized\"><img loading=\"lazy\" decoding=\"async\" width=\"1024\" height=\"1024\" src=\"https:\/\/mekruphy.com\/de\/wp-content\/uploads\/2021\/09\/E7_2-1024x1024.jpg\" alt=\"Nahaufnahme Schaltelement\" class=\"wp-image-3686\" style=\"width:511px;height:511px\" srcset=\"https:\/\/mekruphy.com\/de\/wp-content\/uploads\/2021\/09\/E7_2-1024x1024.jpg 1024w, https:\/\/mekruphy.com\/de\/wp-content\/uploads\/2021\/09\/E7_2-300x300.jpg 300w, https:\/\/mekruphy.com\/de\/wp-content\/uploads\/2021\/09\/E7_2-150x150.jpg 150w, https:\/\/mekruphy.com\/de\/wp-content\/uploads\/2021\/09\/E7_2-768x768.jpg 768w, https:\/\/mekruphy.com\/de\/wp-content\/uploads\/2021\/09\/E7_2-1536x1536.jpg 1536w, https:\/\/mekruphy.com\/de\/wp-content\/uploads\/2021\/09\/E7_2-2048x2048.jpg 2048w, https:\/\/mekruphy.com\/de\/wp-content\/uploads\/2021\/09\/E7_2-1600x1600.jpg 1600w\" sizes=\"auto, (max-width: 1024px) 100vw, 1024px\" \/><\/figure>\n<\/div>\n\n\n<p>&nbsp;<\/p>\n\n\n<div class=\"wp-block-image\">\n<figure class=\"aligncenter size-large is-resized\"><img loading=\"lazy\" decoding=\"async\" width=\"1024\" height=\"684\" src=\"https:\/\/mekruphy.com\/de\/wp-content\/uploads\/2021\/09\/E7_3-1024x684.jpg\" alt=\"Sch\u00fclerexperiment Physik Elektronik\" class=\"wp-image-3687\" style=\"width:741px;height:494px\" srcset=\"https:\/\/mekruphy.com\/de\/wp-content\/uploads\/2021\/09\/E7_3-1024x684.jpg 1024w, https:\/\/mekruphy.com\/de\/wp-content\/uploads\/2021\/09\/E7_3-300x200.jpg 300w, https:\/\/mekruphy.com\/de\/wp-content\/uploads\/2021\/09\/E7_3-768x513.jpg 768w, https:\/\/mekruphy.com\/de\/wp-content\/uploads\/2021\/09\/E7_3-1536x1025.jpg 1536w, https:\/\/mekruphy.com\/de\/wp-content\/uploads\/2021\/09\/E7_3-2048x1367.jpg 2048w, https:\/\/mekruphy.com\/de\/wp-content\/uploads\/2021\/09\/E7_3-1600x1068.jpg 1600w\" sizes=\"auto, (max-width: 1024px) 100vw, 1024px\" \/><\/figure>\n<\/div>\n\n\n<p><\/p>\n<\/div><\/div>\n<\/div><\/div>\n\n\n\n<p><\/p>\n<style class=\"advgb-styles-renderer\">.advgb-tabs-31e4547e-cbe4-4407-9f4e-397e3064cece ul.advgb-tabs-panel li.advgb-tab.advgb-tab-active {background-color:#5954d6 !important;color:#fff !important;}#advgb-tabs-31e4547e-cbe4-4407-9f4e-397e3064cece .advgb-tab-body-header.header-active, .advgb-tabs-31e4547e-cbe4-4407-9f4e-397e3064cece .advgb-tab-body-header.header-active{background-color:#5954d6 !important;color:#fff !important;}<\/style>","protected":false},"excerpt":{"rendered":"","protected":false},"author":3,"featured_media":3843,"parent":1262,"menu_order":0,"comment_status":"closed","ping_status":"closed","template":"templates\/product.php","meta":{"_acf_changed":false,"_coblocks_attr":"","_coblocks_dimensions":"","_coblocks_responsive_height":"","_coblocks_accordion_ie_support":"","_eb_attr":"","advgb_blocks_editor_width":"","advgb_blocks_columns_visual_guide":"","footnotes":""},"class_list":["post-428","page","type-page","status-publish","has-post-thumbnail","hentry"],"acf":[],"yoast_head":"<!-- This site is optimized with the Yoast SEO plugin v27.4 - https:\/\/yoast.com\/product\/yoast-seo-wordpress\/ -->\n<title>Experimentiersatz ELEKTRIK 7 - MEKRUPHY GmbH<\/title>\n<meta name=\"description\" content=\"ELEKTRIK 7 ist der ersten MEKRUPHY Experimentierkasten zur Elektronik und erm\u00f6glicht flexible Versuchsanordnungen der Schaltelemente.\" \/>\n<meta name=\"robots\" content=\"index, follow, max-snippet:-1, max-image-preview:large, max-video-preview:-1\" \/>\n<link rel=\"canonical\" href=\"https:\/\/mekruphy.com\/de\/produkte\/physik\/elektrik-elektronik\/experimentiersatz-elektrik-7\/\" \/>\n<meta property=\"og:locale\" content=\"de_DE\" \/>\n<meta property=\"og:type\" content=\"article\" \/>\n<meta property=\"og:title\" content=\"Experimentiersatz ELEKTRIK 7 - MEKRUPHY GmbH\" \/>\n<meta property=\"og:description\" content=\"ELEKTRIK 7 ist der ersten MEKRUPHY Experimentierkasten zur Elektronik und erm\u00f6glicht flexible Versuchsanordnungen der Schaltelemente.\" \/>\n<meta property=\"og:url\" content=\"https:\/\/mekruphy.com\/de\/produkte\/physik\/elektrik-elektronik\/experimentiersatz-elektrik-7\/\" \/>\n<meta property=\"og:site_name\" content=\"MEKRUPHY GmbH\" \/>\n<meta property=\"article:modified_time\" content=\"2026-04-01T08:14:05+00:00\" \/>\n<meta property=\"og:image\" content=\"https:\/\/mekruphy.com\/de\/wp-content\/uploads\/2021\/10\/E7_neu-scaled.jpg\" \/>\n\t<meta property=\"og:image:width\" content=\"2560\" \/>\n\t<meta property=\"og:image:height\" content=\"1958\" \/>\n\t<meta property=\"og:image:type\" content=\"image\/jpeg\" \/>\n<meta name=\"twitter:card\" content=\"summary_large_image\" \/>\n<meta name=\"twitter:label1\" content=\"Gesch\u00e4tzte Lesezeit\" \/>\n\t<meta name=\"twitter:data1\" content=\"4\u00a0Minuten\" \/>\n<script type=\"application\/ld+json\" class=\"yoast-schema-graph\">{\"@context\":\"https:\\\/\\\/schema.org\",\"@graph\":[{\"@type\":\"WebPage\",\"@id\":\"https:\\\/\\\/mekruphy.com\\\/de\\\/produkte\\\/physik\\\/elektrik-elektronik\\\/experimentiersatz-elektrik-7\\\/\",\"url\":\"https:\\\/\\\/mekruphy.com\\\/de\\\/produkte\\\/physik\\\/elektrik-elektronik\\\/experimentiersatz-elektrik-7\\\/\",\"name\":\"Experimentiersatz ELEKTRIK 7 - MEKRUPHY GmbH\",\"isPartOf\":{\"@id\":\"https:\\\/\\\/mekruphy.com\\\/de\\\/#website\"},\"primaryImageOfPage\":{\"@id\":\"https:\\\/\\\/mekruphy.com\\\/de\\\/produkte\\\/physik\\\/elektrik-elektronik\\\/experimentiersatz-elektrik-7\\\/#primaryimage\"},\"image\":{\"@id\":\"https:\\\/\\\/mekruphy.com\\\/de\\\/produkte\\\/physik\\\/elektrik-elektronik\\\/experimentiersatz-elektrik-7\\\/#primaryimage\"},\"thumbnailUrl\":\"https:\\\/\\\/mekruphy.com\\\/de\\\/wp-content\\\/uploads\\\/2021\\\/10\\\/E7_neu-scaled.jpg\",\"datePublished\":\"2020-07-15T10:50:10+00:00\",\"dateModified\":\"2026-04-01T08:14:05+00:00\",\"description\":\"ELEKTRIK 7 ist der ersten MEKRUPHY Experimentierkasten zur Elektronik und erm\u00f6glicht flexible Versuchsanordnungen der Schaltelemente.\",\"breadcrumb\":{\"@id\":\"https:\\\/\\\/mekruphy.com\\\/de\\\/produkte\\\/physik\\\/elektrik-elektronik\\\/experimentiersatz-elektrik-7\\\/#breadcrumb\"},\"inLanguage\":\"de\",\"potentialAction\":[{\"@type\":\"ReadAction\",\"target\":[\"https:\\\/\\\/mekruphy.com\\\/de\\\/produkte\\\/physik\\\/elektrik-elektronik\\\/experimentiersatz-elektrik-7\\\/\"]}]},{\"@type\":\"ImageObject\",\"inLanguage\":\"de\",\"@id\":\"https:\\\/\\\/mekruphy.com\\\/de\\\/produkte\\\/physik\\\/elektrik-elektronik\\\/experimentiersatz-elektrik-7\\\/#primaryimage\",\"url\":\"https:\\\/\\\/mekruphy.com\\\/de\\\/wp-content\\\/uploads\\\/2021\\\/10\\\/E7_neu-scaled.jpg\",\"contentUrl\":\"https:\\\/\\\/mekruphy.com\\\/de\\\/wp-content\\\/uploads\\\/2021\\\/10\\\/E7_neu-scaled.jpg\",\"width\":2560,\"height\":1958},{\"@type\":\"BreadcrumbList\",\"@id\":\"https:\\\/\\\/mekruphy.com\\\/de\\\/produkte\\\/physik\\\/elektrik-elektronik\\\/experimentiersatz-elektrik-7\\\/#breadcrumb\",\"itemListElement\":[{\"@type\":\"ListItem\",\"position\":1,\"name\":\"Startseite\",\"item\":\"https:\\\/\\\/mekruphy.com\\\/de\\\/\"},{\"@type\":\"ListItem\",\"position\":2,\"name\":\"Produkte\",\"item\":\"https:\\\/\\\/mekruphy.com\\\/de\\\/produkte\\\/\"},{\"@type\":\"ListItem\",\"position\":3,\"name\":\"Physik\",\"item\":\"https:\\\/\\\/mekruphy.com\\\/de\\\/produkte\\\/physik\\\/\"},{\"@type\":\"ListItem\",\"position\":4,\"name\":\"Elektrik \\\/ Elektronik\",\"item\":\"https:\\\/\\\/mekruphy.com\\\/de\\\/produkte\\\/physik\\\/elektrik-elektronik\\\/\"},{\"@type\":\"ListItem\",\"position\":5,\"name\":\"Experimentiersatz ELEKTRIK 7\"}]},{\"@type\":\"WebSite\",\"@id\":\"https:\\\/\\\/mekruphy.com\\\/de\\\/#website\",\"url\":\"https:\\\/\\\/mekruphy.com\\\/de\\\/\",\"name\":\"MEKRUPHY GmbH\",\"description\":\"Sch\u00fcler-Experimentierk\u00e4sten f\u00fcr den MINT-Unterricht\",\"potentialAction\":[{\"@type\":\"SearchAction\",\"target\":{\"@type\":\"EntryPoint\",\"urlTemplate\":\"https:\\\/\\\/mekruphy.com\\\/de\\\/?s={search_term_string}\"},\"query-input\":{\"@type\":\"PropertyValueSpecification\",\"valueRequired\":true,\"valueName\":\"search_term_string\"}}],\"inLanguage\":\"de\"}]}<\/script>\n<!-- \/ Yoast SEO plugin. -->","yoast_head_json":{"title":"Experimentiersatz ELEKTRIK 7 - MEKRUPHY GmbH","description":"ELEKTRIK 7 ist der ersten MEKRUPHY Experimentierkasten zur Elektronik und erm\u00f6glicht flexible Versuchsanordnungen der Schaltelemente.","robots":{"index":"index","follow":"follow","max-snippet":"max-snippet:-1","max-image-preview":"max-image-preview:large","max-video-preview":"max-video-preview:-1"},"canonical":"https:\/\/mekruphy.com\/de\/produkte\/physik\/elektrik-elektronik\/experimentiersatz-elektrik-7\/","og_locale":"de_DE","og_type":"article","og_title":"Experimentiersatz ELEKTRIK 7 - MEKRUPHY GmbH","og_description":"ELEKTRIK 7 ist der ersten MEKRUPHY Experimentierkasten zur Elektronik und erm\u00f6glicht flexible Versuchsanordnungen der Schaltelemente.","og_url":"https:\/\/mekruphy.com\/de\/produkte\/physik\/elektrik-elektronik\/experimentiersatz-elektrik-7\/","og_site_name":"MEKRUPHY GmbH","article_modified_time":"2026-04-01T08:14:05+00:00","og_image":[{"width":2560,"height":1958,"url":"https:\/\/mekruphy.com\/de\/wp-content\/uploads\/2021\/10\/E7_neu-scaled.jpg","type":"image\/jpeg"}],"twitter_card":"summary_large_image","twitter_misc":{"Gesch\u00e4tzte Lesezeit":"4\u00a0Minuten"},"schema":{"@context":"https:\/\/schema.org","@graph":[{"@type":"WebPage","@id":"https:\/\/mekruphy.com\/de\/produkte\/physik\/elektrik-elektronik\/experimentiersatz-elektrik-7\/","url":"https:\/\/mekruphy.com\/de\/produkte\/physik\/elektrik-elektronik\/experimentiersatz-elektrik-7\/","name":"Experimentiersatz ELEKTRIK 7 - MEKRUPHY GmbH","isPartOf":{"@id":"https:\/\/mekruphy.com\/de\/#website"},"primaryImageOfPage":{"@id":"https:\/\/mekruphy.com\/de\/produkte\/physik\/elektrik-elektronik\/experimentiersatz-elektrik-7\/#primaryimage"},"image":{"@id":"https:\/\/mekruphy.com\/de\/produkte\/physik\/elektrik-elektronik\/experimentiersatz-elektrik-7\/#primaryimage"},"thumbnailUrl":"https:\/\/mekruphy.com\/de\/wp-content\/uploads\/2021\/10\/E7_neu-scaled.jpg","datePublished":"2020-07-15T10:50:10+00:00","dateModified":"2026-04-01T08:14:05+00:00","description":"ELEKTRIK 7 ist der ersten MEKRUPHY Experimentierkasten zur Elektronik und erm\u00f6glicht flexible Versuchsanordnungen der Schaltelemente.","breadcrumb":{"@id":"https:\/\/mekruphy.com\/de\/produkte\/physik\/elektrik-elektronik\/experimentiersatz-elektrik-7\/#breadcrumb"},"inLanguage":"de","potentialAction":[{"@type":"ReadAction","target":["https:\/\/mekruphy.com\/de\/produkte\/physik\/elektrik-elektronik\/experimentiersatz-elektrik-7\/"]}]},{"@type":"ImageObject","inLanguage":"de","@id":"https:\/\/mekruphy.com\/de\/produkte\/physik\/elektrik-elektronik\/experimentiersatz-elektrik-7\/#primaryimage","url":"https:\/\/mekruphy.com\/de\/wp-content\/uploads\/2021\/10\/E7_neu-scaled.jpg","contentUrl":"https:\/\/mekruphy.com\/de\/wp-content\/uploads\/2021\/10\/E7_neu-scaled.jpg","width":2560,"height":1958},{"@type":"BreadcrumbList","@id":"https:\/\/mekruphy.com\/de\/produkte\/physik\/elektrik-elektronik\/experimentiersatz-elektrik-7\/#breadcrumb","itemListElement":[{"@type":"ListItem","position":1,"name":"Startseite","item":"https:\/\/mekruphy.com\/de\/"},{"@type":"ListItem","position":2,"name":"Produkte","item":"https:\/\/mekruphy.com\/de\/produkte\/"},{"@type":"ListItem","position":3,"name":"Physik","item":"https:\/\/mekruphy.com\/de\/produkte\/physik\/"},{"@type":"ListItem","position":4,"name":"Elektrik \/ Elektronik","item":"https:\/\/mekruphy.com\/de\/produkte\/physik\/elektrik-elektronik\/"},{"@type":"ListItem","position":5,"name":"Experimentiersatz ELEKTRIK 7"}]},{"@type":"WebSite","@id":"https:\/\/mekruphy.com\/de\/#website","url":"https:\/\/mekruphy.com\/de\/","name":"MEKRUPHY GmbH","description":"Sch\u00fcler-Experimentierk\u00e4sten f\u00fcr den MINT-Unterricht","potentialAction":[{"@type":"SearchAction","target":{"@type":"EntryPoint","urlTemplate":"https:\/\/mekruphy.com\/de\/?s={search_term_string}"},"query-input":{"@type":"PropertyValueSpecification","valueRequired":true,"valueName":"search_term_string"}}],"inLanguage":"de"}]}},"coauthors":[],"author_meta":{"author_link":"https:\/\/mekruphy.com\/de\/author\/steps-sync\/","display_name":"Steps Sync"},"relative_dates":{"created":"Ver\u00f6ffentlicht 6\u00a0Jahren vor","modified":"Aktualisiert 3\u00a0Wochen vor"},"absolute_dates":{"created":"Ver\u00f6ffentlicht am 15. Juli 2020","modified":"Aktualisiert am 1. April 2026"},"absolute_dates_time":{"created":"Ver\u00f6ffentlicht am 15. Juli 2020 12:50","modified":"Aktualisiert am 1. April 2026 10:14"},"featured_img_caption":"","featured_img":"https:\/\/mekruphy.com\/de\/wp-content\/uploads\/2021\/10\/E7_neu-scaled.jpg","series_order":"","_links":{"self":[{"href":"https:\/\/mekruphy.com\/de\/wp-json\/wp\/v2\/pages\/428","targetHints":{"allow":["GET"]}}],"collection":[{"href":"https:\/\/mekruphy.com\/de\/wp-json\/wp\/v2\/pages"}],"about":[{"href":"https:\/\/mekruphy.com\/de\/wp-json\/wp\/v2\/types\/page"}],"author":[{"embeddable":true,"href":"https:\/\/mekruphy.com\/de\/wp-json\/wp\/v2\/users\/3"}],"replies":[{"embeddable":true,"href":"https:\/\/mekruphy.com\/de\/wp-json\/wp\/v2\/comments?post=428"}],"version-history":[{"count":23,"href":"https:\/\/mekruphy.com\/de\/wp-json\/wp\/v2\/pages\/428\/revisions"}],"predecessor-version":[{"id":9558,"href":"https:\/\/mekruphy.com\/de\/wp-json\/wp\/v2\/pages\/428\/revisions\/9558"}],"up":[{"embeddable":true,"href":"https:\/\/mekruphy.com\/de\/wp-json\/wp\/v2\/pages\/1262"}],"wp:featuredmedia":[{"embeddable":true,"href":"https:\/\/mekruphy.com\/de\/wp-json\/wp\/v2\/media\/3843"}],"wp:attachment":[{"href":"https:\/\/mekruphy.com\/de\/wp-json\/wp\/v2\/media?parent=428"}],"curies":[{"name":"wp","href":"https:\/\/api.w.org\/{rel}","templated":true}]}}