{"id":432,"date":"2020-07-15T12:50:18","date_gmt":"2020-07-15T10:50:18","guid":{"rendered":"https:\/\/mekruphy.com\/de\/experimentiersatz-waerme-1\/"},"modified":"2026-04-01T10:35:14","modified_gmt":"2026-04-01T08:35:14","slug":"experimentiersatz-waerme-1","status":"publish","type":"page","link":"https:\/\/mekruphy.com\/de\/produkte\/physik\/waerme-energie-radioaktivitaet\/experimentiersatz-waerme-1\/","title":{"rendered":"Experimentiersatz W\u00c4RME 1"},"content":{"rendered":"<div class=\"yoast-breadcrumbs breadcrumbs-indented\"><span><span><a href=\"https:\/\/mekruphy.com\/de\/\">Startseite<\/a><\/span> \u00bb <span><a href=\"https:\/\/mekruphy.com\/de\/produkte\/\">Produkte<\/a><\/span> \u00bb <span><a href=\"https:\/\/mekruphy.com\/de\/produkte\/physik\/\">Physik<\/a><\/span> \u00bb <span><a href=\"https:\/\/mekruphy.com\/de\/produkte\/physik\/waerme-energie-radioaktivitaet\/\">W\u00e4rme \/ Energie \/ Radioaktivit\u00e4t<\/a><\/span> \u00bb <span class=\"breadcrumb_last\" aria-current=\"page\">Experimentiersatz W\u00c4RME 1<\/span><\/span><\/div>\n\n\n<div class=\"wp-block-advgb-adv-tabs advgb-tabs-wrapper advgb-tab-horz-desktop advgb-tab-vert-tablet advgb-tab-stack-mobile advgb-tabs-76477bd7-ebee-4967-8da1-ce2e82c4d7c6\" data-tab-active=\"0\"><ul class=\"advgb-tabs-panel\" role=\"tablist\"><li class=\"advgb-tab advgb-tab-active\" role=\"presentation\" style=\"background-color:#e0e0e0;border-style:solid;border-width:1px;border-radius:10px\"><button class=\"advgb-tab-button\" id=\"advgb-tab-_477bd7-eb-0\" aria-controls=\"advgb-tab-panel-_477bd7-eb-0\" role=\"tab\" aria-selected=\"true\" tabindex=\"0\" style=\"color:#fff;background:none;border:none;width:100%;text-align:inherit;cursor:pointer;padding:8px 16px;font:inherit\"><span>Beschreibung<\/span><\/button><\/li><li class=\"advgb-tab \" role=\"presentation\" style=\"background-color:#e0e0e0;border-style:solid;border-width:1px;border-radius:10px\"><button class=\"advgb-tab-button\" id=\"advgb-tab-_477bd7-eb-1\" aria-controls=\"advgb-tab-panel-_477bd7-eb-1\" role=\"tab\" aria-selected=\"false\" tabindex=\"0\" style=\"color:#fff;background:none;border:none;width:100%;text-align:inherit;cursor:pointer;padding:8px 16px;font:inherit\"><span>Lieferumfang<\/span><\/button><\/li><li class=\"advgb-tab \" role=\"presentation\" style=\"background-color:#e0e0e0;border-style:solid;border-width:1px;border-radius:10px\"><button class=\"advgb-tab-button\" id=\"advgb-tab-_477bd7-eb-2\" aria-controls=\"advgb-tab-panel-_477bd7-eb-2\" role=\"tab\" aria-selected=\"false\" tabindex=\"0\" style=\"color:#fff;background:none;border:none;width:100%;text-align:inherit;cursor:pointer;padding:8px 16px;font:inherit\"><span>Experimente<\/span><\/button><\/li><li class=\"advgb-tab \" role=\"presentation\" style=\"background-color:#e0e0e0;border-style:solid;border-width:1px;border-radius:10px\"><button class=\"advgb-tab-button\" id=\"advgb-tab-_477bd7-eb-3\" aria-controls=\"advgb-tab-panel-_477bd7-eb-3\" role=\"tab\" aria-selected=\"false\" tabindex=\"0\" style=\"color:#fff;background:none;border:none;width:100%;text-align:inherit;cursor:pointer;padding:8px 16px;font:inherit\"><span>Bilder<\/span><\/button><\/li><\/ul><div class=\"advgb-tab-body-wrapper\" style=\"border-style:solid;border-width:1px;border-radius:10px\">\n<div class=\"wp-block-advgb-tab advgb-tab-body-container\"><div class=\"advgb-tab-body-header advgb-tab-class- \" id=\"advgb-tab-panel-_bf82dc-18-0\" role=\"tabpanel\" aria-labelledby=\"advgb-tab-_bf82dc-18-0\" tabindex=\"0\"><span>Beschreibung<\/span><\/div><div class=\"advgb-tab-_bf82dc-18 advgb-tab-body\" aria-labelledby=\"advgb-tab-panel-_bf82dc-18-0\" style=\"display:none\">\n<h2 class=\"wp-block-heading\">Einf\u00fchrung in die W\u00e4rmelehre und in die Welt des Messens<\/h2>\n\n\n\n<p>Der Experimentiersatz W\u00c4RME 1 ist besonders f\u00fcr den Anfangsunterricht geeignet, weil er nur Themen behandelt, bei denen mathematische Zusammenh\u00e4nge in den Hintergrund treten.<\/p>\n\n\n\n<p> &nbsp;<\/p>\n\n\n\n<p>In einfachen und spannenden Experimenten lernen die Sch\u00fclerinnen und Sch\u00fcller<\/p>\n\n\n\n<ul class=\"wp-block-list\"><li>gute und schlechte W\u00e4rmeleiter kennen<\/li><li>den Vorteil von Kleidung aus Wolle<\/li><li>auf welche Arten W\u00e4rme transportiert wird<\/li><li>warum wei\u00dfe und schwarze K\u00f6rper ein unterschiedliches W\u00e4rmeverhalten haben<\/li><li>warum die W\u00e4rmed\u00e4mmung von Geb\u00e4uden n\u00f6tig ist<\/li><\/ul>\n\n\n\n<p>Beeindruckt von der Unzuverl\u00e4ssigkeit des menschlichen W\u00e4rmeempfindens machen sich die Sch\u00fclerinnen und Sch\u00fcler mit dem Kasten W\u00c4RME 1 auf die experimentelle Suche nach einem zweckm\u00e4\u00dfigen Ger\u00e4t und einer geeigneten Einheit f\u00fcr die Temperaturmessung.<\/p>\n\n\n\n<h2 class=\"wp-block-heading\">Sicherheit<\/h2>\n\n\n\n<p>Als W\u00e4rmequellen dienen f\u00fcr den Experimentiersatz W\u00c4RME 1 hei\u00dfes Leitungswasser und das Teelicht. Beim Experimentieren mit dem Teelicht wird eine feuerfeste Unterlage verwendet, die im Lieferumfang enthalten ist. So sind Sch\u00fclerexperimente zur W\u00e4rme weitgehend gefahrlos m\u00f6glich.<\/p>\n\n\n\n<p><\/p>\n\n\n\n<h3 class=\"wp-block-heading\" id=\"h-begleitmaterialien\">Begleitmaterialien<\/h3>\n\n\n\n<p>Passend zum Experimentiersatz W\u00c4RME 1 sind auch ein <a href=\"https:\/\/mekruphy.com\/de\/produkte\/physik\/physik-arbeitshefte\/\">Sch\u00fclerheft<\/a> und ein <a href=\"https:\/\/mekruphy.com\/de\/produkte\/physik\/physik-arbeitshefte\/\">Lehrerheft<\/a> mit didaktischen Anweisungen und L\u00f6sungen in analoger Form erh\u00e4ltlich. Das Sch\u00fclerheft ist auch in digitaler Form erwerbbar.<\/p>\n<\/div><\/div>\n\n\n\n<div class=\"wp-block-advgb-tab advgb-tab-body-container\"><div class=\"advgb-tab-body-header advgb-tab-class- header-active\" id=\"advgb-tab-panel-_bf82dc-18-1\" role=\"tabpanel\" aria-labelledby=\"advgb-tab-_bf82dc-18-1\" tabindex=\"0\"><span>Lieferumfang<\/span><\/div><div class=\"advgb-tab-_bf82dc-18 advgb-tab-body\" aria-labelledby=\"advgb-tab-panel-_bf82dc-18-1\" style=\"display:block\">\n<figure class=\"wp-block-table table-product-contents\"><table><tbody><tr><td>01.01.10<\/td><td>Aufbewahrungskasten<\/td><\/tr><tr><td>44.02.00<\/td><td>Ger\u00e4tegeformter Einsatz W1<\/td><\/tr><tr><td>11.03.00<\/td><td>Digitalthermometer EN (-40\u00b0\/+70\u00b0C) (2 St\u00fcck)<\/td><\/tr><tr><td>01.04.00<\/td><td>Kunststoffbecher 250 ml<\/td><\/tr><tr><td>43.06.00<\/td><td>Kunststoffbecher 100 ml (2 St\u00fcck)<\/td><\/tr><tr><td>43.07.00<\/td><td>Vierkantmuffe P3<\/td><\/tr><tr><td>44.08.10<\/td><td>Lagerblock<\/td><\/tr><tr><td>44.08.20<\/td><td>Auflagerblock<\/td><\/tr><tr><td>44.08.30<\/td><td>Aluminiumstab lang<\/td><\/tr><tr><td>44.08.40<\/td><td>Zeiger<\/td><\/tr><tr><td>44.09.00<\/td><td>Bimetallstreifen<\/td><\/tr><tr><td>44.10.00<\/td><td>Thermometer ohne Skala<\/td><\/tr><tr><td>44.11.10<\/td><td>Erlenmeyerkolben W1<\/td><\/tr><tr><td>44.11.20<\/td><td>Gummistopfen mit Bohrung<\/td><\/tr><tr><td>44.11.30<\/td><td>Schlauchverbinder<\/td><\/tr><tr><td>44.11.40<\/td><td>Silikonschlauch \u00d8 7 x 500 mm<\/td><\/tr><tr><td>44.12.10<\/td><td>Kupferstab<\/td><\/tr><tr><td>44.12.20<\/td><td>Aluminiumstab<\/td><\/tr><tr><td>44.12.30<\/td><td>Kunststoffstab<\/td><\/tr><tr><td>44.13.00<\/td><td>W\u00e4rmestr\u00f6mungsrohr<\/td><\/tr><tr><td>44.14.00<\/td><td>Isolierbox W1<\/td><\/tr><tr><td>11.14.40<\/td><td>Deckel f\u00fcr Isolierbox<\/td><\/tr><tr><td>44.15.00<\/td><td>Teelicht<\/td><\/tr><tr><td>43.17.00<\/td><td>Stativstange P3<\/td><\/tr><tr><td>44.18.00<\/td><td>Feuerfeste Unterlage<\/td><\/tr><tr><td>17.19.00<\/td><td>Stativklemme<\/td><\/tr><tr><td>07.20.00<\/td><td>Wolltuch<\/td><\/tr><tr><td>44.21.10<\/td><td>Aluminiumw\u00fcrfel wei\u00df<\/td><\/tr><tr><td>44.21.20<\/td><td>Aluminiumw\u00fcrfel schwarz<\/td><\/tr><tr><td>11.25.10<\/td><td>Aluminiumw\u00fcrfel (2 St\u00fcck)<\/td><\/tr><\/tbody><\/table><\/figure>\n\n\n\n<p><\/p>\n<\/div><\/div>\n\n\n\n<div class=\"wp-block-advgb-tab advgb-tab-body-container\"><div class=\"advgb-tab-body-header advgb-tab-class- \" id=\"advgb-tab-panel-_bf82dc-18-2\" role=\"tabpanel\" aria-labelledby=\"advgb-tab-_bf82dc-18-2\" tabindex=\"0\"><span>Experimente<\/span><\/div><div class=\"advgb-tab-_bf82dc-18 advgb-tab-body\" aria-labelledby=\"advgb-tab-panel-_bf82dc-18-2\" style=\"display:none\">\n<p><\/p>\n\n\n\n<figure class=\"wp-block-table table-product-experiments\"><table><tbody><tr><td>W1-1<\/td><td>Subjektives W\u00e4rmeempfinden<\/td><\/tr><tr><td>W1-2<\/td><td>Ausdehnung von Fl\u00fcssigkeiten<\/td><\/tr><tr><td>W1-3<\/td><td>Kalibrierung eines Fl\u00fcssigkeitsthermometers<\/td><\/tr><tr><td>W1-4<\/td><td>Ausdehnung von Luft<\/td><\/tr><tr><td>W1-5<\/td><td>Ausdehnung von festen Stoffen<\/td><\/tr><tr><td>W1-6<\/td><td>Wie funktioniert ein Bimetall?<\/td><\/tr><tr><td>W1-7<\/td><td>Wie wandert W\u00e4rme?<\/td><\/tr><tr><td>W1-8<\/td><td>W\u00e4rmeleitung<\/td><\/tr><tr><td>W1-9<\/td><td>W\u00e4rmestr\u00f6mung<\/td><\/tr><tr><td>W1-10<\/td><td>Schwarze und wei\u00dfe K\u00f6rper<\/td><\/tr><tr><td>W1-11<\/td><td>W\u00e4rmed\u00e4mmung 1<\/td><\/tr><tr><td>W1-12<\/td><td>W\u00e4rmed\u00e4mmung 2<\/td><\/tr><tr><td>W1-13<\/td><td>Was macht das Salz mit dem Eis?<\/td><\/tr><tr><td>W1-14<\/td><td>Aufbau einer Flamme<\/td><\/tr><tr><td>W1-15<\/td><td>Brownsche Molekularbewegung<\/td><\/tr><\/tbody><\/table><\/figure>\n<\/div><\/div>\n\n\n\n<div class=\"wp-block-advgb-tab advgb-tab-body-container\"><div class=\"advgb-tab-body-header advgb-tab-class-undefined \" id=\"advgb-tab-panel-_bf82dc-18-3\" role=\"tabpanel\" aria-labelledby=\"advgb-tab-_bf82dc-18-3\" tabindex=\"0\"><span>Bilder<\/span><\/div><div class=\"advgb-tab-_bf82dc-18 advgb-tab-body\" aria-labelledby=\"advgb-tab-panel-_bf82dc-18-3\" style=\"display:none\"><div class=\"wp-block-image\">\n<figure class=\"aligncenter size-large is-resized\"><img loading=\"lazy\" decoding=\"async\" width=\"464\" height=\"478\" src=\"https:\/\/mekruphy.com\/de\/wp-content\/uploads\/2021\/03\/W1_1.jpg\" alt=\"Sch\u00fclerexperiment W\u00e4rme\" class=\"wp-image-3001\" style=\"width:511px;height:527px\" srcset=\"https:\/\/mekruphy.com\/de\/wp-content\/uploads\/2021\/03\/W1_1.jpg 464w, https:\/\/mekruphy.com\/de\/wp-content\/uploads\/2021\/03\/W1_1-291x300.jpg 291w\" sizes=\"auto, (max-width: 464px) 100vw, 464px\" \/><\/figure>\n<\/div>\n\n\n<p>&nbsp;<\/p>\n\n\n<div class=\"wp-block-image\">\n<figure class=\"aligncenter size-large is-resized\"><img loading=\"lazy\" decoding=\"async\" width=\"351\" height=\"377\" src=\"https:\/\/mekruphy.com\/de\/wp-content\/uploads\/2021\/03\/W1_2.png\" alt=\"Sch\u00fclerversuch W\u00e4rme\" class=\"wp-image-3002\" style=\"width:511px;height:549px\" srcset=\"https:\/\/mekruphy.com\/de\/wp-content\/uploads\/2021\/03\/W1_2.png 351w, https:\/\/mekruphy.com\/de\/wp-content\/uploads\/2021\/03\/W1_2-279x300.png 279w\" sizes=\"auto, (max-width: 351px) 100vw, 351px\" \/><\/figure>\n<\/div>\n\n\n<p>&nbsp;<\/p>\n\n\n<div class=\"wp-block-image\">\n<figure class=\"aligncenter size-large is-resized\"><img loading=\"lazy\" decoding=\"async\" width=\"506\" height=\"337\" src=\"https:\/\/mekruphy.com\/de\/wp-content\/uploads\/2021\/03\/W1_3.png\" alt=\"W\u00e4rmelehre\" class=\"wp-image-3003\" style=\"width:666px;height:444px\" srcset=\"https:\/\/mekruphy.com\/de\/wp-content\/uploads\/2021\/03\/W1_3.png 506w, https:\/\/mekruphy.com\/de\/wp-content\/uploads\/2021\/03\/W1_3-300x200.png 300w\" sizes=\"auto, (max-width: 506px) 100vw, 506px\" \/><\/figure>\n<\/div><\/div><\/div>\n<\/div><\/div>\n<style class=\"advgb-styles-renderer\">.advgb-tabs-76477bd7-ebee-4967-8da1-ce2e82c4d7c6 ul.advgb-tabs-panel li.advgb-tab.advgb-tab-active {background-color:#5954d6 !important;color:#fff !important;}#advgb-tabs-76477bd7-ebee-4967-8da1-ce2e82c4d7c6 .advgb-tab-body-header.header-active, .advgb-tabs-76477bd7-ebee-4967-8da1-ce2e82c4d7c6 .advgb-tab-body-header.header-active{background-color:#5954d6 !important;color:#fff !important;}<\/style>","protected":false},"excerpt":{"rendered":"","protected":false},"author":3,"featured_media":3566,"parent":615,"menu_order":0,"comment_status":"closed","ping_status":"closed","template":"templates\/product.php","meta":{"_acf_changed":false,"_coblocks_attr":"","_coblocks_dimensions":"","_coblocks_responsive_height":"","_coblocks_accordion_ie_support":"","_eb_attr":"","advgb_blocks_editor_width":"","advgb_blocks_columns_visual_guide":"","footnotes":""},"class_list":["post-432","page","type-page","status-publish","has-post-thumbnail","hentry"],"acf":[],"yoast_head":"<!-- This site is optimized with the Yoast SEO plugin v27.4 - https:\/\/yoast.com\/product\/yoast-seo-wordpress\/ -->\n<title>Experimentiersatz W\u00c4RME 1 - MEKRUPHY GmbH<\/title>\n<meta name=\"description\" content=\"Im Experimentiersatz W\u00c4RME 1 findet man vorwie\u00adgend Themen, bei denen mathematische Zu\u00adsammenh\u00e4nge eher in den Hintergrund treten.\" \/>\n<meta name=\"robots\" content=\"index, follow, max-snippet:-1, max-image-preview:large, max-video-preview:-1\" \/>\n<link rel=\"canonical\" href=\"https:\/\/mekruphy.com\/de\/produkte\/physik\/waerme-energie-radioaktivitaet\/experimentiersatz-waerme-1\/\" \/>\n<meta property=\"og:locale\" content=\"de_DE\" \/>\n<meta property=\"og:type\" content=\"article\" \/>\n<meta property=\"og:title\" content=\"Experimentiersatz W\u00c4RME 1 - MEKRUPHY GmbH\" \/>\n<meta property=\"og:description\" content=\"Im Experimentiersatz W\u00c4RME 1 findet man vorwie\u00adgend Themen, bei denen mathematische Zu\u00adsammenh\u00e4nge eher in den Hintergrund treten.\" \/>\n<meta property=\"og:url\" content=\"https:\/\/mekruphy.com\/de\/produkte\/physik\/waerme-energie-radioaktivitaet\/experimentiersatz-waerme-1\/\" \/>\n<meta property=\"og:site_name\" content=\"MEKRUPHY GmbH\" \/>\n<meta property=\"article:modified_time\" content=\"2026-04-01T08:35:14+00:00\" \/>\n<meta property=\"og:image\" content=\"https:\/\/mekruphy.com\/de\/wp-content\/uploads\/2021\/05\/W1-scaled-e1620122807351.jpg\" \/>\n\t<meta property=\"og:image:width\" content=\"2560\" \/>\n\t<meta property=\"og:image:height\" content=\"1976\" \/>\n\t<meta property=\"og:image:type\" content=\"image\/jpeg\" \/>\n<meta name=\"twitter:card\" content=\"summary_large_image\" \/>\n<meta name=\"twitter:label1\" content=\"Gesch\u00e4tzte Lesezeit\" \/>\n\t<meta name=\"twitter:data1\" content=\"4\u00a0Minuten\" \/>\n<script type=\"application\/ld+json\" class=\"yoast-schema-graph\">{\"@context\":\"https:\\\/\\\/schema.org\",\"@graph\":[{\"@type\":\"WebPage\",\"@id\":\"https:\\\/\\\/mekruphy.com\\\/de\\\/produkte\\\/physik\\\/waerme-energie-radioaktivitaet\\\/experimentiersatz-waerme-1\\\/\",\"url\":\"https:\\\/\\\/mekruphy.com\\\/de\\\/produkte\\\/physik\\\/waerme-energie-radioaktivitaet\\\/experimentiersatz-waerme-1\\\/\",\"name\":\"Experimentiersatz W\u00c4RME 1 - MEKRUPHY GmbH\",\"isPartOf\":{\"@id\":\"https:\\\/\\\/mekruphy.com\\\/de\\\/#website\"},\"primaryImageOfPage\":{\"@id\":\"https:\\\/\\\/mekruphy.com\\\/de\\\/produkte\\\/physik\\\/waerme-energie-radioaktivitaet\\\/experimentiersatz-waerme-1\\\/#primaryimage\"},\"image\":{\"@id\":\"https:\\\/\\\/mekruphy.com\\\/de\\\/produkte\\\/physik\\\/waerme-energie-radioaktivitaet\\\/experimentiersatz-waerme-1\\\/#primaryimage\"},\"thumbnailUrl\":\"https:\\\/\\\/mekruphy.com\\\/de\\\/wp-content\\\/uploads\\\/2021\\\/05\\\/W1-scaled-e1620122807351.jpg\",\"datePublished\":\"2020-07-15T10:50:18+00:00\",\"dateModified\":\"2026-04-01T08:35:14+00:00\",\"description\":\"Im Experimentiersatz W\u00c4RME 1 findet man vorwie\u00adgend Themen, bei denen mathematische Zu\u00adsammenh\u00e4nge eher in den Hintergrund treten.\",\"breadcrumb\":{\"@id\":\"https:\\\/\\\/mekruphy.com\\\/de\\\/produkte\\\/physik\\\/waerme-energie-radioaktivitaet\\\/experimentiersatz-waerme-1\\\/#breadcrumb\"},\"inLanguage\":\"de\",\"potentialAction\":[{\"@type\":\"ReadAction\",\"target\":[\"https:\\\/\\\/mekruphy.com\\\/de\\\/produkte\\\/physik\\\/waerme-energie-radioaktivitaet\\\/experimentiersatz-waerme-1\\\/\"]}]},{\"@type\":\"ImageObject\",\"inLanguage\":\"de\",\"@id\":\"https:\\\/\\\/mekruphy.com\\\/de\\\/produkte\\\/physik\\\/waerme-energie-radioaktivitaet\\\/experimentiersatz-waerme-1\\\/#primaryimage\",\"url\":\"https:\\\/\\\/mekruphy.com\\\/de\\\/wp-content\\\/uploads\\\/2021\\\/05\\\/W1-scaled-e1620122807351.jpg\",\"contentUrl\":\"https:\\\/\\\/mekruphy.com\\\/de\\\/wp-content\\\/uploads\\\/2021\\\/05\\\/W1-scaled-e1620122807351.jpg\",\"width\":2560,\"height\":1976},{\"@type\":\"BreadcrumbList\",\"@id\":\"https:\\\/\\\/mekruphy.com\\\/de\\\/produkte\\\/physik\\\/waerme-energie-radioaktivitaet\\\/experimentiersatz-waerme-1\\\/#breadcrumb\",\"itemListElement\":[{\"@type\":\"ListItem\",\"position\":1,\"name\":\"Startseite\",\"item\":\"https:\\\/\\\/mekruphy.com\\\/de\\\/\"},{\"@type\":\"ListItem\",\"position\":2,\"name\":\"Produkte\",\"item\":\"https:\\\/\\\/mekruphy.com\\\/de\\\/produkte\\\/\"},{\"@type\":\"ListItem\",\"position\":3,\"name\":\"Physik\",\"item\":\"https:\\\/\\\/mekruphy.com\\\/de\\\/produkte\\\/physik\\\/\"},{\"@type\":\"ListItem\",\"position\":4,\"name\":\"W\u00e4rme \\\/ Energie \\\/ Radioaktivit\u00e4t\",\"item\":\"https:\\\/\\\/mekruphy.com\\\/de\\\/produkte\\\/physik\\\/waerme-energie-radioaktivitaet\\\/\"},{\"@type\":\"ListItem\",\"position\":5,\"name\":\"Experimentiersatz W\u00c4RME 1\"}]},{\"@type\":\"WebSite\",\"@id\":\"https:\\\/\\\/mekruphy.com\\\/de\\\/#website\",\"url\":\"https:\\\/\\\/mekruphy.com\\\/de\\\/\",\"name\":\"MEKRUPHY GmbH\",\"description\":\"Sch\u00fcler-Experimentierk\u00e4sten f\u00fcr den MINT-Unterricht\",\"potentialAction\":[{\"@type\":\"SearchAction\",\"target\":{\"@type\":\"EntryPoint\",\"urlTemplate\":\"https:\\\/\\\/mekruphy.com\\\/de\\\/?s={search_term_string}\"},\"query-input\":{\"@type\":\"PropertyValueSpecification\",\"valueRequired\":true,\"valueName\":\"search_term_string\"}}],\"inLanguage\":\"de\"}]}<\/script>\n<!-- \/ Yoast SEO plugin. -->","yoast_head_json":{"title":"Experimentiersatz W\u00c4RME 1 - MEKRUPHY GmbH","description":"Im Experimentiersatz W\u00c4RME 1 findet man vorwie\u00adgend Themen, bei denen mathematische Zu\u00adsammenh\u00e4nge eher in den Hintergrund treten.","robots":{"index":"index","follow":"follow","max-snippet":"max-snippet:-1","max-image-preview":"max-image-preview:large","max-video-preview":"max-video-preview:-1"},"canonical":"https:\/\/mekruphy.com\/de\/produkte\/physik\/waerme-energie-radioaktivitaet\/experimentiersatz-waerme-1\/","og_locale":"de_DE","og_type":"article","og_title":"Experimentiersatz W\u00c4RME 1 - MEKRUPHY GmbH","og_description":"Im Experimentiersatz W\u00c4RME 1 findet man vorwie\u00adgend Themen, bei denen mathematische Zu\u00adsammenh\u00e4nge eher in den Hintergrund treten.","og_url":"https:\/\/mekruphy.com\/de\/produkte\/physik\/waerme-energie-radioaktivitaet\/experimentiersatz-waerme-1\/","og_site_name":"MEKRUPHY GmbH","article_modified_time":"2026-04-01T08:35:14+00:00","og_image":[{"width":2560,"height":1976,"url":"https:\/\/mekruphy.com\/de\/wp-content\/uploads\/2021\/05\/W1-scaled-e1620122807351.jpg","type":"image\/jpeg"}],"twitter_card":"summary_large_image","twitter_misc":{"Gesch\u00e4tzte Lesezeit":"4\u00a0Minuten"},"schema":{"@context":"https:\/\/schema.org","@graph":[{"@type":"WebPage","@id":"https:\/\/mekruphy.com\/de\/produkte\/physik\/waerme-energie-radioaktivitaet\/experimentiersatz-waerme-1\/","url":"https:\/\/mekruphy.com\/de\/produkte\/physik\/waerme-energie-radioaktivitaet\/experimentiersatz-waerme-1\/","name":"Experimentiersatz W\u00c4RME 1 - MEKRUPHY GmbH","isPartOf":{"@id":"https:\/\/mekruphy.com\/de\/#website"},"primaryImageOfPage":{"@id":"https:\/\/mekruphy.com\/de\/produkte\/physik\/waerme-energie-radioaktivitaet\/experimentiersatz-waerme-1\/#primaryimage"},"image":{"@id":"https:\/\/mekruphy.com\/de\/produkte\/physik\/waerme-energie-radioaktivitaet\/experimentiersatz-waerme-1\/#primaryimage"},"thumbnailUrl":"https:\/\/mekruphy.com\/de\/wp-content\/uploads\/2021\/05\/W1-scaled-e1620122807351.jpg","datePublished":"2020-07-15T10:50:18+00:00","dateModified":"2026-04-01T08:35:14+00:00","description":"Im Experimentiersatz W\u00c4RME 1 findet man vorwie\u00adgend Themen, bei denen mathematische Zu\u00adsammenh\u00e4nge eher in den Hintergrund treten.","breadcrumb":{"@id":"https:\/\/mekruphy.com\/de\/produkte\/physik\/waerme-energie-radioaktivitaet\/experimentiersatz-waerme-1\/#breadcrumb"},"inLanguage":"de","potentialAction":[{"@type":"ReadAction","target":["https:\/\/mekruphy.com\/de\/produkte\/physik\/waerme-energie-radioaktivitaet\/experimentiersatz-waerme-1\/"]}]},{"@type":"ImageObject","inLanguage":"de","@id":"https:\/\/mekruphy.com\/de\/produkte\/physik\/waerme-energie-radioaktivitaet\/experimentiersatz-waerme-1\/#primaryimage","url":"https:\/\/mekruphy.com\/de\/wp-content\/uploads\/2021\/05\/W1-scaled-e1620122807351.jpg","contentUrl":"https:\/\/mekruphy.com\/de\/wp-content\/uploads\/2021\/05\/W1-scaled-e1620122807351.jpg","width":2560,"height":1976},{"@type":"BreadcrumbList","@id":"https:\/\/mekruphy.com\/de\/produkte\/physik\/waerme-energie-radioaktivitaet\/experimentiersatz-waerme-1\/#breadcrumb","itemListElement":[{"@type":"ListItem","position":1,"name":"Startseite","item":"https:\/\/mekruphy.com\/de\/"},{"@type":"ListItem","position":2,"name":"Produkte","item":"https:\/\/mekruphy.com\/de\/produkte\/"},{"@type":"ListItem","position":3,"name":"Physik","item":"https:\/\/mekruphy.com\/de\/produkte\/physik\/"},{"@type":"ListItem","position":4,"name":"W\u00e4rme \/ Energie \/ Radioaktivit\u00e4t","item":"https:\/\/mekruphy.com\/de\/produkte\/physik\/waerme-energie-radioaktivitaet\/"},{"@type":"ListItem","position":5,"name":"Experimentiersatz W\u00c4RME 1"}]},{"@type":"WebSite","@id":"https:\/\/mekruphy.com\/de\/#website","url":"https:\/\/mekruphy.com\/de\/","name":"MEKRUPHY GmbH","description":"Sch\u00fcler-Experimentierk\u00e4sten f\u00fcr den MINT-Unterricht","potentialAction":[{"@type":"SearchAction","target":{"@type":"EntryPoint","urlTemplate":"https:\/\/mekruphy.com\/de\/?s={search_term_string}"},"query-input":{"@type":"PropertyValueSpecification","valueRequired":true,"valueName":"search_term_string"}}],"inLanguage":"de"}]}},"coauthors":[],"author_meta":{"author_link":"https:\/\/mekruphy.com\/de\/author\/steps-sync\/","display_name":"Steps Sync"},"relative_dates":{"created":"Ver\u00f6ffentlicht 6\u00a0Jahren vor","modified":"Aktualisiert 4\u00a0Wochen vor"},"absolute_dates":{"created":"Ver\u00f6ffentlicht am 15. Juli 2020","modified":"Aktualisiert am 1. April 2026"},"absolute_dates_time":{"created":"Ver\u00f6ffentlicht am 15. Juli 2020 12:50","modified":"Aktualisiert am 1. April 2026 10:35"},"featured_img_caption":"","featured_img":"https:\/\/mekruphy.com\/de\/wp-content\/uploads\/2021\/05\/W1-scaled-e1620122807351.jpg","series_order":"","_links":{"self":[{"href":"https:\/\/mekruphy.com\/de\/wp-json\/wp\/v2\/pages\/432","targetHints":{"allow":["GET"]}}],"collection":[{"href":"https:\/\/mekruphy.com\/de\/wp-json\/wp\/v2\/pages"}],"about":[{"href":"https:\/\/mekruphy.com\/de\/wp-json\/wp\/v2\/types\/page"}],"author":[{"embeddable":true,"href":"https:\/\/mekruphy.com\/de\/wp-json\/wp\/v2\/users\/3"}],"replies":[{"embeddable":true,"href":"https:\/\/mekruphy.com\/de\/wp-json\/wp\/v2\/comments?post=432"}],"version-history":[{"count":17,"href":"https:\/\/mekruphy.com\/de\/wp-json\/wp\/v2\/pages\/432\/revisions"}],"predecessor-version":[{"id":9572,"href":"https:\/\/mekruphy.com\/de\/wp-json\/wp\/v2\/pages\/432\/revisions\/9572"}],"up":[{"embeddable":true,"href":"https:\/\/mekruphy.com\/de\/wp-json\/wp\/v2\/pages\/615"}],"wp:featuredmedia":[{"embeddable":true,"href":"https:\/\/mekruphy.com\/de\/wp-json\/wp\/v2\/media\/3566"}],"wp:attachment":[{"href":"https:\/\/mekruphy.com\/de\/wp-json\/wp\/v2\/media?parent=432"}],"curies":[{"name":"wp","href":"https:\/\/api.w.org\/{rel}","templated":true}]}}