{"id":436,"date":"2020-07-15T12:50:32","date_gmt":"2020-07-15T10:50:32","guid":{"rendered":"https:\/\/mekruphy.com\/de\/experimentiersatz-waerme-2\/"},"modified":"2026-04-01T10:51:36","modified_gmt":"2026-04-01T08:51:36","slug":"experimentiersatz-waerme-2","status":"publish","type":"page","link":"https:\/\/mekruphy.com\/de\/produkte\/physik\/waerme-energie-radioaktivitaet\/experimentiersatz-waerme-2\/","title":{"rendered":"Experimentiersatz W\u00c4RME 2"},"content":{"rendered":"<div class=\"yoast-breadcrumbs breadcrumbs-indented\"><span><span><a href=\"https:\/\/mekruphy.com\/de\/\">Startseite<\/a><\/span> \u00bb <span><a href=\"https:\/\/mekruphy.com\/de\/produkte\/\">Produkte<\/a><\/span> \u00bb <span><a href=\"https:\/\/mekruphy.com\/de\/produkte\/physik\/\">Physik<\/a><\/span> \u00bb <span><a href=\"https:\/\/mekruphy.com\/de\/produkte\/physik\/waerme-energie-radioaktivitaet\/\">W\u00e4rme \/ Energie \/ Radioaktivit\u00e4t<\/a><\/span> \u00bb <span class=\"breadcrumb_last\" aria-current=\"page\">Experimentiersatz W\u00c4RME 2<\/span><\/span><\/div>\n\n\n<div class=\"wp-block-advgb-adv-tabs advgb-tabs-wrapper advgb-tab-horz-desktop advgb-tab-vert-tablet advgb-tab-stack-mobile advgb-tabs-16f53e91-3f5a-40bc-ad8e-341e51d06a07\" data-tab-active=\"0\"><ul class=\"advgb-tabs-panel\" role=\"tablist\"><li class=\"advgb-tab advgb-tab-active\" role=\"presentation\" style=\"background-color:#e0e0e0;border-style:solid;border-width:1px;border-radius:10px\"><button class=\"advgb-tab-button\" id=\"advgb-tab-_f53e91-3f-0\" aria-controls=\"advgb-tab-panel-_f53e91-3f-0\" role=\"tab\" aria-selected=\"true\" tabindex=\"0\" style=\"color:#fff;background:none;border:none;width:100%;text-align:inherit;cursor:pointer;padding:8px 16px;font:inherit\"><span>Beschreibung<\/span><\/button><\/li><li class=\"advgb-tab \" role=\"presentation\" style=\"background-color:#e0e0e0;border-style:solid;border-width:1px;border-radius:10px\"><button class=\"advgb-tab-button\" id=\"advgb-tab-_f53e91-3f-1\" aria-controls=\"advgb-tab-panel-_f53e91-3f-1\" role=\"tab\" aria-selected=\"false\" tabindex=\"0\" style=\"color:#fff;background:none;border:none;width:100%;text-align:inherit;cursor:pointer;padding:8px 16px;font:inherit\"><span>Lieferumfang<\/span><\/button><\/li><li class=\"advgb-tab \" role=\"presentation\" style=\"background-color:#e0e0e0;border-style:solid;border-width:1px;border-radius:10px\"><button class=\"advgb-tab-button\" id=\"advgb-tab-_f53e91-3f-2\" aria-controls=\"advgb-tab-panel-_f53e91-3f-2\" role=\"tab\" aria-selected=\"false\" tabindex=\"0\" style=\"color:#fff;background:none;border:none;width:100%;text-align:inherit;cursor:pointer;padding:8px 16px;font:inherit\"><span>Experimente<\/span><\/button><\/li><li class=\"advgb-tab \" role=\"presentation\" style=\"background-color:#e0e0e0;border-style:solid;border-width:1px;border-radius:10px\"><button class=\"advgb-tab-button\" id=\"advgb-tab-_f53e91-3f-3\" aria-controls=\"advgb-tab-panel-_f53e91-3f-3\" role=\"tab\" aria-selected=\"false\" tabindex=\"0\" style=\"color:#fff;background:none;border:none;width:100%;text-align:inherit;cursor:pointer;padding:8px 16px;font:inherit\"><span>Bilder<\/span><\/button><\/li><\/ul><div class=\"advgb-tab-body-wrapper\" style=\"border-style:solid;border-width:1px;border-radius:10px\">\n<div class=\"wp-block-advgb-tab advgb-tab-body-container\"><div class=\"advgb-tab-body-header advgb-tab-class- header-active\" id=\"advgb-tab-panel-_f53e91-3f-0\" role=\"tabpanel\" aria-labelledby=\"advgb-tab-_f53e91-3f-0\" tabindex=\"0\"><span>Beschreibung<\/span><\/div><div class=\"advgb-tab-_f53e91-3f advgb-tab-body\" aria-labelledby=\"advgb-tab-panel-_f53e91-3f-0\" style=\"display:block\">\n<h2 class=\"wp-block-heading\">Gefahrlose W\u00e4rmequelle<\/h2>\n\n\n\n<p>Noch nie zuvor waren anspruchsvolle Sch\u00fclerexperimente zum Themengebiet W\u00e4rmelehre so einfach, genau und sicher wie mit dem Experimentiersatz W\u00c4RME 2: Hier gibt es keine offene Flamme, keine Verbrennungs-, Explosions- oder Vergiftungsgefahr.<\/p>\n\n\n\n<p>Der leistungsstarke und handliche Elektrow\u00e4rmer erhitzt 400 g Wasser in 4 Minuten von 20 \u00b0C auf 50 \u00b0C und bleibt dabei au\u00dfen v\u00f6llig kalt. Er kann von den Sch\u00fclerinnen und Sch\u00fclern somit gefahrlos seitlich ausgeleert werden.<\/p>\n\n\n\n<h3 class=\"wp-block-heading\">Extrem hohe Genauigkeit und Transparenz<\/h3>\n\n\n\n<ul class=\"wp-block-list\">\n<li>Das Kalorimeter hat einen extrem niederen <a href=\"https:\/\/www.chemie-schule.de\/KnowHow\/Wasserwert\" target=\"_blank\" rel=\"noreferrer noopener\">Wasserwert<\/a>, der sogar noch in die Auswertung mit einbezogen werden kann. Zusammen mit den Digitalthermometern liefert es \u00e4u\u00dferst genaue Messergebnisse.<\/li>\n\n\n\n<li>W\u00e4rmequelle und Kalorimeter besitzen Deckel aus Acrylglas, die es erlauben, die Vorg\u00e4nge auch im Inneren der Gef\u00e4\u00dfe zu beobachten.<\/li>\n<\/ul>\n\n\n\n<h3 class=\"wp-block-heading\">Digitale Auswertung mit W\u00c4RME 3<\/h3>\n\n\n\n<p>Weitere und vor allem computergest\u00fctzte Experimente zur W\u00e4rmelehre bietet der Experimentiersatz <a href=\"https:\/\/mekruphy.com\/de\/produkte\/physik\/waerme-energie-radioaktivitaet\/experimentiersatz-waerme-3-addestation-mga\/\">W\u00c4RME 3<\/a> in Kombination mit dem <a href=\"https:\/\/mekruphy.com\/de\/produkte\/addestation\/\">MGA<\/a>.<\/p>\n\n\n\n<h3 class=\"wp-block-heading\" id=\"h-begleitmaterialien\">Begleitmaterialien<\/h3>\n\n\n\n<p>Passend zum Experimentiersatz W\u00c4RME 2 sind auch ein <a href=\"https:\/\/mekruphy.com\/de\/produkte\/physik\/physik-arbeitshefte\/\">Sch\u00fclerheft<\/a> und ein <a href=\"https:\/\/mekruphy.com\/de\/produkte\/physik\/physik-arbeitshefte\/\">Lehrerheft<\/a> mit didaktischen Anweisungen und L\u00f6sungen in analoger Form erh\u00e4ltlich. Das Sch\u00fclerheft ist auch in digitaler Form erwerbbar.<\/p>\n<\/div><\/div>\n\n\n\n<div class=\"wp-block-advgb-tab advgb-tab-body-container\"><div class=\"advgb-tab-body-header advgb-tab-class- \" id=\"advgb-tab-panel-_f53e91-3f-1\" role=\"tabpanel\" aria-labelledby=\"advgb-tab-_f53e91-3f-1\" tabindex=\"0\"><span>Lieferumfang<\/span><\/div><div class=\"advgb-tab-_f53e91-3f advgb-tab-body\" aria-labelledby=\"advgb-tab-panel-_f53e91-3f-1\" style=\"display:none\">\n<figure class=\"wp-block-table table-product-contents\"><table><tbody><tr><td>01.01.10<\/td><td>Aufbewahrungskasten<\/td><\/tr><tr><td>10.02.00<\/td><td>Ger\u00e4tegeformter Einsatz W2<\/td><\/tr><tr><td>10.03.00<\/td><td>Petrischale Kunststoff (2 St\u00fcck)<\/td><\/tr><tr><td>10.04.00<\/td><td>Messbecher 500 ml<\/td><\/tr><tr><td>10.05.00<\/td><td>Elektrow\u00e4rmer<\/td><\/tr><tr><td>10.06.00<\/td><td>Deckel mit NTC-Widerstand<\/td><\/tr><tr><td>10.07.00<\/td><td>Kupferzylinder W2<\/td><\/tr><tr><td>01.08.00<\/td><td>Stahlzylinder M1<\/td><\/tr><tr><td>10.09.00<\/td><td>Messingzylinder<\/td><\/tr><tr><td>10.10.00<\/td><td>Kalorimeter W2<\/td><\/tr><tr><td>44.10.00<\/td><td>Thermometer ohne Skala<\/td><\/tr><tr><td>10.11.00<\/td><td>Deckel mit Heizwendeln<\/td><\/tr><tr><td>10.13.00<\/td><td>Digitalthermometer W2 (-50\u00b0\/+300\u00b0C) (2 St\u00fcck)<\/td><\/tr><tr><td>08.18.00<\/td><td>Experimentierkabel 8,5 cm<\/td><\/tr><tr><td>08.20.00<\/td><td>Experimentierkabel 34 cm blau (5 St\u00fcck)<\/td><\/tr><\/tbody><\/table><\/figure>\n\n\n\n<h3 class=\"wp-block-heading\" id=\"zusatzlich-erforderlich\">Zus\u00e4tzlich erforderlich:<\/h3>\n\n\n\n<p>F\u00fcr die mit * gekennzeichneten Experimente: <\/p>\n\n\n\n<figure class=\"wp-block-table table-product-contents\"><table><tbody><tr><td>00.07.10<\/td><td><a href=\"https:\/\/mekruphy.com\/de\/produkte\/physik\/physik-vielfachmessgerat\/\">Vielfachmessger\u00e4t AMM 3000<\/a> (2 St\u00fcck ben\u00f6tigt)<\/td><\/tr><tr><td>00.05.10<br><br>00.05.20<\/td><td><a href=\"https:\/\/mekruphy.com\/de\/produkte\/physik\/physik-spannungsversorgung\/\">Kleinspannungsnetzger\u00e4t MKS 2.4<\/a><br>oder<br><a href=\"https:\/\/mekruphy.com\/de\/produkte\/physik\/physik-spannungsversorgung\/\">Kleinspannungsnetzger\u00e4t MKS 3.1<\/a><\/td><\/tr><\/tbody><\/table><\/figure>\n\n\n\n<p><\/p>\n\n\n\n<p><\/p>\n<\/div><\/div>\n\n\n\n<div class=\"wp-block-advgb-tab advgb-tab-body-container\"><div class=\"advgb-tab-body-header advgb-tab-class- \" id=\"advgb-tab-panel-_f53e91-3f-2\" role=\"tabpanel\" aria-labelledby=\"advgb-tab-_f53e91-3f-2\" tabindex=\"0\"><span>Experimente<\/span><\/div><div class=\"advgb-tab-_f53e91-3f advgb-tab-body\" aria-labelledby=\"advgb-tab-panel-_f53e91-3f-2\" style=\"display:none\">\n<p><\/p>\n\n\n\n<figure class=\"wp-block-table table-product-experiments-xl\"><table><tbody><tr><td>W2-1<\/td><td>Kalibrierung eines Fl\u00fcssigkeitsthermometers<\/td><\/tr><tr><td>W2-2<\/td><td>Brownsche Molekularbewegung<\/td><\/tr><tr><td>W2-3<\/td><td>Innere Energie und Temperaturerh\u00f6hung<\/td><\/tr><tr><td>W2-4<\/td><td>Spezifische W\u00e4rmekapazit\u00e4t von Wasser<\/td><\/tr><tr><td>W2-5<\/td><td>Mischungsversuch<\/td><\/tr><tr><td>W2-6<\/td><td>Der Wasserwert eines Kalorimeters<\/td><\/tr><tr><td>W2-7<\/td><td>Spezifische W\u00e4rmekapazit\u00e4ten\u00a0 von Stahl und Messing<\/td><\/tr><tr><td>W2-8<\/td><td>Die Schmelzw\u00e4rme von Eis<\/td><\/tr><tr><td>W2-9<\/td><td>Elektrische Energie und innere Energie*<\/td><\/tr><tr><td>W2-10<\/td><td>NTC-Widerstand als Thermometer*<\/td><\/tr><\/tbody><\/table><\/figure>\n\n\n\n<h3 class=\"wp-block-heading\" id=\"h-zusatzlich-erforderlich\">Zus\u00e4tzlich erforderlich:<\/h3>\n\n\n\n<p>F\u00fcr die mit * gekennzeichneten Experimente: <\/p>\n\n\n\n<figure class=\"wp-block-table table-product-contents\"><table><tbody><tr><td>00.07.10<\/td><td><a href=\"https:\/\/mekruphy.com\/de\/produkte\/physik\/physik-vielfachmessgerat\/\">Vielfachmessger\u00e4t AMM 3000<\/a> (2 St\u00fcck ben\u00f6tigt)<\/td><\/tr><tr><td>00.05.10<br><br>00.05.20<\/td><td><a href=\"https:\/\/mekruphy.com\/de\/produkte\/physik\/physik-spannungsversorgung\/\">Kleinspannungsnetzger\u00e4t MKS 2.4<\/a><br>oder<br><a href=\"https:\/\/mekruphy.com\/de\/produkte\/physik\/physik-spannungsversorgung\/\">Kleinspannungsnetzger\u00e4t MKS 3.1<\/a><\/td><\/tr><\/tbody><\/table><\/figure>\n\n\n\n<p><\/p>\n<\/div><\/div>\n\n\n\n<div class=\"wp-block-advgb-tab advgb-tab-body-container\"><div class=\"advgb-tab-body-header advgb-tab-class-undefined \" id=\"advgb-tab-panel-_f53e91-3f-3\" role=\"tabpanel\" aria-labelledby=\"advgb-tab-_f53e91-3f-3\" tabindex=\"0\"><span>Bilder<\/span><\/div><div class=\"advgb-tab-_f53e91-3f advgb-tab-body\" aria-labelledby=\"advgb-tab-panel-_f53e91-3f-3\" style=\"display:none\"><div class=\"wp-block-image\">\n<figure class=\"aligncenter size-large is-resized\"><img loading=\"lazy\" decoding=\"async\" width=\"1024\" height=\"909\" src=\"https:\/\/mekruphy.com\/de\/wp-content\/uploads\/2021\/09\/Waerme-2_Experiment-1024x909.jpg\" alt=\"Versuchsaufbau mit Kalorimeter\" class=\"wp-image-3644\" style=\"width:509px;height:451px\" srcset=\"https:\/\/mekruphy.com\/de\/wp-content\/uploads\/2021\/09\/Waerme-2_Experiment-1024x909.jpg 1024w, https:\/\/mekruphy.com\/de\/wp-content\/uploads\/2021\/09\/Waerme-2_Experiment-300x266.jpg 300w, https:\/\/mekruphy.com\/de\/wp-content\/uploads\/2021\/09\/Waerme-2_Experiment-768x682.jpg 768w, https:\/\/mekruphy.com\/de\/wp-content\/uploads\/2021\/09\/Waerme-2_Experiment-1536x1363.jpg 1536w, https:\/\/mekruphy.com\/de\/wp-content\/uploads\/2021\/09\/Waerme-2_Experiment-2048x1818.jpg 2048w, https:\/\/mekruphy.com\/de\/wp-content\/uploads\/2021\/09\/Waerme-2_Experiment-1600x1420.jpg 1600w\" sizes=\"auto, (max-width: 1024px) 100vw, 1024px\" \/><\/figure>\n<\/div>\n\n\n<p>&nbsp;<\/p>\n\n\n<div class=\"wp-block-image\">\n<figure class=\"aligncenter size-large is-resized\"><img loading=\"lazy\" decoding=\"async\" width=\"1024\" height=\"703\" src=\"https:\/\/mekruphy.com\/de\/wp-content\/uploads\/2021\/09\/Waerme-2_Experiment2-1024x703.jpg\" alt=\"Sch\u00fclerexperiment W\u00c4RME 2\" class=\"wp-image-3643\" style=\"width:745px;height:511px\" srcset=\"https:\/\/mekruphy.com\/de\/wp-content\/uploads\/2021\/09\/Waerme-2_Experiment2-1024x703.jpg 1024w, https:\/\/mekruphy.com\/de\/wp-content\/uploads\/2021\/09\/Waerme-2_Experiment2-300x206.jpg 300w, https:\/\/mekruphy.com\/de\/wp-content\/uploads\/2021\/09\/Waerme-2_Experiment2-768x527.jpg 768w, https:\/\/mekruphy.com\/de\/wp-content\/uploads\/2021\/09\/Waerme-2_Experiment2-1536x1055.jpg 1536w, https:\/\/mekruphy.com\/de\/wp-content\/uploads\/2021\/09\/Waerme-2_Experiment2-2048x1407.jpg 2048w, https:\/\/mekruphy.com\/de\/wp-content\/uploads\/2021\/09\/Waerme-2_Experiment2-1600x1099.jpg 1600w\" sizes=\"auto, (max-width: 1024px) 100vw, 1024px\" \/><\/figure>\n<\/div><\/div><\/div>\n<\/div><\/div>\n<style class=\"advgb-styles-renderer\">.advgb-tabs-16f53e91-3f5a-40bc-ad8e-341e51d06a07 ul.advgb-tabs-panel li.advgb-tab.advgb-tab-active {background-color:#5954d6 !important;color:#fff !important;}#advgb-tabs-16f53e91-3f5a-40bc-ad8e-341e51d06a07 .advgb-tab-body-header.header-active, .advgb-tabs-16f53e91-3f5a-40bc-ad8e-341e51d06a07 .advgb-tab-body-header.header-active{background-color:#5954d6 !important;color:#fff !important;}<\/style>","protected":false},"excerpt":{"rendered":"","protected":false},"author":4,"featured_media":3824,"parent":615,"menu_order":0,"comment_status":"closed","ping_status":"closed","template":"templates\/product.php","meta":{"_acf_changed":false,"_coblocks_attr":"","_coblocks_dimensions":"","_coblocks_responsive_height":"","_coblocks_accordion_ie_support":"","_eb_attr":"","advgb_blocks_editor_width":"","advgb_blocks_columns_visual_guide":"","footnotes":""},"class_list":["post-436","page","type-page","status-publish","has-post-thumbnail","hentry"],"acf":[],"yoast_head":"<!-- This site is optimized with the Yoast SEO plugin v27.4 - https:\/\/yoast.com\/product\/yoast-seo-wordpress\/ -->\n<title>Experimentiersatz W\u00c4RME 2 - MEKRUPHY GmbH<\/title>\n<meta name=\"description\" content=\"Noch nie zuvor waren anspruchsvolle Sch\u00fclerexperimente zum Themengebiet W\u00e4rmelehre so einfach, genau und sicher wie mit dem W\u00c4RME 2 Kasten.\" \/>\n<meta name=\"robots\" content=\"index, follow, max-snippet:-1, max-image-preview:large, max-video-preview:-1\" \/>\n<link rel=\"canonical\" href=\"https:\/\/mekruphy.com\/de\/produkte\/physik\/waerme-energie-radioaktivitaet\/experimentiersatz-waerme-2\/\" \/>\n<meta property=\"og:locale\" content=\"de_DE\" \/>\n<meta property=\"og:type\" content=\"article\" \/>\n<meta property=\"og:title\" content=\"Experimentiersatz W\u00c4RME 2 - MEKRUPHY GmbH\" \/>\n<meta property=\"og:description\" content=\"Noch nie zuvor waren anspruchsvolle Sch\u00fclerexperimente zum Themengebiet W\u00e4rmelehre so einfach, genau und sicher wie mit dem W\u00c4RME 2 Kasten.\" \/>\n<meta property=\"og:url\" content=\"https:\/\/mekruphy.com\/de\/produkte\/physik\/waerme-energie-radioaktivitaet\/experimentiersatz-waerme-2\/\" \/>\n<meta property=\"og:site_name\" content=\"MEKRUPHY GmbH\" \/>\n<meta property=\"article:modified_time\" content=\"2026-04-01T08:51:36+00:00\" \/>\n<meta property=\"og:image\" content=\"https:\/\/mekruphy.com\/de\/wp-content\/uploads\/2021\/10\/Waerme-2-1024px.jpg\" \/>\n\t<meta property=\"og:image:width\" content=\"1024\" \/>\n\t<meta property=\"og:image:height\" content=\"804\" \/>\n\t<meta property=\"og:image:type\" content=\"image\/jpeg\" \/>\n<meta name=\"twitter:card\" content=\"summary_large_image\" \/>\n<meta name=\"twitter:label1\" content=\"Gesch\u00e4tzte Lesezeit\" \/>\n\t<meta name=\"twitter:data1\" content=\"3\u00a0Minuten\" \/>\n<script type=\"application\/ld+json\" class=\"yoast-schema-graph\">{\"@context\":\"https:\\\/\\\/schema.org\",\"@graph\":[{\"@type\":\"WebPage\",\"@id\":\"https:\\\/\\\/mekruphy.com\\\/de\\\/produkte\\\/physik\\\/waerme-energie-radioaktivitaet\\\/experimentiersatz-waerme-2\\\/\",\"url\":\"https:\\\/\\\/mekruphy.com\\\/de\\\/produkte\\\/physik\\\/waerme-energie-radioaktivitaet\\\/experimentiersatz-waerme-2\\\/\",\"name\":\"Experimentiersatz W\u00c4RME 2 - MEKRUPHY GmbH\",\"isPartOf\":{\"@id\":\"https:\\\/\\\/mekruphy.com\\\/de\\\/#website\"},\"primaryImageOfPage\":{\"@id\":\"https:\\\/\\\/mekruphy.com\\\/de\\\/produkte\\\/physik\\\/waerme-energie-radioaktivitaet\\\/experimentiersatz-waerme-2\\\/#primaryimage\"},\"image\":{\"@id\":\"https:\\\/\\\/mekruphy.com\\\/de\\\/produkte\\\/physik\\\/waerme-energie-radioaktivitaet\\\/experimentiersatz-waerme-2\\\/#primaryimage\"},\"thumbnailUrl\":\"https:\\\/\\\/mekruphy.com\\\/de\\\/wp-content\\\/uploads\\\/2021\\\/10\\\/Waerme-2-1024px.jpg\",\"datePublished\":\"2020-07-15T10:50:32+00:00\",\"dateModified\":\"2026-04-01T08:51:36+00:00\",\"description\":\"Noch nie zuvor waren anspruchsvolle Sch\u00fclerexperimente zum Themengebiet W\u00e4rmelehre so einfach, genau und sicher wie mit dem W\u00c4RME 2 Kasten.\",\"breadcrumb\":{\"@id\":\"https:\\\/\\\/mekruphy.com\\\/de\\\/produkte\\\/physik\\\/waerme-energie-radioaktivitaet\\\/experimentiersatz-waerme-2\\\/#breadcrumb\"},\"inLanguage\":\"de\",\"potentialAction\":[{\"@type\":\"ReadAction\",\"target\":[\"https:\\\/\\\/mekruphy.com\\\/de\\\/produkte\\\/physik\\\/waerme-energie-radioaktivitaet\\\/experimentiersatz-waerme-2\\\/\"]}]},{\"@type\":\"ImageObject\",\"inLanguage\":\"de\",\"@id\":\"https:\\\/\\\/mekruphy.com\\\/de\\\/produkte\\\/physik\\\/waerme-energie-radioaktivitaet\\\/experimentiersatz-waerme-2\\\/#primaryimage\",\"url\":\"https:\\\/\\\/mekruphy.com\\\/de\\\/wp-content\\\/uploads\\\/2021\\\/10\\\/Waerme-2-1024px.jpg\",\"contentUrl\":\"https:\\\/\\\/mekruphy.com\\\/de\\\/wp-content\\\/uploads\\\/2021\\\/10\\\/Waerme-2-1024px.jpg\",\"width\":1024,\"height\":804,\"caption\":\"Kasten W\u00e4rme 2\"},{\"@type\":\"BreadcrumbList\",\"@id\":\"https:\\\/\\\/mekruphy.com\\\/de\\\/produkte\\\/physik\\\/waerme-energie-radioaktivitaet\\\/experimentiersatz-waerme-2\\\/#breadcrumb\",\"itemListElement\":[{\"@type\":\"ListItem\",\"position\":1,\"name\":\"Startseite\",\"item\":\"https:\\\/\\\/mekruphy.com\\\/de\\\/\"},{\"@type\":\"ListItem\",\"position\":2,\"name\":\"Produkte\",\"item\":\"https:\\\/\\\/mekruphy.com\\\/de\\\/produkte\\\/\"},{\"@type\":\"ListItem\",\"position\":3,\"name\":\"Physik\",\"item\":\"https:\\\/\\\/mekruphy.com\\\/de\\\/produkte\\\/physik\\\/\"},{\"@type\":\"ListItem\",\"position\":4,\"name\":\"W\u00e4rme \\\/ Energie \\\/ Radioaktivit\u00e4t\",\"item\":\"https:\\\/\\\/mekruphy.com\\\/de\\\/produkte\\\/physik\\\/waerme-energie-radioaktivitaet\\\/\"},{\"@type\":\"ListItem\",\"position\":5,\"name\":\"Experimentiersatz W\u00c4RME 2\"}]},{\"@type\":\"WebSite\",\"@id\":\"https:\\\/\\\/mekruphy.com\\\/de\\\/#website\",\"url\":\"https:\\\/\\\/mekruphy.com\\\/de\\\/\",\"name\":\"MEKRUPHY GmbH\",\"description\":\"Sch\u00fcler-Experimentierk\u00e4sten f\u00fcr den MINT-Unterricht\",\"potentialAction\":[{\"@type\":\"SearchAction\",\"target\":{\"@type\":\"EntryPoint\",\"urlTemplate\":\"https:\\\/\\\/mekruphy.com\\\/de\\\/?s={search_term_string}\"},\"query-input\":{\"@type\":\"PropertyValueSpecification\",\"valueRequired\":true,\"valueName\":\"search_term_string\"}}],\"inLanguage\":\"de\"}]}<\/script>\n<!-- \/ Yoast SEO plugin. -->","yoast_head_json":{"title":"Experimentiersatz W\u00c4RME 2 - MEKRUPHY GmbH","description":"Noch nie zuvor waren anspruchsvolle Sch\u00fclerexperimente zum Themengebiet W\u00e4rmelehre so einfach, genau und sicher wie mit dem W\u00c4RME 2 Kasten.","robots":{"index":"index","follow":"follow","max-snippet":"max-snippet:-1","max-image-preview":"max-image-preview:large","max-video-preview":"max-video-preview:-1"},"canonical":"https:\/\/mekruphy.com\/de\/produkte\/physik\/waerme-energie-radioaktivitaet\/experimentiersatz-waerme-2\/","og_locale":"de_DE","og_type":"article","og_title":"Experimentiersatz W\u00c4RME 2 - MEKRUPHY GmbH","og_description":"Noch nie zuvor waren anspruchsvolle Sch\u00fclerexperimente zum Themengebiet W\u00e4rmelehre so einfach, genau und sicher wie mit dem W\u00c4RME 2 Kasten.","og_url":"https:\/\/mekruphy.com\/de\/produkte\/physik\/waerme-energie-radioaktivitaet\/experimentiersatz-waerme-2\/","og_site_name":"MEKRUPHY GmbH","article_modified_time":"2026-04-01T08:51:36+00:00","og_image":[{"width":1024,"height":804,"url":"https:\/\/mekruphy.com\/de\/wp-content\/uploads\/2021\/10\/Waerme-2-1024px.jpg","type":"image\/jpeg"}],"twitter_card":"summary_large_image","twitter_misc":{"Gesch\u00e4tzte Lesezeit":"3\u00a0Minuten"},"schema":{"@context":"https:\/\/schema.org","@graph":[{"@type":"WebPage","@id":"https:\/\/mekruphy.com\/de\/produkte\/physik\/waerme-energie-radioaktivitaet\/experimentiersatz-waerme-2\/","url":"https:\/\/mekruphy.com\/de\/produkte\/physik\/waerme-energie-radioaktivitaet\/experimentiersatz-waerme-2\/","name":"Experimentiersatz W\u00c4RME 2 - MEKRUPHY GmbH","isPartOf":{"@id":"https:\/\/mekruphy.com\/de\/#website"},"primaryImageOfPage":{"@id":"https:\/\/mekruphy.com\/de\/produkte\/physik\/waerme-energie-radioaktivitaet\/experimentiersatz-waerme-2\/#primaryimage"},"image":{"@id":"https:\/\/mekruphy.com\/de\/produkte\/physik\/waerme-energie-radioaktivitaet\/experimentiersatz-waerme-2\/#primaryimage"},"thumbnailUrl":"https:\/\/mekruphy.com\/de\/wp-content\/uploads\/2021\/10\/Waerme-2-1024px.jpg","datePublished":"2020-07-15T10:50:32+00:00","dateModified":"2026-04-01T08:51:36+00:00","description":"Noch nie zuvor waren anspruchsvolle Sch\u00fclerexperimente zum Themengebiet W\u00e4rmelehre so einfach, genau und sicher wie mit dem W\u00c4RME 2 Kasten.","breadcrumb":{"@id":"https:\/\/mekruphy.com\/de\/produkte\/physik\/waerme-energie-radioaktivitaet\/experimentiersatz-waerme-2\/#breadcrumb"},"inLanguage":"de","potentialAction":[{"@type":"ReadAction","target":["https:\/\/mekruphy.com\/de\/produkte\/physik\/waerme-energie-radioaktivitaet\/experimentiersatz-waerme-2\/"]}]},{"@type":"ImageObject","inLanguage":"de","@id":"https:\/\/mekruphy.com\/de\/produkte\/physik\/waerme-energie-radioaktivitaet\/experimentiersatz-waerme-2\/#primaryimage","url":"https:\/\/mekruphy.com\/de\/wp-content\/uploads\/2021\/10\/Waerme-2-1024px.jpg","contentUrl":"https:\/\/mekruphy.com\/de\/wp-content\/uploads\/2021\/10\/Waerme-2-1024px.jpg","width":1024,"height":804,"caption":"Kasten W\u00e4rme 2"},{"@type":"BreadcrumbList","@id":"https:\/\/mekruphy.com\/de\/produkte\/physik\/waerme-energie-radioaktivitaet\/experimentiersatz-waerme-2\/#breadcrumb","itemListElement":[{"@type":"ListItem","position":1,"name":"Startseite","item":"https:\/\/mekruphy.com\/de\/"},{"@type":"ListItem","position":2,"name":"Produkte","item":"https:\/\/mekruphy.com\/de\/produkte\/"},{"@type":"ListItem","position":3,"name":"Physik","item":"https:\/\/mekruphy.com\/de\/produkte\/physik\/"},{"@type":"ListItem","position":4,"name":"W\u00e4rme \/ Energie \/ Radioaktivit\u00e4t","item":"https:\/\/mekruphy.com\/de\/produkte\/physik\/waerme-energie-radioaktivitaet\/"},{"@type":"ListItem","position":5,"name":"Experimentiersatz W\u00c4RME 2"}]},{"@type":"WebSite","@id":"https:\/\/mekruphy.com\/de\/#website","url":"https:\/\/mekruphy.com\/de\/","name":"MEKRUPHY GmbH","description":"Sch\u00fcler-Experimentierk\u00e4sten f\u00fcr den MINT-Unterricht","potentialAction":[{"@type":"SearchAction","target":{"@type":"EntryPoint","urlTemplate":"https:\/\/mekruphy.com\/de\/?s={search_term_string}"},"query-input":{"@type":"PropertyValueSpecification","valueRequired":true,"valueName":"search_term_string"}}],"inLanguage":"de"}]}},"coauthors":[],"author_meta":{"author_link":"https:\/\/mekruphy.com\/de\/author\/helmuth-thurnermekruphy-com\/","display_name":"Helmuth Thurner"},"relative_dates":{"created":"Ver\u00f6ffentlicht 6\u00a0Jahren vor","modified":"Aktualisiert 3\u00a0Wochen vor"},"absolute_dates":{"created":"Ver\u00f6ffentlicht am 15. Juli 2020","modified":"Aktualisiert am 1. April 2026"},"absolute_dates_time":{"created":"Ver\u00f6ffentlicht am 15. Juli 2020 12:50","modified":"Aktualisiert am 1. April 2026 10:51"},"featured_img_caption":"","featured_img":"https:\/\/mekruphy.com\/de\/wp-content\/uploads\/2021\/10\/Waerme-2-1024px.jpg","series_order":"","_links":{"self":[{"href":"https:\/\/mekruphy.com\/de\/wp-json\/wp\/v2\/pages\/436","targetHints":{"allow":["GET"]}}],"collection":[{"href":"https:\/\/mekruphy.com\/de\/wp-json\/wp\/v2\/pages"}],"about":[{"href":"https:\/\/mekruphy.com\/de\/wp-json\/wp\/v2\/types\/page"}],"author":[{"embeddable":true,"href":"https:\/\/mekruphy.com\/de\/wp-json\/wp\/v2\/users\/4"}],"replies":[{"embeddable":true,"href":"https:\/\/mekruphy.com\/de\/wp-json\/wp\/v2\/comments?post=436"}],"version-history":[{"count":32,"href":"https:\/\/mekruphy.com\/de\/wp-json\/wp\/v2\/pages\/436\/revisions"}],"predecessor-version":[{"id":9585,"href":"https:\/\/mekruphy.com\/de\/wp-json\/wp\/v2\/pages\/436\/revisions\/9585"}],"up":[{"embeddable":true,"href":"https:\/\/mekruphy.com\/de\/wp-json\/wp\/v2\/pages\/615"}],"wp:featuredmedia":[{"embeddable":true,"href":"https:\/\/mekruphy.com\/de\/wp-json\/wp\/v2\/media\/3824"}],"wp:attachment":[{"href":"https:\/\/mekruphy.com\/de\/wp-json\/wp\/v2\/media?parent=436"}],"curies":[{"name":"wp","href":"https:\/\/api.w.org\/{rel}","templated":true}]}}