{"id":452,"date":"2020-07-15T12:51:23","date_gmt":"2020-07-15T10:51:23","guid":{"rendered":"https:\/\/mekruphy.com\/de\/experimentiersatz-chemie-3-molekuelbau\/"},"modified":"2026-03-31T15:40:45","modified_gmt":"2026-03-31T13:40:45","slug":"experimentiersatz-chemie-3-molekuelbau","status":"publish","type":"page","link":"https:\/\/mekruphy.com\/de\/produkte\/chemie\/experimentiersatz-chemie-3-molekuelbau\/","title":{"rendered":"Experimentiersatz CHEMIE 3: MOLEK\u00dcLBAU"},"content":{"rendered":"<div class=\"yoast-breadcrumbs breadcrumbs-indented\"><span><span><a href=\"https:\/\/mekruphy.com\/de\/\">Startseite<\/a><\/span> \u00bb <span><a href=\"https:\/\/mekruphy.com\/de\/produkte\/\">Produkte<\/a><\/span> \u00bb <span><a href=\"https:\/\/mekruphy.com\/de\/produkte\/chemie\/\">Chemie<\/a><\/span> \u00bb <span class=\"breadcrumb_last\" aria-current=\"page\">Experimentiersatz CHEMIE 3: MOLEK\u00dcLBAU<\/span><\/span><\/div>\n\n\n<div class=\"wp-block-advgb-adv-tabs advgb-tabs-wrapper advgb-tab-horz-desktop advgb-tab-vert-tablet advgb-tab-stack-mobile advgb-tabs-9ac530af-afdd-4d0b-991a-4dcdde5a4d6f\" data-tab-active=\"0\"><ul class=\"advgb-tabs-panel\" role=\"tablist\"><li class=\"advgb-tab advgb-tab-active\" role=\"presentation\" style=\"background-color:#e0e0e0;border-style:solid;border-width:1px;border-radius:10px\"><button class=\"advgb-tab-button\" id=\"advgb-tab-_c530af-af-0\" aria-controls=\"advgb-tab-panel-_c530af-af-0\" role=\"tab\" aria-selected=\"true\" tabindex=\"0\" style=\"color:#fff;background:none;border:none;width:100%;text-align:inherit;cursor:pointer;padding:8px 16px;font:inherit\"><span>Beschreibung<\/span><\/button><\/li><li class=\"advgb-tab \" role=\"presentation\" style=\"background-color:#e0e0e0;border-style:solid;border-width:1px;border-radius:10px\"><button class=\"advgb-tab-button\" id=\"advgb-tab-_c530af-af-1\" aria-controls=\"advgb-tab-panel-_c530af-af-1\" role=\"tab\" aria-selected=\"false\" tabindex=\"0\" style=\"color:#fff;background:none;border:none;width:100%;text-align:inherit;cursor:pointer;padding:8px 16px;font:inherit\"><span>Lieferumfang<\/span><\/button><\/li><li class=\"advgb-tab \" role=\"presentation\" style=\"background-color:#e0e0e0;border-style:solid;border-width:1px;border-radius:10px\"><button class=\"advgb-tab-button\" id=\"advgb-tab-_c530af-af-2\" aria-controls=\"advgb-tab-panel-_c530af-af-2\" role=\"tab\" aria-selected=\"false\" tabindex=\"0\" style=\"color:#fff;background:none;border:none;width:100%;text-align:inherit;cursor:pointer;padding:8px 16px;font:inherit\"><span>Experimente<\/span><\/button><\/li><li class=\"advgb-tab \" role=\"presentation\" style=\"background-color:#e0e0e0;border-style:solid;border-width:1px;border-radius:10px\"><button class=\"advgb-tab-button\" id=\"advgb-tab-_c530af-af-3\" aria-controls=\"advgb-tab-panel-_c530af-af-3\" role=\"tab\" aria-selected=\"false\" tabindex=\"0\" style=\"color:#fff;background:none;border:none;width:100%;text-align:inherit;cursor:pointer;padding:8px 16px;font:inherit\"><span>Bilder<\/span><\/button><\/li><\/ul><div class=\"advgb-tab-body-wrapper\" style=\"border-style:solid;border-width:1px;border-radius:10px\">\n<div class=\"wp-block-advgb-tab advgb-tab-body-container\"><div class=\"advgb-tab-body-header advgb-tab-class- header-active\" id=\"advgb-tab-panel-_bf82dc-18-0\" role=\"tabpanel\" aria-labelledby=\"advgb-tab-_bf82dc-18-0\" tabindex=\"0\"><span>Beschreibung<\/span><\/div><div class=\"advgb-tab-_bf82dc-18 advgb-tab-body\" aria-labelledby=\"advgb-tab-panel-_bf82dc-18-0\" style=\"display:block\">\n<h2 class=\"wp-block-heading\" id=\"molekulbau-und-chemische-reaktionen-begreifbar-machen\">Molek\u00fclbau und chemische Reaktionen begreifbar machen<\/h2>\n\n\n\n<p>Mit den neu entwickelten&nbsp;MEKRUPHY-Modellatomen lassen sich einzelne Valenzelektronen, freie Elektronenpaare, Bindungen, intermolekulare Kr\u00e4fte und chemische Reaktionen auf einfache Weise darstellen und begreifbar machen&nbsp;\u2013 etwa durch den einfachen Verbindungsmechanismus:&nbsp;<\/p>\n\n\n\n<ul class=\"wp-block-list\"><li>die einzelnen Modellatome aus <a href=\"https:\/\/www.kunststoffe.de\/a\/grundlagenartikel\/acrylnitril-butadien-styrol-copolymer-ab-311439\" target=\"_blank\" rel=\"noreferrer noopener\">ABS<\/a> tragen jeweils im Raumwinkel von 109,5\u00b0 vier Einspritzmuttern. Hier lassen sich Valenzelektronen und freie\u00a0Elektronenpaare einschrauben\u00a0\u00a0<\/li><li>die Elektronenpaarbindung wird durch ein Doppelgelenk anschaulich gemacht, das in die verbreiterten Enden der Valenzelektronen einfach eingesteckt wird\u00a0<\/li><li>durch eingegossene Stabmagnete lassen sich auch Wasserstoffbr\u00fcckenbindungen darstellen\u00a0<\/li><\/ul>\n\n\n\n<h3 class=\"wp-block-heading\" id=\"ausfuhrliche-anleitungen\">Ausf\u00fchrliche Anleitungen&nbsp;&nbsp;&nbsp;<\/h3>\n\n\n\n<p>Mit Hilfe der ausf\u00fchrlichen Anleitungen k\u00f6nnen sich die Sch\u00fclerinnen und Sch\u00fcler schrittweise selbstst\u00e4ndig alle Themen rund um den Molek\u00fclbau erarbeiten. Hierzu erhalten sie zu jedem Kapitel einen kurzen Einf\u00fchrungstext und anschlie\u00dfend Aufgaben, die sie meist in Verbindung mit dem Molek\u00fclbaukasten l\u00f6sen.&nbsp;<\/p>\n\n\n\n<p><\/p>\n\n\n\n<h3 class=\"wp-block-heading\" id=\"h-begleitmaterialien\">Begleitmaterialien<\/h3>\n\n\n\n<p>Passend zum Experimentiersatz CHEMIE 3 ist ein <a href=\"https:\/\/mekruphy.com\/de\/produkte\/chemie\/chemie-arbeitshefte\/\">Sch\u00fclerheft<\/a> in analoger und digitaler Form erh\u00e4ltlich.<\/p>\n<\/div><\/div>\n\n\n\n<div class=\"wp-block-advgb-tab advgb-tab-body-container\"><div class=\"advgb-tab-body-header advgb-tab-class- \" id=\"advgb-tab-panel-_bf82dc-18-1\" role=\"tabpanel\" aria-labelledby=\"advgb-tab-_bf82dc-18-1\" tabindex=\"0\"><span>Lieferumfang<\/span><\/div><div class=\"advgb-tab-_bf82dc-18 advgb-tab-body\" aria-labelledby=\"advgb-tab-panel-_bf82dc-18-1\" style=\"display:none\">\n<figure class=\"wp-block-table table-product-contents\"><table><tbody><tr><td>25.01.10<\/td><td>Aufbewahrungskasten klein<\/td><\/tr><tr><td>25.01.20<\/td><td>Deckel mit Griffleiste<\/td><\/tr><tr><td>25.02.00<\/td><td>Ger\u00e4tegeformter Einsatz C3<\/td><\/tr><tr><td>25.03.10<\/td><td>Atomrumpf schwarz (Kohlenstoff) (10 St\u00fcck)<\/td><\/tr><tr><td>25.03.20<\/td><td>Atomrumpf blau (Stickstoff) (2 St\u00fcck)<\/td><\/tr><tr><td>25.03.30<\/td><td>Atomrumpf rot (Sauerstoff) (6 St\u00fcck)<\/td><\/tr><tr><td>25.03.40<\/td><td>Atomrumpf gr\u00fcn (Halogen) (6 St\u00fcck)<\/td><\/tr><tr><td>25.03.50<\/td><td>Atomrumpf gelb (Schwefel) (2 St\u00fcck)<\/td><\/tr><tr><td>25.03.60<\/td><td>Atomrumpf hellgrau (Metall) (2 St\u00fcck)<\/td><\/tr><tr><td>25.04.10<\/td><td>Valenzelektron kurz (5 mm) (48 St\u00fcck)<\/td><\/tr><tr><td>25.04.20<\/td><td>Valenzelektron lang (19 mm) (16 St\u00fcck)<\/td><\/tr><tr><td>25.05.00<\/td><td>Freies Elektronenpaar (8 St\u00fcck)<\/td><\/tr><tr><td>25.06.00<\/td><td>Wasserstoffkern (wei\u00df) (24 St\u00fcck)<\/td><\/tr><tr><td>25.07.00<\/td><td>Doppelgelenk (48 St\u00fcck)<\/td><\/tr><\/tbody><\/table><\/figure>\n\n\n\n<p><\/p>\n<\/div><\/div>\n\n\n\n<div class=\"wp-block-advgb-tab advgb-tab-body-container\"><div class=\"advgb-tab-body-header advgb-tab-class- \" id=\"advgb-tab-panel-_bf82dc-18-2\" role=\"tabpanel\" aria-labelledby=\"advgb-tab-_bf82dc-18-2\" tabindex=\"0\"><span>Experimente<\/span><\/div><div class=\"advgb-tab-_bf82dc-18 advgb-tab-body\" aria-labelledby=\"advgb-tab-panel-_bf82dc-18-2\" style=\"display:none\">\n<h3 class=\"wp-block-heading\">Atommodelle&nbsp;<\/h3>\n\n\n\n<figure class=\"wp-block-table table-product-experiments\"><table><tbody><tr><td>C3-1<\/td><td>Die Atomhypothese von Dalton\u00a0<\/td><\/tr><tr><td>C3-2<\/td><td>Das erweiterte Kugel-Modell\u00a0<\/td><\/tr><tr><td>C3-3<\/td><td>Das Experiment von Rutherford\u00a0<\/td><\/tr><tr><td>C3-4<\/td><td>Das Model des Atomkerns<\/td><\/tr><tr><td>C3-5<\/td><td>\u00dcbung: Aufbau des Atomkerns\u00a0<\/td><\/tr><tr><td>C3-6<\/td><td>Isotopie\u00a0<\/td><\/tr><tr><td>C3-7<\/td><td>Das Modell der Atomh\u00fclle\u00a0<\/td><\/tr><tr><td>C3-8<\/td><td>\u00dcbung: Aufbau der Atomh\u00fclle\u00a0<\/td><\/tr><tr><td>C3-9<\/td><td>\u00dcbung: Atombau 1\u00a0<\/td><\/tr><tr><td>C3-10<\/td><td>\u00dcbung: Atombau 2<\/td><\/tr><\/tbody><\/table><\/figure>\n\n\n\n<p><\/p>\n\n\n\n<h3 class=\"wp-block-heading\">Anorganische Chemie\u00a0<\/h3>\n\n\n\n<figure class=\"wp-block-table table-product-experiments\"><table><tbody><tr><td>C3-11<\/td><td>Chemisch \u2013 eine Fachsprache?\u00a0<\/td><\/tr><tr><td>C3-12<\/td><td>Die Edelgaskonfiguration\u00a0<\/td><\/tr><tr><td>C3-13<\/td><td>Die Valenzstrichschreibweise\u00a0<\/td><\/tr><tr><td>C3-14<\/td><td>Salze\u00a0<\/td><\/tr><tr><td>C3-15<\/td><td>Metalle\u00a0<\/td><\/tr><tr><td>C3-16<\/td><td>Die Elektronenpaarbindung\u00a0<\/td><\/tr><tr><td>C3-17<\/td><td>Aufstellen von Valenzstrichformeln 1\u00a0<\/td><\/tr><tr><td>C3-18<\/td><td>Aufstellen von Valenzstrichformeln 2<\/td><\/tr><tr><td>C3-19<\/td><td>\u00dcbung: Molek\u00fcle\u00a0<\/td><\/tr><tr><td>C3-20<\/td><td>\u00dcbung: Chemische Bindungen\u00a0<\/td><\/tr><tr><td>C3-21<\/td><td>Der r\u00e4umliche Bau von Molek\u00fclen\u00a0<\/td><\/tr><tr><td>C3-22<\/td><td>Die Elektronegativit\u00e4t\u00a0<\/td><\/tr><tr><td>C3-23<\/td><td>Dipol \u2013 ja oder nein?\u00a0<\/td><\/tr><tr><td>C3-24<\/td><td>Dipol-Dipol-Wechselwirkungen\u00a0<\/td><\/tr><tr><td>C3-25<\/td><td>Van der Waals Kr\u00e4fte\u00a0<\/td><\/tr><\/tbody><\/table><\/figure>\n\n\n\n<p><\/p>\n\n\n\n<h3 class=\"wp-block-heading\">Organische Chemie\u00a0<\/h3>\n\n\n\n<figure class=\"wp-block-table table-product-experiments\"><table><tbody><tr><td>C3-26<\/td><td>Organische Chemie (Einf\u00fchrung)\u00a0<\/td><\/tr><tr><td>C3-27<\/td><td>Die homologe Reihe der Alkane\u00a0<\/td><\/tr><tr><td>C3-28<\/td><td>Die Benennung der Alkane\u00a0<\/td><\/tr><tr><td>C3-29<\/td><td>\u00dcbung: Nomenklatur der Alkane 1\u00a0<\/td><\/tr><tr><td>C3-30<\/td><td>\u00dcbung: Nomenklatur der Alkane 2<\/td><\/tr><tr><td>C3-31<\/td><td>Isomerie bei Alkanen\u00a0<\/td><\/tr><tr><td>C3-32<\/td><td>Eigenschaften der Alkane\u00a0<\/td><\/tr><tr><td>C3-33<\/td><td>Die Reaktion mit Sauerstoff\u00a0<\/td><\/tr><tr><td>C3-34<\/td><td>Die\u00a0radikalische\u00a0Substitution 1\u00a0<\/td><\/tr><tr><td>C3-35<\/td><td>Die\u00a0radikalische\u00a0Substitution 2<\/td><\/tr><tr><td>C3-36<\/td><td>Die homologe Reihe der Alkene\u00a0<\/td><\/tr><tr><td>C3-37<\/td><td>Die homologe Reihe der Alkine\u00a0<\/td><\/tr><tr><td>C3-38<\/td><td>Die Molek\u00fclstruktur von Kohlenwasserstoffen\u00a0<\/td><\/tr><tr><td>C3-39<\/td><td>Die Nomenklatur von unges\u00e4ttigten Kohlenwasserstoffen\u00a0<\/td><\/tr><tr><td>C3-40<\/td><td>Isomerie bei Alkenen\u00a0<\/td><\/tr><tr><td>C3-41<\/td><td>Die\u00a0elektrophile\u00a0Addition\u00a0<\/td><\/tr><tr><td>C3-42<\/td><td>Die\u00a0radikalische\u00a0Polymerisation 1<\/td><\/tr><tr><td>C3-43<\/td><td>Die\u00a0radikalische\u00a0Polymerisation 2<\/td><\/tr><tr><td>C3-44<\/td><td>Die homologe Reihe der Alkohole\u00a0<\/td><\/tr><tr><td>C3-45<\/td><td>Isomerie bei Alkoholen\u00a0<\/td><\/tr><tr><td>C3-46<\/td><td>Eigenschaften der Alkohole\u00a0<\/td><\/tr><tr><td>C3-47<\/td><td>Mehrwertige Alkohole\u00a0<\/td><\/tr><tr><td>C3-48<\/td><td>Aldehyde\u00a0<\/td><\/tr><tr><td>C3-49<\/td><td>Ketone\u00a0<\/td><\/tr><tr><td>C3-50<\/td><td>Carbons\u00e4uren\u00a0<\/td><\/tr><tr><td>C3-51<\/td><td>Die Eigenschaften der Carbons\u00e4uren\u00a0<\/td><\/tr><tr><td>C3-52<\/td><td>Carbons\u00e4ureester\u00a0<\/td><\/tr><tr><td>C3-53<\/td><td>Polyester sind Kunststoffe\u00a0<\/td><\/tr><tr><td>C3-54<\/td><td>Die Benennung von organischen Verbindungen\u00a0<\/td><\/tr><tr><td>C3-55<\/td><td>\u00dcbung: Die Benennung von\u00a0Organischen Verbindungen 1<\/td><\/tr><tr><td>C3-56<\/td><td>\u00dcbung: Die Benennung von\u00a0Organischen Verbindungen 2<\/td><\/tr><\/tbody><\/table><\/figure>\n\n\n\n<p><\/p>\n\n\n\n<p><\/p>\n\n\n\n<p><\/p>\n<\/div><\/div>\n\n\n\n<div class=\"wp-block-advgb-tab advgb-tab-body-container\"><div class=\"advgb-tab-body-header advgb-tab-class-undefined \" id=\"advgb-tab-panel-_bf82dc-18-3\" role=\"tabpanel\" aria-labelledby=\"advgb-tab-_bf82dc-18-3\" tabindex=\"0\"><span>Bilder<\/span><\/div><div class=\"advgb-tab-_bf82dc-18 advgb-tab-body\" aria-labelledby=\"advgb-tab-panel-_bf82dc-18-3\" style=\"display:none\"><div class=\"wp-block-image\">\n<figure class=\"aligncenter size-large is-resized\"><img loading=\"lazy\" decoding=\"async\" width=\"609\" height=\"580\" src=\"https:\/\/mekruphy.com\/de\/wp-content\/uploads\/2021\/03\/C3_1.png\" alt=\"Chemie 3 Molek\u00fcl Modell - MEKRUPHY\" class=\"wp-image-3168\" style=\"width:510px;height:485px\" srcset=\"https:\/\/mekruphy.com\/de\/wp-content\/uploads\/2021\/03\/C3_1.png 609w, https:\/\/mekruphy.com\/de\/wp-content\/uploads\/2021\/03\/C3_1-300x286.png 300w\" sizes=\"auto, (max-width: 609px) 100vw, 609px\" \/><\/figure>\n<\/div>\n\n\n<p>&nbsp;<\/p>\n\n\n<div class=\"wp-block-image\">\n<figure class=\"aligncenter size-large is-resized\"><img loading=\"lazy\" decoding=\"async\" width=\"683\" height=\"512\" src=\"https:\/\/mekruphy.com\/de\/wp-content\/uploads\/2021\/03\/C3_2.png\" alt=\"Chemie 3 Molek\u00fcl Modell - MEKRUPHY\" class=\"wp-image-3169\" style=\"width:744px;height:559px\" srcset=\"https:\/\/mekruphy.com\/de\/wp-content\/uploads\/2021\/03\/C3_2.png 683w, https:\/\/mekruphy.com\/de\/wp-content\/uploads\/2021\/03\/C3_2-300x225.png 300w\" sizes=\"auto, (max-width: 683px) 100vw, 683px\" \/><\/figure>\n<\/div><\/div><\/div>\n<\/div><\/div>\n<style class=\"advgb-styles-renderer\">.advgb-tabs-9ac530af-afdd-4d0b-991a-4dcdde5a4d6f ul.advgb-tabs-panel li.advgb-tab.advgb-tab-active {background-color:#5954d6 !important;color:#fff !important;}#advgb-tabs-9ac530af-afdd-4d0b-991a-4dcdde5a4d6f .advgb-tab-body-header.header-active, .advgb-tabs-9ac530af-afdd-4d0b-991a-4dcdde5a4d6f .advgb-tab-body-header.header-active{background-color:#5954d6 !important;color:#fff !important;}<\/style>","protected":false},"excerpt":{"rendered":"","protected":false},"author":3,"featured_media":1720,"parent":627,"menu_order":0,"comment_status":"closed","ping_status":"closed","template":"templates\/product.php","meta":{"_acf_changed":false,"_coblocks_attr":"","_coblocks_dimensions":"","_coblocks_responsive_height":"","_coblocks_accordion_ie_support":"","_eb_attr":"","advgb_blocks_editor_width":"","advgb_blocks_columns_visual_guide":"","footnotes":""},"class_list":["post-452","page","type-page","status-publish","has-post-thumbnail","hentry"],"acf":[],"yoast_head":"<!-- This site is optimized with the Yoast SEO plugin v27.4 - https:\/\/yoast.com\/product\/yoast-seo-wordpress\/ -->\n<title>Experimentiersatz CHEMIE 3: MOLEK\u00dcLBAU - MEKRUPHY GmbH<\/title>\n<meta name=\"description\" content=\"Mit den MEKRUPHY-Modellatomen lassen sich einzelne Valenzelektronen, freie Elektronenpaare, Bindungen und chemische Reaktionen darstellen.\" \/>\n<meta name=\"robots\" content=\"index, follow, max-snippet:-1, max-image-preview:large, max-video-preview:-1\" \/>\n<link rel=\"canonical\" href=\"https:\/\/mekruphy.com\/de\/produkte\/chemie\/experimentiersatz-chemie-3-molekuelbau\/\" \/>\n<meta property=\"og:locale\" content=\"de_DE\" \/>\n<meta property=\"og:type\" content=\"article\" \/>\n<meta property=\"og:title\" content=\"Experimentiersatz CHEMIE 3: MOLEK\u00dcLBAU - MEKRUPHY GmbH\" \/>\n<meta property=\"og:description\" content=\"Mit den MEKRUPHY-Modellatomen lassen sich einzelne Valenzelektronen, freie Elektronenpaare, Bindungen und chemische Reaktionen darstellen.\" \/>\n<meta property=\"og:url\" content=\"https:\/\/mekruphy.com\/de\/produkte\/chemie\/experimentiersatz-chemie-3-molekuelbau\/\" \/>\n<meta property=\"og:site_name\" content=\"MEKRUPHY GmbH\" \/>\n<meta property=\"article:modified_time\" content=\"2026-03-31T13:40:45+00:00\" \/>\n<meta property=\"og:image\" content=\"https:\/\/mekruphy.com\/de\/wp-content\/uploads\/2020\/07\/Kasten-Chemie-Molek\u00fclbau.jpg\" \/>\n\t<meta property=\"og:image:width\" content=\"1800\" \/>\n\t<meta property=\"og:image:height\" content=\"1403\" \/>\n\t<meta property=\"og:image:type\" content=\"image\/jpeg\" \/>\n<meta name=\"twitter:card\" content=\"summary_large_image\" \/>\n<meta name=\"twitter:label1\" content=\"Gesch\u00e4tzte Lesezeit\" \/>\n\t<meta name=\"twitter:data1\" content=\"3\u00a0Minuten\" \/>\n<script type=\"application\/ld+json\" class=\"yoast-schema-graph\">{\"@context\":\"https:\\\/\\\/schema.org\",\"@graph\":[{\"@type\":\"WebPage\",\"@id\":\"https:\\\/\\\/mekruphy.com\\\/de\\\/produkte\\\/chemie\\\/experimentiersatz-chemie-3-molekuelbau\\\/\",\"url\":\"https:\\\/\\\/mekruphy.com\\\/de\\\/produkte\\\/chemie\\\/experimentiersatz-chemie-3-molekuelbau\\\/\",\"name\":\"Experimentiersatz CHEMIE 3: MOLEK\u00dcLBAU - MEKRUPHY GmbH\",\"isPartOf\":{\"@id\":\"https:\\\/\\\/mekruphy.com\\\/de\\\/#website\"},\"primaryImageOfPage\":{\"@id\":\"https:\\\/\\\/mekruphy.com\\\/de\\\/produkte\\\/chemie\\\/experimentiersatz-chemie-3-molekuelbau\\\/#primaryimage\"},\"image\":{\"@id\":\"https:\\\/\\\/mekruphy.com\\\/de\\\/produkte\\\/chemie\\\/experimentiersatz-chemie-3-molekuelbau\\\/#primaryimage\"},\"thumbnailUrl\":\"https:\\\/\\\/mekruphy.com\\\/de\\\/wp-content\\\/uploads\\\/2020\\\/07\\\/Kasten-Chemie-Molek\u00fclbau.jpg\",\"datePublished\":\"2020-07-15T10:51:23+00:00\",\"dateModified\":\"2026-03-31T13:40:45+00:00\",\"description\":\"Mit den MEKRUPHY-Modellatomen lassen sich einzelne Valenzelektronen, freie Elektronenpaare, Bindungen und chemische Reaktionen darstellen.\",\"breadcrumb\":{\"@id\":\"https:\\\/\\\/mekruphy.com\\\/de\\\/produkte\\\/chemie\\\/experimentiersatz-chemie-3-molekuelbau\\\/#breadcrumb\"},\"inLanguage\":\"de\",\"potentialAction\":[{\"@type\":\"ReadAction\",\"target\":[\"https:\\\/\\\/mekruphy.com\\\/de\\\/produkte\\\/chemie\\\/experimentiersatz-chemie-3-molekuelbau\\\/\"]}]},{\"@type\":\"ImageObject\",\"inLanguage\":\"de\",\"@id\":\"https:\\\/\\\/mekruphy.com\\\/de\\\/produkte\\\/chemie\\\/experimentiersatz-chemie-3-molekuelbau\\\/#primaryimage\",\"url\":\"https:\\\/\\\/mekruphy.com\\\/de\\\/wp-content\\\/uploads\\\/2020\\\/07\\\/Kasten-Chemie-Molek\u00fclbau.jpg\",\"contentUrl\":\"https:\\\/\\\/mekruphy.com\\\/de\\\/wp-content\\\/uploads\\\/2020\\\/07\\\/Kasten-Chemie-Molek\u00fclbau.jpg\",\"width\":1800,\"height\":1403},{\"@type\":\"BreadcrumbList\",\"@id\":\"https:\\\/\\\/mekruphy.com\\\/de\\\/produkte\\\/chemie\\\/experimentiersatz-chemie-3-molekuelbau\\\/#breadcrumb\",\"itemListElement\":[{\"@type\":\"ListItem\",\"position\":1,\"name\":\"Startseite\",\"item\":\"https:\\\/\\\/mekruphy.com\\\/de\\\/\"},{\"@type\":\"ListItem\",\"position\":2,\"name\":\"Produkte\",\"item\":\"https:\\\/\\\/mekruphy.com\\\/de\\\/produkte\\\/\"},{\"@type\":\"ListItem\",\"position\":3,\"name\":\"Chemie\",\"item\":\"https:\\\/\\\/mekruphy.com\\\/de\\\/produkte\\\/chemie\\\/\"},{\"@type\":\"ListItem\",\"position\":4,\"name\":\"Experimentiersatz CHEMIE 3: MOLEK\u00dcLBAU\"}]},{\"@type\":\"WebSite\",\"@id\":\"https:\\\/\\\/mekruphy.com\\\/de\\\/#website\",\"url\":\"https:\\\/\\\/mekruphy.com\\\/de\\\/\",\"name\":\"MEKRUPHY GmbH\",\"description\":\"Sch\u00fcler-Experimentierk\u00e4sten f\u00fcr den MINT-Unterricht\",\"potentialAction\":[{\"@type\":\"SearchAction\",\"target\":{\"@type\":\"EntryPoint\",\"urlTemplate\":\"https:\\\/\\\/mekruphy.com\\\/de\\\/?s={search_term_string}\"},\"query-input\":{\"@type\":\"PropertyValueSpecification\",\"valueRequired\":true,\"valueName\":\"search_term_string\"}}],\"inLanguage\":\"de\"}]}<\/script>\n<!-- \/ Yoast SEO plugin. -->","yoast_head_json":{"title":"Experimentiersatz CHEMIE 3: MOLEK\u00dcLBAU - MEKRUPHY GmbH","description":"Mit den MEKRUPHY-Modellatomen lassen sich einzelne Valenzelektronen, freie Elektronenpaare, Bindungen und chemische Reaktionen darstellen.","robots":{"index":"index","follow":"follow","max-snippet":"max-snippet:-1","max-image-preview":"max-image-preview:large","max-video-preview":"max-video-preview:-1"},"canonical":"https:\/\/mekruphy.com\/de\/produkte\/chemie\/experimentiersatz-chemie-3-molekuelbau\/","og_locale":"de_DE","og_type":"article","og_title":"Experimentiersatz CHEMIE 3: MOLEK\u00dcLBAU - MEKRUPHY GmbH","og_description":"Mit den MEKRUPHY-Modellatomen lassen sich einzelne Valenzelektronen, freie Elektronenpaare, Bindungen und chemische Reaktionen darstellen.","og_url":"https:\/\/mekruphy.com\/de\/produkte\/chemie\/experimentiersatz-chemie-3-molekuelbau\/","og_site_name":"MEKRUPHY GmbH","article_modified_time":"2026-03-31T13:40:45+00:00","og_image":[{"width":1800,"height":1403,"url":"https:\/\/mekruphy.com\/de\/wp-content\/uploads\/2020\/07\/Kasten-Chemie-Molek\u00fclbau.jpg","type":"image\/jpeg"}],"twitter_card":"summary_large_image","twitter_misc":{"Gesch\u00e4tzte Lesezeit":"3\u00a0Minuten"},"schema":{"@context":"https:\/\/schema.org","@graph":[{"@type":"WebPage","@id":"https:\/\/mekruphy.com\/de\/produkte\/chemie\/experimentiersatz-chemie-3-molekuelbau\/","url":"https:\/\/mekruphy.com\/de\/produkte\/chemie\/experimentiersatz-chemie-3-molekuelbau\/","name":"Experimentiersatz CHEMIE 3: MOLEK\u00dcLBAU - MEKRUPHY GmbH","isPartOf":{"@id":"https:\/\/mekruphy.com\/de\/#website"},"primaryImageOfPage":{"@id":"https:\/\/mekruphy.com\/de\/produkte\/chemie\/experimentiersatz-chemie-3-molekuelbau\/#primaryimage"},"image":{"@id":"https:\/\/mekruphy.com\/de\/produkte\/chemie\/experimentiersatz-chemie-3-molekuelbau\/#primaryimage"},"thumbnailUrl":"https:\/\/mekruphy.com\/de\/wp-content\/uploads\/2020\/07\/Kasten-Chemie-Molek\u00fclbau.jpg","datePublished":"2020-07-15T10:51:23+00:00","dateModified":"2026-03-31T13:40:45+00:00","description":"Mit den MEKRUPHY-Modellatomen lassen sich einzelne Valenzelektronen, freie Elektronenpaare, Bindungen und chemische Reaktionen darstellen.","breadcrumb":{"@id":"https:\/\/mekruphy.com\/de\/produkte\/chemie\/experimentiersatz-chemie-3-molekuelbau\/#breadcrumb"},"inLanguage":"de","potentialAction":[{"@type":"ReadAction","target":["https:\/\/mekruphy.com\/de\/produkte\/chemie\/experimentiersatz-chemie-3-molekuelbau\/"]}]},{"@type":"ImageObject","inLanguage":"de","@id":"https:\/\/mekruphy.com\/de\/produkte\/chemie\/experimentiersatz-chemie-3-molekuelbau\/#primaryimage","url":"https:\/\/mekruphy.com\/de\/wp-content\/uploads\/2020\/07\/Kasten-Chemie-Molek\u00fclbau.jpg","contentUrl":"https:\/\/mekruphy.com\/de\/wp-content\/uploads\/2020\/07\/Kasten-Chemie-Molek\u00fclbau.jpg","width":1800,"height":1403},{"@type":"BreadcrumbList","@id":"https:\/\/mekruphy.com\/de\/produkte\/chemie\/experimentiersatz-chemie-3-molekuelbau\/#breadcrumb","itemListElement":[{"@type":"ListItem","position":1,"name":"Startseite","item":"https:\/\/mekruphy.com\/de\/"},{"@type":"ListItem","position":2,"name":"Produkte","item":"https:\/\/mekruphy.com\/de\/produkte\/"},{"@type":"ListItem","position":3,"name":"Chemie","item":"https:\/\/mekruphy.com\/de\/produkte\/chemie\/"},{"@type":"ListItem","position":4,"name":"Experimentiersatz CHEMIE 3: MOLEK\u00dcLBAU"}]},{"@type":"WebSite","@id":"https:\/\/mekruphy.com\/de\/#website","url":"https:\/\/mekruphy.com\/de\/","name":"MEKRUPHY GmbH","description":"Sch\u00fcler-Experimentierk\u00e4sten f\u00fcr den MINT-Unterricht","potentialAction":[{"@type":"SearchAction","target":{"@type":"EntryPoint","urlTemplate":"https:\/\/mekruphy.com\/de\/?s={search_term_string}"},"query-input":{"@type":"PropertyValueSpecification","valueRequired":true,"valueName":"search_term_string"}}],"inLanguage":"de"}]}},"coauthors":[],"author_meta":{"author_link":"https:\/\/mekruphy.com\/de\/author\/steps-sync\/","display_name":"Steps Sync"},"relative_dates":{"created":"Ver\u00f6ffentlicht 6\u00a0Jahren vor","modified":"Aktualisiert 2\u00a0Wochen vor"},"absolute_dates":{"created":"Ver\u00f6ffentlicht am 15. Juli 2020","modified":"Aktualisiert am 31. M\u00e4rz 2026"},"absolute_dates_time":{"created":"Ver\u00f6ffentlicht am 15. Juli 2020 12:51","modified":"Aktualisiert am 31. M\u00e4rz 2026 15:40"},"featured_img_caption":"","featured_img":"https:\/\/mekruphy.com\/de\/wp-content\/uploads\/2020\/07\/Kasten-Chemie-Molek\u00fclbau.jpg","series_order":"","_links":{"self":[{"href":"https:\/\/mekruphy.com\/de\/wp-json\/wp\/v2\/pages\/452","targetHints":{"allow":["GET"]}}],"collection":[{"href":"https:\/\/mekruphy.com\/de\/wp-json\/wp\/v2\/pages"}],"about":[{"href":"https:\/\/mekruphy.com\/de\/wp-json\/wp\/v2\/types\/page"}],"author":[{"embeddable":true,"href":"https:\/\/mekruphy.com\/de\/wp-json\/wp\/v2\/users\/3"}],"replies":[{"embeddable":true,"href":"https:\/\/mekruphy.com\/de\/wp-json\/wp\/v2\/comments?post=452"}],"version-history":[{"count":14,"href":"https:\/\/mekruphy.com\/de\/wp-json\/wp\/v2\/pages\/452\/revisions"}],"predecessor-version":[{"id":9369,"href":"https:\/\/mekruphy.com\/de\/wp-json\/wp\/v2\/pages\/452\/revisions\/9369"}],"up":[{"embeddable":true,"href":"https:\/\/mekruphy.com\/de\/wp-json\/wp\/v2\/pages\/627"}],"wp:featuredmedia":[{"embeddable":true,"href":"https:\/\/mekruphy.com\/de\/wp-json\/wp\/v2\/media\/1720"}],"wp:attachment":[{"href":"https:\/\/mekruphy.com\/de\/wp-json\/wp\/v2\/media?parent=452"}],"curies":[{"name":"wp","href":"https:\/\/api.w.org\/{rel}","templated":true}]}}