{"id":456,"date":"2020-07-15T12:51:30","date_gmt":"2020-07-15T10:51:30","guid":{"rendered":"https:\/\/mekruphy.com\/de\/experimentiersatz-chemie-4-elektrochemie-1\/"},"modified":"2026-03-31T16:17:49","modified_gmt":"2026-03-31T14:17:49","slug":"experimentiersatz-chemie-4-elektrochemie-1","status":"publish","type":"page","link":"https:\/\/mekruphy.com\/de\/produkte\/chemie\/elektrochemie\/experimentiersatz-chemie-4-elektrochemie-1\/","title":{"rendered":"Experimentiersatz CHEMIE 4: ELEKTROCHEMIE 1"},"content":{"rendered":"<div class=\"yoast-breadcrumbs breadcrumbs-indented\"><span><span><a href=\"https:\/\/mekruphy.com\/de\/\">Startseite<\/a><\/span> \u00bb <span><a href=\"https:\/\/mekruphy.com\/de\/produkte\/\">Produkte<\/a><\/span> \u00bb <span><a href=\"https:\/\/mekruphy.com\/de\/produkte\/chemie\/\">Chemie<\/a><\/span> \u00bb <span><a href=\"https:\/\/mekruphy.com\/de\/produkte\/chemie\/elektrochemie\/\">Elektrochemie<\/a><\/span> \u00bb <span class=\"breadcrumb_last\" aria-current=\"page\">Experimentiersatz CHEMIE 4: ELEKTROCHEMIE 1<\/span><\/span><\/div>\n\n\n<div class=\"wp-block-advgb-adv-tabs advgb-tabs-wrapper advgb-tab-horz-desktop advgb-tab-vert-tablet advgb-tab-stack-mobile advgb-tabs-c2d7f997-ded1-409d-95be-009bb4cbaba9\" data-tab-active=\"0\"><ul class=\"advgb-tabs-panel\" role=\"tablist\"><li class=\"advgb-tab advgb-tab-active\" role=\"presentation\" style=\"background-color:#e0e0e0;border-style:solid;border-width:1px;border-radius:10px\"><button class=\"advgb-tab-button\" id=\"advgb-tab-_d7f997-de-0\" aria-controls=\"advgb-tab-panel-_d7f997-de-0\" role=\"tab\" aria-selected=\"true\" tabindex=\"0\" style=\"color:#fff;background:none;border:none;width:100%;text-align:inherit;cursor:pointer;padding:8px 16px;font:inherit\"><span>Beschreibung<\/span><\/button><\/li><li class=\"advgb-tab \" role=\"presentation\" style=\"background-color:#e0e0e0;border-style:solid;border-width:1px;border-radius:10px\"><button class=\"advgb-tab-button\" id=\"advgb-tab-_d7f997-de-1\" aria-controls=\"advgb-tab-panel-_d7f997-de-1\" role=\"tab\" aria-selected=\"false\" tabindex=\"0\" style=\"color:#fff;background:none;border:none;width:100%;text-align:inherit;cursor:pointer;padding:8px 16px;font:inherit\"><span>Lieferumfang<\/span><\/button><\/li><li class=\"advgb-tab \" role=\"presentation\" style=\"background-color:#e0e0e0;border-style:solid;border-width:1px;border-radius:10px\"><button class=\"advgb-tab-button\" id=\"advgb-tab-_d7f997-de-2\" aria-controls=\"advgb-tab-panel-_d7f997-de-2\" role=\"tab\" aria-selected=\"false\" tabindex=\"0\" style=\"color:#fff;background:none;border:none;width:100%;text-align:inherit;cursor:pointer;padding:8px 16px;font:inherit\"><span>Experimente<\/span><\/button><\/li><li class=\"advgb-tab \" role=\"presentation\" style=\"background-color:#e0e0e0;border-style:solid;border-width:1px;border-radius:10px\"><button class=\"advgb-tab-button\" id=\"advgb-tab-_d7f997-de-3\" aria-controls=\"advgb-tab-panel-_d7f997-de-3\" role=\"tab\" aria-selected=\"false\" tabindex=\"0\" style=\"color:#fff;background:none;border:none;width:100%;text-align:inherit;cursor:pointer;padding:8px 16px;font:inherit\"><span>Bilder<\/span><\/button><\/li><\/ul><div class=\"advgb-tab-body-wrapper\" style=\"border-style:solid;border-width:1px;border-radius:10px\">\n<div class=\"wp-block-advgb-tab advgb-tab-body-container\"><div class=\"advgb-tab-body-header advgb-tab-class- header-active\" id=\"advgb-tab-panel-_d7f997-de-0\" role=\"tabpanel\" aria-labelledby=\"advgb-tab-_d7f997-de-0\" tabindex=\"0\"><span>Beschreibung<\/span><\/div><div class=\"advgb-tab-_d7f997-de advgb-tab-body\" aria-labelledby=\"advgb-tab-panel-_d7f997-de-0\" style=\"display:block\">\n<h2 class=\"wp-block-heading\" id=\"eindrucksvolle-experimente-mit-speziell-entwickelten-geraten\">Eindrucksvolle Experimente mit speziell entwickelten Ger\u00e4ten&nbsp;<\/h2>\n\n\n\n<p>Mit diesem, f\u00fcr die Sekundarstufe 1 konzipierten Experimentiersatz CHEMIE 4 (Elektrochemie 1) lassen sich die Grundlagen der Elektrochemie unkompliziert und z\u00fcgig erarbeiten. F\u00fcr die meisten Experimente wurden spezielle Ger\u00e4te entwickelt und optimal aufeinander abgestimmt. Dadurch sind die Experimente schnell auf- und abgebaut und gelingen mit gro\u00dfer Sicherheit und Genauigkeit.<\/p>\n\n\n\n<p><\/p>\n\n\n\n<h3 class=\"wp-block-heading\" id=\"beispielexperimente\">Beispielexperimente<\/h3>\n\n\n\n<ul class=\"wp-block-list\">\n<li>Die Ionenwanderung mit dem zugeh\u00f6rigen\u00a0MEKRUPHY-Ger\u00e4t\u00a0l\u00e4sst sich\u00a0schon bei Spannungen unter 12 Volt sehr eindrucksvoll\u00a0darstellen.<\/li>\n\n\n\n<li>Mit der Wasserzersetzungsk\u00fcvette des Hofmann-Apparats\u00a0sind\u00a0die Volumenverh\u00e4ltnisse der entstehenden Gase innerhalb kurzer Zeit quantitativ sehr genau ermittelbar.\u00a0Dabei sind die Platin-Elektroden seitlich angebracht, um deren Herausfallen zu verhindern. Ein leichtg\u00e4ngiges Dreiwegehahnsystem erlaubt den Sauerstoff- und Wasserstoffnachweis mit der neu entwickelten Wasserzersetzungsk\u00fcvette.<\/li>\n<\/ul>\n\n\n\n<p><\/p>\n\n\n\n<h3 class=\"wp-block-heading\" id=\"h-begleitmaterialien\">Begleitmaterialien<\/h3>\n\n\n\n<p>Passend zum Experimentiersatz CHEMIE 4 sind auch ein <a href=\"https:\/\/mekruphy.com\/de\/produkte\/chemie\/chemie-arbeitshefte\/\">Sch\u00fclerheft<\/a> und ein <a href=\"https:\/\/mekruphy.com\/de\/produkte\/chemie\/chemie-arbeitshefte\/\">Lehrerheft<\/a> mit didaktischen Anweisungen und L\u00f6sungen in analoger Form erh\u00e4ltlich. Das Sch\u00fclerheft ist auch in digitaler Form erwerbbar.<\/p>\n<\/div><\/div>\n\n\n\n<div class=\"wp-block-advgb-tab advgb-tab-body-container\"><div class=\"advgb-tab-body-header advgb-tab-class- \" id=\"advgb-tab-panel-_d7f997-de-1\" role=\"tabpanel\" aria-labelledby=\"advgb-tab-_d7f997-de-1\" tabindex=\"0\"><span>Lieferumfang<\/span><\/div><div class=\"advgb-tab-_d7f997-de advgb-tab-body\" aria-labelledby=\"advgb-tab-panel-_d7f997-de-1\" style=\"display:none\">\n<figure class=\"wp-block-table table-product-contents\"><table><tbody><tr><td>01.01.10<\/td><td>Aufbewahrungskasten<\/td><\/tr><tr><td>22.02.00<\/td><td>Ger\u00e4tegeformter Einsatz C4<\/td><\/tr><tr><td>22.03.00<\/td><td>Materialprobentr\u00e4ger (2 St\u00fcck)<\/td><\/tr><tr><td>22.04.00<\/td><td>Graphitelektrode mit Stopfen (2 St\u00fcck)<\/td><\/tr><tr><td>06.05.00<\/td><td>Glasbecher E1<\/td><\/tr><tr><td>08.05.00<\/td><td>Kupplung E7 (4 St\u00fcck)<\/td><\/tr><tr><td>06.06.00<\/td><td>Deckel als Elektrodenhalter<\/td><\/tr><tr><td>06.07.00<\/td><td>Plattenelektrode Zink E1<\/td><\/tr><tr><td>06.08.00<\/td><td>Plattenelektrode Kupfer E1 (2 St\u00fcck)<\/td><\/tr><tr><td>22.09.00<\/td><td>Plattenelektrode Aluminium<\/td><\/tr><tr><td>22.10.00<\/td><td>Plattenelektrode Eisen C4<\/td><\/tr><tr><td>22.11.00<\/td><td>Ger\u00e4t zur Leitf\u00e4higkeit fester Stoffe<\/td><\/tr><tr><td>22.12.00<\/td><td>Materialproben in Beh\u00e4lter C4<\/td><\/tr><tr><td>22.13.00<\/td><td>Ger\u00e4t zur Ionenwanderung<\/td><\/tr><tr><td>22.14.00<\/td><td>10 DC-Folienstreifen in Beh\u00e4lter<\/td><\/tr><tr><td>22.15.00<\/td><td>Dreiwegehahn-System in Beh\u00e4lter<\/td><\/tr><tr><td>22.16.00<\/td><td>U-Rohr mit Stutzen<\/td><\/tr><tr><td>22.17.00<\/td><td>Platinelektrode mit Stopfen und Buchse blau<\/td><\/tr><tr><td>22.18.00<\/td><td>Platinelektrode mit Stopfen und Buchse rot<\/td><\/tr><tr><td>22.19.10<\/td><td>Wasserzersetzungsk\u00fcvette<\/td><\/tr><tr><td>08.20.00<\/td><td>Experimentierkabel 34 cm blau (3 St\u00fcck)<\/td><\/tr><tr><td>22.21.00<\/td><td>Experimentierkabel 34 cm rot (3 St\u00fcck)<\/td><\/tr><tr><td>06.23.00<\/td><td>Steckelement mit Gl\u00fchlampe<\/td><\/tr><\/tbody><\/table><\/figure>\n\n\n\n<h3 class=\"wp-block-heading\" id=\"zusatzlich-erforderlich\">Zus\u00e4tzlich erforderlich:\u00a0<\/h3>\n\n\n\n<figure class=\"wp-block-table table-product-contents\"><table><tbody><tr><td>00.05.10<\/td><td><a href=\"https:\/\/mekruphy.com\/de\/produkte\/chemie\/chemie-spannungsversorgung\/\">Kleinspannungsnetzger\u00e4t&nbsp;MKS 2.4<\/a> &nbsp; oder &nbsp; 00.05.20&nbsp;<a href=\"https:\/\/mekruphy.com\/de\/produkte\/chemie\/chemie-spannungsversorgung\/\">Kleinspannungsnetzger\u00e4t&nbsp;MKS 3.1<\/a>&nbsp;<\/td><\/tr><tr><td>00.07.10<\/td><td><a href=\"https:\/\/mekruphy.com\/de\/produkte\/chemie\/chemie-vielfachmessgeraet\/\">Vielfachmessger\u00e4t&nbsp;AMM 3000<\/a>&nbsp;<\/td><\/tr><tr><td>00.23.00<\/td><td><a href=\"https:\/\/mekruphy.com\/de\/produkte\/chemie\/chemie-zubehoer\/\">Universalstativ<\/a>&nbsp;<\/td><\/tr><tr><td>20.00.00<\/td><td><a href=\"https:\/\/mekruphy.com\/de\/produkte\/chemie\/chemie-basisausruestung\/basisausruestung-chemie-kasten-c1\/\">Basisausr\u00fcstung&nbsp;Kasten C1<\/a>&nbsp;<\/td><\/tr><tr><td>21.00.00<\/td><td><a href=\"https:\/\/mekruphy.com\/de\/produkte\/chemie\/chemie-basisausruestung\/basisausruestung-chemie-kasten-c2\/\">Basisausr\u00fcstung Kasten C2<\/a><\/td><\/tr><\/tbody><\/table><\/figure>\n\n\n\n<p><\/p>\n\n\n\n<p><\/p>\n<\/div><\/div>\n\n\n\n<div class=\"wp-block-advgb-tab advgb-tab-body-container\"><div class=\"advgb-tab-body-header advgb-tab-class- \" id=\"advgb-tab-panel-_d7f997-de-2\" role=\"tabpanel\" aria-labelledby=\"advgb-tab-_d7f997-de-2\" tabindex=\"0\"><span>Experimente<\/span><\/div><div class=\"advgb-tab-_d7f997-de advgb-tab-body\" aria-labelledby=\"advgb-tab-panel-_d7f997-de-2\" style=\"display:none\">\n<p><\/p>\n\n\n\n<figure class=\"wp-block-table table-product-experiments\"><table><tbody><tr><td>C4-1<\/td><td>Elektrische Leitf\u00e4higkeit von festen Stoffen<\/td><\/tr><tr><td>C4-2<\/td><td>Elektrische Leitf\u00e4higkeit von fl\u00fcssigen\u00a0Reinstoffen\u00a0<\/td><\/tr><tr><td>C4-3<\/td><td>Elektrische Leitf\u00e4higkeit von wasserl\u00f6slichen Feststoffen\u00a0<\/td><\/tr><tr><td>C4-4<\/td><td>Elektrische Leitf\u00e4higkeit von fl\u00fcssigen\u00a0Stoffgemischen\u00a0<\/td><\/tr><tr><td>C4-5<\/td><td>Ionenleiter\u00a0<\/td><\/tr><tr><td>C4-6<\/td><td>Galvanisieren<\/td><\/tr><tr><td>C4-7<\/td><td>Elektrolyse\u00a0<\/td><\/tr><tr><td>C4-8<\/td><td>Sichtbare Ionenleitung\u00a0<\/td><\/tr><tr><td>C4-9<\/td><td>Metalle und Metallionen\u00a0<\/td><\/tr><tr><td>C4-10<\/td><td>Die Spannungsreihe\u00a0<\/td><\/tr><tr><td>C4-11<\/td><td>Das Volta-Element\u00a0<\/td><\/tr><tr><td>C4-12<\/td><td>Das\u00a0Daniell-Element\u00a0<\/td><\/tr><tr><td>C4-13<\/td><td>Eine Batterie nach\u00a0Leclanch\u00e9\u00a0<\/td><\/tr><tr><td>C4-14<\/td><td>Eine Zitronenbatterie\u00a0<\/td><\/tr><tr><td>C4-15<\/td><td>Der Akkumulator\u00a0<\/td><\/tr><tr><td>C4-16<\/td><td>Das erste Faraday\u2019sche Gesetz (1)\u00a0<\/td><\/tr><tr><td>C4-17<\/td><td>Das erste Faraday\u2019sche Gesetz (2)\u00a0<\/td><\/tr><tr><td>C4-18<\/td><td>Das zweite Faraday\u2019sche Gesetz<\/td><\/tr><\/tbody><\/table><\/figure>\n<\/div><\/div>\n\n\n\n<div class=\"wp-block-advgb-tab advgb-tab-body-container\"><div class=\"advgb-tab-body-header advgb-tab-class-undefined \" id=\"advgb-tab-panel-_d7f997-de-3\" role=\"tabpanel\" aria-labelledby=\"advgb-tab-_d7f997-de-3\" tabindex=\"0\"><span>Bilder<\/span><\/div><div class=\"advgb-tab-_d7f997-de advgb-tab-body\" aria-labelledby=\"advgb-tab-panel-_d7f997-de-3\" style=\"display:none\"><div class=\"wp-block-image\">\n<figure class=\"aligncenter size-large is-resized\"><img loading=\"lazy\" decoding=\"async\" width=\"499\" height=\"586\" src=\"https:\/\/mekruphy.com\/de\/wp-content\/uploads\/2021\/03\/C4_1.png\" alt=\"Elektrochemie 1\" class=\"wp-image-3170\" style=\"width:510px;height:599px\" srcset=\"https:\/\/mekruphy.com\/de\/wp-content\/uploads\/2021\/03\/C4_1.png 499w, https:\/\/mekruphy.com\/de\/wp-content\/uploads\/2021\/03\/C4_1-255x300.png 255w\" sizes=\"auto, (max-width: 499px) 100vw, 499px\" \/><\/figure>\n<\/div>\n\n\n<p>&nbsp;<\/p>\n\n\n<div class=\"wp-block-image\">\n<figure class=\"aligncenter size-large is-resized\"><img loading=\"lazy\" decoding=\"async\" width=\"565\" height=\"565\" src=\"https:\/\/mekruphy.com\/de\/wp-content\/uploads\/2021\/03\/C4_2.jpg\" alt=\"Sch\u00fclerexperiment Elektrochemie 1\" class=\"wp-image-3171\" style=\"width:510px;height:510px\" srcset=\"https:\/\/mekruphy.com\/de\/wp-content\/uploads\/2021\/03\/C4_2.jpg 565w, https:\/\/mekruphy.com\/de\/wp-content\/uploads\/2021\/03\/C4_2-300x300.jpg 300w, https:\/\/mekruphy.com\/de\/wp-content\/uploads\/2021\/03\/C4_2-150x150.jpg 150w\" sizes=\"auto, (max-width: 565px) 100vw, 565px\" \/><\/figure>\n<\/div><\/div><\/div>\n<\/div><\/div>\n\n\n\n<p><\/p>\n<style class=\"advgb-styles-renderer\">.advgb-tabs-c2d7f997-ded1-409d-95be-009bb4cbaba9 ul.advgb-tabs-panel li.advgb-tab.advgb-tab-active {background-color:#5954d6 !important;color:#fff !important;}#advgb-tabs-c2d7f997-ded1-409d-95be-009bb4cbaba9 .advgb-tab-body-header.header-active, .advgb-tabs-c2d7f997-ded1-409d-95be-009bb4cbaba9 .advgb-tab-body-header.header-active{background-color:#5954d6 !important;color:#fff !important;}<\/style>","protected":false},"excerpt":{"rendered":"","protected":false},"author":3,"featured_media":1716,"parent":1248,"menu_order":0,"comment_status":"closed","ping_status":"closed","template":"templates\/product.php","meta":{"_acf_changed":false,"_coblocks_attr":"","_coblocks_dimensions":"","_coblocks_responsive_height":"","_coblocks_accordion_ie_support":"","_eb_attr":"","advgb_blocks_editor_width":"","advgb_blocks_columns_visual_guide":"","footnotes":""},"class_list":["post-456","page","type-page","status-publish","has-post-thumbnail","hentry"],"acf":[],"yoast_head":"<!-- This site is optimized with the Yoast SEO plugin v27.3 - https:\/\/yoast.com\/product\/yoast-seo-wordpress\/ -->\n<title>Experimentiersatz CHEMIE 4: ELEKTROCHEMIE 1 - MEKRUPHY GmbH<\/title>\n<meta name=\"description\" content=\"Mit dem f\u00fcr die Sekundarstufe 1 konzipierten Experimentiersatz lassen sich die Grundlagen der Elektrochemie unkompliziert erarbeiten.\" \/>\n<meta name=\"robots\" content=\"index, follow, max-snippet:-1, max-image-preview:large, max-video-preview:-1\" \/>\n<link rel=\"canonical\" href=\"https:\/\/mekruphy.com\/de\/produkte\/chemie\/elektrochemie\/experimentiersatz-chemie-4-elektrochemie-1\/\" \/>\n<meta property=\"og:locale\" content=\"de_DE\" \/>\n<meta property=\"og:type\" content=\"article\" \/>\n<meta property=\"og:title\" content=\"Experimentiersatz CHEMIE 4: ELEKTROCHEMIE 1 - MEKRUPHY GmbH\" \/>\n<meta property=\"og:description\" content=\"Mit dem f\u00fcr die Sekundarstufe 1 konzipierten Experimentiersatz lassen sich die Grundlagen der Elektrochemie unkompliziert erarbeiten.\" \/>\n<meta property=\"og:url\" content=\"https:\/\/mekruphy.com\/de\/produkte\/chemie\/elektrochemie\/experimentiersatz-chemie-4-elektrochemie-1\/\" \/>\n<meta property=\"og:site_name\" content=\"MEKRUPHY GmbH\" \/>\n<meta property=\"article:modified_time\" content=\"2026-03-31T14:17:49+00:00\" \/>\n<meta property=\"og:image\" content=\"https:\/\/mekruphy.com\/de\/wp-content\/uploads\/2020\/07\/Kasten-Chemie-Elektrochemie-1.jpg\" \/>\n\t<meta property=\"og:image:width\" content=\"1800\" \/>\n\t<meta property=\"og:image:height\" content=\"1382\" \/>\n\t<meta property=\"og:image:type\" content=\"image\/jpeg\" \/>\n<meta name=\"twitter:card\" content=\"summary_large_image\" \/>\n<meta name=\"twitter:label1\" content=\"Gesch\u00e4tzte Lesezeit\" \/>\n\t<meta name=\"twitter:data1\" content=\"3\u00a0Minuten\" \/>\n<script type=\"application\/ld+json\" class=\"yoast-schema-graph\">{\"@context\":\"https:\\\/\\\/schema.org\",\"@graph\":[{\"@type\":\"WebPage\",\"@id\":\"https:\\\/\\\/mekruphy.com\\\/de\\\/produkte\\\/chemie\\\/elektrochemie\\\/experimentiersatz-chemie-4-elektrochemie-1\\\/\",\"url\":\"https:\\\/\\\/mekruphy.com\\\/de\\\/produkte\\\/chemie\\\/elektrochemie\\\/experimentiersatz-chemie-4-elektrochemie-1\\\/\",\"name\":\"Experimentiersatz CHEMIE 4: ELEKTROCHEMIE 1 - MEKRUPHY GmbH\",\"isPartOf\":{\"@id\":\"https:\\\/\\\/mekruphy.com\\\/de\\\/#website\"},\"primaryImageOfPage\":{\"@id\":\"https:\\\/\\\/mekruphy.com\\\/de\\\/produkte\\\/chemie\\\/elektrochemie\\\/experimentiersatz-chemie-4-elektrochemie-1\\\/#primaryimage\"},\"image\":{\"@id\":\"https:\\\/\\\/mekruphy.com\\\/de\\\/produkte\\\/chemie\\\/elektrochemie\\\/experimentiersatz-chemie-4-elektrochemie-1\\\/#primaryimage\"},\"thumbnailUrl\":\"https:\\\/\\\/mekruphy.com\\\/de\\\/wp-content\\\/uploads\\\/2020\\\/07\\\/Kasten-Chemie-Elektrochemie-1.jpg\",\"datePublished\":\"2020-07-15T10:51:30+00:00\",\"dateModified\":\"2026-03-31T14:17:49+00:00\",\"description\":\"Mit dem f\u00fcr die Sekundarstufe 1 konzipierten Experimentiersatz lassen sich die Grundlagen der Elektrochemie unkompliziert erarbeiten.\",\"breadcrumb\":{\"@id\":\"https:\\\/\\\/mekruphy.com\\\/de\\\/produkte\\\/chemie\\\/elektrochemie\\\/experimentiersatz-chemie-4-elektrochemie-1\\\/#breadcrumb\"},\"inLanguage\":\"de\",\"potentialAction\":[{\"@type\":\"ReadAction\",\"target\":[\"https:\\\/\\\/mekruphy.com\\\/de\\\/produkte\\\/chemie\\\/elektrochemie\\\/experimentiersatz-chemie-4-elektrochemie-1\\\/\"]}]},{\"@type\":\"ImageObject\",\"inLanguage\":\"de\",\"@id\":\"https:\\\/\\\/mekruphy.com\\\/de\\\/produkte\\\/chemie\\\/elektrochemie\\\/experimentiersatz-chemie-4-elektrochemie-1\\\/#primaryimage\",\"url\":\"https:\\\/\\\/mekruphy.com\\\/de\\\/wp-content\\\/uploads\\\/2020\\\/07\\\/Kasten-Chemie-Elektrochemie-1.jpg\",\"contentUrl\":\"https:\\\/\\\/mekruphy.com\\\/de\\\/wp-content\\\/uploads\\\/2020\\\/07\\\/Kasten-Chemie-Elektrochemie-1.jpg\",\"width\":1800,\"height\":1382},{\"@type\":\"BreadcrumbList\",\"@id\":\"https:\\\/\\\/mekruphy.com\\\/de\\\/produkte\\\/chemie\\\/elektrochemie\\\/experimentiersatz-chemie-4-elektrochemie-1\\\/#breadcrumb\",\"itemListElement\":[{\"@type\":\"ListItem\",\"position\":1,\"name\":\"Startseite\",\"item\":\"https:\\\/\\\/mekruphy.com\\\/de\\\/\"},{\"@type\":\"ListItem\",\"position\":2,\"name\":\"Produkte\",\"item\":\"https:\\\/\\\/mekruphy.com\\\/de\\\/produkte\\\/\"},{\"@type\":\"ListItem\",\"position\":3,\"name\":\"Chemie\",\"item\":\"https:\\\/\\\/mekruphy.com\\\/de\\\/produkte\\\/chemie\\\/\"},{\"@type\":\"ListItem\",\"position\":4,\"name\":\"Elektrochemie\",\"item\":\"https:\\\/\\\/mekruphy.com\\\/de\\\/produkte\\\/chemie\\\/elektrochemie\\\/\"},{\"@type\":\"ListItem\",\"position\":5,\"name\":\"Experimentiersatz CHEMIE 4: ELEKTROCHEMIE 1\"}]},{\"@type\":\"WebSite\",\"@id\":\"https:\\\/\\\/mekruphy.com\\\/de\\\/#website\",\"url\":\"https:\\\/\\\/mekruphy.com\\\/de\\\/\",\"name\":\"MEKRUPHY GmbH\",\"description\":\"Sch\u00fcler-Experimentierk\u00e4sten f\u00fcr den MINT-Unterricht\",\"potentialAction\":[{\"@type\":\"SearchAction\",\"target\":{\"@type\":\"EntryPoint\",\"urlTemplate\":\"https:\\\/\\\/mekruphy.com\\\/de\\\/?s={search_term_string}\"},\"query-input\":{\"@type\":\"PropertyValueSpecification\",\"valueRequired\":true,\"valueName\":\"search_term_string\"}}],\"inLanguage\":\"de\"}]}<\/script>\n<!-- \/ Yoast SEO plugin. -->","yoast_head_json":{"title":"Experimentiersatz CHEMIE 4: ELEKTROCHEMIE 1 - MEKRUPHY GmbH","description":"Mit dem f\u00fcr die Sekundarstufe 1 konzipierten Experimentiersatz lassen sich die Grundlagen der Elektrochemie unkompliziert erarbeiten.","robots":{"index":"index","follow":"follow","max-snippet":"max-snippet:-1","max-image-preview":"max-image-preview:large","max-video-preview":"max-video-preview:-1"},"canonical":"https:\/\/mekruphy.com\/de\/produkte\/chemie\/elektrochemie\/experimentiersatz-chemie-4-elektrochemie-1\/","og_locale":"de_DE","og_type":"article","og_title":"Experimentiersatz CHEMIE 4: ELEKTROCHEMIE 1 - MEKRUPHY GmbH","og_description":"Mit dem f\u00fcr die Sekundarstufe 1 konzipierten Experimentiersatz lassen sich die Grundlagen der Elektrochemie unkompliziert erarbeiten.","og_url":"https:\/\/mekruphy.com\/de\/produkte\/chemie\/elektrochemie\/experimentiersatz-chemie-4-elektrochemie-1\/","og_site_name":"MEKRUPHY GmbH","article_modified_time":"2026-03-31T14:17:49+00:00","og_image":[{"width":1800,"height":1382,"url":"https:\/\/mekruphy.com\/de\/wp-content\/uploads\/2020\/07\/Kasten-Chemie-Elektrochemie-1.jpg","type":"image\/jpeg"}],"twitter_card":"summary_large_image","twitter_misc":{"Gesch\u00e4tzte Lesezeit":"3\u00a0Minuten"},"schema":{"@context":"https:\/\/schema.org","@graph":[{"@type":"WebPage","@id":"https:\/\/mekruphy.com\/de\/produkte\/chemie\/elektrochemie\/experimentiersatz-chemie-4-elektrochemie-1\/","url":"https:\/\/mekruphy.com\/de\/produkte\/chemie\/elektrochemie\/experimentiersatz-chemie-4-elektrochemie-1\/","name":"Experimentiersatz CHEMIE 4: ELEKTROCHEMIE 1 - MEKRUPHY GmbH","isPartOf":{"@id":"https:\/\/mekruphy.com\/de\/#website"},"primaryImageOfPage":{"@id":"https:\/\/mekruphy.com\/de\/produkte\/chemie\/elektrochemie\/experimentiersatz-chemie-4-elektrochemie-1\/#primaryimage"},"image":{"@id":"https:\/\/mekruphy.com\/de\/produkte\/chemie\/elektrochemie\/experimentiersatz-chemie-4-elektrochemie-1\/#primaryimage"},"thumbnailUrl":"https:\/\/mekruphy.com\/de\/wp-content\/uploads\/2020\/07\/Kasten-Chemie-Elektrochemie-1.jpg","datePublished":"2020-07-15T10:51:30+00:00","dateModified":"2026-03-31T14:17:49+00:00","description":"Mit dem f\u00fcr die Sekundarstufe 1 konzipierten Experimentiersatz lassen sich die Grundlagen der Elektrochemie unkompliziert erarbeiten.","breadcrumb":{"@id":"https:\/\/mekruphy.com\/de\/produkte\/chemie\/elektrochemie\/experimentiersatz-chemie-4-elektrochemie-1\/#breadcrumb"},"inLanguage":"de","potentialAction":[{"@type":"ReadAction","target":["https:\/\/mekruphy.com\/de\/produkte\/chemie\/elektrochemie\/experimentiersatz-chemie-4-elektrochemie-1\/"]}]},{"@type":"ImageObject","inLanguage":"de","@id":"https:\/\/mekruphy.com\/de\/produkte\/chemie\/elektrochemie\/experimentiersatz-chemie-4-elektrochemie-1\/#primaryimage","url":"https:\/\/mekruphy.com\/de\/wp-content\/uploads\/2020\/07\/Kasten-Chemie-Elektrochemie-1.jpg","contentUrl":"https:\/\/mekruphy.com\/de\/wp-content\/uploads\/2020\/07\/Kasten-Chemie-Elektrochemie-1.jpg","width":1800,"height":1382},{"@type":"BreadcrumbList","@id":"https:\/\/mekruphy.com\/de\/produkte\/chemie\/elektrochemie\/experimentiersatz-chemie-4-elektrochemie-1\/#breadcrumb","itemListElement":[{"@type":"ListItem","position":1,"name":"Startseite","item":"https:\/\/mekruphy.com\/de\/"},{"@type":"ListItem","position":2,"name":"Produkte","item":"https:\/\/mekruphy.com\/de\/produkte\/"},{"@type":"ListItem","position":3,"name":"Chemie","item":"https:\/\/mekruphy.com\/de\/produkte\/chemie\/"},{"@type":"ListItem","position":4,"name":"Elektrochemie","item":"https:\/\/mekruphy.com\/de\/produkte\/chemie\/elektrochemie\/"},{"@type":"ListItem","position":5,"name":"Experimentiersatz CHEMIE 4: ELEKTROCHEMIE 1"}]},{"@type":"WebSite","@id":"https:\/\/mekruphy.com\/de\/#website","url":"https:\/\/mekruphy.com\/de\/","name":"MEKRUPHY GmbH","description":"Sch\u00fcler-Experimentierk\u00e4sten f\u00fcr den MINT-Unterricht","potentialAction":[{"@type":"SearchAction","target":{"@type":"EntryPoint","urlTemplate":"https:\/\/mekruphy.com\/de\/?s={search_term_string}"},"query-input":{"@type":"PropertyValueSpecification","valueRequired":true,"valueName":"search_term_string"}}],"inLanguage":"de"}]}},"coauthors":[],"author_meta":{"author_link":"https:\/\/mekruphy.com\/de\/author\/steps-sync\/","display_name":"Steps Sync"},"relative_dates":{"created":"Ver\u00f6ffentlicht 6\u00a0Jahren vor","modified":"Aktualisiert 2\u00a0Wochen vor"},"absolute_dates":{"created":"Ver\u00f6ffentlicht am 15. Juli 2020","modified":"Aktualisiert am 31. M\u00e4rz 2026"},"absolute_dates_time":{"created":"Ver\u00f6ffentlicht am 15. Juli 2020 12:51","modified":"Aktualisiert am 31. M\u00e4rz 2026 16:17"},"featured_img_caption":"","featured_img":"https:\/\/mekruphy.com\/de\/wp-content\/uploads\/2020\/07\/Kasten-Chemie-Elektrochemie-1.jpg","series_order":"","_links":{"self":[{"href":"https:\/\/mekruphy.com\/de\/wp-json\/wp\/v2\/pages\/456","targetHints":{"allow":["GET"]}}],"collection":[{"href":"https:\/\/mekruphy.com\/de\/wp-json\/wp\/v2\/pages"}],"about":[{"href":"https:\/\/mekruphy.com\/de\/wp-json\/wp\/v2\/types\/page"}],"author":[{"embeddable":true,"href":"https:\/\/mekruphy.com\/de\/wp-json\/wp\/v2\/users\/3"}],"replies":[{"embeddable":true,"href":"https:\/\/mekruphy.com\/de\/wp-json\/wp\/v2\/comments?post=456"}],"version-history":[{"count":17,"href":"https:\/\/mekruphy.com\/de\/wp-json\/wp\/v2\/pages\/456\/revisions"}],"predecessor-version":[{"id":9378,"href":"https:\/\/mekruphy.com\/de\/wp-json\/wp\/v2\/pages\/456\/revisions\/9378"}],"up":[{"embeddable":true,"href":"https:\/\/mekruphy.com\/de\/wp-json\/wp\/v2\/pages\/1248"}],"wp:featuredmedia":[{"embeddable":true,"href":"https:\/\/mekruphy.com\/de\/wp-json\/wp\/v2\/media\/1716"}],"wp:attachment":[{"href":"https:\/\/mekruphy.com\/de\/wp-json\/wp\/v2\/media?parent=456"}],"curies":[{"name":"wp","href":"https:\/\/api.w.org\/{rel}","templated":true}]}}